{"id":18,"date":"2021-08-26T12:13:00","date_gmt":"2021-08-26T12:13:00","guid":{"rendered":"http:\/\/dummy.xtemos.com\/woodmart2\/elementor\/?page_id=18"},"modified":"2025-01-05T10:37:47","modified_gmt":"2025-01-05T10:37:47","slug":"mdphp-online-kaufen","status":"publish","type":"page","link":"https:\/\/chemsxpress.com\/de\/","title":{"rendered":"Startseite"},"content":{"rendered":"<div data-elementor-type=\"wp-page\" data-elementor-id=\"18\" class=\"elementor elementor-18\">\n\t\t\t\t<div class=\"wd-negative-gap elementor-element elementor-element-b8d38ec e-flex e-con-boxed e-con e-parent\" data-id=\"b8d38ec\" data-element_type=\"container\" data-e-type=\"container\">\n\t\t\t\t\t<div class=\"e-con-inner\">\n\t\t<div class=\"elementor-element elementor-element-982ffbd e-con-full e-flex e-con e-child\" data-id=\"982ffbd\" data-element_type=\"container\" data-e-type=\"container\">\n\t\t\t\t<div class=\"elementor-element elementor-element-ac1420b elementor-widget elementor-widget-image\" data-id=\"ac1420b\" data-element_type=\"widget\" data-e-type=\"widget\" data-widget_type=\"image.default\">\n\t\t\t\t<div class=\"elementor-widget-container\">\n\t\t\t\t\t\t\t\t\t\t\t\t\t\t\t<img loading=\"lazy\" decoding=\"async\" width=\"600\" height=\"400\" src=\"https:\/\/chemsxpress.com\/wp-content\/uploads\/2024\/08\/5-Meo-DALT-Powder3.png\" class=\"attachment-large size-large wp-image-30141\" alt=\"mdphp online kaufen\" srcset=\"https:\/\/chemsxpress.com\/wp-content\/uploads\/2024\/08\/5-Meo-DALT-Powder3.png 600w, https:\/\/chemsxpress.com\/wp-content\/uploads\/2024\/08\/5-Meo-DALT-Powder3-400x267.png 400w, https:\/\/chemsxpress.com\/wp-content\/uploads\/2024\/08\/5-Meo-DALT-Powder3-430x287.png 430w, https:\/\/chemsxpress.com\/wp-content\/uploads\/2024\/08\/5-Meo-DALT-Powder3-150x100.png 150w\" sizes=\"auto, (max-width: 600px) 100vw, 600px\" \/>\t\t\t\t\t\t\t\t\t\t\t\t\t\t\t<\/div>\n\t\t\t\t<\/div>\n\t\t\t\t<\/div>\n\t\t\t\t\t<\/div>\n\t\t\t\t<\/div>\n\t\t<div class=\"elementor-element elementor-element-9bb7362 wd-section-stretch e-flex e-con-boxed e-con e-parent\" data-id=\"9bb7362\" data-element_type=\"container\" data-e-type=\"container\" data-settings=\"{&quot;background_background&quot;:&quot;classic&quot;,&quot;position&quot;:&quot;fixed&quot;}\">\n\t\t\t\t\t<div class=\"e-con-inner\">\n\t\t<div class=\"elementor-element elementor-element-556b149 e-con-full e-flex e-con e-child\" data-id=\"556b149\" data-element_type=\"container\" data-e-type=\"container\">\n\t\t\t\t<\/div>\n\t\t\t\t\t<\/div>\n\t\t\t\t<\/div>\n\t\t<div class=\"wd-negative-gap elementor-element elementor-element-8ee27ca e-flex e-con-boxed e-con e-parent\" data-id=\"8ee27ca\" data-element_type=\"container\" data-e-type=\"container\">\n\t\t\t\t\t<div class=\"e-con-inner\">\n\t\t\t\t<div class=\"elementor-element elementor-element-9936e6a color-scheme-inherit text-left elementor-widget elementor-widget-text-editor\" data-id=\"9936e6a\" data-element_type=\"widget\" data-e-type=\"widget\" data-widget_type=\"text-editor.default\">\n\t\t\t\t<div class=\"elementor-widget-container\">\n\t\t\t\t\t\t\t\t\t<h2 style=\"text-align: center;\"><strong>MDPHP online kaufen<\/strong><\/h2>\n<p style=\"text-align: center;\"><a href=\"https:\/\/chemsxpress.com\/de\/wie-man-mdphp-kauft\/\">MDPHP online kaufen<\/a> ist ein enger Verwandter des bekannteren Stimulans MDPV, das urspr\u00fcnglich in den 1960er Jahren von einem deutschen Pharmaunternehmen entwickelt wurde.<\/p>\n<p style=\"text-align: center;\"><strong><em>CAS #:&nbsp;<\/em><\/strong>776994-64-0<\/p>\n<p style=\"text-align: center;\"><strong>Form:&nbsp;<\/strong>Freebase<\/p>\n<p style=\"text-align: center;\"><strong>NMR-Analyse:&nbsp;<\/strong>C17H23NO3<\/p>\n<p style=\"text-align: center;\">Auch bekannt als (<strong>3\u2032,4\u2032-Methylendioxy-\u03b1-pyrrolidinohexiophenon<\/strong>) oder \"Affenstaub\" MDPHP wirkt als Noradrenalin-Dopamin-Wiederaufnahmehemmer (NDRI) und \u00e4hnelt im Hydrochlorid (HCL)-Zustand einem sehr feinen <a href=\"https:\/\/chemsxpress.com\/de\/produkt\/3-mmc-kristallines-pulver-kaufen\/\">kristallines Pulver<\/a>. Eine gro\u00dfe Menge an Informationen \u00fcber <a href=\"https:\/\/chemsxpress.com\/de\/tag\/verstandnis-der-auswirkungen-von-mdphp\/\">MDPHP und seine Auswirkungen<\/a> wird in Studien berichtet, die in verschiedenen Internetforen und wissenschaftlichen Studien zu finden sind. Die zuk\u00fcnftige Legalit\u00e4t und die m\u00f6gliche Aufnahme in das Opiumgesetz bleiben jedoch unklar. Im Moment ist es in weiten Teilen Europas noch legal, weshalb wir bei Chemical Planet gerne MDPHP-Pulver in Laborqualit\u00e4t f\u00fcr Ihre Forschungszwecke anbieten. Weitere technische Informationen finden Sie weiter unten!<br><strong><em>IUPAC-Name:&nbsp;<\/em><\/strong><em>3\u2032,4\u2032-Methylendioxy-\u03b1-pyrrolidinohexiophenon<\/em><\/p>\t\t\t\t\t\t\t\t<\/div>\n\t\t\t\t<\/div>\n\t\t\t\t\t<\/div>\n\t\t\t\t<\/div>\n\t\t<div class=\"wd-negative-gap elementor-element elementor-element-4bbb14c wd-section-stretch e-flex e-con-boxed e-con e-parent\" data-id=\"4bbb14c\" data-element_type=\"container\" data-e-type=\"container\" data-settings=\"{&quot;background_background&quot;:&quot;classic&quot;}\">\n\t\t\t\t\t<div class=\"e-con-inner\">\n\t\t\t\t<div class=\"elementor-element elementor-element-060f99b elementor-widget elementor-widget-heading\" data-id=\"060f99b\" data-element_type=\"widget\" data-e-type=\"widget\" data-widget_type=\"heading.default\">\n\t\t\t\t<div class=\"elementor-widget-container\">\n\t\t\t\t\t<h2 class=\"elementor-heading-title elementor-size-default\"><h2><strong>Sicherheitsma\u00dfnahmen<\/strong><\/h2><\/h2>\t\t\t\t<\/div>\n\t\t\t\t<\/div>\n\t\t\t\t<div class=\"elementor-element elementor-element-5309ee2 color-scheme-inherit text-left elementor-widget elementor-widget-text-editor\" data-id=\"5309ee2\" data-element_type=\"widget\" data-e-type=\"widget\" data-widget_type=\"text-editor.default\">\n\t\t\t\t<div class=\"elementor-widget-container\">\n\t\t\t\t\t\t\t\t\t<p style=\"text-align: center;\">Es wird empfohlen, Handschuhe, Schutzbrillen und Atemschutzmasken zu tragen, wenn <a href=\"https:\/\/chemsxpress.com\/de\/tag\/sicherer-umgang-mit-mdphp\/\">Handhabung von MDPHP-Pulver<\/a> im Labor; es handelt sich um ein feines Pulver, das leicht in die Luft gelangen und versehentlich eingeatmet werden k\u00f6nnte.&gt;<br \/>Im Falle einer versehentlichen Exposition wird empfohlen, das Produktetikett (mit den IUPAC- und CAS-Informationen) dem medizinischen Fachpersonal vorzulegen.<br \/>Ein versehentlicher Kontakt mit den Augen sollte sofort nach dem Herausnehmen der Kontaktlinsen durch gr\u00fcndliches Sp\u00fclen mit Wasser behandelt werden.<\/p>\n<h4>\u00a0<\/h4>\t\t\t\t\t\t\t\t<\/div>\n\t\t\t\t<\/div>\n\t\t\t\t\t<\/div>\n\t\t\t\t<\/div>\n\t\t<div class=\"wd-negative-gap elementor-element elementor-element-fccb2b2 e-flex e-con-boxed e-con e-parent\" data-id=\"fccb2b2\" data-element_type=\"container\" data-e-type=\"container\">\n\t\t\t\t\t<div class=\"e-con-inner\">\n\t\t<div class=\"elementor-element elementor-element-972ee80 e-con-full e-flex e-con e-child\" data-id=\"972ee80\" data-element_type=\"container\" data-e-type=\"container\">\n\t\t\t\t<div class=\"elementor-element elementor-element-af1b0f5 color-scheme-inherit text-left elementor-widget elementor-widget-text-editor\" data-id=\"af1b0f5\" data-element_type=\"widget\" data-e-type=\"widget\" data-widget_type=\"text-editor.default\">\n\t\t\t\t<div class=\"elementor-widget-container\">\n\t\t\t\t\t\t\t\t\t<h2 style=\"text-align: center;\"><strong>Wo kann man MDPHP online kaufen?<\/strong><\/h2>\n<p style=\"text-align: center;\">Wir von Chemsxpress sind stolz darauf, die h\u00f6chste verf\u00fcgbare Qualit\u00e4t von MDPHP in Laborqualit\u00e4t anbieten zu k\u00f6nnen. Chemsxpress ist die erste Wahl f\u00fcr diejenigen, die Forschungschemikalien kaufen m\u00f6chten. Wir f\u00fchren strenge GC MS-Tests f\u00fcr alle unsere Produkte durch, bevor wir sie zum Verkauf freigeben.<br \/>Bitte beachten Sie, dass Sie mindestens 18 Jahre oder \u00e4lter sein m\u00fcssen, um zu kaufen <a href=\"https:\/\/mdphpwelt.com\/\">MDPHP<\/a> von Chemsxpress. Alle <a href=\"https:\/\/chemsxpress.com\/de\/produktkategorie\/forschungschemikalien\/\">Forschungschemikalien<\/a> sind nur f\u00fcr den Gebrauch in der Laborforschung und keinesfalls f\u00fcr den menschlichen Verzehr bestimmt.<\/p>\t\t\t\t\t\t\t\t<\/div>\n\t\t\t\t<\/div>\n\t\t\t\t<\/div>\n\t\t<div class=\"elementor-element elementor-element-cfb8ed4 e-con-full e-flex e-con e-child\" data-id=\"cfb8ed4\" data-element_type=\"container\" data-e-type=\"container\">\n\t\t\t\t<div class=\"elementor-element elementor-element-427228f color-scheme-inherit text-left elementor-widget elementor-widget-text-editor\" data-id=\"427228f\" data-element_type=\"widget\" data-e-type=\"widget\" data-widget_type=\"text-editor.default\">\n\t\t\t\t<div class=\"elementor-widget-container\">\n\t\t\t\t\t\t\t\t\t<h2 style=\"text-align: center;\"><strong>Ist die MDPHP legal?<\/strong><\/h2>\n<p style=\"text-align: center;\">\u00a0<\/p>\n<p style=\"text-align: center;\">Bez\u00fcglich der <a href=\"https:\/\/chemsxpress.com\/de\/verstandnis-des-rechtlichen-status-von-mdphp-in-der-ganzen-welt\/\">Rechtm\u00e4\u00dfigkeit der MDPHP<\/a>Wir raten Ihnen dringend, sich \u00fcber die entsprechende Gesetzgebung in Ihrem Wohnsitzland\/Ihrer Lieferadresse zu informieren.<br \/>Wir tun alles, was wir k\u00f6nnen, um das Risiko f\u00fcr unsere Kunden durch unsere aktiven Versandbeschr\u00e4nkungen zu minimieren.<br \/>JEDOCH entwickelt sich die Gesetzgebung weltweit st\u00e4ndig weiter, und ChemicalPlanet kann keine Haftung \u00fcbernehmen, sollten Komplikationen auftreten. Letztendlich liegt es in der Verantwortung des K\u00e4ufers, sicherzustellen, dass das Produkt nicht gegen die Gesetze oder die Gesetzgebung am Versandort verst\u00f6\u00dft.<\/p>\t\t\t\t\t\t\t\t<\/div>\n\t\t\t\t<\/div>\n\t\t\t\t<\/div>\n\t\t\t\t\t<\/div>\n\t\t\t\t<\/div>\n\t\t\t\t<\/div>","protected":false},"excerpt":{"rendered":"<p>Buy MDPHP online Buy MDPHP Online is a close relative to a more well-known stimulant MDPV which was originally developed<\/p>","protected":false},"author":1,"featured_media":0,"parent":0,"menu_order":0,"comment_status":"closed","ping_status":"closed","template":"","meta":{"footnotes":""},"class_list":["post-18","page","type-page","status-publish","hentry"],"yoast_head":"<!-- This site is optimized with the Yoast SEO Premium plugin v24.1 (Yoast SEO v27.4) - https:\/\/yoast.com\/product\/yoast-seo-premium-wordpress\/ -->\n<title>Buy MDPHP Online: High-Quality Research Chemicals<\/title>\n<meta name=\"description\" content=\"Buy mdphp online, Monkey dust for sale. Shop now for reliable MDPHP sourced from trusted suppliers. Fast and safe delivery\" \/>\n<meta name=\"robots\" content=\"index, follow, max-snippet:-1, max-image-preview:large, max-video-preview:-1\" \/>\n<link rel=\"canonical\" href=\"https:\/\/chemsxpress.com\/de\/\" \/>\n<meta property=\"og:locale\" content=\"de_DE\" \/>\n<meta property=\"og:type\" content=\"article\" \/>\n<meta property=\"og:title\" content=\"home\" \/>\n<meta property=\"og:description\" content=\"Buy mdphp online, Monkey dust for sale. Shop now for reliable MDPHP sourced from trusted suppliers. Fast and safe delivery\" \/>\n<meta property=\"og:url\" content=\"https:\/\/chemsxpress.com\/de\/\" \/>\n<meta property=\"og:site_name\" content=\"SHOP MDPHP\" \/>\n<meta property=\"article:modified_time\" content=\"2025-01-05T10:37:47+00:00\" \/>\n<meta property=\"og:image\" content=\"https:\/\/chemsxpress.com\/wp-content\/uploads\/2024\/08\/5-Meo-DALT-Powder3.png\" \/>\n\t<meta property=\"og:image:width\" content=\"600\" \/>\n\t<meta property=\"og:image:height\" content=\"400\" \/>\n\t<meta property=\"og:image:type\" content=\"image\/png\" \/>\n<meta name=\"twitter:card\" content=\"summary_large_image\" \/>\n<meta name=\"twitter:label1\" content=\"Gesch\u00e4tzte Lesezeit\" \/>\n\t<meta name=\"twitter:data1\" content=\"2\u00a0Minuten\" \/>\n<script type=\"application\/ld+json\" class=\"yoast-schema-graph\">{\"@context\":\"https:\\\/\\\/schema.org\",\"@graph\":[{\"@type\":\"WebPage\",\"@id\":\"https:\\\/\\\/chemsxpress.com\\\/\",\"url\":\"https:\\\/\\\/chemsxpress.com\\\/\",\"name\":\"Buy MDPHP Online: High-Quality Research Chemicals\",\"isPartOf\":{\"@id\":\"https:\\\/\\\/chemsxpress.com\\\/#website\"},\"primaryImageOfPage\":{\"@id\":\"https:\\\/\\\/chemsxpress.com\\\/#primaryimage\"},\"image\":{\"@id\":\"https:\\\/\\\/chemsxpress.com\\\/#primaryimage\"},\"thumbnailUrl\":\"https:\\\/\\\/chemsxpress.com\\\/wp-content\\\/uploads\\\/2024\\\/08\\\/5-Meo-DALT-Powder3.png\",\"datePublished\":\"2021-08-26T12:13:00+00:00\",\"dateModified\":\"2025-01-05T10:37:47+00:00\",\"description\":\"Buy mdphp online, Monkey dust for sale. Shop now for reliable MDPHP sourced from trusted suppliers. Fast and safe delivery\",\"breadcrumb\":{\"@id\":\"https:\\\/\\\/chemsxpress.com\\\/#breadcrumb\"},\"inLanguage\":\"de\",\"potentialAction\":[{\"@type\":\"ReadAction\",\"target\":[\"https:\\\/\\\/chemsxpress.com\\\/\"]}]},{\"@type\":\"ImageObject\",\"inLanguage\":\"de\",\"@id\":\"https:\\\/\\\/chemsxpress.com\\\/#primaryimage\",\"url\":\"https:\\\/\\\/chemsxpress.com\\\/wp-content\\\/uploads\\\/2024\\\/08\\\/5-Meo-DALT-Powder3.png\",\"contentUrl\":\"https:\\\/\\\/chemsxpress.com\\\/wp-content\\\/uploads\\\/2024\\\/08\\\/5-Meo-DALT-Powder3.png\"},{\"@type\":\"BreadcrumbList\",\"@id\":\"https:\\\/\\\/chemsxpress.com\\\/#breadcrumb\",\"itemListElement\":[{\"@type\":\"ListItem\",\"position\":1,\"name\":\"Home\",\"item\":\"https:\\\/\\\/chemsxpress.com\\\/\"},{\"@type\":\"ListItem\",\"position\":2,\"name\":\"home\"}]},{\"@type\":\"WebSite\",\"@id\":\"https:\\\/\\\/chemsxpress.com\\\/#website\",\"url\":\"https:\\\/\\\/chemsxpress.com\\\/\",\"name\":\"SHOP MDPHP\",\"description\":\"Buy MDPHP freebase from reliable supplier\",\"potentialAction\":[{\"@type\":\"SearchAction\",\"target\":{\"@type\":\"EntryPoint\",\"urlTemplate\":\"https:\\\/\\\/chemsxpress.com\\\/?s={search_term_string}\"},\"query-input\":{\"@type\":\"PropertyValueSpecification\",\"valueRequired\":true,\"valueName\":\"search_term_string\"}}],\"inLanguage\":\"de\"}]}<\/script>\n<!-- \/ Yoast SEO Premium plugin. -->","yoast_head_json":{"title":"MDPHP online kaufen: Hochwertige Forschungschemikalien","description":"Kaufen Sie mdphp online, Affenstaub zu verkaufen. Shop jetzt f\u00fcr zuverl\u00e4ssige MDPHP von vertrauensw\u00fcrdigen Lieferanten bezogen. Schnelle und sichere Lieferung","robots":{"index":"index","follow":"follow","max-snippet":"max-snippet:-1","max-image-preview":"max-image-preview:large","max-video-preview":"max-video-preview:-1"},"canonical":"https:\/\/chemsxpress.com\/de\/","og_locale":"de_DE","og_type":"article","og_title":"home","og_description":"Buy mdphp online, Monkey dust for sale. Shop now for reliable MDPHP sourced from trusted suppliers. Fast and safe delivery","og_url":"https:\/\/chemsxpress.com\/de\/","og_site_name":"SHOP MDPHP","article_modified_time":"2025-01-05T10:37:47+00:00","og_image":[{"width":600,"height":400,"url":"https:\/\/chemsxpress.com\/wp-content\/uploads\/2024\/08\/5-Meo-DALT-Powder3.png","type":"image\/png"}],"twitter_card":"summary_large_image","twitter_misc":{"Gesch\u00e4tzte Lesezeit":"2\u00a0Minuten"},"schema":{"@context":"https:\/\/schema.org","@graph":[{"@type":"WebPage","@id":"https:\/\/chemsxpress.com\/","url":"https:\/\/chemsxpress.com\/","name":"MDPHP online kaufen: Hochwertige Forschungschemikalien","isPartOf":{"@id":"https:\/\/chemsxpress.com\/#website"},"primaryImageOfPage":{"@id":"https:\/\/chemsxpress.com\/#primaryimage"},"image":{"@id":"https:\/\/chemsxpress.com\/#primaryimage"},"thumbnailUrl":"https:\/\/chemsxpress.com\/wp-content\/uploads\/2024\/08\/5-Meo-DALT-Powder3.png","datePublished":"2021-08-26T12:13:00+00:00","dateModified":"2025-01-05T10:37:47+00:00","description":"Kaufen Sie mdphp online, Affenstaub zu verkaufen. Shop jetzt f\u00fcr zuverl\u00e4ssige MDPHP von vertrauensw\u00fcrdigen Lieferanten bezogen. Schnelle und sichere Lieferung","breadcrumb":{"@id":"https:\/\/chemsxpress.com\/#breadcrumb"},"inLanguage":"de","potentialAction":[{"@type":"ReadAction","target":["https:\/\/chemsxpress.com\/"]}]},{"@type":"ImageObject","inLanguage":"de","@id":"https:\/\/chemsxpress.com\/#primaryimage","url":"https:\/\/chemsxpress.com\/wp-content\/uploads\/2024\/08\/5-Meo-DALT-Powder3.png","contentUrl":"https:\/\/chemsxpress.com\/wp-content\/uploads\/2024\/08\/5-Meo-DALT-Powder3.png"},{"@type":"BreadcrumbList","@id":"https:\/\/chemsxpress.com\/#breadcrumb","itemListElement":[{"@type":"ListItem","position":1,"name":"Home","item":"https:\/\/chemsxpress.com\/"},{"@type":"ListItem","position":2,"name":"home"}]},{"@type":"WebSite","@id":"https:\/\/chemsxpress.com\/#website","url":"https:\/\/chemsxpress.com\/","name":"MDPHP EINKAUFEN","description":"MDPHP freebase von einem zuverl\u00e4ssigen Anbieter kaufen","potentialAction":[{"@type":"SearchAction","target":{"@type":"EntryPoint","urlTemplate":"https:\/\/chemsxpress.com\/?s={search_term_string}"},"query-input":{"@type":"PropertyValueSpecification","valueRequired":true,"valueName":"search_term_string"}}],"inLanguage":"de"}]}},"jetpack_sharing_enabled":true,"_links":{"self":[{"href":"https:\/\/chemsxpress.com\/de\/wp-json\/wp\/v2\/pages\/18","targetHints":{"allow":["GET"]}}],"collection":[{"href":"https:\/\/chemsxpress.com\/de\/wp-json\/wp\/v2\/pages"}],"about":[{"href":"https:\/\/chemsxpress.com\/de\/wp-json\/wp\/v2\/types\/page"}],"author":[{"embeddable":true,"href":"https:\/\/chemsxpress.com\/de\/wp-json\/wp\/v2\/users\/1"}],"replies":[{"embeddable":true,"href":"https:\/\/chemsxpress.com\/de\/wp-json\/wp\/v2\/comments?post=18"}],"version-history":[{"count":104,"href":"https:\/\/chemsxpress.com\/de\/wp-json\/wp\/v2\/pages\/18\/revisions"}],"predecessor-version":[{"id":30241,"href":"https:\/\/chemsxpress.com\/de\/wp-json\/wp\/v2\/pages\/18\/revisions\/30241"}],"wp:attachment":[{"href":"https:\/\/chemsxpress.com\/de\/wp-json\/wp\/v2\/media?parent=18"}],"curies":[{"name":"wp","href":"https:\/\/api.w.org\/{rel}","templated":true}]}}