{"id":27836,"date":"2024-04-29T13:12:41","date_gmt":"2024-04-29T13:12:41","guid":{"rendered":"https:\/\/chemsxpress.com\/?post_type=product&#038;p=27836"},"modified":"2025-05-23T11:46:27","modified_gmt":"2025-05-23T11:46:27","slug":"bizarro-flussiges-k2-kaufen","status":"publish","type":"product","link":"https:\/\/chemsxpress.com\/de\/produkt\/bizarro-flussiges-k2-kaufen\/","title":{"rendered":"Bizarro Liquid K2"},"content":{"rendered":"<h1>Bizarro Liquid K2 kaufen<\/h1>\n<h3>Bizarro Liquid K2 auf Papier online kaufen<\/h3>\n<p>Kaufen Sie Bizarro Liquid K2. Bizzaro e Liquid zum Verkauf Made Cannabinoide sind von Menschen gemachte Gro\u00dfhirn ver\u00e4ndernde gef\u00e4lschte Materialien, die entweder auf getrocknete, zerst\u00f6rte Pflanzenmaterial geduscht werden, so dass sie geraucht werden k\u00f6nnen oder als Fl\u00fcssigkeiten verkauft werden, um geschw\u00e4cht werden und in E-Zigaretten und andere contraptions genommen.<\/p>\n<p>Diese Dinge werden gr\u00f6\u00dftenteils als \"close by\" oder \"fluid incense\" bezeichnet. Diese hergestellten Substanzen werden Cannabinoide genannt, da sie den in der Graspflanze vorkommenden falschen Stoffen nachempfunden sind. <span style=\"color: #ffffff;\">Bizarrer fl\u00fcssiger Weihrauch<\/span><\/p>\n<p>In Anbetracht dieser Vergleichbarkeit werden organisierte Cannabinoide immer wieder irref\u00fchrend als gemachtes Marihuana (oder falsches Gras) bezeichnet, und sie werden zuverl\u00e4ssig als garantierte, echte Entscheidungen im Gegensatz zu dieser Droge angeboten<a href=\"https:\/\/k2liquidspray.se\/shop\/bizarro-liquid-k2-spray\/\">.<\/a> <span style=\"color: #ffffff;\">Bizarrer fl\u00fcssiger Weihrauch<\/span><\/p>\n<h2>Bizzaro e Liquid zu verkaufen<\/h2>\n<p>Cannabicyclohezanol oder einige andere verweigerte Versch\u00f6nerungen. Nikotin und ohne Tabak Disclaimer: Diese Sache ist seltsam vorgeschlagen, als eine s\u00fc\u00dflich riechende Mischung verwendet werden, wie es gesagt wurde.<\/p>\n<p>Es ist nicht f\u00fcr den menschlichen Gebrauch konzipiert oder vorgeschlagen. Sowohl die Hersteller als auch die H\u00e4ndler sehen keine Gefahr f\u00fcr eine unsachgem\u00e4\u00dfe Verwendung oder einen Missbrauch des Ger\u00e4ts.<\/p>\n<p>Gerade als Bizarro von Anfang an auf der nahen R\u00e4ucherst\u00e4bchen-Szene detonierte, ging es durch die USA und die Welt und pulverisierte das weite Feld der verschiedenen Marken und wurde schnell zum bedeutendsten Kr\u00e4uterr\u00e4ucherwerk der Welt. <span style=\"color: #ffffff;\">Bizarrer fl\u00fcssiger Weihrauch<\/span><\/p>\n<p>Bizarro Geschmack ist hervorragend unter anderen Marken verkaufen in der Geschichte f\u00fcr die Erkl\u00e4rung und hat unz\u00e4hlige Menschen fr\u00f6hlich auf ihre Auftritte verlassen.<a href=\"https:\/\/chemsxpress.com\/de\/\"> Kontakt<\/a> f\u00fcr weitere Informationen.<\/p>","protected":false},"excerpt":{"rendered":"<p>3 A4-Bl\u00e4tter sind mit 25 ml (0,845351 fl\u00fcssige Unze) fl\u00fcssigem K2 eingebettet. Dieses Papier ist geruchlos und farblos.<\/p>","protected":false},"featured_media":27866,"comment_status":"open","ping_status":"closed","template":"","meta":[],"product_brand":[],"product_cat":[72],"product_tag":[],"class_list":{"0":"post-27836","1":"product","2":"type-product","3":"status-publish","4":"has-post-thumbnail","6":"product_cat-k2-products","8":"first","9":"instock","10":"shipping-taxable","11":"purchasable","12":"product-type-variable"},"yoast_head":"<!-- This site is optimized with the Yoast SEO Premium plugin v24.1 (Yoast SEO v27.4) - https:\/\/yoast.com\/product\/yoast-seo-premium-wordpress\/ -->\n<title>Buy Bizarro Liquid K2 Premium Quality Incense | ChemsXpress<\/title>\n<meta name=\"description\" content=\"Buy Bizarro Liquid K2, fast shipping. Trust our quality assurance for all your herbal incense needs. Order now discounted price.\" \/>\n<meta name=\"robots\" content=\"index, follow, max-snippet:-1, max-image-preview:large, max-video-preview:-1\" \/>\n<link rel=\"canonical\" href=\"https:\/\/chemsxpress.com\/de\/produkt\/bizarro-flussiges-k2-kaufen\/\" \/>\n<meta property=\"og:locale\" content=\"de_DE\" \/>\n<meta property=\"og:type\" content=\"article\" \/>\n<meta property=\"og:title\" content=\"Bizarro Liquid K2\" \/>\n<meta property=\"og:description\" content=\"Buy Bizarro Liquid K2, fast shipping. Trust our quality assurance for all your herbal incense needs. Order now discounted price.\" \/>\n<meta property=\"og:url\" content=\"https:\/\/chemsxpress.com\/de\/produkt\/bizarro-flussiges-k2-kaufen\/\" \/>\n<meta property=\"og:site_name\" content=\"SHOP MDPHP\" \/>\n<meta property=\"article:modified_time\" content=\"2025-05-23T11:46:27+00:00\" \/>\n<meta property=\"og:image\" content=\"https:\/\/chemsxpress.com\/wp-content\/uploads\/2024\/04\/Bizzaro-e-Liquid-for-sale1.jpg\" \/>\n\t<meta property=\"og:image:width\" content=\"600\" \/>\n\t<meta property=\"og:image:height\" content=\"600\" \/>\n\t<meta property=\"og:image:type\" content=\"image\/jpeg\" \/>\n<meta name=\"twitter:card\" content=\"summary_large_image\" \/>\n<meta name=\"twitter:label1\" content=\"Gesch\u00e4tzte Lesezeit\" \/>\n\t<meta name=\"twitter:data1\" content=\"2\u00a0Minuten\" \/>\n<script type=\"application\/ld+json\" class=\"yoast-schema-graph\">{\"@context\":\"https:\\\/\\\/schema.org\",\"@graph\":[{\"@type\":\"WebPage\",\"@id\":\"https:\\\/\\\/chemsxpress.com\\\/product\\\/buy-bizarro-liquid-k2\\\/\",\"url\":\"https:\\\/\\\/chemsxpress.com\\\/product\\\/buy-bizarro-liquid-k2\\\/\",\"name\":\"Buy Bizarro Liquid K2 Premium Quality Incense | ChemsXpress\",\"isPartOf\":{\"@id\":\"https:\\\/\\\/chemsxpress.com\\\/#website\"},\"primaryImageOfPage\":{\"@id\":\"https:\\\/\\\/chemsxpress.com\\\/product\\\/buy-bizarro-liquid-k2\\\/#primaryimage\"},\"image\":{\"@id\":\"https:\\\/\\\/chemsxpress.com\\\/product\\\/buy-bizarro-liquid-k2\\\/#primaryimage\"},\"thumbnailUrl\":\"https:\\\/\\\/chemsxpress.com\\\/wp-content\\\/uploads\\\/2024\\\/04\\\/Bizzaro-e-Liquid-for-sale1.jpg\",\"datePublished\":\"2024-04-29T13:12:41+00:00\",\"dateModified\":\"2025-05-23T11:46:27+00:00\",\"description\":\"Buy Bizarro Liquid K2, fast shipping. Trust our quality assurance for all your herbal incense needs. Order now discounted price.\",\"breadcrumb\":{\"@id\":\"https:\\\/\\\/chemsxpress.com\\\/product\\\/buy-bizarro-liquid-k2\\\/#breadcrumb\"},\"inLanguage\":\"de\",\"potentialAction\":[{\"@type\":\"ReadAction\",\"target\":[\"https:\\\/\\\/chemsxpress.com\\\/product\\\/buy-bizarro-liquid-k2\\\/\"]}]},{\"@type\":\"ImageObject\",\"inLanguage\":\"de\",\"@id\":\"https:\\\/\\\/chemsxpress.com\\\/product\\\/buy-bizarro-liquid-k2\\\/#primaryimage\",\"url\":\"https:\\\/\\\/chemsxpress.com\\\/wp-content\\\/uploads\\\/2024\\\/04\\\/Bizzaro-e-Liquid-for-sale1.jpg\",\"contentUrl\":\"https:\\\/\\\/chemsxpress.com\\\/wp-content\\\/uploads\\\/2024\\\/04\\\/Bizzaro-e-Liquid-for-sale1.jpg\",\"width\":600,\"height\":600,\"caption\":\"Buy Bizarro Liquid K2\"},{\"@type\":\"BreadcrumbList\",\"@id\":\"https:\\\/\\\/chemsxpress.com\\\/product\\\/buy-bizarro-liquid-k2\\\/#breadcrumb\",\"itemListElement\":[{\"@type\":\"ListItem\",\"position\":1,\"name\":\"Home\",\"item\":\"https:\\\/\\\/chemsxpress.com\\\/\"},{\"@type\":\"ListItem\",\"position\":2,\"name\":\"Shop\",\"item\":\"https:\\\/\\\/chemsxpress.com\\\/shop\\\/\"},{\"@type\":\"ListItem\",\"position\":3,\"name\":\"Bizarro Liquid K2\"}]},{\"@type\":\"WebSite\",\"@id\":\"https:\\\/\\\/chemsxpress.com\\\/#website\",\"url\":\"https:\\\/\\\/chemsxpress.com\\\/\",\"name\":\"SHOP MDPHP\",\"description\":\"Buy MDPHP freebase from reliable supplier\",\"potentialAction\":[{\"@type\":\"SearchAction\",\"target\":{\"@type\":\"EntryPoint\",\"urlTemplate\":\"https:\\\/\\\/chemsxpress.com\\\/?s={search_term_string}\"},\"query-input\":{\"@type\":\"PropertyValueSpecification\",\"valueRequired\":true,\"valueName\":\"search_term_string\"}}],\"inLanguage\":\"de\"}]}<\/script>\n<!-- \/ Yoast SEO Premium plugin. -->","yoast_head_json":{"title":"Kaufen Sie Bizarro Liquid K2 R\u00e4ucherst\u00e4bchen in Premiumqualit\u00e4t | ChemsXpress","description":"Kaufen Sie 7h Herbal Incense bei ChemsXpress. Premium Herbal Incense, schneller Versand. Vertrauen Sie unserer Qualit\u00e4tssicherung f\u00fcr alle Ihre Forschungsbed\u00fcrfnisse. Jetzt bestellen","robots":{"index":"index","follow":"follow","max-snippet":"max-snippet:-1","max-image-preview":"max-image-preview:large","max-video-preview":"max-video-preview:-1"},"canonical":"https:\/\/chemsxpress.com\/de\/produkt\/bizarro-flussiges-k2-kaufen\/","og_locale":"de_DE","og_type":"article","og_title":"Bizarro Liquid K2","og_description":"Buy Bizarro Liquid K2, fast shipping. Trust our quality assurance for all your herbal incense needs. Order now discounted price.","og_url":"https:\/\/chemsxpress.com\/de\/produkt\/bizarro-flussiges-k2-kaufen\/","og_site_name":"SHOP MDPHP","article_modified_time":"2025-05-23T11:46:27+00:00","og_image":[{"width":600,"height":600,"url":"https:\/\/chemsxpress.com\/wp-content\/uploads\/2024\/04\/Bizzaro-e-Liquid-for-sale1.jpg","type":"image\/jpeg"}],"twitter_card":"summary_large_image","twitter_misc":{"Gesch\u00e4tzte Lesezeit":"2\u00a0Minuten"},"schema":{"@context":"https:\/\/schema.org","@graph":[{"@type":"WebPage","@id":"https:\/\/chemsxpress.com\/product\/buy-bizarro-liquid-k2\/","url":"https:\/\/chemsxpress.com\/product\/buy-bizarro-liquid-k2\/","name":"Kaufen Sie Bizarro Liquid K2 R\u00e4ucherst\u00e4bchen in Premiumqualit\u00e4t | ChemsXpress","isPartOf":{"@id":"https:\/\/chemsxpress.com\/#website"},"primaryImageOfPage":{"@id":"https:\/\/chemsxpress.com\/product\/buy-bizarro-liquid-k2\/#primaryimage"},"image":{"@id":"https:\/\/chemsxpress.com\/product\/buy-bizarro-liquid-k2\/#primaryimage"},"thumbnailUrl":"https:\/\/chemsxpress.com\/wp-content\/uploads\/2024\/04\/Bizzaro-e-Liquid-for-sale1.jpg","datePublished":"2024-04-29T13:12:41+00:00","dateModified":"2025-05-23T11:46:27+00:00","description":"Kaufen Sie 7h Herbal Incense bei ChemsXpress. Premium Herbal Incense, schneller Versand. Vertrauen Sie unserer Qualit\u00e4tssicherung f\u00fcr alle Ihre Forschungsbed\u00fcrfnisse. Jetzt bestellen","breadcrumb":{"@id":"https:\/\/chemsxpress.com\/product\/buy-bizarro-liquid-k2\/#breadcrumb"},"inLanguage":"de","potentialAction":[{"@type":"ReadAction","target":["https:\/\/chemsxpress.com\/product\/buy-bizarro-liquid-k2\/"]}]},{"@type":"ImageObject","inLanguage":"de","@id":"https:\/\/chemsxpress.com\/product\/buy-bizarro-liquid-k2\/#primaryimage","url":"https:\/\/chemsxpress.com\/wp-content\/uploads\/2024\/04\/Bizzaro-e-Liquid-for-sale1.jpg","contentUrl":"https:\/\/chemsxpress.com\/wp-content\/uploads\/2024\/04\/Bizzaro-e-Liquid-for-sale1.jpg","width":600,"height":600,"caption":"Buy Bizarro Liquid K2"},{"@type":"BreadcrumbList","@id":"https:\/\/chemsxpress.com\/product\/buy-bizarro-liquid-k2\/#breadcrumb","itemListElement":[{"@type":"ListItem","position":1,"name":"Home","item":"https:\/\/chemsxpress.com\/"},{"@type":"ListItem","position":2,"name":"Shop","item":"https:\/\/chemsxpress.com\/shop\/"},{"@type":"ListItem","position":3,"name":"Bizarro Liquid K2"}]},{"@type":"WebSite","@id":"https:\/\/chemsxpress.com\/#website","url":"https:\/\/chemsxpress.com\/","name":"MDPHP EINKAUFEN","description":"MDPHP freebase von einem zuverl\u00e4ssigen Anbieter kaufen","potentialAction":[{"@type":"SearchAction","target":{"@type":"EntryPoint","urlTemplate":"https:\/\/chemsxpress.com\/?s={search_term_string}"},"query-input":{"@type":"PropertyValueSpecification","valueRequired":true,"valueName":"search_term_string"}}],"inLanguage":"de"}]}},"jetpack_sharing_enabled":true,"_links":{"self":[{"href":"https:\/\/chemsxpress.com\/de\/wp-json\/wp\/v2\/product\/27836","targetHints":{"allow":["GET"]}}],"collection":[{"href":"https:\/\/chemsxpress.com\/de\/wp-json\/wp\/v2\/product"}],"about":[{"href":"https:\/\/chemsxpress.com\/de\/wp-json\/wp\/v2\/types\/product"}],"replies":[{"embeddable":true,"href":"https:\/\/chemsxpress.com\/de\/wp-json\/wp\/v2\/comments?post=27836"}],"version-history":[{"count":3,"href":"https:\/\/chemsxpress.com\/de\/wp-json\/wp\/v2\/product\/27836\/revisions"}],"predecessor-version":[{"id":29899,"href":"https:\/\/chemsxpress.com\/de\/wp-json\/wp\/v2\/product\/27836\/revisions\/29899"}],"wp:featuredmedia":[{"embeddable":true,"href":"https:\/\/chemsxpress.com\/de\/wp-json\/wp\/v2\/media\/27866"}],"wp:attachment":[{"href":"https:\/\/chemsxpress.com\/de\/wp-json\/wp\/v2\/media?parent=27836"}],"wp:term":[{"taxonomy":"product_brand","embeddable":true,"href":"https:\/\/chemsxpress.com\/de\/wp-json\/wp\/v2\/product_brand?post=27836"},{"taxonomy":"product_cat","embeddable":true,"href":"https:\/\/chemsxpress.com\/de\/wp-json\/wp\/v2\/product_cat?post=27836"},{"taxonomy":"product_tag","embeddable":true,"href":"https:\/\/chemsxpress.com\/de\/wp-json\/wp\/v2\/product_tag?post=27836"}],"curies":[{"name":"wp","href":"https:\/\/api.w.org\/{rel}","templated":true}]}}