{"id":27837,"date":"2024-04-29T13:12:41","date_gmt":"2024-04-29T13:12:41","guid":{"rendered":"https:\/\/chemsxpress.com\/?post_type=product&#038;p=27837"},"modified":"2024-07-04T23:59:33","modified_gmt":"2024-07-04T23:59:33","slug":"k2-code-red-flussig-kaufen","status":"publish","type":"product","link":"https:\/\/chemsxpress.com\/de\/produkt\/k2-code-red-flussig-kaufen\/","title":{"rendered":"k2 code red fl\u00fcssig"},"content":{"rendered":"<h1>Kaufen Sie k2 code red liquid<\/h1>\n<h4><span class=\"___SText_17rlk-ko_\" data-ui-name=\"Link.Text\">k2 code red fl\u00fcssig<\/span><\/h4>\n<p>Kaufen Sie k2 code red liquid. Diese hochwirksame Mischung wurde kreiert, um Ihren Geist zu stimulieren und Ihr Energieniveau in neue H\u00f6hen zu treiben. Es ist eine Mischung aus starken Kr\u00e4utern, die Ihre Sinne wecken und Ihre Sensibilit\u00e4t f\u00fcr die Welt um Sie herum erh\u00f6hen wird. Starke Kr\u00e4uter Weihrauch zum Verkauf. Sie werden eine einzigartige \"high on life\" Euphorie genie\u00dfen, wie Sie noch nie erlebt haben.<\/p>\n<h2>Einzelheiten zu <span class=\"___SText_17rlk-ko_\" data-ui-name=\"Link.Text\">k2 code red fl\u00fcssig<\/span><\/h2>\n<p>Diese fl\u00fcssige Code Red-Mischung ist jedoch so stark, dass Sie nur einen Tropfen ben\u00f6tigen, um das volle Gef\u00fchl zu erleben. Du wirst ein gesteigertes Wohlbefinden und einen friedlicheren Geisteszustand f\u00fcr bis zu zwei Stunden haben, nachdem du deine Code Red Euphorie erreicht hast.<\/p>\n<h2>Verwendungen von <span class=\"___SText_17rlk-ko_\" data-ui-name=\"Link.Text\">k2 code red fl\u00fcssig<\/span><\/h2>\n<p>Es ist so stark, dass Sie nur einen Tropfen ben\u00f6tigen, um das volle Gef\u00fchl zu erleben. Sie werden ein gesteigertes Wohlbefinden und einen friedlicheren Gem\u00fctszustand f\u00fcr bis zu zwei Stunden haben, nachdem Sie zum Beispiel Ihre Code Red Euphorie erreicht haben. Diese Mischung ist der ultimative Duft f\u00fcr Meditation und Entspannung, denn sie schafft einen positiven und gelassenen Geisteszustand.<\/p>\n<p>Dar\u00fcber hinaus kann K2 e liquid code red mit jedem pers\u00f6nlichen elektronischen Verdampfer verwendet werden. Wenn Sie das Dampfen mit Code Red genie\u00dfen, k\u00f6nnen Sie sicher sein, dass Sie den effektivsten Stimmungsaufheller bekommen, der je geschaffen wurde.<\/p>\n<div class=\"product__item product__item--col3\">\n<p><a href=\"https:\/\/chemsxpress.com\/de\/\">ChemsXpress<\/a> hat sich der Unterst\u00fctzung wissenschaftlicher Forschung und Innovation verschrieben, indem es Forschern Zugang zu hochwertigen Forschungschemikalien verschafft. Entdecken Sie unseren umfangreichen Katalog von <a href=\"https:\/\/chemsxpress.com\/de\/produktkategorie\/forschungschemikalien\/\">Forschungschemikalien<\/a>einschlie\u00dflich pflanzlicher R\u00e4ucherst\u00e4bchen, und begeben Sie sich mit Zuversicht und Vertrauen in ChemsXpress auf Ihre wissenschaftliche Reise.<\/p>\n<\/div>","protected":false},"excerpt":{"rendered":"<p>Jeder Anzeigenbogen ist mit 25 ml = 0,845351 Fl\u00fcssigunzen fl\u00fcssigem K2 eingebettet. Dieses Papier ist geruchlos und farblos.<\/p>","protected":false},"featured_media":27868,"comment_status":"open","ping_status":"closed","template":"","meta":[],"product_brand":[],"product_cat":[72],"product_tag":[],"class_list":{"0":"post-27837","1":"product","2":"type-product","3":"status-publish","4":"has-post-thumbnail","6":"product_cat-k2-products","8":"first","9":"instock","10":"shipping-taxable","11":"purchasable","12":"product-type-variable"},"yoast_head":"<!-- This site is optimized with the Yoast SEO Premium plugin v24.1 (Yoast SEO v27.4) - https:\/\/yoast.com\/product\/yoast-seo-premium-wordpress\/ -->\n<title>Buy k2 code red liquid Premium Quality Herbal | ChemsXpress<\/title>\n<meta name=\"description\" content=\"Buy k2 code red liquid Premium herbal incense, fast shipping. Trust our quality assurance for all your research needs. Order now\" \/>\n<meta name=\"robots\" content=\"index, follow, max-snippet:-1, max-image-preview:large, max-video-preview:-1\" \/>\n<link rel=\"canonical\" href=\"https:\/\/chemsxpress.com\/de\/produkt\/k2-code-red-flussig-kaufen\/\" \/>\n<meta property=\"og:locale\" content=\"de_DE\" \/>\n<meta property=\"og:type\" content=\"article\" \/>\n<meta property=\"og:title\" content=\"k2 code red liquid\" \/>\n<meta property=\"og:description\" content=\"Buy k2 code red liquid Premium herbal incense, fast shipping. Trust our quality assurance for all your research needs. Order now\" \/>\n<meta property=\"og:url\" content=\"https:\/\/chemsxpress.com\/de\/produkt\/k2-code-red-flussig-kaufen\/\" \/>\n<meta property=\"og:site_name\" content=\"SHOP MDPHP\" \/>\n<meta property=\"article:modified_time\" content=\"2024-07-04T23:59:33+00:00\" \/>\n<meta property=\"og:image\" content=\"https:\/\/chemsxpress.com\/wp-content\/uploads\/2024\/04\/k2-code-red-liquid.jpg\" \/>\n\t<meta property=\"og:image:width\" content=\"800\" \/>\n\t<meta property=\"og:image:height\" content=\"800\" \/>\n\t<meta property=\"og:image:type\" content=\"image\/jpeg\" \/>\n<meta name=\"twitter:card\" content=\"summary_large_image\" \/>\n<meta name=\"twitter:label1\" content=\"Gesch\u00e4tzte Lesezeit\" \/>\n\t<meta name=\"twitter:data1\" content=\"2\u00a0Minuten\" \/>\n<script type=\"application\/ld+json\" class=\"yoast-schema-graph\">{\"@context\":\"https:\\\/\\\/schema.org\",\"@graph\":[{\"@type\":\"WebPage\",\"@id\":\"https:\\\/\\\/chemsxpress.com\\\/product\\\/buy-k2-code-red-liquid\\\/\",\"url\":\"https:\\\/\\\/chemsxpress.com\\\/product\\\/buy-k2-code-red-liquid\\\/\",\"name\":\"Buy k2 code red liquid Premium Quality Herbal | ChemsXpress\",\"isPartOf\":{\"@id\":\"https:\\\/\\\/chemsxpress.com\\\/#website\"},\"primaryImageOfPage\":{\"@id\":\"https:\\\/\\\/chemsxpress.com\\\/product\\\/buy-k2-code-red-liquid\\\/#primaryimage\"},\"image\":{\"@id\":\"https:\\\/\\\/chemsxpress.com\\\/product\\\/buy-k2-code-red-liquid\\\/#primaryimage\"},\"thumbnailUrl\":\"https:\\\/\\\/chemsxpress.com\\\/wp-content\\\/uploads\\\/2024\\\/04\\\/k2-code-red-liquid.jpg\",\"datePublished\":\"2024-04-29T13:12:41+00:00\",\"dateModified\":\"2024-07-04T23:59:33+00:00\",\"description\":\"Buy k2 code red liquid Premium herbal incense, fast shipping. Trust our quality assurance for all your research needs. Order now\",\"breadcrumb\":{\"@id\":\"https:\\\/\\\/chemsxpress.com\\\/product\\\/buy-k2-code-red-liquid\\\/#breadcrumb\"},\"inLanguage\":\"de\",\"potentialAction\":[{\"@type\":\"ReadAction\",\"target\":[\"https:\\\/\\\/chemsxpress.com\\\/product\\\/buy-k2-code-red-liquid\\\/\"]}]},{\"@type\":\"ImageObject\",\"inLanguage\":\"de\",\"@id\":\"https:\\\/\\\/chemsxpress.com\\\/product\\\/buy-k2-code-red-liquid\\\/#primaryimage\",\"url\":\"https:\\\/\\\/chemsxpress.com\\\/wp-content\\\/uploads\\\/2024\\\/04\\\/k2-code-red-liquid.jpg\",\"contentUrl\":\"https:\\\/\\\/chemsxpress.com\\\/wp-content\\\/uploads\\\/2024\\\/04\\\/k2-code-red-liquid.jpg\",\"width\":800,\"height\":800,\"caption\":\"Buy k2 code red liquid\"},{\"@type\":\"BreadcrumbList\",\"@id\":\"https:\\\/\\\/chemsxpress.com\\\/product\\\/buy-k2-code-red-liquid\\\/#breadcrumb\",\"itemListElement\":[{\"@type\":\"ListItem\",\"position\":1,\"name\":\"Home\",\"item\":\"https:\\\/\\\/chemsxpress.com\\\/\"},{\"@type\":\"ListItem\",\"position\":2,\"name\":\"Shop\",\"item\":\"https:\\\/\\\/chemsxpress.com\\\/shop\\\/\"},{\"@type\":\"ListItem\",\"position\":3,\"name\":\"k2 code red liquid\"}]},{\"@type\":\"WebSite\",\"@id\":\"https:\\\/\\\/chemsxpress.com\\\/#website\",\"url\":\"https:\\\/\\\/chemsxpress.com\\\/\",\"name\":\"SHOP MDPHP\",\"description\":\"Buy MDPHP freebase from reliable supplier\",\"potentialAction\":[{\"@type\":\"SearchAction\",\"target\":{\"@type\":\"EntryPoint\",\"urlTemplate\":\"https:\\\/\\\/chemsxpress.com\\\/?s={search_term_string}\"},\"query-input\":{\"@type\":\"PropertyValueSpecification\",\"valueRequired\":true,\"valueName\":\"search_term_string\"}}],\"inLanguage\":\"de\"}]}<\/script>\n<!-- \/ Yoast SEO Premium plugin. -->","yoast_head_json":{"title":"Kaufen Sie k2 code red liquid Premium Quality Herbal | ChemsXpress","description":"Kaufen Sie 7h Herbal Incense bei ChemsXpress. Premium Herbal Incense, schneller Versand. Vertrauen Sie unserer Qualit\u00e4tssicherung f\u00fcr alle Ihre Forschungsbed\u00fcrfnisse. Jetzt bestellen","robots":{"index":"index","follow":"follow","max-snippet":"max-snippet:-1","max-image-preview":"max-image-preview:large","max-video-preview":"max-video-preview:-1"},"canonical":"https:\/\/chemsxpress.com\/de\/produkt\/k2-code-red-flussig-kaufen\/","og_locale":"de_DE","og_type":"article","og_title":"k2 code red liquid","og_description":"Buy k2 code red liquid Premium herbal incense, fast shipping. Trust our quality assurance for all your research needs. Order now","og_url":"https:\/\/chemsxpress.com\/de\/produkt\/k2-code-red-flussig-kaufen\/","og_site_name":"SHOP MDPHP","article_modified_time":"2024-07-04T23:59:33+00:00","og_image":[{"width":800,"height":800,"url":"https:\/\/chemsxpress.com\/wp-content\/uploads\/2024\/04\/k2-code-red-liquid.jpg","type":"image\/jpeg"}],"twitter_card":"summary_large_image","twitter_misc":{"Gesch\u00e4tzte Lesezeit":"2\u00a0Minuten"},"schema":{"@context":"https:\/\/schema.org","@graph":[{"@type":"WebPage","@id":"https:\/\/chemsxpress.com\/product\/buy-k2-code-red-liquid\/","url":"https:\/\/chemsxpress.com\/product\/buy-k2-code-red-liquid\/","name":"Kaufen Sie k2 code red liquid Premium Quality Herbal | ChemsXpress","isPartOf":{"@id":"https:\/\/chemsxpress.com\/#website"},"primaryImageOfPage":{"@id":"https:\/\/chemsxpress.com\/product\/buy-k2-code-red-liquid\/#primaryimage"},"image":{"@id":"https:\/\/chemsxpress.com\/product\/buy-k2-code-red-liquid\/#primaryimage"},"thumbnailUrl":"https:\/\/chemsxpress.com\/wp-content\/uploads\/2024\/04\/k2-code-red-liquid.jpg","datePublished":"2024-04-29T13:12:41+00:00","dateModified":"2024-07-04T23:59:33+00:00","description":"Kaufen Sie 7h Herbal Incense bei ChemsXpress. Premium Herbal Incense, schneller Versand. Vertrauen Sie unserer Qualit\u00e4tssicherung f\u00fcr alle Ihre Forschungsbed\u00fcrfnisse. Jetzt bestellen","breadcrumb":{"@id":"https:\/\/chemsxpress.com\/product\/buy-k2-code-red-liquid\/#breadcrumb"},"inLanguage":"de","potentialAction":[{"@type":"ReadAction","target":["https:\/\/chemsxpress.com\/product\/buy-k2-code-red-liquid\/"]}]},{"@type":"ImageObject","inLanguage":"de","@id":"https:\/\/chemsxpress.com\/product\/buy-k2-code-red-liquid\/#primaryimage","url":"https:\/\/chemsxpress.com\/wp-content\/uploads\/2024\/04\/k2-code-red-liquid.jpg","contentUrl":"https:\/\/chemsxpress.com\/wp-content\/uploads\/2024\/04\/k2-code-red-liquid.jpg","width":800,"height":800,"caption":"Buy k2 code red liquid"},{"@type":"BreadcrumbList","@id":"https:\/\/chemsxpress.com\/product\/buy-k2-code-red-liquid\/#breadcrumb","itemListElement":[{"@type":"ListItem","position":1,"name":"Home","item":"https:\/\/chemsxpress.com\/"},{"@type":"ListItem","position":2,"name":"Shop","item":"https:\/\/chemsxpress.com\/shop\/"},{"@type":"ListItem","position":3,"name":"k2 code red liquid"}]},{"@type":"WebSite","@id":"https:\/\/chemsxpress.com\/#website","url":"https:\/\/chemsxpress.com\/","name":"MDPHP EINKAUFEN","description":"MDPHP freebase von einem zuverl\u00e4ssigen Anbieter kaufen","potentialAction":[{"@type":"SearchAction","target":{"@type":"EntryPoint","urlTemplate":"https:\/\/chemsxpress.com\/?s={search_term_string}"},"query-input":{"@type":"PropertyValueSpecification","valueRequired":true,"valueName":"search_term_string"}}],"inLanguage":"de"}]}},"jetpack_sharing_enabled":true,"_links":{"self":[{"href":"https:\/\/chemsxpress.com\/de\/wp-json\/wp\/v2\/product\/27837","targetHints":{"allow":["GET"]}}],"collection":[{"href":"https:\/\/chemsxpress.com\/de\/wp-json\/wp\/v2\/product"}],"about":[{"href":"https:\/\/chemsxpress.com\/de\/wp-json\/wp\/v2\/types\/product"}],"replies":[{"embeddable":true,"href":"https:\/\/chemsxpress.com\/de\/wp-json\/wp\/v2\/comments?post=27837"}],"version-history":[{"count":4,"href":"https:\/\/chemsxpress.com\/de\/wp-json\/wp\/v2\/product\/27837\/revisions"}],"predecessor-version":[{"id":30101,"href":"https:\/\/chemsxpress.com\/de\/wp-json\/wp\/v2\/product\/27837\/revisions\/30101"}],"wp:featuredmedia":[{"embeddable":true,"href":"https:\/\/chemsxpress.com\/de\/wp-json\/wp\/v2\/media\/27868"}],"wp:attachment":[{"href":"https:\/\/chemsxpress.com\/de\/wp-json\/wp\/v2\/media?parent=27837"}],"wp:term":[{"taxonomy":"product_brand","embeddable":true,"href":"https:\/\/chemsxpress.com\/de\/wp-json\/wp\/v2\/product_brand?post=27837"},{"taxonomy":"product_cat","embeddable":true,"href":"https:\/\/chemsxpress.com\/de\/wp-json\/wp\/v2\/product_cat?post=27837"},{"taxonomy":"product_tag","embeddable":true,"href":"https:\/\/chemsxpress.com\/de\/wp-json\/wp\/v2\/product_tag?post=27837"}],"curies":[{"name":"wp","href":"https:\/\/api.w.org\/{rel}","templated":true}]}}