{"id":27841,"date":"2024-04-29T13:12:41","date_gmt":"2024-04-29T13:12:41","guid":{"rendered":"https:\/\/chemsxpress.com\/?post_type=product&#038;p=27841"},"modified":"2024-07-04T23:59:01","modified_gmt":"2024-07-04T23:59:01","slug":"k2-gewurzpapier-kaufen","status":"publish","type":"product","link":"https:\/\/chemsxpress.com\/de\/produkt\/k2-gewurzpapier-kaufen\/","title":{"rendered":"K2 Gew\u00fcrzpapier"},"content":{"rendered":"<h1>K2 Gew\u00fcrzpapier kaufen<\/h1>\n<h5><strong>Einf\u00fchrung in K2 Spice:<\/strong><\/h5>\n<ul>\n<li>K2 Spice Papier kaufen. Erkl\u00e4ren Sie, was K2 Spice ist und wie es sich von nat\u00fcrlichem Cannabis unterscheidet.<\/li>\n<li>Geben Sie einen kurzen \u00dcberblick \u00fcber seine Geschichte, einschlie\u00dflich seiner Entstehung als legale Alternative zu Marihuana.<\/li>\n<\/ul>\n<p><strong>2. Zusammensetzung und Wirkungen:<\/strong><\/p>\n<ul>\n<li>Detaillierte Angaben zur chemischen Zusammensetzung von K2 Spice, wobei die verwendeten synthetischen Cannabinoide hervorzuheben sind.<\/li>\n<li>Beschreiben Sie die Auswirkungen von K2 Spice auf K\u00f6rper und Geist, einschlie\u00dflich erw\u00fcnschter und unerw\u00fcnschter Wirkungen.<\/li>\n<li>Weisen Sie auf die Unberechenbarkeit synthetischer Cannabinoide und das Potenzial f\u00fcr schwere Reaktionen hin.<\/li>\n<\/ul>\n<h1>Gew\u00fcrzpapier zu verkaufen<\/h1>\n<p>Gew\u00fcrzpapier zum Verkauf. 25 ml = 0,845351 fl\u00fcssiges K2 wird in jede A4-Seite infundiert. Kaufen Sie infundiertes A4-Papier und schreiben Sie einen Brief an Ihren Freund im Gef\u00e4ngnis. Dieses Papier hat keinen Geruch und ist farblos. <span style=\"color: #ffffff;\">k2-Papierbl\u00e4tter.<\/span><\/p>\n<p>Bestes Gew\u00fcrzpapier weltweit. Wir haben ein spezielles a4 K2 infundiertes Papier zum Verkauf. K2 Spice Papier, K2 Papier, Mamba Papier, so oder so, es ist so stark, dass es Sie umhaut. Wir versenden weltweit. Wir haben die beste diskrete Verpackung und Versandmethoden. Wir haben auch andere Produkte, die Sie ausprobieren k\u00f6nnen. Kontaktieren Sie uns f\u00fcr weitere Informationen.<span style=\"color: #ffffff;\"> k2-Papierbl\u00e4tter.<\/span><\/p>\n<h2>Verf\u00fcgbare Gew\u00fcrzpapiere<\/h2>\n<ul>\n<li><a href=\"https:\/\/chemsxpress.com\/de\/produkt\/wolke-9-flussiger-weihrauch-kaufen\/\">Wolke 9 Fl\u00fcssig<\/a> Weihrauch infundiertes A4 Papier<\/li>\n<li>ALOHA Mandarine Fl\u00fcssig Weihrauch infundiert A4 Papier<\/li>\n<li>Bizarro Fresh Liquid Weihrauch infundiert A4 Papier<\/li>\n<li><a href=\"https:\/\/chemsxpress.com\/de\/produkt\/bizarro-flussiges-k2-kaufen\/\">Bizarro-Fl\u00fcssigkeit<\/a> Weihrauch infundiertes A4 Papier<\/li>\n<li>Black Label Fl\u00fcssigkeit Weihrauch infundiert A4 Papier<\/li>\n<li>Blazing Blueberry Infused A4 Papier<\/li>\n<li>7H Hawaiian Punch infundiertes A4-Papier<\/li>\n<li>Brainfreeze Fl\u00fcssigkeit Weihrauch infundiert A4 Papier<\/li>\n<li>Buzz Liquid Weihrauch infundiertes A4 Papier<\/li>\n<li>California Dreams Fl\u00fcssigkeitsinfusion A4-Papier<\/li>\n<li>Mit Cannabinoid c-Liquid infundiertes A4-Papier<\/li>\n<li>Diablo Liquid Weihrauch infundiert A4 Papier<\/li>\n<li>e <a href=\"https:\/\/chemsxpress.com\/de\/produkt\/k2-code-red-flussig-kaufen\/\">Fl\u00fcssigkeit CODE RED<\/a> Infundiertes A4-Papier<\/li>\n<li>Klimax Berry Colada Infused A4 Papier<\/li>\n<li>Kush Liquid Weihrauch infundiert A4 Papier<\/li>\n<\/ul>\n<p><a href=\"https:\/\/chemsxpress.com\/de\/\">ChemsXpress<\/a>\u00a0 Ihr One-Stop-Shop f\u00fcr alle Spice Papers Produkte, schneller und diskreter Versand.<\/p>\n<p>&nbsp;<\/p>","protected":false},"excerpt":{"rendered":"<p>K2 Gew\u00fcrzpapier kaufen Einf\u00fchrung in K2 Spice: K2 Gew\u00fcrzpapier kaufen. Erkl\u00e4ren Sie, was K2 Spice ist und wie es funktioniert.<\/p>","protected":false},"featured_media":27870,"comment_status":"open","ping_status":"closed","template":"","meta":[],"product_brand":[],"product_cat":[72],"product_tag":[],"class_list":{"0":"post-27841","1":"product","2":"type-product","3":"status-publish","4":"has-post-thumbnail","6":"product_cat-k2-products","8":"first","9":"instock","10":"shipping-taxable","11":"purchasable","12":"product-type-variable"},"yoast_head":"<!-- This site is optimized with the Yoast SEO Premium plugin v24.1 (Yoast SEO v27.4) - https:\/\/yoast.com\/product\/yoast-seo-premium-wordpress\/ -->\n<title>Buy K2 spice paperPremium Quality RC&#039;s | ChemsXpress<\/title>\n<meta name=\"description\" content=\"Buy K2 spice paper at ChemsXpress. Premium research chemicals, fast shipping. Trust our quality assurance for all your research needs. Order now\" \/>\n<meta name=\"robots\" content=\"index, follow, max-snippet:-1, max-image-preview:large, max-video-preview:-1\" \/>\n<link rel=\"canonical\" href=\"https:\/\/chemsxpress.com\/de\/produkt\/k2-gewurzpapier-kaufen\/\" \/>\n<meta property=\"og:locale\" content=\"de_DE\" \/>\n<meta property=\"og:type\" content=\"article\" \/>\n<meta property=\"og:title\" content=\"K2 spice paper\" \/>\n<meta property=\"og:description\" content=\"Buy K2 spice paper at ChemsXpress. Premium research chemicals, fast shipping. Trust our quality assurance for all your research needs. Order now\" \/>\n<meta property=\"og:url\" content=\"https:\/\/chemsxpress.com\/de\/produkt\/k2-gewurzpapier-kaufen\/\" \/>\n<meta property=\"og:site_name\" content=\"SHOP MDPHP\" \/>\n<meta property=\"article:modified_time\" content=\"2024-07-04T23:59:01+00:00\" \/>\n<meta property=\"og:image\" content=\"https:\/\/chemsxpress.com\/wp-content\/uploads\/2024\/04\/spice-paper-for-sale.jpg\" \/>\n\t<meta property=\"og:image:width\" content=\"1000\" \/>\n\t<meta property=\"og:image:height\" content=\"1000\" \/>\n\t<meta property=\"og:image:type\" content=\"image\/jpeg\" \/>\n<meta name=\"twitter:card\" content=\"summary_large_image\" \/>\n<meta name=\"twitter:label1\" content=\"Gesch\u00e4tzte Lesezeit\" \/>\n\t<meta name=\"twitter:data1\" content=\"2\u00a0Minuten\" \/>\n<script type=\"application\/ld+json\" class=\"yoast-schema-graph\">{\"@context\":\"https:\\\/\\\/schema.org\",\"@graph\":[{\"@type\":\"WebPage\",\"@id\":\"https:\\\/\\\/chemsxpress.com\\\/product\\\/buy-k2-spice-paper\\\/\",\"url\":\"https:\\\/\\\/chemsxpress.com\\\/product\\\/buy-k2-spice-paper\\\/\",\"name\":\"Buy K2 spice paperPremium Quality RC's | ChemsXpress\",\"isPartOf\":{\"@id\":\"https:\\\/\\\/chemsxpress.com\\\/#website\"},\"primaryImageOfPage\":{\"@id\":\"https:\\\/\\\/chemsxpress.com\\\/product\\\/buy-k2-spice-paper\\\/#primaryimage\"},\"image\":{\"@id\":\"https:\\\/\\\/chemsxpress.com\\\/product\\\/buy-k2-spice-paper\\\/#primaryimage\"},\"thumbnailUrl\":\"https:\\\/\\\/chemsxpress.com\\\/wp-content\\\/uploads\\\/2024\\\/04\\\/spice-paper-for-sale.jpg\",\"datePublished\":\"2024-04-29T13:12:41+00:00\",\"dateModified\":\"2024-07-04T23:59:01+00:00\",\"description\":\"Buy K2 spice paper at ChemsXpress. Premium research chemicals, fast shipping. Trust our quality assurance for all your research needs. Order now\",\"breadcrumb\":{\"@id\":\"https:\\\/\\\/chemsxpress.com\\\/product\\\/buy-k2-spice-paper\\\/#breadcrumb\"},\"inLanguage\":\"de\",\"potentialAction\":[{\"@type\":\"ReadAction\",\"target\":[\"https:\\\/\\\/chemsxpress.com\\\/product\\\/buy-k2-spice-paper\\\/\"]}]},{\"@type\":\"ImageObject\",\"inLanguage\":\"de\",\"@id\":\"https:\\\/\\\/chemsxpress.com\\\/product\\\/buy-k2-spice-paper\\\/#primaryimage\",\"url\":\"https:\\\/\\\/chemsxpress.com\\\/wp-content\\\/uploads\\\/2024\\\/04\\\/spice-paper-for-sale.jpg\",\"contentUrl\":\"https:\\\/\\\/chemsxpress.com\\\/wp-content\\\/uploads\\\/2024\\\/04\\\/spice-paper-for-sale.jpg\",\"width\":1000,\"height\":1000,\"caption\":\"Buy K2 spice paper\"},{\"@type\":\"BreadcrumbList\",\"@id\":\"https:\\\/\\\/chemsxpress.com\\\/product\\\/buy-k2-spice-paper\\\/#breadcrumb\",\"itemListElement\":[{\"@type\":\"ListItem\",\"position\":1,\"name\":\"Home\",\"item\":\"https:\\\/\\\/chemsxpress.com\\\/\"},{\"@type\":\"ListItem\",\"position\":2,\"name\":\"Shop\",\"item\":\"https:\\\/\\\/chemsxpress.com\\\/shop\\\/\"},{\"@type\":\"ListItem\",\"position\":3,\"name\":\"K2 spice paper\"}]},{\"@type\":\"WebSite\",\"@id\":\"https:\\\/\\\/chemsxpress.com\\\/#website\",\"url\":\"https:\\\/\\\/chemsxpress.com\\\/\",\"name\":\"SHOP MDPHP\",\"description\":\"Buy MDPHP freebase from reliable supplier\",\"potentialAction\":[{\"@type\":\"SearchAction\",\"target\":{\"@type\":\"EntryPoint\",\"urlTemplate\":\"https:\\\/\\\/chemsxpress.com\\\/?s={search_term_string}\"},\"query-input\":{\"@type\":\"PropertyValueSpecification\",\"valueRequired\":true,\"valueName\":\"search_term_string\"}}],\"inLanguage\":\"de\"}]}<\/script>\n<!-- \/ Yoast SEO Premium plugin. -->","yoast_head_json":{"title":"Kaufen Sie K2-Gew\u00fcrzpapierRC's in Premiumqualit\u00e4t | ChemsXpress","description":"Kaufen Sie 2C-D Pellets bei ChemsXpress. Hochwertige Forschungschemikalien, schneller Versand. Vertrauen Sie unserer Qualit\u00e4tssicherung f\u00fcr Ihren gesamten Forschungsbedarf. Jetzt bestellen","robots":{"index":"index","follow":"follow","max-snippet":"max-snippet:-1","max-image-preview":"max-image-preview:large","max-video-preview":"max-video-preview:-1"},"canonical":"https:\/\/chemsxpress.com\/de\/produkt\/k2-gewurzpapier-kaufen\/","og_locale":"de_DE","og_type":"article","og_title":"K2 spice paper","og_description":"Buy K2 spice paper at ChemsXpress. Premium research chemicals, fast shipping. Trust our quality assurance for all your research needs. Order now","og_url":"https:\/\/chemsxpress.com\/de\/produkt\/k2-gewurzpapier-kaufen\/","og_site_name":"SHOP MDPHP","article_modified_time":"2024-07-04T23:59:01+00:00","og_image":[{"width":1000,"height":1000,"url":"https:\/\/chemsxpress.com\/wp-content\/uploads\/2024\/04\/spice-paper-for-sale.jpg","type":"image\/jpeg"}],"twitter_card":"summary_large_image","twitter_misc":{"Gesch\u00e4tzte Lesezeit":"2\u00a0Minuten"},"schema":{"@context":"https:\/\/schema.org","@graph":[{"@type":"WebPage","@id":"https:\/\/chemsxpress.com\/product\/buy-k2-spice-paper\/","url":"https:\/\/chemsxpress.com\/product\/buy-k2-spice-paper\/","name":"Kaufen Sie K2-Gew\u00fcrzpapierRC's in Premiumqualit\u00e4t | ChemsXpress","isPartOf":{"@id":"https:\/\/chemsxpress.com\/#website"},"primaryImageOfPage":{"@id":"https:\/\/chemsxpress.com\/product\/buy-k2-spice-paper\/#primaryimage"},"image":{"@id":"https:\/\/chemsxpress.com\/product\/buy-k2-spice-paper\/#primaryimage"},"thumbnailUrl":"https:\/\/chemsxpress.com\/wp-content\/uploads\/2024\/04\/spice-paper-for-sale.jpg","datePublished":"2024-04-29T13:12:41+00:00","dateModified":"2024-07-04T23:59:01+00:00","description":"Kaufen Sie 2C-D Pellets bei ChemsXpress. Hochwertige Forschungschemikalien, schneller Versand. Vertrauen Sie unserer Qualit\u00e4tssicherung f\u00fcr Ihren gesamten Forschungsbedarf. Jetzt bestellen","breadcrumb":{"@id":"https:\/\/chemsxpress.com\/product\/buy-k2-spice-paper\/#breadcrumb"},"inLanguage":"de","potentialAction":[{"@type":"ReadAction","target":["https:\/\/chemsxpress.com\/product\/buy-k2-spice-paper\/"]}]},{"@type":"ImageObject","inLanguage":"de","@id":"https:\/\/chemsxpress.com\/product\/buy-k2-spice-paper\/#primaryimage","url":"https:\/\/chemsxpress.com\/wp-content\/uploads\/2024\/04\/spice-paper-for-sale.jpg","contentUrl":"https:\/\/chemsxpress.com\/wp-content\/uploads\/2024\/04\/spice-paper-for-sale.jpg","width":1000,"height":1000,"caption":"Buy K2 spice paper"},{"@type":"BreadcrumbList","@id":"https:\/\/chemsxpress.com\/product\/buy-k2-spice-paper\/#breadcrumb","itemListElement":[{"@type":"ListItem","position":1,"name":"Home","item":"https:\/\/chemsxpress.com\/"},{"@type":"ListItem","position":2,"name":"Shop","item":"https:\/\/chemsxpress.com\/shop\/"},{"@type":"ListItem","position":3,"name":"K2 spice paper"}]},{"@type":"WebSite","@id":"https:\/\/chemsxpress.com\/#website","url":"https:\/\/chemsxpress.com\/","name":"MDPHP EINKAUFEN","description":"MDPHP freebase von einem zuverl\u00e4ssigen Anbieter kaufen","potentialAction":[{"@type":"SearchAction","target":{"@type":"EntryPoint","urlTemplate":"https:\/\/chemsxpress.com\/?s={search_term_string}"},"query-input":{"@type":"PropertyValueSpecification","valueRequired":true,"valueName":"search_term_string"}}],"inLanguage":"de"}]}},"jetpack_sharing_enabled":true,"_links":{"self":[{"href":"https:\/\/chemsxpress.com\/de\/wp-json\/wp\/v2\/product\/27841","targetHints":{"allow":["GET"]}}],"collection":[{"href":"https:\/\/chemsxpress.com\/de\/wp-json\/wp\/v2\/product"}],"about":[{"href":"https:\/\/chemsxpress.com\/de\/wp-json\/wp\/v2\/types\/product"}],"replies":[{"embeddable":true,"href":"https:\/\/chemsxpress.com\/de\/wp-json\/wp\/v2\/comments?post=27841"}],"version-history":[{"count":3,"href":"https:\/\/chemsxpress.com\/de\/wp-json\/wp\/v2\/product\/27841\/revisions"}],"predecessor-version":[{"id":30100,"href":"https:\/\/chemsxpress.com\/de\/wp-json\/wp\/v2\/product\/27841\/revisions\/30100"}],"wp:featuredmedia":[{"embeddable":true,"href":"https:\/\/chemsxpress.com\/de\/wp-json\/wp\/v2\/media\/27870"}],"wp:attachment":[{"href":"https:\/\/chemsxpress.com\/de\/wp-json\/wp\/v2\/media?parent=27841"}],"wp:term":[{"taxonomy":"product_brand","embeddable":true,"href":"https:\/\/chemsxpress.com\/de\/wp-json\/wp\/v2\/product_brand?post=27841"},{"taxonomy":"product_cat","embeddable":true,"href":"https:\/\/chemsxpress.com\/de\/wp-json\/wp\/v2\/product_cat?post=27841"},{"taxonomy":"product_tag","embeddable":true,"href":"https:\/\/chemsxpress.com\/de\/wp-json\/wp\/v2\/product_tag?post=27841"}],"curies":[{"name":"wp","href":"https:\/\/api.w.org\/{rel}","templated":true}]}}