{"id":27842,"date":"2024-04-29T13:12:41","date_gmt":"2024-04-29T13:12:41","guid":{"rendered":"https:\/\/chemsxpress.com\/?post_type=product&#038;p=27842"},"modified":"2024-07-04T23:58:08","modified_gmt":"2024-07-04T23:58:08","slug":"k2-spice-spray-diablo-kaufen","status":"publish","type":"product","link":"https:\/\/chemsxpress.com\/de\/produkt\/k2-spice-spray-diablo-kaufen\/","title":{"rendered":"K2 Gew\u00fcrzspray diablo"},"content":{"rendered":"<h1>K2 Gew\u00fcrzspray Diablo kaufen<\/h1>\n<h2>K2 Gew\u00fcrzspray Diablo<\/h2>\n<p>Kaufen Sie K2 Gew\u00fcrzspray Diablo, Diablo K2 Fl\u00fcssigspray auf Papier ist einer der meistverkauften Artikel des hoch bewerteten Unternehmens Diablo. Die Fl\u00fcssigkeit wird aus synthetischen Cannabinoiden gewonnen, die den aus der Cannabispflanze stammenden Cannabinoiden \u00e4hnlich sind. Der Weihrauch wird unter der Aufsicht von qualifiziertem Personal in Pr\u00fcflabors hergestellt. Er wird extrahiert aus <a href=\"https:\/\/chemsxpress.com\/de\/produktkategorie\/forschungschemikalien\/\">Forschungschemikalien<\/a> die unter der Aufsicht von qualifiziertem Personal in Pr\u00fcflabors erstellt werden.<\/p>\n<p>Wenn die Fl\u00fcssigkeit extrahiert ist, wird sie zu K2-Spray verdr\u00e4ngt und dann auf A4-Druckpapier gespr\u00fcht. Der perfekte Weg, um sich nach einem stressigen Tag zu entspannen. Diablo K2 Fl\u00fcssigspray verkauft sich wie warme Semmeln wegen seiner chemischen Zusammensetzung, die Ihnen hilft, in wenigen Minuten high zu werden, weshalb die Leute es mehr als zuvor nachfragen.<\/p>\n<h2>Eigenschaften:<\/h2>\n<ul>\n<li>Lang anhaltende Ergebnisse<\/li>\n<li>Vergn\u00fcgen beim Rauchen<\/li>\n<li>Sehr wirkungsvoll<\/li>\n<li>Hoch Af<\/li>\n<\/ul>\n<h2>Umgebung f\u00fcr die Nutzung:<\/h2>\n<p>Sie k\u00f6nnen Diablo K2 Bl\u00e4tter in jeder Art von Umgebung verwenden. Dar\u00fcber hinaus haben wir empfohlen, es in Innenr\u00e4umen zu verwenden, um den besten Geschmack des gew\u00fcnschten Produkts zu genie\u00dfen. Es ist perfekt, um auf Partys mit alten Freunden wegen seiner reichen Potenz zu genie\u00dfen, werden sie von den Ergebnissen dieser fl\u00fcssigen Spray mit nicht viel Aufwand \u00fcberrascht sein, um hoch zu bekommen.<\/p>\n<h2>Auswirkungen von Diablo k2 Papier:<\/h2>\n<p>Diablo K2 Fl\u00fcssigspray auf dem Papier funktioniert als eine der schnell wirkenden Drogen und es wird Sie f\u00fchlen sich innerhalb weniger Minuten erh\u00f6ht. Der beste Weg, um zu konsumieren und Zeit zu sparen ist, weil dies bereits ein komplettes Produkt zu konsumieren, nach dem Verbrauch einer kleinen Menge davon werden Sie hoch auf dem H\u00f6hepunkt f\u00fchlen. Die meisten Menschen verwendet Diablo K2 Bl\u00e4tter, um ihre Arbeitsf\u00e4higkeit wegen ihrer reinen extrahierten Form zu verbessern und einige von ihnen verwenden dieses Produkt, um Depressionen und Angst zu \u00fcberwinden.<\/p>\n<h2>Verwenden Sie kein Diablo k2-Papier:<\/h2>\n<ul>\n<li>Schwangere Frauen d\u00fcrfen dieses Produkt nicht verwenden<\/li>\n<li>Verwenden Sie dieses Produkt NICHT vor Vollendung des 18.<\/li>\n<\/ul>\n<h2>Haftungsausschluss:<\/h2>\n<p>Verwenden Sie mit Diablo-R\u00e4ucherst\u00e4bchen gef\u00fcllte Bl\u00e4tter nur zur Behandlung bestimmter psychischer Krankheiten und nicht f\u00fcr den t\u00e4glichen Gebrauch. Verwenden Sie es in geringen Mengen, wenn Sie es zum ersten Mal verwenden.<br \/>\nDar\u00fcber hinaus sind diese Diablo-R\u00e4uchert\u00fccher nicht f\u00fcr den t\u00e4glichen Gebrauch bestimmt. Ein \u00fcberm\u00e4\u00dfiger Gebrauch dieses Produkts kann nach einiger Zeit zu schweren psychischen Erkrankungen und anderen gesundheitlichen Problemen f\u00fchren. Hersteller und H\u00e4ndler sind nicht verantwortlich f\u00fcr einen Missbrauch. Vorsicht!<\/p>\n<p><a href=\"https:\/\/chemsxpress.com\/de\/\">ChemsXpress<\/a> hat es sich zur Aufgabe gemacht, wissenschaftliche Forschung und Innovation zu unterst\u00fctzen, indem wir Forschern Zugang zu erstklassigen Forschungschemikalien bieten. Entdecken Sie unseren umfangreichen Katalog mit vier pflanzlichen Weihrauchsorten und begeben Sie sich mit Zuversicht und Vertrauen in ChemsXpress auf Ihre wissenschaftliche Reise.<\/p>","protected":false},"excerpt":{"rendered":"<p>K2 Gew\u00fcrzspray Diablo kaufen K2 Gew\u00fcrzspray Diablo Kaufen Sie K2 Gew\u00fcrzspray Diablo, Diablo K2 Fl\u00fcssigspray auf Papier<\/p>","protected":false},"featured_media":27872,"comment_status":"open","ping_status":"closed","template":"","meta":[],"product_brand":[],"product_cat":[72],"product_tag":[],"class_list":{"0":"post-27842","1":"product","2":"type-product","3":"status-publish","4":"has-post-thumbnail","6":"product_cat-k2-products","8":"first","9":"instock","10":"shipping-taxable","11":"purchasable","12":"product-type-variable"},"yoast_head":"<!-- This site is optimized with the Yoast SEO Premium plugin v24.1 (Yoast SEO v27.3) - https:\/\/yoast.com\/product\/yoast-seo-premium-wordpress\/ -->\n<title>Buy K2 spice spray diablo Premium Quality | ChemsXpress<\/title>\n<meta name=\"description\" content=\"Buy K2 spice spray diablo at ChemsXpress. Premium , fast shipping. Trust our quality assurance for all your research needs. Order now\" \/>\n<meta name=\"robots\" content=\"index, follow, max-snippet:-1, max-image-preview:large, max-video-preview:-1\" \/>\n<link rel=\"canonical\" href=\"https:\/\/chemsxpress.com\/de\/produkt\/k2-spice-spray-diablo-kaufen\/\" \/>\n<meta property=\"og:locale\" content=\"de_DE\" \/>\n<meta property=\"og:type\" content=\"article\" \/>\n<meta property=\"og:title\" content=\"K2 spice spray diablo\" \/>\n<meta property=\"og:description\" content=\"Buy K2 spice spray diablo at ChemsXpress. Premium , fast shipping. Trust our quality assurance for all your research needs. Order now\" \/>\n<meta property=\"og:url\" content=\"https:\/\/chemsxpress.com\/de\/produkt\/k2-spice-spray-diablo-kaufen\/\" \/>\n<meta property=\"og:site_name\" content=\"SHOP MDPHP\" \/>\n<meta property=\"article:modified_time\" content=\"2024-07-04T23:58:08+00:00\" \/>\n<meta property=\"og:image\" content=\"https:\/\/chemsxpress.com\/wp-content\/uploads\/2024\/04\/K2-Spice-Spray-Diablo-1.jpg\" \/>\n\t<meta property=\"og:image:width\" content=\"800\" \/>\n\t<meta property=\"og:image:height\" content=\"800\" \/>\n\t<meta property=\"og:image:type\" content=\"image\/jpeg\" \/>\n<meta name=\"twitter:card\" content=\"summary_large_image\" \/>\n<meta name=\"twitter:label1\" content=\"Gesch\u00e4tzte Lesezeit\" \/>\n\t<meta name=\"twitter:data1\" content=\"3\u00a0Minuten\" \/>\n<script type=\"application\/ld+json\" class=\"yoast-schema-graph\">{\"@context\":\"https:\\\/\\\/schema.org\",\"@graph\":[{\"@type\":\"WebPage\",\"@id\":\"https:\\\/\\\/chemsxpress.com\\\/product\\\/buy-k2-spice-spray-diablo\\\/\",\"url\":\"https:\\\/\\\/chemsxpress.com\\\/product\\\/buy-k2-spice-spray-diablo\\\/\",\"name\":\"Buy K2 spice spray diablo Premium Quality | ChemsXpress\",\"isPartOf\":{\"@id\":\"https:\\\/\\\/chemsxpress.com\\\/#website\"},\"primaryImageOfPage\":{\"@id\":\"https:\\\/\\\/chemsxpress.com\\\/product\\\/buy-k2-spice-spray-diablo\\\/#primaryimage\"},\"image\":{\"@id\":\"https:\\\/\\\/chemsxpress.com\\\/product\\\/buy-k2-spice-spray-diablo\\\/#primaryimage\"},\"thumbnailUrl\":\"https:\\\/\\\/chemsxpress.com\\\/wp-content\\\/uploads\\\/2024\\\/04\\\/K2-Spice-Spray-Diablo-1.jpg\",\"datePublished\":\"2024-04-29T13:12:41+00:00\",\"dateModified\":\"2024-07-04T23:58:08+00:00\",\"description\":\"Buy K2 spice spray diablo at ChemsXpress. Premium , fast shipping. Trust our quality assurance for all your research needs. Order now\",\"breadcrumb\":{\"@id\":\"https:\\\/\\\/chemsxpress.com\\\/product\\\/buy-k2-spice-spray-diablo\\\/#breadcrumb\"},\"inLanguage\":\"de\",\"potentialAction\":[{\"@type\":\"ReadAction\",\"target\":[\"https:\\\/\\\/chemsxpress.com\\\/product\\\/buy-k2-spice-spray-diablo\\\/\"]}]},{\"@type\":\"ImageObject\",\"inLanguage\":\"de\",\"@id\":\"https:\\\/\\\/chemsxpress.com\\\/product\\\/buy-k2-spice-spray-diablo\\\/#primaryimage\",\"url\":\"https:\\\/\\\/chemsxpress.com\\\/wp-content\\\/uploads\\\/2024\\\/04\\\/K2-Spice-Spray-Diablo-1.jpg\",\"contentUrl\":\"https:\\\/\\\/chemsxpress.com\\\/wp-content\\\/uploads\\\/2024\\\/04\\\/K2-Spice-Spray-Diablo-1.jpg\",\"width\":800,\"height\":800,\"caption\":\"Buy K2 spice spray diablo\"},{\"@type\":\"BreadcrumbList\",\"@id\":\"https:\\\/\\\/chemsxpress.com\\\/product\\\/buy-k2-spice-spray-diablo\\\/#breadcrumb\",\"itemListElement\":[{\"@type\":\"ListItem\",\"position\":1,\"name\":\"Home\",\"item\":\"https:\\\/\\\/chemsxpress.com\\\/\"},{\"@type\":\"ListItem\",\"position\":2,\"name\":\"Shop\",\"item\":\"https:\\\/\\\/chemsxpress.com\\\/shop\\\/\"},{\"@type\":\"ListItem\",\"position\":3,\"name\":\"K2 spice spray diablo\"}]},{\"@type\":\"WebSite\",\"@id\":\"https:\\\/\\\/chemsxpress.com\\\/#website\",\"url\":\"https:\\\/\\\/chemsxpress.com\\\/\",\"name\":\"SHOP MDPHP\",\"description\":\"Buy MDPHP freebase from reliable supplier\",\"potentialAction\":[{\"@type\":\"SearchAction\",\"target\":{\"@type\":\"EntryPoint\",\"urlTemplate\":\"https:\\\/\\\/chemsxpress.com\\\/?s={search_term_string}\"},\"query-input\":{\"@type\":\"PropertyValueSpecification\",\"valueRequired\":true,\"valueName\":\"search_term_string\"}}],\"inLanguage\":\"de\"}]}<\/script>\n<!-- \/ Yoast SEO Premium plugin. -->","yoast_head_json":{"title":"Kaufen Sie K2 Gew\u00fcrzspray Diablo Premium Qualit\u00e4t | ChemsXpress","description":"Kaufen Sie 2C-D Pellets bei ChemsXpress. Hochwertige Forschungschemikalien, schneller Versand. Vertrauen Sie unserer Qualit\u00e4tssicherung f\u00fcr Ihren gesamten Forschungsbedarf. Jetzt bestellen","robots":{"index":"index","follow":"follow","max-snippet":"max-snippet:-1","max-image-preview":"max-image-preview:large","max-video-preview":"max-video-preview:-1"},"canonical":"https:\/\/chemsxpress.com\/de\/produkt\/k2-spice-spray-diablo-kaufen\/","og_locale":"de_DE","og_type":"article","og_title":"K2 spice spray diablo","og_description":"Buy K2 spice spray diablo at ChemsXpress. Premium , fast shipping. Trust our quality assurance for all your research needs. Order now","og_url":"https:\/\/chemsxpress.com\/de\/produkt\/k2-spice-spray-diablo-kaufen\/","og_site_name":"SHOP MDPHP","article_modified_time":"2024-07-04T23:58:08+00:00","og_image":[{"width":800,"height":800,"url":"https:\/\/chemsxpress.com\/wp-content\/uploads\/2024\/04\/K2-Spice-Spray-Diablo-1.jpg","type":"image\/jpeg"}],"twitter_card":"summary_large_image","twitter_misc":{"Gesch\u00e4tzte Lesezeit":"3\u00a0Minuten"},"schema":{"@context":"https:\/\/schema.org","@graph":[{"@type":"WebPage","@id":"https:\/\/chemsxpress.com\/product\/buy-k2-spice-spray-diablo\/","url":"https:\/\/chemsxpress.com\/product\/buy-k2-spice-spray-diablo\/","name":"Kaufen Sie K2 Gew\u00fcrzspray Diablo Premium Qualit\u00e4t | ChemsXpress","isPartOf":{"@id":"https:\/\/chemsxpress.com\/#website"},"primaryImageOfPage":{"@id":"https:\/\/chemsxpress.com\/product\/buy-k2-spice-spray-diablo\/#primaryimage"},"image":{"@id":"https:\/\/chemsxpress.com\/product\/buy-k2-spice-spray-diablo\/#primaryimage"},"thumbnailUrl":"https:\/\/chemsxpress.com\/wp-content\/uploads\/2024\/04\/K2-Spice-Spray-Diablo-1.jpg","datePublished":"2024-04-29T13:12:41+00:00","dateModified":"2024-07-04T23:58:08+00:00","description":"Kaufen Sie 2C-D Pellets bei ChemsXpress. Hochwertige Forschungschemikalien, schneller Versand. Vertrauen Sie unserer Qualit\u00e4tssicherung f\u00fcr Ihren gesamten Forschungsbedarf. Jetzt bestellen","breadcrumb":{"@id":"https:\/\/chemsxpress.com\/product\/buy-k2-spice-spray-diablo\/#breadcrumb"},"inLanguage":"de","potentialAction":[{"@type":"ReadAction","target":["https:\/\/chemsxpress.com\/product\/buy-k2-spice-spray-diablo\/"]}]},{"@type":"ImageObject","inLanguage":"de","@id":"https:\/\/chemsxpress.com\/product\/buy-k2-spice-spray-diablo\/#primaryimage","url":"https:\/\/chemsxpress.com\/wp-content\/uploads\/2024\/04\/K2-Spice-Spray-Diablo-1.jpg","contentUrl":"https:\/\/chemsxpress.com\/wp-content\/uploads\/2024\/04\/K2-Spice-Spray-Diablo-1.jpg","width":800,"height":800,"caption":"Buy K2 spice spray diablo"},{"@type":"BreadcrumbList","@id":"https:\/\/chemsxpress.com\/product\/buy-k2-spice-spray-diablo\/#breadcrumb","itemListElement":[{"@type":"ListItem","position":1,"name":"Home","item":"https:\/\/chemsxpress.com\/"},{"@type":"ListItem","position":2,"name":"Shop","item":"https:\/\/chemsxpress.com\/shop\/"},{"@type":"ListItem","position":3,"name":"K2 spice spray diablo"}]},{"@type":"WebSite","@id":"https:\/\/chemsxpress.com\/#website","url":"https:\/\/chemsxpress.com\/","name":"MDPHP EINKAUFEN","description":"MDPHP freebase von einem zuverl\u00e4ssigen Anbieter kaufen","potentialAction":[{"@type":"SearchAction","target":{"@type":"EntryPoint","urlTemplate":"https:\/\/chemsxpress.com\/?s={search_term_string}"},"query-input":{"@type":"PropertyValueSpecification","valueRequired":true,"valueName":"search_term_string"}}],"inLanguage":"de"}]}},"jetpack_sharing_enabled":true,"_links":{"self":[{"href":"https:\/\/chemsxpress.com\/de\/wp-json\/wp\/v2\/product\/27842","targetHints":{"allow":["GET"]}}],"collection":[{"href":"https:\/\/chemsxpress.com\/de\/wp-json\/wp\/v2\/product"}],"about":[{"href":"https:\/\/chemsxpress.com\/de\/wp-json\/wp\/v2\/types\/product"}],"replies":[{"embeddable":true,"href":"https:\/\/chemsxpress.com\/de\/wp-json\/wp\/v2\/comments?post=27842"}],"version-history":[{"count":4,"href":"https:\/\/chemsxpress.com\/de\/wp-json\/wp\/v2\/product\/27842\/revisions"}],"predecessor-version":[{"id":30099,"href":"https:\/\/chemsxpress.com\/de\/wp-json\/wp\/v2\/product\/27842\/revisions\/30099"}],"wp:featuredmedia":[{"embeddable":true,"href":"https:\/\/chemsxpress.com\/de\/wp-json\/wp\/v2\/media\/27872"}],"wp:attachment":[{"href":"https:\/\/chemsxpress.com\/de\/wp-json\/wp\/v2\/media?parent=27842"}],"wp:term":[{"taxonomy":"product_brand","embeddable":true,"href":"https:\/\/chemsxpress.com\/de\/wp-json\/wp\/v2\/product_brand?post=27842"},{"taxonomy":"product_cat","embeddable":true,"href":"https:\/\/chemsxpress.com\/de\/wp-json\/wp\/v2\/product_cat?post=27842"},{"taxonomy":"product_tag","embeddable":true,"href":"https:\/\/chemsxpress.com\/de\/wp-json\/wp\/v2\/product_tag?post=27842"}],"curies":[{"name":"wp","href":"https:\/\/api.w.org\/{rel}","templated":true}]}}