{"id":27847,"date":"2024-04-29T13:12:41","date_gmt":"2024-04-29T13:12:41","guid":{"rendered":"https:\/\/chemsxpress.com\/?post_type=product&#038;p=27847"},"modified":"2024-07-04T23:57:38","modified_gmt":"2024-07-04T23:57:38","slug":"wutende-vogel-raum-weihrauch-kaufen","status":"publish","type":"product","link":"https:\/\/chemsxpress.com\/de\/produkt\/wutende-vogel-raum-weihrauch-kaufen\/","title":{"rendered":"Angry Birds Space Weihrauch"},"content":{"rendered":"<h1>Angry Birds Space Weihrauch kaufen<\/h1>\n<p>Kaufen Sie Angry Birds Space R\u00e4ucherst\u00e4bchen, Angry Birds Space Kr\u00e4uterr\u00e4ucherst\u00e4bchen versetzen erfahrene Kunden in den Schlaf mit nur dem Duft von nur einer kleinen Ber\u00fchrung. Neue Kunden sollten vorsichtig sein, w\u00e4hrend mit diesem Produkt.<\/p>\n<h2>Wo w\u00fcrde man dieses Produkt verwenden?<\/h2>\n<p>Es kann nicht oral eingenommen werden, sondern nur durch direktes Einatmen der Substanz.<\/p>\n<h2>Wann sollte man das Produkt verwenden?<\/h2>\n<p>Menschen, die dieses Produkt verwendet werden, sind froh, es zu rauchen, wird es eine positive Wirkung auf Ihren K\u00f6rper zu bringen. Einige Leute sagen, es ist ein \"Heilkraut\" und viele von ihnen sagen, es Wunder Kraut, das verwendet werden kann, um verschiedene Krankheiten zu heilen vor allem als ein entspannendes Mittel verwendet und haben eine gro\u00dfe Qualit\u00e4t der stimmungsaufhellende und stressl\u00f6sende Eigenschaften. Seit wir dieses Produkt vor kurzem eingef\u00fchrt haben, gehen die Bestellungen sehr schnell ein wie warme Semmeln, was zeigt, dass die Kunden es lieben, es als Medikament zu genie\u00dfen. Wir warnen jedoch, dass dieses Produkt nicht f\u00fcr Personen unter 18 Jahren geeignet ist.<\/p>\n<p><a href=\"https:\/\/chemsxpress.com\/de\/\">ChemsXpress<\/a> hat sich der Unterst\u00fctzung wissenschaftlicher Forschung und Innovation verschrieben, indem es Forschern Zugang zu hochwertigen Forschungschemikalien verschafft. Entdecken Sie unseren umfangreichen Katalog an Forschungschemikalien, darunter <a href=\"https:\/\/chemsxpress.com\/de\/produkt\/space-cadet-krauterweihrauch-kaufen\/\">pflanzlicher Weihrauch\u00a0<\/a> und begeben Sie sich mit Zuversicht und Vertrauen in ChemsXpress auf Ihre wissenschaftliche Reise.<\/p>\n<p>Pflanzliche R\u00e4ucherprodukte wie \"Angry Birds Space Incense\" werden oft als legale Alternative zu Cannabis oder als Aromatherapieprodukte vermarktet. Sie k\u00f6nnen jedoch synthetische Cannabinoide oder andere Substanzen enthalten, die unvorhersehbare Wirkungen haben und erhebliche Gesundheitsrisiken mit sich bringen k\u00f6nnen.<\/p>\n<p>In Anbetracht der potenziellen Gefahren, die mit diesen Produkten verbunden sind, ist es wichtig, Gesundheit und Sicherheit in den Vordergrund zu stellen. Wenn Sie zu Forschungszwecken Informationen \u00fcber Substanzen suchen oder Fragen zum Drogenmissbrauch haben, sollten Sie sich an seri\u00f6se Quellen wenden, z. B. an medizinisches Fachpersonal, Suchtspezialisten oder \u00f6ffentliche Gesundheitsorganisationen.<\/p>\n<p>Wenn Sie oder jemand, den Sie kennen, mit Drogenmissbrauch zu k\u00e4mpfen hat, ist es wichtig, sich von qualifizierten Fachleuten helfen zu lassen, die Unterst\u00fctzung, Beratung und Behandlungsm\u00f6glichkeiten anbieten k\u00f6nnen. Dar\u00fcber hinaus kann die F\u00f6rderung des Bewusstseins f\u00fcr die mit Drogenmissbrauch verbundenen Risiken und das Eintreten f\u00fcr evidenzbasierte Pr\u00e4ventions- und Schadensbegrenzungsma\u00dfnahmen dazu beitragen, Einzelpersonen zu sch\u00fctzen und <a href=\"https:\/\/chemsxpress.com\/de\/produktkategorie\/forschungschemikalien\/\">Gemeinden.<\/a><\/p>","protected":false},"excerpt":{"rendered":"<p>Kaufen Sie Angry Birds Space R\u00e4ucherst\u00e4bchen Kaufen Sie Angry Birds Space R\u00e4ucherst\u00e4bchen, Angry Birds Space Kr\u00e4uterr\u00e4ucherst\u00e4bchen versetzen erfahrene Kunden in den Schlaf<\/p>","protected":false},"featured_media":27874,"comment_status":"open","ping_status":"closed","template":"","meta":[],"product_brand":[],"product_cat":[73],"product_tag":[],"class_list":{"0":"post-27847","1":"product","2":"type-product","3":"status-publish","4":"has-post-thumbnail","6":"product_cat-herbal-incense","8":"first","9":"instock","10":"shipping-taxable","11":"purchasable","12":"product-type-variable"},"yoast_head":"<!-- This site is optimized with the Yoast SEO Premium plugin v24.1 (Yoast SEO v27.4) - https:\/\/yoast.com\/product\/yoast-seo-premium-wordpress\/ -->\n<title>Buy Angry Birds Space Incense | Premium incense ChemsXpress<\/title>\n<meta name=\"description\" content=\"Buy Angry Birds Space Incense at ChemsXpress. Premium herbal incense, fast shipping. Trust our quality assurance for all your research needs. Order now\" \/>\n<meta name=\"robots\" content=\"index, follow, max-snippet:-1, max-image-preview:large, max-video-preview:-1\" \/>\n<link rel=\"canonical\" href=\"https:\/\/chemsxpress.com\/de\/produkt\/wutende-vogel-raum-weihrauch-kaufen\/\" \/>\n<meta property=\"og:locale\" content=\"de_DE\" \/>\n<meta property=\"og:type\" content=\"article\" \/>\n<meta property=\"og:title\" content=\"Angry Birds Space Incense\" \/>\n<meta property=\"og:description\" content=\"Buy Angry Birds Space Incense at ChemsXpress. Premium herbal incense, fast shipping. Trust our quality assurance for all your research needs. Order now\" \/>\n<meta property=\"og:url\" content=\"https:\/\/chemsxpress.com\/de\/produkt\/wutende-vogel-raum-weihrauch-kaufen\/\" \/>\n<meta property=\"og:site_name\" content=\"SHOP MDPHP\" \/>\n<meta property=\"article:modified_time\" content=\"2024-07-04T23:57:38+00:00\" \/>\n<meta property=\"og:image\" content=\"https:\/\/chemsxpress.com\/wp-content\/uploads\/2024\/04\/angry-birds-space-incense.jpg\" \/>\n\t<meta property=\"og:image:width\" content=\"800\" \/>\n\t<meta property=\"og:image:height\" content=\"800\" \/>\n\t<meta property=\"og:image:type\" content=\"image\/jpeg\" \/>\n<meta name=\"twitter:card\" content=\"summary_large_image\" \/>\n<meta name=\"twitter:label1\" content=\"Gesch\u00e4tzte Lesezeit\" \/>\n\t<meta name=\"twitter:data1\" content=\"2\u00a0Minuten\" \/>\n<script type=\"application\/ld+json\" class=\"yoast-schema-graph\">{\"@context\":\"https:\\\/\\\/schema.org\",\"@graph\":[{\"@type\":\"WebPage\",\"@id\":\"https:\\\/\\\/chemsxpress.com\\\/product\\\/buy-angry-birds-space-incense\\\/\",\"url\":\"https:\\\/\\\/chemsxpress.com\\\/product\\\/buy-angry-birds-space-incense\\\/\",\"name\":\"Buy Angry Birds Space Incense | Premium incense ChemsXpress\",\"isPartOf\":{\"@id\":\"https:\\\/\\\/chemsxpress.com\\\/#website\"},\"primaryImageOfPage\":{\"@id\":\"https:\\\/\\\/chemsxpress.com\\\/product\\\/buy-angry-birds-space-incense\\\/#primaryimage\"},\"image\":{\"@id\":\"https:\\\/\\\/chemsxpress.com\\\/product\\\/buy-angry-birds-space-incense\\\/#primaryimage\"},\"thumbnailUrl\":\"https:\\\/\\\/chemsxpress.com\\\/wp-content\\\/uploads\\\/2024\\\/04\\\/angry-birds-space-incense.jpg\",\"datePublished\":\"2024-04-29T13:12:41+00:00\",\"dateModified\":\"2024-07-04T23:57:38+00:00\",\"description\":\"Buy Angry Birds Space Incense at ChemsXpress. Premium herbal incense, fast shipping. Trust our quality assurance for all your research needs. Order now\",\"breadcrumb\":{\"@id\":\"https:\\\/\\\/chemsxpress.com\\\/product\\\/buy-angry-birds-space-incense\\\/#breadcrumb\"},\"inLanguage\":\"de\",\"potentialAction\":[{\"@type\":\"ReadAction\",\"target\":[\"https:\\\/\\\/chemsxpress.com\\\/product\\\/buy-angry-birds-space-incense\\\/\"]}]},{\"@type\":\"ImageObject\",\"inLanguage\":\"de\",\"@id\":\"https:\\\/\\\/chemsxpress.com\\\/product\\\/buy-angry-birds-space-incense\\\/#primaryimage\",\"url\":\"https:\\\/\\\/chemsxpress.com\\\/wp-content\\\/uploads\\\/2024\\\/04\\\/angry-birds-space-incense.jpg\",\"contentUrl\":\"https:\\\/\\\/chemsxpress.com\\\/wp-content\\\/uploads\\\/2024\\\/04\\\/angry-birds-space-incense.jpg\",\"width\":800,\"height\":800,\"caption\":\"Buy Angry Birds Space Incense\"},{\"@type\":\"BreadcrumbList\",\"@id\":\"https:\\\/\\\/chemsxpress.com\\\/product\\\/buy-angry-birds-space-incense\\\/#breadcrumb\",\"itemListElement\":[{\"@type\":\"ListItem\",\"position\":1,\"name\":\"Home\",\"item\":\"https:\\\/\\\/chemsxpress.com\\\/\"},{\"@type\":\"ListItem\",\"position\":2,\"name\":\"Shop\",\"item\":\"https:\\\/\\\/chemsxpress.com\\\/shop\\\/\"},{\"@type\":\"ListItem\",\"position\":3,\"name\":\"Angry Birds Space Incense\"}]},{\"@type\":\"WebSite\",\"@id\":\"https:\\\/\\\/chemsxpress.com\\\/#website\",\"url\":\"https:\\\/\\\/chemsxpress.com\\\/\",\"name\":\"SHOP MDPHP\",\"description\":\"Buy MDPHP freebase from reliable supplier\",\"potentialAction\":[{\"@type\":\"SearchAction\",\"target\":{\"@type\":\"EntryPoint\",\"urlTemplate\":\"https:\\\/\\\/chemsxpress.com\\\/?s={search_term_string}\"},\"query-input\":{\"@type\":\"PropertyValueSpecification\",\"valueRequired\":true,\"valueName\":\"search_term_string\"}}],\"inLanguage\":\"de\"}]}<\/script>\n<!-- \/ Yoast SEO Premium plugin. -->","yoast_head_json":{"title":"Kaufen Sie Angry Birds Space Weihrauch | Premium-R\u00e4ucherst\u00e4bchen ChemsXpress","description":"Kaufen Sie Angry Birds Space Incense bei ChemsXpress. Premium-Kr\u00e4uter-R\u00e4ucherst\u00e4bchen, schneller Versand. Vertrauen Sie unserer Qualit\u00e4tssicherung f\u00fcr alle Ihre Forschungsbed\u00fcrfnisse. Jetzt bestellen","robots":{"index":"index","follow":"follow","max-snippet":"max-snippet:-1","max-image-preview":"max-image-preview:large","max-video-preview":"max-video-preview:-1"},"canonical":"https:\/\/chemsxpress.com\/de\/produkt\/wutende-vogel-raum-weihrauch-kaufen\/","og_locale":"de_DE","og_type":"article","og_title":"Angry Birds Space Incense","og_description":"Buy Angry Birds Space Incense at ChemsXpress. Premium herbal incense, fast shipping. Trust our quality assurance for all your research needs. Order now","og_url":"https:\/\/chemsxpress.com\/de\/produkt\/wutende-vogel-raum-weihrauch-kaufen\/","og_site_name":"SHOP MDPHP","article_modified_time":"2024-07-04T23:57:38+00:00","og_image":[{"width":800,"height":800,"url":"https:\/\/chemsxpress.com\/wp-content\/uploads\/2024\/04\/angry-birds-space-incense.jpg","type":"image\/jpeg"}],"twitter_card":"summary_large_image","twitter_misc":{"Gesch\u00e4tzte Lesezeit":"2\u00a0Minuten"},"schema":{"@context":"https:\/\/schema.org","@graph":[{"@type":"WebPage","@id":"https:\/\/chemsxpress.com\/product\/buy-angry-birds-space-incense\/","url":"https:\/\/chemsxpress.com\/product\/buy-angry-birds-space-incense\/","name":"Kaufen Sie Angry Birds Space Weihrauch | Premium-R\u00e4ucherst\u00e4bchen ChemsXpress","isPartOf":{"@id":"https:\/\/chemsxpress.com\/#website"},"primaryImageOfPage":{"@id":"https:\/\/chemsxpress.com\/product\/buy-angry-birds-space-incense\/#primaryimage"},"image":{"@id":"https:\/\/chemsxpress.com\/product\/buy-angry-birds-space-incense\/#primaryimage"},"thumbnailUrl":"https:\/\/chemsxpress.com\/wp-content\/uploads\/2024\/04\/angry-birds-space-incense.jpg","datePublished":"2024-04-29T13:12:41+00:00","dateModified":"2024-07-04T23:57:38+00:00","description":"Kaufen Sie Angry Birds Space Incense bei ChemsXpress. Premium-Kr\u00e4uter-R\u00e4ucherst\u00e4bchen, schneller Versand. Vertrauen Sie unserer Qualit\u00e4tssicherung f\u00fcr alle Ihre Forschungsbed\u00fcrfnisse. Jetzt bestellen","breadcrumb":{"@id":"https:\/\/chemsxpress.com\/product\/buy-angry-birds-space-incense\/#breadcrumb"},"inLanguage":"de","potentialAction":[{"@type":"ReadAction","target":["https:\/\/chemsxpress.com\/product\/buy-angry-birds-space-incense\/"]}]},{"@type":"ImageObject","inLanguage":"de","@id":"https:\/\/chemsxpress.com\/product\/buy-angry-birds-space-incense\/#primaryimage","url":"https:\/\/chemsxpress.com\/wp-content\/uploads\/2024\/04\/angry-birds-space-incense.jpg","contentUrl":"https:\/\/chemsxpress.com\/wp-content\/uploads\/2024\/04\/angry-birds-space-incense.jpg","width":800,"height":800,"caption":"Buy Angry Birds Space Incense"},{"@type":"BreadcrumbList","@id":"https:\/\/chemsxpress.com\/product\/buy-angry-birds-space-incense\/#breadcrumb","itemListElement":[{"@type":"ListItem","position":1,"name":"Home","item":"https:\/\/chemsxpress.com\/"},{"@type":"ListItem","position":2,"name":"Shop","item":"https:\/\/chemsxpress.com\/shop\/"},{"@type":"ListItem","position":3,"name":"Angry Birds Space Incense"}]},{"@type":"WebSite","@id":"https:\/\/chemsxpress.com\/#website","url":"https:\/\/chemsxpress.com\/","name":"MDPHP EINKAUFEN","description":"MDPHP freebase von einem zuverl\u00e4ssigen Anbieter kaufen","potentialAction":[{"@type":"SearchAction","target":{"@type":"EntryPoint","urlTemplate":"https:\/\/chemsxpress.com\/?s={search_term_string}"},"query-input":{"@type":"PropertyValueSpecification","valueRequired":true,"valueName":"search_term_string"}}],"inLanguage":"de"}]}},"jetpack_sharing_enabled":true,"_links":{"self":[{"href":"https:\/\/chemsxpress.com\/de\/wp-json\/wp\/v2\/product\/27847","targetHints":{"allow":["GET"]}}],"collection":[{"href":"https:\/\/chemsxpress.com\/de\/wp-json\/wp\/v2\/product"}],"about":[{"href":"https:\/\/chemsxpress.com\/de\/wp-json\/wp\/v2\/types\/product"}],"replies":[{"embeddable":true,"href":"https:\/\/chemsxpress.com\/de\/wp-json\/wp\/v2\/comments?post=27847"}],"version-history":[{"count":4,"href":"https:\/\/chemsxpress.com\/de\/wp-json\/wp\/v2\/product\/27847\/revisions"}],"predecessor-version":[{"id":30098,"href":"https:\/\/chemsxpress.com\/de\/wp-json\/wp\/v2\/product\/27847\/revisions\/30098"}],"wp:featuredmedia":[{"embeddable":true,"href":"https:\/\/chemsxpress.com\/de\/wp-json\/wp\/v2\/media\/27874"}],"wp:attachment":[{"href":"https:\/\/chemsxpress.com\/de\/wp-json\/wp\/v2\/media?parent=27847"}],"wp:term":[{"taxonomy":"product_brand","embeddable":true,"href":"https:\/\/chemsxpress.com\/de\/wp-json\/wp\/v2\/product_brand?post=27847"},{"taxonomy":"product_cat","embeddable":true,"href":"https:\/\/chemsxpress.com\/de\/wp-json\/wp\/v2\/product_cat?post=27847"},{"taxonomy":"product_tag","embeddable":true,"href":"https:\/\/chemsxpress.com\/de\/wp-json\/wp\/v2\/product_tag?post=27847"}],"curies":[{"name":"wp","href":"https:\/\/api.w.org\/{rel}","templated":true}]}}