{"id":27852,"date":"2024-04-29T13:12:42","date_gmt":"2024-04-29T13:12:42","guid":{"rendered":"https:\/\/chemsxpress.com\/?post_type=product&#038;p=27852"},"modified":"2025-05-25T21:17:57","modified_gmt":"2025-05-25T21:17:57","slug":"jwh-018-online-kaufen","status":"publish","type":"product","link":"https:\/\/chemsxpress.com\/de\/produkt\/jwh-018-online-kaufen\/","title":{"rendered":"JWH 018"},"content":{"rendered":"<h1><span class=\"___SText_17rlk-ko_\" data-ui-name=\"Link.Text\">JWH 018 online kaufen\u00a0<\/span><\/h1>\n<h3>Was ist JWH-018-Pulver?<\/h3>\n<p>JWH 018 online kaufen. Das Medikament JWH-018 ist ein synthetisches Cannabinoid, das in verschiedenen Formen von \"Spice\", einer Kr\u00e4utermischung, enthalten ist. Es ist vielversprechender als Cannabis in vergleichbaren Mengen. Dieses Analgetikum geh\u00f6rt zur chemischen Klasse der Naphthoylindole.<\/p>\n<h3>Was sind die verschiedenen Formen oder Arten des Arzneimittels JWH-018?<\/h3>\n<p>Das Medikament JWH-018 ist in Pulverform und in fl\u00fcssiger Form erh\u00e4ltlich. Es sind sowohl fl\u00fcssige als auch pulverf\u00f6rmige Formen erh\u00e4ltlich.<\/p>\n<h3>Wie lauten die anderen Stra\u00dfennamen f\u00fcr das Medikament JWH-018?<\/h3>\n<p>Die anderen Stra\u00dfennamen des Medikaments JWH-018 sind:<span class=\"___SText_17rlk-ko_\" style=\"color: #ffffff;\" data-ui-name=\"Link.Text\"> jwh 018 zu verkaufen.<\/span><\/p>\n<ul>\n<li>Gew\u00fcrz<\/li>\n<li>K2<\/li>\n<li>legales Kiffen<\/li>\n<li>synthetisches Cannabis<\/li>\n<li>Pflanzlicher Weihrauch<\/li>\n<\/ul>\n<h3>Wo kann man JWH-018-Pulver kaufen?<\/h3>\n<p>JWH-018 Powder k\u00f6nnen Sie in unserem Online-Shop kaufen. Wir versenden das Produkt weltweit. <span class=\"___SText_17rlk-ko_\" style=\"color: #ffffff;\" data-ui-name=\"Link.Text\">reine jwh 018 online kaufen.<\/span><\/p>\n<h3>Wof\u00fcr wird das Arzneimittel JWH-018 Pulver verwendet?<\/h3>\n<p>Das Medikament JWH-018 Powder wird wie folgt verwendet:<\/p>\n<p>JWH-018 ist eine aufstrebende Droge, die den Konsum von Marihuana ersetzen kann, da die Wirkung \u00e4hnlich der von Marihuana ist. In den meisten Kr\u00e4utermischungen ist diese Droge enthalten, um ein besseres \"High-Erlebnis\" zu erzielen.<\/p>\n<h3>Wie wirkt das JWH-018-Pulver? <span style=\"color: #ffffff;\">wie man jwh 018 online kauft.<\/span><\/h3>\n<p>JWH-018 Powder wirkt als vollst\u00e4ndiger Agonist an den CB1- und CB2-Cannabinoidrezeptoren, wobei eine gewisse Selektivit\u00e4t f\u00fcr CB2 besteht.<\/p>\n<h3>Wie ist die Dosierung von JWH-018 Pulver?<\/h3>\n<p>Das JWH-018-Pulver wird durch Rauchen der Kr\u00e4utermischung in Form eines Joints oder durch die Verwendung eines Verdampfers, einer Bong oder einer Pfeife verabreicht.<\/p>\n<p>Die \u00fcbliche Dosis liegt bei 2-5 mg, die durch Rauchen oder Verdampfen eingenommen werden. Die orale Anwendung wird wegen der geringen Bioverf\u00fcgbarkeit als h\u00f6her angesehen. Seine Wirkung bleibt f\u00fcr 1-2 Stunden, wenn geraucht. <span class=\"___SText_17rlk-ko_\" style=\"color: #ffffff;\" data-ui-name=\"Link.Text\">reine jwh 018 online kaufen.<\/span><\/p>\n<h3>JWH-018 Pulver \u00dcberdosis:<\/h3>\n<p>Wenn eine zu gro\u00dfe Menge des Medikaments JWH-018 eingenommen wird, kann dies zu \u00e4u\u00dferst negativen Folgen und sogar zum Tod des Betroffenen f\u00fchren.<\/p>\n<p>Man kann mit schlimmen Trips konfrontiert werden, die eine extreme Bewegungsunf\u00e4higkeit beschreiben, als ob der Benutzer keine Kontrolle \u00fcber seinen eigenen K\u00f6rper hat. Dies ist vergleichbar mit einer Katatonie mit Krampfanf\u00e4llen. In solchen F\u00e4llen muss die Giftnotrufzentrale informiert werden.<span class=\"___SText_17rlk-ko_\" style=\"color: #ffffff;\" data-ui-name=\"Link.Text\"> jwh 018 zu verkaufen.<\/span><\/p>\n<h3>Was sind die kurz- und langfristigen Auswirkungen von JWH-018 Pulver?<\/h3>\n<p>Dies ist eine kontrollierte Droge und ist in vielen L\u00e4ndern verboten. Sie k\u00f6nnen uns vor dem Kauf eine Nachricht senden, wenn Sie sich \u00fcber die Gesetzgebung in Ihrem Land Sorgen machen. <a href=\"https:\/\/chemsxpress.com\/de\/\">Kontakt<\/a> uns mit weiteren Informationen.<\/p>","protected":false},"excerpt":{"rendered":"<p>JWH 018 online kaufen Was ist JWH-018 Pulver? JWH 018 online kaufen. Das JWH-018 Medikament ist ein synthetisches Cannabinoid<\/p>","protected":false},"featured_media":27876,"comment_status":"open","ping_status":"closed","template":"","meta":[],"product_brand":[],"product_cat":[74],"product_tag":[],"class_list":{"0":"post-27852","1":"product","2":"type-product","3":"status-publish","4":"has-post-thumbnail","6":"product_cat-research-chemicals","8":"first","9":"instock","10":"shipping-taxable","11":"purchasable","12":"product-type-variable"},"yoast_head":"<!-- This site is optimized with the Yoast SEO Premium plugin v24.1 (Yoast SEO v27.5) - https:\/\/yoast.com\/product\/yoast-seo-premium-wordpress\/ -->\n<title>Buy JWH 018 online\u00a0Premium Quality RC&#039;s | ChemsXpress<\/title>\n<meta name=\"description\" content=\"Buy JWH 018 online\u00a0Premium research chemicals, fast shipping. Trust our quality assurance for all your research needs. Order now\" \/>\n<meta name=\"robots\" content=\"index, follow, max-snippet:-1, max-image-preview:large, max-video-preview:-1\" \/>\n<link rel=\"canonical\" href=\"https:\/\/chemsxpress.com\/de\/produkt\/jwh-018-online-kaufen\/\" \/>\n<meta property=\"og:locale\" content=\"de_DE\" \/>\n<meta property=\"og:type\" content=\"article\" \/>\n<meta property=\"og:title\" content=\"JWH 018\" \/>\n<meta property=\"og:description\" content=\"Buy JWH 018 online\u00a0Premium research chemicals, fast shipping. Trust our quality assurance for all your research needs. Order now\" \/>\n<meta property=\"og:url\" content=\"https:\/\/chemsxpress.com\/de\/produkt\/jwh-018-online-kaufen\/\" \/>\n<meta property=\"og:site_name\" content=\"SHOP MDPHP\" \/>\n<meta property=\"article:modified_time\" content=\"2025-05-25T21:17:57+00:00\" \/>\n<meta property=\"og:image\" content=\"https:\/\/chemsxpress.com\/wp-content\/uploads\/2024\/04\/Buy-JWH-018-Online-1.jpg\" \/>\n\t<meta property=\"og:image:width\" content=\"1000\" \/>\n\t<meta property=\"og:image:height\" content=\"1000\" \/>\n\t<meta property=\"og:image:type\" content=\"image\/jpeg\" \/>\n<meta name=\"twitter:card\" content=\"summary_large_image\" \/>\n<meta name=\"twitter:label1\" content=\"Gesch\u00e4tzte Lesezeit\" \/>\n\t<meta name=\"twitter:data1\" content=\"3\u00a0Minuten\" \/>\n<script type=\"application\/ld+json\" class=\"yoast-schema-graph\">{\"@context\":\"https:\\\/\\\/schema.org\",\"@graph\":[{\"@type\":\"WebPage\",\"@id\":\"https:\\\/\\\/chemsxpress.com\\\/product\\\/buy-jwh-018-online\\\/\",\"url\":\"https:\\\/\\\/chemsxpress.com\\\/product\\\/buy-jwh-018-online\\\/\",\"name\":\"Buy JWH 018 online\u00a0Premium Quality RC's | ChemsXpress\",\"isPartOf\":{\"@id\":\"https:\\\/\\\/chemsxpress.com\\\/#website\"},\"primaryImageOfPage\":{\"@id\":\"https:\\\/\\\/chemsxpress.com\\\/product\\\/buy-jwh-018-online\\\/#primaryimage\"},\"image\":{\"@id\":\"https:\\\/\\\/chemsxpress.com\\\/product\\\/buy-jwh-018-online\\\/#primaryimage\"},\"thumbnailUrl\":\"https:\\\/\\\/chemsxpress.com\\\/wp-content\\\/uploads\\\/2024\\\/04\\\/Buy-JWH-018-Online-1.jpg\",\"datePublished\":\"2024-04-29T13:12:42+00:00\",\"dateModified\":\"2025-05-25T21:17:57+00:00\",\"description\":\"Buy JWH 018 online\u00a0Premium research chemicals, fast shipping. Trust our quality assurance for all your research needs. Order now\",\"breadcrumb\":{\"@id\":\"https:\\\/\\\/chemsxpress.com\\\/product\\\/buy-jwh-018-online\\\/#breadcrumb\"},\"inLanguage\":\"de\",\"potentialAction\":[{\"@type\":\"ReadAction\",\"target\":[\"https:\\\/\\\/chemsxpress.com\\\/product\\\/buy-jwh-018-online\\\/\"]}]},{\"@type\":\"ImageObject\",\"inLanguage\":\"de\",\"@id\":\"https:\\\/\\\/chemsxpress.com\\\/product\\\/buy-jwh-018-online\\\/#primaryimage\",\"url\":\"https:\\\/\\\/chemsxpress.com\\\/wp-content\\\/uploads\\\/2024\\\/04\\\/Buy-JWH-018-Online-1.jpg\",\"contentUrl\":\"https:\\\/\\\/chemsxpress.com\\\/wp-content\\\/uploads\\\/2024\\\/04\\\/Buy-JWH-018-Online-1.jpg\",\"width\":1000,\"height\":1000,\"caption\":\"Buy JWH 018 online\u00a0\"},{\"@type\":\"BreadcrumbList\",\"@id\":\"https:\\\/\\\/chemsxpress.com\\\/product\\\/buy-jwh-018-online\\\/#breadcrumb\",\"itemListElement\":[{\"@type\":\"ListItem\",\"position\":1,\"name\":\"Home\",\"item\":\"https:\\\/\\\/chemsxpress.com\\\/\"},{\"@type\":\"ListItem\",\"position\":2,\"name\":\"Shop\",\"item\":\"https:\\\/\\\/chemsxpress.com\\\/shop\\\/\"},{\"@type\":\"ListItem\",\"position\":3,\"name\":\"JWH 018\"}]},{\"@type\":\"WebSite\",\"@id\":\"https:\\\/\\\/chemsxpress.com\\\/#website\",\"url\":\"https:\\\/\\\/chemsxpress.com\\\/\",\"name\":\"SHOP MDPHP\",\"description\":\"Buy MDPHP freebase from reliable supplier\",\"potentialAction\":[{\"@type\":\"SearchAction\",\"target\":{\"@type\":\"EntryPoint\",\"urlTemplate\":\"https:\\\/\\\/chemsxpress.com\\\/?s={search_term_string}\"},\"query-input\":{\"@type\":\"PropertyValueSpecification\",\"valueRequired\":true,\"valueName\":\"search_term_string\"}}],\"inLanguage\":\"de\"}]}<\/script>\n<!-- \/ Yoast SEO Premium plugin. -->","yoast_head_json":{"title":"Kaufen Sie JWH 018 online\u00a0RCs in Premiumqualit\u00e4t | ChemsXpress","description":"Kaufen Sie bromonordiazepam online Premium Forschungschemikalien, schneller Versand. Vertrauen Sie unserer Qualit\u00e4tssicherung f\u00fcr Ihren gesamten Forschungsbedarf. Jetzt bestellen","robots":{"index":"index","follow":"follow","max-snippet":"max-snippet:-1","max-image-preview":"max-image-preview:large","max-video-preview":"max-video-preview:-1"},"canonical":"https:\/\/chemsxpress.com\/de\/produkt\/jwh-018-online-kaufen\/","og_locale":"de_DE","og_type":"article","og_title":"JWH 018","og_description":"Buy JWH 018 online\u00a0Premium research chemicals, fast shipping. Trust our quality assurance for all your research needs. Order now","og_url":"https:\/\/chemsxpress.com\/de\/produkt\/jwh-018-online-kaufen\/","og_site_name":"SHOP MDPHP","article_modified_time":"2025-05-25T21:17:57+00:00","og_image":[{"width":1000,"height":1000,"url":"https:\/\/chemsxpress.com\/wp-content\/uploads\/2024\/04\/Buy-JWH-018-Online-1.jpg","type":"image\/jpeg"}],"twitter_card":"summary_large_image","twitter_misc":{"Gesch\u00e4tzte Lesezeit":"3\u00a0Minuten"},"schema":{"@context":"https:\/\/schema.org","@graph":[{"@type":"WebPage","@id":"https:\/\/chemsxpress.com\/product\/buy-jwh-018-online\/","url":"https:\/\/chemsxpress.com\/product\/buy-jwh-018-online\/","name":"Kaufen Sie JWH 018 online\u00a0RCs in Premiumqualit\u00e4t | ChemsXpress","isPartOf":{"@id":"https:\/\/chemsxpress.com\/#website"},"primaryImageOfPage":{"@id":"https:\/\/chemsxpress.com\/product\/buy-jwh-018-online\/#primaryimage"},"image":{"@id":"https:\/\/chemsxpress.com\/product\/buy-jwh-018-online\/#primaryimage"},"thumbnailUrl":"https:\/\/chemsxpress.com\/wp-content\/uploads\/2024\/04\/Buy-JWH-018-Online-1.jpg","datePublished":"2024-04-29T13:12:42+00:00","dateModified":"2025-05-25T21:17:57+00:00","description":"Kaufen Sie bromonordiazepam online Premium Forschungschemikalien, schneller Versand. Vertrauen Sie unserer Qualit\u00e4tssicherung f\u00fcr Ihren gesamten Forschungsbedarf. Jetzt bestellen","breadcrumb":{"@id":"https:\/\/chemsxpress.com\/product\/buy-jwh-018-online\/#breadcrumb"},"inLanguage":"de","potentialAction":[{"@type":"ReadAction","target":["https:\/\/chemsxpress.com\/product\/buy-jwh-018-online\/"]}]},{"@type":"ImageObject","inLanguage":"de","@id":"https:\/\/chemsxpress.com\/product\/buy-jwh-018-online\/#primaryimage","url":"https:\/\/chemsxpress.com\/wp-content\/uploads\/2024\/04\/Buy-JWH-018-Online-1.jpg","contentUrl":"https:\/\/chemsxpress.com\/wp-content\/uploads\/2024\/04\/Buy-JWH-018-Online-1.jpg","width":1000,"height":1000,"caption":"Buy JWH 018 online\u00a0"},{"@type":"BreadcrumbList","@id":"https:\/\/chemsxpress.com\/product\/buy-jwh-018-online\/#breadcrumb","itemListElement":[{"@type":"ListItem","position":1,"name":"Home","item":"https:\/\/chemsxpress.com\/"},{"@type":"ListItem","position":2,"name":"Shop","item":"https:\/\/chemsxpress.com\/shop\/"},{"@type":"ListItem","position":3,"name":"JWH 018"}]},{"@type":"WebSite","@id":"https:\/\/chemsxpress.com\/#website","url":"https:\/\/chemsxpress.com\/","name":"MDPHP EINKAUFEN","description":"MDPHP freebase von einem zuverl\u00e4ssigen Anbieter kaufen","potentialAction":[{"@type":"SearchAction","target":{"@type":"EntryPoint","urlTemplate":"https:\/\/chemsxpress.com\/?s={search_term_string}"},"query-input":{"@type":"PropertyValueSpecification","valueRequired":true,"valueName":"search_term_string"}}],"inLanguage":"de"}]}},"jetpack_sharing_enabled":true,"_links":{"self":[{"href":"https:\/\/chemsxpress.com\/de\/wp-json\/wp\/v2\/product\/27852","targetHints":{"allow":["GET"]}}],"collection":[{"href":"https:\/\/chemsxpress.com\/de\/wp-json\/wp\/v2\/product"}],"about":[{"href":"https:\/\/chemsxpress.com\/de\/wp-json\/wp\/v2\/types\/product"}],"replies":[{"embeddable":true,"href":"https:\/\/chemsxpress.com\/de\/wp-json\/wp\/v2\/comments?post=27852"}],"version-history":[{"count":3,"href":"https:\/\/chemsxpress.com\/de\/wp-json\/wp\/v2\/product\/27852\/revisions"}],"predecessor-version":[{"id":29910,"href":"https:\/\/chemsxpress.com\/de\/wp-json\/wp\/v2\/product\/27852\/revisions\/29910"}],"wp:featuredmedia":[{"embeddable":true,"href":"https:\/\/chemsxpress.com\/de\/wp-json\/wp\/v2\/media\/27876"}],"wp:attachment":[{"href":"https:\/\/chemsxpress.com\/de\/wp-json\/wp\/v2\/media?parent=27852"}],"wp:term":[{"taxonomy":"product_brand","embeddable":true,"href":"https:\/\/chemsxpress.com\/de\/wp-json\/wp\/v2\/product_brand?post=27852"},{"taxonomy":"product_cat","embeddable":true,"href":"https:\/\/chemsxpress.com\/de\/wp-json\/wp\/v2\/product_cat?post=27852"},{"taxonomy":"product_tag","embeddable":true,"href":"https:\/\/chemsxpress.com\/de\/wp-json\/wp\/v2\/product_tag?post=27852"}],"curies":[{"name":"wp","href":"https:\/\/api.w.org\/{rel}","templated":true}]}}