{"id":27858,"date":"2024-04-29T13:12:42","date_gmt":"2024-04-29T13:12:42","guid":{"rendered":"https:\/\/chemsxpress.com\/?post_type=product&#038;p=27858"},"modified":"2024-07-04T23:55:59","modified_gmt":"2024-07-04T23:55:59","slug":"brain-freeze-k2-kaufen","status":"publish","type":"product","link":"https:\/\/chemsxpress.com\/de\/produkt\/brain-freeze-k2-kaufen\/","title":{"rendered":"Brain Freeze k2"},"content":{"rendered":"<h1>Brain freeze K2 kaufen<\/h1>\n<h3>Brain Freeze Kr\u00e4uterweihrauch zu verkaufen<\/h3>\n<p>Kaufen Sie Brain freeze K2, Brain freeze Liquid Incense. Naked 100 bringt eine Mischung aus reifen Erdbeeren, herbem Granatapfel und saftiger Kiwi. Abgerundet mit einem erfrischenden Menthol-Ausatem. Genie\u00dfbar f\u00fcr jedermann! <span style=\"color: #ffffff;\">\u00a0freeze herbal incense for sale<\/span><\/p>\n<ul>\n<li><strong>Die Flasche:<\/strong> Glas mit CRC (Child Resistant Cap) und Tropfer<\/li>\n<li><strong>Nikotingehalt:<\/strong> Omg, 3mg, 6mg<\/li>\n<li><strong>Warnung:<\/strong> Dieses Produkt enth\u00e4lt Nikotin, eine Chemikalie, die im Bundesstaat Kalifornien daf\u00fcr bekannt ist, Geburtsfehler oder andere Fortpflanzungssch\u00e4den zu verursachen.<\/li>\n<\/ul>\n<h2>Brain Freeze Kr\u00e4uterweihrauch zu verkaufen<\/h2>\n<p>Die Produkte von Rxchemlab k2 sind keine Produkte zur Raucherentw\u00f6hnung und wurden nicht von der Food and Drug Administration bewertet. Sie sind auch nicht zur Behandlung, Vorbeugung oder Heilung von Krankheiten oder Beschwerden gedacht. K\u00f6nnen Sie sich nicht entscheiden, welches fl\u00fcssige R\u00e4uchermittel Sie kaufen sollen? Dann f\u00fcllen Sie unser kurzes Formular aus oder schicken Sie uns eine E-Mail. Sie k\u00f6nnen sich auch f\u00fcr ein Konto anmelden, um sicherzustellen, dass Sie exklusive Angebote f\u00fcr Mitglieder, einen besseren Status der Auftragsverfolgung, wertvolle Newsletter und spezielle Promo-Updates erhalten.<\/p>\n<p>Es versteht sich also von selbst, dass es beim Kauf von Legal Highs in den USA bei uns nicht nur um die Beziehung zwischen Verk\u00e4ufer und Kunde geht, sondern um Sie, unsere oberste Priorit\u00e4t. Wir sind hier, um Ihre Bed\u00fcrfnisse als R\u00e4ucherst\u00e4bchen-Liebhaber vom Anfang bis zum Ende der Transaktion und bis zu allem, was Sie brauchen, wie wertvolle Informationen und praktische Funktionen, die Sie auf unserer Website finden - alles zu Ihrem Vorteil! Kontaktieren Sie uns f\u00fcr weitere Informationen.<\/p>\n<p>Pflanzliche Weihrauchprodukte wie \"Brain Freeze\" werden oft als legale Alternativen zu Cannabis oder als Aromatherapieprodukte vermarktet. Sie k\u00f6nnen jedoch synthetische Cannabinoide oder andere Substanzen enthalten, die unvorhersehbare Wirkungen haben und erhebliche Gesundheitsrisiken mit sich bringen k\u00f6nnen.<\/p>\n<p>In Anbetracht der potenziellen Gefahren, die mit diesen Produkten verbunden sind, ist es wichtig, Gesundheit und Sicherheit in den Vordergrund zu stellen. Wenn Sie zu Forschungszwecken Informationen \u00fcber Substanzen suchen oder Fragen zum Drogenmissbrauch haben, sollten Sie sich an seri\u00f6se Quellen wenden, z. B. an medizinisches Fachpersonal, Suchtspezialisten oder \u00f6ffentliche Gesundheitsorganisationen.<\/p>\n<p>Wenn Sie oder jemand, den Sie kennen, mit Drogenmissbrauch zu k\u00e4mpfen hat, ist es wichtig, sich von qualifizierten Fachleuten helfen zu lassen, die Unterst\u00fctzung, Beratung und Behandlungsm\u00f6glichkeiten anbieten k\u00f6nnen. Dar\u00fcber hinaus kann die F\u00f6rderung des Bewusstseins f\u00fcr die mit Drogenmissbrauch verbundenen Risiken und das Eintreten f\u00fcr evidenzbasierte Pr\u00e4ventions- und Schadensbegrenzungsma\u00dfnahmen zum Schutz des Einzelnen und der Gemeinschaft beitragen.<\/p>\n<h2>Wo kann man Brain freeze Kr\u00e4uterweihrauch kaufen?<\/h2>\n<p><a href=\"https:\/\/chemsxpress.com\/de\/\">ChemsXpress<\/a> hat sich der Unterst\u00fctzung wissenschaftlicher Forschung und Innovation verschrieben, indem es Forschern Zugang zu hochwertigen Forschungschemikalien verschafft. Entdecken Sie unseren umfangreichen Katalog von <a href=\"https:\/\/chemsxpress.com\/de\/produktkategorie\/forschungschemikalien\/\">Forschungschemikalien<\/a>einschlie\u00dflich Brain Freeze, und begeben Sie sich mit Zuversicht und Vertrauen in ChemsXpress auf Ihre wissenschaftliche Reise.<\/p>","protected":false},"excerpt":{"rendered":"<p>Kaufen Brain freeze K2 Brain freeze Kr\u00e4uter Weihrauch zum Verkauf Kaufen Brain freeze K2, Brain freeze Liquid Weihrauch. Nackt 100<\/p>","protected":false},"featured_media":27878,"comment_status":"open","ping_status":"closed","template":"","meta":[],"product_brand":[],"product_cat":[72],"product_tag":[],"class_list":{"0":"post-27858","1":"product","2":"type-product","3":"status-publish","4":"has-post-thumbnail","6":"product_cat-k2-products","8":"first","9":"instock","10":"shipping-taxable","11":"purchasable","12":"product-type-variable"},"yoast_head":"<!-- This site is optimized with the Yoast SEO Premium plugin v24.1 (Yoast SEO v27.4) - https:\/\/yoast.com\/product\/yoast-seo-premium-wordpress\/ -->\n<title>Buy Brain freeze K2Online: Premium Quality | ChemsXpress<\/title>\n<meta name=\"description\" content=\"Buy Brain freeze K2 Premium herbal incense, fast shipping. Trust our quality assurance for all your research needs. Order now\" \/>\n<meta name=\"robots\" content=\"index, follow, max-snippet:-1, max-image-preview:large, max-video-preview:-1\" \/>\n<link rel=\"canonical\" href=\"https:\/\/chemsxpress.com\/de\/produkt\/brain-freeze-k2-kaufen\/\" \/>\n<meta property=\"og:locale\" content=\"de_DE\" \/>\n<meta property=\"og:type\" content=\"article\" \/>\n<meta property=\"og:title\" content=\"Brain Freeze k2\" \/>\n<meta property=\"og:description\" content=\"Buy Brain freeze K2 Premium herbal incense, fast shipping. Trust our quality assurance for all your research needs. Order now\" \/>\n<meta property=\"og:url\" content=\"https:\/\/chemsxpress.com\/de\/produkt\/brain-freeze-k2-kaufen\/\" \/>\n<meta property=\"og:site_name\" content=\"SHOP MDPHP\" \/>\n<meta property=\"article:modified_time\" content=\"2024-07-04T23:55:59+00:00\" \/>\n<meta property=\"og:image\" content=\"https:\/\/chemsxpress.com\/wp-content\/uploads\/2024\/04\/Brain-Freeze-k2.jpg\" \/>\n\t<meta property=\"og:image:width\" content=\"800\" \/>\n\t<meta property=\"og:image:height\" content=\"800\" \/>\n\t<meta property=\"og:image:type\" content=\"image\/jpeg\" \/>\n<meta name=\"twitter:card\" content=\"summary_large_image\" \/>\n<meta name=\"twitter:label1\" content=\"Gesch\u00e4tzte Lesezeit\" \/>\n\t<meta name=\"twitter:data1\" content=\"3\u00a0Minuten\" \/>\n<script type=\"application\/ld+json\" class=\"yoast-schema-graph\">{\"@context\":\"https:\\\/\\\/schema.org\",\"@graph\":[{\"@type\":\"WebPage\",\"@id\":\"https:\\\/\\\/chemsxpress.com\\\/product\\\/buy-brain-freeze-k2\\\/\",\"url\":\"https:\\\/\\\/chemsxpress.com\\\/product\\\/buy-brain-freeze-k2\\\/\",\"name\":\"Buy Brain freeze K2Online: Premium Quality | ChemsXpress\",\"isPartOf\":{\"@id\":\"https:\\\/\\\/chemsxpress.com\\\/#website\"},\"primaryImageOfPage\":{\"@id\":\"https:\\\/\\\/chemsxpress.com\\\/product\\\/buy-brain-freeze-k2\\\/#primaryimage\"},\"image\":{\"@id\":\"https:\\\/\\\/chemsxpress.com\\\/product\\\/buy-brain-freeze-k2\\\/#primaryimage\"},\"thumbnailUrl\":\"https:\\\/\\\/chemsxpress.com\\\/wp-content\\\/uploads\\\/2024\\\/04\\\/Brain-Freeze-k2.jpg\",\"datePublished\":\"2024-04-29T13:12:42+00:00\",\"dateModified\":\"2024-07-04T23:55:59+00:00\",\"description\":\"Buy Brain freeze K2 Premium herbal incense, fast shipping. Trust our quality assurance for all your research needs. Order now\",\"breadcrumb\":{\"@id\":\"https:\\\/\\\/chemsxpress.com\\\/product\\\/buy-brain-freeze-k2\\\/#breadcrumb\"},\"inLanguage\":\"de\",\"potentialAction\":[{\"@type\":\"ReadAction\",\"target\":[\"https:\\\/\\\/chemsxpress.com\\\/product\\\/buy-brain-freeze-k2\\\/\"]}]},{\"@type\":\"ImageObject\",\"inLanguage\":\"de\",\"@id\":\"https:\\\/\\\/chemsxpress.com\\\/product\\\/buy-brain-freeze-k2\\\/#primaryimage\",\"url\":\"https:\\\/\\\/chemsxpress.com\\\/wp-content\\\/uploads\\\/2024\\\/04\\\/Brain-Freeze-k2.jpg\",\"contentUrl\":\"https:\\\/\\\/chemsxpress.com\\\/wp-content\\\/uploads\\\/2024\\\/04\\\/Brain-Freeze-k2.jpg\",\"width\":800,\"height\":800,\"caption\":\"Buy Brain freeze K2\"},{\"@type\":\"BreadcrumbList\",\"@id\":\"https:\\\/\\\/chemsxpress.com\\\/product\\\/buy-brain-freeze-k2\\\/#breadcrumb\",\"itemListElement\":[{\"@type\":\"ListItem\",\"position\":1,\"name\":\"Home\",\"item\":\"https:\\\/\\\/chemsxpress.com\\\/\"},{\"@type\":\"ListItem\",\"position\":2,\"name\":\"Shop\",\"item\":\"https:\\\/\\\/chemsxpress.com\\\/shop\\\/\"},{\"@type\":\"ListItem\",\"position\":3,\"name\":\"Brain Freeze k2\"}]},{\"@type\":\"WebSite\",\"@id\":\"https:\\\/\\\/chemsxpress.com\\\/#website\",\"url\":\"https:\\\/\\\/chemsxpress.com\\\/\",\"name\":\"SHOP MDPHP\",\"description\":\"Buy MDPHP freebase from reliable supplier\",\"potentialAction\":[{\"@type\":\"SearchAction\",\"target\":{\"@type\":\"EntryPoint\",\"urlTemplate\":\"https:\\\/\\\/chemsxpress.com\\\/?s={search_term_string}\"},\"query-input\":{\"@type\":\"PropertyValueSpecification\",\"valueRequired\":true,\"valueName\":\"search_term_string\"}}],\"inLanguage\":\"de\"}]}<\/script>\n<!-- \/ Yoast SEO Premium plugin. -->","yoast_head_json":{"title":"Kaufen Sie Brain Freeze K2Online: Premium-Qualit\u00e4t | ChemsXpress","description":"Kaufen Sie 7h Herbal Incense bei ChemsXpress. Premium Herbal Incense, schneller Versand. Vertrauen Sie unserer Qualit\u00e4tssicherung f\u00fcr alle Ihre Forschungsbed\u00fcrfnisse. Jetzt bestellen","robots":{"index":"index","follow":"follow","max-snippet":"max-snippet:-1","max-image-preview":"max-image-preview:large","max-video-preview":"max-video-preview:-1"},"canonical":"https:\/\/chemsxpress.com\/de\/produkt\/brain-freeze-k2-kaufen\/","og_locale":"de_DE","og_type":"article","og_title":"Brain Freeze k2","og_description":"Buy Brain freeze K2 Premium herbal incense, fast shipping. Trust our quality assurance for all your research needs. Order now","og_url":"https:\/\/chemsxpress.com\/de\/produkt\/brain-freeze-k2-kaufen\/","og_site_name":"SHOP MDPHP","article_modified_time":"2024-07-04T23:55:59+00:00","og_image":[{"width":800,"height":800,"url":"https:\/\/chemsxpress.com\/wp-content\/uploads\/2024\/04\/Brain-Freeze-k2.jpg","type":"image\/jpeg"}],"twitter_card":"summary_large_image","twitter_misc":{"Gesch\u00e4tzte Lesezeit":"3\u00a0Minuten"},"schema":{"@context":"https:\/\/schema.org","@graph":[{"@type":"WebPage","@id":"https:\/\/chemsxpress.com\/product\/buy-brain-freeze-k2\/","url":"https:\/\/chemsxpress.com\/product\/buy-brain-freeze-k2\/","name":"Kaufen Sie Brain Freeze K2Online: Premium-Qualit\u00e4t | ChemsXpress","isPartOf":{"@id":"https:\/\/chemsxpress.com\/#website"},"primaryImageOfPage":{"@id":"https:\/\/chemsxpress.com\/product\/buy-brain-freeze-k2\/#primaryimage"},"image":{"@id":"https:\/\/chemsxpress.com\/product\/buy-brain-freeze-k2\/#primaryimage"},"thumbnailUrl":"https:\/\/chemsxpress.com\/wp-content\/uploads\/2024\/04\/Brain-Freeze-k2.jpg","datePublished":"2024-04-29T13:12:42+00:00","dateModified":"2024-07-04T23:55:59+00:00","description":"Kaufen Sie 7h Herbal Incense bei ChemsXpress. Premium Herbal Incense, schneller Versand. Vertrauen Sie unserer Qualit\u00e4tssicherung f\u00fcr alle Ihre Forschungsbed\u00fcrfnisse. Jetzt bestellen","breadcrumb":{"@id":"https:\/\/chemsxpress.com\/product\/buy-brain-freeze-k2\/#breadcrumb"},"inLanguage":"de","potentialAction":[{"@type":"ReadAction","target":["https:\/\/chemsxpress.com\/product\/buy-brain-freeze-k2\/"]}]},{"@type":"ImageObject","inLanguage":"de","@id":"https:\/\/chemsxpress.com\/product\/buy-brain-freeze-k2\/#primaryimage","url":"https:\/\/chemsxpress.com\/wp-content\/uploads\/2024\/04\/Brain-Freeze-k2.jpg","contentUrl":"https:\/\/chemsxpress.com\/wp-content\/uploads\/2024\/04\/Brain-Freeze-k2.jpg","width":800,"height":800,"caption":"Buy Brain freeze K2"},{"@type":"BreadcrumbList","@id":"https:\/\/chemsxpress.com\/product\/buy-brain-freeze-k2\/#breadcrumb","itemListElement":[{"@type":"ListItem","position":1,"name":"Home","item":"https:\/\/chemsxpress.com\/"},{"@type":"ListItem","position":2,"name":"Shop","item":"https:\/\/chemsxpress.com\/shop\/"},{"@type":"ListItem","position":3,"name":"Brain Freeze k2"}]},{"@type":"WebSite","@id":"https:\/\/chemsxpress.com\/#website","url":"https:\/\/chemsxpress.com\/","name":"MDPHP EINKAUFEN","description":"MDPHP freebase von einem zuverl\u00e4ssigen Anbieter kaufen","potentialAction":[{"@type":"SearchAction","target":{"@type":"EntryPoint","urlTemplate":"https:\/\/chemsxpress.com\/?s={search_term_string}"},"query-input":{"@type":"PropertyValueSpecification","valueRequired":true,"valueName":"search_term_string"}}],"inLanguage":"de"}]}},"jetpack_sharing_enabled":true,"_links":{"self":[{"href":"https:\/\/chemsxpress.com\/de\/wp-json\/wp\/v2\/product\/27858","targetHints":{"allow":["GET"]}}],"collection":[{"href":"https:\/\/chemsxpress.com\/de\/wp-json\/wp\/v2\/product"}],"about":[{"href":"https:\/\/chemsxpress.com\/de\/wp-json\/wp\/v2\/types\/product"}],"replies":[{"embeddable":true,"href":"https:\/\/chemsxpress.com\/de\/wp-json\/wp\/v2\/comments?post=27858"}],"version-history":[{"count":4,"href":"https:\/\/chemsxpress.com\/de\/wp-json\/wp\/v2\/product\/27858\/revisions"}],"predecessor-version":[{"id":30096,"href":"https:\/\/chemsxpress.com\/de\/wp-json\/wp\/v2\/product\/27858\/revisions\/30096"}],"wp:featuredmedia":[{"embeddable":true,"href":"https:\/\/chemsxpress.com\/de\/wp-json\/wp\/v2\/media\/27878"}],"wp:attachment":[{"href":"https:\/\/chemsxpress.com\/de\/wp-json\/wp\/v2\/media?parent=27858"}],"wp:term":[{"taxonomy":"product_brand","embeddable":true,"href":"https:\/\/chemsxpress.com\/de\/wp-json\/wp\/v2\/product_brand?post=27858"},{"taxonomy":"product_cat","embeddable":true,"href":"https:\/\/chemsxpress.com\/de\/wp-json\/wp\/v2\/product_cat?post=27858"},{"taxonomy":"product_tag","embeddable":true,"href":"https:\/\/chemsxpress.com\/de\/wp-json\/wp\/v2\/product_tag?post=27858"}],"curies":[{"name":"wp","href":"https:\/\/api.w.org\/{rel}","templated":true}]}}