{"id":27865,"date":"2024-04-29T13:12:42","date_gmt":"2024-04-29T13:12:42","guid":{"rendered":"https:\/\/chemsxpress.com\/?post_type=product&#038;p=27865"},"modified":"2024-07-04T23:56:54","modified_gmt":"2024-07-04T23:56:54","slug":"blaubeer-kush-weihrauch-kaufen","status":"publish","type":"product","link":"https:\/\/chemsxpress.com\/de\/produkt\/blaubeer-kush-weihrauch-kaufen\/","title":{"rendered":"Blueberry Kush Weihrauch"},"content":{"rendered":"<h1>Blueberry Kush Weihrauch kaufen<\/h1>\n<p>Kaufen Blueberry Kush R\u00e4ucherst\u00e4bchen, Blazing Blueberry Liquid Incense ist eine Mischung aus Kr\u00e4utern und Aromen h\u00e4lt. Es bietet den Nutzern eine tolle Atmosph\u00e4re mit einer Qualit\u00e4t Raucherlebnis. Genie\u00dfen Sie den s\u00fc\u00dfen Geschmack dieses fl\u00fcssigen Weihrauchs. Es gibt seinen Benutzern gro\u00dfe geistige Zufriedenheit. Wenn Sie das Gef\u00fchl, unangenehm \u00fcber Ihren geistigen Zustand wie Ersch\u00f6pfung, Stress, Angst, und mit Muskel-Beschwerden.<\/p>\n<p>Also, diese Blazing Blueberry Liquid Incense ist perfekt f\u00fcr Sie. Alle unsere Aromatherapie-Produkte sind jede Woche frisch. Wir haben keine alte Ware auf Lager. Es hat das beruhigende Aroma, das Sie suchen. Wenn Sie auf der Suche nach hochwirksamen fl\u00fcssigen Weihrauch sind, suchen Sie nicht weiter.<\/p>\n<p><a href=\"https:\/\/chemsxpress.com\/de\/\">ChemsXpress<\/a> hat sich der Unterst\u00fctzung wissenschaftlicher Forschung und Innovation verschrieben, indem es Forschern Zugang zu hochwertigen Forschungschemikalien verschafft. Entdecken Sie unseren umfangreichen Katalog von <a href=\"https:\/\/chemsxpress.com\/de\/produktkategorie\/forschungschemikalien\/\">Forschungschemikalien<\/a>, einschlie\u00dflich Blueberry Kush Weihrauch, und begeben Sie sich auf Ihre wissenschaftliche Reise mit Zuversicht und Vertrauen in ChemsXpress.<\/p>\n<p>Pflanzliche Weihrauchprodukte wie \"Blaubeere\" werden oft als legale Alternative zu Cannabis oder als Aromatherapieprodukte vermarktet. Sie k\u00f6nnen jedoch synthetische Cannabinoide oder andere Substanzen enthalten, die unvorhersehbare Wirkungen haben und erhebliche Gesundheitsrisiken mit sich bringen k\u00f6nnen.<\/p>\n<p>In Anbetracht der potenziellen Gefahren, die mit diesen Produkten verbunden sind, ist es wichtig, Gesundheit und Sicherheit in den Vordergrund zu stellen. Wenn Sie zu Forschungszwecken Informationen \u00fcber Substanzen suchen oder Fragen zum Drogenmissbrauch haben, sollten Sie sich an seri\u00f6se Quellen wenden, z. B. an medizinisches Fachpersonal, Suchtspezialisten oder \u00f6ffentliche Gesundheitsorganisationen.<\/p>\n<p>Wenn Sie oder jemand, den Sie kennen, mit Drogenmissbrauch zu k\u00e4mpfen hat, ist es wichtig, sich von qualifizierten Fachleuten helfen zu lassen, die Unterst\u00fctzung, Beratung und Behandlungsm\u00f6glichkeiten anbieten k\u00f6nnen. Dar\u00fcber hinaus kann die F\u00f6rderung des Bewusstseins f\u00fcr die mit Drogenmissbrauch verbundenen Risiken und das Eintreten f\u00fcr evidenzbasierte Pr\u00e4ventions- und Schadensbegrenzungsma\u00dfnahmen zum Schutz des Einzelnen und der Gemeinschaft beitragen.<\/p>\n<p>&nbsp;<\/p>","protected":false},"excerpt":{"rendered":"<p>Buy Blueberry Kush Incense Buy Blueberry Kush Incense, Blazing Blueberry Liquid Incense enth\u00e4lt eine Mischung aus Kr\u00e4utern und Aromen.<\/p>","protected":false},"featured_media":27880,"comment_status":"open","ping_status":"closed","template":"","meta":[],"product_brand":[],"product_cat":[73],"product_tag":[],"class_list":{"0":"post-27865","1":"product","2":"type-product","3":"status-publish","4":"has-post-thumbnail","6":"product_cat-herbal-incense","8":"first","9":"instock","10":"shipping-taxable","11":"purchasable","12":"product-type-variable"},"yoast_head":"<!-- This site is optimized with the Yoast SEO Premium plugin v24.1 (Yoast SEO v27.4) - https:\/\/yoast.com\/product\/yoast-seo-premium-wordpress\/ -->\n<title>Buy Blueberry Kush Incense : Premium Quality| ChemsXpress<\/title>\n<meta name=\"description\" content=\"Buy Blueberry Kush Incense at ChemsXpress. Premium herbal incense, fast shipping. Trust our quality assurance for all your research needs. Order now\" \/>\n<meta name=\"robots\" content=\"index, follow, max-snippet:-1, max-image-preview:large, max-video-preview:-1\" \/>\n<link rel=\"canonical\" href=\"https:\/\/chemsxpress.com\/de\/produkt\/blaubeer-kush-weihrauch-kaufen\/\" \/>\n<meta property=\"og:locale\" content=\"de_DE\" \/>\n<meta property=\"og:type\" content=\"article\" \/>\n<meta property=\"og:title\" content=\"Blueberry Kush Incense\" \/>\n<meta property=\"og:description\" content=\"Buy Blueberry Kush Incense at ChemsXpress. Premium herbal incense, fast shipping. Trust our quality assurance for all your research needs. Order now\" \/>\n<meta property=\"og:url\" content=\"https:\/\/chemsxpress.com\/de\/produkt\/blaubeer-kush-weihrauch-kaufen\/\" \/>\n<meta property=\"og:site_name\" content=\"SHOP MDPHP\" \/>\n<meta property=\"article:modified_time\" content=\"2024-07-04T23:56:54+00:00\" \/>\n<meta property=\"og:image\" content=\"https:\/\/chemsxpress.com\/wp-content\/uploads\/2024\/04\/blueberry-kush-incense.jpg\" \/>\n\t<meta property=\"og:image:width\" content=\"800\" \/>\n\t<meta property=\"og:image:height\" content=\"800\" \/>\n\t<meta property=\"og:image:type\" content=\"image\/jpeg\" \/>\n<meta name=\"twitter:card\" content=\"summary_large_image\" \/>\n<meta name=\"twitter:label1\" content=\"Gesch\u00e4tzte Lesezeit\" \/>\n\t<meta name=\"twitter:data1\" content=\"2\u00a0Minuten\" \/>\n<script type=\"application\/ld+json\" class=\"yoast-schema-graph\">{\"@context\":\"https:\\\/\\\/schema.org\",\"@graph\":[{\"@type\":\"WebPage\",\"@id\":\"https:\\\/\\\/chemsxpress.com\\\/product\\\/buy-blueberry-kush-incense\\\/\",\"url\":\"https:\\\/\\\/chemsxpress.com\\\/product\\\/buy-blueberry-kush-incense\\\/\",\"name\":\"Buy Blueberry Kush Incense : Premium Quality| ChemsXpress\",\"isPartOf\":{\"@id\":\"https:\\\/\\\/chemsxpress.com\\\/#website\"},\"primaryImageOfPage\":{\"@id\":\"https:\\\/\\\/chemsxpress.com\\\/product\\\/buy-blueberry-kush-incense\\\/#primaryimage\"},\"image\":{\"@id\":\"https:\\\/\\\/chemsxpress.com\\\/product\\\/buy-blueberry-kush-incense\\\/#primaryimage\"},\"thumbnailUrl\":\"https:\\\/\\\/chemsxpress.com\\\/wp-content\\\/uploads\\\/2024\\\/04\\\/blueberry-kush-incense.jpg\",\"datePublished\":\"2024-04-29T13:12:42+00:00\",\"dateModified\":\"2024-07-04T23:56:54+00:00\",\"description\":\"Buy Blueberry Kush Incense at ChemsXpress. Premium herbal incense, fast shipping. Trust our quality assurance for all your research needs. Order now\",\"breadcrumb\":{\"@id\":\"https:\\\/\\\/chemsxpress.com\\\/product\\\/buy-blueberry-kush-incense\\\/#breadcrumb\"},\"inLanguage\":\"de\",\"potentialAction\":[{\"@type\":\"ReadAction\",\"target\":[\"https:\\\/\\\/chemsxpress.com\\\/product\\\/buy-blueberry-kush-incense\\\/\"]}]},{\"@type\":\"ImageObject\",\"inLanguage\":\"de\",\"@id\":\"https:\\\/\\\/chemsxpress.com\\\/product\\\/buy-blueberry-kush-incense\\\/#primaryimage\",\"url\":\"https:\\\/\\\/chemsxpress.com\\\/wp-content\\\/uploads\\\/2024\\\/04\\\/blueberry-kush-incense.jpg\",\"contentUrl\":\"https:\\\/\\\/chemsxpress.com\\\/wp-content\\\/uploads\\\/2024\\\/04\\\/blueberry-kush-incense.jpg\",\"width\":800,\"height\":800,\"caption\":\"Buy Blueberry Kush Incense\"},{\"@type\":\"BreadcrumbList\",\"@id\":\"https:\\\/\\\/chemsxpress.com\\\/product\\\/buy-blueberry-kush-incense\\\/#breadcrumb\",\"itemListElement\":[{\"@type\":\"ListItem\",\"position\":1,\"name\":\"Home\",\"item\":\"https:\\\/\\\/chemsxpress.com\\\/\"},{\"@type\":\"ListItem\",\"position\":2,\"name\":\"Shop\",\"item\":\"https:\\\/\\\/chemsxpress.com\\\/shop\\\/\"},{\"@type\":\"ListItem\",\"position\":3,\"name\":\"Blueberry Kush Incense\"}]},{\"@type\":\"WebSite\",\"@id\":\"https:\\\/\\\/chemsxpress.com\\\/#website\",\"url\":\"https:\\\/\\\/chemsxpress.com\\\/\",\"name\":\"SHOP MDPHP\",\"description\":\"Buy MDPHP freebase from reliable supplier\",\"potentialAction\":[{\"@type\":\"SearchAction\",\"target\":{\"@type\":\"EntryPoint\",\"urlTemplate\":\"https:\\\/\\\/chemsxpress.com\\\/?s={search_term_string}\"},\"query-input\":{\"@type\":\"PropertyValueSpecification\",\"valueRequired\":true,\"valueName\":\"search_term_string\"}}],\"inLanguage\":\"de\"}]}<\/script>\n<!-- \/ Yoast SEO Premium plugin. -->","yoast_head_json":{"title":"Kaufen Sie Blueberry Kush Weihrauch: Premium-Qualit\u00e4t| ChemsXpress","description":"Kaufen Sie 7h Herbal Incense bei ChemsXpress. Premium Herbal Incense, schneller Versand. Vertrauen Sie unserer Qualit\u00e4tssicherung f\u00fcr alle Ihre Forschungsbed\u00fcrfnisse. Jetzt bestellen","robots":{"index":"index","follow":"follow","max-snippet":"max-snippet:-1","max-image-preview":"max-image-preview:large","max-video-preview":"max-video-preview:-1"},"canonical":"https:\/\/chemsxpress.com\/de\/produkt\/blaubeer-kush-weihrauch-kaufen\/","og_locale":"de_DE","og_type":"article","og_title":"Blueberry Kush Incense","og_description":"Buy Blueberry Kush Incense at ChemsXpress. Premium herbal incense, fast shipping. Trust our quality assurance for all your research needs. Order now","og_url":"https:\/\/chemsxpress.com\/de\/produkt\/blaubeer-kush-weihrauch-kaufen\/","og_site_name":"SHOP MDPHP","article_modified_time":"2024-07-04T23:56:54+00:00","og_image":[{"width":800,"height":800,"url":"https:\/\/chemsxpress.com\/wp-content\/uploads\/2024\/04\/blueberry-kush-incense.jpg","type":"image\/jpeg"}],"twitter_card":"summary_large_image","twitter_misc":{"Gesch\u00e4tzte Lesezeit":"2\u00a0Minuten"},"schema":{"@context":"https:\/\/schema.org","@graph":[{"@type":"WebPage","@id":"https:\/\/chemsxpress.com\/product\/buy-blueberry-kush-incense\/","url":"https:\/\/chemsxpress.com\/product\/buy-blueberry-kush-incense\/","name":"Kaufen Sie Blueberry Kush Weihrauch: Premium-Qualit\u00e4t| ChemsXpress","isPartOf":{"@id":"https:\/\/chemsxpress.com\/#website"},"primaryImageOfPage":{"@id":"https:\/\/chemsxpress.com\/product\/buy-blueberry-kush-incense\/#primaryimage"},"image":{"@id":"https:\/\/chemsxpress.com\/product\/buy-blueberry-kush-incense\/#primaryimage"},"thumbnailUrl":"https:\/\/chemsxpress.com\/wp-content\/uploads\/2024\/04\/blueberry-kush-incense.jpg","datePublished":"2024-04-29T13:12:42+00:00","dateModified":"2024-07-04T23:56:54+00:00","description":"Kaufen Sie 7h Herbal Incense bei ChemsXpress. Premium Herbal Incense, schneller Versand. Vertrauen Sie unserer Qualit\u00e4tssicherung f\u00fcr alle Ihre Forschungsbed\u00fcrfnisse. Jetzt bestellen","breadcrumb":{"@id":"https:\/\/chemsxpress.com\/product\/buy-blueberry-kush-incense\/#breadcrumb"},"inLanguage":"de","potentialAction":[{"@type":"ReadAction","target":["https:\/\/chemsxpress.com\/product\/buy-blueberry-kush-incense\/"]}]},{"@type":"ImageObject","inLanguage":"de","@id":"https:\/\/chemsxpress.com\/product\/buy-blueberry-kush-incense\/#primaryimage","url":"https:\/\/chemsxpress.com\/wp-content\/uploads\/2024\/04\/blueberry-kush-incense.jpg","contentUrl":"https:\/\/chemsxpress.com\/wp-content\/uploads\/2024\/04\/blueberry-kush-incense.jpg","width":800,"height":800,"caption":"Buy Blueberry Kush Incense"},{"@type":"BreadcrumbList","@id":"https:\/\/chemsxpress.com\/product\/buy-blueberry-kush-incense\/#breadcrumb","itemListElement":[{"@type":"ListItem","position":1,"name":"Home","item":"https:\/\/chemsxpress.com\/"},{"@type":"ListItem","position":2,"name":"Shop","item":"https:\/\/chemsxpress.com\/shop\/"},{"@type":"ListItem","position":3,"name":"Blueberry Kush Incense"}]},{"@type":"WebSite","@id":"https:\/\/chemsxpress.com\/#website","url":"https:\/\/chemsxpress.com\/","name":"MDPHP EINKAUFEN","description":"MDPHP freebase von einem zuverl\u00e4ssigen Anbieter kaufen","potentialAction":[{"@type":"SearchAction","target":{"@type":"EntryPoint","urlTemplate":"https:\/\/chemsxpress.com\/?s={search_term_string}"},"query-input":{"@type":"PropertyValueSpecification","valueRequired":true,"valueName":"search_term_string"}}],"inLanguage":"de"}]}},"jetpack_sharing_enabled":true,"_links":{"self":[{"href":"https:\/\/chemsxpress.com\/de\/wp-json\/wp\/v2\/product\/27865","targetHints":{"allow":["GET"]}}],"collection":[{"href":"https:\/\/chemsxpress.com\/de\/wp-json\/wp\/v2\/product"}],"about":[{"href":"https:\/\/chemsxpress.com\/de\/wp-json\/wp\/v2\/types\/product"}],"replies":[{"embeddable":true,"href":"https:\/\/chemsxpress.com\/de\/wp-json\/wp\/v2\/comments?post=27865"}],"version-history":[{"count":4,"href":"https:\/\/chemsxpress.com\/de\/wp-json\/wp\/v2\/product\/27865\/revisions"}],"predecessor-version":[{"id":30097,"href":"https:\/\/chemsxpress.com\/de\/wp-json\/wp\/v2\/product\/27865\/revisions\/30097"}],"wp:featuredmedia":[{"embeddable":true,"href":"https:\/\/chemsxpress.com\/de\/wp-json\/wp\/v2\/media\/27880"}],"wp:attachment":[{"href":"https:\/\/chemsxpress.com\/de\/wp-json\/wp\/v2\/media?parent=27865"}],"wp:term":[{"taxonomy":"product_brand","embeddable":true,"href":"https:\/\/chemsxpress.com\/de\/wp-json\/wp\/v2\/product_brand?post=27865"},{"taxonomy":"product_cat","embeddable":true,"href":"https:\/\/chemsxpress.com\/de\/wp-json\/wp\/v2\/product_cat?post=27865"},{"taxonomy":"product_tag","embeddable":true,"href":"https:\/\/chemsxpress.com\/de\/wp-json\/wp\/v2\/product_tag?post=27865"}],"curies":[{"name":"wp","href":"https:\/\/api.w.org\/{rel}","templated":true}]}}