{"id":27888,"date":"2024-04-29T13:13:05","date_gmt":"2024-04-29T13:13:05","guid":{"rendered":"https:\/\/chemsxpress.com\/?post_type=product&#038;p=27888"},"modified":"2025-05-27T20:18:01","modified_gmt":"2025-05-27T20:18:01","slug":"crazy-monkey-spice-kaufen","status":"publish","type":"product","link":"https:\/\/chemsxpress.com\/de\/produkt\/crazy-monkey-spice-kaufen\/","title":{"rendered":"Crazy Monkey Gew\u00fcrz"},"content":{"rendered":"<h1>Crazy Monkey Gew\u00fcrz kaufen<\/h1>\n<h2>Crazy Monkey Gew\u00fcrz zu verkaufen<\/h2>\n<p>Crazy Monkey Spice 15g zu einem g\u00fcnstigen Preis online kaufen. Eines der bekanntesten legalen Highs ist das Crazy Monkey 15g Herbal Incense. Es hat eine breite Palette von Attraktionen, die Menschen aus der ganzen Welt zu sch\u00e4tzen wissen. Der Kr\u00e4uterweihrauch wird von einer bekannten Marke hergestellt. Kunden k\u00f6nnen ein fantastisches Geruchserlebnis genie\u00dfen, wenn sie sich f\u00fcr Crazy Monkey entscheiden.<\/p>\n<p>Bevor wir Crazy Monkey in unser Gesch\u00e4ft einf\u00fchren, haben unsere Mitarbeiter gro\u00dfe Anstrengungen unternommen, um sicherzustellen, dass es unseren treuen Kundenstamm erfreuen w\u00fcrde. Wir stellen sicher, dass er frei von F\u00fcll- und Zusatzstoffen ist und ausschlie\u00dflich aus den besten pflanzlichen R\u00e4ucherst\u00e4bchen hergestellt wird, die es gibt.<\/p>\n<p>Wir sind begeistert, dass wir diesen kraftvollen Kr\u00e4uterweihrauch in unserem Kr\u00e4uterweihrauchladen in den Vereinigten Staaten anbieten k\u00f6nnen! Wenn Sie nach einem langen Arbeitstag den Kopf frei bekommen und sich entspannt f\u00fchlen wollen, sollten Sie es einmal ausprobieren. Sie k\u00f6nnen sich auch darauf verlassen, wenn Sie die positiven Schwingungen der Umwelt verbreiten wollen.  Wir haben auch andere <a href=\"https:\/\/chemsxpress.com\/de\/\">k2 Produkte<\/a> k\u00f6nnen Sie nachsehen. <a href=\"https:\/\/chemsxpress.com\/de\/\">Kontakt<\/a> f\u00fcr weitere Informationen.<\/p>\n<h2>Kr\u00e4uterweihrauch online kaufen <span style=\"color: #ffffff;\">| <a style=\"color: #ffffff;\" href=\"http:\/\/rchemshop.com\/\">K2 Fl\u00fcssigweihrauch online kaufen<\/a> | K2 Liquid auf Papier kaufen<\/span><\/h2>\n<p>Vorbereitet kaufen Kr\u00e4uter Weihrauch, k2 Fl\u00fcssigkeit auf Papier, und k2 Sprays Teig kann in Kegel, Zylinder oder Spulen geformt werden, oder auf Sticks gerollt. Mit einer Rasierklinge der L\u00e4nge nach geschnittene Bambusspie\u00dfe eignen sich gut als St\u00e4bchen. Nachdem Sie die Kegel, Zylinder und Rollen geformt haben, legen Sie sie auf einem Holzbrett zum Trocknen an ein sonniges Fenster, einen warmen Dachboden oder an einem hei\u00dfen Tag sogar in ein geschlossenes Fahrzeug. Vermeiden Sie \u00fcberm\u00e4\u00dfige Feuchtigkeit, da Ihr R\u00e4ucherwerk sonst schimmeln w\u00fcrde. Stecken Sie die unteren Enden der St\u00e4bchen in ein St\u00fcck Ton oder Styropor, wenn Sie R\u00e4ucherst\u00e4bchen trocknen.<\/p>\n<p>Wenn der Weihrauch vollst\u00e4ndig getrocknet ist, bewahren Sie ihn in luftdichten Beh\u00e4ltern auf. Farbe und Duft bleiben in dunkler, trockener Umgebung erhalten. Kaufen Mad Monkey Herbal Incense 4g online ist nur verf\u00fcgbar bei Herbal Incense US.com, wenn es eine vollst\u00e4ndige Garantie f\u00fcr die Lieferung an den Standort des Benutzers. Abh\u00e4ngig von den Gesetzen des Staates oder der Region als gut. Es ist einfacher, vorzeitig zu handeln, als sp\u00e4ter zu bereuen.<\/p>\n<h3>K2 Gew\u00fcrz online kaufen<\/h3>\n<p>Denn wir f\u00fchren nur die besten Kr\u00e4uter, die der Markt zu bieten hat, sowie die beliebtesten Kr\u00e4utermischungen, die Sie kennen und lieben! Das ist, warum wir die besten Kr\u00e4uter Weihrauch Bewertungen haben. Infolgedessen k\u00f6nnen Sie Kr\u00e4uterweihrauch online von der besten Website f\u00fcr Kr\u00e4uterweihrauch, auch bekannt als synthetische Cannabinoide, kaufen. Zum Beispiel bieten wir kostenlosen Versand auf Gro\u00dfhandel Bestellungen. Dar\u00fcber hinaus k\u00f6nnen Sie leicht kaufen pflanzliche Weihrauch online mit Lieferung am n\u00e4chsten Tag mit sicheren Zahlungs-Gateways. Als Ergebnis wollen wir Ihnen nur die besten handverlesenen R\u00e4uchermischungen zu niedrigen Preisen anbieten.<\/p>\n<p>kaufen Kr\u00e4uter Weihrauch online, kaufen starke pflanzliche Weihrauch, kaufen k2 fl\u00fcssige Weihrauch, kaufen k2 Sprays, k2 fl\u00fcssige Sprays, fl\u00fcssige k2 online, kaufen fl\u00fcssige k2 auf Papier, kaufen k2 Gew\u00fcrze online, starke rechtliche k2 Gew\u00fcrz, kaufen billige pflanzliche Weihrauch, billige starke pflanzliche Weihrauch online, kaufen billige pflanzliche Weihrauch Verkauf, billige starke pflanzliche Weihrauch, fl\u00fcssige k2 zum Verkauf, um k2 online. <a href=\"https:\/\/chemsxpress.com\/de\/\" target=\"_blank\" rel=\"noopener\">Weitere Informationen<\/a><\/p>","protected":false},"excerpt":{"rendered":"<p>Crazy Monkey Spice Crazy Monkey Spice zu verkaufen Crazy Monkey Spice 15g online zu einem g\u00fcnstigen Preis kaufen. Eine<\/p>","protected":false},"featured_media":27912,"comment_status":"open","ping_status":"closed","template":"","meta":[],"product_brand":[],"product_cat":[73,72],"product_tag":[],"class_list":{"0":"post-27888","1":"product","2":"type-product","3":"status-publish","4":"has-post-thumbnail","6":"product_cat-herbal-incense","7":"product_cat-k2-products","9":"first","10":"instock","11":"shipping-taxable","12":"purchasable","13":"product-type-variable"},"yoast_head":"<!-- This site is optimized with the Yoast SEO Premium plugin v24.1 (Yoast SEO v27.4) - https:\/\/yoast.com\/product\/yoast-seo-premium-wordpress\/ -->\n<title>Buy Crazy Monkey Spice<\/title>\n<meta name=\"description\" content=\"Buy Crazy Monkey Spice\" \/>\n<meta name=\"robots\" content=\"index, follow, max-snippet:-1, max-image-preview:large, max-video-preview:-1\" \/>\n<link rel=\"canonical\" href=\"https:\/\/chemsxpress.com\/de\/produkt\/crazy-monkey-spice-kaufen\/\" \/>\n<meta property=\"og:locale\" content=\"de_DE\" \/>\n<meta property=\"og:type\" content=\"article\" \/>\n<meta property=\"og:title\" content=\"Crazy Monkey Spice\" \/>\n<meta property=\"og:description\" content=\"Buy Crazy Monkey Spice\" \/>\n<meta property=\"og:url\" content=\"https:\/\/chemsxpress.com\/de\/produkt\/crazy-monkey-spice-kaufen\/\" \/>\n<meta property=\"og:site_name\" content=\"SHOP MDPHP\" \/>\n<meta property=\"article:modified_time\" content=\"2025-05-27T20:18:01+00:00\" \/>\n<meta property=\"og:image\" content=\"https:\/\/chemsxpress.com\/wp-content\/uploads\/2024\/04\/crazy-monkey-spice-for-sale.jpg\" \/>\n\t<meta property=\"og:image:width\" content=\"800\" \/>\n\t<meta property=\"og:image:height\" content=\"800\" \/>\n\t<meta property=\"og:image:type\" content=\"image\/jpeg\" \/>\n<meta name=\"twitter:card\" content=\"summary_large_image\" \/>\n<meta name=\"twitter:label1\" content=\"Gesch\u00e4tzte Lesezeit\" \/>\n\t<meta name=\"twitter:data1\" content=\"3\u00a0Minuten\" \/>\n<script type=\"application\/ld+json\" class=\"yoast-schema-graph\">{\"@context\":\"https:\\\/\\\/schema.org\",\"@graph\":[{\"@type\":\"WebPage\",\"@id\":\"https:\\\/\\\/chemsxpress.com\\\/product\\\/buy-crazy-monkey-spice\\\/\",\"url\":\"https:\\\/\\\/chemsxpress.com\\\/product\\\/buy-crazy-monkey-spice\\\/\",\"name\":\"Buy Crazy Monkey Spice\",\"isPartOf\":{\"@id\":\"https:\\\/\\\/chemsxpress.com\\\/#website\"},\"primaryImageOfPage\":{\"@id\":\"https:\\\/\\\/chemsxpress.com\\\/product\\\/buy-crazy-monkey-spice\\\/#primaryimage\"},\"image\":{\"@id\":\"https:\\\/\\\/chemsxpress.com\\\/product\\\/buy-crazy-monkey-spice\\\/#primaryimage\"},\"thumbnailUrl\":\"https:\\\/\\\/chemsxpress.com\\\/wp-content\\\/uploads\\\/2024\\\/04\\\/crazy-monkey-spice-for-sale.jpg\",\"datePublished\":\"2024-04-29T13:13:05+00:00\",\"dateModified\":\"2025-05-27T20:18:01+00:00\",\"description\":\"Buy Crazy Monkey Spice\",\"breadcrumb\":{\"@id\":\"https:\\\/\\\/chemsxpress.com\\\/product\\\/buy-crazy-monkey-spice\\\/#breadcrumb\"},\"inLanguage\":\"de\",\"potentialAction\":[{\"@type\":\"ReadAction\",\"target\":[\"https:\\\/\\\/chemsxpress.com\\\/product\\\/buy-crazy-monkey-spice\\\/\"]}]},{\"@type\":\"ImageObject\",\"inLanguage\":\"de\",\"@id\":\"https:\\\/\\\/chemsxpress.com\\\/product\\\/buy-crazy-monkey-spice\\\/#primaryimage\",\"url\":\"https:\\\/\\\/chemsxpress.com\\\/wp-content\\\/uploads\\\/2024\\\/04\\\/crazy-monkey-spice-for-sale.jpg\",\"contentUrl\":\"https:\\\/\\\/chemsxpress.com\\\/wp-content\\\/uploads\\\/2024\\\/04\\\/crazy-monkey-spice-for-sale.jpg\",\"width\":800,\"height\":800,\"caption\":\"Buy Crazy Monkey Spice\"},{\"@type\":\"BreadcrumbList\",\"@id\":\"https:\\\/\\\/chemsxpress.com\\\/product\\\/buy-crazy-monkey-spice\\\/#breadcrumb\",\"itemListElement\":[{\"@type\":\"ListItem\",\"position\":1,\"name\":\"Home\",\"item\":\"https:\\\/\\\/chemsxpress.com\\\/\"},{\"@type\":\"ListItem\",\"position\":2,\"name\":\"Shop\",\"item\":\"https:\\\/\\\/chemsxpress.com\\\/shop\\\/\"},{\"@type\":\"ListItem\",\"position\":3,\"name\":\"Crazy Monkey Spice\"}]},{\"@type\":\"WebSite\",\"@id\":\"https:\\\/\\\/chemsxpress.com\\\/#website\",\"url\":\"https:\\\/\\\/chemsxpress.com\\\/\",\"name\":\"SHOP MDPHP\",\"description\":\"Buy MDPHP freebase from reliable supplier\",\"potentialAction\":[{\"@type\":\"SearchAction\",\"target\":{\"@type\":\"EntryPoint\",\"urlTemplate\":\"https:\\\/\\\/chemsxpress.com\\\/?s={search_term_string}\"},\"query-input\":{\"@type\":\"PropertyValueSpecification\",\"valueRequired\":true,\"valueName\":\"search_term_string\"}}],\"inLanguage\":\"de\"}]}<\/script>\n<!-- \/ Yoast SEO Premium plugin. -->","yoast_head_json":{"title":"Crazy Monkey Gew\u00fcrz kaufen","description":"Crazy Monkey Gew\u00fcrz kaufen","robots":{"index":"index","follow":"follow","max-snippet":"max-snippet:-1","max-image-preview":"max-image-preview:large","max-video-preview":"max-video-preview:-1"},"canonical":"https:\/\/chemsxpress.com\/de\/produkt\/crazy-monkey-spice-kaufen\/","og_locale":"de_DE","og_type":"article","og_title":"Crazy Monkey Spice","og_description":"Buy Crazy Monkey Spice","og_url":"https:\/\/chemsxpress.com\/de\/produkt\/crazy-monkey-spice-kaufen\/","og_site_name":"SHOP MDPHP","article_modified_time":"2025-05-27T20:18:01+00:00","og_image":[{"width":800,"height":800,"url":"https:\/\/chemsxpress.com\/wp-content\/uploads\/2024\/04\/crazy-monkey-spice-for-sale.jpg","type":"image\/jpeg"}],"twitter_card":"summary_large_image","twitter_misc":{"Gesch\u00e4tzte Lesezeit":"3\u00a0Minuten"},"schema":{"@context":"https:\/\/schema.org","@graph":[{"@type":"WebPage","@id":"https:\/\/chemsxpress.com\/product\/buy-crazy-monkey-spice\/","url":"https:\/\/chemsxpress.com\/product\/buy-crazy-monkey-spice\/","name":"Crazy Monkey Gew\u00fcrz kaufen","isPartOf":{"@id":"https:\/\/chemsxpress.com\/#website"},"primaryImageOfPage":{"@id":"https:\/\/chemsxpress.com\/product\/buy-crazy-monkey-spice\/#primaryimage"},"image":{"@id":"https:\/\/chemsxpress.com\/product\/buy-crazy-monkey-spice\/#primaryimage"},"thumbnailUrl":"https:\/\/chemsxpress.com\/wp-content\/uploads\/2024\/04\/crazy-monkey-spice-for-sale.jpg","datePublished":"2024-04-29T13:13:05+00:00","dateModified":"2025-05-27T20:18:01+00:00","description":"Crazy Monkey Gew\u00fcrz kaufen","breadcrumb":{"@id":"https:\/\/chemsxpress.com\/product\/buy-crazy-monkey-spice\/#breadcrumb"},"inLanguage":"de","potentialAction":[{"@type":"ReadAction","target":["https:\/\/chemsxpress.com\/product\/buy-crazy-monkey-spice\/"]}]},{"@type":"ImageObject","inLanguage":"de","@id":"https:\/\/chemsxpress.com\/product\/buy-crazy-monkey-spice\/#primaryimage","url":"https:\/\/chemsxpress.com\/wp-content\/uploads\/2024\/04\/crazy-monkey-spice-for-sale.jpg","contentUrl":"https:\/\/chemsxpress.com\/wp-content\/uploads\/2024\/04\/crazy-monkey-spice-for-sale.jpg","width":800,"height":800,"caption":"Buy Crazy Monkey Spice"},{"@type":"BreadcrumbList","@id":"https:\/\/chemsxpress.com\/product\/buy-crazy-monkey-spice\/#breadcrumb","itemListElement":[{"@type":"ListItem","position":1,"name":"Home","item":"https:\/\/chemsxpress.com\/"},{"@type":"ListItem","position":2,"name":"Shop","item":"https:\/\/chemsxpress.com\/shop\/"},{"@type":"ListItem","position":3,"name":"Crazy Monkey Spice"}]},{"@type":"WebSite","@id":"https:\/\/chemsxpress.com\/#website","url":"https:\/\/chemsxpress.com\/","name":"MDPHP EINKAUFEN","description":"MDPHP freebase von einem zuverl\u00e4ssigen Anbieter kaufen","potentialAction":[{"@type":"SearchAction","target":{"@type":"EntryPoint","urlTemplate":"https:\/\/chemsxpress.com\/?s={search_term_string}"},"query-input":{"@type":"PropertyValueSpecification","valueRequired":true,"valueName":"search_term_string"}}],"inLanguage":"de"}]}},"jetpack_sharing_enabled":true,"_links":{"self":[{"href":"https:\/\/chemsxpress.com\/de\/wp-json\/wp\/v2\/product\/27888","targetHints":{"allow":["GET"]}}],"collection":[{"href":"https:\/\/chemsxpress.com\/de\/wp-json\/wp\/v2\/product"}],"about":[{"href":"https:\/\/chemsxpress.com\/de\/wp-json\/wp\/v2\/types\/product"}],"replies":[{"embeddable":true,"href":"https:\/\/chemsxpress.com\/de\/wp-json\/wp\/v2\/comments?post=27888"}],"version-history":[{"count":3,"href":"https:\/\/chemsxpress.com\/de\/wp-json\/wp\/v2\/product\/27888\/revisions"}],"predecessor-version":[{"id":29924,"href":"https:\/\/chemsxpress.com\/de\/wp-json\/wp\/v2\/product\/27888\/revisions\/29924"}],"wp:featuredmedia":[{"embeddable":true,"href":"https:\/\/chemsxpress.com\/de\/wp-json\/wp\/v2\/media\/27912"}],"wp:attachment":[{"href":"https:\/\/chemsxpress.com\/de\/wp-json\/wp\/v2\/media?parent=27888"}],"wp:term":[{"taxonomy":"product_brand","embeddable":true,"href":"https:\/\/chemsxpress.com\/de\/wp-json\/wp\/v2\/product_brand?post=27888"},{"taxonomy":"product_cat","embeddable":true,"href":"https:\/\/chemsxpress.com\/de\/wp-json\/wp\/v2\/product_cat?post=27888"},{"taxonomy":"product_tag","embeddable":true,"href":"https:\/\/chemsxpress.com\/de\/wp-json\/wp\/v2\/product_tag?post=27888"}],"curies":[{"name":"wp","href":"https:\/\/api.w.org\/{rel}","templated":true}]}}