{"id":27899,"date":"2024-04-29T13:13:05","date_gmt":"2024-04-29T13:13:05","guid":{"rendered":"https:\/\/chemsxpress.com\/?post_type=product&#038;p=27899"},"modified":"2024-05-05T13:02:39","modified_gmt":"2024-05-05T13:02:39","slug":"mr-happy-krauterweihrauch-kaufen","status":"publish","type":"product","link":"https:\/\/chemsxpress.com\/de\/produkt\/mr-happy-krauterweihrauch-kaufen\/","title":{"rendered":"Mr. Happy Kr\u00e4uterweihrauch"},"content":{"rendered":"<h1>Mr. Happy Kr\u00e4uterweihrauch kaufen<\/h1>\n<h2><span class=\"___SText_17rlk-ko_\" data-ui-name=\"Link.Text\">Mr. Happy Kr\u00e4uterweihrauch<\/span><\/h2>\n<p>Mr. Happy Potpourri R\u00e4ucherst\u00e4bchen hat einen besonderen Kick, der ein breites L\u00e4cheln auf Ihr Gesicht zaubert. Mit seinem sanften Aroma f\u00fcllt er jeden Raum mit einem frischen Duft und verbreitet eine einladende Atmosph\u00e4re. Mr. Happy wird in 3-Gramm-Beuteln geliefert.<\/p>\n<p>Labor zertifiziert: Enth\u00e4lt kein AM-2201, JWH-18, JWH-73, HU210, CP47, 497, HU-210, HU-211 und AM-694, Cannabicyclohezanol oder andere verbotene Inhaltsstoffe. Nikotin- und tabakfrei<\/p>\n<p>Haftungsausschluss: Dieses Produkt ist nur f\u00fcr die Verwendung als aromatisches Potpourri bestimmt. Sowohl die Hersteller als auch die H\u00e4ndler dieses Produkts \u00fcbernehmen keine Verantwortung f\u00fcr den falschen Gebrauch oder Missbrauch dieses Produkts. Dies ist 100{d99a1b8a56936da8dc95a057187ff2adc1ca2392c452472fda10a2857b15d4fc} legal in 50 Staaten. Wir haben auch andere <a href=\"https:\/\/chemsxpress.com\/de\/\">k2 Produkte<\/a> k\u00f6nnen Sie nachsehen. <a href=\"https:\/\/chemsxpress.com\/de\/\">Kontakt<\/a> f\u00fcr weitere Informationen. <span style=\"color: #ffffff;\">sp<\/span><\/p>\n<ol>\n<li><strong>nhaltsstoffe:<\/strong> Pflanzliche Weihrauchprodukte k\u00f6nnen eine Vielzahl von Inhaltsstoffen enthalten, darunter getrocknete Kr\u00e4uter, Blumen, Gew\u00fcrze und Harze. Diese nat\u00fcrlichen Inhaltsstoffe werden oft mit \u00e4therischen \u00d6len oder Duftstoffen kombiniert, um ihr Aroma beim Verbrennen zu verst\u00e4rken. Einige pflanzliche Weihrauchprodukte k\u00f6nnen jedoch auch synthetische Cannabinoide oder andere psychoaktive Substanzen enthalten, die unvorhersehbare Wirkungen haben k\u00f6nnen.<\/li>\n<li><strong>Verwendet:<\/strong> Kr\u00e4uterweihrauch wird h\u00e4ufig f\u00fcr Aromatherapie, Meditation, Entspannung und spirituelle Praktiken verwendet. Das Verbrennen von Kr\u00e4uterr\u00e4uchern kann eine beruhigende Atmosph\u00e4re schaffen und ein Gef\u00fchl der Ruhe und des Wohlbefindens f\u00f6rdern. Verschiedene Kr\u00e4uter und \u00e4therische \u00d6le k\u00f6nnen aufgrund ihrer spezifischen therapeutischen Eigenschaften ausgew\u00e4hlt werden, z. B. Lavendel zur Entspannung oder Pfefferminze f\u00fcr geistige Klarheit.<\/li>\n<li><strong>Typen:<\/strong> Es gibt viele verschiedene Arten von Kr\u00e4uterr\u00e4uchern, jeder mit seiner eigenen einzigartigen Mischung aus Inhaltsstoffen und D\u00fcften. Zu den \u00fcblichen Kr\u00e4utern, die in Kr\u00e4uterweihrauch verwendet werden, geh\u00f6ren Salbei, Lavendel, Rosmarin und Weihrauch. Einige R\u00e4uchermischungen enthalten auch exotische oder seltene Zutaten, die aus der ganzen Welt stammen.<\/li>\n<\/ol>","protected":false},"excerpt":{"rendered":"<p>Mr. Happy Kr\u00e4uterweihrauch kaufen Mr. Happy Kr\u00e4uterweihrauch Mr. Happy Potpourri Weihrauch hat einen besonderen Kick, der<\/p>","protected":false},"featured_media":27916,"comment_status":"open","ping_status":"closed","template":"","meta":[],"product_brand":[],"product_cat":[73],"product_tag":[],"class_list":{"0":"post-27899","1":"product","2":"type-product","3":"status-publish","4":"has-post-thumbnail","6":"product_cat-herbal-incense","8":"first","9":"instock","10":"shipping-taxable","11":"purchasable","12":"product-type-variable"},"yoast_head":"<!-- This site is optimized with the Yoast SEO Premium plugin v24.1 (Yoast SEO v27.5) - https:\/\/yoast.com\/product\/yoast-seo-premium-wordpress\/ -->\n<title>Buy Mr happy herbal incense Premium Quality | ChemsXpress<\/title>\n<meta name=\"description\" content=\"Buy Mr happy herbal incense at ChemsXpress. Premium herbal incense, fast shipping. Trust our quality assurance for all your research needs. Order now\" \/>\n<meta name=\"robots\" content=\"index, follow, max-snippet:-1, max-image-preview:large, max-video-preview:-1\" \/>\n<link rel=\"canonical\" href=\"https:\/\/chemsxpress.com\/de\/produkt\/mr-happy-krauterweihrauch-kaufen\/\" \/>\n<meta property=\"og:locale\" content=\"de_DE\" \/>\n<meta property=\"og:type\" content=\"article\" \/>\n<meta property=\"og:title\" content=\"Mr happy herbal incense\" \/>\n<meta property=\"og:description\" content=\"Buy Mr happy herbal incense at ChemsXpress. Premium herbal incense, fast shipping. Trust our quality assurance for all your research needs. Order now\" \/>\n<meta property=\"og:url\" content=\"https:\/\/chemsxpress.com\/de\/produkt\/mr-happy-krauterweihrauch-kaufen\/\" \/>\n<meta property=\"og:site_name\" content=\"SHOP MDPHP\" \/>\n<meta property=\"article:modified_time\" content=\"2024-05-05T13:02:39+00:00\" \/>\n<meta property=\"og:image\" content=\"https:\/\/chemsxpress.com\/wp-content\/uploads\/2024\/04\/mr-happy-potpourri-wholesale.jpg\" \/>\n\t<meta property=\"og:image:width\" content=\"800\" \/>\n\t<meta property=\"og:image:height\" content=\"800\" \/>\n\t<meta property=\"og:image:type\" content=\"image\/jpeg\" \/>\n<meta name=\"twitter:card\" content=\"summary_large_image\" \/>\n<meta name=\"twitter:label1\" content=\"Gesch\u00e4tzte Lesezeit\" \/>\n\t<meta name=\"twitter:data1\" content=\"2\u00a0Minuten\" \/>\n<script type=\"application\/ld+json\" class=\"yoast-schema-graph\">{\"@context\":\"https:\\\/\\\/schema.org\",\"@graph\":[{\"@type\":\"WebPage\",\"@id\":\"https:\\\/\\\/chemsxpress.com\\\/product\\\/buy-mr-happy-herbal-incense\\\/\",\"url\":\"https:\\\/\\\/chemsxpress.com\\\/product\\\/buy-mr-happy-herbal-incense\\\/\",\"name\":\"Buy Mr happy herbal incense Premium Quality | ChemsXpress\",\"isPartOf\":{\"@id\":\"https:\\\/\\\/chemsxpress.com\\\/#website\"},\"primaryImageOfPage\":{\"@id\":\"https:\\\/\\\/chemsxpress.com\\\/product\\\/buy-mr-happy-herbal-incense\\\/#primaryimage\"},\"image\":{\"@id\":\"https:\\\/\\\/chemsxpress.com\\\/product\\\/buy-mr-happy-herbal-incense\\\/#primaryimage\"},\"thumbnailUrl\":\"https:\\\/\\\/chemsxpress.com\\\/wp-content\\\/uploads\\\/2024\\\/04\\\/mr-happy-potpourri-wholesale.jpg\",\"datePublished\":\"2024-04-29T13:13:05+00:00\",\"dateModified\":\"2024-05-05T13:02:39+00:00\",\"description\":\"Buy Mr happy herbal incense at ChemsXpress. Premium herbal incense, fast shipping. Trust our quality assurance for all your research needs. Order now\",\"breadcrumb\":{\"@id\":\"https:\\\/\\\/chemsxpress.com\\\/product\\\/buy-mr-happy-herbal-incense\\\/#breadcrumb\"},\"inLanguage\":\"de\",\"potentialAction\":[{\"@type\":\"ReadAction\",\"target\":[\"https:\\\/\\\/chemsxpress.com\\\/product\\\/buy-mr-happy-herbal-incense\\\/\"]}]},{\"@type\":\"ImageObject\",\"inLanguage\":\"de\",\"@id\":\"https:\\\/\\\/chemsxpress.com\\\/product\\\/buy-mr-happy-herbal-incense\\\/#primaryimage\",\"url\":\"https:\\\/\\\/chemsxpress.com\\\/wp-content\\\/uploads\\\/2024\\\/04\\\/mr-happy-potpourri-wholesale.jpg\",\"contentUrl\":\"https:\\\/\\\/chemsxpress.com\\\/wp-content\\\/uploads\\\/2024\\\/04\\\/mr-happy-potpourri-wholesale.jpg\",\"width\":800,\"height\":800,\"caption\":\"Buy Mr happy herbal incense\"},{\"@type\":\"BreadcrumbList\",\"@id\":\"https:\\\/\\\/chemsxpress.com\\\/product\\\/buy-mr-happy-herbal-incense\\\/#breadcrumb\",\"itemListElement\":[{\"@type\":\"ListItem\",\"position\":1,\"name\":\"Home\",\"item\":\"https:\\\/\\\/chemsxpress.com\\\/\"},{\"@type\":\"ListItem\",\"position\":2,\"name\":\"Shop\",\"item\":\"https:\\\/\\\/chemsxpress.com\\\/shop\\\/\"},{\"@type\":\"ListItem\",\"position\":3,\"name\":\"Mr happy herbal incense\"}]},{\"@type\":\"WebSite\",\"@id\":\"https:\\\/\\\/chemsxpress.com\\\/#website\",\"url\":\"https:\\\/\\\/chemsxpress.com\\\/\",\"name\":\"SHOP MDPHP\",\"description\":\"Buy MDPHP freebase from reliable supplier\",\"potentialAction\":[{\"@type\":\"SearchAction\",\"target\":{\"@type\":\"EntryPoint\",\"urlTemplate\":\"https:\\\/\\\/chemsxpress.com\\\/?s={search_term_string}\"},\"query-input\":{\"@type\":\"PropertyValueSpecification\",\"valueRequired\":true,\"valueName\":\"search_term_string\"}}],\"inLanguage\":\"de\"}]}<\/script>\n<!-- \/ Yoast SEO Premium plugin. -->","yoast_head_json":{"title":"Kaufen Sie King Kong Kr\u00e4uter-R\u00e4ucherst\u00e4bchen bei ChemsXpress. Erstklassiger, schneller Versand. Vertrauen Sie unserer Qualit\u00e4tssicherung f\u00fcr alle Ihre Forschungsbed\u00fcrfnisse. Jetzt bestellen","description":"Kaufen Sie 7h Herbal Incense bei ChemsXpress. Premium Herbal Incense, schneller Versand. Vertrauen Sie unserer Qualit\u00e4tssicherung f\u00fcr alle Ihre Forschungsbed\u00fcrfnisse. Jetzt bestellen","robots":{"index":"index","follow":"follow","max-snippet":"max-snippet:-1","max-image-preview":"max-image-preview:large","max-video-preview":"max-video-preview:-1"},"canonical":"https:\/\/chemsxpress.com\/de\/produkt\/mr-happy-krauterweihrauch-kaufen\/","og_locale":"de_DE","og_type":"article","og_title":"Mr happy herbal incense","og_description":"Buy Mr happy herbal incense at ChemsXpress. Premium herbal incense, fast shipping. Trust our quality assurance for all your research needs. Order now","og_url":"https:\/\/chemsxpress.com\/de\/produkt\/mr-happy-krauterweihrauch-kaufen\/","og_site_name":"SHOP MDPHP","article_modified_time":"2024-05-05T13:02:39+00:00","og_image":[{"width":800,"height":800,"url":"https:\/\/chemsxpress.com\/wp-content\/uploads\/2024\/04\/mr-happy-potpourri-wholesale.jpg","type":"image\/jpeg"}],"twitter_card":"summary_large_image","twitter_misc":{"Gesch\u00e4tzte Lesezeit":"2\u00a0Minuten"},"schema":{"@context":"https:\/\/schema.org","@graph":[{"@type":"WebPage","@id":"https:\/\/chemsxpress.com\/product\/buy-mr-happy-herbal-incense\/","url":"https:\/\/chemsxpress.com\/product\/buy-mr-happy-herbal-incense\/","name":"Kaufen Sie King Kong Kr\u00e4uter-R\u00e4ucherst\u00e4bchen bei ChemsXpress. Erstklassiger, schneller Versand. Vertrauen Sie unserer Qualit\u00e4tssicherung f\u00fcr alle Ihre Forschungsbed\u00fcrfnisse. Jetzt bestellen","isPartOf":{"@id":"https:\/\/chemsxpress.com\/#website"},"primaryImageOfPage":{"@id":"https:\/\/chemsxpress.com\/product\/buy-mr-happy-herbal-incense\/#primaryimage"},"image":{"@id":"https:\/\/chemsxpress.com\/product\/buy-mr-happy-herbal-incense\/#primaryimage"},"thumbnailUrl":"https:\/\/chemsxpress.com\/wp-content\/uploads\/2024\/04\/mr-happy-potpourri-wholesale.jpg","datePublished":"2024-04-29T13:13:05+00:00","dateModified":"2024-05-05T13:02:39+00:00","description":"Kaufen Sie 7h Herbal Incense bei ChemsXpress. Premium Herbal Incense, schneller Versand. Vertrauen Sie unserer Qualit\u00e4tssicherung f\u00fcr alle Ihre Forschungsbed\u00fcrfnisse. Jetzt bestellen","breadcrumb":{"@id":"https:\/\/chemsxpress.com\/product\/buy-mr-happy-herbal-incense\/#breadcrumb"},"inLanguage":"de","potentialAction":[{"@type":"ReadAction","target":["https:\/\/chemsxpress.com\/product\/buy-mr-happy-herbal-incense\/"]}]},{"@type":"ImageObject","inLanguage":"de","@id":"https:\/\/chemsxpress.com\/product\/buy-mr-happy-herbal-incense\/#primaryimage","url":"https:\/\/chemsxpress.com\/wp-content\/uploads\/2024\/04\/mr-happy-potpourri-wholesale.jpg","contentUrl":"https:\/\/chemsxpress.com\/wp-content\/uploads\/2024\/04\/mr-happy-potpourri-wholesale.jpg","width":800,"height":800,"caption":"Buy Mr happy herbal incense"},{"@type":"BreadcrumbList","@id":"https:\/\/chemsxpress.com\/product\/buy-mr-happy-herbal-incense\/#breadcrumb","itemListElement":[{"@type":"ListItem","position":1,"name":"Home","item":"https:\/\/chemsxpress.com\/"},{"@type":"ListItem","position":2,"name":"Shop","item":"https:\/\/chemsxpress.com\/shop\/"},{"@type":"ListItem","position":3,"name":"Mr happy herbal incense"}]},{"@type":"WebSite","@id":"https:\/\/chemsxpress.com\/#website","url":"https:\/\/chemsxpress.com\/","name":"MDPHP EINKAUFEN","description":"MDPHP freebase von einem zuverl\u00e4ssigen Anbieter kaufen","potentialAction":[{"@type":"SearchAction","target":{"@type":"EntryPoint","urlTemplate":"https:\/\/chemsxpress.com\/?s={search_term_string}"},"query-input":{"@type":"PropertyValueSpecification","valueRequired":true,"valueName":"search_term_string"}}],"inLanguage":"de"}]}},"jetpack_sharing_enabled":true,"_links":{"self":[{"href":"https:\/\/chemsxpress.com\/de\/wp-json\/wp\/v2\/product\/27899","targetHints":{"allow":["GET"]}}],"collection":[{"href":"https:\/\/chemsxpress.com\/de\/wp-json\/wp\/v2\/product"}],"about":[{"href":"https:\/\/chemsxpress.com\/de\/wp-json\/wp\/v2\/types\/product"}],"replies":[{"embeddable":true,"href":"https:\/\/chemsxpress.com\/de\/wp-json\/wp\/v2\/comments?post=27899"}],"version-history":[{"count":3,"href":"https:\/\/chemsxpress.com\/de\/wp-json\/wp\/v2\/product\/27899\/revisions"}],"predecessor-version":[{"id":29928,"href":"https:\/\/chemsxpress.com\/de\/wp-json\/wp\/v2\/product\/27899\/revisions\/29928"}],"wp:featuredmedia":[{"embeddable":true,"href":"https:\/\/chemsxpress.com\/de\/wp-json\/wp\/v2\/media\/27916"}],"wp:attachment":[{"href":"https:\/\/chemsxpress.com\/de\/wp-json\/wp\/v2\/media?parent=27899"}],"wp:term":[{"taxonomy":"product_brand","embeddable":true,"href":"https:\/\/chemsxpress.com\/de\/wp-json\/wp\/v2\/product_brand?post=27899"},{"taxonomy":"product_cat","embeddable":true,"href":"https:\/\/chemsxpress.com\/de\/wp-json\/wp\/v2\/product_cat?post=27899"},{"taxonomy":"product_tag","embeddable":true,"href":"https:\/\/chemsxpress.com\/de\/wp-json\/wp\/v2\/product_tag?post=27899"}],"curies":[{"name":"wp","href":"https:\/\/api.w.org\/{rel}","templated":true}]}}