{"id":27904,"date":"2024-04-29T13:13:06","date_gmt":"2024-04-29T13:13:06","guid":{"rendered":"https:\/\/chemsxpress.com\/?post_type=product&#038;p=27904"},"modified":"2025-05-27T13:51:52","modified_gmt":"2025-05-27T13:51:52","slug":"wolke-9-flussiger-weihrauch-kaufen","status":"publish","type":"product","link":"https:\/\/chemsxpress.com\/de\/produkt\/wolke-9-flussiger-weihrauch-kaufen\/","title":{"rendered":"Cloud 9 Fl\u00fcssiger Weihrauch"},"content":{"rendered":"<h1>Cloud 9 Liquid Incense kaufen<\/h1>\n<p>Cloud 9 Liquid Incense kaufen. cloud 9 liquid k2 for sale. Kaufen Sie den sehr starken und potenten Cloud 9 Kr\u00e4uterweihrauch. Mad Hatter und andere starke Gew\u00fcrzmischungen sind verf\u00fcgbar. Kleine bis gro\u00dfe Mengen f\u00fcr weniger als \u00fcberall zu g\u00fcnstigen erschwinglichen Gro\u00dfhandel Discount-Preise mit diskreten \u00fcber Nacht <a href=\"https:\/\/chemsxpress.com\/de\/?cms_block=shipping-delivery\">Versand und Lieferung am n\u00e4chsten Tag<\/a> Dienstleistung. Diese Wolke 9 fl\u00fcssigen Weihrauch kommt in K2 Fl\u00fcssigkeiten und pulverisierte Formen mit einem hohen Ma\u00df an Potenz. Bestellen Sie Liquid cloud k2 zu erschwinglichen Preisen in unserem offiziellen Affiliate Head Shop online. Dies ist 100{d99a1b8a56936da8dc95a057187ff2adc1ca2392c452472fda10a2857b15d4fc} legal in 50 Staaten. Wir haben auch andere <a href=\"https:\/\/chemsxpress.com\/de\/\">k2 Produkte<\/a>\u00a0k\u00f6nnen Sie nachsehen.\u00a0<a href=\"https:\/\/chemsxpress.com\/de\/\">Kontakt<\/a>\u00a0f\u00fcr weitere Informationen.<\/p>\n<ol>\n<li><strong>nhaltsstoffe:<\/strong> Pflanzliche Weihrauchprodukte k\u00f6nnen eine Vielzahl von Inhaltsstoffen enthalten, darunter getrocknete Kr\u00e4uter, Blumen, Gew\u00fcrze und Harze. Diese nat\u00fcrlichen Inhaltsstoffe werden oft mit \u00e4therischen \u00d6len oder Duftstoffen kombiniert, um ihr Aroma beim Verbrennen zu verst\u00e4rken. Einige pflanzliche Weihrauchprodukte k\u00f6nnen jedoch auch synthetische Cannabinoide oder andere psychoaktive Substanzen enthalten, die unvorhersehbare Wirkungen haben k\u00f6nnen.<\/li>\n<li><strong>Verwendet:<\/strong> Kr\u00e4uterweihrauch wird h\u00e4ufig f\u00fcr Aromatherapie, Meditation, Entspannung und spirituelle Praktiken verwendet. Das Verbrennen von Kr\u00e4uterr\u00e4uchern kann eine beruhigende Atmosph\u00e4re schaffen und ein Gef\u00fchl der Ruhe und des Wohlbefindens f\u00f6rdern. Verschiedene Kr\u00e4uter und \u00e4therische \u00d6le k\u00f6nnen aufgrund ihrer spezifischen therapeutischen Eigenschaften ausgew\u00e4hlt werden, z. B. Lavendel zur Entspannung oder Pfefferminze f\u00fcr geistige Klarheit.<\/li>\n<li><strong>Typen:<\/strong> Es gibt viele verschiedene Arten von Kr\u00e4uterr\u00e4uchern, jeder mit seiner eigenen einzigartigen Mischung aus Inhaltsstoffen und D\u00fcften. Zu den \u00fcblichen Kr\u00e4utern, die in Kr\u00e4uterweihrauch verwendet werden, geh\u00f6ren Salbei, Lavendel, Rosmarin und Weihrauch. Einige R\u00e4uchermischungen enthalten auch exotische oder seltene Zutaten, die aus der ganzen Welt stammen.<\/li>\n<\/ol>\n<p><a href=\"https:\/\/chemsxpress.com\/de\/\">ChemsXpress<\/a> hat es sich zur Aufgabe gemacht, wissenschaftliche Forschung und Innovation zu unterst\u00fctzen, indem wir Forschern Zugang zu erstklassigen Forschungschemikalien bieten. Entdecken Sie unseren umfangreichen Katalog an fl\u00fcssigem Weihrauch und begeben Sie sich mit Zuversicht und Vertrauen in ChemsXpress auf Ihre wissenschaftliche Reise.<\/p>","protected":false},"excerpt":{"rendered":"<p>Buy Cloud 9 Liquid Incense Buy Cloud 9 Liquid Incense. cloud 9 liquid k2 for sale. Kaufen Sie die sehr leistungsf\u00e4hige<\/p>","protected":false},"featured_media":27918,"comment_status":"open","ping_status":"closed","template":"","meta":[],"product_brand":[],"product_cat":[73,72],"product_tag":[],"class_list":{"0":"post-27904","1":"product","2":"type-product","3":"status-publish","4":"has-post-thumbnail","6":"product_cat-herbal-incense","7":"product_cat-k2-products","9":"first","10":"instock","11":"shipping-taxable","12":"purchasable","13":"product-type-variable"},"yoast_head":"<!-- This site is optimized with the Yoast SEO Premium plugin v24.1 (Yoast SEO v27.4) - https:\/\/yoast.com\/product\/yoast-seo-premium-wordpress\/ -->\n<title>Buy Cloud 9 Liquid Incense Premium Quality | ChemsXpress<\/title>\n<meta name=\"description\" content=\"Buy Cloud 9 Liquid Incense Premium herbal incense, fast shipping. Trust our quality assurance for all your research needs. Order now\" \/>\n<meta name=\"robots\" content=\"index, follow, max-snippet:-1, max-image-preview:large, max-video-preview:-1\" \/>\n<link rel=\"canonical\" href=\"https:\/\/chemsxpress.com\/de\/produkt\/wolke-9-flussiger-weihrauch-kaufen\/\" \/>\n<meta property=\"og:locale\" content=\"de_DE\" \/>\n<meta property=\"og:type\" content=\"article\" \/>\n<meta property=\"og:title\" content=\"Cloud 9 Liquid Incense\" \/>\n<meta property=\"og:description\" content=\"Buy Cloud 9 Liquid Incense Premium herbal incense, fast shipping. Trust our quality assurance for all your research needs. Order now\" \/>\n<meta property=\"og:url\" content=\"https:\/\/chemsxpress.com\/de\/produkt\/wolke-9-flussiger-weihrauch-kaufen\/\" \/>\n<meta property=\"og:site_name\" content=\"SHOP MDPHP\" \/>\n<meta property=\"article:modified_time\" content=\"2025-05-27T13:51:52+00:00\" \/>\n<meta property=\"og:image\" content=\"https:\/\/chemsxpress.com\/wp-content\/uploads\/2024\/04\/Buy-Cloud-9-Liquid-Incense.jpg\" \/>\n\t<meta property=\"og:image:width\" content=\"600\" \/>\n\t<meta property=\"og:image:height\" content=\"600\" \/>\n\t<meta property=\"og:image:type\" content=\"image\/jpeg\" \/>\n<meta name=\"twitter:card\" content=\"summary_large_image\" \/>\n<meta name=\"twitter:label1\" content=\"Gesch\u00e4tzte Lesezeit\" \/>\n\t<meta name=\"twitter:data1\" content=\"2\u00a0Minuten\" \/>\n<script type=\"application\/ld+json\" class=\"yoast-schema-graph\">{\"@context\":\"https:\\\/\\\/schema.org\",\"@graph\":[{\"@type\":\"WebPage\",\"@id\":\"https:\\\/\\\/chemsxpress.com\\\/product\\\/buy-cloud-9-liquid-incense\\\/\",\"url\":\"https:\\\/\\\/chemsxpress.com\\\/product\\\/buy-cloud-9-liquid-incense\\\/\",\"name\":\"Buy Cloud 9 Liquid Incense Premium Quality | ChemsXpress\",\"isPartOf\":{\"@id\":\"https:\\\/\\\/chemsxpress.com\\\/#website\"},\"primaryImageOfPage\":{\"@id\":\"https:\\\/\\\/chemsxpress.com\\\/product\\\/buy-cloud-9-liquid-incense\\\/#primaryimage\"},\"image\":{\"@id\":\"https:\\\/\\\/chemsxpress.com\\\/product\\\/buy-cloud-9-liquid-incense\\\/#primaryimage\"},\"thumbnailUrl\":\"https:\\\/\\\/chemsxpress.com\\\/wp-content\\\/uploads\\\/2024\\\/04\\\/Buy-Cloud-9-Liquid-Incense.jpg\",\"datePublished\":\"2024-04-29T13:13:06+00:00\",\"dateModified\":\"2025-05-27T13:51:52+00:00\",\"description\":\"Buy Cloud 9 Liquid Incense Premium herbal incense, fast shipping. Trust our quality assurance for all your research needs. Order now\",\"breadcrumb\":{\"@id\":\"https:\\\/\\\/chemsxpress.com\\\/product\\\/buy-cloud-9-liquid-incense\\\/#breadcrumb\"},\"inLanguage\":\"de\",\"potentialAction\":[{\"@type\":\"ReadAction\",\"target\":[\"https:\\\/\\\/chemsxpress.com\\\/product\\\/buy-cloud-9-liquid-incense\\\/\"]}]},{\"@type\":\"ImageObject\",\"inLanguage\":\"de\",\"@id\":\"https:\\\/\\\/chemsxpress.com\\\/product\\\/buy-cloud-9-liquid-incense\\\/#primaryimage\",\"url\":\"https:\\\/\\\/chemsxpress.com\\\/wp-content\\\/uploads\\\/2024\\\/04\\\/Buy-Cloud-9-Liquid-Incense.jpg\",\"contentUrl\":\"https:\\\/\\\/chemsxpress.com\\\/wp-content\\\/uploads\\\/2024\\\/04\\\/Buy-Cloud-9-Liquid-Incense.jpg\",\"width\":600,\"height\":600,\"caption\":\"Buy Cloud 9 Liquid Incense\"},{\"@type\":\"BreadcrumbList\",\"@id\":\"https:\\\/\\\/chemsxpress.com\\\/product\\\/buy-cloud-9-liquid-incense\\\/#breadcrumb\",\"itemListElement\":[{\"@type\":\"ListItem\",\"position\":1,\"name\":\"Home\",\"item\":\"https:\\\/\\\/chemsxpress.com\\\/\"},{\"@type\":\"ListItem\",\"position\":2,\"name\":\"Shop\",\"item\":\"https:\\\/\\\/chemsxpress.com\\\/shop\\\/\"},{\"@type\":\"ListItem\",\"position\":3,\"name\":\"Cloud 9 Liquid Incense\"}]},{\"@type\":\"WebSite\",\"@id\":\"https:\\\/\\\/chemsxpress.com\\\/#website\",\"url\":\"https:\\\/\\\/chemsxpress.com\\\/\",\"name\":\"SHOP MDPHP\",\"description\":\"Buy MDPHP freebase from reliable supplier\",\"potentialAction\":[{\"@type\":\"SearchAction\",\"target\":{\"@type\":\"EntryPoint\",\"urlTemplate\":\"https:\\\/\\\/chemsxpress.com\\\/?s={search_term_string}\"},\"query-input\":{\"@type\":\"PropertyValueSpecification\",\"valueRequired\":true,\"valueName\":\"search_term_string\"}}],\"inLanguage\":\"de\"}]}<\/script>\n<!-- \/ Yoast SEO Premium plugin. -->","yoast_head_json":{"title":"Kaufen Sie Cloud 9 Liquid Incense Premium Qualit\u00e4t | ChemsXpress","description":"Kaufen Sie 7h Herbal Incense bei ChemsXpress. Premium Herbal Incense, schneller Versand. Vertrauen Sie unserer Qualit\u00e4tssicherung f\u00fcr alle Ihre Forschungsbed\u00fcrfnisse. Jetzt bestellen","robots":{"index":"index","follow":"follow","max-snippet":"max-snippet:-1","max-image-preview":"max-image-preview:large","max-video-preview":"max-video-preview:-1"},"canonical":"https:\/\/chemsxpress.com\/de\/produkt\/wolke-9-flussiger-weihrauch-kaufen\/","og_locale":"de_DE","og_type":"article","og_title":"Cloud 9 Liquid Incense","og_description":"Buy Cloud 9 Liquid Incense Premium herbal incense, fast shipping. Trust our quality assurance for all your research needs. Order now","og_url":"https:\/\/chemsxpress.com\/de\/produkt\/wolke-9-flussiger-weihrauch-kaufen\/","og_site_name":"SHOP MDPHP","article_modified_time":"2025-05-27T13:51:52+00:00","og_image":[{"width":600,"height":600,"url":"https:\/\/chemsxpress.com\/wp-content\/uploads\/2024\/04\/Buy-Cloud-9-Liquid-Incense.jpg","type":"image\/jpeg"}],"twitter_card":"summary_large_image","twitter_misc":{"Gesch\u00e4tzte Lesezeit":"2\u00a0Minuten"},"schema":{"@context":"https:\/\/schema.org","@graph":[{"@type":"WebPage","@id":"https:\/\/chemsxpress.com\/product\/buy-cloud-9-liquid-incense\/","url":"https:\/\/chemsxpress.com\/product\/buy-cloud-9-liquid-incense\/","name":"Kaufen Sie Cloud 9 Liquid Incense Premium Qualit\u00e4t | ChemsXpress","isPartOf":{"@id":"https:\/\/chemsxpress.com\/#website"},"primaryImageOfPage":{"@id":"https:\/\/chemsxpress.com\/product\/buy-cloud-9-liquid-incense\/#primaryimage"},"image":{"@id":"https:\/\/chemsxpress.com\/product\/buy-cloud-9-liquid-incense\/#primaryimage"},"thumbnailUrl":"https:\/\/chemsxpress.com\/wp-content\/uploads\/2024\/04\/Buy-Cloud-9-Liquid-Incense.jpg","datePublished":"2024-04-29T13:13:06+00:00","dateModified":"2025-05-27T13:51:52+00:00","description":"Kaufen Sie 7h Herbal Incense bei ChemsXpress. Premium Herbal Incense, schneller Versand. Vertrauen Sie unserer Qualit\u00e4tssicherung f\u00fcr alle Ihre Forschungsbed\u00fcrfnisse. Jetzt bestellen","breadcrumb":{"@id":"https:\/\/chemsxpress.com\/product\/buy-cloud-9-liquid-incense\/#breadcrumb"},"inLanguage":"de","potentialAction":[{"@type":"ReadAction","target":["https:\/\/chemsxpress.com\/product\/buy-cloud-9-liquid-incense\/"]}]},{"@type":"ImageObject","inLanguage":"de","@id":"https:\/\/chemsxpress.com\/product\/buy-cloud-9-liquid-incense\/#primaryimage","url":"https:\/\/chemsxpress.com\/wp-content\/uploads\/2024\/04\/Buy-Cloud-9-Liquid-Incense.jpg","contentUrl":"https:\/\/chemsxpress.com\/wp-content\/uploads\/2024\/04\/Buy-Cloud-9-Liquid-Incense.jpg","width":600,"height":600,"caption":"Buy Cloud 9 Liquid Incense"},{"@type":"BreadcrumbList","@id":"https:\/\/chemsxpress.com\/product\/buy-cloud-9-liquid-incense\/#breadcrumb","itemListElement":[{"@type":"ListItem","position":1,"name":"Home","item":"https:\/\/chemsxpress.com\/"},{"@type":"ListItem","position":2,"name":"Shop","item":"https:\/\/chemsxpress.com\/shop\/"},{"@type":"ListItem","position":3,"name":"Cloud 9 Liquid Incense"}]},{"@type":"WebSite","@id":"https:\/\/chemsxpress.com\/#website","url":"https:\/\/chemsxpress.com\/","name":"MDPHP EINKAUFEN","description":"MDPHP freebase von einem zuverl\u00e4ssigen Anbieter kaufen","potentialAction":[{"@type":"SearchAction","target":{"@type":"EntryPoint","urlTemplate":"https:\/\/chemsxpress.com\/?s={search_term_string}"},"query-input":{"@type":"PropertyValueSpecification","valueRequired":true,"valueName":"search_term_string"}}],"inLanguage":"de"}]}},"jetpack_sharing_enabled":true,"_links":{"self":[{"href":"https:\/\/chemsxpress.com\/de\/wp-json\/wp\/v2\/product\/27904","targetHints":{"allow":["GET"]}}],"collection":[{"href":"https:\/\/chemsxpress.com\/de\/wp-json\/wp\/v2\/product"}],"about":[{"href":"https:\/\/chemsxpress.com\/de\/wp-json\/wp\/v2\/types\/product"}],"replies":[{"embeddable":true,"href":"https:\/\/chemsxpress.com\/de\/wp-json\/wp\/v2\/comments?post=27904"}],"version-history":[{"count":4,"href":"https:\/\/chemsxpress.com\/de\/wp-json\/wp\/v2\/product\/27904\/revisions"}],"predecessor-version":[{"id":30095,"href":"https:\/\/chemsxpress.com\/de\/wp-json\/wp\/v2\/product\/27904\/revisions\/30095"}],"wp:featuredmedia":[{"embeddable":true,"href":"https:\/\/chemsxpress.com\/de\/wp-json\/wp\/v2\/media\/27918"}],"wp:attachment":[{"href":"https:\/\/chemsxpress.com\/de\/wp-json\/wp\/v2\/media?parent=27904"}],"wp:term":[{"taxonomy":"product_brand","embeddable":true,"href":"https:\/\/chemsxpress.com\/de\/wp-json\/wp\/v2\/product_brand?post=27904"},{"taxonomy":"product_cat","embeddable":true,"href":"https:\/\/chemsxpress.com\/de\/wp-json\/wp\/v2\/product_cat?post=27904"},{"taxonomy":"product_tag","embeddable":true,"href":"https:\/\/chemsxpress.com\/de\/wp-json\/wp\/v2\/product_tag?post=27904"}],"curies":[{"name":"wp","href":"https:\/\/api.w.org\/{rel}","templated":true}]}}