{"id":27925,"date":"2024-04-29T13:13:19","date_gmt":"2024-04-29T13:13:19","guid":{"rendered":"https:\/\/chemsxpress.com\/?post_type=product&#038;p=27925"},"modified":"2025-05-28T06:24:29","modified_gmt":"2025-05-28T06:24:29","slug":"purple-diesel-gewurz-kaufen","status":"publish","type":"product","link":"https:\/\/chemsxpress.com\/de\/produkt\/purple-diesel-gewurz-kaufen\/","title":{"rendered":"Lila Diesel Gew\u00fcrz"},"content":{"rendered":"<h1>Purple Diesel Gew\u00fcrz kaufen<\/h1>\n<p>Purple Diesel Spice kaufen, Suchen Sie nach einer entspannenden Mischung aus Kr\u00e4utern und<span style=\"color: #ffffff;\"><a style=\"color: #ffffff;\" href=\"https:\/\/spiru.nl\/categorie\/wierook\/?ppcprotect&amp;utm_source=bing&amp;utm_medium=cpc&amp;utm_campaign=Wierook&amp;utm_term=incense&amp;utm_content=Incense\">.<\/a><\/span> Gew\u00fcrze, mit denen Sie sich am Ende des Tages entspannen k\u00f6nnen? Purple Diesel k\u00f6nnte die L\u00f6sung sein. Es wird aus einer 100 {d99a1b8a56936da8dc95a057187ff2adc1ca2392c452472fda10a2857b15d4fc} nat\u00fcrlichen Damiana-Kombination mit einem einzigartigen Geschmack hergestellt, der nicht repliziert werden kann. Purple Diesel wird in 10-Gramm-Paketen mit folgendem Haftungsausschluss geliefert: Dieses Produkt ist ausschlie\u00dflich f\u00fcr die Verwendung als aromatisches Potpourri bestimmt. Es ist nicht f\u00fcr den menschlichen Verzehr bestimmt oder konzipiert. Die Hersteller und H\u00e4ndler dieses Produkts \u00fcbernehmen keine Verantwortung f\u00fcr unsachgem\u00e4\u00dfen oder missbr\u00e4uchlichen Gebrauch des Produkts. <span style=\"color: #ffffff;\">P<\/span><\/p>\n<p><span style=\"color: #ffffff;\">Gew\u00fcrz<\/span><\/p>\n<p><a href=\"https:\/\/chemsxpress.com\/de\/\">ChemsXpress<\/a> ist stolz darauf, die Ankunft von Purple Diesel Incense anzuk\u00fcndigen. Es ist ein Produkt, auf das alle unsere Kunden (und Mitarbeiter) gewartet haben. Wir alle k\u00f6nnen uns jetzt entspannen und Purple Diesel in den Sir stellen. Sie haben noch nicht an Purple Diesel Incense gerochen? Dann sollten Sie sich gleich eine Packung Purple Diesel Incense besorgen. Kunden, die es probiert haben, wissen, wie schnell es ausverkauft ist! Wir haben auch andere Produkte, die Sie ausprobieren k\u00f6nnen. Kontaktieren Sie uns f\u00fcr weitere Informationen.<\/p>\n<p>Purple Diesel Spice\" ist ein Begriff, der sich auf eine bestimmte Mischung synthetischer Cannabinoide zu beziehen scheint, die oft als Kr\u00e4utermischung oder Weihrauch verkauft wird. Synthetische Cannabinoide sind von Menschen hergestellte Chemikalien, die die Wirkung von THC, dem Wirkstoff in Marihuana, imitieren sollen. Sie k\u00f6nnen jedoch viel st\u00e4rker und unberechenbarer sein, was zu einer Reihe potenzieller Gesundheitsrisiken f\u00fchrt.<\/p>","protected":false},"excerpt":{"rendered":"<p>Kaufen Sie Purple Diesel Spice Kaufen Sie Purple Diesel Spice, Suchen Sie nach einer entspannenden Mischung aus Kr\u00e4utern und Gew\u00fcrzen, um sich mit<\/p>","protected":false},"featured_media":27952,"comment_status":"open","ping_status":"closed","template":"","meta":[],"product_brand":[],"product_cat":[73],"product_tag":[],"class_list":{"0":"post-27925","1":"product","2":"type-product","3":"status-publish","4":"has-post-thumbnail","6":"product_cat-herbal-incense","8":"first","9":"instock","10":"shipping-taxable","11":"purchasable","12":"product-type-variable"},"yoast_head":"<!-- This site is optimized with the Yoast SEO Premium plugin v24.1 (Yoast SEO v27.4) - https:\/\/yoast.com\/product\/yoast-seo-premium-wordpress\/ -->\n<title>Buy Purple Diesel Spice Premium Quality RC&#039;s | ChemsXpress<\/title>\n<meta name=\"description\" content=\"Buy Purple Diesel Spice at ChemsXpress. Premium research chemicals, fast shipping. Trust our quality assurance for all your research needs. Order now\" \/>\n<meta name=\"robots\" content=\"index, follow, max-snippet:-1, max-image-preview:large, max-video-preview:-1\" \/>\n<link rel=\"canonical\" href=\"https:\/\/chemsxpress.com\/de\/produkt\/purple-diesel-gewurz-kaufen\/\" \/>\n<meta property=\"og:locale\" content=\"de_DE\" \/>\n<meta property=\"og:type\" content=\"article\" \/>\n<meta property=\"og:title\" content=\"Purple Diesel Spice\" \/>\n<meta property=\"og:description\" content=\"Buy Purple Diesel Spice at ChemsXpress. Premium research chemicals, fast shipping. Trust our quality assurance for all your research needs. Order now\" \/>\n<meta property=\"og:url\" content=\"https:\/\/chemsxpress.com\/de\/produkt\/purple-diesel-gewurz-kaufen\/\" \/>\n<meta property=\"og:site_name\" content=\"SHOP MDPHP\" \/>\n<meta property=\"article:modified_time\" content=\"2025-05-28T06:24:29+00:00\" \/>\n<meta property=\"og:image\" content=\"https:\/\/chemsxpress.com\/wp-content\/uploads\/2024\/04\/Purple-Diesel-Spice.jpg\" \/>\n\t<meta property=\"og:image:width\" content=\"800\" \/>\n\t<meta property=\"og:image:height\" content=\"800\" \/>\n\t<meta property=\"og:image:type\" content=\"image\/jpeg\" \/>\n<meta name=\"twitter:card\" content=\"summary_large_image\" \/>\n<meta name=\"twitter:label1\" content=\"Gesch\u00e4tzte Lesezeit\" \/>\n\t<meta name=\"twitter:data1\" content=\"2\u00a0Minuten\" \/>\n<script type=\"application\/ld+json\" class=\"yoast-schema-graph\">{\"@context\":\"https:\\\/\\\/schema.org\",\"@graph\":[{\"@type\":\"WebPage\",\"@id\":\"https:\\\/\\\/chemsxpress.com\\\/product\\\/buy-purple-diesel-spice\\\/\",\"url\":\"https:\\\/\\\/chemsxpress.com\\\/product\\\/buy-purple-diesel-spice\\\/\",\"name\":\"Buy Purple Diesel Spice Premium Quality RC's | ChemsXpress\",\"isPartOf\":{\"@id\":\"https:\\\/\\\/chemsxpress.com\\\/#website\"},\"primaryImageOfPage\":{\"@id\":\"https:\\\/\\\/chemsxpress.com\\\/product\\\/buy-purple-diesel-spice\\\/#primaryimage\"},\"image\":{\"@id\":\"https:\\\/\\\/chemsxpress.com\\\/product\\\/buy-purple-diesel-spice\\\/#primaryimage\"},\"thumbnailUrl\":\"https:\\\/\\\/chemsxpress.com\\\/wp-content\\\/uploads\\\/2024\\\/04\\\/Purple-Diesel-Spice.jpg\",\"datePublished\":\"2024-04-29T13:13:19+00:00\",\"dateModified\":\"2025-05-28T06:24:29+00:00\",\"description\":\"Buy Purple Diesel Spice at ChemsXpress. Premium research chemicals, fast shipping. Trust our quality assurance for all your research needs. Order now\",\"breadcrumb\":{\"@id\":\"https:\\\/\\\/chemsxpress.com\\\/product\\\/buy-purple-diesel-spice\\\/#breadcrumb\"},\"inLanguage\":\"de\",\"potentialAction\":[{\"@type\":\"ReadAction\",\"target\":[\"https:\\\/\\\/chemsxpress.com\\\/product\\\/buy-purple-diesel-spice\\\/\"]}]},{\"@type\":\"ImageObject\",\"inLanguage\":\"de\",\"@id\":\"https:\\\/\\\/chemsxpress.com\\\/product\\\/buy-purple-diesel-spice\\\/#primaryimage\",\"url\":\"https:\\\/\\\/chemsxpress.com\\\/wp-content\\\/uploads\\\/2024\\\/04\\\/Purple-Diesel-Spice.jpg\",\"contentUrl\":\"https:\\\/\\\/chemsxpress.com\\\/wp-content\\\/uploads\\\/2024\\\/04\\\/Purple-Diesel-Spice.jpg\",\"width\":800,\"height\":800,\"caption\":\"buy Purple Diesel Spice\"},{\"@type\":\"BreadcrumbList\",\"@id\":\"https:\\\/\\\/chemsxpress.com\\\/product\\\/buy-purple-diesel-spice\\\/#breadcrumb\",\"itemListElement\":[{\"@type\":\"ListItem\",\"position\":1,\"name\":\"Home\",\"item\":\"https:\\\/\\\/chemsxpress.com\\\/\"},{\"@type\":\"ListItem\",\"position\":2,\"name\":\"Shop\",\"item\":\"https:\\\/\\\/chemsxpress.com\\\/shop\\\/\"},{\"@type\":\"ListItem\",\"position\":3,\"name\":\"Purple Diesel Spice\"}]},{\"@type\":\"WebSite\",\"@id\":\"https:\\\/\\\/chemsxpress.com\\\/#website\",\"url\":\"https:\\\/\\\/chemsxpress.com\\\/\",\"name\":\"SHOP MDPHP\",\"description\":\"Buy MDPHP freebase from reliable supplier\",\"potentialAction\":[{\"@type\":\"SearchAction\",\"target\":{\"@type\":\"EntryPoint\",\"urlTemplate\":\"https:\\\/\\\/chemsxpress.com\\\/?s={search_term_string}\"},\"query-input\":{\"@type\":\"PropertyValueSpecification\",\"valueRequired\":true,\"valueName\":\"search_term_string\"}}],\"inLanguage\":\"de\"}]}<\/script>\n<!-- \/ Yoast SEO Premium plugin. -->","yoast_head_json":{"title":"Kaufen Sie Purple Diesel Spice Premium-Qualit\u00e4ts-RCs | ChemsXpress","description":"Kaufen Sie 2C-D Pellets bei ChemsXpress. Hochwertige Forschungschemikalien, schneller Versand. Vertrauen Sie unserer Qualit\u00e4tssicherung f\u00fcr Ihren gesamten Forschungsbedarf. Jetzt bestellen","robots":{"index":"index","follow":"follow","max-snippet":"max-snippet:-1","max-image-preview":"max-image-preview:large","max-video-preview":"max-video-preview:-1"},"canonical":"https:\/\/chemsxpress.com\/de\/produkt\/purple-diesel-gewurz-kaufen\/","og_locale":"de_DE","og_type":"article","og_title":"Purple Diesel Spice","og_description":"Buy Purple Diesel Spice at ChemsXpress. Premium research chemicals, fast shipping. Trust our quality assurance for all your research needs. Order now","og_url":"https:\/\/chemsxpress.com\/de\/produkt\/purple-diesel-gewurz-kaufen\/","og_site_name":"SHOP MDPHP","article_modified_time":"2025-05-28T06:24:29+00:00","og_image":[{"width":800,"height":800,"url":"https:\/\/chemsxpress.com\/wp-content\/uploads\/2024\/04\/Purple-Diesel-Spice.jpg","type":"image\/jpeg"}],"twitter_card":"summary_large_image","twitter_misc":{"Gesch\u00e4tzte Lesezeit":"2\u00a0Minuten"},"schema":{"@context":"https:\/\/schema.org","@graph":[{"@type":"WebPage","@id":"https:\/\/chemsxpress.com\/product\/buy-purple-diesel-spice\/","url":"https:\/\/chemsxpress.com\/product\/buy-purple-diesel-spice\/","name":"Kaufen Sie Purple Diesel Spice Premium-Qualit\u00e4ts-RCs | ChemsXpress","isPartOf":{"@id":"https:\/\/chemsxpress.com\/#website"},"primaryImageOfPage":{"@id":"https:\/\/chemsxpress.com\/product\/buy-purple-diesel-spice\/#primaryimage"},"image":{"@id":"https:\/\/chemsxpress.com\/product\/buy-purple-diesel-spice\/#primaryimage"},"thumbnailUrl":"https:\/\/chemsxpress.com\/wp-content\/uploads\/2024\/04\/Purple-Diesel-Spice.jpg","datePublished":"2024-04-29T13:13:19+00:00","dateModified":"2025-05-28T06:24:29+00:00","description":"Kaufen Sie 2C-D Pellets bei ChemsXpress. Hochwertige Forschungschemikalien, schneller Versand. Vertrauen Sie unserer Qualit\u00e4tssicherung f\u00fcr Ihren gesamten Forschungsbedarf. Jetzt bestellen","breadcrumb":{"@id":"https:\/\/chemsxpress.com\/product\/buy-purple-diesel-spice\/#breadcrumb"},"inLanguage":"de","potentialAction":[{"@type":"ReadAction","target":["https:\/\/chemsxpress.com\/product\/buy-purple-diesel-spice\/"]}]},{"@type":"ImageObject","inLanguage":"de","@id":"https:\/\/chemsxpress.com\/product\/buy-purple-diesel-spice\/#primaryimage","url":"https:\/\/chemsxpress.com\/wp-content\/uploads\/2024\/04\/Purple-Diesel-Spice.jpg","contentUrl":"https:\/\/chemsxpress.com\/wp-content\/uploads\/2024\/04\/Purple-Diesel-Spice.jpg","width":800,"height":800,"caption":"buy Purple Diesel Spice"},{"@type":"BreadcrumbList","@id":"https:\/\/chemsxpress.com\/product\/buy-purple-diesel-spice\/#breadcrumb","itemListElement":[{"@type":"ListItem","position":1,"name":"Home","item":"https:\/\/chemsxpress.com\/"},{"@type":"ListItem","position":2,"name":"Shop","item":"https:\/\/chemsxpress.com\/shop\/"},{"@type":"ListItem","position":3,"name":"Purple Diesel Spice"}]},{"@type":"WebSite","@id":"https:\/\/chemsxpress.com\/#website","url":"https:\/\/chemsxpress.com\/","name":"MDPHP EINKAUFEN","description":"MDPHP freebase von einem zuverl\u00e4ssigen Anbieter kaufen","potentialAction":[{"@type":"SearchAction","target":{"@type":"EntryPoint","urlTemplate":"https:\/\/chemsxpress.com\/?s={search_term_string}"},"query-input":{"@type":"PropertyValueSpecification","valueRequired":true,"valueName":"search_term_string"}}],"inLanguage":"de"}]}},"jetpack_sharing_enabled":true,"_links":{"self":[{"href":"https:\/\/chemsxpress.com\/de\/wp-json\/wp\/v2\/product\/27925","targetHints":{"allow":["GET"]}}],"collection":[{"href":"https:\/\/chemsxpress.com\/de\/wp-json\/wp\/v2\/product"}],"about":[{"href":"https:\/\/chemsxpress.com\/de\/wp-json\/wp\/v2\/types\/product"}],"replies":[{"embeddable":true,"href":"https:\/\/chemsxpress.com\/de\/wp-json\/wp\/v2\/comments?post=27925"}],"version-history":[{"count":3,"href":"https:\/\/chemsxpress.com\/de\/wp-json\/wp\/v2\/product\/27925\/revisions"}],"predecessor-version":[{"id":29889,"href":"https:\/\/chemsxpress.com\/de\/wp-json\/wp\/v2\/product\/27925\/revisions\/29889"}],"wp:featuredmedia":[{"embeddable":true,"href":"https:\/\/chemsxpress.com\/de\/wp-json\/wp\/v2\/media\/27952"}],"wp:attachment":[{"href":"https:\/\/chemsxpress.com\/de\/wp-json\/wp\/v2\/media?parent=27925"}],"wp:term":[{"taxonomy":"product_brand","embeddable":true,"href":"https:\/\/chemsxpress.com\/de\/wp-json\/wp\/v2\/product_brand?post=27925"},{"taxonomy":"product_cat","embeddable":true,"href":"https:\/\/chemsxpress.com\/de\/wp-json\/wp\/v2\/product_cat?post=27925"},{"taxonomy":"product_tag","embeddable":true,"href":"https:\/\/chemsxpress.com\/de\/wp-json\/wp\/v2\/product_tag?post=27925"}],"curies":[{"name":"wp","href":"https:\/\/api.w.org\/{rel}","templated":true}]}}