{"id":27940,"date":"2024-04-29T13:13:20","date_gmt":"2024-04-29T13:13:20","guid":{"rendered":"https:\/\/chemsxpress.com\/?post_type=product&#038;p=27940"},"modified":"2025-05-18T23:31:10","modified_gmt":"2025-05-18T23:31:10","slug":"dschungelsaft-kaufen-flussig-weihrauch","status":"publish","type":"product","link":"https:\/\/chemsxpress.com\/de\/produkt\/dschungelsaft-kaufen-flussig-weihrauch\/","title":{"rendered":"Dschungel Saft Fl\u00fcssig Weihrauch"},"content":{"rendered":"<h1>Jungle Juice Fl\u00fcssigweihrauch kaufen<\/h1>\n<div><\/div>\n<div>Kaufen Sie Jungle Juice Liquid Incense .The Original Room Odorizer Leather Cleaner 10ml. Es ist sehr klar mit einer propriet\u00e4ren Mischung aus \u00d6len und Aroma. <span style=\"color: #ffffff;\">Fl\u00fcssiger Kr\u00e4uterweihrauch zu verkaufen<\/span><\/div>\n<div><\/div>\n<div>Das ist es, was Sie verpasst haben. Es ist extrem stark. Er hat das beruhigende Aroma, das Sie suchen. Wenn Sie auf der Suche nach hochwirksamen fl\u00fcssigen Weihrauch sind, suchen Sie nicht weiter. Das Bild des fl\u00fcssigen Kr\u00e4uterweihrauchs, das Sie auf dieser Website sehen, ist derselbe Produktbeutel, den wir an Ihre Adresse liefern. Die meistverkauften Marken von fl\u00fcssigem Kr\u00e4uterweihrauch. Jungle Juice Liquid Incense 10ml ist nicht f\u00fcr den Gebrauch durch Personen unter 18 Jahren geeignet. <span class=\"___SText_17rlk-ko_\" style=\"color: #ffffff;\" data-ui-name=\"Link.Text\">Dschungelplatin<\/span><\/div>\n<div><\/div>\n<div>Dieses Produkt ist nur f\u00fcr die Verwendung als aromatisches Potpourri bestimmt. Es ist nicht f\u00fcr den menschlichen Verzehr konzipiert oder bestimmt. Sowohl die Hersteller als auch die H\u00e4ndler dieses Produkts \u00fcbernehmen keine Verantwortung f\u00fcr die falsche Verwendung oder den Missbrauch dieses Produkts.<\/div>\n<div>Wir haben auch andere\u00a0<a href=\"https:\/\/chemsxpress.com\/de\/\">Produkte<\/a>\u00a0k\u00f6nnen Sie nachsehen.\u00a0<a href=\"https:\/\/chemsxpress.com\/de\/\">Kontakt<\/a> f\u00fcr weitere Informationen. <span class=\"___SText_17rlk-ko_\" style=\"color: #ffffff;\" data-ui-name=\"Link.Text\">ju<\/span><\/div>\n<div>\n<ol>\n<li><strong>nhaltsstoffe:<\/strong> Pflanzliche Weihrauchprodukte k\u00f6nnen eine Vielzahl von Inhaltsstoffen enthalten, darunter getrocknete Kr\u00e4uter, Blumen, Gew\u00fcrze und Harze. Diese nat\u00fcrlichen Inhaltsstoffe werden oft mit \u00e4therischen \u00d6len oder Duftstoffen kombiniert, um ihr Aroma beim Verbrennen zu verst\u00e4rken. Einige pflanzliche Weihrauchprodukte k\u00f6nnen jedoch auch synthetische Cannabinoide oder andere psychoaktive Substanzen enthalten, die unvorhersehbare Wirkungen haben k\u00f6nnen.<\/li>\n<li><strong>Verwendet:<\/strong> Kr\u00e4uterweihrauch wird h\u00e4ufig f\u00fcr Aromatherapie, Meditation, Entspannung und spirituelle Praktiken verwendet. Das Verbrennen von Kr\u00e4uterr\u00e4uchern kann eine beruhigende Atmosph\u00e4re schaffen und ein Gef\u00fchl der Ruhe und des Wohlbefindens f\u00f6rdern. Verschiedene Kr\u00e4uter und \u00e4therische \u00d6le k\u00f6nnen aufgrund ihrer spezifischen therapeutischen Eigenschaften ausgew\u00e4hlt werden, z. B. Lavendel zur Entspannung oder Pfefferminze f\u00fcr geistige Klarheit.<\/li>\n<li><strong>Typen:<\/strong> Es gibt viele verschiedene Arten von Kr\u00e4uterr\u00e4uchern, jeder mit seiner eigenen einzigartigen Mischung aus Inhaltsstoffen und D\u00fcften. Zu den \u00fcblichen Kr\u00e4utern, die in Kr\u00e4uterweihrauch verwendet werden, geh\u00f6ren Salbei, Lavendel, Rosmarin und Weihrauch. Einige R\u00e4uchermischungen enthalten auch exotische oder seltene Zutaten, die aus der ganzen Welt stammen.<\/li>\n<\/ol>\n<p><span class=\"___SText_17rlk-ko_\" style=\"color: #ffffff;\" data-ui-name=\"Link.Text\">ngle Platin.<\/span><\/div>","protected":false},"excerpt":{"rendered":"<p>Kaufen Sie Jungle Juice Liquid Incense Kaufen Sie Jungle Juice Liquid Incense .The Original Room Odorizer Leather Cleaner 10ml. Es ist sehr<\/p>","protected":false},"featured_media":27958,"comment_status":"open","ping_status":"closed","template":"","meta":[],"product_brand":[],"product_cat":[73],"product_tag":[],"class_list":{"0":"post-27940","1":"product","2":"type-product","3":"status-publish","4":"has-post-thumbnail","6":"product_cat-herbal-incense","8":"first","9":"instock","10":"shipping-taxable","11":"purchasable","12":"product-type-variable"},"yoast_head":"<!-- This site is optimized with the Yoast SEO Premium plugin v24.1 (Yoast SEO v27.4) - https:\/\/yoast.com\/product\/yoast-seo-premium-wordpress\/ -->\n<title>Buy Jungle Juice Liquid Incense Premium Quality | ChemsXpress<\/title>\n<meta name=\"description\" content=\"Buy Jungle Juice Liquid Incense at ChemsXpress. Premium , fast shipping. Trust our quality assurance for all your research needs. Order now\" \/>\n<meta name=\"robots\" content=\"index, follow, max-snippet:-1, max-image-preview:large, max-video-preview:-1\" \/>\n<link rel=\"canonical\" href=\"https:\/\/chemsxpress.com\/de\/produkt\/dschungelsaft-kaufen-flussig-weihrauch\/\" \/>\n<meta property=\"og:locale\" content=\"de_DE\" \/>\n<meta property=\"og:type\" content=\"article\" \/>\n<meta property=\"og:title\" content=\"Jungle Juice Liquid Incense\" \/>\n<meta property=\"og:description\" content=\"Buy Jungle Juice Liquid Incense at ChemsXpress. Premium , fast shipping. Trust our quality assurance for all your research needs. Order now\" \/>\n<meta property=\"og:url\" content=\"https:\/\/chemsxpress.com\/de\/produkt\/dschungelsaft-kaufen-flussig-weihrauch\/\" \/>\n<meta property=\"og:site_name\" content=\"SHOP MDPHP\" \/>\n<meta property=\"article:modified_time\" content=\"2025-05-18T23:31:10+00:00\" \/>\n<meta property=\"og:image\" content=\"https:\/\/chemsxpress.com\/wp-content\/uploads\/2024\/04\/jungle-juice-liquid-incense.jpg\" \/>\n\t<meta property=\"og:image:width\" content=\"800\" \/>\n\t<meta property=\"og:image:height\" content=\"800\" \/>\n\t<meta property=\"og:image:type\" content=\"image\/jpeg\" \/>\n<meta name=\"twitter:card\" content=\"summary_large_image\" \/>\n<meta name=\"twitter:label1\" content=\"Gesch\u00e4tzte Lesezeit\" \/>\n\t<meta name=\"twitter:data1\" content=\"2\u00a0Minuten\" \/>\n<script type=\"application\/ld+json\" class=\"yoast-schema-graph\">{\"@context\":\"https:\\\/\\\/schema.org\",\"@graph\":[{\"@type\":\"WebPage\",\"@id\":\"https:\\\/\\\/chemsxpress.com\\\/product\\\/buy-jungle-juice-liquid-incense\\\/\",\"url\":\"https:\\\/\\\/chemsxpress.com\\\/product\\\/buy-jungle-juice-liquid-incense\\\/\",\"name\":\"Buy Jungle Juice Liquid Incense Premium Quality | ChemsXpress\",\"isPartOf\":{\"@id\":\"https:\\\/\\\/chemsxpress.com\\\/#website\"},\"primaryImageOfPage\":{\"@id\":\"https:\\\/\\\/chemsxpress.com\\\/product\\\/buy-jungle-juice-liquid-incense\\\/#primaryimage\"},\"image\":{\"@id\":\"https:\\\/\\\/chemsxpress.com\\\/product\\\/buy-jungle-juice-liquid-incense\\\/#primaryimage\"},\"thumbnailUrl\":\"https:\\\/\\\/chemsxpress.com\\\/wp-content\\\/uploads\\\/2024\\\/04\\\/jungle-juice-liquid-incense.jpg\",\"datePublished\":\"2024-04-29T13:13:20+00:00\",\"dateModified\":\"2025-05-18T23:31:10+00:00\",\"description\":\"Buy Jungle Juice Liquid Incense at ChemsXpress. Premium , fast shipping. Trust our quality assurance for all your research needs. Order now\",\"breadcrumb\":{\"@id\":\"https:\\\/\\\/chemsxpress.com\\\/product\\\/buy-jungle-juice-liquid-incense\\\/#breadcrumb\"},\"inLanguage\":\"de\",\"potentialAction\":[{\"@type\":\"ReadAction\",\"target\":[\"https:\\\/\\\/chemsxpress.com\\\/product\\\/buy-jungle-juice-liquid-incense\\\/\"]}]},{\"@type\":\"ImageObject\",\"inLanguage\":\"de\",\"@id\":\"https:\\\/\\\/chemsxpress.com\\\/product\\\/buy-jungle-juice-liquid-incense\\\/#primaryimage\",\"url\":\"https:\\\/\\\/chemsxpress.com\\\/wp-content\\\/uploads\\\/2024\\\/04\\\/jungle-juice-liquid-incense.jpg\",\"contentUrl\":\"https:\\\/\\\/chemsxpress.com\\\/wp-content\\\/uploads\\\/2024\\\/04\\\/jungle-juice-liquid-incense.jpg\",\"width\":800,\"height\":800,\"caption\":\"Buy Jungle Juice Liquid Incense\"},{\"@type\":\"BreadcrumbList\",\"@id\":\"https:\\\/\\\/chemsxpress.com\\\/product\\\/buy-jungle-juice-liquid-incense\\\/#breadcrumb\",\"itemListElement\":[{\"@type\":\"ListItem\",\"position\":1,\"name\":\"Home\",\"item\":\"https:\\\/\\\/chemsxpress.com\\\/\"},{\"@type\":\"ListItem\",\"position\":2,\"name\":\"Shop\",\"item\":\"https:\\\/\\\/chemsxpress.com\\\/shop\\\/\"},{\"@type\":\"ListItem\",\"position\":3,\"name\":\"Jungle Juice Liquid Incense\"}]},{\"@type\":\"WebSite\",\"@id\":\"https:\\\/\\\/chemsxpress.com\\\/#website\",\"url\":\"https:\\\/\\\/chemsxpress.com\\\/\",\"name\":\"SHOP MDPHP\",\"description\":\"Buy MDPHP freebase from reliable supplier\",\"potentialAction\":[{\"@type\":\"SearchAction\",\"target\":{\"@type\":\"EntryPoint\",\"urlTemplate\":\"https:\\\/\\\/chemsxpress.com\\\/?s={search_term_string}\"},\"query-input\":{\"@type\":\"PropertyValueSpecification\",\"valueRequired\":true,\"valueName\":\"search_term_string\"}}],\"inLanguage\":\"de\"}]}<\/script>\n<!-- \/ Yoast SEO Premium plugin. -->","yoast_head_json":{"title":"Kaufen Sie Jungle Juice Liquid Incense Premium Qualit\u00e4t | ChemsXpress","description":"Kaufen Sie Jungle Juice Liquid Incense bei ChemsXpress. Erstklassiger, schneller Versand. Vertrauen Sie unserer Qualit\u00e4tssicherung f\u00fcr alle Ihre Forschungsbed\u00fcrfnisse. Jetzt bestellen","robots":{"index":"index","follow":"follow","max-snippet":"max-snippet:-1","max-image-preview":"max-image-preview:large","max-video-preview":"max-video-preview:-1"},"canonical":"https:\/\/chemsxpress.com\/de\/produkt\/dschungelsaft-kaufen-flussig-weihrauch\/","og_locale":"de_DE","og_type":"article","og_title":"Jungle Juice Liquid Incense","og_description":"Buy Jungle Juice Liquid Incense at ChemsXpress. Premium , fast shipping. Trust our quality assurance for all your research needs. Order now","og_url":"https:\/\/chemsxpress.com\/de\/produkt\/dschungelsaft-kaufen-flussig-weihrauch\/","og_site_name":"SHOP MDPHP","article_modified_time":"2025-05-18T23:31:10+00:00","og_image":[{"width":800,"height":800,"url":"https:\/\/chemsxpress.com\/wp-content\/uploads\/2024\/04\/jungle-juice-liquid-incense.jpg","type":"image\/jpeg"}],"twitter_card":"summary_large_image","twitter_misc":{"Gesch\u00e4tzte Lesezeit":"2\u00a0Minuten"},"schema":{"@context":"https:\/\/schema.org","@graph":[{"@type":"WebPage","@id":"https:\/\/chemsxpress.com\/product\/buy-jungle-juice-liquid-incense\/","url":"https:\/\/chemsxpress.com\/product\/buy-jungle-juice-liquid-incense\/","name":"Kaufen Sie Jungle Juice Liquid Incense Premium Qualit\u00e4t | ChemsXpress","isPartOf":{"@id":"https:\/\/chemsxpress.com\/#website"},"primaryImageOfPage":{"@id":"https:\/\/chemsxpress.com\/product\/buy-jungle-juice-liquid-incense\/#primaryimage"},"image":{"@id":"https:\/\/chemsxpress.com\/product\/buy-jungle-juice-liquid-incense\/#primaryimage"},"thumbnailUrl":"https:\/\/chemsxpress.com\/wp-content\/uploads\/2024\/04\/jungle-juice-liquid-incense.jpg","datePublished":"2024-04-29T13:13:20+00:00","dateModified":"2025-05-18T23:31:10+00:00","description":"Kaufen Sie Jungle Juice Liquid Incense bei ChemsXpress. Erstklassiger, schneller Versand. Vertrauen Sie unserer Qualit\u00e4tssicherung f\u00fcr alle Ihre Forschungsbed\u00fcrfnisse. Jetzt bestellen","breadcrumb":{"@id":"https:\/\/chemsxpress.com\/product\/buy-jungle-juice-liquid-incense\/#breadcrumb"},"inLanguage":"de","potentialAction":[{"@type":"ReadAction","target":["https:\/\/chemsxpress.com\/product\/buy-jungle-juice-liquid-incense\/"]}]},{"@type":"ImageObject","inLanguage":"de","@id":"https:\/\/chemsxpress.com\/product\/buy-jungle-juice-liquid-incense\/#primaryimage","url":"https:\/\/chemsxpress.com\/wp-content\/uploads\/2024\/04\/jungle-juice-liquid-incense.jpg","contentUrl":"https:\/\/chemsxpress.com\/wp-content\/uploads\/2024\/04\/jungle-juice-liquid-incense.jpg","width":800,"height":800,"caption":"Buy Jungle Juice Liquid Incense"},{"@type":"BreadcrumbList","@id":"https:\/\/chemsxpress.com\/product\/buy-jungle-juice-liquid-incense\/#breadcrumb","itemListElement":[{"@type":"ListItem","position":1,"name":"Home","item":"https:\/\/chemsxpress.com\/"},{"@type":"ListItem","position":2,"name":"Shop","item":"https:\/\/chemsxpress.com\/shop\/"},{"@type":"ListItem","position":3,"name":"Jungle Juice Liquid Incense"}]},{"@type":"WebSite","@id":"https:\/\/chemsxpress.com\/#website","url":"https:\/\/chemsxpress.com\/","name":"MDPHP EINKAUFEN","description":"MDPHP freebase von einem zuverl\u00e4ssigen Anbieter kaufen","potentialAction":[{"@type":"SearchAction","target":{"@type":"EntryPoint","urlTemplate":"https:\/\/chemsxpress.com\/?s={search_term_string}"},"query-input":{"@type":"PropertyValueSpecification","valueRequired":true,"valueName":"search_term_string"}}],"inLanguage":"de"}]}},"jetpack_sharing_enabled":true,"_links":{"self":[{"href":"https:\/\/chemsxpress.com\/de\/wp-json\/wp\/v2\/product\/27940","targetHints":{"allow":["GET"]}}],"collection":[{"href":"https:\/\/chemsxpress.com\/de\/wp-json\/wp\/v2\/product"}],"about":[{"href":"https:\/\/chemsxpress.com\/de\/wp-json\/wp\/v2\/types\/product"}],"replies":[{"embeddable":true,"href":"https:\/\/chemsxpress.com\/de\/wp-json\/wp\/v2\/comments?post=27940"}],"version-history":[{"count":3,"href":"https:\/\/chemsxpress.com\/de\/wp-json\/wp\/v2\/product\/27940\/revisions"}],"predecessor-version":[{"id":29916,"href":"https:\/\/chemsxpress.com\/de\/wp-json\/wp\/v2\/product\/27940\/revisions\/29916"}],"wp:featuredmedia":[{"embeddable":true,"href":"https:\/\/chemsxpress.com\/de\/wp-json\/wp\/v2\/media\/27958"}],"wp:attachment":[{"href":"https:\/\/chemsxpress.com\/de\/wp-json\/wp\/v2\/media?parent=27940"}],"wp:term":[{"taxonomy":"product_brand","embeddable":true,"href":"https:\/\/chemsxpress.com\/de\/wp-json\/wp\/v2\/product_brand?post=27940"},{"taxonomy":"product_cat","embeddable":true,"href":"https:\/\/chemsxpress.com\/de\/wp-json\/wp\/v2\/product_cat?post=27940"},{"taxonomy":"product_tag","embeddable":true,"href":"https:\/\/chemsxpress.com\/de\/wp-json\/wp\/v2\/product_tag?post=27940"}],"curies":[{"name":"wp","href":"https:\/\/api.w.org\/{rel}","templated":true}]}}