{"id":27975,"date":"2024-04-29T13:13:38","date_gmt":"2024-04-29T13:13:38","guid":{"rendered":"https:\/\/chemsxpress.com\/?post_type=product&#038;p=27975"},"modified":"2025-04-30T10:37:51","modified_gmt":"2025-04-30T10:37:51","slug":"4f-adb-online-kaufen","status":"publish","type":"product","link":"https:\/\/chemsxpress.com\/de\/produkt\/4f-adb-online-kaufen\/","title":{"rendered":"4F ADB"},"content":{"rendered":"<h1>4F-ADB online kaufen<\/h1>\n<p>4F-ADB online kaufen. Suchen Sie eine kosteng\u00fcnstige M\u00f6glichkeit, 4F-ADB (<span class=\"___SText_17rlk-ko_\" data-ui-name=\"Link.Text\">4fadb<\/span>) online kaufen? Dann ist Rxchemlab der beste Ort f\u00fcr Sie, um 4F-ADB ohne Probleme und zu einem g\u00fcnstigen Preis zu kaufen. Als seri\u00f6ser H\u00e4ndler und Anbieter von 4F-ADB-Pulver bedienen wir Kunden aus fast allen gro\u00dfen L\u00e4ndern.<\/p>\n<h3>Was ist 4F-ADB?<\/h3>\n<p>4F-ADB ist ein synthetisches Cannabinoid auf Indazolbasis, das als Wirkstoff in synthetischen Cannabisprodukten verwendet wird. Es geh\u00f6rt zur Familie der Indazol-3-Carboxamide. <span class=\"___SText_17rlk-ko_\" style=\"color: #ffffff;\" data-ui-name=\"Link.Text\">4fadb<\/span><\/p>\n<h3>Wof\u00fcr wird das Medikament 4F-ADB verwendet?<\/h3>\n<p>4F-ADB ist ein Forschungsreagenz, das von Wissenschaftlern h\u00e4ufig verwendet wird. Stellen Sie sicher, dass Ihr Arbeitsbereich richtig bel\u00fcftet und f\u00fcr die Handhabung von <a href=\"https:\/\/chemsxpress.com\/de\/produktkategorie\/forschungschemikalien\/\">Forschungschemikalien<\/a>.<\/p>\n<h3>Was sind die Nebenwirkungen von 4F-ADB?<\/h3>\n<p>Die Nebenwirkungen von 4F-ADB Pulver sind:<\/p>\n<ul>\n<li>Kopfschmerzen<\/li>\n<li>Schwindel<\/li>\n<li>Erbrechen<\/li>\n<li>Ver\u00e4ndertes Bewusstsein<\/li>\n<\/ul>\n<h3>Warum sollten Sie 4F-ADB online bei ChemsXpress kaufen?<\/h3>\n<p>Wir bieten Ihnen die besten 4F-ADB online zu den besten Preisen. Unsere Artikel sind von hervorragender Qualit\u00e4t, und Sie k\u00f6nnen sie sicher und effektiv nutzen. Wir sind immer bereit, Ihnen zu helfen. Sie k\u00f6nnen uns zu jeder Tages- und Nachtzeit kontaktieren. <span class=\"___SText_17rlk-ko_\" style=\"color: #ffffff;\" data-ui-name=\"Link.Text\">4fadb<\/span><\/p>\n<p>Um unseren Online-Verkauf zu verbessern, arbeiten wir mit unseren offiziellen Labors und Teammitgliedern zusammen. Sie werden nicht mehr in der Schlange warten m\u00fcssen, da wir jede Bestellung, ob gro\u00df oder klein, sch\u00e4tzen. Wir m\u00f6chten Ihnen versichern, dass unsere Versanddienste absolut vertraulich sind und dass Ihr Produkt sicher ankommt. Wir haben auch andere\u00a0<a href=\"https:\/\/chemsxpress.com\/de\/\">Produkte<\/a>\u00a0k\u00f6nnen Sie nachsehen.\u00a0<a href=\"https:\/\/chemsxpress.com\/de\/\">Kontakt<\/a>\u00a0f\u00fcr weitere Informationen.<\/p>","protected":false},"excerpt":{"rendered":"<p>4F-ADB online kaufen 4F ADB online kaufen. Suchen Sie eine kosteng\u00fcnstige M\u00f6glichkeit, 4F-ADB (4fadb) online zu kaufen? Dann Rxchemlab<\/p>","protected":false},"featured_media":27996,"comment_status":"open","ping_status":"closed","template":"","meta":[],"product_brand":[],"product_cat":[74],"product_tag":[],"class_list":{"0":"post-27975","1":"product","2":"type-product","3":"status-publish","4":"has-post-thumbnail","6":"product_cat-research-chemicals","8":"first","9":"instock","10":"shipping-taxable","11":"purchasable","12":"product-type-variable"},"yoast_head":"<!-- This site is optimized with the Yoast SEO Premium plugin v24.1 (Yoast SEO v27.3) - https:\/\/yoast.com\/product\/yoast-seo-premium-wordpress\/ -->\n<title>Buy 4F ADB online Premium Quality RC&#039;s | ChemsXpress<\/title>\n<meta name=\"description\" content=\"Buy 4F ADB online at chemsXpress Premium research chemicals, fast shipping. Trust our quality assurance for all your research needs. Order now\" \/>\n<meta name=\"robots\" content=\"index, follow, max-snippet:-1, max-image-preview:large, max-video-preview:-1\" \/>\n<link rel=\"canonical\" href=\"https:\/\/chemsxpress.com\/de\/produkt\/4f-adb-online-kaufen\/\" \/>\n<meta property=\"og:locale\" content=\"de_DE\" \/>\n<meta property=\"og:type\" content=\"article\" \/>\n<meta property=\"og:title\" content=\"4F ADB\" \/>\n<meta property=\"og:description\" content=\"Buy 4F ADB online at chemsXpress Premium research chemicals, fast shipping. Trust our quality assurance for all your research needs. Order now\" \/>\n<meta property=\"og:url\" content=\"https:\/\/chemsxpress.com\/de\/produkt\/4f-adb-online-kaufen\/\" \/>\n<meta property=\"og:site_name\" content=\"SHOP MDPHP\" \/>\n<meta property=\"article:modified_time\" content=\"2025-04-30T10:37:51+00:00\" \/>\n<meta property=\"og:image\" content=\"https:\/\/chemsxpress.com\/wp-content\/uploads\/2024\/04\/4F-ADB.jpg\" \/>\n\t<meta property=\"og:image:width\" content=\"1000\" \/>\n\t<meta property=\"og:image:height\" content=\"1000\" \/>\n\t<meta property=\"og:image:type\" content=\"image\/jpeg\" \/>\n<meta name=\"twitter:card\" content=\"summary_large_image\" \/>\n<meta name=\"twitter:label1\" content=\"Gesch\u00e4tzte Lesezeit\" \/>\n\t<meta name=\"twitter:data1\" content=\"2\u00a0Minuten\" \/>\n<script type=\"application\/ld+json\" class=\"yoast-schema-graph\">{\"@context\":\"https:\\\/\\\/schema.org\",\"@graph\":[{\"@type\":\"WebPage\",\"@id\":\"https:\\\/\\\/chemsxpress.com\\\/product\\\/buy-4f-adb-online\\\/\",\"url\":\"https:\\\/\\\/chemsxpress.com\\\/product\\\/buy-4f-adb-online\\\/\",\"name\":\"Buy 4F ADB online Premium Quality RC's | ChemsXpress\",\"isPartOf\":{\"@id\":\"https:\\\/\\\/chemsxpress.com\\\/#website\"},\"primaryImageOfPage\":{\"@id\":\"https:\\\/\\\/chemsxpress.com\\\/product\\\/buy-4f-adb-online\\\/#primaryimage\"},\"image\":{\"@id\":\"https:\\\/\\\/chemsxpress.com\\\/product\\\/buy-4f-adb-online\\\/#primaryimage\"},\"thumbnailUrl\":\"https:\\\/\\\/chemsxpress.com\\\/wp-content\\\/uploads\\\/2024\\\/04\\\/4F-ADB.jpg\",\"datePublished\":\"2024-04-29T13:13:38+00:00\",\"dateModified\":\"2025-04-30T10:37:51+00:00\",\"description\":\"Buy 4F ADB online at chemsXpress Premium research chemicals, fast shipping. Trust our quality assurance for all your research needs. Order now\",\"breadcrumb\":{\"@id\":\"https:\\\/\\\/chemsxpress.com\\\/product\\\/buy-4f-adb-online\\\/#breadcrumb\"},\"inLanguage\":\"de\",\"potentialAction\":[{\"@type\":\"ReadAction\",\"target\":[\"https:\\\/\\\/chemsxpress.com\\\/product\\\/buy-4f-adb-online\\\/\"]}]},{\"@type\":\"ImageObject\",\"inLanguage\":\"de\",\"@id\":\"https:\\\/\\\/chemsxpress.com\\\/product\\\/buy-4f-adb-online\\\/#primaryimage\",\"url\":\"https:\\\/\\\/chemsxpress.com\\\/wp-content\\\/uploads\\\/2024\\\/04\\\/4F-ADB.jpg\",\"contentUrl\":\"https:\\\/\\\/chemsxpress.com\\\/wp-content\\\/uploads\\\/2024\\\/04\\\/4F-ADB.jpg\",\"width\":1000,\"height\":1000,\"caption\":\"Buy 4F ADB online\"},{\"@type\":\"BreadcrumbList\",\"@id\":\"https:\\\/\\\/chemsxpress.com\\\/product\\\/buy-4f-adb-online\\\/#breadcrumb\",\"itemListElement\":[{\"@type\":\"ListItem\",\"position\":1,\"name\":\"Home\",\"item\":\"https:\\\/\\\/chemsxpress.com\\\/\"},{\"@type\":\"ListItem\",\"position\":2,\"name\":\"Shop\",\"item\":\"https:\\\/\\\/chemsxpress.com\\\/shop\\\/\"},{\"@type\":\"ListItem\",\"position\":3,\"name\":\"4F ADB\"}]},{\"@type\":\"WebSite\",\"@id\":\"https:\\\/\\\/chemsxpress.com\\\/#website\",\"url\":\"https:\\\/\\\/chemsxpress.com\\\/\",\"name\":\"SHOP MDPHP\",\"description\":\"Buy MDPHP freebase from reliable supplier\",\"potentialAction\":[{\"@type\":\"SearchAction\",\"target\":{\"@type\":\"EntryPoint\",\"urlTemplate\":\"https:\\\/\\\/chemsxpress.com\\\/?s={search_term_string}\"},\"query-input\":{\"@type\":\"PropertyValueSpecification\",\"valueRequired\":true,\"valueName\":\"search_term_string\"}}],\"inLanguage\":\"de\"}]}<\/script>\n<!-- \/ Yoast SEO Premium plugin. -->","yoast_head_json":{"title":"Erwerben Sie 7-ADD online von ChemsXpress. Mit Qualit\u00e4t, vollst\u00e4ndiger Pr\u00fcfung, diskreter Lieferung und effizientem Service, eidesstattliche Erkl\u00e4rung, sobald ich von RC \u00fcberzeugt bin","description":"Kaufen Sie bromonordiazepam online Premium Forschungschemikalien, schneller Versand. Vertrauen Sie unserer Qualit\u00e4tssicherung f\u00fcr Ihren gesamten Forschungsbedarf. Jetzt bestellen","robots":{"index":"index","follow":"follow","max-snippet":"max-snippet:-1","max-image-preview":"max-image-preview:large","max-video-preview":"max-video-preview:-1"},"canonical":"https:\/\/chemsxpress.com\/de\/produkt\/4f-adb-online-kaufen\/","og_locale":"de_DE","og_type":"article","og_title":"4F ADB","og_description":"Buy 4F ADB online at chemsXpress Premium research chemicals, fast shipping. Trust our quality assurance for all your research needs. Order now","og_url":"https:\/\/chemsxpress.com\/de\/produkt\/4f-adb-online-kaufen\/","og_site_name":"SHOP MDPHP","article_modified_time":"2025-04-30T10:37:51+00:00","og_image":[{"width":1000,"height":1000,"url":"https:\/\/chemsxpress.com\/wp-content\/uploads\/2024\/04\/4F-ADB.jpg","type":"image\/jpeg"}],"twitter_card":"summary_large_image","twitter_misc":{"Gesch\u00e4tzte Lesezeit":"2\u00a0Minuten"},"schema":{"@context":"https:\/\/schema.org","@graph":[{"@type":"WebPage","@id":"https:\/\/chemsxpress.com\/product\/buy-4f-adb-online\/","url":"https:\/\/chemsxpress.com\/product\/buy-4f-adb-online\/","name":"Erwerben Sie 7-ADD online von ChemsXpress. Mit Qualit\u00e4t, vollst\u00e4ndiger Pr\u00fcfung, diskreter Lieferung und effizientem Service, eidesstattliche Erkl\u00e4rung, sobald ich von RC \u00fcberzeugt bin","isPartOf":{"@id":"https:\/\/chemsxpress.com\/#website"},"primaryImageOfPage":{"@id":"https:\/\/chemsxpress.com\/product\/buy-4f-adb-online\/#primaryimage"},"image":{"@id":"https:\/\/chemsxpress.com\/product\/buy-4f-adb-online\/#primaryimage"},"thumbnailUrl":"https:\/\/chemsxpress.com\/wp-content\/uploads\/2024\/04\/4F-ADB.jpg","datePublished":"2024-04-29T13:13:38+00:00","dateModified":"2025-04-30T10:37:51+00:00","description":"Kaufen Sie bromonordiazepam online Premium Forschungschemikalien, schneller Versand. Vertrauen Sie unserer Qualit\u00e4tssicherung f\u00fcr Ihren gesamten Forschungsbedarf. Jetzt bestellen","breadcrumb":{"@id":"https:\/\/chemsxpress.com\/product\/buy-4f-adb-online\/#breadcrumb"},"inLanguage":"de","potentialAction":[{"@type":"ReadAction","target":["https:\/\/chemsxpress.com\/product\/buy-4f-adb-online\/"]}]},{"@type":"ImageObject","inLanguage":"de","@id":"https:\/\/chemsxpress.com\/product\/buy-4f-adb-online\/#primaryimage","url":"https:\/\/chemsxpress.com\/wp-content\/uploads\/2024\/04\/4F-ADB.jpg","contentUrl":"https:\/\/chemsxpress.com\/wp-content\/uploads\/2024\/04\/4F-ADB.jpg","width":1000,"height":1000,"caption":"Buy 4F ADB online"},{"@type":"BreadcrumbList","@id":"https:\/\/chemsxpress.com\/product\/buy-4f-adb-online\/#breadcrumb","itemListElement":[{"@type":"ListItem","position":1,"name":"Home","item":"https:\/\/chemsxpress.com\/"},{"@type":"ListItem","position":2,"name":"Shop","item":"https:\/\/chemsxpress.com\/shop\/"},{"@type":"ListItem","position":3,"name":"4F ADB"}]},{"@type":"WebSite","@id":"https:\/\/chemsxpress.com\/#website","url":"https:\/\/chemsxpress.com\/","name":"MDPHP EINKAUFEN","description":"MDPHP freebase von einem zuverl\u00e4ssigen Anbieter kaufen","potentialAction":[{"@type":"SearchAction","target":{"@type":"EntryPoint","urlTemplate":"https:\/\/chemsxpress.com\/?s={search_term_string}"},"query-input":{"@type":"PropertyValueSpecification","valueRequired":true,"valueName":"search_term_string"}}],"inLanguage":"de"}]}},"jetpack_sharing_enabled":true,"_links":{"self":[{"href":"https:\/\/chemsxpress.com\/de\/wp-json\/wp\/v2\/product\/27975","targetHints":{"allow":["GET"]}}],"collection":[{"href":"https:\/\/chemsxpress.com\/de\/wp-json\/wp\/v2\/product"}],"about":[{"href":"https:\/\/chemsxpress.com\/de\/wp-json\/wp\/v2\/types\/product"}],"replies":[{"embeddable":true,"href":"https:\/\/chemsxpress.com\/de\/wp-json\/wp\/v2\/comments?post=27975"}],"version-history":[{"count":4,"href":"https:\/\/chemsxpress.com\/de\/wp-json\/wp\/v2\/product\/27975\/revisions"}],"predecessor-version":[{"id":30091,"href":"https:\/\/chemsxpress.com\/de\/wp-json\/wp\/v2\/product\/27975\/revisions\/30091"}],"wp:featuredmedia":[{"embeddable":true,"href":"https:\/\/chemsxpress.com\/de\/wp-json\/wp\/v2\/media\/27996"}],"wp:attachment":[{"href":"https:\/\/chemsxpress.com\/de\/wp-json\/wp\/v2\/media?parent=27975"}],"wp:term":[{"taxonomy":"product_brand","embeddable":true,"href":"https:\/\/chemsxpress.com\/de\/wp-json\/wp\/v2\/product_brand?post=27975"},{"taxonomy":"product_cat","embeddable":true,"href":"https:\/\/chemsxpress.com\/de\/wp-json\/wp\/v2\/product_cat?post=27975"},{"taxonomy":"product_tag","embeddable":true,"href":"https:\/\/chemsxpress.com\/de\/wp-json\/wp\/v2\/product_tag?post=27975"}],"curies":[{"name":"wp","href":"https:\/\/api.w.org\/{rel}","templated":true}]}}