{"id":28060,"date":"2024-04-29T13:14:15","date_gmt":"2024-04-29T13:14:15","guid":{"rendered":"https:\/\/chemsxpress.com\/?post_type=product&#038;p=28060"},"modified":"2024-07-04T23:42:02","modified_gmt":"2024-07-04T23:42:02","slug":"kaufen-1v-lsd-online-premium-qualitat-forschung-chemikalien-chemsxpress","status":"publish","type":"product","link":"https:\/\/chemsxpress.com\/de\/produkt\/kaufen-1v-lsd-online-premium-qualitat-forschung-chemikalien-chemsxpress\/","title":{"rendered":"1V-LSD 150mcg Blotters"},"content":{"rendered":"<h1>1V-LSD kaufen<\/h1>\n<p>1V-LSD kaufen. LSD, oder Lysergs\u00e4urediethylamid, ist eine starke psychedelische Droge, die f\u00fcr ihre halluzinogenen Wirkungen bekannt ist. Sie wird aus Mutterkorn gewonnen, einem Pilz, der auf bestimmten Getreidesorten w\u00e4chst. LSD wird in der Regel oral eingenommen und f\u00fchrt zu Ver\u00e4nderungen der Wahrnehmung, der Stimmung und des Bewusstseins. Zu den Wirkungen k\u00f6nnen visuelle und auditive Halluzinationen, ver\u00e4nderte Denkmuster und ein gesteigertes Gef\u00fchl von Spiritualit\u00e4t oder Verbundenheit geh\u00f6ren.<\/p>\n<p>LSD gilt zwar nicht als physisch s\u00fcchtig machend, kann aber bei einigen Personen zu einer psychischen Abh\u00e4ngigkeit f\u00fchren. Sein Konsum birgt Risiken, darunter potenziell intensive und unvorhersehbare Erlebnisse (bekannt als \"Bad Trips\") sowie unerw\u00fcnschte Reaktionen wie Angstzust\u00e4nde, Paranoia und Psychosen, insbesondere bei Menschen mit einer Neigung zu psychischen Problemen.<\/p>\n<p>LSD ist in vielen L\u00e4ndern als kontrollierte Substanz der Liste I eingestuft, da es missbraucht werden kann und keine anerkannte medizinische Verwendung hat. Die Erforschung seines therapeutischen Potenzials bei Erkrankungen wie Depressionen, Angstzust\u00e4nden und Sucht wird jedoch fortgesetzt.<\/p>\n<p>Es ist wichtig, den Konsum von LSD mit Vorsicht anzugehen und sich \u00fcber den rechtlichen Status und die potenziellen Risiken im Zusammenhang mit dem Konsum bewusst zu sein. Wenn du spezielle Fragen zu LSD oder seinen Wirkungen hast, kannst du sie gerne stellen!<\/p>\n<p>Sind Sie bereit, Ihre Forschung auf ein neues Niveau zu heben? St\u00f6bern Sie in unserer Auswahl an hochwertigen 1V-LSD und geben Sie Ihre Bestellung vertrauensvoll auf. Mit unserem effizienten Bestellprozess und schnellem Versand erhalten Sie Ihre <a href=\"https:\/\/chemsxpress.com\/de\/produktkategorie\/forschungschemikalien\/\">Forschungschemikalie<\/a> im Handumdrehen, bereit f\u00fcr Ihre Experimente.<\/p>\n<p>Vertrauen <a href=\"https:\/\/chemsxpress.com\/de\/\">ChemsXpress<\/a> als Ihr Partner bei der wissenschaftlichen Erforschung. Bestellen Sie noch heute Ihr Buy 1V-LSD und erschlie\u00dfen Sie das Potenzial Ihrer Forschung.<\/p>","protected":false},"excerpt":{"rendered":"<p><strong>Erscheinungsbild: <\/strong>Blotters<\/p>\n<p><strong>Form: <\/strong>Blotters<\/p>","protected":false},"featured_media":28131,"comment_status":"open","ping_status":"closed","template":"","meta":[],"product_brand":[],"product_cat":[77],"product_tag":[],"class_list":{"0":"post-28060","1":"product","2":"type-product","3":"status-publish","4":"has-post-thumbnail","6":"product_cat-blotters","8":"first","9":"instock","10":"shipping-taxable","11":"purchasable","12":"product-type-variable"},"yoast_head":"<!-- This site is optimized with the Yoast SEO Premium plugin v24.1 (Yoast SEO v27.5) - https:\/\/yoast.com\/product\/yoast-seo-premium-wordpress\/ -->\n<title>1V-LSD 150mcg Blotters - SHOP MDPHP<\/title>\n<meta name=\"description\" content=\"Buy 1V-LSD from ChemsXpress. With exceptional quality, comprehensive testing, discreet packaging. Order Now and get 50 discount\" \/>\n<meta name=\"robots\" content=\"index, follow, max-snippet:-1, max-image-preview:large, max-video-preview:-1\" \/>\n<link rel=\"canonical\" href=\"https:\/\/chemsxpress.com\/de\/produkt\/kaufen-1v-lsd-online-premium-qualitat-forschung-chemikalien-chemsxpress\/\" \/>\n<meta property=\"og:locale\" content=\"de_DE\" \/>\n<meta property=\"og:type\" content=\"article\" \/>\n<meta property=\"og:title\" content=\"1V-LSD 150mcg Blotters\" \/>\n<meta property=\"og:description\" content=\"Buy 1V-LSD from ChemsXpress. With exceptional quality, comprehensive testing, discreet packaging. Order Now and get 50 discount\" \/>\n<meta property=\"og:url\" content=\"https:\/\/chemsxpress.com\/de\/produkt\/kaufen-1v-lsd-online-premium-qualitat-forschung-chemikalien-chemsxpress\/\" \/>\n<meta property=\"og:site_name\" content=\"SHOP MDPHP\" \/>\n<meta property=\"article:modified_time\" content=\"2024-07-04T23:42:02+00:00\" \/>\n<meta property=\"og:image\" content=\"https:\/\/chemsxpress.com\/wp-content\/uploads\/2024\/04\/1V-LSD-150mcg-Blotters.jpg\" \/>\n\t<meta property=\"og:image:width\" content=\"600\" \/>\n\t<meta property=\"og:image:height\" content=\"600\" \/>\n\t<meta property=\"og:image:type\" content=\"image\/jpeg\" \/>\n<meta name=\"twitter:card\" content=\"summary_large_image\" \/>\n<meta name=\"twitter:label1\" content=\"Gesch\u00e4tzte Lesezeit\" \/>\n\t<meta name=\"twitter:data1\" content=\"2\u00a0Minuten\" \/>\n<script type=\"application\/ld+json\" class=\"yoast-schema-graph\">{\"@context\":\"https:\\\/\\\/schema.org\",\"@graph\":[{\"@type\":\"WebPage\",\"@id\":\"https:\\\/\\\/chemsxpress.com\\\/product\\\/buy-1v-lsd-online-premium-quality-research-chemicals-chemsxpress\\\/\",\"url\":\"https:\\\/\\\/chemsxpress.com\\\/product\\\/buy-1v-lsd-online-premium-quality-research-chemicals-chemsxpress\\\/\",\"name\":\"1V-LSD 150mcg Blotters - SHOP MDPHP\",\"isPartOf\":{\"@id\":\"https:\\\/\\\/chemsxpress.com\\\/#website\"},\"primaryImageOfPage\":{\"@id\":\"https:\\\/\\\/chemsxpress.com\\\/product\\\/buy-1v-lsd-online-premium-quality-research-chemicals-chemsxpress\\\/#primaryimage\"},\"image\":{\"@id\":\"https:\\\/\\\/chemsxpress.com\\\/product\\\/buy-1v-lsd-online-premium-quality-research-chemicals-chemsxpress\\\/#primaryimage\"},\"thumbnailUrl\":\"https:\\\/\\\/chemsxpress.com\\\/wp-content\\\/uploads\\\/2024\\\/04\\\/1V-LSD-150mcg-Blotters.jpg\",\"datePublished\":\"2024-04-29T13:14:15+00:00\",\"dateModified\":\"2024-07-04T23:42:02+00:00\",\"description\":\"Buy 1V-LSD from ChemsXpress. With exceptional quality, comprehensive testing, discreet packaging. Order Now and get 50 discount\",\"breadcrumb\":{\"@id\":\"https:\\\/\\\/chemsxpress.com\\\/product\\\/buy-1v-lsd-online-premium-quality-research-chemicals-chemsxpress\\\/#breadcrumb\"},\"inLanguage\":\"de\",\"potentialAction\":[{\"@type\":\"ReadAction\",\"target\":[\"https:\\\/\\\/chemsxpress.com\\\/product\\\/buy-1v-lsd-online-premium-quality-research-chemicals-chemsxpress\\\/\"]}]},{\"@type\":\"ImageObject\",\"inLanguage\":\"de\",\"@id\":\"https:\\\/\\\/chemsxpress.com\\\/product\\\/buy-1v-lsd-online-premium-quality-research-chemicals-chemsxpress\\\/#primaryimage\",\"url\":\"https:\\\/\\\/chemsxpress.com\\\/wp-content\\\/uploads\\\/2024\\\/04\\\/1V-LSD-150mcg-Blotters.jpg\",\"contentUrl\":\"https:\\\/\\\/chemsxpress.com\\\/wp-content\\\/uploads\\\/2024\\\/04\\\/1V-LSD-150mcg-Blotters.jpg\",\"width\":600,\"height\":600,\"caption\":\"1V-LSD\"},{\"@type\":\"BreadcrumbList\",\"@id\":\"https:\\\/\\\/chemsxpress.com\\\/product\\\/buy-1v-lsd-online-premium-quality-research-chemicals-chemsxpress\\\/#breadcrumb\",\"itemListElement\":[{\"@type\":\"ListItem\",\"position\":1,\"name\":\"Home\",\"item\":\"https:\\\/\\\/chemsxpress.com\\\/\"},{\"@type\":\"ListItem\",\"position\":2,\"name\":\"Shop\",\"item\":\"https:\\\/\\\/chemsxpress.com\\\/shop\\\/\"},{\"@type\":\"ListItem\",\"position\":3,\"name\":\"1V-LSD 150mcg Blotters\"}]},{\"@type\":\"WebSite\",\"@id\":\"https:\\\/\\\/chemsxpress.com\\\/#website\",\"url\":\"https:\\\/\\\/chemsxpress.com\\\/\",\"name\":\"SHOP MDPHP\",\"description\":\"Buy MDPHP freebase from reliable supplier\",\"potentialAction\":[{\"@type\":\"SearchAction\",\"target\":{\"@type\":\"EntryPoint\",\"urlTemplate\":\"https:\\\/\\\/chemsxpress.com\\\/?s={search_term_string}\"},\"query-input\":{\"@type\":\"PropertyValueSpecification\",\"valueRequired\":true,\"valueName\":\"search_term_string\"}}],\"inLanguage\":\"de\"}]}<\/script>\n<!-- \/ Yoast SEO Premium plugin. -->","yoast_head_json":{"title":"1V-LSD 150mcg Blotters - SHOP MDPHP","description":"Kaufen Sie 1V-LSD von ChemsXpress. Mit au\u00dfergew\u00f6hnlicher Qualit\u00e4t, umfassenden Tests, diskreter Verpackung. Jetzt bestellen und 50 Rabatt erhalten","robots":{"index":"index","follow":"follow","max-snippet":"max-snippet:-1","max-image-preview":"max-image-preview:large","max-video-preview":"max-video-preview:-1"},"canonical":"https:\/\/chemsxpress.com\/de\/produkt\/kaufen-1v-lsd-online-premium-qualitat-forschung-chemikalien-chemsxpress\/","og_locale":"de_DE","og_type":"article","og_title":"1V-LSD 150mcg Blotters","og_description":"Buy 1V-LSD from ChemsXpress. With exceptional quality, comprehensive testing, discreet packaging. Order Now and get 50 discount","og_url":"https:\/\/chemsxpress.com\/de\/produkt\/kaufen-1v-lsd-online-premium-qualitat-forschung-chemikalien-chemsxpress\/","og_site_name":"SHOP MDPHP","article_modified_time":"2024-07-04T23:42:02+00:00","og_image":[{"width":600,"height":600,"url":"https:\/\/chemsxpress.com\/wp-content\/uploads\/2024\/04\/1V-LSD-150mcg-Blotters.jpg","type":"image\/jpeg"}],"twitter_card":"summary_large_image","twitter_misc":{"Gesch\u00e4tzte Lesezeit":"2\u00a0Minuten"},"schema":{"@context":"https:\/\/schema.org","@graph":[{"@type":"WebPage","@id":"https:\/\/chemsxpress.com\/product\/buy-1v-lsd-online-premium-quality-research-chemicals-chemsxpress\/","url":"https:\/\/chemsxpress.com\/product\/buy-1v-lsd-online-premium-quality-research-chemicals-chemsxpress\/","name":"1V-LSD 150mcg Blotters - SHOP MDPHP","isPartOf":{"@id":"https:\/\/chemsxpress.com\/#website"},"primaryImageOfPage":{"@id":"https:\/\/chemsxpress.com\/product\/buy-1v-lsd-online-premium-quality-research-chemicals-chemsxpress\/#primaryimage"},"image":{"@id":"https:\/\/chemsxpress.com\/product\/buy-1v-lsd-online-premium-quality-research-chemicals-chemsxpress\/#primaryimage"},"thumbnailUrl":"https:\/\/chemsxpress.com\/wp-content\/uploads\/2024\/04\/1V-LSD-150mcg-Blotters.jpg","datePublished":"2024-04-29T13:14:15+00:00","dateModified":"2024-07-04T23:42:02+00:00","description":"Kaufen Sie 1V-LSD von ChemsXpress. Mit au\u00dfergew\u00f6hnlicher Qualit\u00e4t, umfassenden Tests, diskreter Verpackung. Jetzt bestellen und 50 Rabatt erhalten","breadcrumb":{"@id":"https:\/\/chemsxpress.com\/product\/buy-1v-lsd-online-premium-quality-research-chemicals-chemsxpress\/#breadcrumb"},"inLanguage":"de","potentialAction":[{"@type":"ReadAction","target":["https:\/\/chemsxpress.com\/product\/buy-1v-lsd-online-premium-quality-research-chemicals-chemsxpress\/"]}]},{"@type":"ImageObject","inLanguage":"de","@id":"https:\/\/chemsxpress.com\/product\/buy-1v-lsd-online-premium-quality-research-chemicals-chemsxpress\/#primaryimage","url":"https:\/\/chemsxpress.com\/wp-content\/uploads\/2024\/04\/1V-LSD-150mcg-Blotters.jpg","contentUrl":"https:\/\/chemsxpress.com\/wp-content\/uploads\/2024\/04\/1V-LSD-150mcg-Blotters.jpg","width":600,"height":600,"caption":"1V-LSD"},{"@type":"BreadcrumbList","@id":"https:\/\/chemsxpress.com\/product\/buy-1v-lsd-online-premium-quality-research-chemicals-chemsxpress\/#breadcrumb","itemListElement":[{"@type":"ListItem","position":1,"name":"Home","item":"https:\/\/chemsxpress.com\/"},{"@type":"ListItem","position":2,"name":"Shop","item":"https:\/\/chemsxpress.com\/shop\/"},{"@type":"ListItem","position":3,"name":"1V-LSD 150mcg Blotters"}]},{"@type":"WebSite","@id":"https:\/\/chemsxpress.com\/#website","url":"https:\/\/chemsxpress.com\/","name":"MDPHP EINKAUFEN","description":"MDPHP freebase von einem zuverl\u00e4ssigen Anbieter kaufen","potentialAction":[{"@type":"SearchAction","target":{"@type":"EntryPoint","urlTemplate":"https:\/\/chemsxpress.com\/?s={search_term_string}"},"query-input":{"@type":"PropertyValueSpecification","valueRequired":true,"valueName":"search_term_string"}}],"inLanguage":"de"}]}},"jetpack_sharing_enabled":true,"_links":{"self":[{"href":"https:\/\/chemsxpress.com\/de\/wp-json\/wp\/v2\/product\/28060","targetHints":{"allow":["GET"]}}],"collection":[{"href":"https:\/\/chemsxpress.com\/de\/wp-json\/wp\/v2\/product"}],"about":[{"href":"https:\/\/chemsxpress.com\/de\/wp-json\/wp\/v2\/types\/product"}],"replies":[{"embeddable":true,"href":"https:\/\/chemsxpress.com\/de\/wp-json\/wp\/v2\/comments?post=28060"}],"version-history":[{"count":4,"href":"https:\/\/chemsxpress.com\/de\/wp-json\/wp\/v2\/product\/28060\/revisions"}],"predecessor-version":[{"id":30083,"href":"https:\/\/chemsxpress.com\/de\/wp-json\/wp\/v2\/product\/28060\/revisions\/30083"}],"wp:featuredmedia":[{"embeddable":true,"href":"https:\/\/chemsxpress.com\/de\/wp-json\/wp\/v2\/media\/28131"}],"wp:attachment":[{"href":"https:\/\/chemsxpress.com\/de\/wp-json\/wp\/v2\/media?parent=28060"}],"wp:term":[{"taxonomy":"product_brand","embeddable":true,"href":"https:\/\/chemsxpress.com\/de\/wp-json\/wp\/v2\/product_brand?post=28060"},{"taxonomy":"product_cat","embeddable":true,"href":"https:\/\/chemsxpress.com\/de\/wp-json\/wp\/v2\/product_cat?post=28060"},{"taxonomy":"product_tag","embeddable":true,"href":"https:\/\/chemsxpress.com\/de\/wp-json\/wp\/v2\/product_tag?post=28060"}],"curies":[{"name":"wp","href":"https:\/\/api.w.org\/{rel}","templated":true}]}}