{"id":28061,"date":"2024-04-29T13:14:15","date_gmt":"2024-04-29T13:14:15","guid":{"rendered":"https:\/\/chemsxpress.com\/?post_type=product&#038;p=28061"},"modified":"2025-01-05T09:18:44","modified_gmt":"2025-01-05T09:18:44","slug":"deschloroetizolam-online-kaufen-2","status":"publish","type":"product","link":"https:\/\/chemsxpress.com\/de\/produkt\/deschloroetizolam-online-kaufen-2\/","title":{"rendered":"Deschloretizolam-Kleckse 2 mg"},"content":{"rendered":"<h1 style=\"text-align: center;\">Deschloroetizolam online kaufen<\/h1>\n<h4 style=\"text-align: center;\"><strong>Willkommen bei ChemsXpress: Ihre Quelle f\u00fcr Deschloroetizolam<\/strong><\/h4>\n<p style=\"text-align: center;\">Kaufen Sie Deschloroetizolam Online bei ChemsXpress. Wir haben uns der Bereitstellung hochwertiger Forschungschemikalien f\u00fcr Wissenschaftler, Forscher und Enthusiasten auf der ganzen Welt verschrieben. Unser Engagement f\u00fcr Qualit\u00e4t, Sicherheit und Kundenzufriedenheit macht uns zu einem vertrauensw\u00fcrdigen Anbieter in der Branche.<\/p>\n<p style=\"text-align: center;\"><strong>Was ist Deschloroetizolam?<\/strong><\/p>\n<p style=\"text-align: center;\">Deschloretizolam ist ein Benzodiazepin-Derivat mit anxiolytischen, sedierenden und hypnotischen Eigenschaften. Es ist strukturell mit dem weithin bekannten Benzodiazepin Etizolam verwandt, wobei jedoch das Chloratom aus dem Benzolring entfernt wurde. Deschloretizolam wird haupts\u00e4chlich f\u00fcr wissenschaftliche Forschungszwecke verwendet und ist nicht f\u00fcr den menschlichen Verzehr bestimmt.<\/p>\n<p style=\"text-align: center;\"><strong>Warum ChemsXpress f\u00fcr Deschloroetizolam w\u00e4hlen?<\/strong><\/p>\n<ol style=\"text-align: center;\">\n<li><strong>Qualit\u00e4tssicherung:<\/strong> Unser Deschloretizolam wird unter Verwendung der hochwertigsten Inhaltsstoffe und modernster Herstellungsverfahren synthetisiert, um Reinheit und Konsistenz zu gew\u00e4hrleisten.<\/li>\n<li><strong>Laborgepr\u00fcft:<\/strong> Jede Charge von Deschloretizolam wird in unabh\u00e4ngigen Labors strengen Tests unterzogen, um seine Echtheit, Potenz und Reinheit zu \u00fcberpr\u00fcfen.<\/li>\n<li><strong>Diskreter Versand:<\/strong> Wir wissen um die Bedeutung von Privatsph\u00e4re und Diskretion. Alle Bestellungen werden diskret verpackt und sicher an Ihre Haust\u00fcr versandt.<\/li>\n<li><strong>Engagierte Kundenbetreuung:<\/strong> Unser sachkundiges und freundliches Kundenserviceteam steht Ihnen zur Verf\u00fcgung, um Ihre Fragen zu beantworten und Sie w\u00e4hrend des gesamten Bestellvorgangs zu unterst\u00fctzen.<\/li>\n<\/ol>\n<p style=\"text-align: center;\"><strong>Deschloroetizolam heute online bestellen<\/strong><\/p>\n<p style=\"text-align: center;\">Sind Sie bereit, Ihre Forschungsreise anzutreten? St\u00f6bern Sie in unserer Auswahl an Deschloroetizolam und geben Sie Ihre Bestellung vertrauensvoll auf. Mit <a href=\"https:\/\/chemsxpress.com\/de\/\">ChemsXpress<\/a>k\u00f6nnen Sie sich darauf verlassen, dass Sie hochwertige Forschungschemikalien f\u00fcr Ihre wissenschaftlichen Arbeiten erhalten.<\/p>","protected":false},"excerpt":{"rendered":"<p><strong>Form: <\/strong>Blotters<\/p>","protected":false},"featured_media":28133,"comment_status":"open","ping_status":"closed","template":"","meta":[],"product_brand":[],"product_cat":[77],"product_tag":[],"class_list":{"0":"post-28061","1":"product","2":"type-product","3":"status-publish","4":"has-post-thumbnail","6":"product_cat-blotters","8":"first","9":"instock","10":"shipping-taxable","11":"purchasable","12":"product-type-variable"},"yoast_head":"<!-- This site is optimized with the Yoast SEO Premium plugin v24.1 (Yoast SEO v27.4) - https:\/\/yoast.com\/product\/yoast-seo-premium-wordpress\/ -->\n<title>Buy Deschloroetizolam Online: High-Quality RC&#039;s | ChemsXpress<\/title>\n<meta name=\"description\" content=\"Explore the world of research chemicals with ChemsXpress. Buy Deschloroetizolam online. Quality-assured, lab-tested, and discreet shipping\" \/>\n<meta name=\"robots\" content=\"index, follow, max-snippet:-1, max-image-preview:large, max-video-preview:-1\" \/>\n<link rel=\"canonical\" href=\"https:\/\/chemsxpress.com\/de\/produkt\/deschloroetizolam-online-kaufen-2\/\" \/>\n<meta property=\"og:locale\" content=\"de_DE\" \/>\n<meta property=\"og:type\" content=\"article\" \/>\n<meta property=\"og:title\" content=\"Deschloroetizolam blotters 2 mg\" \/>\n<meta property=\"og:description\" content=\"Explore the world of research chemicals with ChemsXpress. Buy Deschloroetizolam online. Quality-assured, lab-tested, and discreet shipping\" \/>\n<meta property=\"og:url\" content=\"https:\/\/chemsxpress.com\/de\/produkt\/deschloroetizolam-online-kaufen-2\/\" \/>\n<meta property=\"og:site_name\" content=\"SHOP MDPHP\" \/>\n<meta property=\"article:modified_time\" content=\"2025-01-05T09:18:44+00:00\" \/>\n<meta property=\"og:image\" content=\"https:\/\/chemsxpress.com\/wp-content\/uploads\/2024\/04\/Deschloroetizolam-blotters-2-mg.jpg\" \/>\n\t<meta property=\"og:image:width\" content=\"600\" \/>\n\t<meta property=\"og:image:height\" content=\"600\" \/>\n\t<meta property=\"og:image:type\" content=\"image\/jpeg\" \/>\n<meta name=\"twitter:card\" content=\"summary_large_image\" \/>\n<meta name=\"twitter:label1\" content=\"Gesch\u00e4tzte Lesezeit\" \/>\n\t<meta name=\"twitter:data1\" content=\"2\u00a0Minuten\" \/>\n<script type=\"application\/ld+json\" class=\"yoast-schema-graph\">{\"@context\":\"https:\\\/\\\/schema.org\",\"@graph\":[{\"@type\":\"WebPage\",\"@id\":\"https:\\\/\\\/chemsxpress.com\\\/product\\\/buy-deschloroetizolam-online-2\\\/\",\"url\":\"https:\\\/\\\/chemsxpress.com\\\/product\\\/buy-deschloroetizolam-online-2\\\/\",\"name\":\"Buy Deschloroetizolam Online: High-Quality RC's | ChemsXpress\",\"isPartOf\":{\"@id\":\"https:\\\/\\\/chemsxpress.com\\\/#website\"},\"primaryImageOfPage\":{\"@id\":\"https:\\\/\\\/chemsxpress.com\\\/product\\\/buy-deschloroetizolam-online-2\\\/#primaryimage\"},\"image\":{\"@id\":\"https:\\\/\\\/chemsxpress.com\\\/product\\\/buy-deschloroetizolam-online-2\\\/#primaryimage\"},\"thumbnailUrl\":\"https:\\\/\\\/chemsxpress.com\\\/wp-content\\\/uploads\\\/2024\\\/04\\\/Deschloroetizolam-blotters-2-mg.jpg\",\"datePublished\":\"2024-04-29T13:14:15+00:00\",\"dateModified\":\"2025-01-05T09:18:44+00:00\",\"description\":\"Explore the world of research chemicals with ChemsXpress. Buy Deschloroetizolam online. Quality-assured, lab-tested, and discreet shipping\",\"breadcrumb\":{\"@id\":\"https:\\\/\\\/chemsxpress.com\\\/product\\\/buy-deschloroetizolam-online-2\\\/#breadcrumb\"},\"inLanguage\":\"de\",\"potentialAction\":[{\"@type\":\"ReadAction\",\"target\":[\"https:\\\/\\\/chemsxpress.com\\\/product\\\/buy-deschloroetizolam-online-2\\\/\"]}]},{\"@type\":\"ImageObject\",\"inLanguage\":\"de\",\"@id\":\"https:\\\/\\\/chemsxpress.com\\\/product\\\/buy-deschloroetizolam-online-2\\\/#primaryimage\",\"url\":\"https:\\\/\\\/chemsxpress.com\\\/wp-content\\\/uploads\\\/2024\\\/04\\\/Deschloroetizolam-blotters-2-mg.jpg\",\"contentUrl\":\"https:\\\/\\\/chemsxpress.com\\\/wp-content\\\/uploads\\\/2024\\\/04\\\/Deschloroetizolam-blotters-2-mg.jpg\",\"width\":600,\"height\":600,\"caption\":\"Buy Deschloroetizolam Online\"},{\"@type\":\"BreadcrumbList\",\"@id\":\"https:\\\/\\\/chemsxpress.com\\\/product\\\/buy-deschloroetizolam-online-2\\\/#breadcrumb\",\"itemListElement\":[{\"@type\":\"ListItem\",\"position\":1,\"name\":\"Home\",\"item\":\"https:\\\/\\\/chemsxpress.com\\\/\"},{\"@type\":\"ListItem\",\"position\":2,\"name\":\"Shop\",\"item\":\"https:\\\/\\\/chemsxpress.com\\\/shop\\\/\"},{\"@type\":\"ListItem\",\"position\":3,\"name\":\"Deschloroetizolam blotters 2 mg\"}]},{\"@type\":\"WebSite\",\"@id\":\"https:\\\/\\\/chemsxpress.com\\\/#website\",\"url\":\"https:\\\/\\\/chemsxpress.com\\\/\",\"name\":\"SHOP MDPHP\",\"description\":\"Buy MDPHP freebase from reliable supplier\",\"potentialAction\":[{\"@type\":\"SearchAction\",\"target\":{\"@type\":\"EntryPoint\",\"urlTemplate\":\"https:\\\/\\\/chemsxpress.com\\\/?s={search_term_string}\"},\"query-input\":{\"@type\":\"PropertyValueSpecification\",\"valueRequired\":true,\"valueName\":\"search_term_string\"}}],\"inLanguage\":\"de\"}]}<\/script>\n<!-- \/ Yoast SEO Premium plugin. -->","yoast_head_json":{"title":"Deschloroetizolam online kaufen | ChemsXpress - Hochwertige RC's","description":"Kaufen Sie 5-MAPB online, qualit\u00e4tsgesichert, laborgepr\u00fcft und mit diskretem Versand. Entdecken Sie die Welt der Forschungschemikalien mit ChemsXpress.","robots":{"index":"index","follow":"follow","max-snippet":"max-snippet:-1","max-image-preview":"max-image-preview:large","max-video-preview":"max-video-preview:-1"},"canonical":"https:\/\/chemsxpress.com\/de\/produkt\/deschloroetizolam-online-kaufen-2\/","og_locale":"de_DE","og_type":"article","og_title":"Deschloroetizolam blotters 2 mg","og_description":"Explore the world of research chemicals with ChemsXpress. Buy Deschloroetizolam online. Quality-assured, lab-tested, and discreet shipping","og_url":"https:\/\/chemsxpress.com\/de\/produkt\/deschloroetizolam-online-kaufen-2\/","og_site_name":"SHOP MDPHP","article_modified_time":"2025-01-05T09:18:44+00:00","og_image":[{"width":600,"height":600,"url":"https:\/\/chemsxpress.com\/wp-content\/uploads\/2024\/04\/Deschloroetizolam-blotters-2-mg.jpg","type":"image\/jpeg"}],"twitter_card":"summary_large_image","twitter_misc":{"Gesch\u00e4tzte Lesezeit":"2\u00a0Minuten"},"schema":{"@context":"https:\/\/schema.org","@graph":[{"@type":"WebPage","@id":"https:\/\/chemsxpress.com\/product\/buy-deschloroetizolam-online-2\/","url":"https:\/\/chemsxpress.com\/product\/buy-deschloroetizolam-online-2\/","name":"Deschloroetizolam online kaufen | ChemsXpress - Hochwertige RC's","isPartOf":{"@id":"https:\/\/chemsxpress.com\/#website"},"primaryImageOfPage":{"@id":"https:\/\/chemsxpress.com\/product\/buy-deschloroetizolam-online-2\/#primaryimage"},"image":{"@id":"https:\/\/chemsxpress.com\/product\/buy-deschloroetizolam-online-2\/#primaryimage"},"thumbnailUrl":"https:\/\/chemsxpress.com\/wp-content\/uploads\/2024\/04\/Deschloroetizolam-blotters-2-mg.jpg","datePublished":"2024-04-29T13:14:15+00:00","dateModified":"2025-01-05T09:18:44+00:00","description":"Kaufen Sie 5-MAPB online, qualit\u00e4tsgesichert, laborgepr\u00fcft und mit diskretem Versand. Entdecken Sie die Welt der Forschungschemikalien mit ChemsXpress.","breadcrumb":{"@id":"https:\/\/chemsxpress.com\/product\/buy-deschloroetizolam-online-2\/#breadcrumb"},"inLanguage":"de","potentialAction":[{"@type":"ReadAction","target":["https:\/\/chemsxpress.com\/product\/buy-deschloroetizolam-online-2\/"]}]},{"@type":"ImageObject","inLanguage":"de","@id":"https:\/\/chemsxpress.com\/product\/buy-deschloroetizolam-online-2\/#primaryimage","url":"https:\/\/chemsxpress.com\/wp-content\/uploads\/2024\/04\/Deschloroetizolam-blotters-2-mg.jpg","contentUrl":"https:\/\/chemsxpress.com\/wp-content\/uploads\/2024\/04\/Deschloroetizolam-blotters-2-mg.jpg","width":600,"height":600,"caption":"Buy Deschloroetizolam Online"},{"@type":"BreadcrumbList","@id":"https:\/\/chemsxpress.com\/product\/buy-deschloroetizolam-online-2\/#breadcrumb","itemListElement":[{"@type":"ListItem","position":1,"name":"Home","item":"https:\/\/chemsxpress.com\/"},{"@type":"ListItem","position":2,"name":"Shop","item":"https:\/\/chemsxpress.com\/shop\/"},{"@type":"ListItem","position":3,"name":"Deschloroetizolam blotters 2 mg"}]},{"@type":"WebSite","@id":"https:\/\/chemsxpress.com\/#website","url":"https:\/\/chemsxpress.com\/","name":"MDPHP EINKAUFEN","description":"MDPHP freebase von einem zuverl\u00e4ssigen Anbieter kaufen","potentialAction":[{"@type":"SearchAction","target":{"@type":"EntryPoint","urlTemplate":"https:\/\/chemsxpress.com\/?s={search_term_string}"},"query-input":{"@type":"PropertyValueSpecification","valueRequired":true,"valueName":"search_term_string"}}],"inLanguage":"de"}]}},"jetpack_sharing_enabled":true,"_links":{"self":[{"href":"https:\/\/chemsxpress.com\/de\/wp-json\/wp\/v2\/product\/28061","targetHints":{"allow":["GET"]}}],"collection":[{"href":"https:\/\/chemsxpress.com\/de\/wp-json\/wp\/v2\/product"}],"about":[{"href":"https:\/\/chemsxpress.com\/de\/wp-json\/wp\/v2\/types\/product"}],"replies":[{"embeddable":true,"href":"https:\/\/chemsxpress.com\/de\/wp-json\/wp\/v2\/comments?post=28061"}],"version-history":[{"count":3,"href":"https:\/\/chemsxpress.com\/de\/wp-json\/wp\/v2\/product\/28061\/revisions"}],"predecessor-version":[{"id":29834,"href":"https:\/\/chemsxpress.com\/de\/wp-json\/wp\/v2\/product\/28061\/revisions\/29834"}],"wp:featuredmedia":[{"embeddable":true,"href":"https:\/\/chemsxpress.com\/de\/wp-json\/wp\/v2\/media\/28133"}],"wp:attachment":[{"href":"https:\/\/chemsxpress.com\/de\/wp-json\/wp\/v2\/media?parent=28061"}],"wp:term":[{"taxonomy":"product_brand","embeddable":true,"href":"https:\/\/chemsxpress.com\/de\/wp-json\/wp\/v2\/product_brand?post=28061"},{"taxonomy":"product_cat","embeddable":true,"href":"https:\/\/chemsxpress.com\/de\/wp-json\/wp\/v2\/product_cat?post=28061"},{"taxonomy":"product_tag","embeddable":true,"href":"https:\/\/chemsxpress.com\/de\/wp-json\/wp\/v2\/product_tag?post=28061"}],"curies":[{"name":"wp","href":"https:\/\/api.w.org\/{rel}","templated":true}]}}