{"id":28062,"date":"2024-04-29T13:14:15","date_gmt":"2024-04-29T13:14:15","guid":{"rendered":"https:\/\/chemsxpress.com\/?post_type=product&#038;p=28062"},"modified":"2025-05-23T16:27:58","modified_gmt":"2025-05-23T16:27:58","slug":"lsz-online-kaufen","status":"publish","type":"product","link":"https:\/\/chemsxpress.com\/de\/produkt\/lsz-online-kaufen\/","title":{"rendered":"LSZ 150mcg Blotters"},"content":{"rendered":"<h1 style=\"text-align: center;\">LSZ online kaufen<\/h1>\n<p style=\"text-align: center;\">\n<h4 style=\"text-align: center;\"><strong>Willkommen bei ChemsXpress: Ihre vertrauensw\u00fcrdige Quelle f\u00fcr LSZ<\/strong><\/h4>\n<p style=\"text-align: center;\">LSZ online kaufen. ChemsXpress ist Ihre erste Adresse f\u00fcr hochwertige Forschungschemikalien, einschlie\u00dflich LSZ. Mit unserem Engagement f\u00fcr Qualit\u00e4t, Sicherheit und Kundenzufriedenheit sind wir bestrebt, Ihr zuverl\u00e4ssiger Lieferant f\u00fcr all Ihre Forschungsanforderungen zu sein.<\/p>\n<p style=\"text-align: center;\"><strong>\u00dcber LSZ<\/strong><\/p>\n<p style=\"text-align: center;\">LSZ, oder Lysergs\u00e4ure-2,4-dimethylazetidid, ist eine synthetische psychedelische Verbindung, die strukturelle \u00c4hnlichkeiten mit LSD aufweist. Sie ist f\u00fcr ihre starken psychoaktiven Wirkungen bekannt, zu denen visuelle und auditive Halluzinationen, eine ver\u00e4nderte Zeitwahrnehmung und ver\u00e4nderte Denkmuster geh\u00f6ren. LSZ wird haupts\u00e4chlich f\u00fcr wissenschaftliche Forschungszwecke verwendet und ist nicht f\u00fcr den menschlichen Verzehr bestimmt.<\/p>\n<p style=\"text-align: center;\"><strong>Warum ChemsXpress f\u00fcr LSZ w\u00e4hlen?<\/strong><\/p>\n<ol style=\"text-align: center;\">\n<li><strong>Qualit\u00e4tssicherung:<\/strong> Unser LSZ wird unter Verwendung der hochwertigsten Inhaltsstoffe und modernster Herstellungsverfahren synthetisiert, um Reinheit und Konsistenz zu gew\u00e4hrleisten.<\/li>\n<li><strong>Laborgepr\u00fcft:<\/strong> Jede Charge von LSZ wird in unabh\u00e4ngigen Labors strengen Tests unterzogen, um ihre Authentizit\u00e4t, Wirksamkeit und Reinheit zu \u00fcberpr\u00fcfen.<\/li>\n<li><strong>Diskreter Versand:<\/strong> Wir wissen um die Bedeutung von Privatsph\u00e4re und Diskretion. Alle Bestellungen werden diskret verpackt und sicher an Ihre Haust\u00fcr versandt.<\/li>\n<li><strong>Engagierte Kundenbetreuung:<\/strong> Unser sachkundiges und freundliches Kundenserviceteam steht Ihnen zur Verf\u00fcgung, um Ihre Fragen zu beantworten und Sie w\u00e4hrend des gesamten Bestellvorgangs zu unterst\u00fctzen.<\/li>\n<\/ol>\n<p style=\"text-align: center;\"><strong>LSZ heute online bestellen<\/strong><\/p>\n<p style=\"text-align: center;\">Sind Sie bereit, Ihre Forschungsreise anzutreten? Durchsuchen Sie unsere Auswahl an LSZ und geben Sie Ihre Bestellung vertrauensvoll auf. Bei ChemsXpress k\u00f6nnen Sie darauf vertrauen, dass Sie qualitativ hochwertige Forschung erhalten <a href=\"https:\/\/chemsxpress.com\/de\/\">Chemikalien<\/a> f\u00fcr Ihre wissenschaftlichen Bestrebungen.<\/p>","protected":false},"excerpt":{"rendered":"<p><strong>IUPAC-Name: <\/strong>[(6aR,9R)-7-methyl-6,6a,8,9-tetrahydro-4H-indolo[4,3-fg]quinoline-9-yl]-[(2S,4S)-2,4-dimethylazetidin-1-yl]methanone<\/p>\n<p><strong>CAS # <\/strong>470666-32-1<\/p>\n<p><strong>Other name: <\/strong>Lambda<\/p>\n<p><strong>Form: <\/strong>blotters<\/p>\n<p><strong>NMR Analysis: <\/strong>C21H25N3O<\/p>\n","protected":false},"featured_media":28135,"comment_status":"open","ping_status":"closed","template":"","meta":[],"product_brand":[],"product_cat":[77],"product_tag":[],"class_list":{"0":"post-28062","1":"product","2":"type-product","3":"status-publish","4":"has-post-thumbnail","6":"product_cat-blotters","8":"first","9":"instock","10":"shipping-taxable","11":"purchasable","12":"product-type-variable"},"yoast_head":"<!-- This site is optimized with the Yoast SEO Premium plugin v24.1 (Yoast SEO v27.4) - https:\/\/yoast.com\/product\/yoast-seo-premium-wordpress\/ -->\n<title>Buy LSZ Online: High-Quality Research Chemicals | ChemsXpress<\/title>\n<meta name=\"description\" content=\"Explore the world of research chemicals with ChemsXpress. Buy LSZ online. Quality-assured, lab-tested, and discreet shipping\" \/>\n<meta name=\"robots\" content=\"index, follow, max-snippet:-1, max-image-preview:large, max-video-preview:-1\" \/>\n<link rel=\"canonical\" href=\"https:\/\/chemsxpress.com\/de\/produkt\/lsz-online-kaufen\/\" \/>\n<meta property=\"og:locale\" content=\"de_DE\" \/>\n<meta property=\"og:type\" content=\"article\" \/>\n<meta property=\"og:title\" content=\"LSZ 150mcg blotters\" \/>\n<meta property=\"og:description\" content=\"Explore the world of research chemicals with ChemsXpress. Buy LSZ online. Quality-assured, lab-tested, and discreet shipping\" \/>\n<meta property=\"og:url\" content=\"https:\/\/chemsxpress.com\/de\/produkt\/lsz-online-kaufen\/\" \/>\n<meta property=\"og:site_name\" content=\"SHOP MDPHP\" \/>\n<meta property=\"article:modified_time\" content=\"2025-05-23T16:27:58+00:00\" \/>\n<meta property=\"og:image\" content=\"https:\/\/chemsxpress.com\/wp-content\/uploads\/2024\/04\/LSZ-150mcg-blotters.jpg\" \/>\n\t<meta property=\"og:image:width\" content=\"600\" \/>\n\t<meta property=\"og:image:height\" content=\"600\" \/>\n\t<meta property=\"og:image:type\" content=\"image\/jpeg\" \/>\n<meta name=\"twitter:card\" content=\"summary_large_image\" \/>\n<meta name=\"twitter:label1\" content=\"Gesch\u00e4tzte Lesezeit\" \/>\n\t<meta name=\"twitter:data1\" content=\"2\u00a0Minuten\" \/>\n<script type=\"application\/ld+json\" class=\"yoast-schema-graph\">{\"@context\":\"https:\\\/\\\/schema.org\",\"@graph\":[{\"@type\":\"WebPage\",\"@id\":\"https:\\\/\\\/chemsxpress.com\\\/product\\\/buy-lsz-online\\\/\",\"url\":\"https:\\\/\\\/chemsxpress.com\\\/product\\\/buy-lsz-online\\\/\",\"name\":\"Buy LSZ Online: High-Quality Research Chemicals | ChemsXpress\",\"isPartOf\":{\"@id\":\"https:\\\/\\\/chemsxpress.com\\\/#website\"},\"primaryImageOfPage\":{\"@id\":\"https:\\\/\\\/chemsxpress.com\\\/product\\\/buy-lsz-online\\\/#primaryimage\"},\"image\":{\"@id\":\"https:\\\/\\\/chemsxpress.com\\\/product\\\/buy-lsz-online\\\/#primaryimage\"},\"thumbnailUrl\":\"https:\\\/\\\/chemsxpress.com\\\/wp-content\\\/uploads\\\/2024\\\/04\\\/LSZ-150mcg-blotters.jpg\",\"datePublished\":\"2024-04-29T13:14:15+00:00\",\"dateModified\":\"2025-05-23T16:27:58+00:00\",\"description\":\"Explore the world of research chemicals with ChemsXpress. Buy LSZ online. Quality-assured, lab-tested, and discreet shipping\",\"breadcrumb\":{\"@id\":\"https:\\\/\\\/chemsxpress.com\\\/product\\\/buy-lsz-online\\\/#breadcrumb\"},\"inLanguage\":\"de\",\"potentialAction\":[{\"@type\":\"ReadAction\",\"target\":[\"https:\\\/\\\/chemsxpress.com\\\/product\\\/buy-lsz-online\\\/\"]}]},{\"@type\":\"ImageObject\",\"inLanguage\":\"de\",\"@id\":\"https:\\\/\\\/chemsxpress.com\\\/product\\\/buy-lsz-online\\\/#primaryimage\",\"url\":\"https:\\\/\\\/chemsxpress.com\\\/wp-content\\\/uploads\\\/2024\\\/04\\\/LSZ-150mcg-blotters.jpg\",\"contentUrl\":\"https:\\\/\\\/chemsxpress.com\\\/wp-content\\\/uploads\\\/2024\\\/04\\\/LSZ-150mcg-blotters.jpg\",\"width\":600,\"height\":600,\"caption\":\"Buy LSZ Online\"},{\"@type\":\"BreadcrumbList\",\"@id\":\"https:\\\/\\\/chemsxpress.com\\\/product\\\/buy-lsz-online\\\/#breadcrumb\",\"itemListElement\":[{\"@type\":\"ListItem\",\"position\":1,\"name\":\"Home\",\"item\":\"https:\\\/\\\/chemsxpress.com\\\/\"},{\"@type\":\"ListItem\",\"position\":2,\"name\":\"Shop\",\"item\":\"https:\\\/\\\/chemsxpress.com\\\/shop\\\/\"},{\"@type\":\"ListItem\",\"position\":3,\"name\":\"LSZ 150mcg blotters\"}]},{\"@type\":\"WebSite\",\"@id\":\"https:\\\/\\\/chemsxpress.com\\\/#website\",\"url\":\"https:\\\/\\\/chemsxpress.com\\\/\",\"name\":\"SHOP MDPHP\",\"description\":\"Buy MDPHP freebase from reliable supplier\",\"potentialAction\":[{\"@type\":\"SearchAction\",\"target\":{\"@type\":\"EntryPoint\",\"urlTemplate\":\"https:\\\/\\\/chemsxpress.com\\\/?s={search_term_string}\"},\"query-input\":{\"@type\":\"PropertyValueSpecification\",\"valueRequired\":true,\"valueName\":\"search_term_string\"}}],\"inLanguage\":\"de\"}]}<\/script>\n<!-- \/ Yoast SEO Premium plugin. -->","yoast_head_json":{"title":"Kaufen Sie LSZ online: Hochwertige Forschungschemikalien | ChemsXpress","description":"Kaufen Sie 5-MAPB online, qualit\u00e4tsgesichert, laborgepr\u00fcft und mit diskretem Versand. Entdecken Sie die Welt der Forschungschemikalien mit ChemsXpress.","robots":{"index":"index","follow":"follow","max-snippet":"max-snippet:-1","max-image-preview":"max-image-preview:large","max-video-preview":"max-video-preview:-1"},"canonical":"https:\/\/chemsxpress.com\/de\/produkt\/lsz-online-kaufen\/","og_locale":"de_DE","og_type":"article","og_title":"LSZ 150mcg blotters","og_description":"Explore the world of research chemicals with ChemsXpress. Buy LSZ online. Quality-assured, lab-tested, and discreet shipping","og_url":"https:\/\/chemsxpress.com\/de\/produkt\/lsz-online-kaufen\/","og_site_name":"SHOP MDPHP","article_modified_time":"2025-05-23T16:27:58+00:00","og_image":[{"width":600,"height":600,"url":"https:\/\/chemsxpress.com\/wp-content\/uploads\/2024\/04\/LSZ-150mcg-blotters.jpg","type":"image\/jpeg"}],"twitter_card":"summary_large_image","twitter_misc":{"Gesch\u00e4tzte Lesezeit":"2\u00a0Minuten"},"schema":{"@context":"https:\/\/schema.org","@graph":[{"@type":"WebPage","@id":"https:\/\/chemsxpress.com\/product\/buy-lsz-online\/","url":"https:\/\/chemsxpress.com\/product\/buy-lsz-online\/","name":"Kaufen Sie LSZ online: Hochwertige Forschungschemikalien | ChemsXpress","isPartOf":{"@id":"https:\/\/chemsxpress.com\/#website"},"primaryImageOfPage":{"@id":"https:\/\/chemsxpress.com\/product\/buy-lsz-online\/#primaryimage"},"image":{"@id":"https:\/\/chemsxpress.com\/product\/buy-lsz-online\/#primaryimage"},"thumbnailUrl":"https:\/\/chemsxpress.com\/wp-content\/uploads\/2024\/04\/LSZ-150mcg-blotters.jpg","datePublished":"2024-04-29T13:14:15+00:00","dateModified":"2025-05-23T16:27:58+00:00","description":"Kaufen Sie 5-MAPB online, qualit\u00e4tsgesichert, laborgepr\u00fcft und mit diskretem Versand. Entdecken Sie die Welt der Forschungschemikalien mit ChemsXpress.","breadcrumb":{"@id":"https:\/\/chemsxpress.com\/product\/buy-lsz-online\/#breadcrumb"},"inLanguage":"de","potentialAction":[{"@type":"ReadAction","target":["https:\/\/chemsxpress.com\/product\/buy-lsz-online\/"]}]},{"@type":"ImageObject","inLanguage":"de","@id":"https:\/\/chemsxpress.com\/product\/buy-lsz-online\/#primaryimage","url":"https:\/\/chemsxpress.com\/wp-content\/uploads\/2024\/04\/LSZ-150mcg-blotters.jpg","contentUrl":"https:\/\/chemsxpress.com\/wp-content\/uploads\/2024\/04\/LSZ-150mcg-blotters.jpg","width":600,"height":600,"caption":"Buy LSZ Online"},{"@type":"BreadcrumbList","@id":"https:\/\/chemsxpress.com\/product\/buy-lsz-online\/#breadcrumb","itemListElement":[{"@type":"ListItem","position":1,"name":"Home","item":"https:\/\/chemsxpress.com\/"},{"@type":"ListItem","position":2,"name":"Shop","item":"https:\/\/chemsxpress.com\/shop\/"},{"@type":"ListItem","position":3,"name":"LSZ 150mcg blotters"}]},{"@type":"WebSite","@id":"https:\/\/chemsxpress.com\/#website","url":"https:\/\/chemsxpress.com\/","name":"MDPHP EINKAUFEN","description":"MDPHP freebase von einem zuverl\u00e4ssigen Anbieter kaufen","potentialAction":[{"@type":"SearchAction","target":{"@type":"EntryPoint","urlTemplate":"https:\/\/chemsxpress.com\/?s={search_term_string}"},"query-input":{"@type":"PropertyValueSpecification","valueRequired":true,"valueName":"search_term_string"}}],"inLanguage":"de"}]}},"jetpack_sharing_enabled":true,"_links":{"self":[{"href":"https:\/\/chemsxpress.com\/de\/wp-json\/wp\/v2\/product\/28062","targetHints":{"allow":["GET"]}}],"collection":[{"href":"https:\/\/chemsxpress.com\/de\/wp-json\/wp\/v2\/product"}],"about":[{"href":"https:\/\/chemsxpress.com\/de\/wp-json\/wp\/v2\/types\/product"}],"replies":[{"embeddable":true,"href":"https:\/\/chemsxpress.com\/de\/wp-json\/wp\/v2\/comments?post=28062"}],"version-history":[{"count":3,"href":"https:\/\/chemsxpress.com\/de\/wp-json\/wp\/v2\/product\/28062\/revisions"}],"predecessor-version":[{"id":29836,"href":"https:\/\/chemsxpress.com\/de\/wp-json\/wp\/v2\/product\/28062\/revisions\/29836"}],"wp:featuredmedia":[{"embeddable":true,"href":"https:\/\/chemsxpress.com\/de\/wp-json\/wp\/v2\/media\/28135"}],"wp:attachment":[{"href":"https:\/\/chemsxpress.com\/de\/wp-json\/wp\/v2\/media?parent=28062"}],"wp:term":[{"taxonomy":"product_brand","embeddable":true,"href":"https:\/\/chemsxpress.com\/de\/wp-json\/wp\/v2\/product_brand?post=28062"},{"taxonomy":"product_cat","embeddable":true,"href":"https:\/\/chemsxpress.com\/de\/wp-json\/wp\/v2\/product_cat?post=28062"},{"taxonomy":"product_tag","embeddable":true,"href":"https:\/\/chemsxpress.com\/de\/wp-json\/wp\/v2\/product_tag?post=28062"}],"curies":[{"name":"wp","href":"https:\/\/api.w.org\/{rel}","templated":true}]}}