{"id":28501,"date":"2024-04-29T13:16:52","date_gmt":"2024-04-29T13:16:52","guid":{"rendered":"https:\/\/chemsxpress.com\/?post_type=product&#038;p=28501"},"modified":"2024-07-04T23:19:21","modified_gmt":"2024-07-04T23:19:21","slug":"fluorexetamin-fxe-online-kaufen","status":"publish","type":"product","link":"https:\/\/chemsxpress.com\/de\/produkt\/fluorexetamin-fxe-online-kaufen\/","title":{"rendered":"Fluorexetamin (FXE)"},"content":{"rendered":"<h1>Fluorexetamin (FXE) online kaufen<br \/>\nAllgemeine Informationen Fluorexetamin<\/h1>\n<p>Fluorexetamin (FXE) online kaufen, Fluorexetamin (Hydrochlorid) ist ein wissenschaftlicher analytischer Standard, der als Arylcyclohexylamin klassifiziert ist. Dieser Artikel ist f\u00fcr Forschung und messbare Anwendungen geplant.<\/p>\n<p>Fluorexetamin ist eine Sportplaner-Forschungschemikalie mit dissoziativen Wirkungen. Ein sportlicher <a href=\"https:\/\/chemsxpress.com\/de\/produktkategorie\/forschungschemikalien\/\">Forschungschemikalie<\/a> bekannt als Fluorexetamin (3-Fluoro-2-Oxo-PCE, FXE), wird seit etwa 2017 \u00fcber das Internet verkauft.<\/p>\n<p>Obwohl es schon seit einiger Zeit auf dem Markt ist, ist es im Allgemeinen un\u00fcblich geblieben. Fluorexetamin ist eine Sportplaner-Forschungschemikalie aus der Familie der Arylcyclohexylamine, und seine Bestandteile k\u00f6nnen sehr dissoziativ sein. Allerdings hat es bereit, im Internet seit 2017 zu bewegen, und seine Verwendung hat m\u00e4\u00dfig beispiellos geblieben.<\/p>\n<p>Das \u00e4nderte sich im April 2022, als die algorithmische Erkennung der Forschungschemikalie auf Reddit einen Alarm ausl\u00f6ste. Seitdem haben sich die Meldungen \u00fcber Fluorexetamin mehr als verdoppelt, auch wenn sie im April 2022 ihren bisherigen H\u00f6chststand erreicht hatten. Die physiologischen und toxikologischen Eigenschaften dieser Verbindung sind nicht untersucht worden. Die Verwendung dieser Chemikalie sollte sozusagen zu Forschungs- und Messzwecken erfolgen. Es wird darauf hingewiesen, dass dieser Stoff nicht f\u00fcr den menschlichen oder tier\u00e4rztlichen Gebrauch geeignet ist.<\/p>\n<h3>Chemische Zusammensetzung von Fluorexetamin<\/h3>\n<p>Fluorexetamin (3\u2032- Fluoro-2-oxo-PCE, FXE) ist eine sportliche Designer-Forschungschemikalie aus der Familie der Arylcyclohexylamine mit dissoziativen Wirkungen. Es wird angeblich seit etwa 2017 \u00fcber das Internet verkauft. Allerdings ist es m\u00e4\u00dfig au\u00dfergew\u00f6hnlich geblieben.<\/p>\n<p>Seine Gleichung lautet C14H18FNO, und seine molare Masse betr\u00e4gt 235,302 g-mol-1.<\/p>\n<p>&nbsp;<\/p>\n<h3>Pharmakologie von Fluorexetamin<\/h3>\n<p>Fluoxetin \u00fcbt seine Wirkung aus, indem es die Wiederaufnahme von Serotonin in pr\u00e4synaptische Serotonin-Neuronen behindert, indem es das im pr\u00e4synaptischen Terminal befindliche Wiederaufnahme-Tr\u00e4gerprotein hemmt. Fluoxetin wirkt au\u00dferdem sanft an den Rezeptoren 5HT2A und 5HT2C.<\/p>\n<p>Fluoxetin wird nach oraler Aufnahme verbraucht, ist stark proteingebunden und hat ein enormes Transportvolumen. Die Halbwertszeit von Fluoxetin betr\u00e4gt etwa 1 bis 4 Tage, w\u00e4hrend die seines Metaboliten Norfluoxetin 7 bis 15 Tage dauert. Fluoxetin hat ein nichtlineares pharmakokinetisches Profil.<\/p>\n<p>&nbsp;<\/p>\n<h3>Kaufen Sie hochwertiges Fluorexetamin<\/h3>\n<p><a href=\"https:\/\/chemsxpress.com\/de\/\">ChemsXpress<\/a> verf\u00fcgt \u00fcber langj\u00e4hrige Erfahrung in der Entwicklung von Forschungschemikalien, so dass wir die h\u00f6chste Qualit\u00e4t dieser Forschungschemikalien gew\u00e4hrleisten k\u00f6nnen. Das Forschungschemie-Team verkauft Fluorexetamin. Forschungschemikalien, einschlie\u00dflich Fluorexetamine, erf\u00fcllen alle Sicherheitsanforderungen. Die Forschungschemikalien werden sorgf\u00e4ltig verteilt und an einem k\u00fchlen, trockenen Ort gelagert.<\/p>\n<p>Alle Produkte werden regelm\u00e4\u00dfig auf Qualit\u00e4t, Reinheit und Sicherheit gepr\u00fcft. Bewahren Sie Fluorexetamin immer bei Raumtemperatur und au\u00dferhalb der Reichweite von Kindern und Haustieren auf. Unser Fluorexetamin ist nicht f\u00fcr den pers\u00f6nlichen Gebrauch bestimmt. Es ist nur f\u00fcr Forschungszwecke bestimmt.<\/p>\n<p>Bei der Erforschung dieser Forschungschemikalie darf sie nicht mit Alkohol oder Forschungschemikalien vermischt werden!<\/p>\n<p>Alle unsere Produkte haben einen fairen Preis!<\/p>\n<p>&nbsp;<\/p>\n<h3>Laborgepr\u00fcftes Fluorexetamin - mit Ergebnissen.<\/h3>\n<p>Remakes bem\u00fcht sich um die allgemeine Erf\u00fcllung der Kundenw\u00fcnsche. Verschiedene Untersuchungen haben gezeigt, dass Kunden vor dem Kauf von synthetischen Forschungschemikalien so viele Daten wie erwartet anfordern. Dar\u00fcber hinaus ver\u00f6ffentlichen wir alle Laborergebnisse zu jeder Pr\u00fcfsubstanz in einem PDF-Dokument.<\/p>\n<p>Unser Fluorexetamin Crystal entspricht konsequent den Wirkstoffen und ist f\u00fcr jedermann leicht zu erkennen.<\/p>\n<p>Wir verteilen alle Laborergebnisse zu jeder Forschungschemikalie auf einem PDF-Dokument.<\/p>\n<p>&nbsp;<\/p>\n<h3>Bestellen Sie sicher bei Fluorexetamine.<\/h3>\n<p>Die Designer-Forschungschemikalien von Panacea Chems sind von ausgezeichneter Qualit\u00e4t und haben einen fairen Preis. Wenn Sie also Ihre Forschungschemikalien bei ChemsXpress anfordern, garantieren wir Ihnen, dass wir Ihre Anfrage schnell und sicher zu Ihnen nach Hause bringen, da der Verkauf von Forschungschemikalien bei Panacea Chems immer verf\u00fcgbar ist.<\/p>\n<p>Die Anforderung von synthetischen Forschungssubstanzen mit Bitcoin oder Bank\u00fcberweisung ist bei ChemsXpress ganz einfach<\/p>\n<p>Wir versenden Forschungschemikalien-Pulver noch am selben Werktag, wenn die Zahlung vor 15:00 Uhr MESZ eingeht.<\/p>\n<p>Wir liefern keine Artikel an Personen unter 18 Jahren!<\/p>\n<p>Der Verkauf von Forschungschemikalien dient nur zu Forschungszwecken.<\/p>\n<p>Diskreter Versand von Forschungschemikalien.<\/p>\n<p>ChemsXpress verpackt Ihre Bestellung sicher und gesch\u00fctzt, um einen ordnungsgem\u00e4\u00dfen Transport zu gew\u00e4hrleisten. Dar\u00fcber hinaus verpacken wir mit perfekter Tarnung, und kein Zeichen von dem, was drin sein k\u00f6nnte, wird auf der Au\u00dfenseite gezeigt werden.<\/p>\n<p>&nbsp;<\/p>\n<h3>Vorsichtsma\u00dfnahmen<\/h3>\n<ul>\n<li>Kaufen Sie die geeignete individuelle Schutzausr\u00fcstung wie Schutzbrillen und Handschuhe. Reinigen und pflegen Sie sie angemessen. Befolgen Sie beim Umgang mit Forschungschemikalien sichere Systeme und nehmen Sie keine Abk\u00fcrzungen.<\/li>\n<li>Wenn die Forschungschemikalie mit den Augen in Ber\u00fchrung kommt, sp\u00fclen Sie sie gut aus und entfernen Sie Kontaktlinsen, falls dies notwendig ist.<\/li>\n<li>Versuchen Sie, bei der Verwendung dieser Chemikalien eine Maske zu tragen, damit sie beim Atmen nicht in Ihr Inneres gelangen k\u00f6nnen.<\/li>\n<li>Wie bei den unterst\u00fctzten Methoden angegeben, sind gef\u00e4hrliche Stoffe sicher zu handhaben, zu lagern und zu entsorgen. Sch\u00fctten Sie sie niemals in die Kanalisation oder in Kan\u00e4le.<\/li>\n<li>Lagern Sie Forschungschemikalien entsprechend den Angaben auf ihren Namen. Entflammbare Chemikalien sollten in ausgezeichnetem, trockenem Cannabis gelagert werden, fern von Intensit\u00e4t und Tageslicht. Einige synthetische Stoffe, wie z. B. S\u00e4uren, sollten unabh\u00e4ngig voneinander aufbewahrt werden.<\/li>\n<li><a href=\"https:\/\/chemsxpress.com\/de\/\">ChemsXpress<\/a> die bei rc angeboten werden, sind f\u00fcr Forschungszwecke bestimmt; der Verzehr ist strengstens untersagt.<\/li>\n<\/ul>","protected":false},"excerpt":{"rendered":"<p><strong>IUPAC-Name: <\/strong>2-(Ethylamino)-2-(3-Fluorphenyl)cyclohexan-1-on<\/p>\n<p><strong>Anderer Name: <\/strong>FXE<\/p>\n<p><strong>Form: <\/strong>Kristall<\/p>\n<p><strong>NMR-Analyse: <\/strong>C14H18FNO<\/p>","protected":false},"featured_media":28531,"comment_status":"open","ping_status":"closed","template":"","meta":[],"product_brand":[],"product_cat":[80],"product_tag":[],"class_list":{"0":"post-28501","1":"product","2":"type-product","3":"status-publish","4":"has-post-thumbnail","6":"product_cat-dissociatives","8":"first","9":"instock","10":"shipping-taxable","11":"purchasable","12":"product-type-variable"},"yoast_head":"<!-- This site is optimized with the Yoast SEO Premium plugin v24.1 (Yoast SEO v27.4) - https:\/\/yoast.com\/product\/yoast-seo-premium-wordpress\/ -->\n<title>Buy Fluorexetamine (FXE) Online: Premium RRC&#039;s| ChemsXpress<\/title>\n<meta name=\"description\" content=\"Discover high-quality Fluorexetamine (FXE) for your research needs at ChemsXpress. Fast shipping, exceptional service. Order now\" \/>\n<meta name=\"robots\" content=\"index, follow, max-snippet:-1, max-image-preview:large, max-video-preview:-1\" \/>\n<link rel=\"canonical\" href=\"https:\/\/chemsxpress.com\/de\/produkt\/fluorexetamin-fxe-online-kaufen\/\" \/>\n<meta property=\"og:locale\" content=\"de_DE\" \/>\n<meta property=\"og:type\" content=\"article\" \/>\n<meta property=\"og:title\" content=\"Fluorexetamine (FXE)\" \/>\n<meta property=\"og:description\" content=\"Discover high-quality Fluorexetamine (FXE) for your research needs at ChemsXpress. Fast shipping, exceptional service. Order now\" \/>\n<meta property=\"og:url\" content=\"https:\/\/chemsxpress.com\/de\/produkt\/fluorexetamin-fxe-online-kaufen\/\" \/>\n<meta property=\"og:site_name\" content=\"SHOP MDPHP\" \/>\n<meta property=\"article:modified_time\" content=\"2024-07-04T23:19:21+00:00\" \/>\n<meta property=\"og:image\" content=\"https:\/\/chemsxpress.com\/wp-content\/uploads\/2024\/04\/Fluorexetamine-FXE.jpg\" \/>\n\t<meta property=\"og:image:width\" content=\"600\" \/>\n\t<meta property=\"og:image:height\" content=\"600\" \/>\n\t<meta property=\"og:image:type\" content=\"image\/jpeg\" \/>\n<meta name=\"twitter:card\" content=\"summary_large_image\" \/>\n<meta name=\"twitter:label1\" content=\"Gesch\u00e4tzte Lesezeit\" \/>\n\t<meta name=\"twitter:data1\" content=\"4\u00a0Minuten\" \/>\n<script type=\"application\/ld+json\" class=\"yoast-schema-graph\">{\"@context\":\"https:\\\/\\\/schema.org\",\"@graph\":[{\"@type\":\"WebPage\",\"@id\":\"https:\\\/\\\/chemsxpress.com\\\/product\\\/buy-fluorexetamine-fxe-online\\\/\",\"url\":\"https:\\\/\\\/chemsxpress.com\\\/product\\\/buy-fluorexetamine-fxe-online\\\/\",\"name\":\"Buy Fluorexetamine (FXE) Online: Premium RRC's| ChemsXpress\",\"isPartOf\":{\"@id\":\"https:\\\/\\\/chemsxpress.com\\\/#website\"},\"primaryImageOfPage\":{\"@id\":\"https:\\\/\\\/chemsxpress.com\\\/product\\\/buy-fluorexetamine-fxe-online\\\/#primaryimage\"},\"image\":{\"@id\":\"https:\\\/\\\/chemsxpress.com\\\/product\\\/buy-fluorexetamine-fxe-online\\\/#primaryimage\"},\"thumbnailUrl\":\"https:\\\/\\\/chemsxpress.com\\\/wp-content\\\/uploads\\\/2024\\\/04\\\/Fluorexetamine-FXE.jpg\",\"datePublished\":\"2024-04-29T13:16:52+00:00\",\"dateModified\":\"2024-07-04T23:19:21+00:00\",\"description\":\"Discover high-quality Fluorexetamine (FXE) for your research needs at ChemsXpress. Fast shipping, exceptional service. Order now\",\"breadcrumb\":{\"@id\":\"https:\\\/\\\/chemsxpress.com\\\/product\\\/buy-fluorexetamine-fxe-online\\\/#breadcrumb\"},\"inLanguage\":\"de\",\"potentialAction\":[{\"@type\":\"ReadAction\",\"target\":[\"https:\\\/\\\/chemsxpress.com\\\/product\\\/buy-fluorexetamine-fxe-online\\\/\"]}]},{\"@type\":\"ImageObject\",\"inLanguage\":\"de\",\"@id\":\"https:\\\/\\\/chemsxpress.com\\\/product\\\/buy-fluorexetamine-fxe-online\\\/#primaryimage\",\"url\":\"https:\\\/\\\/chemsxpress.com\\\/wp-content\\\/uploads\\\/2024\\\/04\\\/Fluorexetamine-FXE.jpg\",\"contentUrl\":\"https:\\\/\\\/chemsxpress.com\\\/wp-content\\\/uploads\\\/2024\\\/04\\\/Fluorexetamine-FXE.jpg\",\"width\":600,\"height\":600,\"caption\":\"Buy Fluorexetamine (FXE) Online\"},{\"@type\":\"BreadcrumbList\",\"@id\":\"https:\\\/\\\/chemsxpress.com\\\/product\\\/buy-fluorexetamine-fxe-online\\\/#breadcrumb\",\"itemListElement\":[{\"@type\":\"ListItem\",\"position\":1,\"name\":\"Home\",\"item\":\"https:\\\/\\\/chemsxpress.com\\\/\"},{\"@type\":\"ListItem\",\"position\":2,\"name\":\"Shop\",\"item\":\"https:\\\/\\\/chemsxpress.com\\\/shop\\\/\"},{\"@type\":\"ListItem\",\"position\":3,\"name\":\"Fluorexetamine (FXE)\"}]},{\"@type\":\"WebSite\",\"@id\":\"https:\\\/\\\/chemsxpress.com\\\/#website\",\"url\":\"https:\\\/\\\/chemsxpress.com\\\/\",\"name\":\"SHOP MDPHP\",\"description\":\"Buy MDPHP freebase from reliable supplier\",\"potentialAction\":[{\"@type\":\"SearchAction\",\"target\":{\"@type\":\"EntryPoint\",\"urlTemplate\":\"https:\\\/\\\/chemsxpress.com\\\/?s={search_term_string}\"},\"query-input\":{\"@type\":\"PropertyValueSpecification\",\"valueRequired\":true,\"valueName\":\"search_term_string\"}}],\"inLanguage\":\"de\"}]}<\/script>\n<!-- \/ Yoast SEO Premium plugin. -->","yoast_head_json":{"title":"Kaufen Sie Fluorexetamin (FXE) online: Premium RRCs| ChemsXpress","description":"Entdecken Sie hochwertige MDPHP Freebase f\u00fcr Ihren Forschungsbedarf bei ChemsXpress. Schneller Versand, au\u00dfergew\u00f6hnlicher Service. Jetzt bestellen","robots":{"index":"index","follow":"follow","max-snippet":"max-snippet:-1","max-image-preview":"max-image-preview:large","max-video-preview":"max-video-preview:-1"},"canonical":"https:\/\/chemsxpress.com\/de\/produkt\/fluorexetamin-fxe-online-kaufen\/","og_locale":"de_DE","og_type":"article","og_title":"Fluorexetamine (FXE)","og_description":"Discover high-quality Fluorexetamine (FXE) for your research needs at ChemsXpress. Fast shipping, exceptional service. Order now","og_url":"https:\/\/chemsxpress.com\/de\/produkt\/fluorexetamin-fxe-online-kaufen\/","og_site_name":"SHOP MDPHP","article_modified_time":"2024-07-04T23:19:21+00:00","og_image":[{"width":600,"height":600,"url":"https:\/\/chemsxpress.com\/wp-content\/uploads\/2024\/04\/Fluorexetamine-FXE.jpg","type":"image\/jpeg"}],"twitter_card":"summary_large_image","twitter_misc":{"Gesch\u00e4tzte Lesezeit":"4\u00a0Minuten"},"schema":{"@context":"https:\/\/schema.org","@graph":[{"@type":"WebPage","@id":"https:\/\/chemsxpress.com\/product\/buy-fluorexetamine-fxe-online\/","url":"https:\/\/chemsxpress.com\/product\/buy-fluorexetamine-fxe-online\/","name":"Kaufen Sie Fluorexetamin (FXE) online: Premium RRCs| ChemsXpress","isPartOf":{"@id":"https:\/\/chemsxpress.com\/#website"},"primaryImageOfPage":{"@id":"https:\/\/chemsxpress.com\/product\/buy-fluorexetamine-fxe-online\/#primaryimage"},"image":{"@id":"https:\/\/chemsxpress.com\/product\/buy-fluorexetamine-fxe-online\/#primaryimage"},"thumbnailUrl":"https:\/\/chemsxpress.com\/wp-content\/uploads\/2024\/04\/Fluorexetamine-FXE.jpg","datePublished":"2024-04-29T13:16:52+00:00","dateModified":"2024-07-04T23:19:21+00:00","description":"Entdecken Sie hochwertige MDPHP Freebase f\u00fcr Ihren Forschungsbedarf bei ChemsXpress. Schneller Versand, au\u00dfergew\u00f6hnlicher Service. Jetzt bestellen","breadcrumb":{"@id":"https:\/\/chemsxpress.com\/product\/buy-fluorexetamine-fxe-online\/#breadcrumb"},"inLanguage":"de","potentialAction":[{"@type":"ReadAction","target":["https:\/\/chemsxpress.com\/product\/buy-fluorexetamine-fxe-online\/"]}]},{"@type":"ImageObject","inLanguage":"de","@id":"https:\/\/chemsxpress.com\/product\/buy-fluorexetamine-fxe-online\/#primaryimage","url":"https:\/\/chemsxpress.com\/wp-content\/uploads\/2024\/04\/Fluorexetamine-FXE.jpg","contentUrl":"https:\/\/chemsxpress.com\/wp-content\/uploads\/2024\/04\/Fluorexetamine-FXE.jpg","width":600,"height":600,"caption":"Buy Fluorexetamine (FXE) Online"},{"@type":"BreadcrumbList","@id":"https:\/\/chemsxpress.com\/product\/buy-fluorexetamine-fxe-online\/#breadcrumb","itemListElement":[{"@type":"ListItem","position":1,"name":"Home","item":"https:\/\/chemsxpress.com\/"},{"@type":"ListItem","position":2,"name":"Shop","item":"https:\/\/chemsxpress.com\/shop\/"},{"@type":"ListItem","position":3,"name":"Fluorexetamine (FXE)"}]},{"@type":"WebSite","@id":"https:\/\/chemsxpress.com\/#website","url":"https:\/\/chemsxpress.com\/","name":"MDPHP EINKAUFEN","description":"MDPHP freebase von einem zuverl\u00e4ssigen Anbieter kaufen","potentialAction":[{"@type":"SearchAction","target":{"@type":"EntryPoint","urlTemplate":"https:\/\/chemsxpress.com\/?s={search_term_string}"},"query-input":{"@type":"PropertyValueSpecification","valueRequired":true,"valueName":"search_term_string"}}],"inLanguage":"de"}]}},"jetpack_sharing_enabled":true,"_links":{"self":[{"href":"https:\/\/chemsxpress.com\/de\/wp-json\/wp\/v2\/product\/28501","targetHints":{"allow":["GET"]}}],"collection":[{"href":"https:\/\/chemsxpress.com\/de\/wp-json\/wp\/v2\/product"}],"about":[{"href":"https:\/\/chemsxpress.com\/de\/wp-json\/wp\/v2\/types\/product"}],"replies":[{"embeddable":true,"href":"https:\/\/chemsxpress.com\/de\/wp-json\/wp\/v2\/comments?post=28501"}],"version-history":[{"count":4,"href":"https:\/\/chemsxpress.com\/de\/wp-json\/wp\/v2\/product\/28501\/revisions"}],"predecessor-version":[{"id":30056,"href":"https:\/\/chemsxpress.com\/de\/wp-json\/wp\/v2\/product\/28501\/revisions\/30056"}],"wp:featuredmedia":[{"embeddable":true,"href":"https:\/\/chemsxpress.com\/de\/wp-json\/wp\/v2\/media\/28531"}],"wp:attachment":[{"href":"https:\/\/chemsxpress.com\/de\/wp-json\/wp\/v2\/media?parent=28501"}],"wp:term":[{"taxonomy":"product_brand","embeddable":true,"href":"https:\/\/chemsxpress.com\/de\/wp-json\/wp\/v2\/product_brand?post=28501"},{"taxonomy":"product_cat","embeddable":true,"href":"https:\/\/chemsxpress.com\/de\/wp-json\/wp\/v2\/product_cat?post=28501"},{"taxonomy":"product_tag","embeddable":true,"href":"https:\/\/chemsxpress.com\/de\/wp-json\/wp\/v2\/product_tag?post=28501"}],"curies":[{"name":"wp","href":"https:\/\/api.w.org\/{rel}","templated":true}]}}