{"id":28516,"date":"2024-04-29T13:16:52","date_gmt":"2024-04-29T13:16:52","guid":{"rendered":"https:\/\/chemsxpress.com\/?post_type=product&#038;p=28516"},"modified":"2025-05-18T16:45:56","modified_gmt":"2025-05-18T16:45:56","slug":"weises-sulawesi-kratom-kaufen","status":"publish","type":"product","link":"https:\/\/chemsxpress.com\/de\/produkt\/weises-sulawesi-kratom-kaufen\/","title":{"rendered":"Wei\u00dfes Sulawesi"},"content":{"rendered":"<h1 style=\"text-align: center;\">Wei\u00dfes Sulawesi Kratom kaufen.<\/h1>\n<h3 style=\"text-align: center;\"><strong>Willkommen bei ChemsXpress: Ihre vertrauensw\u00fcrdige Quelle f\u00fcr White Sulawesi Kratom<\/strong><\/h3>\n<p>Kaufen Sie White Sulawesi Kratom, erleben Sie die unvergleichliche Qualit\u00e4t von White Sulawesi Kratom, das direkt aus den unber\u00fchrten W\u00e4ldern von Sulawesi, Indonesien stammt. Bei ChemsXpress haben wir uns dem Ziel verschrieben, Ihnen erstklassige Kratom-Sorten zu liefern, die Ihr Wohlbefinden steigern.<\/p>\n<p><strong>Warum ChemsXpress w\u00e4hlen?<\/strong><\/p>\n<ul>\n<li><strong>Erstklassige Qualit\u00e4t:<\/strong> Unser White Sulawesi Kratom wird sorgf\u00e4ltig von vertrauensw\u00fcrdigen Z\u00fcchtern bezogen und strengen Tests unterzogen, um Reinheit und Potenz zu gew\u00e4hrleisten. Du kannst darauf vertrauen, dass Du nur das beste Produkt erh\u00e4ltst.<\/li>\n<li><strong>Schneller Versand:<\/strong> Wir legen Wert auf eine schnelle Lieferung. Ihre Bestellung von White Sulawesi Kratom wird schnell bearbeitet und versandt, um eine rechtzeitige Ankunft an Ihrer Haust\u00fcr zu gew\u00e4hrleisten.<\/li>\n<li><strong>Au\u00dfergew\u00f6hnlicher Kundenservice:<\/strong> Sie haben Fragen oder ben\u00f6tigen Hilfe? Unser freundliches und sachkundiges Kundenservice-Team ist f\u00fcr Sie da und bietet Ihnen die Unterst\u00fctzung, die Sie f\u00fcr ein reibungsloses Einkaufserlebnis ben\u00f6tigen.<\/li>\n<\/ul>\n<p><strong>Erleben Sie den Unterschied: Bestellen Sie White Sulawesi Kratom noch heute<\/strong><\/p>\n<p>G\u00f6nnen Sie sich die belebende und erhebende Wirkung von White Sulawesi Kratom von ChemsXpress. Ob Sie nat\u00fcrliche Energie, Konzentration oder Entspannung suchen, unser White Sulawesi Kratom wird Ihre Erwartungen sicher \u00fcbertreffen.<\/p>\n<p><strong>Werden Sie Mitglied unserer Gemeinschaft<\/strong><\/p>\n<p>Bleiben Sie auf dem Laufenden \u00fcber die neuesten Kratom-Nachrichten, Aktionen und mehr, indem Sie sich f\u00fcr unseren Newsletter anmelden. Treten Sie unserer Gemeinschaft von Kratom-Enthusiasten bei und erfahren Sie als Erster von neuen Produkten und exklusiven Angeboten.<\/p>\n<p><strong>W\u00e4hlen Sie Qualit\u00e4t, w\u00e4hlen Sie ChemsXpress<\/strong><\/p>\n<p>Danke, dass Sie sich f\u00fcr <a href=\"https:\/\/chemsxpress.com\/de\/\">ChemsXpress<\/a> als Ihre vertrauensw\u00fcrdige Quelle f\u00fcr White Sulawesi Kratom. Mit unserem Engagement f\u00fcr Qualit\u00e4t und Kundenzufriedenheit, k\u00f6nnen Sie mit Zuversicht einkaufen und wissen, dass Sie die beste Kratomerfahrung bekommen.<\/p>","protected":false},"excerpt":{"rendered":"<p><strong>Form: <\/strong>Pulver<\/p>\n<p><strong>NMR-Analyse: <\/strong>K.A.<\/p>","protected":false},"featured_media":28585,"comment_status":"open","ping_status":"closed","template":"","meta":[],"product_brand":[],"product_cat":[81],"product_tag":[],"class_list":{"0":"post-28516","1":"product","2":"type-product","3":"status-publish","4":"has-post-thumbnail","6":"product_cat-kratom","8":"first","9":"instock","10":"shipping-taxable","11":"purchasable","12":"product-type-variable"},"yoast_head":"<!-- This site is optimized with the Yoast SEO Premium plugin v24.1 (Yoast SEO v27.4) - https:\/\/yoast.com\/product\/yoast-seo-premium-wordpress\/ -->\n<title>Buy White Sulawesi Kratom: Quality Strains | ChemsXpress<\/title>\n<meta name=\"description\" content=\"Discover White Sulawesi Kratom at ChemsXpress. Premium quality strains, fast shipping. Trust our quality assurance for all your kratom needs. Order now\" \/>\n<meta name=\"robots\" content=\"index, follow, max-snippet:-1, max-image-preview:large, max-video-preview:-1\" \/>\n<link rel=\"canonical\" href=\"https:\/\/chemsxpress.com\/de\/produkt\/weises-sulawesi-kratom-kaufen\/\" \/>\n<meta property=\"og:locale\" content=\"de_DE\" \/>\n<meta property=\"og:type\" content=\"article\" \/>\n<meta property=\"og:title\" content=\"White Sulawesi\" \/>\n<meta property=\"og:description\" content=\"Discover White Sulawesi Kratom at ChemsXpress. Premium quality strains, fast shipping. Trust our quality assurance for all your kratom needs. Order now\" \/>\n<meta property=\"og:url\" content=\"https:\/\/chemsxpress.com\/de\/produkt\/weises-sulawesi-kratom-kaufen\/\" \/>\n<meta property=\"og:site_name\" content=\"SHOP MDPHP\" \/>\n<meta property=\"article:modified_time\" content=\"2025-05-18T16:45:56+00:00\" \/>\n<meta property=\"og:image\" content=\"https:\/\/chemsxpress.com\/wp-content\/uploads\/2024\/04\/White-Sulawesi.jpg\" \/>\n\t<meta property=\"og:image:width\" content=\"600\" \/>\n\t<meta property=\"og:image:height\" content=\"600\" \/>\n\t<meta property=\"og:image:type\" content=\"image\/jpeg\" \/>\n<meta name=\"twitter:card\" content=\"summary_large_image\" \/>\n<meta name=\"twitter:label1\" content=\"Gesch\u00e4tzte Lesezeit\" \/>\n\t<meta name=\"twitter:data1\" content=\"2\u00a0Minuten\" \/>\n<script type=\"application\/ld+json\" class=\"yoast-schema-graph\">{\"@context\":\"https:\\\/\\\/schema.org\",\"@graph\":[{\"@type\":\"WebPage\",\"@id\":\"https:\\\/\\\/chemsxpress.com\\\/product\\\/buy-white-sulawesi-kratom\\\/\",\"url\":\"https:\\\/\\\/chemsxpress.com\\\/product\\\/buy-white-sulawesi-kratom\\\/\",\"name\":\"Buy White Sulawesi Kratom: Quality Strains | ChemsXpress\",\"isPartOf\":{\"@id\":\"https:\\\/\\\/chemsxpress.com\\\/#website\"},\"primaryImageOfPage\":{\"@id\":\"https:\\\/\\\/chemsxpress.com\\\/product\\\/buy-white-sulawesi-kratom\\\/#primaryimage\"},\"image\":{\"@id\":\"https:\\\/\\\/chemsxpress.com\\\/product\\\/buy-white-sulawesi-kratom\\\/#primaryimage\"},\"thumbnailUrl\":\"https:\\\/\\\/chemsxpress.com\\\/wp-content\\\/uploads\\\/2024\\\/04\\\/White-Sulawesi.jpg\",\"datePublished\":\"2024-04-29T13:16:52+00:00\",\"dateModified\":\"2025-05-18T16:45:56+00:00\",\"description\":\"Discover White Sulawesi Kratom at ChemsXpress. Premium quality strains, fast shipping. Trust our quality assurance for all your kratom needs. Order now\",\"breadcrumb\":{\"@id\":\"https:\\\/\\\/chemsxpress.com\\\/product\\\/buy-white-sulawesi-kratom\\\/#breadcrumb\"},\"inLanguage\":\"de\",\"potentialAction\":[{\"@type\":\"ReadAction\",\"target\":[\"https:\\\/\\\/chemsxpress.com\\\/product\\\/buy-white-sulawesi-kratom\\\/\"]}]},{\"@type\":\"ImageObject\",\"inLanguage\":\"de\",\"@id\":\"https:\\\/\\\/chemsxpress.com\\\/product\\\/buy-white-sulawesi-kratom\\\/#primaryimage\",\"url\":\"https:\\\/\\\/chemsxpress.com\\\/wp-content\\\/uploads\\\/2024\\\/04\\\/White-Sulawesi.jpg\",\"contentUrl\":\"https:\\\/\\\/chemsxpress.com\\\/wp-content\\\/uploads\\\/2024\\\/04\\\/White-Sulawesi.jpg\",\"width\":600,\"height\":600,\"caption\":\"Buy White Sulawesi Kratom\"},{\"@type\":\"BreadcrumbList\",\"@id\":\"https:\\\/\\\/chemsxpress.com\\\/product\\\/buy-white-sulawesi-kratom\\\/#breadcrumb\",\"itemListElement\":[{\"@type\":\"ListItem\",\"position\":1,\"name\":\"Home\",\"item\":\"https:\\\/\\\/chemsxpress.com\\\/\"},{\"@type\":\"ListItem\",\"position\":2,\"name\":\"Shop\",\"item\":\"https:\\\/\\\/chemsxpress.com\\\/shop\\\/\"},{\"@type\":\"ListItem\",\"position\":3,\"name\":\"White Sulawesi\"}]},{\"@type\":\"WebSite\",\"@id\":\"https:\\\/\\\/chemsxpress.com\\\/#website\",\"url\":\"https:\\\/\\\/chemsxpress.com\\\/\",\"name\":\"SHOP MDPHP\",\"description\":\"Buy MDPHP freebase from reliable supplier\",\"potentialAction\":[{\"@type\":\"SearchAction\",\"target\":{\"@type\":\"EntryPoint\",\"urlTemplate\":\"https:\\\/\\\/chemsxpress.com\\\/?s={search_term_string}\"},\"query-input\":{\"@type\":\"PropertyValueSpecification\",\"valueRequired\":true,\"valueName\":\"search_term_string\"}}],\"inLanguage\":\"de\"}]}<\/script>\n<!-- \/ Yoast SEO Premium plugin. -->","yoast_head_json":{"title":"Kaufen Sie gr\u00fcnes Sulawesi-Kratom: Qualit\u00e4tssorten | ChemsXpress","description":"Kaufen Sie Green Philippines online bei ChemsXpress. Premium-Qualit\u00e4t St\u00e4mme, schneller Versand. Vertrauen Sie unserer Qualit\u00e4tssicherung f\u00fcr alle Ihre Kratom Bed\u00fcrfnisse. Jetzt bestellen","robots":{"index":"index","follow":"follow","max-snippet":"max-snippet:-1","max-image-preview":"max-image-preview:large","max-video-preview":"max-video-preview:-1"},"canonical":"https:\/\/chemsxpress.com\/de\/produkt\/weises-sulawesi-kratom-kaufen\/","og_locale":"de_DE","og_type":"article","og_title":"White Sulawesi","og_description":"Discover White Sulawesi Kratom at ChemsXpress. Premium quality strains, fast shipping. Trust our quality assurance for all your kratom needs. Order now","og_url":"https:\/\/chemsxpress.com\/de\/produkt\/weises-sulawesi-kratom-kaufen\/","og_site_name":"SHOP MDPHP","article_modified_time":"2025-05-18T16:45:56+00:00","og_image":[{"width":600,"height":600,"url":"https:\/\/chemsxpress.com\/wp-content\/uploads\/2024\/04\/White-Sulawesi.jpg","type":"image\/jpeg"}],"twitter_card":"summary_large_image","twitter_misc":{"Gesch\u00e4tzte Lesezeit":"2\u00a0Minuten"},"schema":{"@context":"https:\/\/schema.org","@graph":[{"@type":"WebPage","@id":"https:\/\/chemsxpress.com\/product\/buy-white-sulawesi-kratom\/","url":"https:\/\/chemsxpress.com\/product\/buy-white-sulawesi-kratom\/","name":"Kaufen Sie gr\u00fcnes Sulawesi-Kratom: Qualit\u00e4tssorten | ChemsXpress","isPartOf":{"@id":"https:\/\/chemsxpress.com\/#website"},"primaryImageOfPage":{"@id":"https:\/\/chemsxpress.com\/product\/buy-white-sulawesi-kratom\/#primaryimage"},"image":{"@id":"https:\/\/chemsxpress.com\/product\/buy-white-sulawesi-kratom\/#primaryimage"},"thumbnailUrl":"https:\/\/chemsxpress.com\/wp-content\/uploads\/2024\/04\/White-Sulawesi.jpg","datePublished":"2024-04-29T13:16:52+00:00","dateModified":"2025-05-18T16:45:56+00:00","description":"Kaufen Sie Green Philippines online bei ChemsXpress. Premium-Qualit\u00e4t St\u00e4mme, schneller Versand. Vertrauen Sie unserer Qualit\u00e4tssicherung f\u00fcr alle Ihre Kratom Bed\u00fcrfnisse. Jetzt bestellen","breadcrumb":{"@id":"https:\/\/chemsxpress.com\/product\/buy-white-sulawesi-kratom\/#breadcrumb"},"inLanguage":"de","potentialAction":[{"@type":"ReadAction","target":["https:\/\/chemsxpress.com\/product\/buy-white-sulawesi-kratom\/"]}]},{"@type":"ImageObject","inLanguage":"de","@id":"https:\/\/chemsxpress.com\/product\/buy-white-sulawesi-kratom\/#primaryimage","url":"https:\/\/chemsxpress.com\/wp-content\/uploads\/2024\/04\/White-Sulawesi.jpg","contentUrl":"https:\/\/chemsxpress.com\/wp-content\/uploads\/2024\/04\/White-Sulawesi.jpg","width":600,"height":600,"caption":"Buy White Sulawesi Kratom"},{"@type":"BreadcrumbList","@id":"https:\/\/chemsxpress.com\/product\/buy-white-sulawesi-kratom\/#breadcrumb","itemListElement":[{"@type":"ListItem","position":1,"name":"Home","item":"https:\/\/chemsxpress.com\/"},{"@type":"ListItem","position":2,"name":"Shop","item":"https:\/\/chemsxpress.com\/shop\/"},{"@type":"ListItem","position":3,"name":"White Sulawesi"}]},{"@type":"WebSite","@id":"https:\/\/chemsxpress.com\/#website","url":"https:\/\/chemsxpress.com\/","name":"MDPHP EINKAUFEN","description":"MDPHP freebase von einem zuverl\u00e4ssigen Anbieter kaufen","potentialAction":[{"@type":"SearchAction","target":{"@type":"EntryPoint","urlTemplate":"https:\/\/chemsxpress.com\/?s={search_term_string}"},"query-input":{"@type":"PropertyValueSpecification","valueRequired":true,"valueName":"search_term_string"}}],"inLanguage":"de"}]}},"jetpack_sharing_enabled":true,"_links":{"self":[{"href":"https:\/\/chemsxpress.com\/de\/wp-json\/wp\/v2\/product\/28516","targetHints":{"allow":["GET"]}}],"collection":[{"href":"https:\/\/chemsxpress.com\/de\/wp-json\/wp\/v2\/product"}],"about":[{"href":"https:\/\/chemsxpress.com\/de\/wp-json\/wp\/v2\/types\/product"}],"replies":[{"embeddable":true,"href":"https:\/\/chemsxpress.com\/de\/wp-json\/wp\/v2\/comments?post=28516"}],"version-history":[{"count":3,"href":"https:\/\/chemsxpress.com\/de\/wp-json\/wp\/v2\/product\/28516\/revisions"}],"predecessor-version":[{"id":29756,"href":"https:\/\/chemsxpress.com\/de\/wp-json\/wp\/v2\/product\/28516\/revisions\/29756"}],"wp:featuredmedia":[{"embeddable":true,"href":"https:\/\/chemsxpress.com\/de\/wp-json\/wp\/v2\/media\/28585"}],"wp:attachment":[{"href":"https:\/\/chemsxpress.com\/de\/wp-json\/wp\/v2\/media?parent=28516"}],"wp:term":[{"taxonomy":"product_brand","embeddable":true,"href":"https:\/\/chemsxpress.com\/de\/wp-json\/wp\/v2\/product_brand?post=28516"},{"taxonomy":"product_cat","embeddable":true,"href":"https:\/\/chemsxpress.com\/de\/wp-json\/wp\/v2\/product_cat?post=28516"},{"taxonomy":"product_tag","embeddable":true,"href":"https:\/\/chemsxpress.com\/de\/wp-json\/wp\/v2\/product_tag?post=28516"}],"curies":[{"name":"wp","href":"https:\/\/api.w.org\/{rel}","templated":true}]}}