{"id":28517,"date":"2024-04-29T13:16:52","date_gmt":"2024-04-29T13:16:52","guid":{"rendered":"https:\/\/chemsxpress.com\/?post_type=product&#038;p=28517"},"modified":"2025-05-29T04:52:19","modified_gmt":"2025-05-29T04:52:19","slug":"weises-bentuangie-kratom-kaufen","status":"publish","type":"product","link":"https:\/\/chemsxpress.com\/de\/produkt\/weises-bentuangie-kratom-kaufen\/","title":{"rendered":"Wei\u00dfer Bentuangie"},"content":{"rendered":"<h1 style=\"text-align: center;\">Wei\u00dfes Bentuangie Kratom kaufen.<\/h1>\n<h4 style=\"text-align: center;\"><strong>Willkommen bei ChemsXpress: Ihre vertrauensw\u00fcrdige Quelle f\u00fcr White Bentuangie Kratom<\/strong><\/h4>\n<p>Kaufen Sie White Bentuangie Kratom, entdecken Sie die au\u00dfergew\u00f6hnliche Qualit\u00e4t von White Bentuangie Kratom, das direkt aus den reichen B\u00f6den S\u00fcdostasiens bezogen wird. Bei ChemsXpress haben wir uns dazu verpflichtet, Sie mit erstklassigen Kratom-Sorten zu versorgen, um Ihr Wohlbefinden zu steigern.<\/p>\n<p><strong>Warum ChemsXpress w\u00e4hlen?<\/strong><\/p>\n<ul>\n<li><strong>Erstklassige Qualit\u00e4t:<\/strong> Unser White Bentuangie Kratom wird sorgf\u00e4ltig von vertrauensw\u00fcrdigen Z\u00fcchtern bezogen und strengen Tests unterzogen, um Reinheit und Potenz zu gew\u00e4hrleisten. Du kannst darauf vertrauen, dass Du nur das beste Produkt erh\u00e4ltst.<\/li>\n<li><strong>Schneller Versand:<\/strong> Wir legen Wert auf eine schnelle Lieferung. Deine Bestellung von White Bentuangie Kratom wird schnell bearbeitet und versendet, damit sie rechtzeitig bei Dir ankommt.<\/li>\n<li><strong>Au\u00dfergew\u00f6hnlicher Kundenservice:<\/strong> Sie haben Fragen oder ben\u00f6tigen Hilfe? Unser freundliches und sachkundiges Kundenservice-Team ist f\u00fcr Sie da und bietet Ihnen die Unterst\u00fctzung, die Sie f\u00fcr ein reibungsloses Einkaufserlebnis ben\u00f6tigen.<\/li>\n<\/ul>\n<p><strong>Erleben Sie den Unterschied: Bestellen Sie White Bentuangie Kratom heute<\/strong><\/p>\n<p>Genie\u00dfe die beruhigende und energetisierende Wirkung von White Bentuangie Kratom von ChemsXpress. Ob Sie nat\u00fcrliche Vitalit\u00e4t, Konzentration oder Entspannung suchen, unser White Bentuangie Kratom wird Ihre Erwartungen sicher \u00fcbertreffen.<\/p>\n<p><strong>Werden Sie Mitglied unserer Gemeinschaft<\/strong><\/p>\n<p>Bleiben Sie auf dem Laufenden \u00fcber die neuesten Kratom-Nachrichten, Aktionen und mehr, indem Sie sich f\u00fcr unseren Newsletter anmelden. Treten Sie unserer Gemeinschaft von Kratom-Enthusiasten bei und erfahren Sie als Erster von neuen Produkten und exklusiven Angeboten.<\/p>\n<p><strong>W\u00e4hlen Sie Qualit\u00e4t, w\u00e4hlen Sie ChemsXpress<\/strong><\/p>\n<p>Danke, dass Sie sich f\u00fcr <a href=\"https:\/\/chemsxpress.com\/de\/\">ChemsXpress<\/a> als Ihre vertrauensw\u00fcrdige Quelle f\u00fcr White Bentuangie Kratom. Mit unserem Engagement f\u00fcr Qualit\u00e4t und Kundenzufriedenheit, k\u00f6nnen Sie mit Zuversicht einkaufen und wissen, dass Sie die beste Kratom-Erfahrung bekommen.<\/p>","protected":false},"excerpt":{"rendered":"<p><strong>Form: <\/strong>Pulver<\/p>\n<p><strong>NMR-Analyse: <\/strong>K.A.<\/p>","protected":false},"featured_media":28587,"comment_status":"open","ping_status":"closed","template":"","meta":[],"product_brand":[],"product_cat":[81],"product_tag":[],"class_list":{"0":"post-28517","1":"product","2":"type-product","3":"status-publish","4":"has-post-thumbnail","6":"product_cat-kratom","8":"first","9":"instock","10":"shipping-taxable","11":"purchasable","12":"product-type-variable"},"yoast_head":"<!-- This site is optimized with the Yoast SEO Premium plugin v24.1 (Yoast SEO v27.4) - https:\/\/yoast.com\/product\/yoast-seo-premium-wordpress\/ -->\n<title>Buy White Bentuangie Kratom: Premium Strains | ChemsXpress<\/title>\n<meta name=\"description\" content=\"Discover White Bentuangie Kratom at ChemsXpress. Premium quality strains, fast shipping. Trust our quality assurance for all your kratom needs. Order now!\" \/>\n<meta name=\"robots\" content=\"index, follow, max-snippet:-1, max-image-preview:large, max-video-preview:-1\" \/>\n<link rel=\"canonical\" href=\"https:\/\/chemsxpress.com\/de\/produkt\/weises-bentuangie-kratom-kaufen\/\" \/>\n<meta property=\"og:locale\" content=\"de_DE\" \/>\n<meta property=\"og:type\" content=\"article\" \/>\n<meta property=\"og:title\" content=\"White Bentuangie\" \/>\n<meta property=\"og:description\" content=\"Discover White Bentuangie Kratom at ChemsXpress. Premium quality strains, fast shipping. Trust our quality assurance for all your kratom needs. Order now!\" \/>\n<meta property=\"og:url\" content=\"https:\/\/chemsxpress.com\/de\/produkt\/weises-bentuangie-kratom-kaufen\/\" \/>\n<meta property=\"og:site_name\" content=\"SHOP MDPHP\" \/>\n<meta property=\"article:modified_time\" content=\"2025-05-29T04:52:19+00:00\" \/>\n<meta property=\"og:image\" content=\"https:\/\/chemsxpress.com\/wp-content\/uploads\/2024\/04\/White-Bentuangie.jpg\" \/>\n\t<meta property=\"og:image:width\" content=\"600\" \/>\n\t<meta property=\"og:image:height\" content=\"600\" \/>\n\t<meta property=\"og:image:type\" content=\"image\/jpeg\" \/>\n<meta name=\"twitter:card\" content=\"summary_large_image\" \/>\n<meta name=\"twitter:label1\" content=\"Gesch\u00e4tzte Lesezeit\" \/>\n\t<meta name=\"twitter:data1\" content=\"2\u00a0Minuten\" \/>\n<script type=\"application\/ld+json\" class=\"yoast-schema-graph\">{\"@context\":\"https:\\\/\\\/schema.org\",\"@graph\":[{\"@type\":\"WebPage\",\"@id\":\"https:\\\/\\\/chemsxpress.com\\\/product\\\/buy-white-bentuangie-kratom\\\/\",\"url\":\"https:\\\/\\\/chemsxpress.com\\\/product\\\/buy-white-bentuangie-kratom\\\/\",\"name\":\"Buy White Bentuangie Kratom: Premium Strains | ChemsXpress\",\"isPartOf\":{\"@id\":\"https:\\\/\\\/chemsxpress.com\\\/#website\"},\"primaryImageOfPage\":{\"@id\":\"https:\\\/\\\/chemsxpress.com\\\/product\\\/buy-white-bentuangie-kratom\\\/#primaryimage\"},\"image\":{\"@id\":\"https:\\\/\\\/chemsxpress.com\\\/product\\\/buy-white-bentuangie-kratom\\\/#primaryimage\"},\"thumbnailUrl\":\"https:\\\/\\\/chemsxpress.com\\\/wp-content\\\/uploads\\\/2024\\\/04\\\/White-Bentuangie.jpg\",\"datePublished\":\"2024-04-29T13:16:52+00:00\",\"dateModified\":\"2025-05-29T04:52:19+00:00\",\"description\":\"Discover White Bentuangie Kratom at ChemsXpress. Premium quality strains, fast shipping. Trust our quality assurance for all your kratom needs. Order now!\",\"breadcrumb\":{\"@id\":\"https:\\\/\\\/chemsxpress.com\\\/product\\\/buy-white-bentuangie-kratom\\\/#breadcrumb\"},\"inLanguage\":\"de\",\"potentialAction\":[{\"@type\":\"ReadAction\",\"target\":[\"https:\\\/\\\/chemsxpress.com\\\/product\\\/buy-white-bentuangie-kratom\\\/\"]}]},{\"@type\":\"ImageObject\",\"inLanguage\":\"de\",\"@id\":\"https:\\\/\\\/chemsxpress.com\\\/product\\\/buy-white-bentuangie-kratom\\\/#primaryimage\",\"url\":\"https:\\\/\\\/chemsxpress.com\\\/wp-content\\\/uploads\\\/2024\\\/04\\\/White-Bentuangie.jpg\",\"contentUrl\":\"https:\\\/\\\/chemsxpress.com\\\/wp-content\\\/uploads\\\/2024\\\/04\\\/White-Bentuangie.jpg\",\"width\":600,\"height\":600,\"caption\":\"Buy White Bentuangie Kratom\"},{\"@type\":\"BreadcrumbList\",\"@id\":\"https:\\\/\\\/chemsxpress.com\\\/product\\\/buy-white-bentuangie-kratom\\\/#breadcrumb\",\"itemListElement\":[{\"@type\":\"ListItem\",\"position\":1,\"name\":\"Home\",\"item\":\"https:\\\/\\\/chemsxpress.com\\\/\"},{\"@type\":\"ListItem\",\"position\":2,\"name\":\"Shop\",\"item\":\"https:\\\/\\\/chemsxpress.com\\\/shop\\\/\"},{\"@type\":\"ListItem\",\"position\":3,\"name\":\"White Bentuangie\"}]},{\"@type\":\"WebSite\",\"@id\":\"https:\\\/\\\/chemsxpress.com\\\/#website\",\"url\":\"https:\\\/\\\/chemsxpress.com\\\/\",\"name\":\"SHOP MDPHP\",\"description\":\"Buy MDPHP freebase from reliable supplier\",\"potentialAction\":[{\"@type\":\"SearchAction\",\"target\":{\"@type\":\"EntryPoint\",\"urlTemplate\":\"https:\\\/\\\/chemsxpress.com\\\/?s={search_term_string}\"},\"query-input\":{\"@type\":\"PropertyValueSpecification\",\"valueRequired\":true,\"valueName\":\"search_term_string\"}}],\"inLanguage\":\"de\"}]}<\/script>\n<!-- \/ Yoast SEO Premium plugin. -->","yoast_head_json":{"title":"Kaufen Sie Green Bentuangie Kratom: Premium-Sorten | ChemsXpres","description":"Kaufen Sie Green Philippines online bei ChemsXpress. Premium-Qualit\u00e4t St\u00e4mme, schneller Versand. Vertrauen Sie unserer Qualit\u00e4tssicherung f\u00fcr alle Ihre Kratom Bed\u00fcrfnisse. Jetzt bestellen","robots":{"index":"index","follow":"follow","max-snippet":"max-snippet:-1","max-image-preview":"max-image-preview:large","max-video-preview":"max-video-preview:-1"},"canonical":"https:\/\/chemsxpress.com\/de\/produkt\/weises-bentuangie-kratom-kaufen\/","og_locale":"de_DE","og_type":"article","og_title":"White Bentuangie","og_description":"Discover White Bentuangie Kratom at ChemsXpress. Premium quality strains, fast shipping. Trust our quality assurance for all your kratom needs. Order now!","og_url":"https:\/\/chemsxpress.com\/de\/produkt\/weises-bentuangie-kratom-kaufen\/","og_site_name":"SHOP MDPHP","article_modified_time":"2025-05-29T04:52:19+00:00","og_image":[{"width":600,"height":600,"url":"https:\/\/chemsxpress.com\/wp-content\/uploads\/2024\/04\/White-Bentuangie.jpg","type":"image\/jpeg"}],"twitter_card":"summary_large_image","twitter_misc":{"Gesch\u00e4tzte Lesezeit":"2\u00a0Minuten"},"schema":{"@context":"https:\/\/schema.org","@graph":[{"@type":"WebPage","@id":"https:\/\/chemsxpress.com\/product\/buy-white-bentuangie-kratom\/","url":"https:\/\/chemsxpress.com\/product\/buy-white-bentuangie-kratom\/","name":"Kaufen Sie Green Bentuangie Kratom: Premium-Sorten | ChemsXpres","isPartOf":{"@id":"https:\/\/chemsxpress.com\/#website"},"primaryImageOfPage":{"@id":"https:\/\/chemsxpress.com\/product\/buy-white-bentuangie-kratom\/#primaryimage"},"image":{"@id":"https:\/\/chemsxpress.com\/product\/buy-white-bentuangie-kratom\/#primaryimage"},"thumbnailUrl":"https:\/\/chemsxpress.com\/wp-content\/uploads\/2024\/04\/White-Bentuangie.jpg","datePublished":"2024-04-29T13:16:52+00:00","dateModified":"2025-05-29T04:52:19+00:00","description":"Kaufen Sie Green Philippines online bei ChemsXpress. Premium-Qualit\u00e4t St\u00e4mme, schneller Versand. Vertrauen Sie unserer Qualit\u00e4tssicherung f\u00fcr alle Ihre Kratom Bed\u00fcrfnisse. Jetzt bestellen","breadcrumb":{"@id":"https:\/\/chemsxpress.com\/product\/buy-white-bentuangie-kratom\/#breadcrumb"},"inLanguage":"de","potentialAction":[{"@type":"ReadAction","target":["https:\/\/chemsxpress.com\/product\/buy-white-bentuangie-kratom\/"]}]},{"@type":"ImageObject","inLanguage":"de","@id":"https:\/\/chemsxpress.com\/product\/buy-white-bentuangie-kratom\/#primaryimage","url":"https:\/\/chemsxpress.com\/wp-content\/uploads\/2024\/04\/White-Bentuangie.jpg","contentUrl":"https:\/\/chemsxpress.com\/wp-content\/uploads\/2024\/04\/White-Bentuangie.jpg","width":600,"height":600,"caption":"Buy White Bentuangie Kratom"},{"@type":"BreadcrumbList","@id":"https:\/\/chemsxpress.com\/product\/buy-white-bentuangie-kratom\/#breadcrumb","itemListElement":[{"@type":"ListItem","position":1,"name":"Home","item":"https:\/\/chemsxpress.com\/"},{"@type":"ListItem","position":2,"name":"Shop","item":"https:\/\/chemsxpress.com\/shop\/"},{"@type":"ListItem","position":3,"name":"White Bentuangie"}]},{"@type":"WebSite","@id":"https:\/\/chemsxpress.com\/#website","url":"https:\/\/chemsxpress.com\/","name":"MDPHP EINKAUFEN","description":"MDPHP freebase von einem zuverl\u00e4ssigen Anbieter kaufen","potentialAction":[{"@type":"SearchAction","target":{"@type":"EntryPoint","urlTemplate":"https:\/\/chemsxpress.com\/?s={search_term_string}"},"query-input":{"@type":"PropertyValueSpecification","valueRequired":true,"valueName":"search_term_string"}}],"inLanguage":"de"}]}},"jetpack_sharing_enabled":true,"_links":{"self":[{"href":"https:\/\/chemsxpress.com\/de\/wp-json\/wp\/v2\/product\/28517","targetHints":{"allow":["GET"]}}],"collection":[{"href":"https:\/\/chemsxpress.com\/de\/wp-json\/wp\/v2\/product"}],"about":[{"href":"https:\/\/chemsxpress.com\/de\/wp-json\/wp\/v2\/types\/product"}],"replies":[{"embeddable":true,"href":"https:\/\/chemsxpress.com\/de\/wp-json\/wp\/v2\/comments?post=28517"}],"version-history":[{"count":3,"href":"https:\/\/chemsxpress.com\/de\/wp-json\/wp\/v2\/product\/28517\/revisions"}],"predecessor-version":[{"id":29760,"href":"https:\/\/chemsxpress.com\/de\/wp-json\/wp\/v2\/product\/28517\/revisions\/29760"}],"wp:featuredmedia":[{"embeddable":true,"href":"https:\/\/chemsxpress.com\/de\/wp-json\/wp\/v2\/media\/28587"}],"wp:attachment":[{"href":"https:\/\/chemsxpress.com\/de\/wp-json\/wp\/v2\/media?parent=28517"}],"wp:term":[{"taxonomy":"product_brand","embeddable":true,"href":"https:\/\/chemsxpress.com\/de\/wp-json\/wp\/v2\/product_brand?post=28517"},{"taxonomy":"product_cat","embeddable":true,"href":"https:\/\/chemsxpress.com\/de\/wp-json\/wp\/v2\/product_cat?post=28517"},{"taxonomy":"product_tag","embeddable":true,"href":"https:\/\/chemsxpress.com\/de\/wp-json\/wp\/v2\/product_tag?post=28517"}],"curies":[{"name":"wp","href":"https:\/\/api.w.org\/{rel}","templated":true}]}}