{"id":28518,"date":"2024-04-29T13:16:53","date_gmt":"2024-04-29T13:16:53","guid":{"rendered":"https:\/\/chemsxpress.com\/?post_type=product&#038;p=28518"},"modified":"2025-05-27T05:45:05","modified_gmt":"2025-05-27T05:45:05","slug":"weises-maluku-kratom-kaufen","status":"publish","type":"product","link":"https:\/\/chemsxpress.com\/de\/produkt\/weises-maluku-kratom-kaufen\/","title":{"rendered":"Wei\u00dfes Maluku"},"content":{"rendered":"<h1>Wei\u00dfes Maluku online kaufen.<\/h1>\n<p>Kaufen Sie White Maluku Online, entdecken Sie die unvergleichliche Qualit\u00e4t von White Maluku Kratom, direkt aus den unber\u00fchrten W\u00e4ldern von Maluku, Indonesien. Bei ChemsXpress haben wir uns verpflichtet, Sie mit erstklassigen Kratom-Sorten zu versorgen, um Ihr Wohlbefinden zu steigern.<\/p>\n<p><strong>Warum ChemsXpress w\u00e4hlen?<\/strong><\/p>\n<ul>\n<li><strong>Erstklassige Qualit\u00e4t:<\/strong> Unser White Maluku Kratom wird sorgf\u00e4ltig von seri\u00f6sen Z\u00fcchtern ausgew\u00e4hlt und strengen Tests unterzogen, um Reinheit und Potenz zu gew\u00e4hrleisten. Du kannst darauf vertrauen, dass Du nur das beste Produkt erh\u00e4ltst.<\/li>\n<li><strong>Schneller Versand:<\/strong> Wir legen Wert auf eine schnelle Lieferung. Ihre Bestellung von White Maluku Kratom wird z\u00fcgig bearbeitet und versandt, so dass sie rechtzeitig bei Ihnen ankommt.<\/li>\n<li><strong>Au\u00dfergew\u00f6hnlicher Kundenservice:<\/strong> Sie haben Fragen oder ben\u00f6tigen Hilfe? Unser freundliches und sachkundiges Kundenservice-Team ist f\u00fcr Sie da und bietet Ihnen die Unterst\u00fctzung, die Sie f\u00fcr ein reibungsloses Einkaufserlebnis ben\u00f6tigen.<\/li>\n<\/ul>\n<p><strong>Erleben Sie den Unterschied: Bestellen Sie White Maluku Kratom heute<\/strong><\/p>\n<p>G\u00f6nnen Sie sich die beruhigende und lindernde Wirkung von White Maluku Kratom von ChemsXpress. Ob Sie Entspannung, Konzentration oder nat\u00fcrliche Energie suchen, unser White Maluku Kratom wird Ihre Erwartungen sicher \u00fcbertreffen.<\/p>\n<p><strong>Werden Sie Mitglied unserer Gemeinschaft<\/strong><\/p>\n<p>Bleiben Sie auf dem Laufenden \u00fcber die neuesten Kratom-Nachrichten, Aktionen und mehr, indem Sie sich f\u00fcr unseren Newsletter anmelden. Treten Sie unserer Gemeinschaft von Kratom-Enthusiasten bei und erfahren Sie als Erster von neuen Produkten und exklusiven Angeboten.<\/p>\n<p><strong>W\u00e4hlen Sie Qualit\u00e4t, w\u00e4hlen Sie ChemsXpress<\/strong><\/p>\n<p>Danke, dass Sie sich f\u00fcr <a href=\"https:\/\/chemsxpress.com\/de\/\">ChemsXpress<\/a> als Ihre vertrauensw\u00fcrdige Quelle f\u00fcr White Maluku Kratom. Mit unserem Engagement f\u00fcr Qualit\u00e4t und Kundenzufriedenheit, k\u00f6nnen Sie mit Zuversicht einkaufen und wissen, dass Sie die beste Kratomerfahrung bekommen.<\/p>","protected":false},"excerpt":{"rendered":"<p><strong>Form: <\/strong>Pulver<\/p>\n<p><strong>NMR-Analyse: <\/strong>K.A.<\/p>","protected":false},"featured_media":28598,"comment_status":"open","ping_status":"closed","template":"","meta":[],"product_brand":[],"product_cat":[81],"product_tag":[],"class_list":{"0":"post-28518","1":"product","2":"type-product","3":"status-publish","4":"has-post-thumbnail","6":"product_cat-kratom","8":"first","9":"instock","10":"shipping-taxable","11":"purchasable","12":"product-type-variable"},"yoast_head":"<!-- This site is optimized with the Yoast SEO Premium plugin v24.1 (Yoast SEO v27.4) - https:\/\/yoast.com\/product\/yoast-seo-premium-wordpress\/ -->\n<title>Buy White Maluku Online: Premium Quality Strains | ChemsXpress<\/title>\n<meta name=\"description\" content=\"Buy White Maluku Online at ChemsXpress. Premium quality strains, fast shipping. Trust our quality assurance for all your kratom needs. Order now\" \/>\n<meta name=\"robots\" content=\"index, follow, max-snippet:-1, max-image-preview:large, max-video-preview:-1\" \/>\n<link rel=\"canonical\" href=\"https:\/\/chemsxpress.com\/de\/produkt\/weises-maluku-kratom-kaufen\/\" \/>\n<meta property=\"og:locale\" content=\"de_DE\" \/>\n<meta property=\"og:type\" content=\"article\" \/>\n<meta property=\"og:title\" content=\"White Maluku\" \/>\n<meta property=\"og:description\" content=\"Buy White Maluku Online at ChemsXpress. Premium quality strains, fast shipping. Trust our quality assurance for all your kratom needs. Order now\" \/>\n<meta property=\"og:url\" content=\"https:\/\/chemsxpress.com\/de\/produkt\/weises-maluku-kratom-kaufen\/\" \/>\n<meta property=\"og:site_name\" content=\"SHOP MDPHP\" \/>\n<meta property=\"article:modified_time\" content=\"2025-05-27T05:45:05+00:00\" \/>\n<meta property=\"og:image\" content=\"https:\/\/chemsxpress.com\/wp-content\/uploads\/2024\/04\/White-Maluku.jpg\" \/>\n\t<meta property=\"og:image:width\" content=\"600\" \/>\n\t<meta property=\"og:image:height\" content=\"600\" \/>\n\t<meta property=\"og:image:type\" content=\"image\/jpeg\" \/>\n<meta name=\"twitter:card\" content=\"summary_large_image\" \/>\n<meta name=\"twitter:label1\" content=\"Gesch\u00e4tzte Lesezeit\" \/>\n\t<meta name=\"twitter:data1\" content=\"2\u00a0Minuten\" \/>\n<script type=\"application\/ld+json\" class=\"yoast-schema-graph\">{\"@context\":\"https:\\\/\\\/schema.org\",\"@graph\":[{\"@type\":\"WebPage\",\"@id\":\"https:\\\/\\\/chemsxpress.com\\\/product\\\/buy-white-maluku-kratom\\\/\",\"url\":\"https:\\\/\\\/chemsxpress.com\\\/product\\\/buy-white-maluku-kratom\\\/\",\"name\":\"Buy White Maluku Online: Premium Quality Strains | ChemsXpress\",\"isPartOf\":{\"@id\":\"https:\\\/\\\/chemsxpress.com\\\/#website\"},\"primaryImageOfPage\":{\"@id\":\"https:\\\/\\\/chemsxpress.com\\\/product\\\/buy-white-maluku-kratom\\\/#primaryimage\"},\"image\":{\"@id\":\"https:\\\/\\\/chemsxpress.com\\\/product\\\/buy-white-maluku-kratom\\\/#primaryimage\"},\"thumbnailUrl\":\"https:\\\/\\\/chemsxpress.com\\\/wp-content\\\/uploads\\\/2024\\\/04\\\/White-Maluku.jpg\",\"datePublished\":\"2024-04-29T13:16:53+00:00\",\"dateModified\":\"2025-05-27T05:45:05+00:00\",\"description\":\"Buy White Maluku Online at ChemsXpress. Premium quality strains, fast shipping. Trust our quality assurance for all your kratom needs. Order now\",\"breadcrumb\":{\"@id\":\"https:\\\/\\\/chemsxpress.com\\\/product\\\/buy-white-maluku-kratom\\\/#breadcrumb\"},\"inLanguage\":\"de\",\"potentialAction\":[{\"@type\":\"ReadAction\",\"target\":[\"https:\\\/\\\/chemsxpress.com\\\/product\\\/buy-white-maluku-kratom\\\/\"]}]},{\"@type\":\"ImageObject\",\"inLanguage\":\"de\",\"@id\":\"https:\\\/\\\/chemsxpress.com\\\/product\\\/buy-white-maluku-kratom\\\/#primaryimage\",\"url\":\"https:\\\/\\\/chemsxpress.com\\\/wp-content\\\/uploads\\\/2024\\\/04\\\/White-Maluku.jpg\",\"contentUrl\":\"https:\\\/\\\/chemsxpress.com\\\/wp-content\\\/uploads\\\/2024\\\/04\\\/White-Maluku.jpg\",\"width\":600,\"height\":600,\"caption\":\"Buy White Maluku Kratom\"},{\"@type\":\"BreadcrumbList\",\"@id\":\"https:\\\/\\\/chemsxpress.com\\\/product\\\/buy-white-maluku-kratom\\\/#breadcrumb\",\"itemListElement\":[{\"@type\":\"ListItem\",\"position\":1,\"name\":\"Home\",\"item\":\"https:\\\/\\\/chemsxpress.com\\\/\"},{\"@type\":\"ListItem\",\"position\":2,\"name\":\"Shop\",\"item\":\"https:\\\/\\\/chemsxpress.com\\\/shop\\\/\"},{\"@type\":\"ListItem\",\"position\":3,\"name\":\"White Maluku\"}]},{\"@type\":\"WebSite\",\"@id\":\"https:\\\/\\\/chemsxpress.com\\\/#website\",\"url\":\"https:\\\/\\\/chemsxpress.com\\\/\",\"name\":\"SHOP MDPHP\",\"description\":\"Buy MDPHP freebase from reliable supplier\",\"potentialAction\":[{\"@type\":\"SearchAction\",\"target\":{\"@type\":\"EntryPoint\",\"urlTemplate\":\"https:\\\/\\\/chemsxpress.com\\\/?s={search_term_string}\"},\"query-input\":{\"@type\":\"PropertyValueSpecification\",\"valueRequired\":true,\"valueName\":\"search_term_string\"}}],\"inLanguage\":\"de\"}]}<\/script>\n<!-- \/ Yoast SEO Premium plugin. -->","yoast_head_json":{"title":"Kaufen Green Philippines Online : Qualit\u00e4t St\u00e4mme | ChemsXpres","description":"Kaufen Sie Green Philippines online bei ChemsXpress. Premium-Qualit\u00e4t St\u00e4mme, schneller Versand. Vertrauen Sie unserer Qualit\u00e4tssicherung f\u00fcr alle Ihre Kratom Bed\u00fcrfnisse. Jetzt bestellen","robots":{"index":"index","follow":"follow","max-snippet":"max-snippet:-1","max-image-preview":"max-image-preview:large","max-video-preview":"max-video-preview:-1"},"canonical":"https:\/\/chemsxpress.com\/de\/produkt\/weises-maluku-kratom-kaufen\/","og_locale":"de_DE","og_type":"article","og_title":"White Maluku","og_description":"Buy White Maluku Online at ChemsXpress. Premium quality strains, fast shipping. Trust our quality assurance for all your kratom needs. Order now","og_url":"https:\/\/chemsxpress.com\/de\/produkt\/weises-maluku-kratom-kaufen\/","og_site_name":"SHOP MDPHP","article_modified_time":"2025-05-27T05:45:05+00:00","og_image":[{"width":600,"height":600,"url":"https:\/\/chemsxpress.com\/wp-content\/uploads\/2024\/04\/White-Maluku.jpg","type":"image\/jpeg"}],"twitter_card":"summary_large_image","twitter_misc":{"Gesch\u00e4tzte Lesezeit":"2\u00a0Minuten"},"schema":{"@context":"https:\/\/schema.org","@graph":[{"@type":"WebPage","@id":"https:\/\/chemsxpress.com\/product\/buy-white-maluku-kratom\/","url":"https:\/\/chemsxpress.com\/product\/buy-white-maluku-kratom\/","name":"Kaufen Green Philippines Online : Qualit\u00e4t St\u00e4mme | ChemsXpres","isPartOf":{"@id":"https:\/\/chemsxpress.com\/#website"},"primaryImageOfPage":{"@id":"https:\/\/chemsxpress.com\/product\/buy-white-maluku-kratom\/#primaryimage"},"image":{"@id":"https:\/\/chemsxpress.com\/product\/buy-white-maluku-kratom\/#primaryimage"},"thumbnailUrl":"https:\/\/chemsxpress.com\/wp-content\/uploads\/2024\/04\/White-Maluku.jpg","datePublished":"2024-04-29T13:16:53+00:00","dateModified":"2025-05-27T05:45:05+00:00","description":"Kaufen Sie Green Philippines online bei ChemsXpress. Premium-Qualit\u00e4t St\u00e4mme, schneller Versand. Vertrauen Sie unserer Qualit\u00e4tssicherung f\u00fcr alle Ihre Kratom Bed\u00fcrfnisse. Jetzt bestellen","breadcrumb":{"@id":"https:\/\/chemsxpress.com\/product\/buy-white-maluku-kratom\/#breadcrumb"},"inLanguage":"de","potentialAction":[{"@type":"ReadAction","target":["https:\/\/chemsxpress.com\/product\/buy-white-maluku-kratom\/"]}]},{"@type":"ImageObject","inLanguage":"de","@id":"https:\/\/chemsxpress.com\/product\/buy-white-maluku-kratom\/#primaryimage","url":"https:\/\/chemsxpress.com\/wp-content\/uploads\/2024\/04\/White-Maluku.jpg","contentUrl":"https:\/\/chemsxpress.com\/wp-content\/uploads\/2024\/04\/White-Maluku.jpg","width":600,"height":600,"caption":"Buy White Maluku Kratom"},{"@type":"BreadcrumbList","@id":"https:\/\/chemsxpress.com\/product\/buy-white-maluku-kratom\/#breadcrumb","itemListElement":[{"@type":"ListItem","position":1,"name":"Home","item":"https:\/\/chemsxpress.com\/"},{"@type":"ListItem","position":2,"name":"Shop","item":"https:\/\/chemsxpress.com\/shop\/"},{"@type":"ListItem","position":3,"name":"White Maluku"}]},{"@type":"WebSite","@id":"https:\/\/chemsxpress.com\/#website","url":"https:\/\/chemsxpress.com\/","name":"MDPHP EINKAUFEN","description":"MDPHP freebase von einem zuverl\u00e4ssigen Anbieter kaufen","potentialAction":[{"@type":"SearchAction","target":{"@type":"EntryPoint","urlTemplate":"https:\/\/chemsxpress.com\/?s={search_term_string}"},"query-input":{"@type":"PropertyValueSpecification","valueRequired":true,"valueName":"search_term_string"}}],"inLanguage":"de"}]}},"jetpack_sharing_enabled":true,"_links":{"self":[{"href":"https:\/\/chemsxpress.com\/de\/wp-json\/wp\/v2\/product\/28518","targetHints":{"allow":["GET"]}}],"collection":[{"href":"https:\/\/chemsxpress.com\/de\/wp-json\/wp\/v2\/product"}],"about":[{"href":"https:\/\/chemsxpress.com\/de\/wp-json\/wp\/v2\/types\/product"}],"replies":[{"embeddable":true,"href":"https:\/\/chemsxpress.com\/de\/wp-json\/wp\/v2\/comments?post=28518"}],"version-history":[{"count":3,"href":"https:\/\/chemsxpress.com\/de\/wp-json\/wp\/v2\/product\/28518\/revisions"}],"predecessor-version":[{"id":29744,"href":"https:\/\/chemsxpress.com\/de\/wp-json\/wp\/v2\/product\/28518\/revisions\/29744"}],"wp:featuredmedia":[{"embeddable":true,"href":"https:\/\/chemsxpress.com\/de\/wp-json\/wp\/v2\/media\/28598"}],"wp:attachment":[{"href":"https:\/\/chemsxpress.com\/de\/wp-json\/wp\/v2\/media?parent=28518"}],"wp:term":[{"taxonomy":"product_brand","embeddable":true,"href":"https:\/\/chemsxpress.com\/de\/wp-json\/wp\/v2\/product_brand?post=28518"},{"taxonomy":"product_cat","embeddable":true,"href":"https:\/\/chemsxpress.com\/de\/wp-json\/wp\/v2\/product_cat?post=28518"},{"taxonomy":"product_tag","embeddable":true,"href":"https:\/\/chemsxpress.com\/de\/wp-json\/wp\/v2\/product_tag?post=28518"}],"curies":[{"name":"wp","href":"https:\/\/api.w.org\/{rel}","templated":true}]}}