{"id":28589,"date":"2024-04-29T13:17:39","date_gmt":"2024-04-29T13:17:39","guid":{"rendered":"https:\/\/chemsxpress.com\/?post_type=product&#038;p=28589"},"modified":"2025-05-24T08:23:40","modified_gmt":"2025-05-24T08:23:40","slug":"emylcamat-online-kaufen","status":"publish","type":"product","link":"https:\/\/chemsxpress.com\/de\/produkt\/emylcamat-online-kaufen\/","title":{"rendered":"Emylcamat"},"content":{"rendered":"<div class=\"row\">\n<h1>Emylcamate online kaufen<\/h1>\n<h6 class=\"col-md-2\"><strong>Reinheit<\/strong><\/h6>\n<h6 class=\"col-md-10\">98%<\/h6>\n<h6 class=\"col-md-10\"><strong>Erscheinungsbild<\/strong><\/h6>\n<\/div>\n<div class=\"col-md-10\">Pulver<\/div>\n<div class=\"row\">\n<h6 class=\"col-md-2\"><strong>Synonyme<\/strong><\/h6>\n<h6 class=\"col-md-10\">Emylcamat; Emilcamato; Emylcamat; Nuncital; Psicoplegil; Restetal; Stratran; Striatan; Striatran; Statran; KABI-925; Kabi-295; tert-Hexylcarbamat; MK-250;1-Ethyl-1-methylpropylcarbamat<\/h6>\n<\/div>\n<div class=\"row\"><\/div>\n<div class=\"row\">\n<div class=\"col-md-10\">\n<p>Kaufen Sie Emylcamate Online Bei ChemsXpress haben wir uns darauf spezialisiert, Forschern den Zugang zu hochwertigen Forschungschemikalien f\u00fcr ihre wissenschaftlichen Untersuchungen zu erm\u00f6glichen. Mit unserem Engagement f\u00fcr Exzellenz und Kundenzufriedenheit sind wir bestrebt, Ihr zuverl\u00e4ssiger Partner bei der F\u00f6rderung wissenschaftlicher Erkenntnisse und Entdeckungen zu sein.<\/p>\n<p><strong>\u00dcber Emylcamate<\/strong><\/p>\n<p>Emylcamat ist ein Beruhigungsmittel und Hypnotikum, das zur Klasse der Carbamate geh\u00f6rt. Es wurde fr\u00fcher als Anxiolytikum und Muskelrelaxans verwendet, ist aber inzwischen in vielen L\u00e4ndern aufgrund von Sicherheitsbedenken nicht mehr f\u00fcr den medizinischen Gebrauch zugelassen. Emylcamat ist nach wie vor von Interesse f\u00fcr Forscher, die seine pharmakologischen Eigenschaften und m\u00f6glichen therapeutischen Anwendungen untersuchen.<\/p>\n<p><strong>Unser Bekenntnis zur Qualit\u00e4t<\/strong><\/p>\n<p>Unter <a href=\"https:\/\/chemsxpress.com\/de\/\">ChemsXpress<\/a>Bei allem, was wir tun, legen wir gr\u00f6\u00dften Wert auf Qualit\u00e4t und Zuverl\u00e4ssigkeit. Unser Emylcamate und andere <a href=\"https:\/\/chemsxpress.com\/de\/produktkategorie\/forschungschemikalien\/\">Forschungschemikalien<\/a> werden strengen Tests und Qualit\u00e4tskontrollma\u00dfnahmen unterzogen, um Reinheit, Wirksamkeit und Konsistenz zu gew\u00e4hrleisten. Wir arbeiten mit vertrauensw\u00fcrdigen Lieferanten zusammen und halten uns an strenge Normen, um Produkte zu liefern, die den h\u00f6chsten wissenschaftlichen Standards entsprechen.<\/p>\n<p><strong>Warum ChemsXpress f\u00fcr Emylcamate w\u00e4hlen?<\/strong><\/p>\n<ul>\n<li><strong>Erstklassige Qualit\u00e4t:<\/strong> Wir sind bestrebt, Forschern Emylcamate und Forschungschemikalien von h\u00f6chster Qualit\u00e4t zu liefern. Unsere Produkte stammen von seri\u00f6sen Lieferanten und werden gr\u00fcndlich getestet, um Reinheit und Wirksamkeit zu gew\u00e4hrleisten.<\/li>\n<li><strong>Schneller Versand:<\/strong> Wir wissen, wie wichtig eine p\u00fcnktliche Lieferung f\u00fcr Forschungsprojekte ist. Deshalb bieten wir schnelle und zuverl\u00e4ssige Versandoptionen an, um sicherzustellen, dass Ihre Bestellung schnell und sicher bei Ihnen ankommt.<\/li>\n<li><strong>Engagierte Unterst\u00fctzung:<\/strong> Unser Team ist f\u00fcr Sie da und unterst\u00fctzt Sie bei jedem Schritt. Ganz gleich, ob Sie Fragen zu Produktspezifikationen, Versanddetails oder Bestellanfragen haben, unsere sachkundigen Mitarbeiter stehen Ihnen umgehend und hilfreich zur Seite.<\/li>\n<\/ul>\n<p><strong>Emylcamate heute bestellen<\/strong><\/p>\n<p>Sind Sie bereit, das Potenzial von Emylcamate f\u00fcr Ihre Forschung zu nutzen? St\u00f6bern Sie in unserem Katalog und geben Sie Ihre Bestellung vertrauensvoll auf. Mit <a href=\"https:\/\/chemsxpress.com\/de\/\">ChemsXpress<\/a> als Ihr zuverl\u00e4ssiger Partner k\u00f6nnen Sie Ihre wissenschaftlichen Untersuchungen mit Sicherheit und Pr\u00e4zision durchf\u00fchren.<\/p>\n<p>Vielen Dank, dass Sie ChemsXpress f\u00fcr Ihren Bedarf an Forschungschemikalien gew\u00e4hlt haben. Wir freuen uns darauf, Sie zu bedienen!<\/p>\n<\/div>\n<\/div>","protected":false},"excerpt":{"rendered":"<p><strong>IUPAC-Name: <\/strong>1-Ethyl-1-methylpropylcarbamat<\/p>\n<p><strong>CAS # <\/strong>78-28-4<\/p>\n<p><strong>Form: <\/strong>Pulver<\/p>","protected":false},"featured_media":28653,"comment_status":"open","ping_status":"closed","template":"","meta":[],"product_brand":[],"product_cat":[82],"product_tag":[],"class_list":{"0":"post-28589","1":"product","2":"type-product","3":"status-publish","4":"has-post-thumbnail","6":"product_cat-others","8":"first","9":"instock","10":"shipping-taxable","11":"purchasable","12":"product-type-variable"},"yoast_head":"<!-- This site is optimized with the Yoast SEO Premium plugin v24.1 (Yoast SEO v27.3) - https:\/\/yoast.com\/product\/yoast-seo-premium-wordpress\/ -->\n<title>&quot;Buy Emylcamate Online: Premium RC&#039;s | ChemsXpress<\/title>\n<meta name=\"description\" content=\"Discover Emylcamate at ChemsXpress. Premium research chemicals, fast shipping. Trust our quality assurance for all your research needs. Order now\" \/>\n<meta name=\"robots\" content=\"index, follow, max-snippet:-1, max-image-preview:large, max-video-preview:-1\" \/>\n<link rel=\"canonical\" href=\"https:\/\/chemsxpress.com\/de\/produkt\/emylcamat-online-kaufen\/\" \/>\n<meta property=\"og:locale\" content=\"de_DE\" \/>\n<meta property=\"og:type\" content=\"article\" \/>\n<meta property=\"og:title\" content=\"Emylcamate\" \/>\n<meta property=\"og:description\" content=\"Discover Emylcamate at ChemsXpress. Premium research chemicals, fast shipping. Trust our quality assurance for all your research needs. Order now\" \/>\n<meta property=\"og:url\" content=\"https:\/\/chemsxpress.com\/de\/produkt\/emylcamat-online-kaufen\/\" \/>\n<meta property=\"og:site_name\" content=\"SHOP MDPHP\" \/>\n<meta property=\"article:modified_time\" content=\"2025-05-24T08:23:40+00:00\" \/>\n<meta property=\"og:image\" content=\"https:\/\/chemsxpress.com\/wp-content\/uploads\/2024\/04\/Emylcamate.jpg\" \/>\n\t<meta property=\"og:image:width\" content=\"600\" \/>\n\t<meta property=\"og:image:height\" content=\"600\" \/>\n\t<meta property=\"og:image:type\" content=\"image\/jpeg\" \/>\n<meta name=\"twitter:card\" content=\"summary_large_image\" \/>\n<meta name=\"twitter:label1\" content=\"Gesch\u00e4tzte Lesezeit\" \/>\n\t<meta name=\"twitter:data1\" content=\"2\u00a0Minuten\" \/>\n<script type=\"application\/ld+json\" class=\"yoast-schema-graph\">{\"@context\":\"https:\\\/\\\/schema.org\",\"@graph\":[{\"@type\":\"WebPage\",\"@id\":\"https:\\\/\\\/chemsxpress.com\\\/product\\\/buy-emylcamate-online\\\/\",\"url\":\"https:\\\/\\\/chemsxpress.com\\\/product\\\/buy-emylcamate-online\\\/\",\"name\":\"\\\"Buy Emylcamate Online: Premium RC's | ChemsXpress\",\"isPartOf\":{\"@id\":\"https:\\\/\\\/chemsxpress.com\\\/#website\"},\"primaryImageOfPage\":{\"@id\":\"https:\\\/\\\/chemsxpress.com\\\/product\\\/buy-emylcamate-online\\\/#primaryimage\"},\"image\":{\"@id\":\"https:\\\/\\\/chemsxpress.com\\\/product\\\/buy-emylcamate-online\\\/#primaryimage\"},\"thumbnailUrl\":\"https:\\\/\\\/chemsxpress.com\\\/wp-content\\\/uploads\\\/2024\\\/04\\\/Emylcamate.jpg\",\"datePublished\":\"2024-04-29T13:17:39+00:00\",\"dateModified\":\"2025-05-24T08:23:40+00:00\",\"description\":\"Discover Emylcamate at ChemsXpress. Premium research chemicals, fast shipping. Trust our quality assurance for all your research needs. Order now\",\"breadcrumb\":{\"@id\":\"https:\\\/\\\/chemsxpress.com\\\/product\\\/buy-emylcamate-online\\\/#breadcrumb\"},\"inLanguage\":\"de\",\"potentialAction\":[{\"@type\":\"ReadAction\",\"target\":[\"https:\\\/\\\/chemsxpress.com\\\/product\\\/buy-emylcamate-online\\\/\"]}]},{\"@type\":\"ImageObject\",\"inLanguage\":\"de\",\"@id\":\"https:\\\/\\\/chemsxpress.com\\\/product\\\/buy-emylcamate-online\\\/#primaryimage\",\"url\":\"https:\\\/\\\/chemsxpress.com\\\/wp-content\\\/uploads\\\/2024\\\/04\\\/Emylcamate.jpg\",\"contentUrl\":\"https:\\\/\\\/chemsxpress.com\\\/wp-content\\\/uploads\\\/2024\\\/04\\\/Emylcamate.jpg\",\"width\":600,\"height\":600,\"caption\":\"Buy Emylcamate Online\"},{\"@type\":\"BreadcrumbList\",\"@id\":\"https:\\\/\\\/chemsxpress.com\\\/product\\\/buy-emylcamate-online\\\/#breadcrumb\",\"itemListElement\":[{\"@type\":\"ListItem\",\"position\":1,\"name\":\"Home\",\"item\":\"https:\\\/\\\/chemsxpress.com\\\/\"},{\"@type\":\"ListItem\",\"position\":2,\"name\":\"Shop\",\"item\":\"https:\\\/\\\/chemsxpress.com\\\/shop\\\/\"},{\"@type\":\"ListItem\",\"position\":3,\"name\":\"Emylcamate\"}]},{\"@type\":\"WebSite\",\"@id\":\"https:\\\/\\\/chemsxpress.com\\\/#website\",\"url\":\"https:\\\/\\\/chemsxpress.com\\\/\",\"name\":\"SHOP MDPHP\",\"description\":\"Buy MDPHP freebase from reliable supplier\",\"potentialAction\":[{\"@type\":\"SearchAction\",\"target\":{\"@type\":\"EntryPoint\",\"urlTemplate\":\"https:\\\/\\\/chemsxpress.com\\\/?s={search_term_string}\"},\"query-input\":{\"@type\":\"PropertyValueSpecification\",\"valueRequired\":true,\"valueName\":\"search_term_string\"}}],\"inLanguage\":\"de\"}]}<\/script>\n<!-- \/ Yoast SEO Premium plugin. -->","yoast_head_json":{"title":"Kaufen Sie Emylcamate online: Premium-RCs | ChemsXpress","description":"Entdecken Sie 4-MPD bei ChemsXpress. Hochwertige Forschungschemikalien, schneller Versand. Vertrauen Sie unserer Qualit\u00e4tssicherung f\u00fcr Ihren gesamten Forschungsbedarf. Jetzt bestellen","robots":{"index":"index","follow":"follow","max-snippet":"max-snippet:-1","max-image-preview":"max-image-preview:large","max-video-preview":"max-video-preview:-1"},"canonical":"https:\/\/chemsxpress.com\/de\/produkt\/emylcamat-online-kaufen\/","og_locale":"de_DE","og_type":"article","og_title":"Emylcamate","og_description":"Discover Emylcamate at ChemsXpress. Premium research chemicals, fast shipping. Trust our quality assurance for all your research needs. Order now","og_url":"https:\/\/chemsxpress.com\/de\/produkt\/emylcamat-online-kaufen\/","og_site_name":"SHOP MDPHP","article_modified_time":"2025-05-24T08:23:40+00:00","og_image":[{"width":600,"height":600,"url":"https:\/\/chemsxpress.com\/wp-content\/uploads\/2024\/04\/Emylcamate.jpg","type":"image\/jpeg"}],"twitter_card":"summary_large_image","twitter_misc":{"Gesch\u00e4tzte Lesezeit":"2\u00a0Minuten"},"schema":{"@context":"https:\/\/schema.org","@graph":[{"@type":"WebPage","@id":"https:\/\/chemsxpress.com\/product\/buy-emylcamate-online\/","url":"https:\/\/chemsxpress.com\/product\/buy-emylcamate-online\/","name":"Kaufen Sie Emylcamate online: Premium-RCs | ChemsXpress","isPartOf":{"@id":"https:\/\/chemsxpress.com\/#website"},"primaryImageOfPage":{"@id":"https:\/\/chemsxpress.com\/product\/buy-emylcamate-online\/#primaryimage"},"image":{"@id":"https:\/\/chemsxpress.com\/product\/buy-emylcamate-online\/#primaryimage"},"thumbnailUrl":"https:\/\/chemsxpress.com\/wp-content\/uploads\/2024\/04\/Emylcamate.jpg","datePublished":"2024-04-29T13:17:39+00:00","dateModified":"2025-05-24T08:23:40+00:00","description":"Entdecken Sie 4-MPD bei ChemsXpress. Hochwertige Forschungschemikalien, schneller Versand. Vertrauen Sie unserer Qualit\u00e4tssicherung f\u00fcr Ihren gesamten Forschungsbedarf. Jetzt bestellen","breadcrumb":{"@id":"https:\/\/chemsxpress.com\/product\/buy-emylcamate-online\/#breadcrumb"},"inLanguage":"de","potentialAction":[{"@type":"ReadAction","target":["https:\/\/chemsxpress.com\/product\/buy-emylcamate-online\/"]}]},{"@type":"ImageObject","inLanguage":"de","@id":"https:\/\/chemsxpress.com\/product\/buy-emylcamate-online\/#primaryimage","url":"https:\/\/chemsxpress.com\/wp-content\/uploads\/2024\/04\/Emylcamate.jpg","contentUrl":"https:\/\/chemsxpress.com\/wp-content\/uploads\/2024\/04\/Emylcamate.jpg","width":600,"height":600,"caption":"Buy Emylcamate Online"},{"@type":"BreadcrumbList","@id":"https:\/\/chemsxpress.com\/product\/buy-emylcamate-online\/#breadcrumb","itemListElement":[{"@type":"ListItem","position":1,"name":"Home","item":"https:\/\/chemsxpress.com\/"},{"@type":"ListItem","position":2,"name":"Shop","item":"https:\/\/chemsxpress.com\/shop\/"},{"@type":"ListItem","position":3,"name":"Emylcamate"}]},{"@type":"WebSite","@id":"https:\/\/chemsxpress.com\/#website","url":"https:\/\/chemsxpress.com\/","name":"MDPHP EINKAUFEN","description":"MDPHP freebase von einem zuverl\u00e4ssigen Anbieter kaufen","potentialAction":[{"@type":"SearchAction","target":{"@type":"EntryPoint","urlTemplate":"https:\/\/chemsxpress.com\/?s={search_term_string}"},"query-input":{"@type":"PropertyValueSpecification","valueRequired":true,"valueName":"search_term_string"}}],"inLanguage":"de"}]}},"jetpack_sharing_enabled":true,"_links":{"self":[{"href":"https:\/\/chemsxpress.com\/de\/wp-json\/wp\/v2\/product\/28589","targetHints":{"allow":["GET"]}}],"collection":[{"href":"https:\/\/chemsxpress.com\/de\/wp-json\/wp\/v2\/product"}],"about":[{"href":"https:\/\/chemsxpress.com\/de\/wp-json\/wp\/v2\/types\/product"}],"replies":[{"embeddable":true,"href":"https:\/\/chemsxpress.com\/de\/wp-json\/wp\/v2\/comments?post=28589"}],"version-history":[{"count":4,"href":"https:\/\/chemsxpress.com\/de\/wp-json\/wp\/v2\/product\/28589\/revisions"}],"predecessor-version":[{"id":30042,"href":"https:\/\/chemsxpress.com\/de\/wp-json\/wp\/v2\/product\/28589\/revisions\/30042"}],"wp:featuredmedia":[{"embeddable":true,"href":"https:\/\/chemsxpress.com\/de\/wp-json\/wp\/v2\/media\/28653"}],"wp:attachment":[{"href":"https:\/\/chemsxpress.com\/de\/wp-json\/wp\/v2\/media?parent=28589"}],"wp:term":[{"taxonomy":"product_brand","embeddable":true,"href":"https:\/\/chemsxpress.com\/de\/wp-json\/wp\/v2\/product_brand?post=28589"},{"taxonomy":"product_cat","embeddable":true,"href":"https:\/\/chemsxpress.com\/de\/wp-json\/wp\/v2\/product_cat?post=28589"},{"taxonomy":"product_tag","embeddable":true,"href":"https:\/\/chemsxpress.com\/de\/wp-json\/wp\/v2\/product_tag?post=28589"}],"curies":[{"name":"wp","href":"https:\/\/api.w.org\/{rel}","templated":true}]}}