{"id":28593,"date":"2024-04-29T13:17:39","date_gmt":"2024-04-29T13:17:39","guid":{"rendered":"https:\/\/chemsxpress.com\/?post_type=product&#038;p=28593"},"modified":"2026-02-01T22:29:39","modified_gmt":"2026-02-01T22:29:39","slug":"o-dsmt-hcl-kaufen","status":"publish","type":"product","link":"https:\/\/chemsxpress.com\/de\/produkt\/o-dsmt-hcl-kaufen\/","title":{"rendered":"O-DSMT HCL"},"content":{"rendered":"<h1>O-DSMT HCL kaufen<\/h1>\n<h2><strong>Allgemeine Informationen \u00fcber O-DSMT HCL<\/strong><\/h2>\n<p>O-DSMT HCL kaufen, O-Desmethyltramadolhydrochlorid (O-DSMT HCl) ist eine Forschungschemikalie, die strukturell mit Tramadol verwandt ist. Sie ist auch unter anderen Namen bekannt, wie z. B. Desmetramadol oder O-DSMT. O-DSMT ist ein Metabolit von Tramadol.<\/p>\n<p><strong>O-DSMT-Pulver\u00a0<\/strong>ist auf seine spezifischen Eigenschaften hin untersucht worden und hat nachweislich \u00e4hnliche Wirkungen wie Tramadol. Es wirkt grunds\u00e4tzlich als mu-Opioid-Rezeptor-Agonist, der die mu-Opioid-Rezeptoren bindet und aktiviert.<\/p>\n<p>Als Forschungschemikalie<strong>O-DSMT HCl<\/strong>\u00a0kann bei spezialisierten Anbietern oder Lieferanten erworben werden, die sich an die Forschungsgemeinschaft wenden. Forscher k\u00f6nnten es verwenden, um seine pharmakologischen Eigenschaften zu untersuchen, seine Wirkungen zu analysieren oder seine m\u00f6glichen Anwendungen in verschiedenen Bereichen zu erforschen.<\/p>\n<p>Es muss darauf hingewiesen werden, dass die besonderen pharmakologischen Eigenschaften und Mechanismen von O-DSMT noch erforscht werden und dass weitere Forschung erforderlich ist, um seine Wirkungen und potenziellen Auswirkungen vollst\u00e4ndig zu verstehen. Au\u00dferdem k\u00f6nnen die Pharmakokinetik, der Stoffwechsel und das Sicherheitsprofil von O-DSMT von Studie zu Studie variieren.<\/p>\n<h3><strong>Chemische Zusammensetzung von O-DSMT HCL<\/strong><\/h3>\n<p>Die chemische Zusammensetzung von O-Desmethyltramadolhydrochlorid (O-DSMT HCl) ist wie folgt:<\/p>\n<p>&nbsp;<\/p>\n<ol>\n<li>O-Desmethyltramadol (O-DSMT): Der prim\u00e4re Wirkstoff von O-DSMT HCl ist O-Desmethyltramadol, der wichtigste Metabolit von Tramadol. O-DSMT ist strukturell mit Tramadol verwandt, ihm fehlt jedoch die N-Methylgruppe der Ausgangsverbindung.<\/li>\n<\/ol>\n<p>&nbsp;<\/p>\n<ol start=\"2\">\n<li>Hydrochlorid (HCl): O-DSMT wird \u00fcblicherweise als Hydrochlorid-Salz, bekannt als O-DSMT HCl, verabreicht. Die Zugabe von Hydrochlorid zu O-DSMT verbessert seine Stabilit\u00e4t und L\u00f6slichkeit und macht es f\u00fcr die Forschung geeignet.<\/li>\n<\/ol>\n<p>&nbsp;<\/p>\n<p>Die chemische Struktur von O-Desmethyltramadol (O-DSMT) \u00e4hnelt der von Tramadol, allerdings fehlt ihm die N-Methylgruppe. Es kann dargestellt werden als:<\/p>\n<p>&nbsp;<\/p>\n<p>O-Desmethyltramadol (O-DSMT):<\/p>\n<p><strong>Chemische Formel<\/strong>: C15H23NO2<\/p>\n<p>Diese Formel besagt, dass O-DSMT HCL aus f\u00fcnfzehn Kohlenstoffatomen (C15), dreiundzwanzig Wasserstoffatomen (H23), einem Stickstoffatom (N) und zwei Sauerstoffatomen (O2) besteht.<\/p>\n<p>Molekulargewicht: Ungef\u00e4hr 249,35 g\/mol<\/p>\n<p>Molekulargewicht: Variiert (Das Gewicht des HCl-Anteils wird zum Gewicht von O-DSMT addiert, um O-DSMT HCl zu bilden)<\/p>\n<p>&nbsp;<\/p>\n<p>&nbsp;<\/p>\n<h3><strong>Hochwertiges O-DSMT HCL kaufen.<\/strong><\/h3>\n<p><strong>ChemsXpress <\/strong>verf\u00fcgt \u00fcber eine langj\u00e4hrige Erfahrung in der Entwicklung von Forschungschemikalien, die es uns erm\u00f6glicht, die beste Qualit\u00e4t dieser Forschungschemikalien zu garantieren.\u00a0<strong>O-DSMT HCL kaufen<\/strong>\u00a0ist einfach und hat Spitzenqualit\u00e4t. Die Kosten von O-DSMT HCL sind niedriger als bei anderen Organisationen. Forschungschemikalien, einschlie\u00dflich O-DSMT HCL, erf\u00fcllen alle Sicherheitsanforderungen. Die synthetischen Forschungssubstanzen werden sorgf\u00e4ltig verteilt und an einem k\u00fchlen, trockenen Ort gelagert.<\/p>\n<p>.<\/p>\n<p>Alle Chemikalien werden konsequent auf Qualit\u00e4t, Sicherheit und Reinheit gepr\u00fcft. Bewahren Sie O-DSMT HCL bei Raumtemperatur auf. Es ist sozusagen f\u00fcr Forschungszwecke bestimmt.<\/p>\n<p>Unsere Artikel haben einen fairen Preis, und Sie k\u00f6nnen O-DSMT HCL Forschungssubstanz online zu au\u00dfergew\u00f6hnlich bescheidenen Preisen kaufen<strong>.<\/strong><\/p>\n<p>&nbsp;<\/p>\n<h3><strong>Laboruntersuchung von O-DSMT HCL mit Ergebnissen.<\/strong><\/h3>\n<p>Remakes bem\u00fcht sich um die allgemeine Erf\u00fcllung der Kundenw\u00fcnsche. Verschiedene Untersuchungen haben gezeigt, dass Kunden vor dem Kauf von synthetischen Forschungschemikalien so viele Daten wie erwartet anfordern. Dar\u00fcber hinaus ver\u00f6ffentlichen wir alle Laborergebnisse zu jeder Pr\u00fcfsubstanz in einem PDF-Dokument.<\/p>\n<p>Unser\u00a0<strong>O-DSMT HCL\u00a0<\/strong>trifft konsequent auf die Wirkstoffe und kann von jedem gesehen werden.<\/p>\n<p>Wir verteilen alle Laborergebnisse zu jeder Forschungschemikalie auf einem PDF-Dokument.<\/p>\n<p>&nbsp;<\/p>\n<h3><strong>Sicher bestellen bei O-DSMT Pulver.<\/strong><\/h3>\n<p>Die Designer-Forschungschemikalien von Chems Xpress sind von ausgezeichneter Qualit\u00e4t und haben einen fairen Preis. Wenn Sie also Ihre <a href=\"https:\/\/chemsxpress.com\/de\/produktkategorie\/forschungschemikalien\/\">Forschungschemikalien<\/a> bei ChemsXpress garantieren wir, dass wir Ihre Anfrage schnell und sicher an Ihr Forschungslabor weiterleiten, denn der Verkauf von Forschungschemikalien ist bei Chems Xpress immer verf\u00fcgbar.<\/p>\n<p>Die Anforderung von synthetischen Forschungssubstanzen mit Bitcoin oder Bank\u00fcberweisung ist bei Panacea Chems ganz einfach.<\/p>\n<p>Wir versenden Forschungschemikalien noch am selben Werktag, wenn die Zahlung vor 15:00 Uhr MESZ eingeht.<\/p>\n<p>Wir liefern keine Artikel an Personen unter 18 Jahren!<\/p>\n<p><strong>O-DSMT zu verkaufen<\/strong>\u00a0ist nur f\u00fcr Forschungszwecke gedacht.<\/p>\n<p>&nbsp;<\/p>\n<h3><strong>Diskreter Versand von Forschungschemikalien.<\/strong><\/h3>\n<p>Panacea Chems verpackt Ihre Bestellung sicher und gesch\u00fctzt, um einen ordnungsgem\u00e4\u00dfen Transport zu gew\u00e4hrleisten. Dar\u00fcber hinaus verpacken wir mit perfekter Tarnung, und kein Zeichen von dem, was drin sein k\u00f6nnte, wird auf der Au\u00dfenseite gezeigt werden.<\/p>","protected":false},"excerpt":{"rendered":"<p><strong>IUPAC-Name: <\/strong>3-(2-((Dimethylamino)methyl)-1-hydroxycyclohexyl)phenol<\/p>\n<p><strong>CAS # <\/strong>80456-81-1<\/p>\n<p><strong>Anderer Name: <\/strong>O-Desmethyltramadol<\/p>\n<p><strong>Erscheinungsbild: <\/strong>Pulver<\/p>\n<p><strong>NMR-Analyse: <\/strong>C15H23NO2<\/p>","protected":false},"featured_media":28676,"comment_status":"open","ping_status":"closed","template":"","meta":[],"product_brand":[],"product_cat":[82],"product_tag":[],"class_list":{"0":"post-28593","1":"product","2":"type-product","3":"status-publish","4":"has-post-thumbnail","6":"product_cat-others","8":"first","9":"instock","10":"shipping-taxable","11":"purchasable","12":"product-type-variable"},"yoast_head":"<!-- This site is optimized with the Yoast SEO Premium plugin v24.1 (Yoast SEO v27.4) - https:\/\/yoast.com\/product\/yoast-seo-premium-wordpress\/ -->\n<title>Buy O-DSMT HCL Online: Premium Quality RC&#039;s at ChemsXpress<\/title>\n<meta name=\"description\" content=\"Discover O-DSMT HCL at ChemsXpress. Premium research chemicals, fast shipping. Trust our quality assurance for all your research needs. Order now\" \/>\n<meta name=\"robots\" content=\"index, follow, max-snippet:-1, max-image-preview:large, max-video-preview:-1\" \/>\n<link rel=\"canonical\" href=\"https:\/\/chemsxpress.com\/de\/produkt\/o-dsmt-hcl-kaufen\/\" \/>\n<meta property=\"og:locale\" content=\"de_DE\" \/>\n<meta property=\"og:type\" content=\"article\" \/>\n<meta property=\"og:title\" content=\"O-DSMT HCL\" \/>\n<meta property=\"og:description\" content=\"Discover O-DSMT HCL at ChemsXpress. Premium research chemicals, fast shipping. Trust our quality assurance for all your research needs. Order now\" \/>\n<meta property=\"og:url\" content=\"https:\/\/chemsxpress.com\/de\/produkt\/o-dsmt-hcl-kaufen\/\" \/>\n<meta property=\"og:site_name\" content=\"SHOP MDPHP\" \/>\n<meta property=\"article:modified_time\" content=\"2026-02-01T22:29:39+00:00\" \/>\n<meta property=\"og:image\" content=\"https:\/\/chemsxpress.com\/wp-content\/uploads\/2024\/04\/O-DSMT-HCL.jpg\" \/>\n\t<meta property=\"og:image:width\" content=\"600\" \/>\n\t<meta property=\"og:image:height\" content=\"600\" \/>\n\t<meta property=\"og:image:type\" content=\"image\/jpeg\" \/>\n<meta name=\"twitter:card\" content=\"summary_large_image\" \/>\n<meta name=\"twitter:label1\" content=\"Gesch\u00e4tzte Lesezeit\" \/>\n\t<meta name=\"twitter:data1\" content=\"3\u00a0Minuten\" \/>\n<script type=\"application\/ld+json\" class=\"yoast-schema-graph\">{\"@context\":\"https:\\\/\\\/schema.org\",\"@graph\":[{\"@type\":\"WebPage\",\"@id\":\"https:\\\/\\\/chemsxpress.com\\\/product\\\/buy-o-dsmt-hcl\\\/\",\"url\":\"https:\\\/\\\/chemsxpress.com\\\/product\\\/buy-o-dsmt-hcl\\\/\",\"name\":\"Buy O-DSMT HCL Online: Premium Quality RC's at ChemsXpress\",\"isPartOf\":{\"@id\":\"https:\\\/\\\/chemsxpress.com\\\/#website\"},\"primaryImageOfPage\":{\"@id\":\"https:\\\/\\\/chemsxpress.com\\\/product\\\/buy-o-dsmt-hcl\\\/#primaryimage\"},\"image\":{\"@id\":\"https:\\\/\\\/chemsxpress.com\\\/product\\\/buy-o-dsmt-hcl\\\/#primaryimage\"},\"thumbnailUrl\":\"https:\\\/\\\/chemsxpress.com\\\/wp-content\\\/uploads\\\/2024\\\/04\\\/O-DSMT-HCL.jpg\",\"datePublished\":\"2024-04-29T13:17:39+00:00\",\"dateModified\":\"2026-02-01T22:29:39+00:00\",\"description\":\"Discover O-DSMT HCL at ChemsXpress. Premium research chemicals, fast shipping. Trust our quality assurance for all your research needs. Order now\",\"breadcrumb\":{\"@id\":\"https:\\\/\\\/chemsxpress.com\\\/product\\\/buy-o-dsmt-hcl\\\/#breadcrumb\"},\"inLanguage\":\"de\",\"potentialAction\":[{\"@type\":\"ReadAction\",\"target\":[\"https:\\\/\\\/chemsxpress.com\\\/product\\\/buy-o-dsmt-hcl\\\/\"]}]},{\"@type\":\"ImageObject\",\"inLanguage\":\"de\",\"@id\":\"https:\\\/\\\/chemsxpress.com\\\/product\\\/buy-o-dsmt-hcl\\\/#primaryimage\",\"url\":\"https:\\\/\\\/chemsxpress.com\\\/wp-content\\\/uploads\\\/2024\\\/04\\\/O-DSMT-HCL.jpg\",\"contentUrl\":\"https:\\\/\\\/chemsxpress.com\\\/wp-content\\\/uploads\\\/2024\\\/04\\\/O-DSMT-HCL.jpg\",\"width\":600,\"height\":600,\"caption\":\"Buy O-DSMT HCL\"},{\"@type\":\"BreadcrumbList\",\"@id\":\"https:\\\/\\\/chemsxpress.com\\\/product\\\/buy-o-dsmt-hcl\\\/#breadcrumb\",\"itemListElement\":[{\"@type\":\"ListItem\",\"position\":1,\"name\":\"Home\",\"item\":\"https:\\\/\\\/chemsxpress.com\\\/\"},{\"@type\":\"ListItem\",\"position\":2,\"name\":\"Shop\",\"item\":\"https:\\\/\\\/chemsxpress.com\\\/shop\\\/\"},{\"@type\":\"ListItem\",\"position\":3,\"name\":\"O-DSMT HCL\"}]},{\"@type\":\"WebSite\",\"@id\":\"https:\\\/\\\/chemsxpress.com\\\/#website\",\"url\":\"https:\\\/\\\/chemsxpress.com\\\/\",\"name\":\"SHOP MDPHP\",\"description\":\"Buy MDPHP freebase from reliable supplier\",\"potentialAction\":[{\"@type\":\"SearchAction\",\"target\":{\"@type\":\"EntryPoint\",\"urlTemplate\":\"https:\\\/\\\/chemsxpress.com\\\/?s={search_term_string}\"},\"query-input\":{\"@type\":\"PropertyValueSpecification\",\"valueRequired\":true,\"valueName\":\"search_term_string\"}}],\"inLanguage\":\"de\"}]}<\/script>\n<!-- \/ Yoast SEO Premium plugin. -->","yoast_head_json":{"title":"Kaufen Sie O-DSMT HCL online: RCs in Premiumqualit\u00e4t bei ChemsXpress","description":"Entdecken Sie 4-MPD bei ChemsXpress. Hochwertige Forschungschemikalien, schneller Versand. Vertrauen Sie unserer Qualit\u00e4tssicherung f\u00fcr Ihren gesamten Forschungsbedarf. Jetzt bestellen","robots":{"index":"index","follow":"follow","max-snippet":"max-snippet:-1","max-image-preview":"max-image-preview:large","max-video-preview":"max-video-preview:-1"},"canonical":"https:\/\/chemsxpress.com\/de\/produkt\/o-dsmt-hcl-kaufen\/","og_locale":"de_DE","og_type":"article","og_title":"O-DSMT HCL","og_description":"Discover O-DSMT HCL at ChemsXpress. Premium research chemicals, fast shipping. Trust our quality assurance for all your research needs. Order now","og_url":"https:\/\/chemsxpress.com\/de\/produkt\/o-dsmt-hcl-kaufen\/","og_site_name":"SHOP MDPHP","article_modified_time":"2026-02-01T22:29:39+00:00","og_image":[{"width":600,"height":600,"url":"https:\/\/chemsxpress.com\/wp-content\/uploads\/2024\/04\/O-DSMT-HCL.jpg","type":"image\/jpeg"}],"twitter_card":"summary_large_image","twitter_misc":{"Gesch\u00e4tzte Lesezeit":"3\u00a0Minuten"},"schema":{"@context":"https:\/\/schema.org","@graph":[{"@type":"WebPage","@id":"https:\/\/chemsxpress.com\/product\/buy-o-dsmt-hcl\/","url":"https:\/\/chemsxpress.com\/product\/buy-o-dsmt-hcl\/","name":"Kaufen Sie O-DSMT HCL online: RCs in Premiumqualit\u00e4t bei ChemsXpress","isPartOf":{"@id":"https:\/\/chemsxpress.com\/#website"},"primaryImageOfPage":{"@id":"https:\/\/chemsxpress.com\/product\/buy-o-dsmt-hcl\/#primaryimage"},"image":{"@id":"https:\/\/chemsxpress.com\/product\/buy-o-dsmt-hcl\/#primaryimage"},"thumbnailUrl":"https:\/\/chemsxpress.com\/wp-content\/uploads\/2024\/04\/O-DSMT-HCL.jpg","datePublished":"2024-04-29T13:17:39+00:00","dateModified":"2026-02-01T22:29:39+00:00","description":"Entdecken Sie 4-MPD bei ChemsXpress. Hochwertige Forschungschemikalien, schneller Versand. Vertrauen Sie unserer Qualit\u00e4tssicherung f\u00fcr Ihren gesamten Forschungsbedarf. Jetzt bestellen","breadcrumb":{"@id":"https:\/\/chemsxpress.com\/product\/buy-o-dsmt-hcl\/#breadcrumb"},"inLanguage":"de","potentialAction":[{"@type":"ReadAction","target":["https:\/\/chemsxpress.com\/product\/buy-o-dsmt-hcl\/"]}]},{"@type":"ImageObject","inLanguage":"de","@id":"https:\/\/chemsxpress.com\/product\/buy-o-dsmt-hcl\/#primaryimage","url":"https:\/\/chemsxpress.com\/wp-content\/uploads\/2024\/04\/O-DSMT-HCL.jpg","contentUrl":"https:\/\/chemsxpress.com\/wp-content\/uploads\/2024\/04\/O-DSMT-HCL.jpg","width":600,"height":600,"caption":"Buy O-DSMT HCL"},{"@type":"BreadcrumbList","@id":"https:\/\/chemsxpress.com\/product\/buy-o-dsmt-hcl\/#breadcrumb","itemListElement":[{"@type":"ListItem","position":1,"name":"Home","item":"https:\/\/chemsxpress.com\/"},{"@type":"ListItem","position":2,"name":"Shop","item":"https:\/\/chemsxpress.com\/shop\/"},{"@type":"ListItem","position":3,"name":"O-DSMT HCL"}]},{"@type":"WebSite","@id":"https:\/\/chemsxpress.com\/#website","url":"https:\/\/chemsxpress.com\/","name":"MDPHP EINKAUFEN","description":"MDPHP freebase von einem zuverl\u00e4ssigen Anbieter kaufen","potentialAction":[{"@type":"SearchAction","target":{"@type":"EntryPoint","urlTemplate":"https:\/\/chemsxpress.com\/?s={search_term_string}"},"query-input":{"@type":"PropertyValueSpecification","valueRequired":true,"valueName":"search_term_string"}}],"inLanguage":"de"}]}},"jetpack_sharing_enabled":true,"_links":{"self":[{"href":"https:\/\/chemsxpress.com\/de\/wp-json\/wp\/v2\/product\/28593","targetHints":{"allow":["GET"]}}],"collection":[{"href":"https:\/\/chemsxpress.com\/de\/wp-json\/wp\/v2\/product"}],"about":[{"href":"https:\/\/chemsxpress.com\/de\/wp-json\/wp\/v2\/types\/product"}],"replies":[{"embeddable":true,"href":"https:\/\/chemsxpress.com\/de\/wp-json\/wp\/v2\/comments?post=28593"}],"version-history":[{"count":4,"href":"https:\/\/chemsxpress.com\/de\/wp-json\/wp\/v2\/product\/28593\/revisions"}],"predecessor-version":[{"id":30045,"href":"https:\/\/chemsxpress.com\/de\/wp-json\/wp\/v2\/product\/28593\/revisions\/30045"}],"wp:featuredmedia":[{"embeddable":true,"href":"https:\/\/chemsxpress.com\/de\/wp-json\/wp\/v2\/media\/28676"}],"wp:attachment":[{"href":"https:\/\/chemsxpress.com\/de\/wp-json\/wp\/v2\/media?parent=28593"}],"wp:term":[{"taxonomy":"product_brand","embeddable":true,"href":"https:\/\/chemsxpress.com\/de\/wp-json\/wp\/v2\/product_brand?post=28593"},{"taxonomy":"product_cat","embeddable":true,"href":"https:\/\/chemsxpress.com\/de\/wp-json\/wp\/v2\/product_cat?post=28593"},{"taxonomy":"product_tag","embeddable":true,"href":"https:\/\/chemsxpress.com\/de\/wp-json\/wp\/v2\/product_tag?post=28593"}],"curies":[{"name":"wp","href":"https:\/\/api.w.org\/{rel}","templated":true}]}}