{"id":28595,"date":"2024-04-29T13:17:39","date_gmt":"2024-04-29T13:17:39","guid":{"rendered":"https:\/\/chemsxpress.com\/?post_type=product&#038;p=28595"},"modified":"2025-05-24T22:45:31","modified_gmt":"2025-05-24T22:45:31","slug":"gidazepam-pellets-kaufen","status":"publish","type":"product","link":"https:\/\/chemsxpress.com\/de\/produkt\/gidazepam-pellets-kaufen\/","title":{"rendered":"Gidazepam-K\u00fcgelchen 3mg"},"content":{"rendered":"<h1>Gidazepam-K\u00fcgelchen kaufen<br \/>\n<strong>Allgemeine Informationen Gidazepam \u00a0<\/strong><\/h1>\n<p>Buy Gidazepam pellets, Gidazepam, auch Hydazepam oder Hidazepam genannt, ist eine Forschungschemikalie, die ein anormales Benzodiazepin ist, das in der Sowjetunion entwickelt wurde. Es handelt sich um ein spezifisch anxiolytisches Benzodiazepin. Es hat ebenfalls hilfreichen Wert in der Verwaltung von bestimmten kardiovaskul\u00e4ren Problemen, die wiederum f\u00fcr die Behandlung von Energie verwendet werden k\u00f6nnen.<\/p>\n<p>Gidazepam ist eine Vorl\u00e4uferchemikalie f\u00fcr seinen dynamischen Metaboliten 7-Bromo-5-phenyl-1,2-dihydro-3H-1,4-benzodiazepin-2-on (Desalkylgidazepam oder Bromo-nordazepam). Es wird als Anti-Angstmittel verwendet <a href=\"https:\/\/chemsxpress.com\/de\/produktkategorie\/forschungschemikalien\/\">Forschungschemikalie<\/a>. Der aktive Metabolit sorgt im Wesentlichen f\u00fcr die anxiolytischen Wirkungen, und die Halbwertszeit von Gidazepam geh\u00f6rt zu den l\u00e4ngsten aller GABA-ergen Agonisten. Ein Beruhigungsmittel f\u00fcr den Tag aus der Reihe der Benzodiazepine.<\/p>\n<h3><strong>Chemische Zusammensetzung von Gidazepam<\/strong><\/h3>\n<p>Gidazepam ist eine Vorl\u00e4uferchemikalie f\u00fcr seinen dynamischen Metaboliten 7-Bromo-5-phenyl-1,2-dihydro-3H-1,4-benzodiazepin-2-on (Desalkylgidazepam oder Bromo-nordazepam).<\/p>\n<p>Seine chemische Gleichung lautet C<sub>17<\/sub>H<sub>15<\/sub>BrN<sub>4<\/sub>O<sub>2,\u00a0<\/sub>und seine molare Masse betr\u00e4gt 387,2 g-mol-1.<\/p>\n<p>&nbsp;<\/p>\n<h3><strong>Pharmakologie von Gidazepam<\/strong><\/h3>\n<p>Es hat eine aktivierende Wirkung und eine entspannende Substanz. Gidazepam wird zur Behandlung oder Bek\u00e4mpfung von Herz-Kreislauf-Arrhythmusst\u00f6rungen eingesetzt. Es kann die Polarisations-Repolarisations-Periode des Aktivit\u00e4tspotentials, seine Empfindlichkeit oder Widerspenstigkeit, die Reizleitung oder die Reaktionsf\u00e4higkeit der Schichten in den kardiovaskul\u00e4ren Fasern beeinflussen.<\/p>\n<p>Antiarrhythmika werden h\u00e4ufig nach ihrer Wirkungskomponente in vier Hauptgruppen eingeteilt: Natriumkanalsperre, beta-adrenerge Sperre, Repolarisationsverl\u00e4ngerung oder Kalziumkanalblockade.<\/p>\n<h3><strong>Gidazepam-K\u00fcgelchen kaufen<\/strong><\/h3>\n<p>TRRCSHOP verf\u00fcgt \u00fcber langj\u00e4hrige Erfahrung im Bereich der Entwicklung von Forschungschemikalien und kann so die h\u00f6chste Qualit\u00e4t dieser Forschungschemikalien gew\u00e4hrleisten. Das Forschungschemie-Team verkauft Gidazepam und <a href=\"https:\/\/chemsxpress.com\/de\/produkt\/bromazolam-online-kaufen\/\">3mg-K\u00fcgelchen<\/a>. Die Forschungschemikalien, einschlie\u00dflich Gidazepams, erf\u00fcllen alle Sicherheitsanforderungen. Forschungschemikalien werden sorgf\u00e4ltig verteilt und an einem k\u00fchlen, trockenen Ort gelagert.<\/p>\n<p>Alle Produkte werden regelm\u00e4\u00dfig auf Qualit\u00e4t, Reinheit und Sicherheit gepr\u00fcft. Bewahren Sie Gidazepam immer bei Raumtemperatur und au\u00dferhalb der Reichweite von Kindern und Haustieren auf. Unser Gidazepam ist nicht f\u00fcr den pers\u00f6nlichen Gebrauch bestimmt. Es ist nur f\u00fcr Forschungszwecke bestimmt.<\/p>\n<p>Bei der Erforschung dieser Forschungschemikalie darf sie nicht mit Alkohol oder Forschungschemikalien vermischt werden!<\/p>\n<p>Alle unsere Produkte haben einen fairen Preis!<\/p>\n<h3><strong>Laboruntersuchung von Gidazepam mit Ergebnissen.<\/strong><\/h3>\n<p>Remakes bem\u00fcht sich um die allgemeine Erf\u00fcllung der Kundenw\u00fcnsche. Verschiedene Untersuchungen haben gezeigt, dass Kunden vor dem Kauf von synthetischen Forschungschemikalien so viele Daten wie erwartet anfordern. Dar\u00fcber hinaus ver\u00f6ffentlichen wir alle Laborergebnisse zu jeder Pr\u00fcfsubstanz in einem PDF-Dokument.<\/p>\n<p>Unser Gidazepam entspricht durchg\u00e4ngig den Wirkstoffen und ist f\u00fcr jedermann ohne Weiteres einsehbar.<\/p>\n<p>Wir verteilen alle Laborergebnisse zu jeder Forschungschemikalie auf einem PDF-Dokument.<\/p>\n<h3><strong>Sicher bestellen bei Gidazepam.<\/strong><\/h3>\n<p>TRRCSHOP Designer-Forschungschemikalien sind von hervorragender Qualit\u00e4t und haben einen fairen Preis. Deshalb, zu dem Zeitpunkt, wenn Sie Ihre Anfrage\u00a0<strong>Gidazepam\u00a0<\/strong>unter <a href=\"https:\/\/chemsxpress.com\/de\/\">ChemsXpress<\/a> garantieren wir Ihnen, dass wir Ihr Anliegen schnell und sicher zu Ihnen nach Hause bringen.<\/p>\n<p>Im TRRCSHOP k\u00f6nnen Sie synthetische Forschungssubstanzen ganz einfach mit Bitcoin oder per Bank\u00fcberweisung bestellen.<\/p>\n<p>Wir versenden Gidazepam noch am selben Werktag, wenn die Zahlung vor 14:00 Uhr MESZ eingegangen ist. Wir versenden normalerweise nicht am Samstag, Sonntag oder an nationalen\/internationalen Feiertagen<strong>.<\/strong><\/p>\n<h3><strong>Diskreter Versand von Forschungschemikalien.<\/strong><\/h3>\n<p>Auch wenn Designer-Forschungschemikalien online legal zug\u00e4nglich sind, haben wir bei<a href=\"https:\/\/chemsxpress.com\/de\/\"> ChemsXpress<\/a> liefern sehr sicher und preiswert. Wir packen mit sehr guter Tarnung und kein Zeichen von dem, was drin sein k\u00f6nnte, wird auf der Au\u00dfenseite gezeigt werden.<\/p>\n<p>Wir senden Bestellungen \u00fcber 500 Euro mit Track and Follow, so dass Sie Ihr Paket schrittweise verfolgen k\u00f6nnen. Wir senden Bestellungen \u00fcber 500 Euro mit dem kostenlosen Track.<\/p>\n<p>Wir liefern keine Artikel an Personen unter 18 Jahren!<\/p>\n<h3><strong>Vorsichtsma\u00dfnahmen<\/strong><\/h3>\n<ul>\n<li>Kaufen Sie die geeignete individuelle Schutzausr\u00fcstung wie Schutzbrillen und Handschuhe. Reinigen und pflegen Sie sie angemessen. Befolgen Sie beim Umgang mit Forschungschemikalien sichere Systeme und nehmen Sie keine Abk\u00fcrzungen.<\/li>\n<li>Wenn die Forschungschemikalie mit den Augen in Ber\u00fchrung kommt, sp\u00fclen Sie sie gut aus und entfernen Sie Kontaktlinsen, falls dies notwendig ist.<\/li>\n<li>Versuchen Sie, bei der Verwendung dieser Chemikalien eine Maske zu tragen, damit sie beim Atmen nicht in Ihr Inneres gelangen k\u00f6nnen.<\/li>\n<li>Wie bei den unterst\u00fctzten Methoden angegeben, sind gef\u00e4hrliche Stoffe sicher zu handhaben, zu lagern und zu entsorgen. Sch\u00fctten Sie sie niemals in die Kanalisation oder in Kan\u00e4le.<\/li>\n<li>Lagern Sie Forschungschemikalien entsprechend den Angaben auf ihren Namen. Entflammbare Chemikalien sollten in ausgezeichnetem, trockenem Cannabis gelagert werden, fern von Intensit\u00e4t und Tageslicht. Einige synthetische Stoffe, wie z. B. S\u00e4uren, sollten unabh\u00e4ngig voneinander aufbewahrt werden.<\/li>\n<li>ChemsXpresss wird zu Forschungszwecken angeboten; der Verzehr durch Menschen ist strengstens untersagt.<\/li>\n<\/ul>","protected":false},"excerpt":{"rendered":"<p><strong>IUPAC-Name: <\/strong>7-bromo-5-phenyl-1,2-dihydro-3H-1,4-benzodiazepine-2-one<\/p>\n<p><strong>CAS # <\/strong>129186-29-4<\/p>\n<p><strong>Anderer Name: <\/strong>Desalkylgidazepam oder Brom-Nordazepam<\/p>\n<p><strong>Form: <\/strong>Pellets<\/p>\n<p><strong>NMR-Analyse: <\/strong>C15H11BrN2O<\/p>","protected":false},"featured_media":28681,"comment_status":"open","ping_status":"closed","template":"","meta":[],"product_brand":[],"product_cat":[83],"product_tag":[],"class_list":{"0":"post-28595","1":"product","2":"type-product","3":"status-publish","4":"has-post-thumbnail","6":"product_cat-pellets","8":"first","9":"instock","10":"shipping-taxable","11":"purchasable","12":"product-type-variable"},"yoast_head":"<!-- This site is optimized with the Yoast SEO Premium plugin v24.1 (Yoast SEO v27.4) - https:\/\/yoast.com\/product\/yoast-seo-premium-wordpress\/ -->\n<title>Buy Gidazepam Pellets Online: Quality RC&#039;s| ChemsXpress<\/title>\n<meta name=\"description\" content=\"Buy Gidazepam Pellets at ChemsXpress. Premium research chemicals, fast shipping. Trust our quality assurance for all your research needs. Order now\" \/>\n<meta name=\"robots\" content=\"index, follow, max-snippet:-1, max-image-preview:large, max-video-preview:-1\" \/>\n<link rel=\"canonical\" href=\"https:\/\/chemsxpress.com\/de\/produkt\/gidazepam-pellets-kaufen\/\" \/>\n<meta property=\"og:locale\" content=\"de_DE\" \/>\n<meta property=\"og:type\" content=\"article\" \/>\n<meta property=\"og:title\" content=\"Gidazepam pellets 3mg\" \/>\n<meta property=\"og:description\" content=\"Buy Gidazepam Pellets at ChemsXpress. Premium research chemicals, fast shipping. Trust our quality assurance for all your research needs. Order now\" \/>\n<meta property=\"og:url\" content=\"https:\/\/chemsxpress.com\/de\/produkt\/gidazepam-pellets-kaufen\/\" \/>\n<meta property=\"og:site_name\" content=\"SHOP MDPHP\" \/>\n<meta property=\"article:modified_time\" content=\"2025-05-24T22:45:31+00:00\" \/>\n<meta property=\"og:image\" content=\"https:\/\/chemsxpress.com\/wp-content\/uploads\/2024\/04\/Gidazepam-pellets-3mg.jpg\" \/>\n\t<meta property=\"og:image:width\" content=\"600\" \/>\n\t<meta property=\"og:image:height\" content=\"600\" \/>\n\t<meta property=\"og:image:type\" content=\"image\/jpeg\" \/>\n<meta name=\"twitter:card\" content=\"summary_large_image\" \/>\n<meta name=\"twitter:label1\" content=\"Gesch\u00e4tzte Lesezeit\" \/>\n\t<meta name=\"twitter:data1\" content=\"4\u00a0Minuten\" \/>\n<script type=\"application\/ld+json\" class=\"yoast-schema-graph\">{\"@context\":\"https:\\\/\\\/schema.org\",\"@graph\":[{\"@type\":\"WebPage\",\"@id\":\"https:\\\/\\\/chemsxpress.com\\\/product\\\/buy-gidazepam-pellets\\\/\",\"url\":\"https:\\\/\\\/chemsxpress.com\\\/product\\\/buy-gidazepam-pellets\\\/\",\"name\":\"Buy Gidazepam Pellets Online: Quality RC's| ChemsXpress\",\"isPartOf\":{\"@id\":\"https:\\\/\\\/chemsxpress.com\\\/#website\"},\"primaryImageOfPage\":{\"@id\":\"https:\\\/\\\/chemsxpress.com\\\/product\\\/buy-gidazepam-pellets\\\/#primaryimage\"},\"image\":{\"@id\":\"https:\\\/\\\/chemsxpress.com\\\/product\\\/buy-gidazepam-pellets\\\/#primaryimage\"},\"thumbnailUrl\":\"https:\\\/\\\/chemsxpress.com\\\/wp-content\\\/uploads\\\/2024\\\/04\\\/Gidazepam-pellets-3mg.jpg\",\"datePublished\":\"2024-04-29T13:17:39+00:00\",\"dateModified\":\"2025-05-24T22:45:31+00:00\",\"description\":\"Buy Gidazepam Pellets at ChemsXpress. Premium research chemicals, fast shipping. Trust our quality assurance for all your research needs. Order now\",\"breadcrumb\":{\"@id\":\"https:\\\/\\\/chemsxpress.com\\\/product\\\/buy-gidazepam-pellets\\\/#breadcrumb\"},\"inLanguage\":\"de\",\"potentialAction\":[{\"@type\":\"ReadAction\",\"target\":[\"https:\\\/\\\/chemsxpress.com\\\/product\\\/buy-gidazepam-pellets\\\/\"]}]},{\"@type\":\"ImageObject\",\"inLanguage\":\"de\",\"@id\":\"https:\\\/\\\/chemsxpress.com\\\/product\\\/buy-gidazepam-pellets\\\/#primaryimage\",\"url\":\"https:\\\/\\\/chemsxpress.com\\\/wp-content\\\/uploads\\\/2024\\\/04\\\/Gidazepam-pellets-3mg.jpg\",\"contentUrl\":\"https:\\\/\\\/chemsxpress.com\\\/wp-content\\\/uploads\\\/2024\\\/04\\\/Gidazepam-pellets-3mg.jpg\",\"width\":600,\"height\":600,\"caption\":\"Buy Gidazepam pellets\"},{\"@type\":\"BreadcrumbList\",\"@id\":\"https:\\\/\\\/chemsxpress.com\\\/product\\\/buy-gidazepam-pellets\\\/#breadcrumb\",\"itemListElement\":[{\"@type\":\"ListItem\",\"position\":1,\"name\":\"Home\",\"item\":\"https:\\\/\\\/chemsxpress.com\\\/\"},{\"@type\":\"ListItem\",\"position\":2,\"name\":\"Shop\",\"item\":\"https:\\\/\\\/chemsxpress.com\\\/shop\\\/\"},{\"@type\":\"ListItem\",\"position\":3,\"name\":\"Gidazepam pellets 3mg\"}]},{\"@type\":\"WebSite\",\"@id\":\"https:\\\/\\\/chemsxpress.com\\\/#website\",\"url\":\"https:\\\/\\\/chemsxpress.com\\\/\",\"name\":\"SHOP MDPHP\",\"description\":\"Buy MDPHP freebase from reliable supplier\",\"potentialAction\":[{\"@type\":\"SearchAction\",\"target\":{\"@type\":\"EntryPoint\",\"urlTemplate\":\"https:\\\/\\\/chemsxpress.com\\\/?s={search_term_string}\"},\"query-input\":{\"@type\":\"PropertyValueSpecification\",\"valueRequired\":true,\"valueName\":\"search_term_string\"}}],\"inLanguage\":\"de\"}]}<\/script>\n<!-- \/ Yoast SEO Premium plugin. -->","yoast_head_json":{"title":"Kaufen Sie Gidazepam-Pellets online: Qualit\u00e4ts-RCs| ChemsXpress","description":"Kaufen Sie 2C-D Pellets bei ChemsXpress. Hochwertige Forschungschemikalien, schneller Versand. Vertrauen Sie unserer Qualit\u00e4tssicherung f\u00fcr Ihren gesamten Forschungsbedarf. Jetzt bestellen","robots":{"index":"index","follow":"follow","max-snippet":"max-snippet:-1","max-image-preview":"max-image-preview:large","max-video-preview":"max-video-preview:-1"},"canonical":"https:\/\/chemsxpress.com\/de\/produkt\/gidazepam-pellets-kaufen\/","og_locale":"de_DE","og_type":"article","og_title":"Gidazepam pellets 3mg","og_description":"Buy Gidazepam Pellets at ChemsXpress. Premium research chemicals, fast shipping. Trust our quality assurance for all your research needs. Order now","og_url":"https:\/\/chemsxpress.com\/de\/produkt\/gidazepam-pellets-kaufen\/","og_site_name":"SHOP MDPHP","article_modified_time":"2025-05-24T22:45:31+00:00","og_image":[{"width":600,"height":600,"url":"https:\/\/chemsxpress.com\/wp-content\/uploads\/2024\/04\/Gidazepam-pellets-3mg.jpg","type":"image\/jpeg"}],"twitter_card":"summary_large_image","twitter_misc":{"Gesch\u00e4tzte Lesezeit":"4\u00a0Minuten"},"schema":{"@context":"https:\/\/schema.org","@graph":[{"@type":"WebPage","@id":"https:\/\/chemsxpress.com\/product\/buy-gidazepam-pellets\/","url":"https:\/\/chemsxpress.com\/product\/buy-gidazepam-pellets\/","name":"Kaufen Sie Gidazepam-Pellets online: Qualit\u00e4ts-RCs| ChemsXpress","isPartOf":{"@id":"https:\/\/chemsxpress.com\/#website"},"primaryImageOfPage":{"@id":"https:\/\/chemsxpress.com\/product\/buy-gidazepam-pellets\/#primaryimage"},"image":{"@id":"https:\/\/chemsxpress.com\/product\/buy-gidazepam-pellets\/#primaryimage"},"thumbnailUrl":"https:\/\/chemsxpress.com\/wp-content\/uploads\/2024\/04\/Gidazepam-pellets-3mg.jpg","datePublished":"2024-04-29T13:17:39+00:00","dateModified":"2025-05-24T22:45:31+00:00","description":"Kaufen Sie 2C-D Pellets bei ChemsXpress. Hochwertige Forschungschemikalien, schneller Versand. Vertrauen Sie unserer Qualit\u00e4tssicherung f\u00fcr Ihren gesamten Forschungsbedarf. Jetzt bestellen","breadcrumb":{"@id":"https:\/\/chemsxpress.com\/product\/buy-gidazepam-pellets\/#breadcrumb"},"inLanguage":"de","potentialAction":[{"@type":"ReadAction","target":["https:\/\/chemsxpress.com\/product\/buy-gidazepam-pellets\/"]}]},{"@type":"ImageObject","inLanguage":"de","@id":"https:\/\/chemsxpress.com\/product\/buy-gidazepam-pellets\/#primaryimage","url":"https:\/\/chemsxpress.com\/wp-content\/uploads\/2024\/04\/Gidazepam-pellets-3mg.jpg","contentUrl":"https:\/\/chemsxpress.com\/wp-content\/uploads\/2024\/04\/Gidazepam-pellets-3mg.jpg","width":600,"height":600,"caption":"Buy Gidazepam pellets"},{"@type":"BreadcrumbList","@id":"https:\/\/chemsxpress.com\/product\/buy-gidazepam-pellets\/#breadcrumb","itemListElement":[{"@type":"ListItem","position":1,"name":"Home","item":"https:\/\/chemsxpress.com\/"},{"@type":"ListItem","position":2,"name":"Shop","item":"https:\/\/chemsxpress.com\/shop\/"},{"@type":"ListItem","position":3,"name":"Gidazepam pellets 3mg"}]},{"@type":"WebSite","@id":"https:\/\/chemsxpress.com\/#website","url":"https:\/\/chemsxpress.com\/","name":"MDPHP EINKAUFEN","description":"MDPHP freebase von einem zuverl\u00e4ssigen Anbieter kaufen","potentialAction":[{"@type":"SearchAction","target":{"@type":"EntryPoint","urlTemplate":"https:\/\/chemsxpress.com\/?s={search_term_string}"},"query-input":{"@type":"PropertyValueSpecification","valueRequired":true,"valueName":"search_term_string"}}],"inLanguage":"de"}]}},"jetpack_sharing_enabled":true,"_links":{"self":[{"href":"https:\/\/chemsxpress.com\/de\/wp-json\/wp\/v2\/product\/28595","targetHints":{"allow":["GET"]}}],"collection":[{"href":"https:\/\/chemsxpress.com\/de\/wp-json\/wp\/v2\/product"}],"about":[{"href":"https:\/\/chemsxpress.com\/de\/wp-json\/wp\/v2\/types\/product"}],"replies":[{"embeddable":true,"href":"https:\/\/chemsxpress.com\/de\/wp-json\/wp\/v2\/comments?post=28595"}],"version-history":[{"count":4,"href":"https:\/\/chemsxpress.com\/de\/wp-json\/wp\/v2\/product\/28595\/revisions"}],"predecessor-version":[{"id":30048,"href":"https:\/\/chemsxpress.com\/de\/wp-json\/wp\/v2\/product\/28595\/revisions\/30048"}],"wp:featuredmedia":[{"embeddable":true,"href":"https:\/\/chemsxpress.com\/de\/wp-json\/wp\/v2\/media\/28681"}],"wp:attachment":[{"href":"https:\/\/chemsxpress.com\/de\/wp-json\/wp\/v2\/media?parent=28595"}],"wp:term":[{"taxonomy":"product_brand","embeddable":true,"href":"https:\/\/chemsxpress.com\/de\/wp-json\/wp\/v2\/product_brand?post=28595"},{"taxonomy":"product_cat","embeddable":true,"href":"https:\/\/chemsxpress.com\/de\/wp-json\/wp\/v2\/product_cat?post=28595"},{"taxonomy":"product_tag","embeddable":true,"href":"https:\/\/chemsxpress.com\/de\/wp-json\/wp\/v2\/product_tag?post=28595"}],"curies":[{"name":"wp","href":"https:\/\/api.w.org\/{rel}","templated":true}]}}