{"id":28892,"date":"2024-04-29T13:19:10","date_gmt":"2024-04-29T13:19:10","guid":{"rendered":"https:\/\/chemsxpress.com\/?post_type=product&#038;p=28892"},"modified":"2025-05-22T21:23:22","modified_gmt":"2025-05-22T21:23:22","slug":"2-fdck-ketamin-online-kaufen","status":"publish","type":"product","link":"https:\/\/chemsxpress.com\/de\/produkt\/2-fdck-ketamin-online-kaufen\/","title":{"rendered":"2-FDCK-K\u00fcgelchen 50mg"},"content":{"rendered":"<h1>2-FDCK Ketamin kaufen<\/h1>\n<h2>Informationen \u00fcber 2F-Ketamin<\/h2>\n<p>Kaufen Sie 2-FDCK Ketamin, 2F-Ketamin, auch bekannt als 2-fdck, ist \u00e4hnlich wie das in der Medizin verwendete Ketamin. Es handelt sich um eine weniger bekannte dissoziative Substanz, die zur Klasse der Arylcyclohexylamine geh\u00f6rt.<\/p>\n<p>Derzeit ist 2F-Ketamin in Pulverform erh\u00e4ltlich.<\/p>\n<p>Laborberichten zufolge gibt es viele \u00c4hnlichkeiten zwischen Ketamin und 2F-Ketamin (2-FDCK). Chemisch gesehen sind ihre Strukturen nahezu identisch. Der Unterschied liegt in der Zusammensetzung, bei der die Chlorkomponente durch eine Fluorkomponente ersetzt wird.<\/p>\n<h2>Ketamin, die Chemie<\/h2>\n<p>2-FDCK ist ein Arylcyclohexylamin (ACH) mit der chemischen Bezeichnung 2-(2-Chlorphenyl)-2-(methylamino)cyclohexanon. Es ist ein wei\u00dfes <a href=\"https:\/\/chemsxpress.com\/de\/produkt\/3-mmc-kristallines-pulver-kaufen\/\">kristallines Pulver<\/a> das in Wasser und organischen L\u00f6sungsmitteln wie Ethanol und Aceton l\u00f6slich ist.<\/p>\n<p><strong>IUPAC-Name:<\/strong>\u00a02-(2-Fluorphenyl)-2-methylamino-cyclohexanon<br \/>\n<strong>Verf\u00fcgbar als:<\/strong>\u00a0Pulver, Kristalle<br \/>\n<strong>Reinheit:<\/strong>\u00a098%+<br \/>\n<strong>Farbe:<\/strong>\u00a0wei\u00df<br \/>\n<strong>Systematischer Name:<\/strong>\u00a0(R\/S)-2-(2-Fluorphenyl)-2-(methylamino)cyclohexanon<br \/>\n<strong>Formel:<\/strong>\u00a0C13H16FNO<br \/>\n<strong>Chemische Klasse:<\/strong>\u00a0Arylcyclohexylamin<\/p>\n<h2>Wie wird Ketamin verwendet?<\/h2>\n<p>Wenn Sie mit diesem Produkt forschen, achten Sie darauf, dass Sie die notwendigen Vorsichtsma\u00dfnahmen im Labor treffen, z. B. Oberfl\u00e4chen reinigen und Handschuhe, eine Maske und Schutzkleidung tragen.<\/p>\n<h3>Wie kann ich 2-FDCK am besten aufbewahren?<\/h3>\n<p>Zum Speichern Ihrer <a href=\"https:\/\/chemsxpress.com\/de\/produktkategorie\/forschungschemikalien\/\">Forschungschemikalien<\/a> Um eine optimale Haltbarkeit zu gew\u00e4hrleisten, wird dringend empfohlen, sie in einer trockenen und k\u00fchlen Umgebung aufzubewahren.<\/p>\n<p>Halten Sie 2-FDCK so weit wie m\u00f6glich von offenen Flammen und Hitze fern. Forschungschemikalien k\u00f6nnen mindestens 1 bis 2 Jahre gelagert werden.<\/p>\n<p>Unter <a href=\"https:\/\/chemsxpress.com\/de\/\">ChemsXpress<\/a>haben wir uns darauf spezialisiert, Forschern Zugang zu hochwertigen Forschungschemikalien f\u00fcr ihre wissenschaftlichen Untersuchungen zu verschaffen. Mit unserem Engagement f\u00fcr Spitzenleistungen und Kundenzufriedenheit wollen wir Ihr zuverl\u00e4ssiger Partner sein, um wissenschaftliche Erkenntnisse und Entdeckungen voranzutreiben.<\/p>\n<p><strong>\u00dcber 2-FDCK Ketamin<\/strong><\/p>\n<p>2-Fluorodeschloroketamin (2-FDCK) ist eine dissoziative Forschungschemikalie, die strukturell mit Ketamin verwandt ist. Es ist f\u00fcr seine dissoziativen und an\u00e4sthetischen Wirkungen bekannt und daher f\u00fcr Forscher, die sich mit Bewusstsein, Wahrnehmung und An\u00e4sthesie befassen, von gro\u00dfem Interesse. 2-FDCK wird h\u00e4ufig als Forschungsinstrument in Laboratorien eingesetzt, um seine pharmakologischen Eigenschaften und potenziellen therapeutischen Anwendungen zu erforschen.<\/p>","protected":false},"excerpt":{"rendered":"<p><strong>NMR-Analyse: <\/strong>K.A.<\/p>","protected":false},"featured_media":28915,"comment_status":"open","ping_status":"closed","template":"","meta":[],"product_brand":[],"product_cat":[83],"product_tag":[],"class_list":{"0":"post-28892","1":"product","2":"type-product","3":"status-publish","4":"has-post-thumbnail","6":"product_cat-pellets","8":"first","9":"instock","10":"shipping-taxable","11":"purchasable","12":"product-type-variable"},"yoast_head":"<!-- This site is optimized with the Yoast SEO Premium plugin v24.1 (Yoast SEO v27.4) - https:\/\/yoast.com\/product\/yoast-seo-premium-wordpress\/ -->\n<title>Buy 2-FDCK Ketamine Online: Quality RC&#039;s | ChemsXpress<\/title>\n<meta name=\"description\" content=\"Buy 2-FDCK Ketamine online at ChemsXpress. Premium research chemicals, fast shipping. Trust our quality assurance for all your research needs. Order now\" \/>\n<meta name=\"robots\" content=\"index, follow, max-snippet:-1, max-image-preview:large, max-video-preview:-1\" \/>\n<link rel=\"canonical\" href=\"https:\/\/chemsxpress.com\/de\/produkt\/2-fdck-ketamin-online-kaufen\/\" \/>\n<meta property=\"og:locale\" content=\"de_DE\" \/>\n<meta property=\"og:type\" content=\"article\" \/>\n<meta property=\"og:title\" content=\"2-FDCK pellets 50mg\" \/>\n<meta property=\"og:description\" content=\"Buy 2-FDCK Ketamine online at ChemsXpress. Premium research chemicals, fast shipping. Trust our quality assurance for all your research needs. Order now\" \/>\n<meta property=\"og:url\" content=\"https:\/\/chemsxpress.com\/de\/produkt\/2-fdck-ketamin-online-kaufen\/\" \/>\n<meta property=\"og:site_name\" content=\"SHOP MDPHP\" \/>\n<meta property=\"article:modified_time\" content=\"2025-05-22T21:23:22+00:00\" \/>\n<meta property=\"og:image\" content=\"https:\/\/chemsxpress.com\/wp-content\/uploads\/2024\/04\/2-FDCK-pellets-50mg.jpg\" \/>\n\t<meta property=\"og:image:width\" content=\"600\" \/>\n\t<meta property=\"og:image:height\" content=\"600\" \/>\n\t<meta property=\"og:image:type\" content=\"image\/jpeg\" \/>\n<meta name=\"twitter:card\" content=\"summary_large_image\" \/>\n<meta name=\"twitter:label1\" content=\"Gesch\u00e4tzte Lesezeit\" \/>\n\t<meta name=\"twitter:data1\" content=\"2\u00a0Minuten\" \/>\n<script type=\"application\/ld+json\" class=\"yoast-schema-graph\">{\"@context\":\"https:\\\/\\\/schema.org\",\"@graph\":[{\"@type\":\"WebPage\",\"@id\":\"https:\\\/\\\/chemsxpress.com\\\/product\\\/buy-2-fdck-ketamine-online\\\/\",\"url\":\"https:\\\/\\\/chemsxpress.com\\\/product\\\/buy-2-fdck-ketamine-online\\\/\",\"name\":\"Buy 2-FDCK Ketamine Online: Quality RC's | ChemsXpress\",\"isPartOf\":{\"@id\":\"https:\\\/\\\/chemsxpress.com\\\/#website\"},\"primaryImageOfPage\":{\"@id\":\"https:\\\/\\\/chemsxpress.com\\\/product\\\/buy-2-fdck-ketamine-online\\\/#primaryimage\"},\"image\":{\"@id\":\"https:\\\/\\\/chemsxpress.com\\\/product\\\/buy-2-fdck-ketamine-online\\\/#primaryimage\"},\"thumbnailUrl\":\"https:\\\/\\\/chemsxpress.com\\\/wp-content\\\/uploads\\\/2024\\\/04\\\/2-FDCK-pellets-50mg.jpg\",\"datePublished\":\"2024-04-29T13:19:10+00:00\",\"dateModified\":\"2025-05-22T21:23:22+00:00\",\"description\":\"Buy 2-FDCK Ketamine online at ChemsXpress. Premium research chemicals, fast shipping. Trust our quality assurance for all your research needs. Order now\",\"breadcrumb\":{\"@id\":\"https:\\\/\\\/chemsxpress.com\\\/product\\\/buy-2-fdck-ketamine-online\\\/#breadcrumb\"},\"inLanguage\":\"de\",\"potentialAction\":[{\"@type\":\"ReadAction\",\"target\":[\"https:\\\/\\\/chemsxpress.com\\\/product\\\/buy-2-fdck-ketamine-online\\\/\"]}]},{\"@type\":\"ImageObject\",\"inLanguage\":\"de\",\"@id\":\"https:\\\/\\\/chemsxpress.com\\\/product\\\/buy-2-fdck-ketamine-online\\\/#primaryimage\",\"url\":\"https:\\\/\\\/chemsxpress.com\\\/wp-content\\\/uploads\\\/2024\\\/04\\\/2-FDCK-pellets-50mg.jpg\",\"contentUrl\":\"https:\\\/\\\/chemsxpress.com\\\/wp-content\\\/uploads\\\/2024\\\/04\\\/2-FDCK-pellets-50mg.jpg\",\"width\":600,\"height\":600,\"caption\":\"Buy 2-FDCK Ketamin\"},{\"@type\":\"BreadcrumbList\",\"@id\":\"https:\\\/\\\/chemsxpress.com\\\/product\\\/buy-2-fdck-ketamine-online\\\/#breadcrumb\",\"itemListElement\":[{\"@type\":\"ListItem\",\"position\":1,\"name\":\"Home\",\"item\":\"https:\\\/\\\/chemsxpress.com\\\/\"},{\"@type\":\"ListItem\",\"position\":2,\"name\":\"Shop\",\"item\":\"https:\\\/\\\/chemsxpress.com\\\/shop\\\/\"},{\"@type\":\"ListItem\",\"position\":3,\"name\":\"2-FDCK pellets 50mg\"}]},{\"@type\":\"WebSite\",\"@id\":\"https:\\\/\\\/chemsxpress.com\\\/#website\",\"url\":\"https:\\\/\\\/chemsxpress.com\\\/\",\"name\":\"SHOP MDPHP\",\"description\":\"Buy MDPHP freebase from reliable supplier\",\"potentialAction\":[{\"@type\":\"SearchAction\",\"target\":{\"@type\":\"EntryPoint\",\"urlTemplate\":\"https:\\\/\\\/chemsxpress.com\\\/?s={search_term_string}\"},\"query-input\":{\"@type\":\"PropertyValueSpecification\",\"valueRequired\":true,\"valueName\":\"search_term_string\"}}],\"inLanguage\":\"de\"}]}<\/script>\n<!-- \/ Yoast SEO Premium plugin. -->","yoast_head_json":{"title":"Kaufen Sie 2-FDCK-Ketamin online: Qualit\u00e4ts-RCs | ChemsXpress","description":"Kaufen Sie bromonordiazepam online Premium Forschungschemikalien, schneller Versand. Vertrauen Sie unserer Qualit\u00e4tssicherung f\u00fcr Ihren gesamten Forschungsbedarf. Jetzt bestellen","robots":{"index":"index","follow":"follow","max-snippet":"max-snippet:-1","max-image-preview":"max-image-preview:large","max-video-preview":"max-video-preview:-1"},"canonical":"https:\/\/chemsxpress.com\/de\/produkt\/2-fdck-ketamin-online-kaufen\/","og_locale":"de_DE","og_type":"article","og_title":"2-FDCK pellets 50mg","og_description":"Buy 2-FDCK Ketamine online at ChemsXpress. Premium research chemicals, fast shipping. Trust our quality assurance for all your research needs. Order now","og_url":"https:\/\/chemsxpress.com\/de\/produkt\/2-fdck-ketamin-online-kaufen\/","og_site_name":"SHOP MDPHP","article_modified_time":"2025-05-22T21:23:22+00:00","og_image":[{"width":600,"height":600,"url":"https:\/\/chemsxpress.com\/wp-content\/uploads\/2024\/04\/2-FDCK-pellets-50mg.jpg","type":"image\/jpeg"}],"twitter_card":"summary_large_image","twitter_misc":{"Gesch\u00e4tzte Lesezeit":"2\u00a0Minuten"},"schema":{"@context":"https:\/\/schema.org","@graph":[{"@type":"WebPage","@id":"https:\/\/chemsxpress.com\/product\/buy-2-fdck-ketamine-online\/","url":"https:\/\/chemsxpress.com\/product\/buy-2-fdck-ketamine-online\/","name":"Kaufen Sie 2-FDCK-Ketamin online: Qualit\u00e4ts-RCs | ChemsXpress","isPartOf":{"@id":"https:\/\/chemsxpress.com\/#website"},"primaryImageOfPage":{"@id":"https:\/\/chemsxpress.com\/product\/buy-2-fdck-ketamine-online\/#primaryimage"},"image":{"@id":"https:\/\/chemsxpress.com\/product\/buy-2-fdck-ketamine-online\/#primaryimage"},"thumbnailUrl":"https:\/\/chemsxpress.com\/wp-content\/uploads\/2024\/04\/2-FDCK-pellets-50mg.jpg","datePublished":"2024-04-29T13:19:10+00:00","dateModified":"2025-05-22T21:23:22+00:00","description":"Kaufen Sie bromonordiazepam online Premium Forschungschemikalien, schneller Versand. Vertrauen Sie unserer Qualit\u00e4tssicherung f\u00fcr Ihren gesamten Forschungsbedarf. Jetzt bestellen","breadcrumb":{"@id":"https:\/\/chemsxpress.com\/product\/buy-2-fdck-ketamine-online\/#breadcrumb"},"inLanguage":"de","potentialAction":[{"@type":"ReadAction","target":["https:\/\/chemsxpress.com\/product\/buy-2-fdck-ketamine-online\/"]}]},{"@type":"ImageObject","inLanguage":"de","@id":"https:\/\/chemsxpress.com\/product\/buy-2-fdck-ketamine-online\/#primaryimage","url":"https:\/\/chemsxpress.com\/wp-content\/uploads\/2024\/04\/2-FDCK-pellets-50mg.jpg","contentUrl":"https:\/\/chemsxpress.com\/wp-content\/uploads\/2024\/04\/2-FDCK-pellets-50mg.jpg","width":600,"height":600,"caption":"Buy 2-FDCK Ketamin"},{"@type":"BreadcrumbList","@id":"https:\/\/chemsxpress.com\/product\/buy-2-fdck-ketamine-online\/#breadcrumb","itemListElement":[{"@type":"ListItem","position":1,"name":"Home","item":"https:\/\/chemsxpress.com\/"},{"@type":"ListItem","position":2,"name":"Shop","item":"https:\/\/chemsxpress.com\/shop\/"},{"@type":"ListItem","position":3,"name":"2-FDCK pellets 50mg"}]},{"@type":"WebSite","@id":"https:\/\/chemsxpress.com\/#website","url":"https:\/\/chemsxpress.com\/","name":"MDPHP EINKAUFEN","description":"MDPHP freebase von einem zuverl\u00e4ssigen Anbieter kaufen","potentialAction":[{"@type":"SearchAction","target":{"@type":"EntryPoint","urlTemplate":"https:\/\/chemsxpress.com\/?s={search_term_string}"},"query-input":{"@type":"PropertyValueSpecification","valueRequired":true,"valueName":"search_term_string"}}],"inLanguage":"de"}]}},"jetpack_sharing_enabled":true,"_links":{"self":[{"href":"https:\/\/chemsxpress.com\/de\/wp-json\/wp\/v2\/product\/28892","targetHints":{"allow":["GET"]}}],"collection":[{"href":"https:\/\/chemsxpress.com\/de\/wp-json\/wp\/v2\/product"}],"about":[{"href":"https:\/\/chemsxpress.com\/de\/wp-json\/wp\/v2\/types\/product"}],"replies":[{"embeddable":true,"href":"https:\/\/chemsxpress.com\/de\/wp-json\/wp\/v2\/comments?post=28892"}],"version-history":[{"count":4,"href":"https:\/\/chemsxpress.com\/de\/wp-json\/wp\/v2\/product\/28892\/revisions"}],"predecessor-version":[{"id":30035,"href":"https:\/\/chemsxpress.com\/de\/wp-json\/wp\/v2\/product\/28892\/revisions\/30035"}],"wp:featuredmedia":[{"embeddable":true,"href":"https:\/\/chemsxpress.com\/de\/wp-json\/wp\/v2\/media\/28915"}],"wp:attachment":[{"href":"https:\/\/chemsxpress.com\/de\/wp-json\/wp\/v2\/media?parent=28892"}],"wp:term":[{"taxonomy":"product_brand","embeddable":true,"href":"https:\/\/chemsxpress.com\/de\/wp-json\/wp\/v2\/product_brand?post=28892"},{"taxonomy":"product_cat","embeddable":true,"href":"https:\/\/chemsxpress.com\/de\/wp-json\/wp\/v2\/product_cat?post=28892"},{"taxonomy":"product_tag","embeddable":true,"href":"https:\/\/chemsxpress.com\/de\/wp-json\/wp\/v2\/product_tag?post=28892"}],"curies":[{"name":"wp","href":"https:\/\/api.w.org\/{rel}","templated":true}]}}