{"id":28896,"date":"2024-04-29T13:19:10","date_gmt":"2024-04-29T13:19:10","guid":{"rendered":"https:\/\/chemsxpress.com\/?post_type=product&#038;p=28896"},"modified":"2025-05-24T17:38:21","modified_gmt":"2025-05-24T17:38:21","slug":"3d-mxe-online-kaufen","status":"publish","type":"product","link":"https:\/\/chemsxpress.com\/de\/produkt\/3d-mxe-online-kaufen\/","title":{"rendered":"3D-MXE-K\u00fcgelchen 40mg"},"content":{"rendered":"<h1>3D-MXE online kaufen<\/h1>\n<h3>Produktname: DMXE 40mg Pellets<\/h3>\n<p>3D-MXE online kaufen bei <a href=\"https:\/\/chemsxpress.com\/de\/\">ChemsXpress<\/a>haben wir uns darauf spezialisiert, Forschern Zugang zu hochwertigen Forschungschemikalien f\u00fcr ihre wissenschaftlichen Untersuchungen zu verschaffen. Mit unserem Engagement f\u00fcr Spitzenleistungen und Kundenzufriedenheit wollen wir Ihr zuverl\u00e4ssiger Partner sein, um wissenschaftliche Erkenntnisse und Entdeckungen voranzutreiben.<\/p>\n<p><strong>\u00dcber 3D-MXE<\/strong><\/p>\n<p>3D-MXE (3-Methoxyeticyclidin) ist eine Forschungschemikalie, die zur Klasse der Arylcyclohexylamine geh\u00f6rt. Sie ist f\u00fcr ihre dissoziativen Wirkungen bekannt, die denen anderer Arylcyclohexylamine wie MXE (Methoxetamin) \u00e4hneln. Die Forscher sind an der Untersuchung seiner pharmakologischen Eigenschaften und potenziellen therapeutischen Anwendungen interessiert, einschlie\u00dflich seiner Wirkung auf NMDA-Rezeptoren.<\/p>\n<p><strong>Unser Bekenntnis zur Qualit\u00e4t<\/strong><\/p>\n<p>Bei ChemsXpress legen wir bei allem, was wir tun, gr\u00f6\u00dften Wert auf Qualit\u00e4t und Zuverl\u00e4ssigkeit. Unser 3D-MXE und andere <a href=\"https:\/\/chemsxpress.com\/de\/produktkategorie\/forschungschemikalien\/\">Forschungschemikalien<\/a> werden strengen Tests und Qualit\u00e4tskontrollma\u00dfnahmen unterzogen, um Reinheit, Wirksamkeit und Konsistenz zu gew\u00e4hrleisten. Wir arbeiten mit vertrauensw\u00fcrdigen Lieferanten zusammen und halten uns an strenge Normen, um Produkte zu liefern, die den h\u00f6chsten wissenschaftlichen Standards entsprechen.<\/p>\n<p><strong>Warum ChemsXpress f\u00fcr 3D-MXE w\u00e4hlen?<\/strong><\/p>\n<ul>\n<li><strong>Erstklassige Qualit\u00e4t:<\/strong> Wir sind bestrebt, Forschern die hochwertigsten 3D-MXE- und Forschungschemikalien zur Verf\u00fcgung zu stellen. Unsere Produkte stammen von renommierten Lieferanten und werden gr\u00fcndlich getestet, um ihre Reinheit und Wirksamkeit zu gew\u00e4hrleisten.<\/li>\n<li><strong>Schneller Versand:<\/strong> Wir wissen, wie wichtig eine p\u00fcnktliche Lieferung f\u00fcr Forschungsprojekte ist. Deshalb bieten wir schnelle und zuverl\u00e4ssige Versandoptionen an, um sicherzustellen, dass Ihre Bestellung schnell und sicher bei Ihnen ankommt.<\/li>\n<li><strong>Engagierte Unterst\u00fctzung:<\/strong> Unser Team ist f\u00fcr Sie da und unterst\u00fctzt Sie bei jedem Schritt. Ganz gleich, ob Sie Fragen zu Produktspezifikationen, Versanddetails oder Bestellanfragen haben, unsere sachkundigen Mitarbeiter stehen Ihnen umgehend und hilfreich zur Seite.<\/li>\n<\/ul>\n<p><strong>3D-MXE heute online kaufen<\/strong><\/p>\n<p>Sind Sie bereit, das Potenzial von 3D-MXE f\u00fcr Ihre Forschung zu nutzen? Bl\u00e4ttern Sie in unserem Katalog und bestellen Sie vertrauensvoll. Mit <a href=\"https:\/\/chemsxpress.com\/de\/\">ChemsXpress<\/a> als Ihr zuverl\u00e4ssiger Partner k\u00f6nnen Sie Ihre wissenschaftlichen Untersuchungen mit Sicherheit und Pr\u00e4zision durchf\u00fchren.<\/p>\n<p>Vielen Dank, dass Sie ChemsXpress f\u00fcr Ihren Bedarf an Forschungschemikalien gew\u00e4hlt haben. Wir freuen uns darauf, Sie zu bedienen!<\/p>\n<p>Andere Bezeichnung(en): Deoxymethoxetamin, 3D-MXE, Methetamin, 3-Me-2\u2032-oxo-PCE Hydrochlorid<\/p>\n<p>CAS: N\/A<\/p>\n<p>Wirkstoff(e): DMXE HCl (40 mg)<\/p>\n<p>Sonstige(r) Inhaltsstoff(e): MCC, kolloidales Siliciumdioxid, Natriumst\u00e4rkeglykolat, Natriumstearylfumarat, E172<\/p>\n<p>Aussehen: 8 mm gro\u00dfes, rundes, schwarzes Granulat<\/p>\n<p><b><u>Infos:<br \/>\n<\/u><\/b><\/p>\n<p>DMXE ist eine dissoziative Substanz aus der Klasse der Arylcyclohexylamine, die bei Verabreichung dissoziative, an\u00e4sthetische, stimulierende und halluzinogene Wirkungen hervorruft.<\/p>\n<p>Es wurde vermutlich erstmals 2020 von einem Labor in den Niederlanden synthetisiert und als perfektes MXE-Analogon bezeichnet!<\/p>\n<p>Da \u00fcber DMXE aufgrund seiner relativen Neuheit nur wenig bekannt ist, werden wir Informationen \u00fcber die chemische Klasse liefern, zu der es geh\u00f6rt - Arylcyclohexylamine.<\/p>","protected":false},"excerpt":{"rendered":"<p><strong>Form: <\/strong>Pellets<\/p>\n<p><strong>NMR-Analyse: <\/strong>K.A.<\/p>","protected":false},"featured_media":28927,"comment_status":"open","ping_status":"closed","template":"","meta":[],"product_brand":[],"product_cat":[83],"product_tag":[],"class_list":{"0":"post-28896","1":"product","2":"type-product","3":"status-publish","4":"has-post-thumbnail","6":"product_cat-pellets","8":"first","9":"instock","10":"shipping-taxable","11":"purchasable","12":"product-type-variable"},"yoast_head":"<!-- This site is optimized with the Yoast SEO Premium plugin v24.1 (Yoast SEO v27.4) - https:\/\/yoast.com\/product\/yoast-seo-premium-wordpress\/ -->\n<title>Buy 3D-MXE Online: Premium Research Chems| ChemsXpress<\/title>\n<meta name=\"description\" content=\"Buy 3D-MXE online at ChemsXpress. Premium research chemicals, fast shipping. Trust our quality assurance for all your research needs. Order now\" \/>\n<meta name=\"robots\" content=\"index, follow, max-snippet:-1, max-image-preview:large, max-video-preview:-1\" \/>\n<link rel=\"canonical\" href=\"https:\/\/chemsxpress.com\/de\/produkt\/3d-mxe-online-kaufen\/\" \/>\n<meta property=\"og:locale\" content=\"de_DE\" \/>\n<meta property=\"og:type\" content=\"article\" \/>\n<meta property=\"og:title\" content=\"3D-MXE pellets 40mg\" \/>\n<meta property=\"og:description\" content=\"Buy 3D-MXE online at ChemsXpress. Premium research chemicals, fast shipping. Trust our quality assurance for all your research needs. Order now\" \/>\n<meta property=\"og:url\" content=\"https:\/\/chemsxpress.com\/de\/produkt\/3d-mxe-online-kaufen\/\" \/>\n<meta property=\"og:site_name\" content=\"SHOP MDPHP\" \/>\n<meta property=\"article:modified_time\" content=\"2025-05-24T17:38:21+00:00\" \/>\n<meta property=\"og:image\" content=\"https:\/\/chemsxpress.com\/wp-content\/uploads\/2024\/04\/3D-MXE-pellets-40mg.jpg\" \/>\n\t<meta property=\"og:image:width\" content=\"600\" \/>\n\t<meta property=\"og:image:height\" content=\"600\" \/>\n\t<meta property=\"og:image:type\" content=\"image\/jpeg\" \/>\n<meta name=\"twitter:card\" content=\"summary_large_image\" \/>\n<meta name=\"twitter:label1\" content=\"Gesch\u00e4tzte Lesezeit\" \/>\n\t<meta name=\"twitter:data1\" content=\"3\u00a0Minuten\" \/>\n<script type=\"application\/ld+json\" class=\"yoast-schema-graph\">{\"@context\":\"https:\\\/\\\/schema.org\",\"@graph\":[{\"@type\":\"WebPage\",\"@id\":\"https:\\\/\\\/chemsxpress.com\\\/product\\\/buy-3d-mxe-online\\\/\",\"url\":\"https:\\\/\\\/chemsxpress.com\\\/product\\\/buy-3d-mxe-online\\\/\",\"name\":\"Buy 3D-MXE Online: Premium Research Chems| ChemsXpress\",\"isPartOf\":{\"@id\":\"https:\\\/\\\/chemsxpress.com\\\/#website\"},\"primaryImageOfPage\":{\"@id\":\"https:\\\/\\\/chemsxpress.com\\\/product\\\/buy-3d-mxe-online\\\/#primaryimage\"},\"image\":{\"@id\":\"https:\\\/\\\/chemsxpress.com\\\/product\\\/buy-3d-mxe-online\\\/#primaryimage\"},\"thumbnailUrl\":\"https:\\\/\\\/chemsxpress.com\\\/wp-content\\\/uploads\\\/2024\\\/04\\\/3D-MXE-pellets-40mg.jpg\",\"datePublished\":\"2024-04-29T13:19:10+00:00\",\"dateModified\":\"2025-05-24T17:38:21+00:00\",\"description\":\"Buy 3D-MXE online at ChemsXpress. Premium research chemicals, fast shipping. Trust our quality assurance for all your research needs. Order now\",\"breadcrumb\":{\"@id\":\"https:\\\/\\\/chemsxpress.com\\\/product\\\/buy-3d-mxe-online\\\/#breadcrumb\"},\"inLanguage\":\"de\",\"potentialAction\":[{\"@type\":\"ReadAction\",\"target\":[\"https:\\\/\\\/chemsxpress.com\\\/product\\\/buy-3d-mxe-online\\\/\"]}]},{\"@type\":\"ImageObject\",\"inLanguage\":\"de\",\"@id\":\"https:\\\/\\\/chemsxpress.com\\\/product\\\/buy-3d-mxe-online\\\/#primaryimage\",\"url\":\"https:\\\/\\\/chemsxpress.com\\\/wp-content\\\/uploads\\\/2024\\\/04\\\/3D-MXE-pellets-40mg.jpg\",\"contentUrl\":\"https:\\\/\\\/chemsxpress.com\\\/wp-content\\\/uploads\\\/2024\\\/04\\\/3D-MXE-pellets-40mg.jpg\",\"width\":600,\"height\":600,\"caption\":\"Buy 4-HO-MET\"},{\"@type\":\"BreadcrumbList\",\"@id\":\"https:\\\/\\\/chemsxpress.com\\\/product\\\/buy-3d-mxe-online\\\/#breadcrumb\",\"itemListElement\":[{\"@type\":\"ListItem\",\"position\":1,\"name\":\"Home\",\"item\":\"https:\\\/\\\/chemsxpress.com\\\/\"},{\"@type\":\"ListItem\",\"position\":2,\"name\":\"Shop\",\"item\":\"https:\\\/\\\/chemsxpress.com\\\/shop\\\/\"},{\"@type\":\"ListItem\",\"position\":3,\"name\":\"3D-MXE pellets 40mg\"}]},{\"@type\":\"WebSite\",\"@id\":\"https:\\\/\\\/chemsxpress.com\\\/#website\",\"url\":\"https:\\\/\\\/chemsxpress.com\\\/\",\"name\":\"SHOP MDPHP\",\"description\":\"Buy MDPHP freebase from reliable supplier\",\"potentialAction\":[{\"@type\":\"SearchAction\",\"target\":{\"@type\":\"EntryPoint\",\"urlTemplate\":\"https:\\\/\\\/chemsxpress.com\\\/?s={search_term_string}\"},\"query-input\":{\"@type\":\"PropertyValueSpecification\",\"valueRequired\":true,\"valueName\":\"search_term_string\"}}],\"inLanguage\":\"de\"}]}<\/script>\n<!-- \/ Yoast SEO Premium plugin. -->","yoast_head_json":{"title":"Kaufen Sie Qualit\u00e4t 5C-AKB48: Premium-Forschungschemikalien | ChemsXpress","description":"Kaufen Sie bromonordiazepam online Premium Forschungschemikalien, schneller Versand. Vertrauen Sie unserer Qualit\u00e4tssicherung f\u00fcr Ihren gesamten Forschungsbedarf. Jetzt bestellen","robots":{"index":"index","follow":"follow","max-snippet":"max-snippet:-1","max-image-preview":"max-image-preview:large","max-video-preview":"max-video-preview:-1"},"canonical":"https:\/\/chemsxpress.com\/de\/produkt\/3d-mxe-online-kaufen\/","og_locale":"de_DE","og_type":"article","og_title":"3D-MXE pellets 40mg","og_description":"Buy 3D-MXE online at ChemsXpress. Premium research chemicals, fast shipping. Trust our quality assurance for all your research needs. Order now","og_url":"https:\/\/chemsxpress.com\/de\/produkt\/3d-mxe-online-kaufen\/","og_site_name":"SHOP MDPHP","article_modified_time":"2025-05-24T17:38:21+00:00","og_image":[{"width":600,"height":600,"url":"https:\/\/chemsxpress.com\/wp-content\/uploads\/2024\/04\/3D-MXE-pellets-40mg.jpg","type":"image\/jpeg"}],"twitter_card":"summary_large_image","twitter_misc":{"Gesch\u00e4tzte Lesezeit":"3\u00a0Minuten"},"schema":{"@context":"https:\/\/schema.org","@graph":[{"@type":"WebPage","@id":"https:\/\/chemsxpress.com\/product\/buy-3d-mxe-online\/","url":"https:\/\/chemsxpress.com\/product\/buy-3d-mxe-online\/","name":"Kaufen Sie Qualit\u00e4t 5C-AKB48: Premium-Forschungschemikalien | ChemsXpress","isPartOf":{"@id":"https:\/\/chemsxpress.com\/#website"},"primaryImageOfPage":{"@id":"https:\/\/chemsxpress.com\/product\/buy-3d-mxe-online\/#primaryimage"},"image":{"@id":"https:\/\/chemsxpress.com\/product\/buy-3d-mxe-online\/#primaryimage"},"thumbnailUrl":"https:\/\/chemsxpress.com\/wp-content\/uploads\/2024\/04\/3D-MXE-pellets-40mg.jpg","datePublished":"2024-04-29T13:19:10+00:00","dateModified":"2025-05-24T17:38:21+00:00","description":"Kaufen Sie bromonordiazepam online Premium Forschungschemikalien, schneller Versand. Vertrauen Sie unserer Qualit\u00e4tssicherung f\u00fcr Ihren gesamten Forschungsbedarf. Jetzt bestellen","breadcrumb":{"@id":"https:\/\/chemsxpress.com\/product\/buy-3d-mxe-online\/#breadcrumb"},"inLanguage":"de","potentialAction":[{"@type":"ReadAction","target":["https:\/\/chemsxpress.com\/product\/buy-3d-mxe-online\/"]}]},{"@type":"ImageObject","inLanguage":"de","@id":"https:\/\/chemsxpress.com\/product\/buy-3d-mxe-online\/#primaryimage","url":"https:\/\/chemsxpress.com\/wp-content\/uploads\/2024\/04\/3D-MXE-pellets-40mg.jpg","contentUrl":"https:\/\/chemsxpress.com\/wp-content\/uploads\/2024\/04\/3D-MXE-pellets-40mg.jpg","width":600,"height":600,"caption":"Buy 4-HO-MET"},{"@type":"BreadcrumbList","@id":"https:\/\/chemsxpress.com\/product\/buy-3d-mxe-online\/#breadcrumb","itemListElement":[{"@type":"ListItem","position":1,"name":"Home","item":"https:\/\/chemsxpress.com\/"},{"@type":"ListItem","position":2,"name":"Shop","item":"https:\/\/chemsxpress.com\/shop\/"},{"@type":"ListItem","position":3,"name":"3D-MXE pellets 40mg"}]},{"@type":"WebSite","@id":"https:\/\/chemsxpress.com\/#website","url":"https:\/\/chemsxpress.com\/","name":"MDPHP EINKAUFEN","description":"MDPHP freebase von einem zuverl\u00e4ssigen Anbieter kaufen","potentialAction":[{"@type":"SearchAction","target":{"@type":"EntryPoint","urlTemplate":"https:\/\/chemsxpress.com\/?s={search_term_string}"},"query-input":{"@type":"PropertyValueSpecification","valueRequired":true,"valueName":"search_term_string"}}],"inLanguage":"de"}]}},"jetpack_sharing_enabled":true,"_links":{"self":[{"href":"https:\/\/chemsxpress.com\/de\/wp-json\/wp\/v2\/product\/28896","targetHints":{"allow":["GET"]}}],"collection":[{"href":"https:\/\/chemsxpress.com\/de\/wp-json\/wp\/v2\/product"}],"about":[{"href":"https:\/\/chemsxpress.com\/de\/wp-json\/wp\/v2\/types\/product"}],"replies":[{"embeddable":true,"href":"https:\/\/chemsxpress.com\/de\/wp-json\/wp\/v2\/comments?post=28896"}],"version-history":[{"count":4,"href":"https:\/\/chemsxpress.com\/de\/wp-json\/wp\/v2\/product\/28896\/revisions"}],"predecessor-version":[{"id":30031,"href":"https:\/\/chemsxpress.com\/de\/wp-json\/wp\/v2\/product\/28896\/revisions\/30031"}],"wp:featuredmedia":[{"embeddable":true,"href":"https:\/\/chemsxpress.com\/de\/wp-json\/wp\/v2\/media\/28927"}],"wp:attachment":[{"href":"https:\/\/chemsxpress.com\/de\/wp-json\/wp\/v2\/media?parent=28896"}],"wp:term":[{"taxonomy":"product_brand","embeddable":true,"href":"https:\/\/chemsxpress.com\/de\/wp-json\/wp\/v2\/product_brand?post=28896"},{"taxonomy":"product_cat","embeddable":true,"href":"https:\/\/chemsxpress.com\/de\/wp-json\/wp\/v2\/product_cat?post=28896"},{"taxonomy":"product_tag","embeddable":true,"href":"https:\/\/chemsxpress.com\/de\/wp-json\/wp\/v2\/product_tag?post=28896"}],"curies":[{"name":"wp","href":"https:\/\/api.w.org\/{rel}","templated":true}]}}