{"id":28898,"date":"2024-04-29T13:19:10","date_gmt":"2024-04-29T13:19:10","guid":{"rendered":"https:\/\/chemsxpress.com\/?post_type=product&#038;p=28898"},"modified":"2026-02-19T15:13:21","modified_gmt":"2026-02-19T15:13:21","slug":"bromazolam-online-kaufen","status":"publish","type":"product","link":"https:\/\/chemsxpress.com\/de\/produkt\/bromazolam-online-kaufen\/","title":{"rendered":"Bromazolam PELLETS 3mg"},"content":{"rendered":"<h1>Bromazolam online kaufen.<\/h1>\n<h4><strong>Willkommen bei ChemsXpress: Ihre Quelle f\u00fcr Bromazolam und hochwertige Forschungschemikalien<\/strong><\/h4>\n<p>Kaufen Sie Bromazolam online bei ChemsXpress. Wir haben es uns zur Aufgabe gemacht, Forschern den Zugang zu hochwertigen Forschungschemikalien f\u00fcr ihre wissenschaftlichen Untersuchungen zu erm\u00f6glichen. Unsere Mission ist es, Fortschritte in verschiedenen Bereichen der Studie zu unterst\u00fctzen, indem wir zuverl\u00e4ssige und innovative Verbindungen, einschlie\u00dflich Bromazolam, anbieten.<\/p>\n<p><strong>\u00dcber Bromazolam<\/strong><\/p>\n<p>Bromazolam ist ein Benzodiazepin-Derivat, das anxiolytische, sedierende und hypnotische Eigenschaften aufweist. Es ist strukturell mit anderen Benzodiazepinen wie Alprazolam und Bromazepam verwandt, hat aber einzigartige pharmakologische Eigenschaften. Forscher sind daran interessiert, Bromazolam auf seine potenziellen therapeutischen Anwendungen bei der Behandlung von Angstst\u00f6rungen, Schlaflosigkeit und anderen damit zusammenh\u00e4ngenden Erkrankungen zu untersuchen.<\/p>\n<p><strong>Unser Bekenntnis zur Qualit\u00e4t<\/strong><\/p>\n<p>Bei ChemsXpress legen wir bei allem, was wir tun, gr\u00f6\u00dften Wert auf Qualit\u00e4t und Zuverl\u00e4ssigkeit. Unser Bromazolam und andere <a href=\"https:\/\/chemsxpress.com\/de\/produktkategorie\/forschungschemikalien\/\">Forschungschemikalien<\/a> werden strengen Tests und Qualit\u00e4tskontrollma\u00dfnahmen unterzogen, um Reinheit, Wirksamkeit und Konsistenz zu gew\u00e4hrleisten. Wir arbeiten mit vertrauensw\u00fcrdigen Lieferanten zusammen und halten uns an strenge Normen, um Produkte zu liefern, die den h\u00f6chsten wissenschaftlichen Standards entsprechen.<\/p>\n<h4>Warum Bromazolam online kaufen?<\/h4>\n<ul>\n<li><strong>Erstklassige Qualit\u00e4t:<\/strong> Wir sind bestrebt, Forschern die hochwertigsten Forschungschemikalien zur Verf\u00fcgung zu stellen. Unser Bromazolam wird mit modernsten Techniken synthetisiert und gr\u00fcndlichen Tests unterzogen, um Reinheit und Wirksamkeit zu gew\u00e4hrleisten.<\/li>\n<li><strong>Schneller Versand:<\/strong> Wir bieten Forschern weltweit schnelle und zuverl\u00e4ssige Versandoptionen. Wir wissen, wie wichtig eine rechtzeitige Lieferung f\u00fcr Forschungsprojekte ist, und bem\u00fchen uns, dass Ihre Bestellung Sie schnell und sicher erreicht.<\/li>\n<li><strong>Engagierte Unterst\u00fctzung:<\/strong> Unser Team ist f\u00fcr Sie da und unterst\u00fctzt Sie bei jedem Schritt. Ganz gleich, ob Sie Fragen zu Produktspezifikationen, Versanddetails oder Bestellanfragen haben, unsere sachkundigen Mitarbeiter stehen Ihnen umgehend und hilfreich zur Seite.<\/li>\n<\/ul>\n<p><strong>Bromazolam heute bestellen<\/strong><\/p>\n<p>Sind Sie bereit, das Potenzial von Bromazolam f\u00fcr Ihre Forschung zu nutzen? St\u00f6bern Sie in unserem Katalog und geben Sie Ihre Bestellung vertrauensvoll auf. Mit <a href=\"https:\/\/chemsxpress.com\/de\/\">ChemsXpress<\/a> als Ihr zuverl\u00e4ssiger Partner k\u00f6nnen Sie Ihre wissenschaftlichen Untersuchungen mit Sicherheit und Pr\u00e4zision durchf\u00fchren.<\/p>\n<p>Vielen Dank, dass Sie ChemsXpress f\u00fcr Ihren Bedarf an Forschungschemikalien gew\u00e4hlt haben. Wir freuen uns darauf, Ihnen zu dienen<\/p>","protected":false},"excerpt":{"rendered":"<p><strong>Form: <\/strong>Pellets<\/p>\n<p><strong>NMR-Analyse: <\/strong>K.A.<\/p>","protected":false},"featured_media":28954,"comment_status":"open","ping_status":"closed","template":"","meta":[],"product_brand":[],"product_cat":[83],"product_tag":[],"class_list":{"0":"post-28898","1":"product","2":"type-product","3":"status-publish","4":"has-post-thumbnail","6":"product_cat-pellets","8":"first","9":"instock","10":"shipping-taxable","11":"purchasable","12":"product-type-variable"},"yoast_head":"<!-- This site is optimized with the Yoast SEO Premium plugin v24.1 (Yoast SEO v27.4) - https:\/\/yoast.com\/product\/yoast-seo-premium-wordpress\/ -->\n<title>Buy Bromazolam Online: Premium Quality RC&#039;s | ChemsXpress<\/title>\n<meta name=\"description\" content=\"Buy Bromazolam at ChemsXpress. Premium research chemicals, fast shipping. Trust our quality assurance for all your research needs. Order now\" \/>\n<meta name=\"robots\" content=\"index, follow, max-snippet:-1, max-image-preview:large, max-video-preview:-1\" \/>\n<link rel=\"canonical\" href=\"https:\/\/chemsxpress.com\/de\/produkt\/bromazolam-online-kaufen\/\" \/>\n<meta property=\"og:locale\" content=\"de_DE\" \/>\n<meta property=\"og:type\" content=\"article\" \/>\n<meta property=\"og:title\" content=\"bromazolam PELLETS 3mg\" \/>\n<meta property=\"og:description\" content=\"Buy Bromazolam at ChemsXpress. Premium research chemicals, fast shipping. Trust our quality assurance for all your research needs. Order now\" \/>\n<meta property=\"og:url\" content=\"https:\/\/chemsxpress.com\/de\/produkt\/bromazolam-online-kaufen\/\" \/>\n<meta property=\"og:site_name\" content=\"SHOP MDPHP\" \/>\n<meta property=\"article:modified_time\" content=\"2026-02-19T15:13:21+00:00\" \/>\n<meta property=\"og:image\" content=\"https:\/\/chemsxpress.com\/wp-content\/uploads\/2024\/04\/bromazolam-PELLETS-3mg.jpg\" \/>\n\t<meta property=\"og:image:width\" content=\"600\" \/>\n\t<meta property=\"og:image:height\" content=\"600\" \/>\n\t<meta property=\"og:image:type\" content=\"image\/jpeg\" \/>\n<meta name=\"twitter:card\" content=\"summary_large_image\" \/>\n<meta name=\"twitter:label1\" content=\"Gesch\u00e4tzte Lesezeit\" \/>\n\t<meta name=\"twitter:data1\" content=\"2\u00a0Minuten\" \/>\n<script type=\"application\/ld+json\" class=\"yoast-schema-graph\">{\"@context\":\"https:\\\/\\\/schema.org\",\"@graph\":[{\"@type\":\"WebPage\",\"@id\":\"https:\\\/\\\/chemsxpress.com\\\/product\\\/buy-bromazolam-online\\\/\",\"url\":\"https:\\\/\\\/chemsxpress.com\\\/product\\\/buy-bromazolam-online\\\/\",\"name\":\"Buy Bromazolam Online: Premium Quality RC's | ChemsXpress\",\"isPartOf\":{\"@id\":\"https:\\\/\\\/chemsxpress.com\\\/#website\"},\"primaryImageOfPage\":{\"@id\":\"https:\\\/\\\/chemsxpress.com\\\/product\\\/buy-bromazolam-online\\\/#primaryimage\"},\"image\":{\"@id\":\"https:\\\/\\\/chemsxpress.com\\\/product\\\/buy-bromazolam-online\\\/#primaryimage\"},\"thumbnailUrl\":\"https:\\\/\\\/chemsxpress.com\\\/wp-content\\\/uploads\\\/2024\\\/04\\\/bromazolam-PELLETS-3mg.jpg\",\"datePublished\":\"2024-04-29T13:19:10+00:00\",\"dateModified\":\"2026-02-19T15:13:21+00:00\",\"description\":\"Buy Bromazolam at ChemsXpress. Premium research chemicals, fast shipping. Trust our quality assurance for all your research needs. Order now\",\"breadcrumb\":{\"@id\":\"https:\\\/\\\/chemsxpress.com\\\/product\\\/buy-bromazolam-online\\\/#breadcrumb\"},\"inLanguage\":\"de\",\"potentialAction\":[{\"@type\":\"ReadAction\",\"target\":[\"https:\\\/\\\/chemsxpress.com\\\/product\\\/buy-bromazolam-online\\\/\"]}]},{\"@type\":\"ImageObject\",\"inLanguage\":\"de\",\"@id\":\"https:\\\/\\\/chemsxpress.com\\\/product\\\/buy-bromazolam-online\\\/#primaryimage\",\"url\":\"https:\\\/\\\/chemsxpress.com\\\/wp-content\\\/uploads\\\/2024\\\/04\\\/bromazolam-PELLETS-3mg.jpg\",\"contentUrl\":\"https:\\\/\\\/chemsxpress.com\\\/wp-content\\\/uploads\\\/2024\\\/04\\\/bromazolam-PELLETS-3mg.jpg\",\"width\":600,\"height\":600,\"caption\":\"Buy bromazolam online\"},{\"@type\":\"BreadcrumbList\",\"@id\":\"https:\\\/\\\/chemsxpress.com\\\/product\\\/buy-bromazolam-online\\\/#breadcrumb\",\"itemListElement\":[{\"@type\":\"ListItem\",\"position\":1,\"name\":\"Home\",\"item\":\"https:\\\/\\\/chemsxpress.com\\\/\"},{\"@type\":\"ListItem\",\"position\":2,\"name\":\"Shop\",\"item\":\"https:\\\/\\\/chemsxpress.com\\\/shop\\\/\"},{\"@type\":\"ListItem\",\"position\":3,\"name\":\"bromazolam PELLETS 3mg\"}]},{\"@type\":\"WebSite\",\"@id\":\"https:\\\/\\\/chemsxpress.com\\\/#website\",\"url\":\"https:\\\/\\\/chemsxpress.com\\\/\",\"name\":\"SHOP MDPHP\",\"description\":\"Buy MDPHP freebase from reliable supplier\",\"potentialAction\":[{\"@type\":\"SearchAction\",\"target\":{\"@type\":\"EntryPoint\",\"urlTemplate\":\"https:\\\/\\\/chemsxpress.com\\\/?s={search_term_string}\"},\"query-input\":{\"@type\":\"PropertyValueSpecification\",\"valueRequired\":true,\"valueName\":\"search_term_string\"}}],\"inLanguage\":\"de\"}]}<\/script>\n<!-- \/ Yoast SEO Premium plugin. -->","yoast_head_json":{"title":"Kaufen Sie Bromazolam online: RCs in Premiumqualit\u00e4t | ChemsXpress","description":"Kaufen Sie 2C-D Pellets bei ChemsXpress. Hochwertige Forschungschemikalien, schneller Versand. Vertrauen Sie unserer Qualit\u00e4tssicherung f\u00fcr Ihren gesamten Forschungsbedarf. Jetzt bestellen","robots":{"index":"index","follow":"follow","max-snippet":"max-snippet:-1","max-image-preview":"max-image-preview:large","max-video-preview":"max-video-preview:-1"},"canonical":"https:\/\/chemsxpress.com\/de\/produkt\/bromazolam-online-kaufen\/","og_locale":"de_DE","og_type":"article","og_title":"bromazolam PELLETS 3mg","og_description":"Buy Bromazolam at ChemsXpress. Premium research chemicals, fast shipping. Trust our quality assurance for all your research needs. Order now","og_url":"https:\/\/chemsxpress.com\/de\/produkt\/bromazolam-online-kaufen\/","og_site_name":"SHOP MDPHP","article_modified_time":"2026-02-19T15:13:21+00:00","og_image":[{"width":600,"height":600,"url":"https:\/\/chemsxpress.com\/wp-content\/uploads\/2024\/04\/bromazolam-PELLETS-3mg.jpg","type":"image\/jpeg"}],"twitter_card":"summary_large_image","twitter_misc":{"Gesch\u00e4tzte Lesezeit":"2\u00a0Minuten"},"schema":{"@context":"https:\/\/schema.org","@graph":[{"@type":"WebPage","@id":"https:\/\/chemsxpress.com\/product\/buy-bromazolam-online\/","url":"https:\/\/chemsxpress.com\/product\/buy-bromazolam-online\/","name":"Kaufen Sie Bromazolam online: RCs in Premiumqualit\u00e4t | ChemsXpress","isPartOf":{"@id":"https:\/\/chemsxpress.com\/#website"},"primaryImageOfPage":{"@id":"https:\/\/chemsxpress.com\/product\/buy-bromazolam-online\/#primaryimage"},"image":{"@id":"https:\/\/chemsxpress.com\/product\/buy-bromazolam-online\/#primaryimage"},"thumbnailUrl":"https:\/\/chemsxpress.com\/wp-content\/uploads\/2024\/04\/bromazolam-PELLETS-3mg.jpg","datePublished":"2024-04-29T13:19:10+00:00","dateModified":"2026-02-19T15:13:21+00:00","description":"Kaufen Sie 2C-D Pellets bei ChemsXpress. Hochwertige Forschungschemikalien, schneller Versand. Vertrauen Sie unserer Qualit\u00e4tssicherung f\u00fcr Ihren gesamten Forschungsbedarf. Jetzt bestellen","breadcrumb":{"@id":"https:\/\/chemsxpress.com\/product\/buy-bromazolam-online\/#breadcrumb"},"inLanguage":"de","potentialAction":[{"@type":"ReadAction","target":["https:\/\/chemsxpress.com\/product\/buy-bromazolam-online\/"]}]},{"@type":"ImageObject","inLanguage":"de","@id":"https:\/\/chemsxpress.com\/product\/buy-bromazolam-online\/#primaryimage","url":"https:\/\/chemsxpress.com\/wp-content\/uploads\/2024\/04\/bromazolam-PELLETS-3mg.jpg","contentUrl":"https:\/\/chemsxpress.com\/wp-content\/uploads\/2024\/04\/bromazolam-PELLETS-3mg.jpg","width":600,"height":600,"caption":"Buy bromazolam online"},{"@type":"BreadcrumbList","@id":"https:\/\/chemsxpress.com\/product\/buy-bromazolam-online\/#breadcrumb","itemListElement":[{"@type":"ListItem","position":1,"name":"Home","item":"https:\/\/chemsxpress.com\/"},{"@type":"ListItem","position":2,"name":"Shop","item":"https:\/\/chemsxpress.com\/shop\/"},{"@type":"ListItem","position":3,"name":"bromazolam PELLETS 3mg"}]},{"@type":"WebSite","@id":"https:\/\/chemsxpress.com\/#website","url":"https:\/\/chemsxpress.com\/","name":"MDPHP EINKAUFEN","description":"MDPHP freebase von einem zuverl\u00e4ssigen Anbieter kaufen","potentialAction":[{"@type":"SearchAction","target":{"@type":"EntryPoint","urlTemplate":"https:\/\/chemsxpress.com\/?s={search_term_string}"},"query-input":{"@type":"PropertyValueSpecification","valueRequired":true,"valueName":"search_term_string"}}],"inLanguage":"de"}]}},"jetpack_sharing_enabled":true,"_links":{"self":[{"href":"https:\/\/chemsxpress.com\/de\/wp-json\/wp\/v2\/product\/28898","targetHints":{"allow":["GET"]}}],"collection":[{"href":"https:\/\/chemsxpress.com\/de\/wp-json\/wp\/v2\/product"}],"about":[{"href":"https:\/\/chemsxpress.com\/de\/wp-json\/wp\/v2\/types\/product"}],"replies":[{"embeddable":true,"href":"https:\/\/chemsxpress.com\/de\/wp-json\/wp\/v2\/comments?post=28898"}],"version-history":[{"count":4,"href":"https:\/\/chemsxpress.com\/de\/wp-json\/wp\/v2\/product\/28898\/revisions"}],"predecessor-version":[{"id":30037,"href":"https:\/\/chemsxpress.com\/de\/wp-json\/wp\/v2\/product\/28898\/revisions\/30037"}],"wp:featuredmedia":[{"embeddable":true,"href":"https:\/\/chemsxpress.com\/de\/wp-json\/wp\/v2\/media\/28954"}],"wp:attachment":[{"href":"https:\/\/chemsxpress.com\/de\/wp-json\/wp\/v2\/media?parent=28898"}],"wp:term":[{"taxonomy":"product_brand","embeddable":true,"href":"https:\/\/chemsxpress.com\/de\/wp-json\/wp\/v2\/product_brand?post=28898"},{"taxonomy":"product_cat","embeddable":true,"href":"https:\/\/chemsxpress.com\/de\/wp-json\/wp\/v2\/product_cat?post=28898"},{"taxonomy":"product_tag","embeddable":true,"href":"https:\/\/chemsxpress.com\/de\/wp-json\/wp\/v2\/product_tag?post=28898"}],"curies":[{"name":"wp","href":"https:\/\/api.w.org\/{rel}","templated":true}]}}