{"id":28905,"date":"2024-04-29T13:19:11","date_gmt":"2024-04-29T13:19:11","guid":{"rendered":"https:\/\/chemsxpress.com\/?post_type=product&#038;p=28905"},"modified":"2024-07-04T22:38:29","modified_gmt":"2024-07-04T22:38:29","slug":"2-fea-3-fea-online-kaufen","status":"publish","type":"product","link":"https:\/\/chemsxpress.com\/de\/produkt\/2-fea-3-fea-online-kaufen\/","title":{"rendered":"2-FEA-K\u00fcgelchen 60mg"},"content":{"rendered":"<h1>Kaufen Sie 2-FEA\/3-FEA online<\/h1>\n<p>BUY 2-FEA\/3-FEA Online, 3Phoria ist eine Forschungschemikalie, die aus einer sorgf\u00e4ltigen Mischung von 2-FEA und 3-FEA besteht. Wissenschaftlichen Berichten zufolge erzeugt 2\/3-FEA die folgenden klassischen stimulierenden Wirkungen:<\/p>\n<p>2-FEA ist ein Stimulans der Amphetaminklasse und eng verwandt mit <a href=\"https:\/\/chemsxpress.com\/de\/produktkategorie\/forschungschemikalien\/\">2-FMA<\/a> auch bekannt als 2-Fluorethamphetamin. Die Ergebnisse nach wissenschaftlicher Forschung von 2-FEA sind verschiedene Stimulationen und Euphorie. 2-FEA, in der Theorie, effektiv erh\u00f6ht Ebenen der Monoamin, Neurotransmitter, Dopamin, Noradrenalin und Serotonin.<\/p>\n<p>3-FEA AKA 3-Fluormethamphetamin ist eine fluorierte Verbindung aus der Familie der Amphetamine. In Forschungsberichten wird 3-FEA als m\u00e4\u00dfig potenter, Serotonin-dominanter dreifacher Monoamin-Releaser beschrieben, der bei Testpersonen eine Mischung aus entaktogenen und leicht stimulierenden Wirkungen erzeugt.<\/p>\n<p>&nbsp;<\/p>\n<h2><strong>WIE VERWENDET MAN 2-FEA\/3-FEA (3PHORIA) PELLETS?<\/strong><\/h2>\n<p><a href=\"https:\/\/chemsxpress.com\/de\/produkt\/3-fea-pulver-kaufen\/\">2\/3-FEA-Pellets<\/a> gepresst zu 160 mg hochwertigen Pellets f\u00fcr Ihren gesamten Forschungsbedarf. Lagern Sie die Pellets an einem trockenen und k\u00fchlen Ort, um eine maximale Haltbarkeit zu erreichen. <a href=\"https:\/\/chemsxpress.com\/de\/produkt\/3d-mxe-online-kaufen\/\">Pellet ist 40mg<\/a> von 2-FEA auf 120mg von 3-FEA. Lagern Sie das Produkt an einem trockenen und k\u00fchlen Ort, um es m\u00f6glichst lange haltbar zu machen. Achten Sie beim Umgang mit Forschungschemikalien darauf, dass Sie im Labor immer die entsprechenden Vorsichtsma\u00dfnahmen treffen, z. B. Oberfl\u00e4chen abwischen und Handschuhe, eine Maske und Schutzkleidung tragen.<\/p>\n<p>&nbsp;<\/p>\n<h2><strong>DEFINITION 2-FEA\/3-FEA (3PHORIA)<\/strong><\/h2>\n<p>Die Definition von 2-FEA\/3FEA (3phoria) ist offiziell als 2-Fluorethamphetamin und 3-Fluorethamphetamin bekannt, beides starke synthetische Amphetamine. 2-Fluorethamphetamin und 3-Fluorethamphetamin sind strukturell mit einer Reihe von fluorsubstituierten Amphetaminen verwandt, die urspr\u00fcnglich Verbindungen wie 2-FA, 3-FA, 4-FA, 2-FMA und 4-FMA umfassten.<\/p>\n<p>&nbsp;<\/p>\n<h2><strong>CHEMIE HINTERGRUNDINFORMATIONEN 2-FEA\/3-FEA (3PHORIA)<\/strong><\/h2>\n<p>2-FEA\/3-FEA sind ein synthetisches Molek\u00fcl aus der Klasse der Amphetamine. Molek\u00fcle dieser Klasse enthalten einen Phenethylaminkern. Dieser Kern besteht aus einem Phenylring, der \u00fcber eine mit einer Methylgruppe substituierte Ethylkette an eine Aminogruppe gebunden ist (d. h. Amphetamine sind alpha-methylierte Phenethylamine). 3-FEA ist das fluorierte Analogon von Ethylamphetamin, das auch als Ethamphetamin bekannt ist, in der 3-Position. Es weist strukturelle \u00c4hnlichkeiten mit Fenfluramin 3-FA auf. Diese Verbindung wird erst seit kurzem wissenschaftlich erforscht und ist relativ neu auf dem Markt f\u00fcr Forschungschemikalien. Es wird daher dringend empfohlen, bei der Verwendung dieser Substanz Praktiken zur Schadensbegrenzung anzuwenden.<\/p>\n<p>&nbsp;<\/p>\n<h2><strong>WO KANN MAN 2-FEA\/3-FEA (3PHORIA) KAUFEN?<\/strong><\/h2>\n<p>2-FEA\/3FEA (3phoria) k\u00f6nnen Sie hier auf der <a href=\"https:\/\/chemsxpress.com\/de\/\">ChemsXpress<\/a>\u00a0Website. Wir verkaufen 2-FEA\/3FEA (3phoria) in Premiumqualit\u00e4t, in der Regel in Form von Pellets. Wir haben jedoch oft auch andere Substanzformen zur Verf\u00fcgung, also z\u00f6gern Sie nicht, uns zu kontaktieren, um zu sehen, ob wir Ihre bevorzugte Substanzform auf Lager haben. Sie m\u00fcssen mindestens 18 Jahre alt sein, um 2-FEA\/3FEA (3phoria) bei uns zu kaufen.<\/p>","protected":false},"excerpt":{"rendered":"<p><strong>IUPAC-Name: <\/strong>N-Ethyl-2-fluor-\u03b1-methyl-benzol-ethanamin, Monohydrochlorid<\/p>\n<p><strong>CAS # <\/strong>3871-89-4<\/p>\n<p><strong>Erscheinungsbild: <\/strong>Pellets<\/p>\n<p><strong>NMR-Analyse: <\/strong>k.A.<\/p>","protected":false},"featured_media":28983,"comment_status":"open","ping_status":"closed","template":"","meta":[],"product_brand":[],"product_cat":[83],"product_tag":[],"class_list":{"0":"post-28905","1":"product","2":"type-product","3":"status-publish","4":"has-post-thumbnail","6":"product_cat-pellets","8":"first","9":"instock","10":"shipping-taxable","11":"purchasable","12":"product-type-variable"},"yoast_head":"<!-- This site is optimized with the Yoast SEO Premium plugin v24.1 (Yoast SEO v27.3) - https:\/\/yoast.com\/product\/yoast-seo-premium-wordpress\/ -->\n<title>Buy 2-FEA\/3-FEA Online: Research Chemicals | ChemsXpress<\/title>\n<meta name=\"description\" content=\"BUY 2-FEA\/3-FEA Online at ChemsXpress. Premium research chemicals, fast shipping. Trust our quality assurance for all your research needs. Order now\" \/>\n<meta name=\"robots\" content=\"index, follow, max-snippet:-1, max-image-preview:large, max-video-preview:-1\" \/>\n<link rel=\"canonical\" href=\"https:\/\/chemsxpress.com\/de\/produkt\/2-fea-3-fea-online-kaufen\/\" \/>\n<meta property=\"og:locale\" content=\"de_DE\" \/>\n<meta property=\"og:type\" content=\"article\" \/>\n<meta property=\"og:title\" content=\"2-FEA pellets 60mg\" \/>\n<meta property=\"og:description\" content=\"BUY 2-FEA\/3-FEA Online at ChemsXpress. Premium research chemicals, fast shipping. Trust our quality assurance for all your research needs. Order now\" \/>\n<meta property=\"og:url\" content=\"https:\/\/chemsxpress.com\/de\/produkt\/2-fea-3-fea-online-kaufen\/\" \/>\n<meta property=\"og:site_name\" content=\"SHOP MDPHP\" \/>\n<meta property=\"article:modified_time\" content=\"2024-07-04T22:38:29+00:00\" \/>\n<meta property=\"og:image\" content=\"https:\/\/chemsxpress.com\/wp-content\/uploads\/2024\/04\/2-FEA-pellets-60mg.jpg\" \/>\n\t<meta property=\"og:image:width\" content=\"600\" \/>\n\t<meta property=\"og:image:height\" content=\"600\" \/>\n\t<meta property=\"og:image:type\" content=\"image\/jpeg\" \/>\n<meta name=\"twitter:card\" content=\"summary_large_image\" \/>\n<meta name=\"twitter:label1\" content=\"Gesch\u00e4tzte Lesezeit\" \/>\n\t<meta name=\"twitter:data1\" content=\"2\u00a0Minuten\" \/>\n<script type=\"application\/ld+json\" class=\"yoast-schema-graph\">{\"@context\":\"https:\\\/\\\/schema.org\",\"@graph\":[{\"@type\":\"WebPage\",\"@id\":\"https:\\\/\\\/chemsxpress.com\\\/product\\\/buy-2-fea-3-fea-online\\\/\",\"url\":\"https:\\\/\\\/chemsxpress.com\\\/product\\\/buy-2-fea-3-fea-online\\\/\",\"name\":\"Buy 2-FEA\\\/3-FEA Online: Research Chemicals | ChemsXpress\",\"isPartOf\":{\"@id\":\"https:\\\/\\\/chemsxpress.com\\\/#website\"},\"primaryImageOfPage\":{\"@id\":\"https:\\\/\\\/chemsxpress.com\\\/product\\\/buy-2-fea-3-fea-online\\\/#primaryimage\"},\"image\":{\"@id\":\"https:\\\/\\\/chemsxpress.com\\\/product\\\/buy-2-fea-3-fea-online\\\/#primaryimage\"},\"thumbnailUrl\":\"https:\\\/\\\/chemsxpress.com\\\/wp-content\\\/uploads\\\/2024\\\/04\\\/2-FEA-pellets-60mg.jpg\",\"datePublished\":\"2024-04-29T13:19:11+00:00\",\"dateModified\":\"2024-07-04T22:38:29+00:00\",\"description\":\"BUY 2-FEA\\\/3-FEA Online at ChemsXpress. Premium research chemicals, fast shipping. Trust our quality assurance for all your research needs. Order now\",\"breadcrumb\":{\"@id\":\"https:\\\/\\\/chemsxpress.com\\\/product\\\/buy-2-fea-3-fea-online\\\/#breadcrumb\"},\"inLanguage\":\"de\",\"potentialAction\":[{\"@type\":\"ReadAction\",\"target\":[\"https:\\\/\\\/chemsxpress.com\\\/product\\\/buy-2-fea-3-fea-online\\\/\"]}]},{\"@type\":\"ImageObject\",\"inLanguage\":\"de\",\"@id\":\"https:\\\/\\\/chemsxpress.com\\\/product\\\/buy-2-fea-3-fea-online\\\/#primaryimage\",\"url\":\"https:\\\/\\\/chemsxpress.com\\\/wp-content\\\/uploads\\\/2024\\\/04\\\/2-FEA-pellets-60mg.jpg\",\"contentUrl\":\"https:\\\/\\\/chemsxpress.com\\\/wp-content\\\/uploads\\\/2024\\\/04\\\/2-FEA-pellets-60mg.jpg\",\"width\":600,\"height\":600,\"caption\":\"BUY 2-FEA\\\/3-FEA Online\"},{\"@type\":\"BreadcrumbList\",\"@id\":\"https:\\\/\\\/chemsxpress.com\\\/product\\\/buy-2-fea-3-fea-online\\\/#breadcrumb\",\"itemListElement\":[{\"@type\":\"ListItem\",\"position\":1,\"name\":\"Home\",\"item\":\"https:\\\/\\\/chemsxpress.com\\\/\"},{\"@type\":\"ListItem\",\"position\":2,\"name\":\"Shop\",\"item\":\"https:\\\/\\\/chemsxpress.com\\\/shop\\\/\"},{\"@type\":\"ListItem\",\"position\":3,\"name\":\"2-FEA pellets 60mg\"}]},{\"@type\":\"WebSite\",\"@id\":\"https:\\\/\\\/chemsxpress.com\\\/#website\",\"url\":\"https:\\\/\\\/chemsxpress.com\\\/\",\"name\":\"SHOP MDPHP\",\"description\":\"Buy MDPHP freebase from reliable supplier\",\"potentialAction\":[{\"@type\":\"SearchAction\",\"target\":{\"@type\":\"EntryPoint\",\"urlTemplate\":\"https:\\\/\\\/chemsxpress.com\\\/?s={search_term_string}\"},\"query-input\":{\"@type\":\"PropertyValueSpecification\",\"valueRequired\":true,\"valueName\":\"search_term_string\"}}],\"inLanguage\":\"de\"}]}<\/script>\n<!-- \/ Yoast SEO Premium plugin. -->","yoast_head_json":{"title":"Kaufen Sie 2-FEA\/3-FEA online: Forschungschemikalien | ChemsXpress","description":"Kaufen Sie bromonordiazepam online Premium Forschungschemikalien, schneller Versand. Vertrauen Sie unserer Qualit\u00e4tssicherung f\u00fcr Ihren gesamten Forschungsbedarf. Jetzt bestellen","robots":{"index":"index","follow":"follow","max-snippet":"max-snippet:-1","max-image-preview":"max-image-preview:large","max-video-preview":"max-video-preview:-1"},"canonical":"https:\/\/chemsxpress.com\/de\/produkt\/2-fea-3-fea-online-kaufen\/","og_locale":"de_DE","og_type":"article","og_title":"2-FEA pellets 60mg","og_description":"BUY 2-FEA\/3-FEA Online at ChemsXpress. Premium research chemicals, fast shipping. Trust our quality assurance for all your research needs. Order now","og_url":"https:\/\/chemsxpress.com\/de\/produkt\/2-fea-3-fea-online-kaufen\/","og_site_name":"SHOP MDPHP","article_modified_time":"2024-07-04T22:38:29+00:00","og_image":[{"width":600,"height":600,"url":"https:\/\/chemsxpress.com\/wp-content\/uploads\/2024\/04\/2-FEA-pellets-60mg.jpg","type":"image\/jpeg"}],"twitter_card":"summary_large_image","twitter_misc":{"Gesch\u00e4tzte Lesezeit":"2\u00a0Minuten"},"schema":{"@context":"https:\/\/schema.org","@graph":[{"@type":"WebPage","@id":"https:\/\/chemsxpress.com\/product\/buy-2-fea-3-fea-online\/","url":"https:\/\/chemsxpress.com\/product\/buy-2-fea-3-fea-online\/","name":"Kaufen Sie 2-FEA\/3-FEA online: Forschungschemikalien | ChemsXpress","isPartOf":{"@id":"https:\/\/chemsxpress.com\/#website"},"primaryImageOfPage":{"@id":"https:\/\/chemsxpress.com\/product\/buy-2-fea-3-fea-online\/#primaryimage"},"image":{"@id":"https:\/\/chemsxpress.com\/product\/buy-2-fea-3-fea-online\/#primaryimage"},"thumbnailUrl":"https:\/\/chemsxpress.com\/wp-content\/uploads\/2024\/04\/2-FEA-pellets-60mg.jpg","datePublished":"2024-04-29T13:19:11+00:00","dateModified":"2024-07-04T22:38:29+00:00","description":"Kaufen Sie bromonordiazepam online Premium Forschungschemikalien, schneller Versand. Vertrauen Sie unserer Qualit\u00e4tssicherung f\u00fcr Ihren gesamten Forschungsbedarf. Jetzt bestellen","breadcrumb":{"@id":"https:\/\/chemsxpress.com\/product\/buy-2-fea-3-fea-online\/#breadcrumb"},"inLanguage":"de","potentialAction":[{"@type":"ReadAction","target":["https:\/\/chemsxpress.com\/product\/buy-2-fea-3-fea-online\/"]}]},{"@type":"ImageObject","inLanguage":"de","@id":"https:\/\/chemsxpress.com\/product\/buy-2-fea-3-fea-online\/#primaryimage","url":"https:\/\/chemsxpress.com\/wp-content\/uploads\/2024\/04\/2-FEA-pellets-60mg.jpg","contentUrl":"https:\/\/chemsxpress.com\/wp-content\/uploads\/2024\/04\/2-FEA-pellets-60mg.jpg","width":600,"height":600,"caption":"BUY 2-FEA\/3-FEA Online"},{"@type":"BreadcrumbList","@id":"https:\/\/chemsxpress.com\/product\/buy-2-fea-3-fea-online\/#breadcrumb","itemListElement":[{"@type":"ListItem","position":1,"name":"Home","item":"https:\/\/chemsxpress.com\/"},{"@type":"ListItem","position":2,"name":"Shop","item":"https:\/\/chemsxpress.com\/shop\/"},{"@type":"ListItem","position":3,"name":"2-FEA pellets 60mg"}]},{"@type":"WebSite","@id":"https:\/\/chemsxpress.com\/#website","url":"https:\/\/chemsxpress.com\/","name":"MDPHP EINKAUFEN","description":"MDPHP freebase von einem zuverl\u00e4ssigen Anbieter kaufen","potentialAction":[{"@type":"SearchAction","target":{"@type":"EntryPoint","urlTemplate":"https:\/\/chemsxpress.com\/?s={search_term_string}"},"query-input":{"@type":"PropertyValueSpecification","valueRequired":true,"valueName":"search_term_string"}}],"inLanguage":"de"}]}},"jetpack_sharing_enabled":true,"_links":{"self":[{"href":"https:\/\/chemsxpress.com\/de\/wp-json\/wp\/v2\/product\/28905","targetHints":{"allow":["GET"]}}],"collection":[{"href":"https:\/\/chemsxpress.com\/de\/wp-json\/wp\/v2\/product"}],"about":[{"href":"https:\/\/chemsxpress.com\/de\/wp-json\/wp\/v2\/types\/product"}],"replies":[{"embeddable":true,"href":"https:\/\/chemsxpress.com\/de\/wp-json\/wp\/v2\/comments?post=28905"}],"version-history":[{"count":4,"href":"https:\/\/chemsxpress.com\/de\/wp-json\/wp\/v2\/product\/28905\/revisions"}],"predecessor-version":[{"id":30026,"href":"https:\/\/chemsxpress.com\/de\/wp-json\/wp\/v2\/product\/28905\/revisions\/30026"}],"wp:featuredmedia":[{"embeddable":true,"href":"https:\/\/chemsxpress.com\/de\/wp-json\/wp\/v2\/media\/28983"}],"wp:attachment":[{"href":"https:\/\/chemsxpress.com\/de\/wp-json\/wp\/v2\/media?parent=28905"}],"wp:term":[{"taxonomy":"product_brand","embeddable":true,"href":"https:\/\/chemsxpress.com\/de\/wp-json\/wp\/v2\/product_brand?post=28905"},{"taxonomy":"product_cat","embeddable":true,"href":"https:\/\/chemsxpress.com\/de\/wp-json\/wp\/v2\/product_cat?post=28905"},{"taxonomy":"product_tag","embeddable":true,"href":"https:\/\/chemsxpress.com\/de\/wp-json\/wp\/v2\/product_tag?post=28905"}],"curies":[{"name":"wp","href":"https:\/\/api.w.org\/{rel}","templated":true}]}}