{"id":28930,"date":"2024-04-29T13:19:33","date_gmt":"2024-04-29T13:19:33","guid":{"rendered":"https:\/\/chemsxpress.com\/?post_type=product&#038;p=28930"},"modified":"2024-07-04T22:31:23","modified_gmt":"2024-07-04T22:31:23","slug":"2-fea-3-fea-kaufen","status":"publish","type":"product","link":"https:\/\/chemsxpress.com\/de\/produkt\/2-fea-3-fea-kaufen\/","title":{"rendered":"3-FEA-K\u00fcgelchen 150mg"},"content":{"rendered":"<h2><strong>2-FEA\/3-FEA KAUFEN<\/strong><\/h2>\n<p>BUY 2-FEA\/3-FEA 3Phoria ist eine Forschungschemikalie, die aus einer sorgf\u00e4ltigen Mischung von 2-FEA und 3-FEA besteht. Wissenschaftlichen Berichten zufolge erzeugt 2\/3-FEA die folgenden klassischen stimulierenden Wirkungen:<\/p>\n<p>2-FEA ist ein Stimulans der Amphetaminklasse und eng verwandt mit 2-FMA, auch bekannt als 2-Fluorethamphetamin. Die Ergebnisse der wissenschaftlichen Untersuchung von 2-FEA sind unterschiedliche Stimulationen und Euphorie. 2-FEA, in der Theorie, effektiv erh\u00f6ht Ebenen der Monoamin, Neurotransmitter, Dopamin, Noradrenalin und Serotonin.<\/p>\n<p>3-FEA AKA 3-Fluormethamphetamin ist eine fluorierte Verbindung aus der Familie der Amphetamine. In Forschungsberichten wird 3-FEA als m\u00e4\u00dfig potenter, Serotonin-dominanter dreifacher Monoamin-Releaser beschrieben, der bei Testpersonen eine Mischung aus entaktogenen und leicht stimulierenden Wirkungen erzeugt.<\/p>\n<p>&nbsp;<\/p>\n<h2><strong>WIE VERWENDET MAN 2-FEA\/3-FEA (3PHORIA) PELLETS?<\/strong><\/h2>\n<p><a href=\"https:\/\/chemsxpress.com\/de\/produkt\/3-fea-pulver-kaufen\/\">2\/3-FEA-Pellets<\/a> gepresst zu 160 mg hochwertigen Pellets f\u00fcr Ihren gesamten Forschungsbedarf. Lagern Sie die Pellets an einem trockenen und k\u00fchlen Ort, um eine maximale Haltbarkeit zu erreichen. <a href=\"https:\/\/chemsxpress.com\/de\/produkt\/3d-mxe-online-kaufen\/\">Pellet ist 40mg<\/a> von 2-FEA auf 120mg von 3-FEA. Lagern Sie das Produkt an einem trockenen und k\u00fchlen Ort, um es m\u00f6glichst lange haltbar zu machen. Achten Sie beim Umgang mit Forschungschemikalien darauf, dass Sie im Labor immer die entsprechenden Vorsichtsma\u00dfnahmen treffen, z. B. Oberfl\u00e4chen abwischen und Handschuhe, eine Maske und Schutzkleidung tragen.<\/p>\n<p>&nbsp;<\/p>\n<h2><strong>DEFINITION 2-FEA\/3-FEA (3PHORIA)<\/strong><\/h2>\n<p>Die Definition von 2-FEA\/3FEA (3phoria) ist offiziell bekannt als<a href=\"https:\/\/chemsxpress.com\/de\/produktkategorie\/forschungschemikalien\/\">s 2-Fluorethamphetamin<\/a> und 3-Fluorethamphetamin, beides starke synthetische Amphetamine. 2-Fluorethamphetamin und 3-Fluorethamphetamin sind strukturell mit einer Reihe von fluorsubstituierten Amphetaminen verwandt, die urspr\u00fcnglich Verbindungen wie 2-FA, 3-FA, 4-FA, 2-FMA und 4-FMA umfassten.<\/p>\n<p>&nbsp;<\/p>\n<h2><strong>CHEMIE HINTERGRUNDINFORMATIONEN 2-FEA\/3-FEA (3PHORIA)<\/strong><\/h2>\n<p>2-FEA\/3-FEA sind ein synthetisches Molek\u00fcl aus der Klasse der Amphetamine. Molek\u00fcle dieser Klasse enthalten einen Phenethylaminkern. Dieser Kern besteht aus einem Phenylring, der \u00fcber eine mit einer Methylgruppe substituierte Ethylkette an eine Aminogruppe gebunden ist (d. h. Amphetamine sind alpha-methylierte Phenethylamine). 3-FEA ist das fluorierte Analogon von Ethylamphetamin, das auch als Ethamphetamin bekannt ist, in der 3-Position. Es weist strukturelle \u00c4hnlichkeiten mit Fenfluramin 3-FA auf. Diese Verbindung wird erst seit kurzem wissenschaftlich erforscht und ist relativ neu auf dem Markt f\u00fcr Forschungschemikalien. Es wird daher dringend empfohlen, bei der Verwendung dieser Substanz Praktiken zur Schadensbegrenzung anzuwenden.<\/p>\n<p>&nbsp;<\/p>\n<h2><strong>WO KANN MAN 2-FEA\/3-FEA (3-PHORIA) KAUFEN?<\/strong><\/h2>\n<p>2-FEA\/3FEA (3phoria) k\u00f6nnen Sie hier auf der <a href=\"https:\/\/chemsxpress.com\/de\/\">ChemsXpress<\/a> Website. Wir verkaufen 2-FEA\/3FEA (3phoria) in Premiumqualit\u00e4t, in der Regel in Form von Pellets. Wir haben jedoch oft auch andere Substanzformen zur Verf\u00fcgung, also z\u00f6gern Sie nicht, uns zu kontaktieren, um zu sehen, ob wir Ihre bevorzugte Substanzform auf Lager haben. Sie m\u00fcssen mindestens 18 Jahre alt sein, um 2-FEA\/3FEA (3phoria) bei uns zu kaufen.<\/p>\n<p>&nbsp;<\/p>","protected":false},"excerpt":{"rendered":"<p><strong>IUPAC-Name:<\/strong><\/p>\n<p><strong>Erscheinungsbild: <\/strong>Pellet<\/p>\n<p><strong>NMR-Analyse: <\/strong>K.A.<\/p>","protected":false},"featured_media":28986,"comment_status":"open","ping_status":"closed","template":"","meta":[],"product_brand":[],"product_cat":[83],"product_tag":[],"class_list":{"0":"post-28930","1":"product","2":"type-product","3":"status-publish","4":"has-post-thumbnail","6":"product_cat-pellets","8":"first","9":"instock","10":"shipping-taxable","11":"purchasable","12":"product-type-variable"},"yoast_head":"<!-- This site is optimized with the Yoast SEO Premium plugin v24.1 (Yoast SEO v27.4) - https:\/\/yoast.com\/product\/yoast-seo-premium-wordpress\/ -->\n<title>Buy 2-FEA\/3-FEA Online: Premium Quality RC&#039;s | ChemsXpress&quot;<\/title>\n<meta name=\"description\" content=\"Discover 2-FEA and 3-FEA at ChemsXpress. Premium research chemicals, fast shipping. Trust our quality assurance for all your research needs. Order no\" \/>\n<meta name=\"robots\" content=\"index, follow, max-snippet:-1, max-image-preview:large, max-video-preview:-1\" \/>\n<link rel=\"canonical\" href=\"https:\/\/chemsxpress.com\/de\/produkt\/2-fea-3-fea-kaufen\/\" \/>\n<meta property=\"og:locale\" content=\"de_DE\" \/>\n<meta property=\"og:type\" content=\"article\" \/>\n<meta property=\"og:title\" content=\"3-FEA pellets 150mg\" \/>\n<meta property=\"og:description\" content=\"Discover 2-FEA and 3-FEA at ChemsXpress. Premium research chemicals, fast shipping. Trust our quality assurance for all your research needs. Order no\" \/>\n<meta property=\"og:url\" content=\"https:\/\/chemsxpress.com\/de\/produkt\/2-fea-3-fea-kaufen\/\" \/>\n<meta property=\"og:site_name\" content=\"SHOP MDPHP\" \/>\n<meta property=\"article:modified_time\" content=\"2024-07-04T22:31:23+00:00\" \/>\n<meta property=\"og:image\" content=\"https:\/\/chemsxpress.com\/wp-content\/uploads\/2024\/04\/3-FEA-pellets-150mg.jpg\" \/>\n\t<meta property=\"og:image:width\" content=\"600\" \/>\n\t<meta property=\"og:image:height\" content=\"600\" \/>\n\t<meta property=\"og:image:type\" content=\"image\/jpeg\" \/>\n<meta name=\"twitter:card\" content=\"summary_large_image\" \/>\n<meta name=\"twitter:label1\" content=\"Gesch\u00e4tzte Lesezeit\" \/>\n\t<meta name=\"twitter:data1\" content=\"2\u00a0Minuten\" \/>\n<script type=\"application\/ld+json\" class=\"yoast-schema-graph\">{\"@context\":\"https:\\\/\\\/schema.org\",\"@graph\":[{\"@type\":\"WebPage\",\"@id\":\"https:\\\/\\\/chemsxpress.com\\\/product\\\/buy-2-fea-3-fea\\\/\",\"url\":\"https:\\\/\\\/chemsxpress.com\\\/product\\\/buy-2-fea-3-fea\\\/\",\"name\":\"Buy 2-FEA\\\/3-FEA Online: Premium Quality RC's | ChemsXpress\\\"\",\"isPartOf\":{\"@id\":\"https:\\\/\\\/chemsxpress.com\\\/#website\"},\"primaryImageOfPage\":{\"@id\":\"https:\\\/\\\/chemsxpress.com\\\/product\\\/buy-2-fea-3-fea\\\/#primaryimage\"},\"image\":{\"@id\":\"https:\\\/\\\/chemsxpress.com\\\/product\\\/buy-2-fea-3-fea\\\/#primaryimage\"},\"thumbnailUrl\":\"https:\\\/\\\/chemsxpress.com\\\/wp-content\\\/uploads\\\/2024\\\/04\\\/3-FEA-pellets-150mg.jpg\",\"datePublished\":\"2024-04-29T13:19:33+00:00\",\"dateModified\":\"2024-07-04T22:31:23+00:00\",\"description\":\"Discover 2-FEA and 3-FEA at ChemsXpress. Premium research chemicals, fast shipping. Trust our quality assurance for all your research needs. Order no\",\"breadcrumb\":{\"@id\":\"https:\\\/\\\/chemsxpress.com\\\/product\\\/buy-2-fea-3-fea\\\/#breadcrumb\"},\"inLanguage\":\"de\",\"potentialAction\":[{\"@type\":\"ReadAction\",\"target\":[\"https:\\\/\\\/chemsxpress.com\\\/product\\\/buy-2-fea-3-fea\\\/\"]}]},{\"@type\":\"ImageObject\",\"inLanguage\":\"de\",\"@id\":\"https:\\\/\\\/chemsxpress.com\\\/product\\\/buy-2-fea-3-fea\\\/#primaryimage\",\"url\":\"https:\\\/\\\/chemsxpress.com\\\/wp-content\\\/uploads\\\/2024\\\/04\\\/3-FEA-pellets-150mg.jpg\",\"contentUrl\":\"https:\\\/\\\/chemsxpress.com\\\/wp-content\\\/uploads\\\/2024\\\/04\\\/3-FEA-pellets-150mg.jpg\",\"width\":600,\"height\":600,\"caption\":\"BUY 2-FEA\\\/3-FEA\"},{\"@type\":\"BreadcrumbList\",\"@id\":\"https:\\\/\\\/chemsxpress.com\\\/product\\\/buy-2-fea-3-fea\\\/#breadcrumb\",\"itemListElement\":[{\"@type\":\"ListItem\",\"position\":1,\"name\":\"Home\",\"item\":\"https:\\\/\\\/chemsxpress.com\\\/\"},{\"@type\":\"ListItem\",\"position\":2,\"name\":\"Shop\",\"item\":\"https:\\\/\\\/chemsxpress.com\\\/shop\\\/\"},{\"@type\":\"ListItem\",\"position\":3,\"name\":\"3-FEA pellets 150mg\"}]},{\"@type\":\"WebSite\",\"@id\":\"https:\\\/\\\/chemsxpress.com\\\/#website\",\"url\":\"https:\\\/\\\/chemsxpress.com\\\/\",\"name\":\"SHOP MDPHP\",\"description\":\"Buy MDPHP freebase from reliable supplier\",\"potentialAction\":[{\"@type\":\"SearchAction\",\"target\":{\"@type\":\"EntryPoint\",\"urlTemplate\":\"https:\\\/\\\/chemsxpress.com\\\/?s={search_term_string}\"},\"query-input\":{\"@type\":\"PropertyValueSpecification\",\"valueRequired\":true,\"valueName\":\"search_term_string\"}}],\"inLanguage\":\"de\"}]}<\/script>\n<!-- \/ Yoast SEO Premium plugin. -->","yoast_head_json":{"title":"Kaufen Sie 2-FEA\/3-FEA online: RCs in Premiumqualit\u00e4t | ChemsXpress\"","description":"Kaufen Sie bromonordiazepam online Premium Forschungschemikalien, schneller Versand. Vertrauen Sie unserer Qualit\u00e4tssicherung f\u00fcr Ihren gesamten Forschungsbedarf. Jetzt bestellen","robots":{"index":"index","follow":"follow","max-snippet":"max-snippet:-1","max-image-preview":"max-image-preview:large","max-video-preview":"max-video-preview:-1"},"canonical":"https:\/\/chemsxpress.com\/de\/produkt\/2-fea-3-fea-kaufen\/","og_locale":"de_DE","og_type":"article","og_title":"3-FEA pellets 150mg","og_description":"Discover 2-FEA and 3-FEA at ChemsXpress. Premium research chemicals, fast shipping. Trust our quality assurance for all your research needs. Order no","og_url":"https:\/\/chemsxpress.com\/de\/produkt\/2-fea-3-fea-kaufen\/","og_site_name":"SHOP MDPHP","article_modified_time":"2024-07-04T22:31:23+00:00","og_image":[{"width":600,"height":600,"url":"https:\/\/chemsxpress.com\/wp-content\/uploads\/2024\/04\/3-FEA-pellets-150mg.jpg","type":"image\/jpeg"}],"twitter_card":"summary_large_image","twitter_misc":{"Gesch\u00e4tzte Lesezeit":"2\u00a0Minuten"},"schema":{"@context":"https:\/\/schema.org","@graph":[{"@type":"WebPage","@id":"https:\/\/chemsxpress.com\/product\/buy-2-fea-3-fea\/","url":"https:\/\/chemsxpress.com\/product\/buy-2-fea-3-fea\/","name":"Kaufen Sie 2-FEA\/3-FEA online: RCs in Premiumqualit\u00e4t | ChemsXpress\"","isPartOf":{"@id":"https:\/\/chemsxpress.com\/#website"},"primaryImageOfPage":{"@id":"https:\/\/chemsxpress.com\/product\/buy-2-fea-3-fea\/#primaryimage"},"image":{"@id":"https:\/\/chemsxpress.com\/product\/buy-2-fea-3-fea\/#primaryimage"},"thumbnailUrl":"https:\/\/chemsxpress.com\/wp-content\/uploads\/2024\/04\/3-FEA-pellets-150mg.jpg","datePublished":"2024-04-29T13:19:33+00:00","dateModified":"2024-07-04T22:31:23+00:00","description":"Kaufen Sie bromonordiazepam online Premium Forschungschemikalien, schneller Versand. Vertrauen Sie unserer Qualit\u00e4tssicherung f\u00fcr Ihren gesamten Forschungsbedarf. Jetzt bestellen","breadcrumb":{"@id":"https:\/\/chemsxpress.com\/product\/buy-2-fea-3-fea\/#breadcrumb"},"inLanguage":"de","potentialAction":[{"@type":"ReadAction","target":["https:\/\/chemsxpress.com\/product\/buy-2-fea-3-fea\/"]}]},{"@type":"ImageObject","inLanguage":"de","@id":"https:\/\/chemsxpress.com\/product\/buy-2-fea-3-fea\/#primaryimage","url":"https:\/\/chemsxpress.com\/wp-content\/uploads\/2024\/04\/3-FEA-pellets-150mg.jpg","contentUrl":"https:\/\/chemsxpress.com\/wp-content\/uploads\/2024\/04\/3-FEA-pellets-150mg.jpg","width":600,"height":600,"caption":"BUY 2-FEA\/3-FEA"},{"@type":"BreadcrumbList","@id":"https:\/\/chemsxpress.com\/product\/buy-2-fea-3-fea\/#breadcrumb","itemListElement":[{"@type":"ListItem","position":1,"name":"Home","item":"https:\/\/chemsxpress.com\/"},{"@type":"ListItem","position":2,"name":"Shop","item":"https:\/\/chemsxpress.com\/shop\/"},{"@type":"ListItem","position":3,"name":"3-FEA pellets 150mg"}]},{"@type":"WebSite","@id":"https:\/\/chemsxpress.com\/#website","url":"https:\/\/chemsxpress.com\/","name":"MDPHP EINKAUFEN","description":"MDPHP freebase von einem zuverl\u00e4ssigen Anbieter kaufen","potentialAction":[{"@type":"SearchAction","target":{"@type":"EntryPoint","urlTemplate":"https:\/\/chemsxpress.com\/?s={search_term_string}"},"query-input":{"@type":"PropertyValueSpecification","valueRequired":true,"valueName":"search_term_string"}}],"inLanguage":"de"}]}},"jetpack_sharing_enabled":true,"_links":{"self":[{"href":"https:\/\/chemsxpress.com\/de\/wp-json\/wp\/v2\/product\/28930","targetHints":{"allow":["GET"]}}],"collection":[{"href":"https:\/\/chemsxpress.com\/de\/wp-json\/wp\/v2\/product"}],"about":[{"href":"https:\/\/chemsxpress.com\/de\/wp-json\/wp\/v2\/types\/product"}],"replies":[{"embeddable":true,"href":"https:\/\/chemsxpress.com\/de\/wp-json\/wp\/v2\/comments?post=28930"}],"version-history":[{"count":4,"href":"https:\/\/chemsxpress.com\/de\/wp-json\/wp\/v2\/product\/28930\/revisions"}],"predecessor-version":[{"id":30021,"href":"https:\/\/chemsxpress.com\/de\/wp-json\/wp\/v2\/product\/28930\/revisions\/30021"}],"wp:featuredmedia":[{"embeddable":true,"href":"https:\/\/chemsxpress.com\/de\/wp-json\/wp\/v2\/media\/28986"}],"wp:attachment":[{"href":"https:\/\/chemsxpress.com\/de\/wp-json\/wp\/v2\/media?parent=28930"}],"wp:term":[{"taxonomy":"product_brand","embeddable":true,"href":"https:\/\/chemsxpress.com\/de\/wp-json\/wp\/v2\/product_brand?post=28930"},{"taxonomy":"product_cat","embeddable":true,"href":"https:\/\/chemsxpress.com\/de\/wp-json\/wp\/v2\/product_cat?post=28930"},{"taxonomy":"product_tag","embeddable":true,"href":"https:\/\/chemsxpress.com\/de\/wp-json\/wp\/v2\/product_tag?post=28930"}],"curies":[{"name":"wp","href":"https:\/\/api.w.org\/{rel}","templated":true}]}}