{"id":28932,"date":"2024-04-29T13:19:33","date_gmt":"2024-04-29T13:19:33","guid":{"rendered":"https:\/\/chemsxpress.com\/?post_type=product&#038;p=28932"},"modified":"2025-05-29T10:54:02","modified_gmt":"2025-05-29T10:54:02","slug":"3-fma-online-kaufen-2","status":"publish","type":"product","link":"https:\/\/chemsxpress.com\/de\/produkt\/3-fma-online-kaufen-2\/","title":{"rendered":"3-FMA-K\u00fcgelchen 50 mg"},"content":{"rendered":"<h1>3-FMA online kaufen<\/h1>\n<p>Kaufen Sie 3-FMA Online, 3-FMA ist eine Forschungschemikalie, die unter die chemische Klasse der Amphetamin-Ersatzstoffe f\u00e4llt. In Bezug auf die chemische Struktur, 3-FMA ist sehr \u00e4hnlich zu 2-FMA, 3-FA, 4-FMA und 4-FA. 3-FMA steht f\u00fcr 3-Fluoromethamphetamin. Dieses <a href=\"https:\/\/chemsxpress.com\/de\/produktkategorie\/forschungschemikalien\/\">Forschungschemikalie<\/a> ist sehr neu, und daher gibt es nicht viele Berichte \u00fcber die Ergebnisse von Experimenten mit dieser Chemikalie.<\/p>\n<p>Aus diesem Grund sollten Sie Vorsichtsma\u00dfnahmen treffen, wenn Sie damit experimentieren wollen. Tragen Sie Ihre Schutzbrille, wenn Sie mit 3-FMA experimentieren.<\/p>\n<p>&nbsp;<\/p>\n<h2><strong>Wo kann man 3-FMA kaufen?<\/strong><\/h2>\n<p>Hier verkaufen wir einige der hochwertigsten 3-FMA, die auf dem Markt erh\u00e4ltlich sind. Unser 3-FMA wird normalerweise in Form von Pulver angeboten. Wir haben jedoch oft auch andere Formen verf\u00fcgbar. Wenn Sie also 3-FMA in einer anderen Form kaufen m\u00f6chten, k\u00f6nnen Sie uns gerne kontaktieren.<\/p>\n<p>Sie m\u00fcssen mindestens 18 Jahre alt und im Einklang mit den Gesetzen Ihres Landes sein, um 3-FMA bei uns zu kaufen. Wir akzeptieren alle g\u00e4ngigen Kreditkarten und auch Bitcoin als Zahlungsmittel. Versand am selben Tag ist in vielen L\u00e4ndern m\u00f6glich.<\/p>\n<p>&nbsp;<\/p>\n<h2><strong>3-FMA Rechtm\u00e4\u00dfigkeit<\/strong><\/h2>\n<p>Wir empfehlen Ihnen dringend, die einschl\u00e4gigen Gesetze des Landes, in dem Sie Ihren Wohnsitz haben, oder des Landes, in das Sie liefern, hinsichtlich der Legalit\u00e4t der Produkte zu konsultieren.<\/p>\n<p>Angesichts unserer derzeitigen Versandbeschr\u00e4nkungen ergreifen wir alle angemessenen Ma\u00dfnahmen, um die Gefahr f\u00fcr unsere Verbraucher zu verringern.<\/p>\n<p>W<\/p>\n<p>Bei ChemsXpress bieten wir 3-FMA (3-Fluormethamphetamin) an, ein synthetisches Stimulans, das bei Forschern wegen seiner einzigartigen Eigenschaften beliebt ist. Als zuverl\u00e4ssiger Lieferant von Forschungschemikalien legen wir gr\u00f6\u00dften Wert auf Qualit\u00e4t, Zuverl\u00e4ssigkeit und Kundenzufriedenheit.<\/p>\n<p>**Was ist 3-FMA?**<\/p>\n<p>3-FMA geh\u00f6rt zur Klasse der Amphetaminverbindungen und weist \u00c4hnlichkeiten mit Methamphetamin auf. Forscher sind daran interessiert, seine Auswirkungen auf Kognition, Verhalten und Neurochemie zu untersuchen.<\/p>\n<p>**Warum w\u00e4hlen <a href=\"https:\/\/chemsxpress.com\/de\/\">ChemsXpress<\/a> f\u00fcr 3-FMA?**<\/p>\n<p>- **Qualit\u00e4tssicherung:** Unser 3-FMA wird mit fortschrittlichen Techniken synthetisiert und strengen Tests unterzogen, um Reinheit und Wirksamkeit zu gew\u00e4hrleisten.<br \/>\n- **Schneller Versand:** Wir wissen, wie wichtig eine rechtzeitige Lieferung f\u00fcr Forschungsprojekte ist. Deshalb bieten wir schnelle und zuverl\u00e4ssige Versandoptionen.<br \/>\n- **Dedizierter Support:** Unser Kundensupport-Team steht Ihnen bei allen Fragen und Anliegen zur Verf\u00fcgung, die Sie haben.<\/p>\n<p>**Heute 3-FMA bestellen**<\/p>\n<p>Sind Sie bereit, Ihre Forschung mit 3-FMA zu beginnen? St\u00f6bern Sie in unserem Katalog und geben Sie noch heute Ihre Bestellung auf. Bei ChemsXpress k\u00f6nnen Sie sich auf unser Engagement f\u00fcr Qualit\u00e4t und Zuverl\u00e4ssigkeit verlassen, und zwar bei jedem Schritt.<\/p>","protected":false},"excerpt":{"rendered":"<p><strong>IUPAC-Name: <\/strong>1-(3-Fluorphenyl)-N-methylpropan-2-amin<\/p>\n<p><strong>CAS # <\/strong>1182818-14-9<\/p>\n<p><strong>Anderer Name: <\/strong>3-Fluormethamphetamin<\/p>\n<p><strong>Form: <\/strong>Pellets<\/p>\n<p><strong>NMR-Analyse: <\/strong>C10H14FN<\/p>","protected":false},"featured_media":28991,"comment_status":"open","ping_status":"closed","template":"","meta":[],"product_brand":[],"product_cat":[83],"product_tag":[],"class_list":{"0":"post-28932","1":"product","2":"type-product","3":"status-publish","4":"has-post-thumbnail","6":"product_cat-pellets","8":"first","9":"instock","10":"shipping-taxable","11":"purchasable","12":"product-type-variable"},"yoast_head":"<!-- This site is optimized with the Yoast SEO Premium plugin v24.1 (Yoast SEO v27.4) - https:\/\/yoast.com\/product\/yoast-seo-premium-wordpress\/ -->\n<title>Buy 3-FMA Online: Premium Quality RC&#039;s | ChemsXpress<\/title>\n<meta name=\"description\" content=\"Buy 3-FMA Online at ChemsXpress. Premium research chemicals, fast shipping. Trust our quality assurance for all your research needs. Order now\" \/>\n<meta name=\"robots\" content=\"index, follow, max-snippet:-1, max-image-preview:large, max-video-preview:-1\" \/>\n<link rel=\"canonical\" href=\"https:\/\/chemsxpress.com\/de\/produkt\/3-fma-online-kaufen-2\/\" \/>\n<meta property=\"og:locale\" content=\"de_DE\" \/>\n<meta property=\"og:type\" content=\"article\" \/>\n<meta property=\"og:title\" content=\"3-FMA pellets 50 mg\" \/>\n<meta property=\"og:description\" content=\"Buy 3-FMA Online at ChemsXpress. Premium research chemicals, fast shipping. Trust our quality assurance for all your research needs. Order now\" \/>\n<meta property=\"og:url\" content=\"https:\/\/chemsxpress.com\/de\/produkt\/3-fma-online-kaufen-2\/\" \/>\n<meta property=\"og:site_name\" content=\"SHOP MDPHP\" \/>\n<meta property=\"article:modified_time\" content=\"2025-05-29T10:54:02+00:00\" \/>\n<meta property=\"og:image\" content=\"https:\/\/chemsxpress.com\/wp-content\/uploads\/2024\/04\/3-FMA-pellets-50-mg.jpg\" \/>\n\t<meta property=\"og:image:width\" content=\"600\" \/>\n\t<meta property=\"og:image:height\" content=\"600\" \/>\n\t<meta property=\"og:image:type\" content=\"image\/jpeg\" \/>\n<meta name=\"twitter:card\" content=\"summary_large_image\" \/>\n<meta name=\"twitter:label1\" content=\"Gesch\u00e4tzte Lesezeit\" \/>\n\t<meta name=\"twitter:data1\" content=\"2\u00a0Minuten\" \/>\n<script type=\"application\/ld+json\" class=\"yoast-schema-graph\">{\"@context\":\"https:\\\/\\\/schema.org\",\"@graph\":[{\"@type\":\"WebPage\",\"@id\":\"https:\\\/\\\/chemsxpress.com\\\/product\\\/buy-3-fma-online-2\\\/\",\"url\":\"https:\\\/\\\/chemsxpress.com\\\/product\\\/buy-3-fma-online-2\\\/\",\"name\":\"Buy 3-FMA Online: Premium Quality RC's | ChemsXpress\",\"isPartOf\":{\"@id\":\"https:\\\/\\\/chemsxpress.com\\\/#website\"},\"primaryImageOfPage\":{\"@id\":\"https:\\\/\\\/chemsxpress.com\\\/product\\\/buy-3-fma-online-2\\\/#primaryimage\"},\"image\":{\"@id\":\"https:\\\/\\\/chemsxpress.com\\\/product\\\/buy-3-fma-online-2\\\/#primaryimage\"},\"thumbnailUrl\":\"https:\\\/\\\/chemsxpress.com\\\/wp-content\\\/uploads\\\/2024\\\/04\\\/3-FMA-pellets-50-mg.jpg\",\"datePublished\":\"2024-04-29T13:19:33+00:00\",\"dateModified\":\"2025-05-29T10:54:02+00:00\",\"description\":\"Buy 3-FMA Online at ChemsXpress. Premium research chemicals, fast shipping. Trust our quality assurance for all your research needs. Order now\",\"breadcrumb\":{\"@id\":\"https:\\\/\\\/chemsxpress.com\\\/product\\\/buy-3-fma-online-2\\\/#breadcrumb\"},\"inLanguage\":\"de\",\"potentialAction\":[{\"@type\":\"ReadAction\",\"target\":[\"https:\\\/\\\/chemsxpress.com\\\/product\\\/buy-3-fma-online-2\\\/\"]}]},{\"@type\":\"ImageObject\",\"inLanguage\":\"de\",\"@id\":\"https:\\\/\\\/chemsxpress.com\\\/product\\\/buy-3-fma-online-2\\\/#primaryimage\",\"url\":\"https:\\\/\\\/chemsxpress.com\\\/wp-content\\\/uploads\\\/2024\\\/04\\\/3-FMA-pellets-50-mg.jpg\",\"contentUrl\":\"https:\\\/\\\/chemsxpress.com\\\/wp-content\\\/uploads\\\/2024\\\/04\\\/3-FMA-pellets-50-mg.jpg\",\"width\":600,\"height\":600,\"caption\":\"Buy 3-FMA\"},{\"@type\":\"BreadcrumbList\",\"@id\":\"https:\\\/\\\/chemsxpress.com\\\/product\\\/buy-3-fma-online-2\\\/#breadcrumb\",\"itemListElement\":[{\"@type\":\"ListItem\",\"position\":1,\"name\":\"Home\",\"item\":\"https:\\\/\\\/chemsxpress.com\\\/\"},{\"@type\":\"ListItem\",\"position\":2,\"name\":\"Shop\",\"item\":\"https:\\\/\\\/chemsxpress.com\\\/shop\\\/\"},{\"@type\":\"ListItem\",\"position\":3,\"name\":\"3-FMA pellets 50 mg\"}]},{\"@type\":\"WebSite\",\"@id\":\"https:\\\/\\\/chemsxpress.com\\\/#website\",\"url\":\"https:\\\/\\\/chemsxpress.com\\\/\",\"name\":\"SHOP MDPHP\",\"description\":\"Buy MDPHP freebase from reliable supplier\",\"potentialAction\":[{\"@type\":\"SearchAction\",\"target\":{\"@type\":\"EntryPoint\",\"urlTemplate\":\"https:\\\/\\\/chemsxpress.com\\\/?s={search_term_string}\"},\"query-input\":{\"@type\":\"PropertyValueSpecification\",\"valueRequired\":true,\"valueName\":\"search_term_string\"}}],\"inLanguage\":\"de\"}]}<\/script>\n<!-- \/ Yoast SEO Premium plugin. -->","yoast_head_json":{"title":"DPT online kaufen: RC's in Premium-Qualit\u00e4t bei ChemsXpres","description":"Kaufen Sie bromonordiazepam online Premium Forschungschemikalien, schneller Versand. Vertrauen Sie unserer Qualit\u00e4tssicherung f\u00fcr Ihren gesamten Forschungsbedarf. Jetzt bestellen","robots":{"index":"index","follow":"follow","max-snippet":"max-snippet:-1","max-image-preview":"max-image-preview:large","max-video-preview":"max-video-preview:-1"},"canonical":"https:\/\/chemsxpress.com\/de\/produkt\/3-fma-online-kaufen-2\/","og_locale":"de_DE","og_type":"article","og_title":"3-FMA pellets 50 mg","og_description":"Buy 3-FMA Online at ChemsXpress. Premium research chemicals, fast shipping. Trust our quality assurance for all your research needs. Order now","og_url":"https:\/\/chemsxpress.com\/de\/produkt\/3-fma-online-kaufen-2\/","og_site_name":"SHOP MDPHP","article_modified_time":"2025-05-29T10:54:02+00:00","og_image":[{"width":600,"height":600,"url":"https:\/\/chemsxpress.com\/wp-content\/uploads\/2024\/04\/3-FMA-pellets-50-mg.jpg","type":"image\/jpeg"}],"twitter_card":"summary_large_image","twitter_misc":{"Gesch\u00e4tzte Lesezeit":"2\u00a0Minuten"},"schema":{"@context":"https:\/\/schema.org","@graph":[{"@type":"WebPage","@id":"https:\/\/chemsxpress.com\/product\/buy-3-fma-online-2\/","url":"https:\/\/chemsxpress.com\/product\/buy-3-fma-online-2\/","name":"DPT online kaufen: RC's in Premium-Qualit\u00e4t bei ChemsXpres","isPartOf":{"@id":"https:\/\/chemsxpress.com\/#website"},"primaryImageOfPage":{"@id":"https:\/\/chemsxpress.com\/product\/buy-3-fma-online-2\/#primaryimage"},"image":{"@id":"https:\/\/chemsxpress.com\/product\/buy-3-fma-online-2\/#primaryimage"},"thumbnailUrl":"https:\/\/chemsxpress.com\/wp-content\/uploads\/2024\/04\/3-FMA-pellets-50-mg.jpg","datePublished":"2024-04-29T13:19:33+00:00","dateModified":"2025-05-29T10:54:02+00:00","description":"Kaufen Sie bromonordiazepam online Premium Forschungschemikalien, schneller Versand. Vertrauen Sie unserer Qualit\u00e4tssicherung f\u00fcr Ihren gesamten Forschungsbedarf. Jetzt bestellen","breadcrumb":{"@id":"https:\/\/chemsxpress.com\/product\/buy-3-fma-online-2\/#breadcrumb"},"inLanguage":"de","potentialAction":[{"@type":"ReadAction","target":["https:\/\/chemsxpress.com\/product\/buy-3-fma-online-2\/"]}]},{"@type":"ImageObject","inLanguage":"de","@id":"https:\/\/chemsxpress.com\/product\/buy-3-fma-online-2\/#primaryimage","url":"https:\/\/chemsxpress.com\/wp-content\/uploads\/2024\/04\/3-FMA-pellets-50-mg.jpg","contentUrl":"https:\/\/chemsxpress.com\/wp-content\/uploads\/2024\/04\/3-FMA-pellets-50-mg.jpg","width":600,"height":600,"caption":"Buy 3-FMA"},{"@type":"BreadcrumbList","@id":"https:\/\/chemsxpress.com\/product\/buy-3-fma-online-2\/#breadcrumb","itemListElement":[{"@type":"ListItem","position":1,"name":"Home","item":"https:\/\/chemsxpress.com\/"},{"@type":"ListItem","position":2,"name":"Shop","item":"https:\/\/chemsxpress.com\/shop\/"},{"@type":"ListItem","position":3,"name":"3-FMA pellets 50 mg"}]},{"@type":"WebSite","@id":"https:\/\/chemsxpress.com\/#website","url":"https:\/\/chemsxpress.com\/","name":"MDPHP EINKAUFEN","description":"MDPHP freebase von einem zuverl\u00e4ssigen Anbieter kaufen","potentialAction":[{"@type":"SearchAction","target":{"@type":"EntryPoint","urlTemplate":"https:\/\/chemsxpress.com\/?s={search_term_string}"},"query-input":{"@type":"PropertyValueSpecification","valueRequired":true,"valueName":"search_term_string"}}],"inLanguage":"de"}]}},"jetpack_sharing_enabled":true,"_links":{"self":[{"href":"https:\/\/chemsxpress.com\/de\/wp-json\/wp\/v2\/product\/28932","targetHints":{"allow":["GET"]}}],"collection":[{"href":"https:\/\/chemsxpress.com\/de\/wp-json\/wp\/v2\/product"}],"about":[{"href":"https:\/\/chemsxpress.com\/de\/wp-json\/wp\/v2\/types\/product"}],"replies":[{"embeddable":true,"href":"https:\/\/chemsxpress.com\/de\/wp-json\/wp\/v2\/comments?post=28932"}],"version-history":[{"count":4,"href":"https:\/\/chemsxpress.com\/de\/wp-json\/wp\/v2\/product\/28932\/revisions"}],"predecessor-version":[{"id":30020,"href":"https:\/\/chemsxpress.com\/de\/wp-json\/wp\/v2\/product\/28932\/revisions\/30020"}],"wp:featuredmedia":[{"embeddable":true,"href":"https:\/\/chemsxpress.com\/de\/wp-json\/wp\/v2\/media\/28991"}],"wp:attachment":[{"href":"https:\/\/chemsxpress.com\/de\/wp-json\/wp\/v2\/media?parent=28932"}],"wp:term":[{"taxonomy":"product_brand","embeddable":true,"href":"https:\/\/chemsxpress.com\/de\/wp-json\/wp\/v2\/product_brand?post=28932"},{"taxonomy":"product_cat","embeddable":true,"href":"https:\/\/chemsxpress.com\/de\/wp-json\/wp\/v2\/product_cat?post=28932"},{"taxonomy":"product_tag","embeddable":true,"href":"https:\/\/chemsxpress.com\/de\/wp-json\/wp\/v2\/product_tag?post=28932"}],"curies":[{"name":"wp","href":"https:\/\/api.w.org\/{rel}","templated":true}]}}