{"id":28936,"date":"2024-04-29T13:19:33","date_gmt":"2024-04-29T13:19:33","guid":{"rendered":"https:\/\/chemsxpress.com\/?post_type=product&#038;p=28936"},"modified":"2025-05-26T11:22:53","modified_gmt":"2025-05-26T11:22:53","slug":"pink-star-pellets-kaufen","status":"publish","type":"product","link":"https:\/\/chemsxpress.com\/de\/produkt\/pink-star-pellets-kaufen\/","title":{"rendered":"Pink Star Pellet 5-MAPB 70mg \/ 2-FMA 20mg \/ 5-MEO-MIPT 2mg"},"content":{"rendered":"<h2>Pink Star Pellets kaufen.<\/h2>\n<p>Pink Star Pellets kaufen Alle Produkte von Research Chemical sind NICHT f\u00fcr Versuche an Menschen oder Tieren oder zum Verzehr bestimmt. Wir lehnen jede nicht von der Forschung genehmigte Verwendung strikt ab.<\/p>\n<h3>Wie zu verwenden.<\/h3>\n<p>Bei der Arbeit mit Forschungschemikalien sind im Labor stets die erforderlichen Ma\u00dfnahmen zu ergreifen, wie z. B. das Waschen von Oberfl\u00e4chen und das Tragen von Handschuhen, einer Maske und Schutzkleidung.<\/p>\n<h3>Am besten aufbewahren:<\/h3>\n<p>Pink Star Pellets sind am l\u00e4ngsten haltbar, wenn sie in einer trockenen und k\u00fchlen Umgebung gelagert werden. Halten Sie Pink Star Pellets von offenen Flammen und Hitze fern. <a href=\"https:\/\/chemsxpress.com\/de\/produktkategorie\/forschungschemikalien\/\">Forschungschemikalien<\/a> mindestens 1 bis 2 Jahre haltbar. Pink Star Pellets online bestellen. Die Lieferung ist einfach, diskret und schnell.<\/p>\n<h4>**Pink Star Pellets bei ChemsXpress kaufen**<\/h4>\n<p>Willkommen bei <a href=\"https:\/\/chemsxpress.com\/de\/\">ChemsXpress,<\/a> Ihr zuverl\u00e4ssiger Lieferant f\u00fcr hochwertige Forschungschemikalien. Entdecken Sie unser vielf\u00e4ltiges Angebot, darunter Pink Star Pellets, eine einzigartige Verbindung mit potenziellen Anwendungen in verschiedenen wissenschaftlichen Studien.<\/p>\n<h4>**\u00dcber Pink Star Pellets:**<\/h4>\n<p>Pink Star Pellets sind eine firmeneigene Mischung, die so formuliert ist, dass sie den Forschern eine unverwechselbare Versuchssubstanz bietet. Als Teil unseres Engagements f\u00fcr Innovation bieten wir dieses exklusive Produkt an, um die Spitzenforschung in der wissenschaftlichen Gemeinschaft zu unterst\u00fctzen.<\/p>\n<h4>**Warum ChemsXpress f\u00fcr Pink Star Pellets w\u00e4hlen?**<\/h4>\n<p>- **Qualit\u00e4tssicherung:** Unsere Pink Star Pellets werden strengen Qualit\u00e4tskontrollen unterzogen, um Reinheit und Konsistenz zu gew\u00e4hrleisten und zuverl\u00e4ssige Ergebnisse f\u00fcr Ihre Forschungsbem\u00fchungen zu liefern.<br \/>\n- **Schneller Versand:** Wir wissen, wie wichtig eine rechtzeitige Lieferung f\u00fcr Forschungsprojekte ist, und bieten daher Optionen f\u00fcr einen beschleunigten Versand an, um Ihren Anforderungen gerecht zu werden.<br \/>\n- **Dedicated Support:** Unser sachkundiges Kunden-Support-Team steht Ihnen bei allen Fragen und Anliegen zur Seite und sorgt f\u00fcr einen reibungslosen und problemlosen Ablauf der Bestellung.<\/p>\n<h4>**Pink Star Pellets heute bestellen:**<\/h4>\n<p>Sind Sie bereit, das Potenzial von Pink Star Pellets zu entdecken? St\u00f6bern Sie in unserem Katalog und geben Sie Ihre Bestellung mit Vertrauen auf. Bei ChemsXpress k\u00f6nnen Sie sich auf unser Engagement f\u00fcr Qualit\u00e4t und Zuverl\u00e4ssigkeit verlassen, und das bei jedem Schritt.<\/p>","protected":false},"excerpt":{"rendered":"<p><strong>Erscheinungsbild: <\/strong>Rosa K\u00fcgelchen<\/p>\n<p><strong>NMR-Analyse: <\/strong>K.A.<\/p>","protected":false},"featured_media":29002,"comment_status":"open","ping_status":"closed","template":"","meta":[],"product_brand":[],"product_cat":[83],"product_tag":[],"class_list":{"0":"post-28936","1":"product","2":"type-product","3":"status-publish","4":"has-post-thumbnail","6":"product_cat-pellets","8":"first","9":"instock","10":"shipping-taxable","11":"purchasable","12":"product-type-variable"},"yoast_head":"<!-- This site is optimized with the Yoast SEO Premium plugin v24.1 (Yoast SEO v27.4) - https:\/\/yoast.com\/product\/yoast-seo-premium-wordpress\/ -->\n<title>Buy Pink Star Pellets: Quality Research Chemicals | ChemsXpress<\/title>\n<meta name=\"description\" content=\"Discover Pink Star Pellets at ChemsXpress. Premium research chemicals, fast shipping. Trust our quality assurance for all your research needs. Order now\" \/>\n<meta name=\"robots\" content=\"index, follow, max-snippet:-1, max-image-preview:large, max-video-preview:-1\" \/>\n<link rel=\"canonical\" href=\"https:\/\/chemsxpress.com\/de\/produkt\/pink-star-pellets-kaufen\/\" \/>\n<meta property=\"og:locale\" content=\"de_DE\" \/>\n<meta property=\"og:type\" content=\"article\" \/>\n<meta property=\"og:title\" content=\"Pink Star Pellet 5-MAPB 70mg \/ 2-FMA 20mg \/ 5-MEO-MIPT 2mg\" \/>\n<meta property=\"og:description\" content=\"Discover Pink Star Pellets at ChemsXpress. Premium research chemicals, fast shipping. Trust our quality assurance for all your research needs. Order now\" \/>\n<meta property=\"og:url\" content=\"https:\/\/chemsxpress.com\/de\/produkt\/pink-star-pellets-kaufen\/\" \/>\n<meta property=\"og:site_name\" content=\"SHOP MDPHP\" \/>\n<meta property=\"article:modified_time\" content=\"2025-05-26T11:22:53+00:00\" \/>\n<meta property=\"og:image\" content=\"https:\/\/chemsxpress.com\/wp-content\/uploads\/2024\/04\/Pink-Star-Pellet-5-MAPB-70mg.jpg\" \/>\n\t<meta property=\"og:image:width\" content=\"600\" \/>\n\t<meta property=\"og:image:height\" content=\"600\" \/>\n\t<meta property=\"og:image:type\" content=\"image\/jpeg\" \/>\n<meta name=\"twitter:card\" content=\"summary_large_image\" \/>\n<meta name=\"twitter:label1\" content=\"Gesch\u00e4tzte Lesezeit\" \/>\n\t<meta name=\"twitter:data1\" content=\"2\u00a0Minuten\" \/>\n<script type=\"application\/ld+json\" class=\"yoast-schema-graph\">{\"@context\":\"https:\\\/\\\/schema.org\",\"@graph\":[{\"@type\":\"WebPage\",\"@id\":\"https:\\\/\\\/chemsxpress.com\\\/product\\\/buy-pink-star-pellets\\\/\",\"url\":\"https:\\\/\\\/chemsxpress.com\\\/product\\\/buy-pink-star-pellets\\\/\",\"name\":\"Buy Pink Star Pellets: Quality Research Chemicals | ChemsXpress\",\"isPartOf\":{\"@id\":\"https:\\\/\\\/chemsxpress.com\\\/#website\"},\"primaryImageOfPage\":{\"@id\":\"https:\\\/\\\/chemsxpress.com\\\/product\\\/buy-pink-star-pellets\\\/#primaryimage\"},\"image\":{\"@id\":\"https:\\\/\\\/chemsxpress.com\\\/product\\\/buy-pink-star-pellets\\\/#primaryimage\"},\"thumbnailUrl\":\"https:\\\/\\\/chemsxpress.com\\\/wp-content\\\/uploads\\\/2024\\\/04\\\/Pink-Star-Pellet-5-MAPB-70mg.jpg\",\"datePublished\":\"2024-04-29T13:19:33+00:00\",\"dateModified\":\"2025-05-26T11:22:53+00:00\",\"description\":\"Discover Pink Star Pellets at ChemsXpress. Premium research chemicals, fast shipping. Trust our quality assurance for all your research needs. Order now\",\"breadcrumb\":{\"@id\":\"https:\\\/\\\/chemsxpress.com\\\/product\\\/buy-pink-star-pellets\\\/#breadcrumb\"},\"inLanguage\":\"de\",\"potentialAction\":[{\"@type\":\"ReadAction\",\"target\":[\"https:\\\/\\\/chemsxpress.com\\\/product\\\/buy-pink-star-pellets\\\/\"]}]},{\"@type\":\"ImageObject\",\"inLanguage\":\"de\",\"@id\":\"https:\\\/\\\/chemsxpress.com\\\/product\\\/buy-pink-star-pellets\\\/#primaryimage\",\"url\":\"https:\\\/\\\/chemsxpress.com\\\/wp-content\\\/uploads\\\/2024\\\/04\\\/Pink-Star-Pellet-5-MAPB-70mg.jpg\",\"contentUrl\":\"https:\\\/\\\/chemsxpress.com\\\/wp-content\\\/uploads\\\/2024\\\/04\\\/Pink-Star-Pellet-5-MAPB-70mg.jpg\",\"width\":600,\"height\":600,\"caption\":\"Buy Pink Star Pellets\"},{\"@type\":\"BreadcrumbList\",\"@id\":\"https:\\\/\\\/chemsxpress.com\\\/product\\\/buy-pink-star-pellets\\\/#breadcrumb\",\"itemListElement\":[{\"@type\":\"ListItem\",\"position\":1,\"name\":\"Home\",\"item\":\"https:\\\/\\\/chemsxpress.com\\\/\"},{\"@type\":\"ListItem\",\"position\":2,\"name\":\"Shop\",\"item\":\"https:\\\/\\\/chemsxpress.com\\\/shop\\\/\"},{\"@type\":\"ListItem\",\"position\":3,\"name\":\"Pink Star Pellet 5-MAPB 70mg \\\/ 2-FMA 20mg \\\/ 5-MEO-MIPT 2mg\"}]},{\"@type\":\"WebSite\",\"@id\":\"https:\\\/\\\/chemsxpress.com\\\/#website\",\"url\":\"https:\\\/\\\/chemsxpress.com\\\/\",\"name\":\"SHOP MDPHP\",\"description\":\"Buy MDPHP freebase from reliable supplier\",\"potentialAction\":[{\"@type\":\"SearchAction\",\"target\":{\"@type\":\"EntryPoint\",\"urlTemplate\":\"https:\\\/\\\/chemsxpress.com\\\/?s={search_term_string}\"},\"query-input\":{\"@type\":\"PropertyValueSpecification\",\"valueRequired\":true,\"valueName\":\"search_term_string\"}}],\"inLanguage\":\"de\"}]}<\/script>\n<!-- \/ Yoast SEO Premium plugin. -->","yoast_head_json":{"title":"Kaufen Sie Pink Star Pellets: Hochwertige Forschungschemikalien | ChemsXpress","description":"Entdecken Sie 4-MPD bei ChemsXpress. Hochwertige Forschungschemikalien, schneller Versand. Vertrauen Sie unserer Qualit\u00e4tssicherung f\u00fcr Ihren gesamten Forschungsbedarf. Jetzt bestellen","robots":{"index":"index","follow":"follow","max-snippet":"max-snippet:-1","max-image-preview":"max-image-preview:large","max-video-preview":"max-video-preview:-1"},"canonical":"https:\/\/chemsxpress.com\/de\/produkt\/pink-star-pellets-kaufen\/","og_locale":"de_DE","og_type":"article","og_title":"Pink Star Pellet 5-MAPB 70mg \/ 2-FMA 20mg \/ 5-MEO-MIPT 2mg","og_description":"Discover Pink Star Pellets at ChemsXpress. Premium research chemicals, fast shipping. Trust our quality assurance for all your research needs. Order now","og_url":"https:\/\/chemsxpress.com\/de\/produkt\/pink-star-pellets-kaufen\/","og_site_name":"SHOP MDPHP","article_modified_time":"2025-05-26T11:22:53+00:00","og_image":[{"width":600,"height":600,"url":"https:\/\/chemsxpress.com\/wp-content\/uploads\/2024\/04\/Pink-Star-Pellet-5-MAPB-70mg.jpg","type":"image\/jpeg"}],"twitter_card":"summary_large_image","twitter_misc":{"Gesch\u00e4tzte Lesezeit":"2\u00a0Minuten"},"schema":{"@context":"https:\/\/schema.org","@graph":[{"@type":"WebPage","@id":"https:\/\/chemsxpress.com\/product\/buy-pink-star-pellets\/","url":"https:\/\/chemsxpress.com\/product\/buy-pink-star-pellets\/","name":"Kaufen Sie Pink Star Pellets: Hochwertige Forschungschemikalien | ChemsXpress","isPartOf":{"@id":"https:\/\/chemsxpress.com\/#website"},"primaryImageOfPage":{"@id":"https:\/\/chemsxpress.com\/product\/buy-pink-star-pellets\/#primaryimage"},"image":{"@id":"https:\/\/chemsxpress.com\/product\/buy-pink-star-pellets\/#primaryimage"},"thumbnailUrl":"https:\/\/chemsxpress.com\/wp-content\/uploads\/2024\/04\/Pink-Star-Pellet-5-MAPB-70mg.jpg","datePublished":"2024-04-29T13:19:33+00:00","dateModified":"2025-05-26T11:22:53+00:00","description":"Entdecken Sie 4-MPD bei ChemsXpress. Hochwertige Forschungschemikalien, schneller Versand. Vertrauen Sie unserer Qualit\u00e4tssicherung f\u00fcr Ihren gesamten Forschungsbedarf. Jetzt bestellen","breadcrumb":{"@id":"https:\/\/chemsxpress.com\/product\/buy-pink-star-pellets\/#breadcrumb"},"inLanguage":"de","potentialAction":[{"@type":"ReadAction","target":["https:\/\/chemsxpress.com\/product\/buy-pink-star-pellets\/"]}]},{"@type":"ImageObject","inLanguage":"de","@id":"https:\/\/chemsxpress.com\/product\/buy-pink-star-pellets\/#primaryimage","url":"https:\/\/chemsxpress.com\/wp-content\/uploads\/2024\/04\/Pink-Star-Pellet-5-MAPB-70mg.jpg","contentUrl":"https:\/\/chemsxpress.com\/wp-content\/uploads\/2024\/04\/Pink-Star-Pellet-5-MAPB-70mg.jpg","width":600,"height":600,"caption":"Buy Pink Star Pellets"},{"@type":"BreadcrumbList","@id":"https:\/\/chemsxpress.com\/product\/buy-pink-star-pellets\/#breadcrumb","itemListElement":[{"@type":"ListItem","position":1,"name":"Home","item":"https:\/\/chemsxpress.com\/"},{"@type":"ListItem","position":2,"name":"Shop","item":"https:\/\/chemsxpress.com\/shop\/"},{"@type":"ListItem","position":3,"name":"Pink Star Pellet 5-MAPB 70mg \/ 2-FMA 20mg \/ 5-MEO-MIPT 2mg"}]},{"@type":"WebSite","@id":"https:\/\/chemsxpress.com\/#website","url":"https:\/\/chemsxpress.com\/","name":"MDPHP EINKAUFEN","description":"MDPHP freebase von einem zuverl\u00e4ssigen Anbieter kaufen","potentialAction":[{"@type":"SearchAction","target":{"@type":"EntryPoint","urlTemplate":"https:\/\/chemsxpress.com\/?s={search_term_string}"},"query-input":{"@type":"PropertyValueSpecification","valueRequired":true,"valueName":"search_term_string"}}],"inLanguage":"de"}]}},"jetpack_sharing_enabled":true,"_links":{"self":[{"href":"https:\/\/chemsxpress.com\/de\/wp-json\/wp\/v2\/product\/28936","targetHints":{"allow":["GET"]}}],"collection":[{"href":"https:\/\/chemsxpress.com\/de\/wp-json\/wp\/v2\/product"}],"about":[{"href":"https:\/\/chemsxpress.com\/de\/wp-json\/wp\/v2\/types\/product"}],"replies":[{"embeddable":true,"href":"https:\/\/chemsxpress.com\/de\/wp-json\/wp\/v2\/comments?post=28936"}],"version-history":[{"count":4,"href":"https:\/\/chemsxpress.com\/de\/wp-json\/wp\/v2\/product\/28936\/revisions"}],"predecessor-version":[{"id":30024,"href":"https:\/\/chemsxpress.com\/de\/wp-json\/wp\/v2\/product\/28936\/revisions\/30024"}],"wp:featuredmedia":[{"embeddable":true,"href":"https:\/\/chemsxpress.com\/de\/wp-json\/wp\/v2\/media\/29002"}],"wp:attachment":[{"href":"https:\/\/chemsxpress.com\/de\/wp-json\/wp\/v2\/media?parent=28936"}],"wp:term":[{"taxonomy":"product_brand","embeddable":true,"href":"https:\/\/chemsxpress.com\/de\/wp-json\/wp\/v2\/product_brand?post=28936"},{"taxonomy":"product_cat","embeddable":true,"href":"https:\/\/chemsxpress.com\/de\/wp-json\/wp\/v2\/product_cat?post=28936"},{"taxonomy":"product_tag","embeddable":true,"href":"https:\/\/chemsxpress.com\/de\/wp-json\/wp\/v2\/product_tag?post=28936"}],"curies":[{"name":"wp","href":"https:\/\/api.w.org\/{rel}","templated":true}]}}