{"id":28939,"date":"2024-04-29T13:19:34","date_gmt":"2024-04-29T13:19:34","guid":{"rendered":"https:\/\/chemsxpress.com\/?post_type=product&#038;p=28939"},"modified":"2024-05-02T20:20:18","modified_gmt":"2024-05-02T20:20:18","slug":"3-fpm-online-kaufen-2","status":"publish","type":"product","link":"https:\/\/chemsxpress.com\/de\/produkt\/3-fpm-online-kaufen-2\/","title":{"rendered":"3-FPM-K\u00fcgelchen 60mg"},"content":{"rendered":"<h1><strong>Buy3-FPM Online.<\/strong><\/h1>\n<p>3-FPM online kaufen 3-FPM ist die Abk\u00fcrzung f\u00fcr 3-Fluorophenmetrazin. 3-FPM ist eine Forschungschemikalie, die starke stimulierende Eigenschaften hat. 3-FPM geh\u00f6rt zur Klasse der Phenol-Morpholin-Chemikalien. Die experimentellen Ergebnisse von 3-FPM werden in der Regel als sehr \u00e4hnlich und fast identisch mit denen von Amphetamin angesehen. Die experimentellen Ergebnisse von 3-FPM werden h\u00e4ufig als weniger intensiv beschrieben als die von Amphetamin oder anderen Stimulanzien.<\/p>\n<h2><strong>Wo kann man 3-FPM online kaufen?<\/strong><\/h2>\n<p>Hier bei <a href=\"https:\/\/chemsxpress.com\/de\/\">ChemsXpress<\/a> wir haben sehr hochwertiges 3-FPM zu verkaufen. Unser 3-FPM ist sowohl in Pulver- als auch in Pelletform erh\u00e4ltlich. Unabh\u00e4ngig davon, welchen chemischen Zustand Sie unter diesen beiden Optionen bevorzugen, haben wir f\u00fcr Sie das Richtige.<\/p>\n<p>Das 3-FPM, das wir zum Verkauf anbieten, ist nur f\u00fcr Forschungszwecke bestimmt. Es ist nicht f\u00fcr den internen Gebrauch bestimmt. Au\u00dferdem m\u00fcssen Sie \u00fcber 18 Jahre alt sein, um 3-FPM bei uns zu kaufen, und Sie m\u00fcssen die Gesetze Ihres Landes vollst\u00e4ndig einhalten.<\/p>\n<h2><strong>3-FPM Rechtsstatus<\/strong><\/h2>\n<p>3-FPM ist in Israel, der Schweiz und den Vereinigten Staaten illegal zu kaufen, zu verkaufen oder zu besitzen. Im Vereinigten K\u00f6nigreich gilt es als Analogon zu Phenmetrazin, das bei Verwendung f\u00fcr den menschlichen Verzehr als Droge der Kategorie II eingestuft ist.<\/p>\n<p>Bei ChemsXpress k\u00f6nnen Sie 3-FPM kaufen, eine potente Forschungschemikalie, die f\u00fcr ihre stimulierenden Eigenschaften bekannt ist. Unser 3-FPM wird sorgf\u00e4ltig synthetisiert und einer strengen Qualit\u00e4tskontrolle unterzogen, um Reinheit und Wirksamkeit zu gew\u00e4hrleisten.<\/p>\n<p>Forscher, die an der Erforschung der pharmakologischen Wirkungen und potenziellen therapeutischen Anwendungen von 3-FPM interessiert sind, k\u00f6nnen sich darauf verlassen, dass ChemsXpress Forschungschemikalien von h\u00f6chster Qualit\u00e4t liefert. Unsere Verpflichtung zur Qualit\u00e4tssicherung gew\u00e4hrleistet, dass die Forscher zuverl\u00e4ssige Produkte f\u00fcr ihre wissenschaftlichen Untersuchungen erhalten.<\/p>\n<p>Es ist wichtig zu beachten, dass 3-FPM ausschlie\u00dflich f\u00fcr Forschungszwecke bestimmt ist und nicht von Menschen konsumiert werden sollte. Forscher sollten mit diesem Pr\u00e4parat vorsichtig umgehen und alle geltenden Sicherheitsprotokolle und gesetzlichen Vorschriften einhalten.<\/p>\n<p>ChemsXpress hat es sich zur Aufgabe gemacht, die wissenschaftliche Forschung durch das Angebot hochwertiger Forschungschemikalien zu f\u00f6rdern. St\u00f6bern Sie in unserem Katalog, einschlie\u00dflich 3-FPM, und beginnen Sie Ihre Forschungsreise mit Zuversicht.<\/p>","protected":false},"excerpt":{"rendered":"<p><strong>IUPAC-Name: <\/strong>2-(3-Fluorphenyl)-3-methylmorpholin, Monohydrochlorid<\/p>\n<p><strong>CAS # <\/strong>1803562-83-5<\/p>\n<p><strong>Anderer Name: <\/strong>3-Fluorophenmetrazin (Hydrochlorid)<\/p>\n<p><strong>Erscheinungsbild: <\/strong>Pellets<\/p>\n<p><strong>NMR-Analyse: <\/strong>C11H14FNO - HCl<\/p>","protected":false},"featured_media":29018,"comment_status":"open","ping_status":"closed","template":"","meta":[],"product_brand":[],"product_cat":[83],"product_tag":[],"class_list":{"0":"post-28939","1":"product","2":"type-product","3":"status-publish","4":"has-post-thumbnail","6":"product_cat-pellets","8":"first","9":"instock","10":"shipping-taxable","11":"purchasable","12":"product-type-variable"},"yoast_head":"<!-- This site is optimized with the Yoast SEO Premium plugin v24.1 (Yoast SEO v27.3) - https:\/\/yoast.com\/product\/yoast-seo-premium-wordpress\/ -->\n<title>Buy 3-FPM Online: Premium Quality RC&#039;s | ChemsXpress<\/title>\n<meta name=\"description\" content=\"Buy 3-FPM Online at ChemsXpress. Premium research chemicals, fast shipping. Trust our quality assurance for all your research needs.\" \/>\n<meta name=\"robots\" content=\"index, follow, max-snippet:-1, max-image-preview:large, max-video-preview:-1\" \/>\n<link rel=\"canonical\" href=\"https:\/\/chemsxpress.com\/de\/produkt\/3-fpm-online-kaufen-2\/\" \/>\n<meta property=\"og:locale\" content=\"de_DE\" \/>\n<meta property=\"og:type\" content=\"article\" \/>\n<meta property=\"og:title\" content=\"3-FPM pellets 60mg\" \/>\n<meta property=\"og:description\" content=\"Buy 3-FPM Online at ChemsXpress. Premium research chemicals, fast shipping. Trust our quality assurance for all your research needs.\" \/>\n<meta property=\"og:url\" content=\"https:\/\/chemsxpress.com\/de\/produkt\/3-fpm-online-kaufen-2\/\" \/>\n<meta property=\"og:site_name\" content=\"SHOP MDPHP\" \/>\n<meta property=\"article:modified_time\" content=\"2024-05-02T20:20:18+00:00\" \/>\n<meta property=\"og:image\" content=\"https:\/\/chemsxpress.com\/wp-content\/uploads\/2024\/04\/3-FPM-pellets-60mg.jpg\" \/>\n\t<meta property=\"og:image:width\" content=\"600\" \/>\n\t<meta property=\"og:image:height\" content=\"600\" \/>\n\t<meta property=\"og:image:type\" content=\"image\/jpeg\" \/>\n<meta name=\"twitter:card\" content=\"summary_large_image\" \/>\n<meta name=\"twitter:label1\" content=\"Gesch\u00e4tzte Lesezeit\" \/>\n\t<meta name=\"twitter:data1\" content=\"2\u00a0Minuten\" \/>\n<script type=\"application\/ld+json\" class=\"yoast-schema-graph\">{\"@context\":\"https:\\\/\\\/schema.org\",\"@graph\":[{\"@type\":\"WebPage\",\"@id\":\"https:\\\/\\\/chemsxpress.com\\\/product\\\/buy-3-fpm-online-2\\\/\",\"url\":\"https:\\\/\\\/chemsxpress.com\\\/product\\\/buy-3-fpm-online-2\\\/\",\"name\":\"Buy 3-FPM Online: Premium Quality RC's | ChemsXpress\",\"isPartOf\":{\"@id\":\"https:\\\/\\\/chemsxpress.com\\\/#website\"},\"primaryImageOfPage\":{\"@id\":\"https:\\\/\\\/chemsxpress.com\\\/product\\\/buy-3-fpm-online-2\\\/#primaryimage\"},\"image\":{\"@id\":\"https:\\\/\\\/chemsxpress.com\\\/product\\\/buy-3-fpm-online-2\\\/#primaryimage\"},\"thumbnailUrl\":\"https:\\\/\\\/chemsxpress.com\\\/wp-content\\\/uploads\\\/2024\\\/04\\\/3-FPM-pellets-60mg.jpg\",\"datePublished\":\"2024-04-29T13:19:34+00:00\",\"dateModified\":\"2024-05-02T20:20:18+00:00\",\"description\":\"Buy 3-FPM Online at ChemsXpress. Premium research chemicals, fast shipping. Trust our quality assurance for all your research needs.\",\"breadcrumb\":{\"@id\":\"https:\\\/\\\/chemsxpress.com\\\/product\\\/buy-3-fpm-online-2\\\/#breadcrumb\"},\"inLanguage\":\"de\",\"potentialAction\":[{\"@type\":\"ReadAction\",\"target\":[\"https:\\\/\\\/chemsxpress.com\\\/product\\\/buy-3-fpm-online-2\\\/\"]}]},{\"@type\":\"ImageObject\",\"inLanguage\":\"de\",\"@id\":\"https:\\\/\\\/chemsxpress.com\\\/product\\\/buy-3-fpm-online-2\\\/#primaryimage\",\"url\":\"https:\\\/\\\/chemsxpress.com\\\/wp-content\\\/uploads\\\/2024\\\/04\\\/3-FPM-pellets-60mg.jpg\",\"contentUrl\":\"https:\\\/\\\/chemsxpress.com\\\/wp-content\\\/uploads\\\/2024\\\/04\\\/3-FPM-pellets-60mg.jpg\",\"width\":600,\"height\":600,\"caption\":\"buy 3-FPM online\"},{\"@type\":\"BreadcrumbList\",\"@id\":\"https:\\\/\\\/chemsxpress.com\\\/product\\\/buy-3-fpm-online-2\\\/#breadcrumb\",\"itemListElement\":[{\"@type\":\"ListItem\",\"position\":1,\"name\":\"Home\",\"item\":\"https:\\\/\\\/chemsxpress.com\\\/\"},{\"@type\":\"ListItem\",\"position\":2,\"name\":\"Shop\",\"item\":\"https:\\\/\\\/chemsxpress.com\\\/shop\\\/\"},{\"@type\":\"ListItem\",\"position\":3,\"name\":\"3-FPM pellets 60mg\"}]},{\"@type\":\"WebSite\",\"@id\":\"https:\\\/\\\/chemsxpress.com\\\/#website\",\"url\":\"https:\\\/\\\/chemsxpress.com\\\/\",\"name\":\"SHOP MDPHP\",\"description\":\"Buy MDPHP freebase from reliable supplier\",\"potentialAction\":[{\"@type\":\"SearchAction\",\"target\":{\"@type\":\"EntryPoint\",\"urlTemplate\":\"https:\\\/\\\/chemsxpress.com\\\/?s={search_term_string}\"},\"query-input\":{\"@type\":\"PropertyValueSpecification\",\"valueRequired\":true,\"valueName\":\"search_term_string\"}}],\"inLanguage\":\"de\"}]}<\/script>\n<!-- \/ Yoast SEO Premium plugin. -->","yoast_head_json":{"title":"DPT online kaufen: RC's in Premium-Qualit\u00e4t bei ChemsXpres","description":"Entdecken Sie DPT bei ChemsXpress. Hochwertige Forschungschemikalien, schneller Versand. Vertrauen Sie unserer Qualit\u00e4tssicherung f\u00fcr Ihren gesamten Forschungsbedarf. Jetzt bestellen","robots":{"index":"index","follow":"follow","max-snippet":"max-snippet:-1","max-image-preview":"max-image-preview:large","max-video-preview":"max-video-preview:-1"},"canonical":"https:\/\/chemsxpress.com\/de\/produkt\/3-fpm-online-kaufen-2\/","og_locale":"de_DE","og_type":"article","og_title":"3-FPM pellets 60mg","og_description":"Buy 3-FPM Online at ChemsXpress. Premium research chemicals, fast shipping. Trust our quality assurance for all your research needs.","og_url":"https:\/\/chemsxpress.com\/de\/produkt\/3-fpm-online-kaufen-2\/","og_site_name":"SHOP MDPHP","article_modified_time":"2024-05-02T20:20:18+00:00","og_image":[{"width":600,"height":600,"url":"https:\/\/chemsxpress.com\/wp-content\/uploads\/2024\/04\/3-FPM-pellets-60mg.jpg","type":"image\/jpeg"}],"twitter_card":"summary_large_image","twitter_misc":{"Gesch\u00e4tzte Lesezeit":"2\u00a0Minuten"},"schema":{"@context":"https:\/\/schema.org","@graph":[{"@type":"WebPage","@id":"https:\/\/chemsxpress.com\/product\/buy-3-fpm-online-2\/","url":"https:\/\/chemsxpress.com\/product\/buy-3-fpm-online-2\/","name":"DPT online kaufen: RC's in Premium-Qualit\u00e4t bei ChemsXpres","isPartOf":{"@id":"https:\/\/chemsxpress.com\/#website"},"primaryImageOfPage":{"@id":"https:\/\/chemsxpress.com\/product\/buy-3-fpm-online-2\/#primaryimage"},"image":{"@id":"https:\/\/chemsxpress.com\/product\/buy-3-fpm-online-2\/#primaryimage"},"thumbnailUrl":"https:\/\/chemsxpress.com\/wp-content\/uploads\/2024\/04\/3-FPM-pellets-60mg.jpg","datePublished":"2024-04-29T13:19:34+00:00","dateModified":"2024-05-02T20:20:18+00:00","description":"Entdecken Sie DPT bei ChemsXpress. Hochwertige Forschungschemikalien, schneller Versand. Vertrauen Sie unserer Qualit\u00e4tssicherung f\u00fcr Ihren gesamten Forschungsbedarf. Jetzt bestellen","breadcrumb":{"@id":"https:\/\/chemsxpress.com\/product\/buy-3-fpm-online-2\/#breadcrumb"},"inLanguage":"de","potentialAction":[{"@type":"ReadAction","target":["https:\/\/chemsxpress.com\/product\/buy-3-fpm-online-2\/"]}]},{"@type":"ImageObject","inLanguage":"de","@id":"https:\/\/chemsxpress.com\/product\/buy-3-fpm-online-2\/#primaryimage","url":"https:\/\/chemsxpress.com\/wp-content\/uploads\/2024\/04\/3-FPM-pellets-60mg.jpg","contentUrl":"https:\/\/chemsxpress.com\/wp-content\/uploads\/2024\/04\/3-FPM-pellets-60mg.jpg","width":600,"height":600,"caption":"buy 3-FPM online"},{"@type":"BreadcrumbList","@id":"https:\/\/chemsxpress.com\/product\/buy-3-fpm-online-2\/#breadcrumb","itemListElement":[{"@type":"ListItem","position":1,"name":"Home","item":"https:\/\/chemsxpress.com\/"},{"@type":"ListItem","position":2,"name":"Shop","item":"https:\/\/chemsxpress.com\/shop\/"},{"@type":"ListItem","position":3,"name":"3-FPM pellets 60mg"}]},{"@type":"WebSite","@id":"https:\/\/chemsxpress.com\/#website","url":"https:\/\/chemsxpress.com\/","name":"MDPHP EINKAUFEN","description":"MDPHP freebase von einem zuverl\u00e4ssigen Anbieter kaufen","potentialAction":[{"@type":"SearchAction","target":{"@type":"EntryPoint","urlTemplate":"https:\/\/chemsxpress.com\/?s={search_term_string}"},"query-input":{"@type":"PropertyValueSpecification","valueRequired":true,"valueName":"search_term_string"}}],"inLanguage":"de"}]}},"jetpack_sharing_enabled":true,"_links":{"self":[{"href":"https:\/\/chemsxpress.com\/de\/wp-json\/wp\/v2\/product\/28939","targetHints":{"allow":["GET"]}}],"collection":[{"href":"https:\/\/chemsxpress.com\/de\/wp-json\/wp\/v2\/product"}],"about":[{"href":"https:\/\/chemsxpress.com\/de\/wp-json\/wp\/v2\/types\/product"}],"replies":[{"embeddable":true,"href":"https:\/\/chemsxpress.com\/de\/wp-json\/wp\/v2\/comments?post=28939"}],"version-history":[{"count":3,"href":"https:\/\/chemsxpress.com\/de\/wp-json\/wp\/v2\/product\/28939\/revisions"}],"predecessor-version":[{"id":29636,"href":"https:\/\/chemsxpress.com\/de\/wp-json\/wp\/v2\/product\/28939\/revisions\/29636"}],"wp:featuredmedia":[{"embeddable":true,"href":"https:\/\/chemsxpress.com\/de\/wp-json\/wp\/v2\/media\/29018"}],"wp:attachment":[{"href":"https:\/\/chemsxpress.com\/de\/wp-json\/wp\/v2\/media?parent=28939"}],"wp:term":[{"taxonomy":"product_brand","embeddable":true,"href":"https:\/\/chemsxpress.com\/de\/wp-json\/wp\/v2\/product_brand?post=28939"},{"taxonomy":"product_cat","embeddable":true,"href":"https:\/\/chemsxpress.com\/de\/wp-json\/wp\/v2\/product_cat?post=28939"},{"taxonomy":"product_tag","embeddable":true,"href":"https:\/\/chemsxpress.com\/de\/wp-json\/wp\/v2\/product_tag?post=28939"}],"curies":[{"name":"wp","href":"https:\/\/api.w.org\/{rel}","templated":true}]}}