{"id":28940,"date":"2024-04-29T13:19:34","date_gmt":"2024-04-29T13:19:34","guid":{"rendered":"https:\/\/chemsxpress.com\/?post_type=product&#038;p=28940"},"modified":"2025-05-26T02:56:27","modified_gmt":"2025-05-26T02:56:27","slug":"3-fea-pulver-kaufen","status":"publish","type":"product","link":"https:\/\/chemsxpress.com\/de\/produkt\/3-fea-pulver-kaufen\/","title":{"rendered":"2\/3-FEA-K\u00fcgelchen 50mg\/125mg"},"content":{"rendered":"<h1><strong>3-FEA-Pulver kaufen<\/strong><\/h1>\n<p>M\u00f6chten Sie\u00a0<strong>3-FEA-Pulver kaufen<\/strong>3-Fluorethamphetamin? Dann sind Sie bei uns genau richtig! Alle Forschungschemikalien in unserem Webshop sind laborgepr\u00fcft und von h\u00f6chster Qualit\u00e4t. Die Bestellungen werden diskret verpackt und innerhalb von 24 Stunden versandt. Au\u00dferdem k\u00f6nnen Sie sicher und schnell mit Bitcoin und Kryptow\u00e4hrungen bezahlen.<\/p>\n<h3>Wo kann ich 3-FEA kaufen?<\/h3>\n<p>Unter <a href=\"https:\/\/chemsxpress.com\/de\/\">ChemsXpress<\/a>bieten wir 3-FEA-Pulver an, eine chemische Forschungsverbindung, die f\u00fcr ihre potenziell stimulierenden Eigenschaften bekannt ist. Unser 3-FEA-Pulver wird mit fortschrittlichen Techniken synthetisiert, um hohe Reinheit und Konsistenz zu gew\u00e4hrleisten.<\/p>\n<p>Als Mitglied der Klasse der Phenethylamine kann 3-FEA stimulierende Wirkungen wie erh\u00f6hte Energie, Wachsamkeit und Euphorie hervorrufen. Es ist jedoch wichtig zu beachten, dass die Wirkungen und das Sicherheitsprofil von 3-FEA nicht umfassend am Menschen untersucht worden sind.<\/p>\n<p>Forscher, die an der Untersuchung der pharmakologischen Wirkungen und potenziellen therapeutischen Anwendungen von 3-FEA interessiert sind, k\u00f6nnen sich darauf verlassen, dass ChemsXpress hochwertige <a href=\"https:\/\/chemsxpress.com\/de\/produktkategorie\/forschungschemikalien\/\">Forschungschemikalien<\/a>. Unser Engagement f\u00fcr Qualit\u00e4tssicherung und Kundenzufriedenheit gew\u00e4hrleistet, dass Forscher zuverl\u00e4ssige Produkte f\u00fcr ihre wissenschaftlichen Untersuchungen erhalten.<\/p>\n<p>Bestellen Sie 3-FEA Pulver bei ChemsXpress und beginnen Sie Ihre Forschungsreise mit Zuversicht. Unser schneller Versand und die diskrete Verpackung sorgen daf\u00fcr, dass Ihre Bestellung schnell und sicher bei Ihnen ankommt. Erkunden Sie die M\u00f6glichkeiten der Stimulanzienforschung mit <a href=\"https:\/\/chemsxpress.com\/de\/\">ChemsXpress<\/a> als Ihr zuverl\u00e4ssiger Lieferant<\/p>","protected":false},"excerpt":{"rendered":"<p><strong>IUPAC-Name: <\/strong>null<\/p>\n<p><strong>CAS # <\/strong>3871-89-4 \/ 54982-43-3<\/p>\n<p><strong>Anderer Name: <\/strong>2-Fluorethyl-Amphetamin \/ 3-Fluorethyl-Amphetamin<\/p>\n<p><strong>Erscheinungsbild: <\/strong>Pellets<\/p>\n<p><strong>Form: <\/strong>Pellets<\/p>\n<p><strong>NMR-Analyse: <\/strong>K.A.<\/p>","protected":false},"featured_media":29020,"comment_status":"open","ping_status":"closed","template":"","meta":[],"product_brand":[],"product_cat":[83],"product_tag":[],"class_list":{"0":"post-28940","1":"product","2":"type-product","3":"status-publish","4":"has-post-thumbnail","6":"product_cat-pellets","8":"first","9":"instock","10":"shipping-taxable","11":"purchasable","12":"product-type-variable"},"yoast_head":"<!-- This site is optimized with the Yoast SEO Premium plugin v24.1 (Yoast SEO v27.4) - https:\/\/yoast.com\/product\/yoast-seo-premium-wordpress\/ -->\n<title>Buy-3-fea-powder Buy 3-FEA Powder: Quality RC&#039;s | ChemsXpress<\/title>\n<meta name=\"description\" content=\"Buy 3-FEA powder at ChemsXpress. Premium research chemicals, fast shipping. Trust our quality assurance for all your research needs. Order now\" \/>\n<meta name=\"robots\" content=\"index, follow, max-snippet:-1, max-image-preview:large, max-video-preview:-1\" \/>\n<link rel=\"canonical\" href=\"https:\/\/chemsxpress.com\/de\/produkt\/3-fea-pulver-kaufen\/\" \/>\n<meta property=\"og:locale\" content=\"de_DE\" \/>\n<meta property=\"og:type\" content=\"article\" \/>\n<meta property=\"og:title\" content=\"2\/3-FEA pellets 50mg\/125mg\" \/>\n<meta property=\"og:description\" content=\"Buy 3-FEA powder at ChemsXpress. Premium research chemicals, fast shipping. Trust our quality assurance for all your research needs. Order now\" \/>\n<meta property=\"og:url\" content=\"https:\/\/chemsxpress.com\/de\/produkt\/3-fea-pulver-kaufen\/\" \/>\n<meta property=\"og:site_name\" content=\"SHOP MDPHP\" \/>\n<meta property=\"article:modified_time\" content=\"2025-05-26T02:56:27+00:00\" \/>\n<meta property=\"og:image\" content=\"https:\/\/chemsxpress.com\/wp-content\/uploads\/2024\/04\/2-3-FEA-pellets-50mg-125mg.jpg\" \/>\n\t<meta property=\"og:image:width\" content=\"600\" \/>\n\t<meta property=\"og:image:height\" content=\"600\" \/>\n\t<meta property=\"og:image:type\" content=\"image\/jpeg\" \/>\n<meta name=\"twitter:card\" content=\"summary_large_image\" \/>\n<meta name=\"twitter:label1\" content=\"Gesch\u00e4tzte Lesezeit\" \/>\n\t<meta name=\"twitter:data1\" content=\"2\u00a0Minuten\" \/>\n<script type=\"application\/ld+json\" class=\"yoast-schema-graph\">{\"@context\":\"https:\\\/\\\/schema.org\",\"@graph\":[{\"@type\":\"WebPage\",\"@id\":\"https:\\\/\\\/chemsxpress.com\\\/product\\\/buy-3-fea-powder\\\/\",\"url\":\"https:\\\/\\\/chemsxpress.com\\\/product\\\/buy-3-fea-powder\\\/\",\"name\":\"Buy-3-fea-powder Buy 3-FEA Powder: Quality RC's | ChemsXpress\",\"isPartOf\":{\"@id\":\"https:\\\/\\\/chemsxpress.com\\\/#website\"},\"primaryImageOfPage\":{\"@id\":\"https:\\\/\\\/chemsxpress.com\\\/product\\\/buy-3-fea-powder\\\/#primaryimage\"},\"image\":{\"@id\":\"https:\\\/\\\/chemsxpress.com\\\/product\\\/buy-3-fea-powder\\\/#primaryimage\"},\"thumbnailUrl\":\"https:\\\/\\\/chemsxpress.com\\\/wp-content\\\/uploads\\\/2024\\\/04\\\/2-3-FEA-pellets-50mg-125mg.jpg\",\"datePublished\":\"2024-04-29T13:19:34+00:00\",\"dateModified\":\"2025-05-26T02:56:27+00:00\",\"description\":\"Buy 3-FEA powder at ChemsXpress. Premium research chemicals, fast shipping. Trust our quality assurance for all your research needs. Order now\",\"breadcrumb\":{\"@id\":\"https:\\\/\\\/chemsxpress.com\\\/product\\\/buy-3-fea-powder\\\/#breadcrumb\"},\"inLanguage\":\"de\",\"potentialAction\":[{\"@type\":\"ReadAction\",\"target\":[\"https:\\\/\\\/chemsxpress.com\\\/product\\\/buy-3-fea-powder\\\/\"]}]},{\"@type\":\"ImageObject\",\"inLanguage\":\"de\",\"@id\":\"https:\\\/\\\/chemsxpress.com\\\/product\\\/buy-3-fea-powder\\\/#primaryimage\",\"url\":\"https:\\\/\\\/chemsxpress.com\\\/wp-content\\\/uploads\\\/2024\\\/04\\\/2-3-FEA-pellets-50mg-125mg.jpg\",\"contentUrl\":\"https:\\\/\\\/chemsxpress.com\\\/wp-content\\\/uploads\\\/2024\\\/04\\\/2-3-FEA-pellets-50mg-125mg.jpg\",\"width\":600,\"height\":600,\"caption\":\"buy 3-FEA Powder\"},{\"@type\":\"BreadcrumbList\",\"@id\":\"https:\\\/\\\/chemsxpress.com\\\/product\\\/buy-3-fea-powder\\\/#breadcrumb\",\"itemListElement\":[{\"@type\":\"ListItem\",\"position\":1,\"name\":\"Home\",\"item\":\"https:\\\/\\\/chemsxpress.com\\\/\"},{\"@type\":\"ListItem\",\"position\":2,\"name\":\"Shop\",\"item\":\"https:\\\/\\\/chemsxpress.com\\\/shop\\\/\"},{\"@type\":\"ListItem\",\"position\":3,\"name\":\"2\\\/3-FEA pellets 50mg\\\/125mg\"}]},{\"@type\":\"WebSite\",\"@id\":\"https:\\\/\\\/chemsxpress.com\\\/#website\",\"url\":\"https:\\\/\\\/chemsxpress.com\\\/\",\"name\":\"SHOP MDPHP\",\"description\":\"Buy MDPHP freebase from reliable supplier\",\"potentialAction\":[{\"@type\":\"SearchAction\",\"target\":{\"@type\":\"EntryPoint\",\"urlTemplate\":\"https:\\\/\\\/chemsxpress.com\\\/?s={search_term_string}\"},\"query-input\":{\"@type\":\"PropertyValueSpecification\",\"valueRequired\":true,\"valueName\":\"search_term_string\"}}],\"inLanguage\":\"de\"}]}<\/script>\n<!-- \/ Yoast SEO Premium plugin. -->","yoast_head_json":{"title":"Buy-3-fea-powder Kaufen Sie 3-FEA-Pulver: Qualit\u00e4ts-RCs | ChemsXpress","description":"Kaufen Sie bromonordiazepam online Premium Forschungschemikalien, schneller Versand. Vertrauen Sie unserer Qualit\u00e4tssicherung f\u00fcr Ihren gesamten Forschungsbedarf. Jetzt bestellen","robots":{"index":"index","follow":"follow","max-snippet":"max-snippet:-1","max-image-preview":"max-image-preview:large","max-video-preview":"max-video-preview:-1"},"canonical":"https:\/\/chemsxpress.com\/de\/produkt\/3-fea-pulver-kaufen\/","og_locale":"de_DE","og_type":"article","og_title":"2\/3-FEA pellets 50mg\/125mg","og_description":"Buy 3-FEA powder at ChemsXpress. Premium research chemicals, fast shipping. Trust our quality assurance for all your research needs. Order now","og_url":"https:\/\/chemsxpress.com\/de\/produkt\/3-fea-pulver-kaufen\/","og_site_name":"SHOP MDPHP","article_modified_time":"2025-05-26T02:56:27+00:00","og_image":[{"width":600,"height":600,"url":"https:\/\/chemsxpress.com\/wp-content\/uploads\/2024\/04\/2-3-FEA-pellets-50mg-125mg.jpg","type":"image\/jpeg"}],"twitter_card":"summary_large_image","twitter_misc":{"Gesch\u00e4tzte Lesezeit":"2\u00a0Minuten"},"schema":{"@context":"https:\/\/schema.org","@graph":[{"@type":"WebPage","@id":"https:\/\/chemsxpress.com\/product\/buy-3-fea-powder\/","url":"https:\/\/chemsxpress.com\/product\/buy-3-fea-powder\/","name":"Buy-3-fea-powder Kaufen Sie 3-FEA-Pulver: Qualit\u00e4ts-RCs | ChemsXpress","isPartOf":{"@id":"https:\/\/chemsxpress.com\/#website"},"primaryImageOfPage":{"@id":"https:\/\/chemsxpress.com\/product\/buy-3-fea-powder\/#primaryimage"},"image":{"@id":"https:\/\/chemsxpress.com\/product\/buy-3-fea-powder\/#primaryimage"},"thumbnailUrl":"https:\/\/chemsxpress.com\/wp-content\/uploads\/2024\/04\/2-3-FEA-pellets-50mg-125mg.jpg","datePublished":"2024-04-29T13:19:34+00:00","dateModified":"2025-05-26T02:56:27+00:00","description":"Kaufen Sie bromonordiazepam online Premium Forschungschemikalien, schneller Versand. Vertrauen Sie unserer Qualit\u00e4tssicherung f\u00fcr Ihren gesamten Forschungsbedarf. Jetzt bestellen","breadcrumb":{"@id":"https:\/\/chemsxpress.com\/product\/buy-3-fea-powder\/#breadcrumb"},"inLanguage":"de","potentialAction":[{"@type":"ReadAction","target":["https:\/\/chemsxpress.com\/product\/buy-3-fea-powder\/"]}]},{"@type":"ImageObject","inLanguage":"de","@id":"https:\/\/chemsxpress.com\/product\/buy-3-fea-powder\/#primaryimage","url":"https:\/\/chemsxpress.com\/wp-content\/uploads\/2024\/04\/2-3-FEA-pellets-50mg-125mg.jpg","contentUrl":"https:\/\/chemsxpress.com\/wp-content\/uploads\/2024\/04\/2-3-FEA-pellets-50mg-125mg.jpg","width":600,"height":600,"caption":"buy 3-FEA Powder"},{"@type":"BreadcrumbList","@id":"https:\/\/chemsxpress.com\/product\/buy-3-fea-powder\/#breadcrumb","itemListElement":[{"@type":"ListItem","position":1,"name":"Home","item":"https:\/\/chemsxpress.com\/"},{"@type":"ListItem","position":2,"name":"Shop","item":"https:\/\/chemsxpress.com\/shop\/"},{"@type":"ListItem","position":3,"name":"2\/3-FEA pellets 50mg\/125mg"}]},{"@type":"WebSite","@id":"https:\/\/chemsxpress.com\/#website","url":"https:\/\/chemsxpress.com\/","name":"MDPHP EINKAUFEN","description":"MDPHP freebase von einem zuverl\u00e4ssigen Anbieter kaufen","potentialAction":[{"@type":"SearchAction","target":{"@type":"EntryPoint","urlTemplate":"https:\/\/chemsxpress.com\/?s={search_term_string}"},"query-input":{"@type":"PropertyValueSpecification","valueRequired":true,"valueName":"search_term_string"}}],"inLanguage":"de"}]}},"jetpack_sharing_enabled":true,"_links":{"self":[{"href":"https:\/\/chemsxpress.com\/de\/wp-json\/wp\/v2\/product\/28940","targetHints":{"allow":["GET"]}}],"collection":[{"href":"https:\/\/chemsxpress.com\/de\/wp-json\/wp\/v2\/product"}],"about":[{"href":"https:\/\/chemsxpress.com\/de\/wp-json\/wp\/v2\/types\/product"}],"replies":[{"embeddable":true,"href":"https:\/\/chemsxpress.com\/de\/wp-json\/wp\/v2\/comments?post=28940"}],"version-history":[{"count":4,"href":"https:\/\/chemsxpress.com\/de\/wp-json\/wp\/v2\/product\/28940\/revisions"}],"predecessor-version":[{"id":30009,"href":"https:\/\/chemsxpress.com\/de\/wp-json\/wp\/v2\/product\/28940\/revisions\/30009"}],"wp:featuredmedia":[{"embeddable":true,"href":"https:\/\/chemsxpress.com\/de\/wp-json\/wp\/v2\/media\/29020"}],"wp:attachment":[{"href":"https:\/\/chemsxpress.com\/de\/wp-json\/wp\/v2\/media?parent=28940"}],"wp:term":[{"taxonomy":"product_brand","embeddable":true,"href":"https:\/\/chemsxpress.com\/de\/wp-json\/wp\/v2\/product_brand?post=28940"},{"taxonomy":"product_cat","embeddable":true,"href":"https:\/\/chemsxpress.com\/de\/wp-json\/wp\/v2\/product_cat?post=28940"},{"taxonomy":"product_tag","embeddable":true,"href":"https:\/\/chemsxpress.com\/de\/wp-json\/wp\/v2\/product_tag?post=28940"}],"curies":[{"name":"wp","href":"https:\/\/api.w.org\/{rel}","templated":true}]}}