{"id":28941,"date":"2024-04-29T13:19:34","date_gmt":"2024-04-29T13:19:34","guid":{"rendered":"https:\/\/chemsxpress.com\/?post_type=product&#038;p=28941"},"modified":"2024-07-04T22:11:07","modified_gmt":"2024-07-04T22:11:07","slug":"4-ho-mipt-online-kaufen","status":"publish","type":"product","link":"https:\/\/chemsxpress.com\/de\/produkt\/4-ho-mipt-online-kaufen\/","title":{"rendered":"4-HO-MIPT-K\u00fcgelchen 20mg"},"content":{"rendered":"<h1>4-HO-MiPT online kaufen<\/h1>\n<p>Kaufen Sie 4-HO-MiPT Online, 4-HO-MiPT ist die Abk\u00fcrzung f\u00fcr 4-Hydroxy-N-methyl-N-isopropyltryptamin. Diese Substanz f\u00e4llt unter die Klasse der Tryptamine von Chemikalien. Sie ist dem Psilocin, dem Wirkstoff von Magic Mushrooms, sehr \u00e4hnlich. Wie Psilocin ist auch 4-HO-MiPT daf\u00fcr bekannt, dass es bei Forschungsexperimenten im Labor psychedelische Wirkungen hervorruft.<\/p>\n<p>4-HO-MiPT erfreut sich zunehmender Beliebtheit und wird zu einem der am h\u00e4ufigsten verwendeten synthetischen Tryptamine, das von <a href=\"https:\/\/chemsxpress.com\/de\/produktkategorie\/forschungschemikalien\/\">chemische Forscher<\/a>.<\/p>\n<p>&nbsp;<\/p>\n<h2><strong>Wo kann man 4-HO-MiPT online kaufen?<\/strong><\/h2>\n<p>Wir verkaufen hochwertiges 4-HO-MiPT hier bei <a href=\"https:\/\/chemsxpress.com\/de\/\">ChemsXpress<\/a>. Wir bieten diese Forschungschemikalie in HCl- oder Fumarat-Pulverform an, die sich perfekt f\u00fcr Laborexperimente eignet. Wenn Sie jedoch eine andere Form bevorzugen, k\u00f6nnen Sie sich mit uns in Verbindung setzen, um zu erfahren, wann wir eine andere Form verf\u00fcgbar haben.<\/p>\n<p>Sie m\u00fcssen mindestens 18 Jahre alt sein, um unser 4-HO-MiPT zu kaufen. Au\u00dferdem m\u00fcssen Sie die Gesetze Ihres Landes vollst\u00e4ndig einhalten. Unser 4-HO-MiPT ist nicht f\u00fcr den Gebrauch an Menschen oder Tieren bestimmt. Es ist nur f\u00fcr Forschungszwecke bestimmt.<\/p>\n<p>&nbsp;<\/p>\n<h2><strong>4-HO-MiPT Rechtm\u00e4\u00dfigkeit<\/strong><\/h2>\n<p>4-HO-MiPT ist in Brasilien und Schweden illegal. Im Vereinigten K\u00f6nigreich wird es als Droge der Klasse A eingestuft. In den Vereinigten Staaten ist es nicht zugelassen. Es wird jedoch h\u00e4ufig als Analogon von Psilocin angesehen. Daher k\u00f6nnen Personen, die 4-HO-MiPT besitzen oder verkaufen, nach dem Federal Analogue Act strafrechtlich verfolgt werden.<\/p>\n<p><strong>Experimentelle Ma\u00dfnahmen<\/strong>: Wie bei den meisten 4-Hydroxys m\u00fcssen Sie sicherstellen, dass Ihr Labor \u00fcber eine funktionierende Milligramm-Waage oder die M\u00f6glichkeit der volumetrischen Quantifizierung verf\u00fcgt. Dies ist besonders wichtig bei 4-AcO-MiPT, da die Reaktivit\u00e4tswerte bereits bei 5 mg beginnen.<\/p>","protected":false},"excerpt":{"rendered":"<p><strong>IUPAC-Name: <\/strong>3-(2-[Isopropyl (methyl) amino]ethyl)-1H-indol-4-ol<\/p>\n<p><strong>Other name: <\/strong>4-hydroxy-N-methyl-N-isopropyltryptamine<\/p>\n<p><strong>Form: <\/strong>pellets<\/p>\n<p><strong>NMR Analysis: <\/strong>N\/A<\/p>\n","protected":false},"featured_media":29022,"comment_status":"open","ping_status":"closed","template":"","meta":[],"product_brand":[],"product_cat":[83],"product_tag":[],"class_list":{"0":"post-28941","1":"product","2":"type-product","3":"status-publish","4":"has-post-thumbnail","6":"product_cat-pellets","8":"first","9":"instock","10":"shipping-taxable","11":"purchasable","12":"product-type-variable"},"yoast_head":"<!-- This site is optimized with the Yoast SEO Premium plugin v24.1 (Yoast SEO v27.6) - https:\/\/yoast.com\/product\/yoast-seo-premium-wordpress\/ -->\n<title>Buy 4-HO-MiPT Online: Premium Quality RC&#039;s | ChemsXpress<\/title>\n<meta name=\"description\" content=\"Buy 4-HO-MiPT Online at ChemsXpress. Premium research chemicals, fast shipping. Trust our quality assurance for all your research needs.\" \/>\n<meta name=\"robots\" content=\"index, follow, max-snippet:-1, max-image-preview:large, max-video-preview:-1\" \/>\n<link rel=\"canonical\" href=\"https:\/\/chemsxpress.com\/de\/produkt\/4-ho-mipt-online-kaufen\/\" \/>\n<meta property=\"og:locale\" content=\"de_DE\" \/>\n<meta property=\"og:type\" content=\"article\" \/>\n<meta property=\"og:title\" content=\"4-HO-MIPT pellets 20mg\" \/>\n<meta property=\"og:description\" content=\"Buy 4-HO-MiPT Online at ChemsXpress. Premium research chemicals, fast shipping. Trust our quality assurance for all your research needs.\" \/>\n<meta property=\"og:url\" content=\"https:\/\/chemsxpress.com\/de\/produkt\/4-ho-mipt-online-kaufen\/\" \/>\n<meta property=\"og:site_name\" content=\"SHOP MDPHP\" \/>\n<meta property=\"article:modified_time\" content=\"2024-07-04T22:11:07+00:00\" \/>\n<meta property=\"og:image\" content=\"https:\/\/chemsxpress.com\/wp-content\/uploads\/2024\/04\/4-HO-MIPT-pellets-20mg.jpg\" \/>\n\t<meta property=\"og:image:width\" content=\"600\" \/>\n\t<meta property=\"og:image:height\" content=\"600\" \/>\n\t<meta property=\"og:image:type\" content=\"image\/jpeg\" \/>\n<meta name=\"twitter:card\" content=\"summary_large_image\" \/>\n<meta name=\"twitter:label1\" content=\"Gesch\u00e4tzte Lesezeit\" \/>\n\t<meta name=\"twitter:data1\" content=\"2\u00a0Minuten\" \/>\n<script type=\"application\/ld+json\" class=\"yoast-schema-graph\">{\"@context\":\"https:\\\/\\\/schema.org\",\"@graph\":[{\"@type\":\"WebPage\",\"@id\":\"https:\\\/\\\/chemsxpress.com\\\/product\\\/buy-4-ho-mipt-online\\\/\",\"url\":\"https:\\\/\\\/chemsxpress.com\\\/product\\\/buy-4-ho-mipt-online\\\/\",\"name\":\"Buy 4-HO-MiPT Online: Premium Quality RC's | ChemsXpress\",\"isPartOf\":{\"@id\":\"https:\\\/\\\/chemsxpress.com\\\/#website\"},\"primaryImageOfPage\":{\"@id\":\"https:\\\/\\\/chemsxpress.com\\\/product\\\/buy-4-ho-mipt-online\\\/#primaryimage\"},\"image\":{\"@id\":\"https:\\\/\\\/chemsxpress.com\\\/product\\\/buy-4-ho-mipt-online\\\/#primaryimage\"},\"thumbnailUrl\":\"https:\\\/\\\/chemsxpress.com\\\/wp-content\\\/uploads\\\/2024\\\/04\\\/4-HO-MIPT-pellets-20mg.jpg\",\"datePublished\":\"2024-04-29T13:19:34+00:00\",\"dateModified\":\"2024-07-04T22:11:07+00:00\",\"description\":\"Buy 4-HO-MiPT Online at ChemsXpress. Premium research chemicals, fast shipping. Trust our quality assurance for all your research needs.\",\"breadcrumb\":{\"@id\":\"https:\\\/\\\/chemsxpress.com\\\/product\\\/buy-4-ho-mipt-online\\\/#breadcrumb\"},\"inLanguage\":\"de\",\"potentialAction\":[{\"@type\":\"ReadAction\",\"target\":[\"https:\\\/\\\/chemsxpress.com\\\/product\\\/buy-4-ho-mipt-online\\\/\"]}]},{\"@type\":\"ImageObject\",\"inLanguage\":\"de\",\"@id\":\"https:\\\/\\\/chemsxpress.com\\\/product\\\/buy-4-ho-mipt-online\\\/#primaryimage\",\"url\":\"https:\\\/\\\/chemsxpress.com\\\/wp-content\\\/uploads\\\/2024\\\/04\\\/4-HO-MIPT-pellets-20mg.jpg\",\"contentUrl\":\"https:\\\/\\\/chemsxpress.com\\\/wp-content\\\/uploads\\\/2024\\\/04\\\/4-HO-MIPT-pellets-20mg.jpg\",\"width\":600,\"height\":600,\"caption\":\"Buy 4-HO-MiPT Online\"},{\"@type\":\"BreadcrumbList\",\"@id\":\"https:\\\/\\\/chemsxpress.com\\\/product\\\/buy-4-ho-mipt-online\\\/#breadcrumb\",\"itemListElement\":[{\"@type\":\"ListItem\",\"position\":1,\"name\":\"Home\",\"item\":\"https:\\\/\\\/chemsxpress.com\\\/\"},{\"@type\":\"ListItem\",\"position\":2,\"name\":\"Shop\",\"item\":\"https:\\\/\\\/chemsxpress.com\\\/shop\\\/\"},{\"@type\":\"ListItem\",\"position\":3,\"name\":\"4-HO-MIPT pellets 20mg\"}]},{\"@type\":\"WebSite\",\"@id\":\"https:\\\/\\\/chemsxpress.com\\\/#website\",\"url\":\"https:\\\/\\\/chemsxpress.com\\\/\",\"name\":\"SHOP MDPHP\",\"description\":\"Buy MDPHP freebase from reliable supplier\",\"potentialAction\":[{\"@type\":\"SearchAction\",\"target\":{\"@type\":\"EntryPoint\",\"urlTemplate\":\"https:\\\/\\\/chemsxpress.com\\\/?s={search_term_string}\"},\"query-input\":{\"@type\":\"PropertyValueSpecification\",\"valueRequired\":true,\"valueName\":\"search_term_string\"}}],\"inLanguage\":\"de\"}]}<\/script>\n<!-- \/ Yoast SEO Premium plugin. -->","yoast_head_json":{"title":"Kaufen Sie 4-HO-MiPT online: RCs in Premiumqualit\u00e4t | ChemsXpress","description":"Kaufen Sie bromonordiazepam online Premium Forschungschemikalien, schneller Versand. Vertrauen Sie unserer Qualit\u00e4tssicherung f\u00fcr Ihren gesamten Forschungsbedarf. Jetzt bestellen","robots":{"index":"index","follow":"follow","max-snippet":"max-snippet:-1","max-image-preview":"max-image-preview:large","max-video-preview":"max-video-preview:-1"},"canonical":"https:\/\/chemsxpress.com\/de\/produkt\/4-ho-mipt-online-kaufen\/","og_locale":"de_DE","og_type":"article","og_title":"4-HO-MIPT pellets 20mg","og_description":"Buy 4-HO-MiPT Online at ChemsXpress. Premium research chemicals, fast shipping. Trust our quality assurance for all your research needs.","og_url":"https:\/\/chemsxpress.com\/de\/produkt\/4-ho-mipt-online-kaufen\/","og_site_name":"SHOP MDPHP","article_modified_time":"2024-07-04T22:11:07+00:00","og_image":[{"width":600,"height":600,"url":"https:\/\/chemsxpress.com\/wp-content\/uploads\/2024\/04\/4-HO-MIPT-pellets-20mg.jpg","type":"image\/jpeg"}],"twitter_card":"summary_large_image","twitter_misc":{"Gesch\u00e4tzte Lesezeit":"2\u00a0Minuten"},"schema":{"@context":"https:\/\/schema.org","@graph":[{"@type":"WebPage","@id":"https:\/\/chemsxpress.com\/product\/buy-4-ho-mipt-online\/","url":"https:\/\/chemsxpress.com\/product\/buy-4-ho-mipt-online\/","name":"Kaufen Sie 4-HO-MiPT online: RCs in Premiumqualit\u00e4t | ChemsXpress","isPartOf":{"@id":"https:\/\/chemsxpress.com\/#website"},"primaryImageOfPage":{"@id":"https:\/\/chemsxpress.com\/product\/buy-4-ho-mipt-online\/#primaryimage"},"image":{"@id":"https:\/\/chemsxpress.com\/product\/buy-4-ho-mipt-online\/#primaryimage"},"thumbnailUrl":"https:\/\/chemsxpress.com\/wp-content\/uploads\/2024\/04\/4-HO-MIPT-pellets-20mg.jpg","datePublished":"2024-04-29T13:19:34+00:00","dateModified":"2024-07-04T22:11:07+00:00","description":"Kaufen Sie bromonordiazepam online Premium Forschungschemikalien, schneller Versand. Vertrauen Sie unserer Qualit\u00e4tssicherung f\u00fcr Ihren gesamten Forschungsbedarf. Jetzt bestellen","breadcrumb":{"@id":"https:\/\/chemsxpress.com\/product\/buy-4-ho-mipt-online\/#breadcrumb"},"inLanguage":"de","potentialAction":[{"@type":"ReadAction","target":["https:\/\/chemsxpress.com\/product\/buy-4-ho-mipt-online\/"]}]},{"@type":"ImageObject","inLanguage":"de","@id":"https:\/\/chemsxpress.com\/product\/buy-4-ho-mipt-online\/#primaryimage","url":"https:\/\/chemsxpress.com\/wp-content\/uploads\/2024\/04\/4-HO-MIPT-pellets-20mg.jpg","contentUrl":"https:\/\/chemsxpress.com\/wp-content\/uploads\/2024\/04\/4-HO-MIPT-pellets-20mg.jpg","width":600,"height":600,"caption":"Buy 4-HO-MiPT Online"},{"@type":"BreadcrumbList","@id":"https:\/\/chemsxpress.com\/product\/buy-4-ho-mipt-online\/#breadcrumb","itemListElement":[{"@type":"ListItem","position":1,"name":"Home","item":"https:\/\/chemsxpress.com\/"},{"@type":"ListItem","position":2,"name":"Shop","item":"https:\/\/chemsxpress.com\/shop\/"},{"@type":"ListItem","position":3,"name":"4-HO-MIPT pellets 20mg"}]},{"@type":"WebSite","@id":"https:\/\/chemsxpress.com\/#website","url":"https:\/\/chemsxpress.com\/","name":"MDPHP EINKAUFEN","description":"MDPHP freebase von einem zuverl\u00e4ssigen Anbieter kaufen","potentialAction":[{"@type":"SearchAction","target":{"@type":"EntryPoint","urlTemplate":"https:\/\/chemsxpress.com\/?s={search_term_string}"},"query-input":{"@type":"PropertyValueSpecification","valueRequired":true,"valueName":"search_term_string"}}],"inLanguage":"de"}]}},"jetpack_sharing_enabled":true,"_links":{"self":[{"href":"https:\/\/chemsxpress.com\/de\/wp-json\/wp\/v2\/product\/28941","targetHints":{"allow":["GET"]}}],"collection":[{"href":"https:\/\/chemsxpress.com\/de\/wp-json\/wp\/v2\/product"}],"about":[{"href":"https:\/\/chemsxpress.com\/de\/wp-json\/wp\/v2\/types\/product"}],"replies":[{"embeddable":true,"href":"https:\/\/chemsxpress.com\/de\/wp-json\/wp\/v2\/comments?post=28941"}],"version-history":[{"count":4,"href":"https:\/\/chemsxpress.com\/de\/wp-json\/wp\/v2\/product\/28941\/revisions"}],"predecessor-version":[{"id":30012,"href":"https:\/\/chemsxpress.com\/de\/wp-json\/wp\/v2\/product\/28941\/revisions\/30012"}],"wp:featuredmedia":[{"embeddable":true,"href":"https:\/\/chemsxpress.com\/de\/wp-json\/wp\/v2\/media\/29022"}],"wp:attachment":[{"href":"https:\/\/chemsxpress.com\/de\/wp-json\/wp\/v2\/media?parent=28941"}],"wp:term":[{"taxonomy":"product_brand","embeddable":true,"href":"https:\/\/chemsxpress.com\/de\/wp-json\/wp\/v2\/product_brand?post=28941"},{"taxonomy":"product_cat","embeddable":true,"href":"https:\/\/chemsxpress.com\/de\/wp-json\/wp\/v2\/product_cat?post=28941"},{"taxonomy":"product_tag","embeddable":true,"href":"https:\/\/chemsxpress.com\/de\/wp-json\/wp\/v2\/product_tag?post=28941"}],"curies":[{"name":"wp","href":"https:\/\/api.w.org\/{rel}","templated":true}]}}