{"id":28943,"date":"2024-04-29T13:19:34","date_gmt":"2024-04-29T13:19:34","guid":{"rendered":"https:\/\/chemsxpress.com\/?post_type=product&#038;p=28943"},"modified":"2024-07-04T22:15:50","modified_gmt":"2024-07-04T22:15:50","slug":"kaufen-2c-b-fliegen","status":"publish","type":"product","link":"https:\/\/chemsxpress.com\/de\/produkt\/kaufen-2c-b-fliegen\/","title":{"rendered":"2C-B-FLY Pellets 10mg"},"content":{"rendered":"<h1>2C-B-FLY kaufen<\/h1>\n<p>Buy 2C-B-FLY ist eine Forschungschemikalie und sollte nur zu diesem Zweck verwendet werden. Allerdings kann 2C-B-FLY auch Auswirkungen auf den K\u00f6rper haben, wenn es konsumiert wird. Bitte beachten Sie, dass diese Effekte nicht nur positiv sind und dass es einen Grund gibt, warum 2C-B-FLY nur f\u00fcr wissenschaftliche Zwecke verwendet werden sollte. Hier werden wir die Wirkungen besprechen, um sicherzustellen, dass Sie es nur f\u00fcr die richtigen Zwecke verwenden.<br \/>\nFuncaps verkauft nur 2C-B-FLY. Sie k\u00f6nnen 2C-B-FLY bei ChemsXpress kaufen. Wir garantieren hohe Qualit\u00e4t, so dass Sie es f\u00fcr Forschungszwecke und nicht f\u00fcr den Konsum verwenden k\u00f6nnen.<\/p>\n<h2>Wo kann man 2C-B-FLY kaufen?<\/h2>\n<p>Unter <a href=\"https:\/\/chemsxpress.com\/de\/\">ChemsXpress<\/a>bieten wir 2C-B-FLY an, eine synthetische psychedelische Verbindung, die f\u00fcr ihre \u00e4hnliche Wirkung wie 2C-B bekannt ist. Unser 2C-B-FLY wird mit fortschrittlichen Techniken synthetisiert, um die Reinheit und Wirksamkeit zu gew\u00e4hrleisten, wodurch es f\u00fcr Forschungszwecke geeignet ist.<\/p>\n<p>Als Mitglied der Klasse der Phenethylamine ist 2C-B-FLY f\u00fcr seine psychedelischen Wirkungen bekannt, zu denen Ver\u00e4nderungen der Wahrnehmung, der Stimmung und des Bewusstseins geh\u00f6ren. Forscher, die an der Untersuchung der pharmakologischen Wirkungen und potenziellen therapeutischen Anwendungen von <a href=\"https:\/\/chemsxpress.com\/de\/produkt\/o-pce-online-kaufen\/\">2C-B-FLY<\/a> k\u00f6nnen darauf vertrauen, dass ChemsXpress hochwertige <a href=\"https:\/\/chemsxpress.com\/de\/produktkategorie\/forschungschemikalien\/\">Forschungschemikalien<\/a> f\u00fcr ihre Untersuchungen.<\/p>\n<p>Es ist wichtig zu wissen, dass die Verwendung von 2C-B-FLY f\u00fcr den menschlichen Verzehr von den Aufsichtsbeh\u00f6rden nicht genehmigt ist. Forscher sollten daher vorsichtig damit umgehen und sich an strenge Sicherheitsprotokolle und gesetzliche Vorschriften halten.<\/p>\n<p>ChemsXpress hat es sich zur Aufgabe gemacht, wissenschaftliche Forschung und Innovation zu unterst\u00fctzen, indem wir Forschern Zugang zu hochwertigen Forschungschemikalien bieten. Entdecken Sie unseren Katalog von Forschungschemikalien, einschlie\u00dflich 2C-B-FLY, und beginnen Sie Ihre Forschungsreise mit Vertrauen.<\/p>","protected":false},"excerpt":{"rendered":"<p><strong>IUPAC-Name: <\/strong>2-(4-bromo-2,3,6,7-tetrahydrofuro[2,3-f][1]benzofuran-8-yl)ethanamine<\/p>\n<p><strong>CAS # <\/strong>733720-95-1<\/p>\n<p><strong>Other name: <\/strong>2-(4-bromo-2,3,6,7-tetrahydrofuro[2,3-f][1]benzofuran-8-yl)ethanamine<\/p>\n<p><strong>Appearance: <\/strong>10mg Pellets<\/p>\n<p><strong>Form: <\/strong>pellet<\/p>\n<p><strong>NMR Analysis: <\/strong>C12H14BrNO2<\/p>\n","protected":false},"featured_media":29026,"comment_status":"open","ping_status":"closed","template":"","meta":[],"product_brand":[],"product_cat":[83],"product_tag":[],"class_list":{"0":"post-28943","1":"product","2":"type-product","3":"status-publish","4":"has-post-thumbnail","6":"product_cat-pellets","8":"first","9":"instock","10":"shipping-taxable","11":"purchasable","12":"product-type-variable"},"yoast_head":"<!-- This site is optimized with the Yoast SEO Premium plugin v24.1 (Yoast SEO v27.5) - https:\/\/yoast.com\/product\/yoast-seo-premium-wordpress\/ -->\n<title>Buy 2C-B-FLY Online: Premium Quality RC&#039;s | ChemsXpress<\/title>\n<meta name=\"description\" content=\"Buy 2C-B-FLY at ChemsXpress. Premium research chemicals, fast shipping. Trust our quality assurance for all your research needs. Order now\" \/>\n<meta name=\"robots\" content=\"index, follow, max-snippet:-1, max-image-preview:large, max-video-preview:-1\" \/>\n<link rel=\"canonical\" href=\"https:\/\/chemsxpress.com\/de\/produkt\/kaufen-2c-b-fliegen\/\" \/>\n<meta property=\"og:locale\" content=\"de_DE\" \/>\n<meta property=\"og:type\" content=\"article\" \/>\n<meta property=\"og:title\" content=\"2C-B-FLY pellets 10mg\" \/>\n<meta property=\"og:description\" content=\"Buy 2C-B-FLY at ChemsXpress. Premium research chemicals, fast shipping. Trust our quality assurance for all your research needs. Order now\" \/>\n<meta property=\"og:url\" content=\"https:\/\/chemsxpress.com\/de\/produkt\/kaufen-2c-b-fliegen\/\" \/>\n<meta property=\"og:site_name\" content=\"SHOP MDPHP\" \/>\n<meta property=\"article:modified_time\" content=\"2024-07-04T22:15:50+00:00\" \/>\n<meta property=\"og:image\" content=\"https:\/\/chemsxpress.com\/wp-content\/uploads\/2024\/04\/2C-B-FLY-pellets-10mg.jpg\" \/>\n\t<meta property=\"og:image:width\" content=\"600\" \/>\n\t<meta property=\"og:image:height\" content=\"600\" \/>\n\t<meta property=\"og:image:type\" content=\"image\/jpeg\" \/>\n<meta name=\"twitter:card\" content=\"summary_large_image\" \/>\n<meta name=\"twitter:label1\" content=\"Gesch\u00e4tzte Lesezeit\" \/>\n\t<meta name=\"twitter:data1\" content=\"2\u00a0Minuten\" \/>\n<script type=\"application\/ld+json\" class=\"yoast-schema-graph\">{\"@context\":\"https:\\\/\\\/schema.org\",\"@graph\":[{\"@type\":\"WebPage\",\"@id\":\"https:\\\/\\\/chemsxpress.com\\\/product\\\/buy-2c-b-fly\\\/\",\"url\":\"https:\\\/\\\/chemsxpress.com\\\/product\\\/buy-2c-b-fly\\\/\",\"name\":\"Buy 2C-B-FLY Online: Premium Quality RC's | ChemsXpress\",\"isPartOf\":{\"@id\":\"https:\\\/\\\/chemsxpress.com\\\/#website\"},\"primaryImageOfPage\":{\"@id\":\"https:\\\/\\\/chemsxpress.com\\\/product\\\/buy-2c-b-fly\\\/#primaryimage\"},\"image\":{\"@id\":\"https:\\\/\\\/chemsxpress.com\\\/product\\\/buy-2c-b-fly\\\/#primaryimage\"},\"thumbnailUrl\":\"https:\\\/\\\/chemsxpress.com\\\/wp-content\\\/uploads\\\/2024\\\/04\\\/2C-B-FLY-pellets-10mg.jpg\",\"datePublished\":\"2024-04-29T13:19:34+00:00\",\"dateModified\":\"2024-07-04T22:15:50+00:00\",\"description\":\"Buy 2C-B-FLY at ChemsXpress. Premium research chemicals, fast shipping. Trust our quality assurance for all your research needs. Order now\",\"breadcrumb\":{\"@id\":\"https:\\\/\\\/chemsxpress.com\\\/product\\\/buy-2c-b-fly\\\/#breadcrumb\"},\"inLanguage\":\"de\",\"potentialAction\":[{\"@type\":\"ReadAction\",\"target\":[\"https:\\\/\\\/chemsxpress.com\\\/product\\\/buy-2c-b-fly\\\/\"]}]},{\"@type\":\"ImageObject\",\"inLanguage\":\"de\",\"@id\":\"https:\\\/\\\/chemsxpress.com\\\/product\\\/buy-2c-b-fly\\\/#primaryimage\",\"url\":\"https:\\\/\\\/chemsxpress.com\\\/wp-content\\\/uploads\\\/2024\\\/04\\\/2C-B-FLY-pellets-10mg.jpg\",\"contentUrl\":\"https:\\\/\\\/chemsxpress.com\\\/wp-content\\\/uploads\\\/2024\\\/04\\\/2C-B-FLY-pellets-10mg.jpg\",\"width\":600,\"height\":600,\"caption\":\"Buy 2C-B-FLY\"},{\"@type\":\"BreadcrumbList\",\"@id\":\"https:\\\/\\\/chemsxpress.com\\\/product\\\/buy-2c-b-fly\\\/#breadcrumb\",\"itemListElement\":[{\"@type\":\"ListItem\",\"position\":1,\"name\":\"Home\",\"item\":\"https:\\\/\\\/chemsxpress.com\\\/\"},{\"@type\":\"ListItem\",\"position\":2,\"name\":\"Shop\",\"item\":\"https:\\\/\\\/chemsxpress.com\\\/shop\\\/\"},{\"@type\":\"ListItem\",\"position\":3,\"name\":\"2C-B-FLY pellets 10mg\"}]},{\"@type\":\"WebSite\",\"@id\":\"https:\\\/\\\/chemsxpress.com\\\/#website\",\"url\":\"https:\\\/\\\/chemsxpress.com\\\/\",\"name\":\"SHOP MDPHP\",\"description\":\"Buy MDPHP freebase from reliable supplier\",\"potentialAction\":[{\"@type\":\"SearchAction\",\"target\":{\"@type\":\"EntryPoint\",\"urlTemplate\":\"https:\\\/\\\/chemsxpress.com\\\/?s={search_term_string}\"},\"query-input\":{\"@type\":\"PropertyValueSpecification\",\"valueRequired\":true,\"valueName\":\"search_term_string\"}}],\"inLanguage\":\"de\"}]}<\/script>\n<!-- \/ Yoast SEO Premium plugin. -->","yoast_head_json":{"title":"2C-B-FLY online kaufen: RC's in Premiumqualit\u00e4t | ChemsXpress","description":"Kaufen Sie 2C-D Pellets bei ChemsXpress. Hochwertige Forschungschemikalien, schneller Versand. Vertrauen Sie unserer Qualit\u00e4tssicherung f\u00fcr Ihren gesamten Forschungsbedarf. Jetzt bestellen","robots":{"index":"index","follow":"follow","max-snippet":"max-snippet:-1","max-image-preview":"max-image-preview:large","max-video-preview":"max-video-preview:-1"},"canonical":"https:\/\/chemsxpress.com\/de\/produkt\/kaufen-2c-b-fliegen\/","og_locale":"de_DE","og_type":"article","og_title":"2C-B-FLY pellets 10mg","og_description":"Buy 2C-B-FLY at ChemsXpress. Premium research chemicals, fast shipping. Trust our quality assurance for all your research needs. Order now","og_url":"https:\/\/chemsxpress.com\/de\/produkt\/kaufen-2c-b-fliegen\/","og_site_name":"SHOP MDPHP","article_modified_time":"2024-07-04T22:15:50+00:00","og_image":[{"width":600,"height":600,"url":"https:\/\/chemsxpress.com\/wp-content\/uploads\/2024\/04\/2C-B-FLY-pellets-10mg.jpg","type":"image\/jpeg"}],"twitter_card":"summary_large_image","twitter_misc":{"Gesch\u00e4tzte Lesezeit":"2\u00a0Minuten"},"schema":{"@context":"https:\/\/schema.org","@graph":[{"@type":"WebPage","@id":"https:\/\/chemsxpress.com\/product\/buy-2c-b-fly\/","url":"https:\/\/chemsxpress.com\/product\/buy-2c-b-fly\/","name":"2C-B-FLY online kaufen: RC's in Premiumqualit\u00e4t | ChemsXpress","isPartOf":{"@id":"https:\/\/chemsxpress.com\/#website"},"primaryImageOfPage":{"@id":"https:\/\/chemsxpress.com\/product\/buy-2c-b-fly\/#primaryimage"},"image":{"@id":"https:\/\/chemsxpress.com\/product\/buy-2c-b-fly\/#primaryimage"},"thumbnailUrl":"https:\/\/chemsxpress.com\/wp-content\/uploads\/2024\/04\/2C-B-FLY-pellets-10mg.jpg","datePublished":"2024-04-29T13:19:34+00:00","dateModified":"2024-07-04T22:15:50+00:00","description":"Kaufen Sie 2C-D Pellets bei ChemsXpress. Hochwertige Forschungschemikalien, schneller Versand. Vertrauen Sie unserer Qualit\u00e4tssicherung f\u00fcr Ihren gesamten Forschungsbedarf. Jetzt bestellen","breadcrumb":{"@id":"https:\/\/chemsxpress.com\/product\/buy-2c-b-fly\/#breadcrumb"},"inLanguage":"de","potentialAction":[{"@type":"ReadAction","target":["https:\/\/chemsxpress.com\/product\/buy-2c-b-fly\/"]}]},{"@type":"ImageObject","inLanguage":"de","@id":"https:\/\/chemsxpress.com\/product\/buy-2c-b-fly\/#primaryimage","url":"https:\/\/chemsxpress.com\/wp-content\/uploads\/2024\/04\/2C-B-FLY-pellets-10mg.jpg","contentUrl":"https:\/\/chemsxpress.com\/wp-content\/uploads\/2024\/04\/2C-B-FLY-pellets-10mg.jpg","width":600,"height":600,"caption":"Buy 2C-B-FLY"},{"@type":"BreadcrumbList","@id":"https:\/\/chemsxpress.com\/product\/buy-2c-b-fly\/#breadcrumb","itemListElement":[{"@type":"ListItem","position":1,"name":"Home","item":"https:\/\/chemsxpress.com\/"},{"@type":"ListItem","position":2,"name":"Shop","item":"https:\/\/chemsxpress.com\/shop\/"},{"@type":"ListItem","position":3,"name":"2C-B-FLY pellets 10mg"}]},{"@type":"WebSite","@id":"https:\/\/chemsxpress.com\/#website","url":"https:\/\/chemsxpress.com\/","name":"MDPHP EINKAUFEN","description":"MDPHP freebase von einem zuverl\u00e4ssigen Anbieter kaufen","potentialAction":[{"@type":"SearchAction","target":{"@type":"EntryPoint","urlTemplate":"https:\/\/chemsxpress.com\/?s={search_term_string}"},"query-input":{"@type":"PropertyValueSpecification","valueRequired":true,"valueName":"search_term_string"}}],"inLanguage":"de"}]}},"jetpack_sharing_enabled":true,"_links":{"self":[{"href":"https:\/\/chemsxpress.com\/de\/wp-json\/wp\/v2\/product\/28943","targetHints":{"allow":["GET"]}}],"collection":[{"href":"https:\/\/chemsxpress.com\/de\/wp-json\/wp\/v2\/product"}],"about":[{"href":"https:\/\/chemsxpress.com\/de\/wp-json\/wp\/v2\/types\/product"}],"replies":[{"embeddable":true,"href":"https:\/\/chemsxpress.com\/de\/wp-json\/wp\/v2\/comments?post=28943"}],"version-history":[{"count":4,"href":"https:\/\/chemsxpress.com\/de\/wp-json\/wp\/v2\/product\/28943\/revisions"}],"predecessor-version":[{"id":30016,"href":"https:\/\/chemsxpress.com\/de\/wp-json\/wp\/v2\/product\/28943\/revisions\/30016"}],"wp:featuredmedia":[{"embeddable":true,"href":"https:\/\/chemsxpress.com\/de\/wp-json\/wp\/v2\/media\/29026"}],"wp:attachment":[{"href":"https:\/\/chemsxpress.com\/de\/wp-json\/wp\/v2\/media?parent=28943"}],"wp:term":[{"taxonomy":"product_brand","embeddable":true,"href":"https:\/\/chemsxpress.com\/de\/wp-json\/wp\/v2\/product_brand?post=28943"},{"taxonomy":"product_cat","embeddable":true,"href":"https:\/\/chemsxpress.com\/de\/wp-json\/wp\/v2\/product_cat?post=28943"},{"taxonomy":"product_tag","embeddable":true,"href":"https:\/\/chemsxpress.com\/de\/wp-json\/wp\/v2\/product_tag?post=28943"}],"curies":[{"name":"wp","href":"https:\/\/api.w.org\/{rel}","templated":true}]}}