{"id":28946,"date":"2024-04-29T13:19:34","date_gmt":"2024-04-29T13:19:34","guid":{"rendered":"https:\/\/chemsxpress.com\/?post_type=product&#038;p=28946"},"modified":"2025-05-27T20:01:28","modified_gmt":"2025-05-27T20:01:28","slug":"25e-nboh-online-kaufen","status":"publish","type":"product","link":"https:\/\/chemsxpress.com\/de\/produkt\/25e-nboh-online-kaufen\/","title":{"rendered":"25E-NBOH"},"content":{"rendered":"<h1>25E-NBOH online kaufen.<\/h1>\n<p>25E-NBOH Online kaufen, auch bekannt als 2C-E-NBOH oder NBOH-2C-E, ist ein synthetisches Phenethylamin-Derivat und eine starke psychedelische Verbindung. Es geh\u00f6rt zur NBOH-Klasse von Psychedelika und ist strukturell mit der 2C-Familie von Phenethylaminen, insbesondere 2C-E, verwandt.<\/p>\n<p>Bei ChemsXpress bieten wir 25E-NBOH als Forschungschemikalie f\u00fcr die wissenschaftliche Erforschung an. Unser 25E-NBOH wird mit fortschrittlichen Techniken synthetisiert und strengen Tests unterzogen, um Reinheit und Wirksamkeit zu gew\u00e4hrleisten. Forscher k\u00f6nnen darauf vertrauen, dass ChemsXpress qualitativ hochwertiges 25E-NBOH f\u00fcr ihre Untersuchungen bereitstellt.<\/p>\n<p>Die Wirkungen von 25E-NBOH sollen denen anderer Psychedelika \u00e4hnlich sein, einschlie\u00dflich Ver\u00e4nderungen der Wahrnehmung, der Stimmung und des Bewusstseins. Aufgrund seiner Potenz k\u00f6nnen jedoch selbst geringe Dosen von 25E-NBOH intensive psychedelische Erfahrungen hervorrufen. Forscher, die an der Untersuchung der pharmakologischen Wirkungen und potenziellen therapeutischen Anwendungen von 25E-NBOH interessiert sind, sollten vorsichtig damit umgehen und sich an strenge Sicherheitsprotokolle halten.<\/p>\n<p>25E-NBOH ist zwar ein vielversprechendes Forschungsinstrument, seine Verwendung f\u00fcr den menschlichen Verzehr ist jedoch von den Aufsichtsbeh\u00f6rden nicht zugelassen. Forscher sollten ihre Studien mit Bedacht durchf\u00fchren und sicherstellen, dass sie alle geltenden Gesetze und Vorschriften einhalten.<\/p>\n<h2>Wo kann man 25E-NBOH online kaufen?<\/h2>\n<p><a href=\"https:\/\/chemsxpress.com\/de\/\">ChemsXpress<\/a> hat es sich zur Aufgabe gemacht, wissenschaftliche Forschung und Innovation zu unterst\u00fctzen, indem wir Forschern Zugang zu erstklassigen Forschungschemikalien bieten. Entdecken Sie unseren umfangreichen Katalog von Forschungschemikalien, einschlie\u00dflich 25E-NBOH, und beginnen Sie Ihre wissenschaftliche Reise mit Zuversicht und Vertrauen in <a href=\"https:\/\/chemsxpress.com\/de\/\">ChemsXpress.<\/a><\/p>","protected":false},"excerpt":{"rendered":"<p><strong>IUPAC-Name: <\/strong>2-({[2-(4-Ethyl-2,5-dimethoxyphenyl)ethyl]amino}methyl)phenol<\/p>\n<p><strong>NMR Analysis: <\/strong>C19H25NO3<\/p>\n","protected":false},"featured_media":29032,"comment_status":"open","ping_status":"closed","template":"","meta":[],"product_brand":[],"product_cat":[90],"product_tag":[],"class_list":{"0":"post-28946","1":"product","2":"type-product","3":"status-publish","4":"has-post-thumbnail","6":"product_cat-phenethylamine-derivates","8":"first","9":"instock","10":"shipping-taxable","11":"purchasable","12":"product-type-variable"},"yoast_head":"<!-- This site is optimized with the Yoast SEO Premium plugin v24.1 (Yoast SEO v27.4) - https:\/\/yoast.com\/product\/yoast-seo-premium-wordpress\/ -->\n<title>Buy 25E-NBOH: High-Quality Research Chemicals | ChemsXpress<\/title>\n<meta name=\"description\" content=\"Explore the potent psychedelic compound buy 25E-NBOH online at ChemsXpress. Trust our quality assurance for all your research needs.\" \/>\n<meta name=\"robots\" content=\"index, follow, max-snippet:-1, max-image-preview:large, max-video-preview:-1\" \/>\n<link rel=\"canonical\" href=\"https:\/\/chemsxpress.com\/de\/produkt\/25e-nboh-online-kaufen\/\" \/>\n<meta property=\"og:locale\" content=\"de_DE\" \/>\n<meta property=\"og:type\" content=\"article\" \/>\n<meta property=\"og:title\" content=\"25E-NBOH\" \/>\n<meta property=\"og:description\" content=\"Explore the potent psychedelic compound buy 25E-NBOH online at ChemsXpress. Trust our quality assurance for all your research needs.\" \/>\n<meta property=\"og:url\" content=\"https:\/\/chemsxpress.com\/de\/produkt\/25e-nboh-online-kaufen\/\" \/>\n<meta property=\"og:site_name\" content=\"SHOP MDPHP\" \/>\n<meta property=\"article:modified_time\" content=\"2025-05-27T20:01:28+00:00\" \/>\n<meta property=\"og:image\" content=\"https:\/\/chemsxpress.com\/wp-content\/uploads\/2024\/04\/25E-NBOH.jpg\" \/>\n\t<meta property=\"og:image:width\" content=\"600\" \/>\n\t<meta property=\"og:image:height\" content=\"600\" \/>\n\t<meta property=\"og:image:type\" content=\"image\/jpeg\" \/>\n<meta name=\"twitter:card\" content=\"summary_large_image\" \/>\n<meta name=\"twitter:label1\" content=\"Gesch\u00e4tzte Lesezeit\" \/>\n\t<meta name=\"twitter:data1\" content=\"2\u00a0Minuten\" \/>\n<script type=\"application\/ld+json\" class=\"yoast-schema-graph\">{\"@context\":\"https:\\\/\\\/schema.org\",\"@graph\":[{\"@type\":\"WebPage\",\"@id\":\"https:\\\/\\\/chemsxpress.com\\\/product\\\/buy-25e-nboh-online\\\/\",\"url\":\"https:\\\/\\\/chemsxpress.com\\\/product\\\/buy-25e-nboh-online\\\/\",\"name\":\"Buy 25E-NBOH: High-Quality Research Chemicals | ChemsXpress\",\"isPartOf\":{\"@id\":\"https:\\\/\\\/chemsxpress.com\\\/#website\"},\"primaryImageOfPage\":{\"@id\":\"https:\\\/\\\/chemsxpress.com\\\/product\\\/buy-25e-nboh-online\\\/#primaryimage\"},\"image\":{\"@id\":\"https:\\\/\\\/chemsxpress.com\\\/product\\\/buy-25e-nboh-online\\\/#primaryimage\"},\"thumbnailUrl\":\"https:\\\/\\\/chemsxpress.com\\\/wp-content\\\/uploads\\\/2024\\\/04\\\/25E-NBOH.jpg\",\"datePublished\":\"2024-04-29T13:19:34+00:00\",\"dateModified\":\"2025-05-27T20:01:28+00:00\",\"description\":\"Explore the potent psychedelic compound buy 25E-NBOH online at ChemsXpress. Trust our quality assurance for all your research needs.\",\"breadcrumb\":{\"@id\":\"https:\\\/\\\/chemsxpress.com\\\/product\\\/buy-25e-nboh-online\\\/#breadcrumb\"},\"inLanguage\":\"de\",\"potentialAction\":[{\"@type\":\"ReadAction\",\"target\":[\"https:\\\/\\\/chemsxpress.com\\\/product\\\/buy-25e-nboh-online\\\/\"]}]},{\"@type\":\"ImageObject\",\"inLanguage\":\"de\",\"@id\":\"https:\\\/\\\/chemsxpress.com\\\/product\\\/buy-25e-nboh-online\\\/#primaryimage\",\"url\":\"https:\\\/\\\/chemsxpress.com\\\/wp-content\\\/uploads\\\/2024\\\/04\\\/25E-NBOH.jpg\",\"contentUrl\":\"https:\\\/\\\/chemsxpress.com\\\/wp-content\\\/uploads\\\/2024\\\/04\\\/25E-NBOH.jpg\",\"width\":600,\"height\":600,\"caption\":\"Buy 25E-NBOH Online\"},{\"@type\":\"BreadcrumbList\",\"@id\":\"https:\\\/\\\/chemsxpress.com\\\/product\\\/buy-25e-nboh-online\\\/#breadcrumb\",\"itemListElement\":[{\"@type\":\"ListItem\",\"position\":1,\"name\":\"Home\",\"item\":\"https:\\\/\\\/chemsxpress.com\\\/\"},{\"@type\":\"ListItem\",\"position\":2,\"name\":\"Shop\",\"item\":\"https:\\\/\\\/chemsxpress.com\\\/shop\\\/\"},{\"@type\":\"ListItem\",\"position\":3,\"name\":\"25E-NBOH\"}]},{\"@type\":\"WebSite\",\"@id\":\"https:\\\/\\\/chemsxpress.com\\\/#website\",\"url\":\"https:\\\/\\\/chemsxpress.com\\\/\",\"name\":\"SHOP MDPHP\",\"description\":\"Buy MDPHP freebase from reliable supplier\",\"potentialAction\":[{\"@type\":\"SearchAction\",\"target\":{\"@type\":\"EntryPoint\",\"urlTemplate\":\"https:\\\/\\\/chemsxpress.com\\\/?s={search_term_string}\"},\"query-input\":{\"@type\":\"PropertyValueSpecification\",\"valueRequired\":true,\"valueName\":\"search_term_string\"}}],\"inLanguage\":\"de\"}]}<\/script>\n<!-- \/ Yoast SEO Premium plugin. -->","yoast_head_json":{"title":"Kaufen Sie 25E-NBOH: Hochwertige Forschungschemikalien | ChemsXpress","description":"Entdecken Sie die starke psychedelische Verbindung, kaufen Sie 25E-NBOH online bei ChemsXpress. Vertrauen Sie unserer Qualit\u00e4tssicherung f\u00fcr alle Ihre Forschungsbed\u00fcrfnisse.","robots":{"index":"index","follow":"follow","max-snippet":"max-snippet:-1","max-image-preview":"max-image-preview:large","max-video-preview":"max-video-preview:-1"},"canonical":"https:\/\/chemsxpress.com\/de\/produkt\/25e-nboh-online-kaufen\/","og_locale":"de_DE","og_type":"article","og_title":"25E-NBOH","og_description":"Explore the potent psychedelic compound buy 25E-NBOH online at ChemsXpress. Trust our quality assurance for all your research needs.","og_url":"https:\/\/chemsxpress.com\/de\/produkt\/25e-nboh-online-kaufen\/","og_site_name":"SHOP MDPHP","article_modified_time":"2025-05-27T20:01:28+00:00","og_image":[{"width":600,"height":600,"url":"https:\/\/chemsxpress.com\/wp-content\/uploads\/2024\/04\/25E-NBOH.jpg","type":"image\/jpeg"}],"twitter_card":"summary_large_image","twitter_misc":{"Gesch\u00e4tzte Lesezeit":"2\u00a0Minuten"},"schema":{"@context":"https:\/\/schema.org","@graph":[{"@type":"WebPage","@id":"https:\/\/chemsxpress.com\/product\/buy-25e-nboh-online\/","url":"https:\/\/chemsxpress.com\/product\/buy-25e-nboh-online\/","name":"Kaufen Sie 25E-NBOH: Hochwertige Forschungschemikalien | ChemsXpress","isPartOf":{"@id":"https:\/\/chemsxpress.com\/#website"},"primaryImageOfPage":{"@id":"https:\/\/chemsxpress.com\/product\/buy-25e-nboh-online\/#primaryimage"},"image":{"@id":"https:\/\/chemsxpress.com\/product\/buy-25e-nboh-online\/#primaryimage"},"thumbnailUrl":"https:\/\/chemsxpress.com\/wp-content\/uploads\/2024\/04\/25E-NBOH.jpg","datePublished":"2024-04-29T13:19:34+00:00","dateModified":"2025-05-27T20:01:28+00:00","description":"Entdecken Sie die starke psychedelische Verbindung, kaufen Sie 25E-NBOH online bei ChemsXpress. Vertrauen Sie unserer Qualit\u00e4tssicherung f\u00fcr alle Ihre Forschungsbed\u00fcrfnisse.","breadcrumb":{"@id":"https:\/\/chemsxpress.com\/product\/buy-25e-nboh-online\/#breadcrumb"},"inLanguage":"de","potentialAction":[{"@type":"ReadAction","target":["https:\/\/chemsxpress.com\/product\/buy-25e-nboh-online\/"]}]},{"@type":"ImageObject","inLanguage":"de","@id":"https:\/\/chemsxpress.com\/product\/buy-25e-nboh-online\/#primaryimage","url":"https:\/\/chemsxpress.com\/wp-content\/uploads\/2024\/04\/25E-NBOH.jpg","contentUrl":"https:\/\/chemsxpress.com\/wp-content\/uploads\/2024\/04\/25E-NBOH.jpg","width":600,"height":600,"caption":"Buy 25E-NBOH Online"},{"@type":"BreadcrumbList","@id":"https:\/\/chemsxpress.com\/product\/buy-25e-nboh-online\/#breadcrumb","itemListElement":[{"@type":"ListItem","position":1,"name":"Home","item":"https:\/\/chemsxpress.com\/"},{"@type":"ListItem","position":2,"name":"Shop","item":"https:\/\/chemsxpress.com\/shop\/"},{"@type":"ListItem","position":3,"name":"25E-NBOH"}]},{"@type":"WebSite","@id":"https:\/\/chemsxpress.com\/#website","url":"https:\/\/chemsxpress.com\/","name":"MDPHP EINKAUFEN","description":"MDPHP freebase von einem zuverl\u00e4ssigen Anbieter kaufen","potentialAction":[{"@type":"SearchAction","target":{"@type":"EntryPoint","urlTemplate":"https:\/\/chemsxpress.com\/?s={search_term_string}"},"query-input":{"@type":"PropertyValueSpecification","valueRequired":true,"valueName":"search_term_string"}}],"inLanguage":"de"}]}},"jetpack_sharing_enabled":true,"_links":{"self":[{"href":"https:\/\/chemsxpress.com\/de\/wp-json\/wp\/v2\/product\/28946","targetHints":{"allow":["GET"]}}],"collection":[{"href":"https:\/\/chemsxpress.com\/de\/wp-json\/wp\/v2\/product"}],"about":[{"href":"https:\/\/chemsxpress.com\/de\/wp-json\/wp\/v2\/types\/product"}],"replies":[{"embeddable":true,"href":"https:\/\/chemsxpress.com\/de\/wp-json\/wp\/v2\/comments?post=28946"}],"version-history":[{"count":3,"href":"https:\/\/chemsxpress.com\/de\/wp-json\/wp\/v2\/product\/28946\/revisions"}],"predecessor-version":[{"id":29625,"href":"https:\/\/chemsxpress.com\/de\/wp-json\/wp\/v2\/product\/28946\/revisions\/29625"}],"wp:featuredmedia":[{"embeddable":true,"href":"https:\/\/chemsxpress.com\/de\/wp-json\/wp\/v2\/media\/29032"}],"wp:attachment":[{"href":"https:\/\/chemsxpress.com\/de\/wp-json\/wp\/v2\/media?parent=28946"}],"wp:term":[{"taxonomy":"product_brand","embeddable":true,"href":"https:\/\/chemsxpress.com\/de\/wp-json\/wp\/v2\/product_brand?post=28946"},{"taxonomy":"product_cat","embeddable":true,"href":"https:\/\/chemsxpress.com\/de\/wp-json\/wp\/v2\/product_cat?post=28946"},{"taxonomy":"product_tag","embeddable":true,"href":"https:\/\/chemsxpress.com\/de\/wp-json\/wp\/v2\/product_tag?post=28946"}],"curies":[{"name":"wp","href":"https:\/\/api.w.org\/{rel}","templated":true}]}}