{"id":28950,"date":"2024-04-29T13:19:34","date_gmt":"2024-04-29T13:19:34","guid":{"rendered":"https:\/\/chemsxpress.com\/?post_type=product&#038;p=28950"},"modified":"2024-07-04T22:10:11","modified_gmt":"2024-07-04T22:10:11","slug":"kaufen-2-dpmp-desoxypipradrol-online","status":"publish","type":"product","link":"https:\/\/chemsxpress.com\/de\/produkt\/kaufen-2-dpmp-desoxypipradrol-online\/","title":{"rendered":"Desoxypipradrol"},"content":{"rendered":"<h2>2-DPMP (Desoxypipradrol) online kaufen<\/h2>\n<p>Buy 2-DPMP Online, Desoxypipradrol, auch als 2-Diphenylmethylpiperidin Buy 2-DPMP bezeichnet, wurde in den 1950er Jahren von Ciba entwickelt. Obwohl es nie verkauft oder f\u00fcr die medizinische Verwendung zugelassen wurde, hat es den Ruf einer starken und umstrittenen Substanz erworben. Desoxypipradrol, ein NDRI (Inhibitor der Noradrenalin-Dopamin-Wiederaufnahme), wurde wegen seiner euphorisierenden und stimulierenden Wirkung missbraucht.  Die Droge wurde trotz ihres Potenzials jahrzehntelang weitgehend ignoriert und nie kommerziell vermarktet oder f\u00fcr den medizinischen Gebrauch lizenziert.<\/p>\n<h3>DIE WIRKUNGEN VON DESOXYPIPRADROL<\/h3>\n<p>Desoxypipradrol erh\u00f6ht als NDRI den Dopamin- und Noradrenalinspiegel im Gehirn. Zu den Vorteilen geh\u00f6ren eine verbesserte Stimmung, Energie und Wachsamkeit sowie ein geringeres Bed\u00fcrfnis nach Nahrung und Schlaf. Die Wirkung von Desoxypipradrol ist vergleichbar mit der von anderen Stimulanzien wie Amphetaminen und Kokain. Das Medikament ist jedoch wesentlich st\u00e4rker und kann erhebliche Nebenwirkungen wie Angstzust\u00e4nde, Psychosen und Herzklopfen haben. Desoxypipradrol wurde erst in den sp\u00e4ten 1990er und fr\u00fchen 2000er Jahren als Freizeitdroge bekannt. Aufgrund seiner stark stimulierenden und euphorisierenden Wirkung wurde es bei Partyg\u00e4ngern und Nervenkitzel suchenden Menschen sofort beliebt. Die Auswirkungen von Desoxypipradrol auf den menschlichen K\u00f6rper waren jedoch noch nicht allgemein bekannt.<\/p>\n<h3>DIE GEFAHREN VON DESOXYPIPRADROL<\/h3>\n<p>Zusammen mit den zuvor aufgef\u00fchrten Nebenwirkungen, hat das Medikament die F\u00e4higkeit, Herzinfarkte, Herzklopfen und sogar Bluthochdruck verursachen. Desoxypipradrol ist eine potente Substanz, die schnell zu einer \u00dcberdosierung f\u00fchren kann. Dies gilt insbesondere f\u00fcr neue Benutzer und diejenigen, die gro\u00dfe Mengen des Medikaments einnehmen. Neben den k\u00f6rperlichen Gefahren hat Desoxypipradrol das Potenzial, ernsthafte psychische Probleme wie Angstzust\u00e4nde, Paranoia und sogar Halluzinationen zu verursachen. Diese Wirkungen k\u00f6nnen noch sehr lange nach dem Abklingen des Medikaments anhalten und den Patienten ernsthaft beunruhigen.<\/p>\n<h3>DESOXYPIPRADROL IN DER AKTUELLEN DROGENLANDSCHAFT<\/h3>\n<p>Trotz seiner Risiken, vor allem im Party- und Clubbereich, ist Desoxypipradrol eine weit verbreitete Freizeitdroge. Aufgrund ihres Rufs als t\u00f6dliches Gift wird sie von Strafverfolgungsbeh\u00f6rden und Gesundheitsexperten genauer unter die Lupe genommen, indem sie entweder illegal gemacht oder in die Liste der verbotenen Substanzen aufgenommen wird. Dies hat dazu gef\u00fchrt, dass die Verwendung dieser Droge in verschiedenen Situationen zur\u00fcckgegangen ist, obwohl sie f\u00fcr einige Menschen immer noch eine bevorzugte Droge ist.<\/p>\n<h2>Wo kann man 2-DPMP (Desoxypipradrol) online kaufen?<\/h2>\n<p>Unter <a href=\"https:\/\/chemsxpress.com\/de\/\">ChemsXpress<\/a>bieten wir 2-DPMP f\u00fcr Forschungszwecke an. Diese Verbindung, wissenschaftlich bekannt als Desoxypipradrol, ist ein Psychostimulans, das zur Klasse der Phenylmorpholine geh\u00f6rt. Seine Struktur \u00e4hnelt der von Methylphenidat, besitzt jedoch andere pharmakologische Eigenschaften.<\/p>\n<p>Forscher, die an der Untersuchung der Wirkungen und potenziellen Anwendungen von 2-DPMP interessiert sind, k\u00f6nnen sich darauf verlassen, dass ChemsXpress hochwertige <a href=\"https:\/\/chemsxpress.com\/de\/produktkategorie\/forschungschemikalien\/\">Forschungschemikalien<\/a>. Unsere Produkte werden strengen Tests unterzogen, um Reinheit und Wirksamkeit zu gew\u00e4hrleisten, die f\u00fcr zuverl\u00e4ssige Forschungsergebnisse unerl\u00e4sslich sind.<\/p>\n<p>Es ist wichtig zu beachten, dass 2-DPMP ausschlie\u00dflich f\u00fcr Forschungszwecke und nicht f\u00fcr den menschlichen Verzehr bestimmt ist. Forscher sollten mit dieser Verbindung vorsichtig umgehen und alle relevanten Sicherheitsprotokolle und gesetzlichen Vorschriften einhalten.<\/p>\n<p>ChemsXpress hat es sich zur Aufgabe gemacht, die wissenschaftliche Forschung zu unterst\u00fctzen, indem es Zugang zu erstklassigen Forschungschemikalien bietet. Erkunden Sie unseren Katalog und beginnen Sie Ihre Forschungsreise mit Zuversicht.<\/p>","protected":false},"excerpt":{"rendered":"<p>IUPAC-Name: 2-Benzhydrylpiperidin<br \/>\nCAS # 519-74-4<br \/>\nErscheinungsbild: Pulver<br \/>\nNMR-Analyse: C18H21N<\/p>","protected":false},"featured_media":29040,"comment_status":"open","ping_status":"closed","template":"","meta":[],"product_brand":[],"product_cat":[91],"product_tag":[],"class_list":{"0":"post-28950","1":"product","2":"type-product","3":"status-publish","4":"has-post-thumbnail","6":"product_cat-piperidines","8":"first","9":"instock","10":"shipping-taxable","11":"purchasable","12":"product-type-variable"},"yoast_head":"<!-- This site is optimized with the Yoast SEO Premium plugin v24.1 (Yoast SEO v27.4) - https:\/\/yoast.com\/product\/yoast-seo-premium-wordpress\/ -->\n<title>Buy 2-DPMP (Desoxypipradrol) Online:Premium RC&#039;s | ChemsXpress<\/title>\n<meta name=\"description\" content=\"Buy 2-DPMP (Desoxypipradrol) Online at ChemsXpress. Premium research chemicals, fast shipping. Trust our quality assurance for all your research needs\" \/>\n<meta name=\"robots\" content=\"index, follow, max-snippet:-1, max-image-preview:large, max-video-preview:-1\" \/>\n<link rel=\"canonical\" href=\"https:\/\/chemsxpress.com\/de\/produkt\/kaufen-2-dpmp-desoxypipradrol-online\/\" \/>\n<meta property=\"og:locale\" content=\"de_DE\" \/>\n<meta property=\"og:type\" content=\"article\" \/>\n<meta property=\"og:title\" content=\"desoxypipradrol\" \/>\n<meta property=\"og:description\" content=\"Buy 2-DPMP (Desoxypipradrol) Online at ChemsXpress. Premium research chemicals, fast shipping. Trust our quality assurance for all your research needs\" \/>\n<meta property=\"og:url\" content=\"https:\/\/chemsxpress.com\/de\/produkt\/kaufen-2-dpmp-desoxypipradrol-online\/\" \/>\n<meta property=\"og:site_name\" content=\"SHOP MDPHP\" \/>\n<meta property=\"article:modified_time\" content=\"2024-07-04T22:10:11+00:00\" \/>\n<meta property=\"og:image\" content=\"https:\/\/chemsxpress.com\/wp-content\/uploads\/2024\/04\/desoxypipradrol.jpg\" \/>\n\t<meta property=\"og:image:width\" content=\"600\" \/>\n\t<meta property=\"og:image:height\" content=\"600\" \/>\n\t<meta property=\"og:image:type\" content=\"image\/jpeg\" \/>\n<meta name=\"twitter:card\" content=\"summary_large_image\" \/>\n<meta name=\"twitter:label1\" content=\"Gesch\u00e4tzte Lesezeit\" \/>\n\t<meta name=\"twitter:data1\" content=\"3\u00a0Minuten\" \/>\n<script type=\"application\/ld+json\" class=\"yoast-schema-graph\">{\"@context\":\"https:\\\/\\\/schema.org\",\"@graph\":[{\"@type\":\"WebPage\",\"@id\":\"https:\\\/\\\/chemsxpress.com\\\/product\\\/buy-2-dpmp-desoxypipradrol-online\\\/\",\"url\":\"https:\\\/\\\/chemsxpress.com\\\/product\\\/buy-2-dpmp-desoxypipradrol-online\\\/\",\"name\":\"Buy 2-DPMP (Desoxypipradrol) Online:Premium RC's | ChemsXpress\",\"isPartOf\":{\"@id\":\"https:\\\/\\\/chemsxpress.com\\\/#website\"},\"primaryImageOfPage\":{\"@id\":\"https:\\\/\\\/chemsxpress.com\\\/product\\\/buy-2-dpmp-desoxypipradrol-online\\\/#primaryimage\"},\"image\":{\"@id\":\"https:\\\/\\\/chemsxpress.com\\\/product\\\/buy-2-dpmp-desoxypipradrol-online\\\/#primaryimage\"},\"thumbnailUrl\":\"https:\\\/\\\/chemsxpress.com\\\/wp-content\\\/uploads\\\/2024\\\/04\\\/desoxypipradrol.jpg\",\"datePublished\":\"2024-04-29T13:19:34+00:00\",\"dateModified\":\"2024-07-04T22:10:11+00:00\",\"description\":\"Buy 2-DPMP (Desoxypipradrol) Online at ChemsXpress. Premium research chemicals, fast shipping. Trust our quality assurance for all your research needs\",\"breadcrumb\":{\"@id\":\"https:\\\/\\\/chemsxpress.com\\\/product\\\/buy-2-dpmp-desoxypipradrol-online\\\/#breadcrumb\"},\"inLanguage\":\"de\",\"potentialAction\":[{\"@type\":\"ReadAction\",\"target\":[\"https:\\\/\\\/chemsxpress.com\\\/product\\\/buy-2-dpmp-desoxypipradrol-online\\\/\"]}]},{\"@type\":\"ImageObject\",\"inLanguage\":\"de\",\"@id\":\"https:\\\/\\\/chemsxpress.com\\\/product\\\/buy-2-dpmp-desoxypipradrol-online\\\/#primaryimage\",\"url\":\"https:\\\/\\\/chemsxpress.com\\\/wp-content\\\/uploads\\\/2024\\\/04\\\/desoxypipradrol.jpg\",\"contentUrl\":\"https:\\\/\\\/chemsxpress.com\\\/wp-content\\\/uploads\\\/2024\\\/04\\\/desoxypipradrol.jpg\",\"width\":600,\"height\":600,\"caption\":\"Buy 2-DPMP (Desoxypipradrol) Online\"},{\"@type\":\"BreadcrumbList\",\"@id\":\"https:\\\/\\\/chemsxpress.com\\\/product\\\/buy-2-dpmp-desoxypipradrol-online\\\/#breadcrumb\",\"itemListElement\":[{\"@type\":\"ListItem\",\"position\":1,\"name\":\"Home\",\"item\":\"https:\\\/\\\/chemsxpress.com\\\/\"},{\"@type\":\"ListItem\",\"position\":2,\"name\":\"Shop\",\"item\":\"https:\\\/\\\/chemsxpress.com\\\/shop\\\/\"},{\"@type\":\"ListItem\",\"position\":3,\"name\":\"desoxypipradrol\"}]},{\"@type\":\"WebSite\",\"@id\":\"https:\\\/\\\/chemsxpress.com\\\/#website\",\"url\":\"https:\\\/\\\/chemsxpress.com\\\/\",\"name\":\"SHOP MDPHP\",\"description\":\"Buy MDPHP freebase from reliable supplier\",\"potentialAction\":[{\"@type\":\"SearchAction\",\"target\":{\"@type\":\"EntryPoint\",\"urlTemplate\":\"https:\\\/\\\/chemsxpress.com\\\/?s={search_term_string}\"},\"query-input\":{\"@type\":\"PropertyValueSpecification\",\"valueRequired\":true,\"valueName\":\"search_term_string\"}}],\"inLanguage\":\"de\"}]}<\/script>\n<!-- \/ Yoast SEO Premium plugin. -->","yoast_head_json":{"title":"2-DPMP (Desoxypipradrol) online kaufen: Premium RC's | ChemsXpress","description":"Kaufen Sie bromonordiazepam online Premium Forschungschemikalien, schneller Versand. Vertrauen Sie unserer Qualit\u00e4tssicherung f\u00fcr Ihren gesamten Forschungsbedarf. Jetzt bestellen","robots":{"index":"index","follow":"follow","max-snippet":"max-snippet:-1","max-image-preview":"max-image-preview:large","max-video-preview":"max-video-preview:-1"},"canonical":"https:\/\/chemsxpress.com\/de\/produkt\/kaufen-2-dpmp-desoxypipradrol-online\/","og_locale":"de_DE","og_type":"article","og_title":"desoxypipradrol","og_description":"Buy 2-DPMP (Desoxypipradrol) Online at ChemsXpress. Premium research chemicals, fast shipping. Trust our quality assurance for all your research needs","og_url":"https:\/\/chemsxpress.com\/de\/produkt\/kaufen-2-dpmp-desoxypipradrol-online\/","og_site_name":"SHOP MDPHP","article_modified_time":"2024-07-04T22:10:11+00:00","og_image":[{"width":600,"height":600,"url":"https:\/\/chemsxpress.com\/wp-content\/uploads\/2024\/04\/desoxypipradrol.jpg","type":"image\/jpeg"}],"twitter_card":"summary_large_image","twitter_misc":{"Gesch\u00e4tzte Lesezeit":"3\u00a0Minuten"},"schema":{"@context":"https:\/\/schema.org","@graph":[{"@type":"WebPage","@id":"https:\/\/chemsxpress.com\/product\/buy-2-dpmp-desoxypipradrol-online\/","url":"https:\/\/chemsxpress.com\/product\/buy-2-dpmp-desoxypipradrol-online\/","name":"2-DPMP (Desoxypipradrol) online kaufen: Premium RC's | ChemsXpress","isPartOf":{"@id":"https:\/\/chemsxpress.com\/#website"},"primaryImageOfPage":{"@id":"https:\/\/chemsxpress.com\/product\/buy-2-dpmp-desoxypipradrol-online\/#primaryimage"},"image":{"@id":"https:\/\/chemsxpress.com\/product\/buy-2-dpmp-desoxypipradrol-online\/#primaryimage"},"thumbnailUrl":"https:\/\/chemsxpress.com\/wp-content\/uploads\/2024\/04\/desoxypipradrol.jpg","datePublished":"2024-04-29T13:19:34+00:00","dateModified":"2024-07-04T22:10:11+00:00","description":"Kaufen Sie bromonordiazepam online Premium Forschungschemikalien, schneller Versand. Vertrauen Sie unserer Qualit\u00e4tssicherung f\u00fcr Ihren gesamten Forschungsbedarf. Jetzt bestellen","breadcrumb":{"@id":"https:\/\/chemsxpress.com\/product\/buy-2-dpmp-desoxypipradrol-online\/#breadcrumb"},"inLanguage":"de","potentialAction":[{"@type":"ReadAction","target":["https:\/\/chemsxpress.com\/product\/buy-2-dpmp-desoxypipradrol-online\/"]}]},{"@type":"ImageObject","inLanguage":"de","@id":"https:\/\/chemsxpress.com\/product\/buy-2-dpmp-desoxypipradrol-online\/#primaryimage","url":"https:\/\/chemsxpress.com\/wp-content\/uploads\/2024\/04\/desoxypipradrol.jpg","contentUrl":"https:\/\/chemsxpress.com\/wp-content\/uploads\/2024\/04\/desoxypipradrol.jpg","width":600,"height":600,"caption":"Buy 2-DPMP (Desoxypipradrol) Online"},{"@type":"BreadcrumbList","@id":"https:\/\/chemsxpress.com\/product\/buy-2-dpmp-desoxypipradrol-online\/#breadcrumb","itemListElement":[{"@type":"ListItem","position":1,"name":"Home","item":"https:\/\/chemsxpress.com\/"},{"@type":"ListItem","position":2,"name":"Shop","item":"https:\/\/chemsxpress.com\/shop\/"},{"@type":"ListItem","position":3,"name":"desoxypipradrol"}]},{"@type":"WebSite","@id":"https:\/\/chemsxpress.com\/#website","url":"https:\/\/chemsxpress.com\/","name":"MDPHP EINKAUFEN","description":"MDPHP freebase von einem zuverl\u00e4ssigen Anbieter kaufen","potentialAction":[{"@type":"SearchAction","target":{"@type":"EntryPoint","urlTemplate":"https:\/\/chemsxpress.com\/?s={search_term_string}"},"query-input":{"@type":"PropertyValueSpecification","valueRequired":true,"valueName":"search_term_string"}}],"inLanguage":"de"}]}},"jetpack_sharing_enabled":true,"_links":{"self":[{"href":"https:\/\/chemsxpress.com\/de\/wp-json\/wp\/v2\/product\/28950","targetHints":{"allow":["GET"]}}],"collection":[{"href":"https:\/\/chemsxpress.com\/de\/wp-json\/wp\/v2\/product"}],"about":[{"href":"https:\/\/chemsxpress.com\/de\/wp-json\/wp\/v2\/types\/product"}],"replies":[{"embeddable":true,"href":"https:\/\/chemsxpress.com\/de\/wp-json\/wp\/v2\/comments?post=28950"}],"version-history":[{"count":4,"href":"https:\/\/chemsxpress.com\/de\/wp-json\/wp\/v2\/product\/28950\/revisions"}],"predecessor-version":[{"id":30011,"href":"https:\/\/chemsxpress.com\/de\/wp-json\/wp\/v2\/product\/28950\/revisions\/30011"}],"wp:featuredmedia":[{"embeddable":true,"href":"https:\/\/chemsxpress.com\/de\/wp-json\/wp\/v2\/media\/29040"}],"wp:attachment":[{"href":"https:\/\/chemsxpress.com\/de\/wp-json\/wp\/v2\/media?parent=28950"}],"wp:term":[{"taxonomy":"product_brand","embeddable":true,"href":"https:\/\/chemsxpress.com\/de\/wp-json\/wp\/v2\/product_brand?post=28950"},{"taxonomy":"product_cat","embeddable":true,"href":"https:\/\/chemsxpress.com\/de\/wp-json\/wp\/v2\/product_cat?post=28950"},{"taxonomy":"product_tag","embeddable":true,"href":"https:\/\/chemsxpress.com\/de\/wp-json\/wp\/v2\/product_tag?post=28950"}],"curies":[{"name":"wp","href":"https:\/\/api.w.org\/{rel}","templated":true}]}}