{"id":28975,"date":"2024-04-29T13:19:58","date_gmt":"2024-04-29T13:19:58","guid":{"rendered":"https:\/\/chemsxpress.com\/?post_type=product&#038;p=28975"},"modified":"2025-05-23T17:15:44","modified_gmt":"2025-05-23T17:15:44","slug":"4-mpd-online-kaufen","status":"publish","type":"product","link":"https:\/\/chemsxpress.com\/de\/produkt\/4-mpd-online-kaufen\/","title":{"rendered":"4-MPD"},"content":{"rendered":"<h1><strong><span data-preserver-spaces=\"true\">4-MPD online kaufen:<\/span><\/strong><\/h1>\n<p><span data-preserver-spaces=\"true\">Kaufen 4-MPD Online. Wir bieten den idealen Ort, um Ihre Freizeit Buy 4-MPD Pulver oder Drogen zu kaufen. Dieses Medikament wird erh\u00f6ht, um Sie f\u00fchlen sich gro\u00dfartig. Es ist eine sch\u00f6ne Droge. Nun, dieses Medikament hat sich mehr bekannt unter Erwachsenen und Jugendlichen. Es ist ein verbotenes Pulver, das dar\u00fcber hinaus auf der ganzen Erde f\u00fcr das Wohlbefinden verwendet wird. Es handelt sich um ein k\u00fcnstliches Medikament. Es gibt sie in verschiedenen Formen, wie zum Beispiel als Pille, Kapsel oder Pulver. Wir geben Ihnen Pulver, das \u00fcbliche lebenswichtige Verfahren, um diese Droge zu praktizieren. Wir pr\u00e4sentieren es in einer vern\u00fcnftigen Preisspanne.\u00a0<\/span><\/p>\n<h4><strong><span data-preserver-spaces=\"true\">Alles \u00fcber: 4-mpd Online Kaufen<\/span><\/strong><\/h4>\n<p><span data-preserver-spaces=\"true\">Es handelt sich um ein hergestelltes Medikament, das als 4-Methylpentedron bekannt ist, auch bekannt als 4-MPD oder 4-Methyl-Methylamino-Valerophenon. Dieses Pulver geh\u00f6rt zur Cathinon-Klasse der Stimulanzien. Dieses\u00a0<\/span><strong><em>synthetische Droge<\/em><\/strong><span data-preserver-spaces=\"true\">\u00a0wird wegen seiner euphorisierenden und stimulierenden Eigenschaften h\u00e4ufig als Freizeitdroge verwendet. Trotz seiner allgemeinen Verwendung ist die Herstellung, der Verkauf und der Missbrauch ohne Rezept illegal.<\/span><\/p>\n<p><span data-preserver-spaces=\"true\">Obwohl 4-Methylpentedron h\u00e4ufig als sichere Alternative zu etablierten Medikamenten verkauft wird, ist es notwendig, darauf hinzuweisen, dass der Mangel an Verordnung und Kontrolle \u00fcber seine Herstellung und Ausgabe es zu einer potenziell sch\u00e4dlichen Chemikalie macht. Anhand dieser Informationen werden wir uns mit der Geschichte, den Wirkungen und den Risiken von 4-Methylpentedron befassen und auf die Notwendigkeit hinweisen, bei Drogenkonsum professionelle Hilfe in Anspruch zu nehmen.<\/span><\/p>\n<h4><strong><span data-preserver-spaces=\"true\">WAS IST 4-MPD?<\/span><\/strong><\/h4>\n<p><span data-preserver-spaces=\"true\">4-MPD ist ein hergestelltes Stimulans, das als Cathinon eingestuft wird. Es ist das vom Pentedron abgeleitete p-Methyl und ein h\u00f6heres Homolog von 4-Methylmethcathinon (Mephedron) und 4-Methylbuphedron (4-MeMABP). Diese Therapie wird als Sch\u00f6pferdroge gef\u00fchrt, da sie in einem Labor simuliert wird und nicht f\u00fcr den medizinischen Nutzen zugelassen ist.<\/span><\/p>\n<p><span data-preserver-spaces=\"true\">Seit seiner Entdeckung in den fr\u00fchen 2011er Jahren hat sich 4-Methylpentedron zu einer beliebten Missbrauchsdroge entwickelt. Trotz seiner Popularit\u00e4t ist extrem wenig \u00fcber die langfristigen Folgen von 4-Methylpentedron bekannt, und die mit seinem Konsum verbundenen Gefahren sind noch nicht vollst\u00e4ndig erkannt.<\/span><\/p>\n<h4><strong><span data-preserver-spaces=\"true\">Auswirkungen von 4-MPD:<\/span><\/strong><\/h4>\n<p><span data-preserver-spaces=\"true\">Es handelt sich um eine Stimulation des zentralen Nervensystems, die eine Kombination von Wirkungen hervorruft, wie z. B. verbesserte Energie, Aufmerksamkeit und Freundlichkeit. Die Wirkung von 4-Methylpentedron \u00e4hnelt der von Methamphetamin oder Kokain und h\u00e4lt in der Regel zwischen zwei und drei Stunden an.<\/span><\/p>\n<p><span data-preserver-spaces=\"true\">Andere erkl\u00e4ren, dass sie nach der Einnahme von 4-Methylpentedron vermehrt Stress, Wahnsinn und Paranoia versp\u00fcren. Die Ergebnisse von 4-Methylpentedrone unterscheiden sich je nach Person, Dosierung und Art der Behandlung.<\/span><\/p>\n<h4><strong><span data-preserver-spaces=\"true\">Gefahren von 4-METHYLPENTEDRONE:<\/span><\/strong><\/h4>\n<p><span data-preserver-spaces=\"true\">Trotz seiner denkbar angenehmen Wirkung ist 4-Methylpentedron eine unsichere und potenziell t\u00f6dliche Chemikalie. Alle Konsumenten sind dem Risiko ausgesetzt, ein Produkt zu konsumieren, das Verunreinigungen oder sch\u00e4dliche Kombinationen enth\u00e4lt, da es keine Vorschriften und keine Kontrolle \u00fcber seine Herstellung und seinen Vertrieb gibt.<\/span><\/p>\n<p><span data-preserver-spaces=\"true\">Verbesserte Herzfrequenz, Brustschmerzen, Angstzust\u00e4nde,\u00a0<a href=\"https:\/\/en.wikipedia.org\/wiki\/Paranoia\" target=\"_blank\" rel=\"noopener\"><strong><em>Paranoia<\/em><\/strong><\/a>und Halluzinationen sind einige extreme Nebenwirkungen des 4-Methylpentedron-Konsums. Zus\u00e4tzlich zu den gef\u00e4hrlichen Blutdruckerh\u00f6hungen f\u00fchrt das Medikament zu Herzstillstand, Krampfanf\u00e4llen und Schlaganfall.<\/span><\/p>\n<p><span data-preserver-spaces=\"true\">Neben den k\u00f6rperlichen Risiken kann 4-Methylpentedron auch die psychische Gesundheit erheblich beeintr\u00e4chtigen. Der Missbrauch der Essenz kann zu Traurigkeit, Angstzust\u00e4nden, anderen psychischen Erkrankungen und endlosen Gehirnsch\u00e4den f\u00fchren.<\/span><\/p>","protected":false},"excerpt":{"rendered":"<p><strong>IUPAC-Name: <\/strong>3-Methyl-2-(p-Tolyl)mopholin<\/p>\n<p><strong>CAS # <\/strong>K.A.<\/p>\n<p><strong>Anderer Name: <\/strong>4-Methylphenmetrazin<\/p>\n<p><strong>Erscheinungsbild: <\/strong>Kristalle<\/p>\n<p><strong>NMR-Analyse: <\/strong>K.A.<\/p>","protected":false},"featured_media":29042,"comment_status":"open","ping_status":"closed","template":"","meta":[],"product_brand":[],"product_cat":[91],"product_tag":[],"class_list":{"0":"post-28975","1":"product","2":"type-product","3":"status-publish","4":"has-post-thumbnail","6":"product_cat-piperidines","8":"first","9":"instock","10":"shipping-taxable","11":"purchasable","12":"product-type-variable"},"yoast_head":"<!-- This site is optimized with the Yoast SEO Premium plugin v24.1 (Yoast SEO v27.4) - https:\/\/yoast.com\/product\/yoast-seo-premium-wordpress\/ -->\n<title>Buy 4-MPD Online: Premium Quality RC&#039;s | ChemsXpress<\/title>\n<meta name=\"description\" content=\"Discover 4-MPD at ChemsXpress. Premium research chemicals, fast shipping. Trust our quality assurance for all your research needs. Order now\" \/>\n<meta name=\"robots\" content=\"index, follow, max-snippet:-1, max-image-preview:large, max-video-preview:-1\" \/>\n<link rel=\"canonical\" href=\"https:\/\/chemsxpress.com\/de\/produkt\/4-mpd-online-kaufen\/\" \/>\n<meta property=\"og:locale\" content=\"de_DE\" \/>\n<meta property=\"og:type\" content=\"article\" \/>\n<meta property=\"og:title\" content=\"4-MPD\" \/>\n<meta property=\"og:description\" content=\"Discover 4-MPD at ChemsXpress. Premium research chemicals, fast shipping. Trust our quality assurance for all your research needs. Order now\" \/>\n<meta property=\"og:url\" content=\"https:\/\/chemsxpress.com\/de\/produkt\/4-mpd-online-kaufen\/\" \/>\n<meta property=\"og:site_name\" content=\"SHOP MDPHP\" \/>\n<meta property=\"article:modified_time\" content=\"2025-05-23T17:15:44+00:00\" \/>\n<meta property=\"og:image\" content=\"https:\/\/chemsxpress.com\/wp-content\/uploads\/2024\/04\/4-MPM.jpg\" \/>\n\t<meta property=\"og:image:width\" content=\"600\" \/>\n\t<meta property=\"og:image:height\" content=\"600\" \/>\n\t<meta property=\"og:image:type\" content=\"image\/jpeg\" \/>\n<meta name=\"twitter:card\" content=\"summary_large_image\" \/>\n<meta name=\"twitter:label1\" content=\"Gesch\u00e4tzte Lesezeit\" \/>\n\t<meta name=\"twitter:data1\" content=\"3\u00a0Minuten\" \/>\n<script type=\"application\/ld+json\" class=\"yoast-schema-graph\">{\"@context\":\"https:\\\/\\\/schema.org\",\"@graph\":[{\"@type\":\"WebPage\",\"@id\":\"https:\\\/\\\/chemsxpress.com\\\/product\\\/buy-4-mpd-online\\\/\",\"url\":\"https:\\\/\\\/chemsxpress.com\\\/product\\\/buy-4-mpd-online\\\/\",\"name\":\"Buy 4-MPD Online: Premium Quality RC's | ChemsXpress\",\"isPartOf\":{\"@id\":\"https:\\\/\\\/chemsxpress.com\\\/#website\"},\"primaryImageOfPage\":{\"@id\":\"https:\\\/\\\/chemsxpress.com\\\/product\\\/buy-4-mpd-online\\\/#primaryimage\"},\"image\":{\"@id\":\"https:\\\/\\\/chemsxpress.com\\\/product\\\/buy-4-mpd-online\\\/#primaryimage\"},\"thumbnailUrl\":\"https:\\\/\\\/chemsxpress.com\\\/wp-content\\\/uploads\\\/2024\\\/04\\\/4-MPM.jpg\",\"datePublished\":\"2024-04-29T13:19:58+00:00\",\"dateModified\":\"2025-05-23T17:15:44+00:00\",\"description\":\"Discover 4-MPD at ChemsXpress. Premium research chemicals, fast shipping. Trust our quality assurance for all your research needs. Order now\",\"breadcrumb\":{\"@id\":\"https:\\\/\\\/chemsxpress.com\\\/product\\\/buy-4-mpd-online\\\/#breadcrumb\"},\"inLanguage\":\"de\",\"potentialAction\":[{\"@type\":\"ReadAction\",\"target\":[\"https:\\\/\\\/chemsxpress.com\\\/product\\\/buy-4-mpd-online\\\/\"]}]},{\"@type\":\"ImageObject\",\"inLanguage\":\"de\",\"@id\":\"https:\\\/\\\/chemsxpress.com\\\/product\\\/buy-4-mpd-online\\\/#primaryimage\",\"url\":\"https:\\\/\\\/chemsxpress.com\\\/wp-content\\\/uploads\\\/2024\\\/04\\\/4-MPM.jpg\",\"contentUrl\":\"https:\\\/\\\/chemsxpress.com\\\/wp-content\\\/uploads\\\/2024\\\/04\\\/4-MPM.jpg\",\"width\":600,\"height\":600,\"caption\":\"Buy 4-MPD Online\"},{\"@type\":\"BreadcrumbList\",\"@id\":\"https:\\\/\\\/chemsxpress.com\\\/product\\\/buy-4-mpd-online\\\/#breadcrumb\",\"itemListElement\":[{\"@type\":\"ListItem\",\"position\":1,\"name\":\"Home\",\"item\":\"https:\\\/\\\/chemsxpress.com\\\/\"},{\"@type\":\"ListItem\",\"position\":2,\"name\":\"Shop\",\"item\":\"https:\\\/\\\/chemsxpress.com\\\/shop\\\/\"},{\"@type\":\"ListItem\",\"position\":3,\"name\":\"4-MPD\"}]},{\"@type\":\"WebSite\",\"@id\":\"https:\\\/\\\/chemsxpress.com\\\/#website\",\"url\":\"https:\\\/\\\/chemsxpress.com\\\/\",\"name\":\"SHOP MDPHP\",\"description\":\"Buy MDPHP freebase from reliable supplier\",\"potentialAction\":[{\"@type\":\"SearchAction\",\"target\":{\"@type\":\"EntryPoint\",\"urlTemplate\":\"https:\\\/\\\/chemsxpress.com\\\/?s={search_term_string}\"},\"query-input\":{\"@type\":\"PropertyValueSpecification\",\"valueRequired\":true,\"valueName\":\"search_term_string\"}}],\"inLanguage\":\"de\"}]}<\/script>\n<!-- \/ Yoast SEO Premium plugin. -->","yoast_head_json":{"title":"4-MPD online kaufen: Premium Qualit\u00e4t RC's | ChemsXpress","description":"Entdecken Sie 4-MPD bei ChemsXpress. Hochwertige Forschungschemikalien, schneller Versand. Vertrauen Sie unserer Qualit\u00e4tssicherung f\u00fcr Ihren gesamten Forschungsbedarf. Jetzt bestellen","robots":{"index":"index","follow":"follow","max-snippet":"max-snippet:-1","max-image-preview":"max-image-preview:large","max-video-preview":"max-video-preview:-1"},"canonical":"https:\/\/chemsxpress.com\/de\/produkt\/4-mpd-online-kaufen\/","og_locale":"de_DE","og_type":"article","og_title":"4-MPD","og_description":"Discover 4-MPD at ChemsXpress. Premium research chemicals, fast shipping. Trust our quality assurance for all your research needs. Order now","og_url":"https:\/\/chemsxpress.com\/de\/produkt\/4-mpd-online-kaufen\/","og_site_name":"SHOP MDPHP","article_modified_time":"2025-05-23T17:15:44+00:00","og_image":[{"width":600,"height":600,"url":"https:\/\/chemsxpress.com\/wp-content\/uploads\/2024\/04\/4-MPM.jpg","type":"image\/jpeg"}],"twitter_card":"summary_large_image","twitter_misc":{"Gesch\u00e4tzte Lesezeit":"3\u00a0Minuten"},"schema":{"@context":"https:\/\/schema.org","@graph":[{"@type":"WebPage","@id":"https:\/\/chemsxpress.com\/product\/buy-4-mpd-online\/","url":"https:\/\/chemsxpress.com\/product\/buy-4-mpd-online\/","name":"4-MPD online kaufen: Premium Qualit\u00e4t RC's | ChemsXpress","isPartOf":{"@id":"https:\/\/chemsxpress.com\/#website"},"primaryImageOfPage":{"@id":"https:\/\/chemsxpress.com\/product\/buy-4-mpd-online\/#primaryimage"},"image":{"@id":"https:\/\/chemsxpress.com\/product\/buy-4-mpd-online\/#primaryimage"},"thumbnailUrl":"https:\/\/chemsxpress.com\/wp-content\/uploads\/2024\/04\/4-MPM.jpg","datePublished":"2024-04-29T13:19:58+00:00","dateModified":"2025-05-23T17:15:44+00:00","description":"Entdecken Sie 4-MPD bei ChemsXpress. Hochwertige Forschungschemikalien, schneller Versand. Vertrauen Sie unserer Qualit\u00e4tssicherung f\u00fcr Ihren gesamten Forschungsbedarf. Jetzt bestellen","breadcrumb":{"@id":"https:\/\/chemsxpress.com\/product\/buy-4-mpd-online\/#breadcrumb"},"inLanguage":"de","potentialAction":[{"@type":"ReadAction","target":["https:\/\/chemsxpress.com\/product\/buy-4-mpd-online\/"]}]},{"@type":"ImageObject","inLanguage":"de","@id":"https:\/\/chemsxpress.com\/product\/buy-4-mpd-online\/#primaryimage","url":"https:\/\/chemsxpress.com\/wp-content\/uploads\/2024\/04\/4-MPM.jpg","contentUrl":"https:\/\/chemsxpress.com\/wp-content\/uploads\/2024\/04\/4-MPM.jpg","width":600,"height":600,"caption":"Buy 4-MPD Online"},{"@type":"BreadcrumbList","@id":"https:\/\/chemsxpress.com\/product\/buy-4-mpd-online\/#breadcrumb","itemListElement":[{"@type":"ListItem","position":1,"name":"Home","item":"https:\/\/chemsxpress.com\/"},{"@type":"ListItem","position":2,"name":"Shop","item":"https:\/\/chemsxpress.com\/shop\/"},{"@type":"ListItem","position":3,"name":"4-MPD"}]},{"@type":"WebSite","@id":"https:\/\/chemsxpress.com\/#website","url":"https:\/\/chemsxpress.com\/","name":"MDPHP EINKAUFEN","description":"MDPHP freebase von einem zuverl\u00e4ssigen Anbieter kaufen","potentialAction":[{"@type":"SearchAction","target":{"@type":"EntryPoint","urlTemplate":"https:\/\/chemsxpress.com\/?s={search_term_string}"},"query-input":{"@type":"PropertyValueSpecification","valueRequired":true,"valueName":"search_term_string"}}],"inLanguage":"de"}]}},"jetpack_sharing_enabled":true,"_links":{"self":[{"href":"https:\/\/chemsxpress.com\/de\/wp-json\/wp\/v2\/product\/28975","targetHints":{"allow":["GET"]}}],"collection":[{"href":"https:\/\/chemsxpress.com\/de\/wp-json\/wp\/v2\/product"}],"about":[{"href":"https:\/\/chemsxpress.com\/de\/wp-json\/wp\/v2\/types\/product"}],"replies":[{"embeddable":true,"href":"https:\/\/chemsxpress.com\/de\/wp-json\/wp\/v2\/comments?post=28975"}],"version-history":[{"count":3,"href":"https:\/\/chemsxpress.com\/de\/wp-json\/wp\/v2\/product\/28975\/revisions"}],"predecessor-version":[{"id":29611,"href":"https:\/\/chemsxpress.com\/de\/wp-json\/wp\/v2\/product\/28975\/revisions\/29611"}],"wp:featuredmedia":[{"embeddable":true,"href":"https:\/\/chemsxpress.com\/de\/wp-json\/wp\/v2\/media\/29042"}],"wp:attachment":[{"href":"https:\/\/chemsxpress.com\/de\/wp-json\/wp\/v2\/media?parent=28975"}],"wp:term":[{"taxonomy":"product_brand","embeddable":true,"href":"https:\/\/chemsxpress.com\/de\/wp-json\/wp\/v2\/product_brand?post=28975"},{"taxonomy":"product_cat","embeddable":true,"href":"https:\/\/chemsxpress.com\/de\/wp-json\/wp\/v2\/product_cat?post=28975"},{"taxonomy":"product_tag","embeddable":true,"href":"https:\/\/chemsxpress.com\/de\/wp-json\/wp\/v2\/product_tag?post=28975"}],"curies":[{"name":"wp","href":"https:\/\/api.w.org\/{rel}","templated":true}]}}