{"id":28976,"date":"2024-04-29T13:19:58","date_gmt":"2024-04-29T13:19:58","guid":{"rendered":"https:\/\/chemsxpress.com\/?post_type=product&#038;p=28976"},"modified":"2024-07-04T22:06:48","modified_gmt":"2024-07-04T22:06:48","slug":"3-fpm-online-kaufen","status":"publish","type":"product","link":"https:\/\/chemsxpress.com\/de\/produkt\/3-fpm-online-kaufen\/","title":{"rendered":"3-FPM"},"content":{"rendered":"<h1>Kaufen <strong>3-FPM Online<\/strong><\/h1>\n<h2><strong>Allgemeine Informationen 3-FPM<\/strong><\/h2>\n<p>3-FPM online kaufen 3-Fluorophenmetrazin ist ein urspr\u00fcngliches Energetikum aus der Klasse der Phenylmorpholine. 3-FPM ist eine Tochtergesellschaft von Phenmetrazin, einer bereits bekannten Energetisierungssubstanz, die in den 1950er Jahren in Europa klinisch als Anorektikum eingesetzt wurde. Es entfaltet seine Wirkung, indem es den Gehalt an Serotonin, Dopamin und Noradrenalin im Gehirn erh\u00f6ht.<\/p>\n<h3><strong>Chemische Zusammensetzung 3-FPM<\/strong><\/h3>\n<p>Die uns zug\u00e4ngliche Formel von 3-FPM ist C11H14FNO - Atomgewicht 285.42g. 3-FPM oder 3-Fluorphenmetrazin wird als 3-FPH und PAL-593 bezeichnet; dieser Stoff ist ein fluorierter Untervertreter von Phenmetrazin. 3-FPM (PAL-593) ist ein fluoriertes einfaches im Licht von Energizer und fluoriertem Phenylmorpholin von Phenmetrazin drei Fluorophenmetrazin.<\/p>\n<p>Die chemische Formel lautet C11H14FNO. 3-Fluorphenmetrazin ist ein einfaches 3F-Phenmetrazin und 3-Fluorphenmetrazin, ein weiterer Pr\u00fcfstoff in der Energetikerfamilie 2-3-Fluorphenyl, 3-Methylmorpholin und 3-Fluorphenmetrazin.<\/p>\n<p>3-Fluorophenmetrazin enth\u00e4lt ein Fluormolek\u00fcl, das in das Amphetaminskelett integriert ist.<\/p>\n<h3><strong>Pharmakologie von 3-FPM<\/strong><\/h3>\n<p>3-FPM (FPM 3) steigert die geistige Aktivit\u00e4t, indem es den Serotonin-, Dopamin- und Noradrenalinspiegel anhebt. Die abstrakten Wirkungen umfassen eine bessere Konzentration und Inspiration, eine Beschleunigung der Gedanken und ein h\u00f6heres Ma\u00df an Freude und Erregung. Die Ansammlung von Synapsen f\u00fchrt zu Effekten von Verz\u00fcckung und stimulierenden Erfahrungen.<\/p>\n<h3><strong>Kaufen Sie hochwertige 3-FPM<\/strong><\/h3>\n<p><a href=\"https:\/\/chemsxpress.com\/de\/\">ChemsXpress<\/a> ist seit vielen Jahren mit dem Einkauf von Designer-Forschungschemikalien besch\u00e4ftigt, so dass wir f\u00fcr jedes Produkt das Beste gew\u00e4hrleisten k\u00f6nnen. Infolgedessen ist die <a href=\"https:\/\/chemsxpress.com\/de\/produktkategorie\/forschungschemikalien\/\">Forschungschemikalien<\/a> die wir auf der Website verkaufen, einschlie\u00dflich 3-FPM 3-Fluorophenmetrazin, entsprechen unseren hohen Richtlinien und werden mit gr\u00f6\u00dfter Sorgfalt versandt, aufbewahrt und an k\u00fchlen, trockenen Orten aufbewahrt.<\/p>\n<p>Alle Artikel haben einen fairen Preis, und der Einkauf im TRRCSHOP ist kostenlos.<\/p>\n<h3><strong>Laborversuch mit 3-FPM mit dem Ergebnis<\/strong><\/h3>\n<p>Der TRRCSHOP macht Fortschritte bei der Steigerung der Verbraucherzufriedenheit. Die Forschung zeigt, dass der neue Kunde viele Anfragen zu Forschungschemikalien wie 3-FPM, 2-FMA oder FPM3 hat. Ein Datensatz hat viele Vorteile, wenn er auf jede Ihrer Anfragen antwortet.<\/p>\n<p>Wir verteilen alle Laborkonsequenzen jeder Erkundungsverbindung auf einem pdf-Datensatz, der \u00fcber diesen Text einsehbar sein sollte!<\/p>\n<p>Unser 3-FPM stimmt in der Regel mit den funktionierenden Fixierungen \u00fcberein und ist f\u00fcr jeden verf\u00fcgbar. Dar\u00fcber hinaus liegen in der Regel Laborergebnisse des Research Chemicals Teams vor.<\/p>\n<h3><strong>Sicher bestellen bei 3-FPM.<\/strong><\/h3>\n<p>Die Designer-Forschungschemikalien von TRRCSHOP sind von ausgezeichneter Qualit\u00e4t und haben einen fairen Preis. Wenn Sie Ihre 3-FPM bei TRRCSHOP bestellen, garantieren wir Ihnen, dass Ihre Bestellung schnell und sicher zu Ihnen nach Hause geliefert wird.<\/p>\n<p>Die Bestellung von synthetischen Forschungssubstanzen mit Bitcoin oder Bank\u00fcberweisung ist im TRRCSHOP ganz einfach.<\/p>\n<p>Wir versenden 3-FPM am selben Werktag, wenn die Zahlung vor 14:00 Uhr MESZ eingegangen ist. Wir versenden nicht am Samstag, Sonntag oder an nationalen\/internationalen Feiertagen<strong>.<\/strong><\/p>\n<h3><strong>Diskreter Versand von Forschungschemikalien.<\/strong><\/h3>\n<p>Auch wenn Designer-Forschungschemikalien online legal erh\u00e4ltlich sind, bem\u00fchen wir uns bei TRRCSHOP um eine m\u00f6glichst sichere und kosteng\u00fcnstige Lieferung. Zun\u00e4chst wird der Artikel in einen Klick-Beutel gelegt, bevor er in einen Beutel kommt, in dem er doppelt verbrannt wird. Wir verpacken mit einer sehr guten Tarnung und kein Zeichen von dem, was drin sein k\u00f6nnte, wird auf der Au\u00dfenseite gezeigt werden.<\/p>\n<p>W\u00e4hlen Sie eine verfolgte Lieferung zu verfolgen und zu folgen, so dass Sie Ihre Bestellung schrittweise verfolgen k\u00f6nnen. Zum Beispiel, senden wir Bestellungen \u00fcber 500 Euro mit dem kostenlosen Track.<\/p>\n<p>Wir liefern keine Artikel an Personen unter 18 Jahren!<\/p>\n<h3><strong>Vorsichtsma\u00dfnahmen<\/strong><\/h3>\n<ul>\n<li>RC's angeboten bei <a href=\"https:\/\/chemsxpress.com\/de\/\">chemsXpress<\/a>\u00a0sind f\u00fcr Forschungszwecke bestimmt, der Verzehr ist strengstens verboten.<\/li>\n<li>Kaufen Sie die geeignete individuelle Schutzausr\u00fcstung wie Schutzbrillen und Handschuhe. Reinigen und pflegen Sie sie angemessen. Befolgen Sie beim Umgang mit Forschungschemikalien sichere Systeme und nehmen Sie keine Abk\u00fcrzungen.<\/li>\n<li>Wenn die Forschungschemikalie mit den Augen in Ber\u00fchrung kommt, sp\u00fclen Sie sie gut aus und entfernen Sie Kontaktlinsen, falls dies notwendig ist.<\/li>\n<li>Versuchen Sie, bei der Verwendung dieser Chemikalien eine Maske zu tragen, damit sie beim Atmen nicht in Ihr Inneres gelangen k\u00f6nnen.<\/li>\n<li>Wie bei den unterst\u00fctzten Methoden angegeben, sind gef\u00e4hrliche Stoffe sicher zu handhaben, zu lagern und zu entsorgen. Sch\u00fctten Sie sie niemals in die Kanalisation oder in Kan\u00e4le.<\/li>\n<li>Lagern Sie Forschungschemikalien entsprechend den Angaben auf den Etiketten. Entflammbare Chemikalien sollten an einem ausgezeichneten, trockenen Ort gelagert werden, fern von Intensit\u00e4t und Tageslicht. Einige synthetische Stoffe wie S\u00e4uren sollten unabh\u00e4ngig voneinander aufbewahrt werden.<\/li>\n<\/ul>","protected":false},"excerpt":{"rendered":"<p>IUPAC-Name: 2-(3-Fluorphenyl)-3-methylmorpholin, Monohydrochlorid<br \/>\nCAS # 1803562-83-5<br \/>\nAndere Bezeichnung: 3-Fluorophenmetrazin (Hydrochlorid)<br \/>\nErscheinungsbild: Pulver<br \/>\nNMR-Analyse: C11H14FNO - HCl<\/p>","protected":false},"featured_media":29044,"comment_status":"open","ping_status":"closed","template":"","meta":[],"product_brand":[],"product_cat":[91],"product_tag":[],"class_list":{"0":"post-28976","1":"product","2":"type-product","3":"status-publish","4":"has-post-thumbnail","6":"product_cat-piperidines","8":"first","9":"instock","10":"shipping-taxable","11":"purchasable","12":"product-type-variable"},"yoast_head":"<!-- This site is optimized with the Yoast SEO Premium plugin v24.1 (Yoast SEO v27.3) - https:\/\/yoast.com\/product\/yoast-seo-premium-wordpress\/ -->\n<title>Buy 3-FPM Online: Premium Quality RC&#039;s | ChemsXpres<\/title>\n<meta name=\"description\" content=\"Explore 3-FPM online at ChemsXpress. Premium research chemicals, fast shipping. Trust our quality assurance for all your research needs. Order now\" \/>\n<meta name=\"robots\" content=\"index, follow, max-snippet:-1, max-image-preview:large, max-video-preview:-1\" \/>\n<link rel=\"canonical\" href=\"https:\/\/chemsxpress.com\/de\/produkt\/3-fpm-online-kaufen\/\" \/>\n<meta property=\"og:locale\" content=\"de_DE\" \/>\n<meta property=\"og:type\" content=\"article\" \/>\n<meta property=\"og:title\" content=\"3-FPM\" \/>\n<meta property=\"og:description\" content=\"Explore 3-FPM online at ChemsXpress. Premium research chemicals, fast shipping. Trust our quality assurance for all your research needs. Order now\" \/>\n<meta property=\"og:url\" content=\"https:\/\/chemsxpress.com\/de\/produkt\/3-fpm-online-kaufen\/\" \/>\n<meta property=\"og:site_name\" content=\"SHOP MDPHP\" \/>\n<meta property=\"article:modified_time\" content=\"2024-07-04T22:06:48+00:00\" \/>\n<meta property=\"og:image\" content=\"https:\/\/chemsxpress.com\/wp-content\/uploads\/2024\/04\/3-FPM.jpg\" \/>\n\t<meta property=\"og:image:width\" content=\"600\" \/>\n\t<meta property=\"og:image:height\" content=\"600\" \/>\n\t<meta property=\"og:image:type\" content=\"image\/jpeg\" \/>\n<meta name=\"twitter:card\" content=\"summary_large_image\" \/>\n<meta name=\"twitter:label1\" content=\"Gesch\u00e4tzte Lesezeit\" \/>\n\t<meta name=\"twitter:data1\" content=\"4\u00a0Minuten\" \/>\n<script type=\"application\/ld+json\" class=\"yoast-schema-graph\">{\"@context\":\"https:\\\/\\\/schema.org\",\"@graph\":[{\"@type\":\"WebPage\",\"@id\":\"https:\\\/\\\/chemsxpress.com\\\/product\\\/buy-3-fpm-online\\\/\",\"url\":\"https:\\\/\\\/chemsxpress.com\\\/product\\\/buy-3-fpm-online\\\/\",\"name\":\"Buy 3-FPM Online: Premium Quality RC's | ChemsXpres\",\"isPartOf\":{\"@id\":\"https:\\\/\\\/chemsxpress.com\\\/#website\"},\"primaryImageOfPage\":{\"@id\":\"https:\\\/\\\/chemsxpress.com\\\/product\\\/buy-3-fpm-online\\\/#primaryimage\"},\"image\":{\"@id\":\"https:\\\/\\\/chemsxpress.com\\\/product\\\/buy-3-fpm-online\\\/#primaryimage\"},\"thumbnailUrl\":\"https:\\\/\\\/chemsxpress.com\\\/wp-content\\\/uploads\\\/2024\\\/04\\\/3-FPM.jpg\",\"datePublished\":\"2024-04-29T13:19:58+00:00\",\"dateModified\":\"2024-07-04T22:06:48+00:00\",\"description\":\"Explore 3-FPM online at ChemsXpress. Premium research chemicals, fast shipping. Trust our quality assurance for all your research needs. Order now\",\"breadcrumb\":{\"@id\":\"https:\\\/\\\/chemsxpress.com\\\/product\\\/buy-3-fpm-online\\\/#breadcrumb\"},\"inLanguage\":\"de\",\"potentialAction\":[{\"@type\":\"ReadAction\",\"target\":[\"https:\\\/\\\/chemsxpress.com\\\/product\\\/buy-3-fpm-online\\\/\"]}]},{\"@type\":\"ImageObject\",\"inLanguage\":\"de\",\"@id\":\"https:\\\/\\\/chemsxpress.com\\\/product\\\/buy-3-fpm-online\\\/#primaryimage\",\"url\":\"https:\\\/\\\/chemsxpress.com\\\/wp-content\\\/uploads\\\/2024\\\/04\\\/3-FPM.jpg\",\"contentUrl\":\"https:\\\/\\\/chemsxpress.com\\\/wp-content\\\/uploads\\\/2024\\\/04\\\/3-FPM.jpg\",\"width\":600,\"height\":600,\"caption\":\"Buy 3-FPM Online\"},{\"@type\":\"BreadcrumbList\",\"@id\":\"https:\\\/\\\/chemsxpress.com\\\/product\\\/buy-3-fpm-online\\\/#breadcrumb\",\"itemListElement\":[{\"@type\":\"ListItem\",\"position\":1,\"name\":\"Home\",\"item\":\"https:\\\/\\\/chemsxpress.com\\\/\"},{\"@type\":\"ListItem\",\"position\":2,\"name\":\"Shop\",\"item\":\"https:\\\/\\\/chemsxpress.com\\\/shop\\\/\"},{\"@type\":\"ListItem\",\"position\":3,\"name\":\"3-FPM\"}]},{\"@type\":\"WebSite\",\"@id\":\"https:\\\/\\\/chemsxpress.com\\\/#website\",\"url\":\"https:\\\/\\\/chemsxpress.com\\\/\",\"name\":\"SHOP MDPHP\",\"description\":\"Buy MDPHP freebase from reliable supplier\",\"potentialAction\":[{\"@type\":\"SearchAction\",\"target\":{\"@type\":\"EntryPoint\",\"urlTemplate\":\"https:\\\/\\\/chemsxpress.com\\\/?s={search_term_string}\"},\"query-input\":{\"@type\":\"PropertyValueSpecification\",\"valueRequired\":true,\"valueName\":\"search_term_string\"}}],\"inLanguage\":\"de\"}]}<\/script>\n<!-- \/ Yoast SEO Premium plugin. -->","yoast_head_json":{"title":"DPT online kaufen: RC's in Premium-Qualit\u00e4t bei ChemsXpres","description":"Entdecken Sie DPT bei ChemsXpress. Hochwertige Forschungschemikalien, schneller Versand. Vertrauen Sie unserer Qualit\u00e4tssicherung f\u00fcr Ihren gesamten Forschungsbedarf. Jetzt bestellen","robots":{"index":"index","follow":"follow","max-snippet":"max-snippet:-1","max-image-preview":"max-image-preview:large","max-video-preview":"max-video-preview:-1"},"canonical":"https:\/\/chemsxpress.com\/de\/produkt\/3-fpm-online-kaufen\/","og_locale":"de_DE","og_type":"article","og_title":"3-FPM","og_description":"Explore 3-FPM online at ChemsXpress. Premium research chemicals, fast shipping. Trust our quality assurance for all your research needs. Order now","og_url":"https:\/\/chemsxpress.com\/de\/produkt\/3-fpm-online-kaufen\/","og_site_name":"SHOP MDPHP","article_modified_time":"2024-07-04T22:06:48+00:00","og_image":[{"width":600,"height":600,"url":"https:\/\/chemsxpress.com\/wp-content\/uploads\/2024\/04\/3-FPM.jpg","type":"image\/jpeg"}],"twitter_card":"summary_large_image","twitter_misc":{"Gesch\u00e4tzte Lesezeit":"4\u00a0Minuten"},"schema":{"@context":"https:\/\/schema.org","@graph":[{"@type":"WebPage","@id":"https:\/\/chemsxpress.com\/product\/buy-3-fpm-online\/","url":"https:\/\/chemsxpress.com\/product\/buy-3-fpm-online\/","name":"DPT online kaufen: RC's in Premium-Qualit\u00e4t bei ChemsXpres","isPartOf":{"@id":"https:\/\/chemsxpress.com\/#website"},"primaryImageOfPage":{"@id":"https:\/\/chemsxpress.com\/product\/buy-3-fpm-online\/#primaryimage"},"image":{"@id":"https:\/\/chemsxpress.com\/product\/buy-3-fpm-online\/#primaryimage"},"thumbnailUrl":"https:\/\/chemsxpress.com\/wp-content\/uploads\/2024\/04\/3-FPM.jpg","datePublished":"2024-04-29T13:19:58+00:00","dateModified":"2024-07-04T22:06:48+00:00","description":"Entdecken Sie DPT bei ChemsXpress. Hochwertige Forschungschemikalien, schneller Versand. Vertrauen Sie unserer Qualit\u00e4tssicherung f\u00fcr Ihren gesamten Forschungsbedarf. Jetzt bestellen","breadcrumb":{"@id":"https:\/\/chemsxpress.com\/product\/buy-3-fpm-online\/#breadcrumb"},"inLanguage":"de","potentialAction":[{"@type":"ReadAction","target":["https:\/\/chemsxpress.com\/product\/buy-3-fpm-online\/"]}]},{"@type":"ImageObject","inLanguage":"de","@id":"https:\/\/chemsxpress.com\/product\/buy-3-fpm-online\/#primaryimage","url":"https:\/\/chemsxpress.com\/wp-content\/uploads\/2024\/04\/3-FPM.jpg","contentUrl":"https:\/\/chemsxpress.com\/wp-content\/uploads\/2024\/04\/3-FPM.jpg","width":600,"height":600,"caption":"Buy 3-FPM Online"},{"@type":"BreadcrumbList","@id":"https:\/\/chemsxpress.com\/product\/buy-3-fpm-online\/#breadcrumb","itemListElement":[{"@type":"ListItem","position":1,"name":"Home","item":"https:\/\/chemsxpress.com\/"},{"@type":"ListItem","position":2,"name":"Shop","item":"https:\/\/chemsxpress.com\/shop\/"},{"@type":"ListItem","position":3,"name":"3-FPM"}]},{"@type":"WebSite","@id":"https:\/\/chemsxpress.com\/#website","url":"https:\/\/chemsxpress.com\/","name":"MDPHP EINKAUFEN","description":"MDPHP freebase von einem zuverl\u00e4ssigen Anbieter kaufen","potentialAction":[{"@type":"SearchAction","target":{"@type":"EntryPoint","urlTemplate":"https:\/\/chemsxpress.com\/?s={search_term_string}"},"query-input":{"@type":"PropertyValueSpecification","valueRequired":true,"valueName":"search_term_string"}}],"inLanguage":"de"}]}},"jetpack_sharing_enabled":true,"_links":{"self":[{"href":"https:\/\/chemsxpress.com\/de\/wp-json\/wp\/v2\/product\/28976","targetHints":{"allow":["GET"]}}],"collection":[{"href":"https:\/\/chemsxpress.com\/de\/wp-json\/wp\/v2\/product"}],"about":[{"href":"https:\/\/chemsxpress.com\/de\/wp-json\/wp\/v2\/types\/product"}],"replies":[{"embeddable":true,"href":"https:\/\/chemsxpress.com\/de\/wp-json\/wp\/v2\/comments?post=28976"}],"version-history":[{"count":4,"href":"https:\/\/chemsxpress.com\/de\/wp-json\/wp\/v2\/product\/28976\/revisions"}],"predecessor-version":[{"id":30006,"href":"https:\/\/chemsxpress.com\/de\/wp-json\/wp\/v2\/product\/28976\/revisions\/30006"}],"wp:featuredmedia":[{"embeddable":true,"href":"https:\/\/chemsxpress.com\/de\/wp-json\/wp\/v2\/media\/29044"}],"wp:attachment":[{"href":"https:\/\/chemsxpress.com\/de\/wp-json\/wp\/v2\/media?parent=28976"}],"wp:term":[{"taxonomy":"product_brand","embeddable":true,"href":"https:\/\/chemsxpress.com\/de\/wp-json\/wp\/v2\/product_brand?post=28976"},{"taxonomy":"product_cat","embeddable":true,"href":"https:\/\/chemsxpress.com\/de\/wp-json\/wp\/v2\/product_cat?post=28976"},{"taxonomy":"product_tag","embeddable":true,"href":"https:\/\/chemsxpress.com\/de\/wp-json\/wp\/v2\/product_tag?post=28976"}],"curies":[{"name":"wp","href":"https:\/\/api.w.org\/{rel}","templated":true}]}}