{"id":28977,"date":"2024-04-29T13:19:58","date_gmt":"2024-04-29T13:19:58","guid":{"rendered":"https:\/\/chemsxpress.com\/?post_type=product&#038;p=28977"},"modified":"2024-07-04T22:03:38","modified_gmt":"2024-07-04T22:03:38","slug":"nb-5-meo-mipt-kaufen","status":"publish","type":"product","link":"https:\/\/chemsxpress.com\/de\/produkt\/nb-5-meo-mipt-kaufen\/","title":{"rendered":"NB-5-MeO-MiPT (Oxalat)"},"content":{"rendered":"<h1><strong>NB-5-MeO-MiPT (Oxalat) kaufen<\/strong><\/h1>\n<h2><strong>Allgemeine Informationen Tryptamine:\u00a0<\/strong><\/h2>\n<p>NB-5-MeO-MiPT kaufen Tryptamin ist ein Indolamin-Metabolit des essentiellen Aminos\u00e4uresubstanz Tryptophan. Ein Indol kennzeichnet die Struktur der Substanz \u2500 ein kombinierter Benzol- und Pyrrolring und ein 2-Aminoethylb\u00fcndel am nachfolgenden Kohlenstoff (drittes s\u00fc\u00dflich riechendes Jota, wobei das erste der heterocyclische Stickstoff ist). Der Aufbau von Tryptamin ist ein gemeinsamer Bestandteil bestimmter aminerger Neuromodulatoren wie Melatonin, Serotonin, Bufotenin und halluzinogener Ableger, z. B. Dimethyltryptamin (DMT), Psilocybin, Psilocin und andere. Dar\u00fcber hinaus hat sich gezeigt, dass Tryptamin auf aminverwandte Rezeptoren einwirkt, die im Gro\u00dfhirn von S\u00e4ugetieren vermittelt werden, und die Wirkung dopaminerger, serotonerger und glutamaterger Systeme steuert.<\/p>\n<p>5-MeO-MiPT ist ein halluzinogenes und stimulierendes Medikament, das von einigen als Entheogen verwendet wird. Es hat grundlegende und pharmakodynamische Eigenschaften wie die Medikamente 5-MeO-DiPT, DiPT und MiPT. Es wird jedoch aufgrund der exakten Konstruktion und der Wirkungen gew\u00f6hnlich als \"Ersatz\" f\u00fcr 5-MeO-DiPT verwendet.<\/p>\n<p>&nbsp;<\/p>\n<h3><strong>Chemische Zusammensetzung von Tryptaminen: NB-5-MeO-MiPT (Oxalat)<\/strong><\/h3>\n<p>&nbsp;<\/p>\n<p>5-MeO-MiPT geh\u00f6rt zu einer Klasse von Mischungen, die \u00fcblicherweise als Tryptamine bezeichnet werden, und ist das N-Methyl-N-Isopropyl-Homolog des halluzinogenen 5-MeO-DMT. Der vollst\u00e4ndige Name der Verbindung lautet 5-Methoxy-N-methyl-N-isopropyltryptamin.<\/p>\n<p>5-MeO-MiPT f\u00e4rbt das Ehrlich-Reagenz violett und geht dann in eine blaue Farbe \u00fcber. Es macht das Marquis-Reagenz gelb bis dunkel.<\/p>\n<h3><strong>Pharmakologie von Tryptaminen: NB-5-MeO-MiPT (Oxalat).<\/strong><\/h3>\n<p>Die Affinit\u00e4ten an den 5-HT-Rezeptoren sind im Rahmen des vom NIMH unterst\u00fctzten PDSP-Programms noch nicht in Stein gemei\u00dfelt. Zum Beispiel sind Assoziationen an den 5-HT2A- und 5-HT2C-Rezeptoren von Mensch und Nagetier noch in der Schwebe, wobei sowohl Agonisten als auch Bad Guy-Radioliganden verwendet werden.<\/p>\n<p>Im Verh\u00e4ltnis zu den wertvollen Kr\u00e4ften und der Lebensf\u00e4higkeit wurden die Ver\u00e4nderungen der intrazellul\u00e4ren Ca2+-Spiegel mit einem fluorometrischen Bildgebungsger\u00e4t (FLIPRTETRA, Molecular Devices) an den menschlichen 5-HT2A-, 5-HT2B- und 5-HT2C-Rezeptoren sowie an den 5-HT2A- und 5-HT2C-Rezeptoren der Nagetiere gesch\u00e4tzt. Schlie\u00dflich untersuchten wir als Anteil der in vivo 5-HT2A-Rezeptoren die F\u00e4higkeit, den HTR der Maus auszul\u00f6sen, wenn alles gleich ist.<\/p>\n<p>Wir spekulierten, dass die nutzbare Leistung am 5-HT2A-Rezeptor von Nagetieren sich am besten mit den Informationen des Mauskopfes verbinden k\u00f6nnte, da die Ligandenaffinit\u00e4ten am 5-HT2A-Rezeptor von Nagetieren mit dem 5-HT2A-Rezeptor von M\u00e4usen, aber nicht mit dem menschlichen 5-HT2A-Rezeptor verbunden sind.<\/p>\n<h3><strong>Kaufen Sie hochwertiges Fluorexetamin<\/strong><\/h3>\n<p>TRRCSHOP verf\u00fcgt \u00fcber langj\u00e4hrige Erfahrung in der <a href=\"https:\/\/chemsxpress.com\/de\/produktkategorie\/forschungschemikalien\/\">Forschungschemikalie<\/a> Designerindustrie, so dass wir die h\u00f6chste Qualit\u00e4t dieser Forschungschemikalien gew\u00e4hrleisten k\u00f6nnen. Das Team f\u00fcr Forschungschemikalien verkauft Fluorexetamin und <a href=\"https:\/\/chemsxpress.com\/de\/produkt\/bromonordiazepam-pellets-kaufen\/\">2,5mg-K\u00fcgelchen<\/a>. Die Forschungschemikalien, einschlie\u00dflich Fluorexetamine, erf\u00fcllen alle Sicherheitsanforderungen. Forschungschemikalien werden sorgf\u00e4ltig verteilt und an einem k\u00fchlen, trockenen Ort gelagert.<\/p>\n<p>Alle Produkte werden regelm\u00e4\u00dfig auf Qualit\u00e4t, Reinheit und Sicherheit gepr\u00fcft. Bewahren Sie Fluorexetamin immer bei Raumtemperatur und au\u00dferhalb der Reichweite von Kindern und Haustieren auf. Unser Fluorexetamin ist nicht f\u00fcr den pers\u00f6nlichen Gebrauch bestimmt. Es ist nur f\u00fcr Forschungszwecke bestimmt.<\/p>\n<p>Bei der Erforschung dieser Forschungschemikalie darf sie nicht mit Alkohol oder Forschungschemikalien vermischt werden!<\/p>\n<p>Alle unsere Produkte haben einen fairen Preis!<\/p>\n<h3><strong>Laborgepr\u00fcftes Fluorexetamin - mit Ergebnissen.<\/strong><\/h3>\n<p>Remakes bem\u00fcht sich um die allgemeine Erf\u00fcllung der Kundenw\u00fcnsche. Verschiedene Untersuchungen haben gezeigt, dass Kunden vor dem Kauf von synthetischen Forschungschemikalien so viele Daten wie erwartet anfordern. Dar\u00fcber hinaus ver\u00f6ffentlichen wir alle Laborergebnisse zu jeder Pr\u00fcfsubstanz in einem PDF-Dokument.<\/p>\n<p>Unser Fluorexetamin entspricht durchweg den Wirkstoffen und ist f\u00fcr jedermann ohne weiteres erkennbar.<\/p>\n<p>Wir verteilen alle Laborergebnisse zu jeder Forschungschemikalie auf einem PDF-Dokument.<\/p>\n<h3><strong>Bestellen Sie sicher bei Fluorexetamine.<\/strong><\/h3>\n<p>TRRCSHOP Designer-Forschungschemikalien sind von hervorragender Qualit\u00e4t und haben einen fairen Preis. Deshalb, zu dem Zeitpunkt, wenn Sie Ihre Anfrage\u00a0<strong>Fluorexetamin\u00a0<\/strong>bei ChemsXpress garantieren wir Ihnen, dass wir Ihre Anfrage schnell und sicher zu Ihnen nach Hause bringen.<\/p>\n<p>Im TRRCSHOP k\u00f6nnen Sie synthetische Forschungssubstanzen ganz einfach mit Bitcoin oder per Bank\u00fcberweisung bestellen.<\/p>\n<p>Wir versenden Fluorexetamin noch am selben Werktag, wenn die Zahlung vor 14:00 Uhr MESZ eingegangen ist. Wir versenden normalerweise nicht am Samstag, Sonntag oder an nationalen\/internationalen Feiertagen<strong>.<\/strong><\/p>\n<h3><strong>Diskreter Versand von Forschungschemikalien.<\/strong><\/h3>\n<p>Auch wenn Designer-Forschungschemikalien legal online zug\u00e4nglich sind, liefern wir bei Rcendeavor am sichersten und g\u00fcnstigsten. Wir verpacken mit sehr guter Tarnung und kein Zeichen von dem, was drin sein k\u00f6nnte, wird auf der Au\u00dfenseite gezeigt werden.<\/p>\n<p>Wir senden Bestellungen \u00fcber 500 Euro mit Track and Follow, so dass Sie Ihr Paket schrittweise verfolgen k\u00f6nnen. Wir senden Bestellungen \u00fcber 500 Euro mit dem kostenlosen Track.<\/p>\n<p>Wir liefern keine Artikel an Personen unter 18 Jahren!<\/p>\n<h3><strong>Vorsichtsma\u00dfnahmen<\/strong><\/h3>\n<ul>\n<li>Kaufen Sie die geeignete individuelle Schutzausr\u00fcstung wie Schutzbrillen und Handschuhe. Reinigen und pflegen Sie sie angemessen. Befolgen Sie beim Umgang mit Forschungschemikalien sichere Systeme und nehmen Sie keine Abk\u00fcrzungen.<\/li>\n<li>Wenn die Forschungschemikalie mit den Augen in Ber\u00fchrung kommt, sp\u00fclen Sie sie gut aus und entfernen Sie Kontaktlinsen, falls dies notwendig ist.<\/li>\n<li>Versuchen Sie, bei der Verwendung dieser Chemikalien eine Maske zu tragen, damit sie beim Atmen nicht in Ihr Inneres gelangen k\u00f6nnen.<\/li>\n<li>Wie bei den unterst\u00fctzten Methoden angegeben, sind gef\u00e4hrliche Stoffe sicher zu handhaben, zu lagern und zu entsorgen. Sch\u00fctten Sie sie niemals in die Kanalisation oder in Kan\u00e4le.<\/li>\n<li>Lagern Sie Forschungschemikalien entsprechend den Angaben auf ihren Namen. Entflammbare Chemikalien sollten in ausgezeichnetem, trockenem Cannabis gelagert werden, fern von Intensit\u00e4t und Tageslicht. Einige synthetische Stoffe, wie z. B. S\u00e4uren, sollten unabh\u00e4ngig voneinander aufbewahrt werden.<\/li>\n<li><a href=\"https:\/\/chemsxpress.com\/de\/\">ChemsXpress<\/a> zu Forschungszwecken angeboten; der Verzehr ist strengstens untersagt.<\/li>\n<\/ul>","protected":false},"excerpt":{"rendered":"<p>IUPAC-Name: tert-Butyl 3-(2-(Isopropyl(methyl)amino)ethyl)-5-methoxy-1H-indol-1- carboxylat oxalat<br \/>\nErscheinungsbild: Pulver<br \/>\nForm: Oxalat<\/p>","protected":false},"featured_media":29046,"comment_status":"open","ping_status":"closed","template":"","meta":[],"product_brand":[],"product_cat":[92],"product_tag":[],"class_list":{"0":"post-28977","1":"product","2":"type-product","3":"status-publish","4":"has-post-thumbnail","6":"product_cat-tryptamines","8":"first","9":"instock","10":"shipping-taxable","11":"purchasable","12":"product-type-variable"},"yoast_head":"<!-- This site is optimized with the Yoast SEO Premium plugin v24.1 (Yoast SEO v27.4) - https:\/\/yoast.com\/product\/yoast-seo-premium-wordpress\/ -->\n<title>Buy NB-5-MeO-MiPT Online: Premium Quality Rc&#039;s | ChemsXpress<\/title>\n<meta name=\"description\" content=\"Buy NB-5-MeO-MiPT Online at ChemsXpress. Premium research chemicals, fast shipping. Trust our quality assurance for all your research needs. Order now\" \/>\n<meta name=\"robots\" content=\"index, follow, max-snippet:-1, max-image-preview:large, max-video-preview:-1\" \/>\n<link rel=\"canonical\" href=\"https:\/\/chemsxpress.com\/de\/produkt\/nb-5-meo-mipt-kaufen\/\" \/>\n<meta property=\"og:locale\" content=\"de_DE\" \/>\n<meta property=\"og:type\" content=\"article\" \/>\n<meta property=\"og:title\" content=\"NB-5-MeO-MiPT (oxalate)\" \/>\n<meta property=\"og:description\" content=\"Buy NB-5-MeO-MiPT Online at ChemsXpress. Premium research chemicals, fast shipping. Trust our quality assurance for all your research needs. Order now\" \/>\n<meta property=\"og:url\" content=\"https:\/\/chemsxpress.com\/de\/produkt\/nb-5-meo-mipt-kaufen\/\" \/>\n<meta property=\"og:site_name\" content=\"SHOP MDPHP\" \/>\n<meta property=\"article:modified_time\" content=\"2024-07-04T22:03:38+00:00\" \/>\n<meta property=\"og:image\" content=\"https:\/\/chemsxpress.com\/wp-content\/uploads\/2024\/04\/NB-5-MeO-MiPT-oxalate.jpg\" \/>\n\t<meta property=\"og:image:width\" content=\"600\" \/>\n\t<meta property=\"og:image:height\" content=\"600\" \/>\n\t<meta property=\"og:image:type\" content=\"image\/jpeg\" \/>\n<meta name=\"twitter:card\" content=\"summary_large_image\" \/>\n<meta name=\"twitter:label1\" content=\"Gesch\u00e4tzte Lesezeit\" \/>\n\t<meta name=\"twitter:data1\" content=\"4\u00a0Minuten\" \/>\n<script type=\"application\/ld+json\" class=\"yoast-schema-graph\">{\"@context\":\"https:\\\/\\\/schema.org\",\"@graph\":[{\"@type\":\"WebPage\",\"@id\":\"https:\\\/\\\/chemsxpress.com\\\/product\\\/buy-nb-5-meo-mipt\\\/\",\"url\":\"https:\\\/\\\/chemsxpress.com\\\/product\\\/buy-nb-5-meo-mipt\\\/\",\"name\":\"Buy NB-5-MeO-MiPT Online: Premium Quality Rc's | ChemsXpress\",\"isPartOf\":{\"@id\":\"https:\\\/\\\/chemsxpress.com\\\/#website\"},\"primaryImageOfPage\":{\"@id\":\"https:\\\/\\\/chemsxpress.com\\\/product\\\/buy-nb-5-meo-mipt\\\/#primaryimage\"},\"image\":{\"@id\":\"https:\\\/\\\/chemsxpress.com\\\/product\\\/buy-nb-5-meo-mipt\\\/#primaryimage\"},\"thumbnailUrl\":\"https:\\\/\\\/chemsxpress.com\\\/wp-content\\\/uploads\\\/2024\\\/04\\\/NB-5-MeO-MiPT-oxalate.jpg\",\"datePublished\":\"2024-04-29T13:19:58+00:00\",\"dateModified\":\"2024-07-04T22:03:38+00:00\",\"description\":\"Buy NB-5-MeO-MiPT Online at ChemsXpress. Premium research chemicals, fast shipping. Trust our quality assurance for all your research needs. Order now\",\"breadcrumb\":{\"@id\":\"https:\\\/\\\/chemsxpress.com\\\/product\\\/buy-nb-5-meo-mipt\\\/#breadcrumb\"},\"inLanguage\":\"de\",\"potentialAction\":[{\"@type\":\"ReadAction\",\"target\":[\"https:\\\/\\\/chemsxpress.com\\\/product\\\/buy-nb-5-meo-mipt\\\/\"]}]},{\"@type\":\"ImageObject\",\"inLanguage\":\"de\",\"@id\":\"https:\\\/\\\/chemsxpress.com\\\/product\\\/buy-nb-5-meo-mipt\\\/#primaryimage\",\"url\":\"https:\\\/\\\/chemsxpress.com\\\/wp-content\\\/uploads\\\/2024\\\/04\\\/NB-5-MeO-MiPT-oxalate.jpg\",\"contentUrl\":\"https:\\\/\\\/chemsxpress.com\\\/wp-content\\\/uploads\\\/2024\\\/04\\\/NB-5-MeO-MiPT-oxalate.jpg\",\"width\":600,\"height\":600,\"caption\":\"Buy NB-5-MeO-MiPT\"},{\"@type\":\"BreadcrumbList\",\"@id\":\"https:\\\/\\\/chemsxpress.com\\\/product\\\/buy-nb-5-meo-mipt\\\/#breadcrumb\",\"itemListElement\":[{\"@type\":\"ListItem\",\"position\":1,\"name\":\"Home\",\"item\":\"https:\\\/\\\/chemsxpress.com\\\/\"},{\"@type\":\"ListItem\",\"position\":2,\"name\":\"Shop\",\"item\":\"https:\\\/\\\/chemsxpress.com\\\/shop\\\/\"},{\"@type\":\"ListItem\",\"position\":3,\"name\":\"NB-5-MeO-MiPT (oxalate)\"}]},{\"@type\":\"WebSite\",\"@id\":\"https:\\\/\\\/chemsxpress.com\\\/#website\",\"url\":\"https:\\\/\\\/chemsxpress.com\\\/\",\"name\":\"SHOP MDPHP\",\"description\":\"Buy MDPHP freebase from reliable supplier\",\"potentialAction\":[{\"@type\":\"SearchAction\",\"target\":{\"@type\":\"EntryPoint\",\"urlTemplate\":\"https:\\\/\\\/chemsxpress.com\\\/?s={search_term_string}\"},\"query-input\":{\"@type\":\"PropertyValueSpecification\",\"valueRequired\":true,\"valueName\":\"search_term_string\"}}],\"inLanguage\":\"de\"}]}<\/script>\n<!-- \/ Yoast SEO Premium plugin. -->","yoast_head_json":{"title":"NB-5-MeO-MiPT online kaufen: Premium Qualit\u00e4t Rc's | ChemsXpress","description":"NB-5-MeO-MiPT online kaufen bei ChemsXpress. Hochwertige Forschungschemikalien, schneller Versand. Vertrauen Sie auf unsere Qualit\u00e4tssicherung f\u00fcr Ihren gesamten Forschungsbedarf. Jetzt bestellen","robots":{"index":"index","follow":"follow","max-snippet":"max-snippet:-1","max-image-preview":"max-image-preview:large","max-video-preview":"max-video-preview:-1"},"canonical":"https:\/\/chemsxpress.com\/de\/produkt\/nb-5-meo-mipt-kaufen\/","og_locale":"de_DE","og_type":"article","og_title":"NB-5-MeO-MiPT (oxalate)","og_description":"Buy NB-5-MeO-MiPT Online at ChemsXpress. Premium research chemicals, fast shipping. Trust our quality assurance for all your research needs. Order now","og_url":"https:\/\/chemsxpress.com\/de\/produkt\/nb-5-meo-mipt-kaufen\/","og_site_name":"SHOP MDPHP","article_modified_time":"2024-07-04T22:03:38+00:00","og_image":[{"width":600,"height":600,"url":"https:\/\/chemsxpress.com\/wp-content\/uploads\/2024\/04\/NB-5-MeO-MiPT-oxalate.jpg","type":"image\/jpeg"}],"twitter_card":"summary_large_image","twitter_misc":{"Gesch\u00e4tzte Lesezeit":"4\u00a0Minuten"},"schema":{"@context":"https:\/\/schema.org","@graph":[{"@type":"WebPage","@id":"https:\/\/chemsxpress.com\/product\/buy-nb-5-meo-mipt\/","url":"https:\/\/chemsxpress.com\/product\/buy-nb-5-meo-mipt\/","name":"NB-5-MeO-MiPT online kaufen: Premium Qualit\u00e4t Rc's | ChemsXpress","isPartOf":{"@id":"https:\/\/chemsxpress.com\/#website"},"primaryImageOfPage":{"@id":"https:\/\/chemsxpress.com\/product\/buy-nb-5-meo-mipt\/#primaryimage"},"image":{"@id":"https:\/\/chemsxpress.com\/product\/buy-nb-5-meo-mipt\/#primaryimage"},"thumbnailUrl":"https:\/\/chemsxpress.com\/wp-content\/uploads\/2024\/04\/NB-5-MeO-MiPT-oxalate.jpg","datePublished":"2024-04-29T13:19:58+00:00","dateModified":"2024-07-04T22:03:38+00:00","description":"NB-5-MeO-MiPT online kaufen bei ChemsXpress. Hochwertige Forschungschemikalien, schneller Versand. Vertrauen Sie auf unsere Qualit\u00e4tssicherung f\u00fcr Ihren gesamten Forschungsbedarf. Jetzt bestellen","breadcrumb":{"@id":"https:\/\/chemsxpress.com\/product\/buy-nb-5-meo-mipt\/#breadcrumb"},"inLanguage":"de","potentialAction":[{"@type":"ReadAction","target":["https:\/\/chemsxpress.com\/product\/buy-nb-5-meo-mipt\/"]}]},{"@type":"ImageObject","inLanguage":"de","@id":"https:\/\/chemsxpress.com\/product\/buy-nb-5-meo-mipt\/#primaryimage","url":"https:\/\/chemsxpress.com\/wp-content\/uploads\/2024\/04\/NB-5-MeO-MiPT-oxalate.jpg","contentUrl":"https:\/\/chemsxpress.com\/wp-content\/uploads\/2024\/04\/NB-5-MeO-MiPT-oxalate.jpg","width":600,"height":600,"caption":"Buy NB-5-MeO-MiPT"},{"@type":"BreadcrumbList","@id":"https:\/\/chemsxpress.com\/product\/buy-nb-5-meo-mipt\/#breadcrumb","itemListElement":[{"@type":"ListItem","position":1,"name":"Home","item":"https:\/\/chemsxpress.com\/"},{"@type":"ListItem","position":2,"name":"Shop","item":"https:\/\/chemsxpress.com\/shop\/"},{"@type":"ListItem","position":3,"name":"NB-5-MeO-MiPT (oxalate)"}]},{"@type":"WebSite","@id":"https:\/\/chemsxpress.com\/#website","url":"https:\/\/chemsxpress.com\/","name":"MDPHP EINKAUFEN","description":"MDPHP freebase von einem zuverl\u00e4ssigen Anbieter kaufen","potentialAction":[{"@type":"SearchAction","target":{"@type":"EntryPoint","urlTemplate":"https:\/\/chemsxpress.com\/?s={search_term_string}"},"query-input":{"@type":"PropertyValueSpecification","valueRequired":true,"valueName":"search_term_string"}}],"inLanguage":"de"}]}},"jetpack_sharing_enabled":true,"_links":{"self":[{"href":"https:\/\/chemsxpress.com\/de\/wp-json\/wp\/v2\/product\/28977","targetHints":{"allow":["GET"]}}],"collection":[{"href":"https:\/\/chemsxpress.com\/de\/wp-json\/wp\/v2\/product"}],"about":[{"href":"https:\/\/chemsxpress.com\/de\/wp-json\/wp\/v2\/types\/product"}],"replies":[{"embeddable":true,"href":"https:\/\/chemsxpress.com\/de\/wp-json\/wp\/v2\/comments?post=28977"}],"version-history":[{"count":4,"href":"https:\/\/chemsxpress.com\/de\/wp-json\/wp\/v2\/product\/28977\/revisions"}],"predecessor-version":[{"id":30003,"href":"https:\/\/chemsxpress.com\/de\/wp-json\/wp\/v2\/product\/28977\/revisions\/30003"}],"wp:featuredmedia":[{"embeddable":true,"href":"https:\/\/chemsxpress.com\/de\/wp-json\/wp\/v2\/media\/29046"}],"wp:attachment":[{"href":"https:\/\/chemsxpress.com\/de\/wp-json\/wp\/v2\/media?parent=28977"}],"wp:term":[{"taxonomy":"product_brand","embeddable":true,"href":"https:\/\/chemsxpress.com\/de\/wp-json\/wp\/v2\/product_brand?post=28977"},{"taxonomy":"product_cat","embeddable":true,"href":"https:\/\/chemsxpress.com\/de\/wp-json\/wp\/v2\/product_cat?post=28977"},{"taxonomy":"product_tag","embeddable":true,"href":"https:\/\/chemsxpress.com\/de\/wp-json\/wp\/v2\/product_tag?post=28977"}],"curies":[{"name":"wp","href":"https:\/\/api.w.org\/{rel}","templated":true}]}}