{"id":28979,"date":"2024-04-29T13:19:58","date_gmt":"2024-04-29T13:19:58","guid":{"rendered":"https:\/\/chemsxpress.com\/?post_type=product&#038;p=28979"},"modified":"2024-07-04T22:04:09","modified_gmt":"2024-07-04T22:04:09","slug":"5-cl-amt-kaufen","status":"publish","type":"product","link":"https:\/\/chemsxpress.com\/de\/produkt\/5-cl-amt-kaufen\/","title":{"rendered":"5-cl-AMT"},"content":{"rendered":"<h1>5-Cl-AMT kaufen<\/h1>\n<p>Kaufen Sie 5-Cl-AMT, eine Forschungschemikalie mit potenziell psychedelischen Eigenschaften. 5-Cl-AMT oder 5-Chlor-alpha-Methyltryptamin geh\u00f6rt zur Klasse der Tryptamine und weist strukturelle \u00c4hnlichkeiten mit anderen Psychedelika wie alpha-Methyltryptamin (AMT) auf.<\/p>\n<p>Unser 5-Cl-AMT wird mit fortschrittlichen Techniken synthetisiert und strengen Tests unterzogen, um Reinheit und Wirksamkeit zu gew\u00e4hrleisten. Forscher k\u00f6nnen darauf vertrauen, dass ChemsXpress hochwertiges 5-Cl-AMT f\u00fcr ihre wissenschaftlichen Untersuchungen liefert.<\/p>\n<p>Die genauen pharmakologischen Wirkungen von 5-Cl-AMT sind zwar noch nicht vollst\u00e4ndig gekl\u00e4rt, vorl\u00e4ufige Forschungsergebnisse deuten jedoch darauf hin, dass es \u00e4hnlich wie andere Tryptamine psychedelische Erfahrungen hervorrufen kann. Zu diesen Wirkungen k\u00f6nnen Ver\u00e4nderungen der Wahrnehmung, der Stimmung und des Bewusstseins geh\u00f6ren. Es ist jedoch wichtig, darauf hinzuweisen, dass die Wirkungen und das Sicherheitsprofil von 5-Cl-AMT noch nicht umfassend am Menschen untersucht wurden.<\/p>\n<p>Wie bei allen <a href=\"https:\/\/chemsxpress.com\/de\/produktkategorie\/forschungschemikalien\/\">Forschungschemikalien<\/a>Die verantwortungsvolle Verwendung und die Einhaltung von Sicherheitsprotokollen sind von gr\u00f6\u00dfter Bedeutung. 5-Cl-AMT ist zwar ein vielversprechendes Forschungsinstrument, seine Verwendung f\u00fcr den menschlichen Verzehr ist jedoch von den Aufsichtsbeh\u00f6rden nicht zugelassen. Forscher sollten ihre Studien mit Sorgfalt durchf\u00fchren und sich an strenge Sicherheitsprotokolle und gesetzliche Vorschriften halten.<\/p>\n<h2>Wo kann man 5-Cl-AMT kaufen?<\/h2>\n<p><a href=\"https:\/\/chemsxpress.com\/de\/\">ChemsXpress<\/a> hat es sich zur Aufgabe gemacht, wissenschaftliche Forschung und Innovation zu unterst\u00fctzen, indem wir Forschern Zugang zu erstklassigen Forschungschemikalien bieten. Entdecken Sie unseren umfangreichen Katalog an Forschungschemikalien, einschlie\u00dflich 5-Cl-AMT, und begeben Sie sich mit Zuversicht und Vertrauen in ChemsXpress auf Ihre wissenschaftliche Reise.<\/p>\n<p>Buy 5-cl-AMT ist eine Forschungschemikalie, was bedeutet, dass es sich um eine unbekannte Substanz handelt, die unbekannte Folgen haben kann, wenn sie erforscht wird.<\/p>\n<ul>\n<li>Forschungschemikalien k\u00f6nnen Reizungen der Atemwege verursachen.<\/li>\n<li>Forschungschemikalien k\u00f6nnen Augenreizungen verursachen.<\/li>\n<li>Forschungschemikalien sind nicht f\u00fcr den menschlichen, tierischen oder sonstigen Verzehr bestimmt.<\/li>\n<li>Forschungschemikalien d\u00fcrfen nicht in die Kanalisation gesch\u00fcttet oder unsachgem\u00e4\u00df entsorgt werden.<\/li>\n<\/ul>","protected":false},"excerpt":{"rendered":"<p><strong>IUPAC-Name: <\/strong>tert-Butyl-3-(2-(diallylamino)ethyl)-5-methoxy-1H-indol-1-carboxylat oxalat<\/p>\n<p><strong>Erscheinungsbild: <\/strong>Pulver<\/p>\n<p><strong>Form: <\/strong>Oxalat<\/p>","protected":false},"featured_media":29066,"comment_status":"open","ping_status":"closed","template":"","meta":[],"product_brand":[],"product_cat":[92],"product_tag":[],"class_list":{"0":"post-28979","1":"product","2":"type-product","3":"status-publish","4":"has-post-thumbnail","6":"product_cat-tryptamines","8":"first","9":"instock","10":"shipping-taxable","11":"purchasable","12":"product-type-variable"},"yoast_head":"<!-- This site is optimized with the Yoast SEO Premium plugin v24.1 (Yoast SEO v27.3) - https:\/\/yoast.com\/product\/yoast-seo-premium-wordpress\/ -->\n<title>Buy 5-Cl-AMT Online: Premium Quality RC&#039;s | ChemsXpress<\/title>\n<meta name=\"description\" content=\"Explore 5-Cl-AMT at ChemsXpress. Premium research chemicals, fast shipping. Trust our quality assurance for all your research needs. Order now\" \/>\n<meta name=\"robots\" content=\"index, follow, max-snippet:-1, max-image-preview:large, max-video-preview:-1\" \/>\n<link rel=\"canonical\" href=\"https:\/\/chemsxpress.com\/de\/produkt\/5-cl-amt-kaufen\/\" \/>\n<meta property=\"og:locale\" content=\"de_DE\" \/>\n<meta property=\"og:type\" content=\"article\" \/>\n<meta property=\"og:title\" content=\"5-cl-AMT\" \/>\n<meta property=\"og:description\" content=\"Explore 5-Cl-AMT at ChemsXpress. Premium research chemicals, fast shipping. Trust our quality assurance for all your research needs. Order now\" \/>\n<meta property=\"og:url\" content=\"https:\/\/chemsxpress.com\/de\/produkt\/5-cl-amt-kaufen\/\" \/>\n<meta property=\"og:site_name\" content=\"SHOP MDPHP\" \/>\n<meta property=\"article:modified_time\" content=\"2024-07-04T22:04:09+00:00\" \/>\n<meta property=\"og:image\" content=\"https:\/\/chemsxpress.com\/wp-content\/uploads\/2024\/04\/5-cl-AMT.jpg\" \/>\n\t<meta property=\"og:image:width\" content=\"600\" \/>\n\t<meta property=\"og:image:height\" content=\"600\" \/>\n\t<meta property=\"og:image:type\" content=\"image\/jpeg\" \/>\n<meta name=\"twitter:card\" content=\"summary_large_image\" \/>\n<meta name=\"twitter:label1\" content=\"Gesch\u00e4tzte Lesezeit\" \/>\n\t<meta name=\"twitter:data1\" content=\"2\u00a0Minuten\" \/>\n<script type=\"application\/ld+json\" class=\"yoast-schema-graph\">{\"@context\":\"https:\\\/\\\/schema.org\",\"@graph\":[{\"@type\":\"WebPage\",\"@id\":\"https:\\\/\\\/chemsxpress.com\\\/product\\\/buy-5-cl-amt\\\/\",\"url\":\"https:\\\/\\\/chemsxpress.com\\\/product\\\/buy-5-cl-amt\\\/\",\"name\":\"Buy 5-Cl-AMT Online: Premium Quality RC's | ChemsXpress\",\"isPartOf\":{\"@id\":\"https:\\\/\\\/chemsxpress.com\\\/#website\"},\"primaryImageOfPage\":{\"@id\":\"https:\\\/\\\/chemsxpress.com\\\/product\\\/buy-5-cl-amt\\\/#primaryimage\"},\"image\":{\"@id\":\"https:\\\/\\\/chemsxpress.com\\\/product\\\/buy-5-cl-amt\\\/#primaryimage\"},\"thumbnailUrl\":\"https:\\\/\\\/chemsxpress.com\\\/wp-content\\\/uploads\\\/2024\\\/04\\\/5-cl-AMT.jpg\",\"datePublished\":\"2024-04-29T13:19:58+00:00\",\"dateModified\":\"2024-07-04T22:04:09+00:00\",\"description\":\"Explore 5-Cl-AMT at ChemsXpress. Premium research chemicals, fast shipping. Trust our quality assurance for all your research needs. Order now\",\"breadcrumb\":{\"@id\":\"https:\\\/\\\/chemsxpress.com\\\/product\\\/buy-5-cl-amt\\\/#breadcrumb\"},\"inLanguage\":\"de\",\"potentialAction\":[{\"@type\":\"ReadAction\",\"target\":[\"https:\\\/\\\/chemsxpress.com\\\/product\\\/buy-5-cl-amt\\\/\"]}]},{\"@type\":\"ImageObject\",\"inLanguage\":\"de\",\"@id\":\"https:\\\/\\\/chemsxpress.com\\\/product\\\/buy-5-cl-amt\\\/#primaryimage\",\"url\":\"https:\\\/\\\/chemsxpress.com\\\/wp-content\\\/uploads\\\/2024\\\/04\\\/5-cl-AMT.jpg\",\"contentUrl\":\"https:\\\/\\\/chemsxpress.com\\\/wp-content\\\/uploads\\\/2024\\\/04\\\/5-cl-AMT.jpg\",\"width\":600,\"height\":600,\"caption\":\"Buy 5-cl-AMT\"},{\"@type\":\"BreadcrumbList\",\"@id\":\"https:\\\/\\\/chemsxpress.com\\\/product\\\/buy-5-cl-amt\\\/#breadcrumb\",\"itemListElement\":[{\"@type\":\"ListItem\",\"position\":1,\"name\":\"Home\",\"item\":\"https:\\\/\\\/chemsxpress.com\\\/\"},{\"@type\":\"ListItem\",\"position\":2,\"name\":\"Shop\",\"item\":\"https:\\\/\\\/chemsxpress.com\\\/shop\\\/\"},{\"@type\":\"ListItem\",\"position\":3,\"name\":\"5-cl-AMT\"}]},{\"@type\":\"WebSite\",\"@id\":\"https:\\\/\\\/chemsxpress.com\\\/#website\",\"url\":\"https:\\\/\\\/chemsxpress.com\\\/\",\"name\":\"SHOP MDPHP\",\"description\":\"Buy MDPHP freebase from reliable supplier\",\"potentialAction\":[{\"@type\":\"SearchAction\",\"target\":{\"@type\":\"EntryPoint\",\"urlTemplate\":\"https:\\\/\\\/chemsxpress.com\\\/?s={search_term_string}\"},\"query-input\":{\"@type\":\"PropertyValueSpecification\",\"valueRequired\":true,\"valueName\":\"search_term_string\"}}],\"inLanguage\":\"de\"}]}<\/script>\n<!-- \/ Yoast SEO Premium plugin. -->","yoast_head_json":{"title":"5-Cl-AMT online kaufen: Premium Qualit\u00e4t RC's | ChemsXpress","description":"Entdecken Sie 5-Cl-AMT bei ChemsXpress. Hochwertige Forschungschemikalien, schneller Versand. Vertrauen Sie unserer Qualit\u00e4tssicherung f\u00fcr Ihren gesamten Forschungsbedarf. Jetzt bestellen","robots":{"index":"index","follow":"follow","max-snippet":"max-snippet:-1","max-image-preview":"max-image-preview:large","max-video-preview":"max-video-preview:-1"},"canonical":"https:\/\/chemsxpress.com\/de\/produkt\/5-cl-amt-kaufen\/","og_locale":"de_DE","og_type":"article","og_title":"5-cl-AMT","og_description":"Explore 5-Cl-AMT at ChemsXpress. Premium research chemicals, fast shipping. Trust our quality assurance for all your research needs. Order now","og_url":"https:\/\/chemsxpress.com\/de\/produkt\/5-cl-amt-kaufen\/","og_site_name":"SHOP MDPHP","article_modified_time":"2024-07-04T22:04:09+00:00","og_image":[{"width":600,"height":600,"url":"https:\/\/chemsxpress.com\/wp-content\/uploads\/2024\/04\/5-cl-AMT.jpg","type":"image\/jpeg"}],"twitter_card":"summary_large_image","twitter_misc":{"Gesch\u00e4tzte Lesezeit":"2\u00a0Minuten"},"schema":{"@context":"https:\/\/schema.org","@graph":[{"@type":"WebPage","@id":"https:\/\/chemsxpress.com\/product\/buy-5-cl-amt\/","url":"https:\/\/chemsxpress.com\/product\/buy-5-cl-amt\/","name":"5-Cl-AMT online kaufen: Premium Qualit\u00e4t RC's | ChemsXpress","isPartOf":{"@id":"https:\/\/chemsxpress.com\/#website"},"primaryImageOfPage":{"@id":"https:\/\/chemsxpress.com\/product\/buy-5-cl-amt\/#primaryimage"},"image":{"@id":"https:\/\/chemsxpress.com\/product\/buy-5-cl-amt\/#primaryimage"},"thumbnailUrl":"https:\/\/chemsxpress.com\/wp-content\/uploads\/2024\/04\/5-cl-AMT.jpg","datePublished":"2024-04-29T13:19:58+00:00","dateModified":"2024-07-04T22:04:09+00:00","description":"Entdecken Sie 5-Cl-AMT bei ChemsXpress. Hochwertige Forschungschemikalien, schneller Versand. Vertrauen Sie unserer Qualit\u00e4tssicherung f\u00fcr Ihren gesamten Forschungsbedarf. Jetzt bestellen","breadcrumb":{"@id":"https:\/\/chemsxpress.com\/product\/buy-5-cl-amt\/#breadcrumb"},"inLanguage":"de","potentialAction":[{"@type":"ReadAction","target":["https:\/\/chemsxpress.com\/product\/buy-5-cl-amt\/"]}]},{"@type":"ImageObject","inLanguage":"de","@id":"https:\/\/chemsxpress.com\/product\/buy-5-cl-amt\/#primaryimage","url":"https:\/\/chemsxpress.com\/wp-content\/uploads\/2024\/04\/5-cl-AMT.jpg","contentUrl":"https:\/\/chemsxpress.com\/wp-content\/uploads\/2024\/04\/5-cl-AMT.jpg","width":600,"height":600,"caption":"Buy 5-cl-AMT"},{"@type":"BreadcrumbList","@id":"https:\/\/chemsxpress.com\/product\/buy-5-cl-amt\/#breadcrumb","itemListElement":[{"@type":"ListItem","position":1,"name":"Home","item":"https:\/\/chemsxpress.com\/"},{"@type":"ListItem","position":2,"name":"Shop","item":"https:\/\/chemsxpress.com\/shop\/"},{"@type":"ListItem","position":3,"name":"5-cl-AMT"}]},{"@type":"WebSite","@id":"https:\/\/chemsxpress.com\/#website","url":"https:\/\/chemsxpress.com\/","name":"MDPHP EINKAUFEN","description":"MDPHP freebase von einem zuverl\u00e4ssigen Anbieter kaufen","potentialAction":[{"@type":"SearchAction","target":{"@type":"EntryPoint","urlTemplate":"https:\/\/chemsxpress.com\/?s={search_term_string}"},"query-input":{"@type":"PropertyValueSpecification","valueRequired":true,"valueName":"search_term_string"}}],"inLanguage":"de"}]}},"jetpack_sharing_enabled":true,"_links":{"self":[{"href":"https:\/\/chemsxpress.com\/de\/wp-json\/wp\/v2\/product\/28979","targetHints":{"allow":["GET"]}}],"collection":[{"href":"https:\/\/chemsxpress.com\/de\/wp-json\/wp\/v2\/product"}],"about":[{"href":"https:\/\/chemsxpress.com\/de\/wp-json\/wp\/v2\/types\/product"}],"replies":[{"embeddable":true,"href":"https:\/\/chemsxpress.com\/de\/wp-json\/wp\/v2\/comments?post=28979"}],"version-history":[{"count":4,"href":"https:\/\/chemsxpress.com\/de\/wp-json\/wp\/v2\/product\/28979\/revisions"}],"predecessor-version":[{"id":30004,"href":"https:\/\/chemsxpress.com\/de\/wp-json\/wp\/v2\/product\/28979\/revisions\/30004"}],"wp:featuredmedia":[{"embeddable":true,"href":"https:\/\/chemsxpress.com\/de\/wp-json\/wp\/v2\/media\/29066"}],"wp:attachment":[{"href":"https:\/\/chemsxpress.com\/de\/wp-json\/wp\/v2\/media?parent=28979"}],"wp:term":[{"taxonomy":"product_brand","embeddable":true,"href":"https:\/\/chemsxpress.com\/de\/wp-json\/wp\/v2\/product_brand?post=28979"},{"taxonomy":"product_cat","embeddable":true,"href":"https:\/\/chemsxpress.com\/de\/wp-json\/wp\/v2\/product_cat?post=28979"},{"taxonomy":"product_tag","embeddable":true,"href":"https:\/\/chemsxpress.com\/de\/wp-json\/wp\/v2\/product_tag?post=28979"}],"curies":[{"name":"wp","href":"https:\/\/api.w.org\/{rel}","templated":true}]}}