{"id":28981,"date":"2024-04-29T13:19:58","date_gmt":"2024-04-29T13:19:58","guid":{"rendered":"https:\/\/chemsxpress.com\/?post_type=product&#038;p=28981"},"modified":"2025-05-24T16:20:03","modified_gmt":"2025-05-24T16:20:03","slug":"5-meo-dmt-online-kaufen","status":"publish","type":"product","link":"https:\/\/chemsxpress.com\/de\/produkt\/5-meo-dmt-online-kaufen\/","title":{"rendered":"5-CL-DMT .FUMARAT"},"content":{"rendered":"<h2><strong>5-MEO-DMT ONLINE KAUFEN<\/strong><\/h2>\n<p>5-MeO-DMT online kaufen, auch bekannt als 5-Methoxy-N, N-dimethyltryptamin, ist ein nat\u00fcrlich vorkommendes Psychedelikum der Tryptaminklasse. 5-MeO-DMT weist strukturelle \u00c4hnlichkeiten mit N, N-Dimethyltryptamin (DMT) auf, jedoch haben Studien chemische Eigenschaften gezeigt, die einer h\u00f6heren Potenz als die besser bekannte Verbindung \u00e4hneln k\u00f6nnten. Es ist in einer Vielzahl von Pflanzenarten und im Gift einiger psychoaktiver Krankheitserreger wie Bufo Alvaris enthalten.<\/p>\n<p>5-MeO-DMT findet sich im milchig-wei\u00dfen Gift der Colorado River Kr\u00f6te. S\u00fcdamerikanische Schamanen haben das Kr\u00f6tengift seit Tausenden von Jahren verwendet. Heute werden sowohl die Extrakte des Kr\u00f6tengifts als auch die synthetische Pulverform untersucht. Seine Synthese und seine Wirkungen wurden erstmals 1997 in Alexander Shulgins Buch TiHKAL (\"Tryptamine, die ich kannte und liebte\") dokumentiert. J\u00fcngste Studien haben gezeigt, dass es in der Forschung mystische Wirkungen entfalten kann und in den letzten Jahren an Popularit\u00e4t gewonnen hat.<\/p>\n<p>&nbsp;<\/p>\n<h2><strong>WIE VERWENDET MAN 5-MEO-DMT?<\/strong><\/h2>\n<p>Bei Realchems k\u00f6nnen Sie 5-MeO-DMT in h\u00f6chster Qualit\u00e4t als Freebase und Hydrochlorid kaufen. Wir haben 5-MeO-DMT in Mengen von 5gr, 10gr und als Bulkware verf\u00fcgbar. Achten Sie darauf, 5-MeO-DMT an einem trockenen und k\u00fchlen Ort zu lagern, um eine maximale Haltbarkeit zu gew\u00e4hrleisten. Achten Sie beim Umgang mit Forschungschemikalien darauf, dass Sie im Labor immer die entsprechenden Vorsichtsma\u00dfnahmen treffen, wie das Abwischen von Oberfl\u00e4chen und das Tragen von Handschuhen, einer Maske und Schutzkleidung. Bei 5-MeO-DMT ist wegen seiner hohen Potenz besondere Vorsicht geboten.<\/p>\n<p>&nbsp;<\/p>\n<h2><strong>DEFINITION 5-MEO-DMT<\/strong><\/h2>\n<p>Die Definition von 5-MeO-DMT Online kaufen ist offiziell als 5-Methoxy-N, N-dimethyltryptamin bekannt. 5-MeO-DMT ist ein nat\u00fcrlich vorkommendes, aber sehr starkes Psychedelikum aus der Tryptaminklasse. Es gilt sogar als das st\u00e4rkste Psychedelikum in der Geschichte der chemischen Forschung.<\/p>\n<p>&nbsp;<\/p>\n<h2><strong>CHEMIE HINTERGRUNDINFORMATIONEN 5-MEO-DMT<\/strong><\/h2>\n<p>Die Forschung zeigt, dass 5-MeO-DMT seine Wirkung<a href=\"https:\/\/chemsxpress.com\/de\/produktkategorie\/forschungschemikalien\/\"> Ergebnisse<\/a> durch Bindung an Serotoninrezeptoren, obwohl der genaue Mechanismus unbekannt ist. 5-Methoxy-N,N-dimethyltryptamin ist ein ring-substituiertes Indolalkaloid-Tryptamin und besteht im Kern aus einem bicyclischen Indol-Heterocyclus, der \u00fcber eine Ethyl-Seitenkette an R3 mit einer endst\u00e4ndigen Aminogruppe verbunden ist. Es wird angenommen, dass 5-MeO-DMT sehr stark ist. Forschungen deuten darauf hin, dass diese Substanz in diesem Labor wahrscheinlich gro\u00dfe und dramatische Ergebnisse erzielen wird. Es wird daher dringend empfohlen, bei der Erforschung dieser Substanz Praktiken zur Schadensbegrenzung anzuwenden.<\/p>\n<p>&nbsp;<\/p>\n<h2><strong>WO KAUFT man 5-MEO-DMT online?<\/strong><\/h2>\n<p>5-MeO-DMT kann hier gekauft werden auf der <a href=\"https:\/\/chemsxpress.com\/de\/\">ChemsXpress<\/a>\u00a0Website. Wir verkaufen 5-MeO-DMT in Premiumqualit\u00e4t, in der Regel als Pulver. Wir haben jedoch oft auch andere Substanzformen verf\u00fcgbar, also z\u00f6gern Sie nicht, uns zu kontaktieren, um zu sehen, ob wir Ihre bevorzugte Substanzform auf Lager haben. Sie m\u00fcssen mindestens 18 Jahre alt sein, um 5-MeO-DMT bei uns zu kaufen.<\/p>","protected":false},"excerpt":{"rendered":"<p><strong>IUPAC-Name: <\/strong>2-(5-Chlor-1H-indol-3-yl)-N,N-dimethylethan-1-amin Synonyme: 5-CL-N,N-dimethyltryptamin<\/p>\n<p><strong>Form: <\/strong>Pulver<\/p>\n<p><strong>NMR-Analyse: <\/strong>C12H15ClN2<\/p>","protected":false},"featured_media":29070,"comment_status":"open","ping_status":"closed","template":"","meta":[],"product_brand":[],"product_cat":[92],"product_tag":[],"class_list":{"0":"post-28981","1":"product","2":"type-product","3":"status-publish","4":"has-post-thumbnail","6":"product_cat-tryptamines","8":"first","9":"instock","10":"shipping-taxable","11":"purchasable","12":"product-type-variable"},"yoast_head":"<!-- This site is optimized with the Yoast SEO Premium plugin v24.1 (Yoast SEO v27.4) - https:\/\/yoast.com\/product\/yoast-seo-premium-wordpress\/ -->\n<title>Buy 5-MEO-DMT Online: Premium Quality RC&#039;s | ChemsXpress<\/title>\n<meta name=\"description\" content=\"Buy 5-MEO-DMT online at ChemsXpress. Premium research chemicals, fast shipping. Trust our quality assurance for all your research needs. Order now\" \/>\n<meta name=\"robots\" content=\"index, follow, max-snippet:-1, max-image-preview:large, max-video-preview:-1\" \/>\n<link rel=\"canonical\" href=\"https:\/\/chemsxpress.com\/de\/produkt\/5-meo-dmt-online-kaufen\/\" \/>\n<meta property=\"og:locale\" content=\"de_DE\" \/>\n<meta property=\"og:type\" content=\"article\" \/>\n<meta property=\"og:title\" content=\"5-CL-DMT .FUMARATE\" \/>\n<meta property=\"og:description\" content=\"Buy 5-MEO-DMT online at ChemsXpress. Premium research chemicals, fast shipping. Trust our quality assurance for all your research needs. Order now\" \/>\n<meta property=\"og:url\" content=\"https:\/\/chemsxpress.com\/de\/produkt\/5-meo-dmt-online-kaufen\/\" \/>\n<meta property=\"og:site_name\" content=\"SHOP MDPHP\" \/>\n<meta property=\"article:modified_time\" content=\"2025-05-24T16:20:03+00:00\" \/>\n<meta property=\"og:image\" content=\"https:\/\/chemsxpress.com\/wp-content\/uploads\/2024\/04\/5-CL-DMT-.FUMARATE.jpg\" \/>\n\t<meta property=\"og:image:width\" content=\"600\" \/>\n\t<meta property=\"og:image:height\" content=\"600\" \/>\n\t<meta property=\"og:image:type\" content=\"image\/jpeg\" \/>\n<meta name=\"twitter:card\" content=\"summary_large_image\" \/>\n<meta name=\"twitter:label1\" content=\"Gesch\u00e4tzte Lesezeit\" \/>\n\t<meta name=\"twitter:data1\" content=\"3\u00a0Minuten\" \/>\n<script type=\"application\/ld+json\" class=\"yoast-schema-graph\">{\"@context\":\"https:\\\/\\\/schema.org\",\"@graph\":[{\"@type\":\"WebPage\",\"@id\":\"https:\\\/\\\/chemsxpress.com\\\/product\\\/buy-5-meo-dmt-online\\\/\",\"url\":\"https:\\\/\\\/chemsxpress.com\\\/product\\\/buy-5-meo-dmt-online\\\/\",\"name\":\"Buy 5-MEO-DMT Online: Premium Quality RC's | ChemsXpress\",\"isPartOf\":{\"@id\":\"https:\\\/\\\/chemsxpress.com\\\/#website\"},\"primaryImageOfPage\":{\"@id\":\"https:\\\/\\\/chemsxpress.com\\\/product\\\/buy-5-meo-dmt-online\\\/#primaryimage\"},\"image\":{\"@id\":\"https:\\\/\\\/chemsxpress.com\\\/product\\\/buy-5-meo-dmt-online\\\/#primaryimage\"},\"thumbnailUrl\":\"https:\\\/\\\/chemsxpress.com\\\/wp-content\\\/uploads\\\/2024\\\/04\\\/5-CL-DMT-.FUMARATE.jpg\",\"datePublished\":\"2024-04-29T13:19:58+00:00\",\"dateModified\":\"2025-05-24T16:20:03+00:00\",\"description\":\"Buy 5-MEO-DMT online at ChemsXpress. Premium research chemicals, fast shipping. Trust our quality assurance for all your research needs. Order now\",\"breadcrumb\":{\"@id\":\"https:\\\/\\\/chemsxpress.com\\\/product\\\/buy-5-meo-dmt-online\\\/#breadcrumb\"},\"inLanguage\":\"de\",\"potentialAction\":[{\"@type\":\"ReadAction\",\"target\":[\"https:\\\/\\\/chemsxpress.com\\\/product\\\/buy-5-meo-dmt-online\\\/\"]}]},{\"@type\":\"ImageObject\",\"inLanguage\":\"de\",\"@id\":\"https:\\\/\\\/chemsxpress.com\\\/product\\\/buy-5-meo-dmt-online\\\/#primaryimage\",\"url\":\"https:\\\/\\\/chemsxpress.com\\\/wp-content\\\/uploads\\\/2024\\\/04\\\/5-CL-DMT-.FUMARATE.jpg\",\"contentUrl\":\"https:\\\/\\\/chemsxpress.com\\\/wp-content\\\/uploads\\\/2024\\\/04\\\/5-CL-DMT-.FUMARATE.jpg\",\"width\":600,\"height\":600,\"caption\":\"BUY 5-MEO-DMT Online\"},{\"@type\":\"BreadcrumbList\",\"@id\":\"https:\\\/\\\/chemsxpress.com\\\/product\\\/buy-5-meo-dmt-online\\\/#breadcrumb\",\"itemListElement\":[{\"@type\":\"ListItem\",\"position\":1,\"name\":\"Home\",\"item\":\"https:\\\/\\\/chemsxpress.com\\\/\"},{\"@type\":\"ListItem\",\"position\":2,\"name\":\"Shop\",\"item\":\"https:\\\/\\\/chemsxpress.com\\\/shop\\\/\"},{\"@type\":\"ListItem\",\"position\":3,\"name\":\"5-CL-DMT .FUMARATE\"}]},{\"@type\":\"WebSite\",\"@id\":\"https:\\\/\\\/chemsxpress.com\\\/#website\",\"url\":\"https:\\\/\\\/chemsxpress.com\\\/\",\"name\":\"SHOP MDPHP\",\"description\":\"Buy MDPHP freebase from reliable supplier\",\"potentialAction\":[{\"@type\":\"SearchAction\",\"target\":{\"@type\":\"EntryPoint\",\"urlTemplate\":\"https:\\\/\\\/chemsxpress.com\\\/?s={search_term_string}\"},\"query-input\":{\"@type\":\"PropertyValueSpecification\",\"valueRequired\":true,\"valueName\":\"search_term_string\"}}],\"inLanguage\":\"de\"}]}<\/script>\n<!-- \/ Yoast SEO Premium plugin. -->","yoast_head_json":{"title":"5-MEO-DMT online kaufen: Premium Qualit\u00e4t RC's | ChemsXpress","description":"5-MEO-DMT online kaufen bei ChemsXpress. Hochwertige Forschungschemikalien, schneller Versand. Vertrauen Sie unserer Qualit\u00e4tssicherung f\u00fcr Ihren gesamten Forschungsbedarf. Jetzt bestellen","robots":{"index":"index","follow":"follow","max-snippet":"max-snippet:-1","max-image-preview":"max-image-preview:large","max-video-preview":"max-video-preview:-1"},"canonical":"https:\/\/chemsxpress.com\/de\/produkt\/5-meo-dmt-online-kaufen\/","og_locale":"de_DE","og_type":"article","og_title":"5-CL-DMT .FUMARATE","og_description":"Buy 5-MEO-DMT online at ChemsXpress. Premium research chemicals, fast shipping. Trust our quality assurance for all your research needs. Order now","og_url":"https:\/\/chemsxpress.com\/de\/produkt\/5-meo-dmt-online-kaufen\/","og_site_name":"SHOP MDPHP","article_modified_time":"2025-05-24T16:20:03+00:00","og_image":[{"width":600,"height":600,"url":"https:\/\/chemsxpress.com\/wp-content\/uploads\/2024\/04\/5-CL-DMT-.FUMARATE.jpg","type":"image\/jpeg"}],"twitter_card":"summary_large_image","twitter_misc":{"Gesch\u00e4tzte Lesezeit":"3\u00a0Minuten"},"schema":{"@context":"https:\/\/schema.org","@graph":[{"@type":"WebPage","@id":"https:\/\/chemsxpress.com\/product\/buy-5-meo-dmt-online\/","url":"https:\/\/chemsxpress.com\/product\/buy-5-meo-dmt-online\/","name":"5-MEO-DMT online kaufen: Premium Qualit\u00e4t RC's | ChemsXpress","isPartOf":{"@id":"https:\/\/chemsxpress.com\/#website"},"primaryImageOfPage":{"@id":"https:\/\/chemsxpress.com\/product\/buy-5-meo-dmt-online\/#primaryimage"},"image":{"@id":"https:\/\/chemsxpress.com\/product\/buy-5-meo-dmt-online\/#primaryimage"},"thumbnailUrl":"https:\/\/chemsxpress.com\/wp-content\/uploads\/2024\/04\/5-CL-DMT-.FUMARATE.jpg","datePublished":"2024-04-29T13:19:58+00:00","dateModified":"2025-05-24T16:20:03+00:00","description":"5-MEO-DMT online kaufen bei ChemsXpress. Hochwertige Forschungschemikalien, schneller Versand. Vertrauen Sie unserer Qualit\u00e4tssicherung f\u00fcr Ihren gesamten Forschungsbedarf. Jetzt bestellen","breadcrumb":{"@id":"https:\/\/chemsxpress.com\/product\/buy-5-meo-dmt-online\/#breadcrumb"},"inLanguage":"de","potentialAction":[{"@type":"ReadAction","target":["https:\/\/chemsxpress.com\/product\/buy-5-meo-dmt-online\/"]}]},{"@type":"ImageObject","inLanguage":"de","@id":"https:\/\/chemsxpress.com\/product\/buy-5-meo-dmt-online\/#primaryimage","url":"https:\/\/chemsxpress.com\/wp-content\/uploads\/2024\/04\/5-CL-DMT-.FUMARATE.jpg","contentUrl":"https:\/\/chemsxpress.com\/wp-content\/uploads\/2024\/04\/5-CL-DMT-.FUMARATE.jpg","width":600,"height":600,"caption":"BUY 5-MEO-DMT Online"},{"@type":"BreadcrumbList","@id":"https:\/\/chemsxpress.com\/product\/buy-5-meo-dmt-online\/#breadcrumb","itemListElement":[{"@type":"ListItem","position":1,"name":"Home","item":"https:\/\/chemsxpress.com\/"},{"@type":"ListItem","position":2,"name":"Shop","item":"https:\/\/chemsxpress.com\/shop\/"},{"@type":"ListItem","position":3,"name":"5-CL-DMT .FUMARATE"}]},{"@type":"WebSite","@id":"https:\/\/chemsxpress.com\/#website","url":"https:\/\/chemsxpress.com\/","name":"MDPHP EINKAUFEN","description":"MDPHP freebase von einem zuverl\u00e4ssigen Anbieter kaufen","potentialAction":[{"@type":"SearchAction","target":{"@type":"EntryPoint","urlTemplate":"https:\/\/chemsxpress.com\/?s={search_term_string}"},"query-input":{"@type":"PropertyValueSpecification","valueRequired":true,"valueName":"search_term_string"}}],"inLanguage":"de"}]}},"jetpack_sharing_enabled":true,"_links":{"self":[{"href":"https:\/\/chemsxpress.com\/de\/wp-json\/wp\/v2\/product\/28981","targetHints":{"allow":["GET"]}}],"collection":[{"href":"https:\/\/chemsxpress.com\/de\/wp-json\/wp\/v2\/product"}],"about":[{"href":"https:\/\/chemsxpress.com\/de\/wp-json\/wp\/v2\/types\/product"}],"replies":[{"embeddable":true,"href":"https:\/\/chemsxpress.com\/de\/wp-json\/wp\/v2\/comments?post=28981"}],"version-history":[{"count":4,"href":"https:\/\/chemsxpress.com\/de\/wp-json\/wp\/v2\/product\/28981\/revisions"}],"predecessor-version":[{"id":30005,"href":"https:\/\/chemsxpress.com\/de\/wp-json\/wp\/v2\/product\/28981\/revisions\/30005"}],"wp:featuredmedia":[{"embeddable":true,"href":"https:\/\/chemsxpress.com\/de\/wp-json\/wp\/v2\/media\/29070"}],"wp:attachment":[{"href":"https:\/\/chemsxpress.com\/de\/wp-json\/wp\/v2\/media?parent=28981"}],"wp:term":[{"taxonomy":"product_brand","embeddable":true,"href":"https:\/\/chemsxpress.com\/de\/wp-json\/wp\/v2\/product_brand?post=28981"},{"taxonomy":"product_cat","embeddable":true,"href":"https:\/\/chemsxpress.com\/de\/wp-json\/wp\/v2\/product_cat?post=28981"},{"taxonomy":"product_tag","embeddable":true,"href":"https:\/\/chemsxpress.com\/de\/wp-json\/wp\/v2\/product_tag?post=28981"}],"curies":[{"name":"wp","href":"https:\/\/api.w.org\/{rel}","templated":true}]}}