{"id":28982,"date":"2024-04-29T13:19:58","date_gmt":"2024-04-29T13:19:58","guid":{"rendered":"https:\/\/chemsxpress.com\/?post_type=product&#038;p=28982"},"modified":"2024-05-02T14:12:03","modified_gmt":"2024-05-02T14:12:03","slug":"amtssuccinat-kaufen","status":"publish","type":"product","link":"https:\/\/chemsxpress.com\/de\/produkt\/amtssuccinat-kaufen\/","title":{"rendered":"AMT-Succinat"},"content":{"rendered":"<h1><strong>Was ist Buy aMT Succinate?<\/strong><\/h1>\n<p>Kaufen Sie aMT Succinat, eine Verbindung auf Tryptaminbasis. Es ist auch bekannt als alpha-Methyltryptamin Succinate, Bernsteins\u00e4ureverbindung mit 3-(2-Aminopropyl)indol, -Methyltryptamin Succinate, alphaMT Succinate, MT Succinate, Butandis\u00e4ureverbindung mit -Methyl-1H-indol-3-ethanamin und Butandis\u00e4ureverbindung mit -Methyl-1H-in (1:1).<\/p>\n<p>&nbsp;<\/p>\n<p>1-(1H-Indol-3-yl)propan-2-amin, oft als aMT oder Methyltryptamin bezeichnet, ist ein synthetisches Indolalkaloidmolek\u00fcl aus der Klasse der Tryptamine. Tryptamine sind ein Indolamin-Metabolit von Tryptophan, einer wichtigen Aminos\u00e4ure. Bestimmte aminerge Neuromodulatoren haben die Struktur des Tryptamins gemeinsam.<\/p>\n<p>&nbsp;<\/p>\n<p>aMT Das Alpha-Kohlenstoffatom des Succinat-Tryptamins ist durch eine Methylgruppe substituiert. Die chemische Beziehung zwischen aMT und Tryptamin ist \u00e4hnlich wie die zwischen Amphetamin und Phenethylamin. Der Neurotransmitter Serotonin ist eng mit aMT (5-Hydroxytryptamin) verwandt. aMT wird als Racemat seiner (R-) und (S-) Enantiomere in freier Basenform gefunden.<\/p>\n<p>&nbsp;<\/p>\n<p>Upjohn stellte AMT-Succinat urspr\u00fcnglich in den 1960er Jahren her. Die Nitroaldol-Kondensation von Indol-3-Carboxaldehyd und Nitroethan unter Ammoniumacetat-Katalyse sowie die Kondensation von Indol-3-Aceton und Hydroxylamin, gefolgt von der Reduktion des entstehenden Ketoxims mit Lithiumaluminiumhydrid, k\u00f6nnen zur Herstellung von aMT verwendet werden. aMT wirkt als ausgewogener Wiederaufnahmehemmer sowie als Freisetzungsmittel f\u00fcr drei verschiedene Monoamine.<\/p>\n<p>&nbsp;<\/p>\n<h2><strong>Haftungsausschluss<\/strong><\/h2>\n<p>Menschen und Tieren sollte dieses Produkt nicht verabreicht werden. Es ist ausschlie\u00dflich f\u00fcr den Laborgebrauch bestimmt. Wir empfehlen au\u00dferdem, dass das Produkt mit pers\u00f6nlicher Schutzausr\u00fcstung gehandhabt wird, um jegliche Gefahr zu vermeiden, die von der Handhabung der Chemikalie ausgehen kann.<\/p>\n<p>&nbsp;<\/p>\n<h2><strong>Ist AMT-Succinat legal?<\/strong><\/h2>\n<p>Wir empfehlen Ihnen, vor dem Kauf von AMT-Succinat die Legalit\u00e4t dieser Chemikalie bei den zust\u00e4ndigen Beh\u00f6rden in Ihrem Gebiet oder an Ihrem Lieferort zu \u00fcberpr\u00fcfen.<\/p>\n<p>&nbsp;<\/p>\n<p>Um die Sicherheit unserer Kunden zu gew\u00e4hrleisten, ergreifen wir die entsprechenden Ma\u00dfnahmen, indem wir strenge Sicherheitsvorkehrungen f\u00fcr den Verkauf dieser Waren treffen. Wir \u00fcbernehmen keine Haftung f\u00fcr rechtliche Probleme, die sich aus dem Kauf von AMT-Succinat in Ihrem Land ergeben k\u00f6nnten.<\/p>\n<p>&nbsp;<\/p>\n<h2><strong>Wo kann man AMT-Succinat kaufen?<\/strong><\/h2>\n<p><a href=\"https:\/\/chemsxpress.com\/de\/\">ChemsXpress<\/a> ist ein f\u00fchrender Anbieter und Vertreiber von aMT-Succinat und verwandten Chemikalien. aMT-Succinat wird ausschlie\u00dflich f\u00fcr Laborforschungszwecke geliefert und ist in Pulverform erh\u00e4ltlich. Diese Substanz ist nur f\u00fcr Erwachsene ab 18 Jahren erh\u00e4ltlich und sollte nicht an Menschen oder Tieren angewendet werden.<\/p>","protected":false},"excerpt":{"rendered":"<p><strong>IUPAC-Name:<\/strong><\/p>\n<p><strong>CAS # <\/strong>299-26-3<\/p>\n<p><strong>Anderer Name: <\/strong>alpha-Methyltryptamin<\/p>\n<p><strong>NMR-Analyse: <\/strong>C11H14N2<\/p>","protected":false},"featured_media":29072,"comment_status":"open","ping_status":"closed","template":"","meta":[],"product_brand":[],"product_cat":[92],"product_tag":[],"class_list":{"0":"post-28982","1":"product","2":"type-product","3":"status-publish","4":"has-post-thumbnail","6":"product_cat-tryptamines","8":"first","9":"instock","10":"shipping-taxable","11":"purchasable","12":"product-type-variable"},"yoast_head":"<!-- This site is optimized with the Yoast SEO Premium plugin v24.1 (Yoast SEO v27.4) - https:\/\/yoast.com\/product\/yoast-seo-premium-wordpress\/ -->\n<title>Buy aMT Succinate Online: Premium Quality RC&#039;s | ChemsXpress<\/title>\n<meta name=\"description\" content=\"Explore aMT Succinate at ChemsXpress. Premium research chemicals, fast shipping. Trust our quality assurance for all your research needs. Order now\" \/>\n<meta name=\"robots\" content=\"index, follow, max-snippet:-1, max-image-preview:large, max-video-preview:-1\" \/>\n<link rel=\"canonical\" href=\"https:\/\/chemsxpress.com\/de\/produkt\/amtssuccinat-kaufen\/\" \/>\n<meta property=\"og:locale\" content=\"de_DE\" \/>\n<meta property=\"og:type\" content=\"article\" \/>\n<meta property=\"og:title\" content=\"AMT succinate\" \/>\n<meta property=\"og:description\" content=\"Explore aMT Succinate at ChemsXpress. Premium research chemicals, fast shipping. Trust our quality assurance for all your research needs. Order now\" \/>\n<meta property=\"og:url\" content=\"https:\/\/chemsxpress.com\/de\/produkt\/amtssuccinat-kaufen\/\" \/>\n<meta property=\"og:site_name\" content=\"SHOP MDPHP\" \/>\n<meta property=\"article:modified_time\" content=\"2024-05-02T14:12:03+00:00\" \/>\n<meta property=\"og:image\" content=\"https:\/\/chemsxpress.com\/wp-content\/uploads\/2024\/04\/AMT-succinate.jpg\" \/>\n\t<meta property=\"og:image:width\" content=\"600\" \/>\n\t<meta property=\"og:image:height\" content=\"600\" \/>\n\t<meta property=\"og:image:type\" content=\"image\/jpeg\" \/>\n<meta name=\"twitter:card\" content=\"summary_large_image\" \/>\n<meta name=\"twitter:label1\" content=\"Gesch\u00e4tzte Lesezeit\" \/>\n\t<meta name=\"twitter:data1\" content=\"2\u00a0Minuten\" \/>\n<script type=\"application\/ld+json\" class=\"yoast-schema-graph\">{\"@context\":\"https:\\\/\\\/schema.org\",\"@graph\":[{\"@type\":\"WebPage\",\"@id\":\"https:\\\/\\\/chemsxpress.com\\\/product\\\/buy-amt-succinate\\\/\",\"url\":\"https:\\\/\\\/chemsxpress.com\\\/product\\\/buy-amt-succinate\\\/\",\"name\":\"Buy aMT Succinate Online: Premium Quality RC's | ChemsXpress\",\"isPartOf\":{\"@id\":\"https:\\\/\\\/chemsxpress.com\\\/#website\"},\"primaryImageOfPage\":{\"@id\":\"https:\\\/\\\/chemsxpress.com\\\/product\\\/buy-amt-succinate\\\/#primaryimage\"},\"image\":{\"@id\":\"https:\\\/\\\/chemsxpress.com\\\/product\\\/buy-amt-succinate\\\/#primaryimage\"},\"thumbnailUrl\":\"https:\\\/\\\/chemsxpress.com\\\/wp-content\\\/uploads\\\/2024\\\/04\\\/AMT-succinate.jpg\",\"datePublished\":\"2024-04-29T13:19:58+00:00\",\"dateModified\":\"2024-05-02T14:12:03+00:00\",\"description\":\"Explore aMT Succinate at ChemsXpress. Premium research chemicals, fast shipping. Trust our quality assurance for all your research needs. Order now\",\"breadcrumb\":{\"@id\":\"https:\\\/\\\/chemsxpress.com\\\/product\\\/buy-amt-succinate\\\/#breadcrumb\"},\"inLanguage\":\"de\",\"potentialAction\":[{\"@type\":\"ReadAction\",\"target\":[\"https:\\\/\\\/chemsxpress.com\\\/product\\\/buy-amt-succinate\\\/\"]}]},{\"@type\":\"ImageObject\",\"inLanguage\":\"de\",\"@id\":\"https:\\\/\\\/chemsxpress.com\\\/product\\\/buy-amt-succinate\\\/#primaryimage\",\"url\":\"https:\\\/\\\/chemsxpress.com\\\/wp-content\\\/uploads\\\/2024\\\/04\\\/AMT-succinate.jpg\",\"contentUrl\":\"https:\\\/\\\/chemsxpress.com\\\/wp-content\\\/uploads\\\/2024\\\/04\\\/AMT-succinate.jpg\",\"width\":600,\"height\":600,\"caption\":\"Buy aMT Succinate\"},{\"@type\":\"BreadcrumbList\",\"@id\":\"https:\\\/\\\/chemsxpress.com\\\/product\\\/buy-amt-succinate\\\/#breadcrumb\",\"itemListElement\":[{\"@type\":\"ListItem\",\"position\":1,\"name\":\"Home\",\"item\":\"https:\\\/\\\/chemsxpress.com\\\/\"},{\"@type\":\"ListItem\",\"position\":2,\"name\":\"Shop\",\"item\":\"https:\\\/\\\/chemsxpress.com\\\/shop\\\/\"},{\"@type\":\"ListItem\",\"position\":3,\"name\":\"AMT succinate\"}]},{\"@type\":\"WebSite\",\"@id\":\"https:\\\/\\\/chemsxpress.com\\\/#website\",\"url\":\"https:\\\/\\\/chemsxpress.com\\\/\",\"name\":\"SHOP MDPHP\",\"description\":\"Buy MDPHP freebase from reliable supplier\",\"potentialAction\":[{\"@type\":\"SearchAction\",\"target\":{\"@type\":\"EntryPoint\",\"urlTemplate\":\"https:\\\/\\\/chemsxpress.com\\\/?s={search_term_string}\"},\"query-input\":{\"@type\":\"PropertyValueSpecification\",\"valueRequired\":true,\"valueName\":\"search_term_string\"}}],\"inLanguage\":\"de\"}]}<\/script>\n<!-- \/ Yoast SEO Premium plugin. -->","yoast_head_json":{"title":"AMT Succinat online kaufen: Premium Qualit\u00e4t RC's | ChemsXpress","description":"Entdecken Sie aMT Succinate bei ChemsXpress. Hochwertige Forschungschemikalien, schneller Versand. Vertrauen Sie unserer Qualit\u00e4tssicherung f\u00fcr Ihren gesamten Forschungsbedarf. Jetzt bestellen","robots":{"index":"index","follow":"follow","max-snippet":"max-snippet:-1","max-image-preview":"max-image-preview:large","max-video-preview":"max-video-preview:-1"},"canonical":"https:\/\/chemsxpress.com\/de\/produkt\/amtssuccinat-kaufen\/","og_locale":"de_DE","og_type":"article","og_title":"AMT succinate","og_description":"Explore aMT Succinate at ChemsXpress. Premium research chemicals, fast shipping. Trust our quality assurance for all your research needs. Order now","og_url":"https:\/\/chemsxpress.com\/de\/produkt\/amtssuccinat-kaufen\/","og_site_name":"SHOP MDPHP","article_modified_time":"2024-05-02T14:12:03+00:00","og_image":[{"width":600,"height":600,"url":"https:\/\/chemsxpress.com\/wp-content\/uploads\/2024\/04\/AMT-succinate.jpg","type":"image\/jpeg"}],"twitter_card":"summary_large_image","twitter_misc":{"Gesch\u00e4tzte Lesezeit":"2\u00a0Minuten"},"schema":{"@context":"https:\/\/schema.org","@graph":[{"@type":"WebPage","@id":"https:\/\/chemsxpress.com\/product\/buy-amt-succinate\/","url":"https:\/\/chemsxpress.com\/product\/buy-amt-succinate\/","name":"AMT Succinat online kaufen: Premium Qualit\u00e4t RC's | ChemsXpress","isPartOf":{"@id":"https:\/\/chemsxpress.com\/#website"},"primaryImageOfPage":{"@id":"https:\/\/chemsxpress.com\/product\/buy-amt-succinate\/#primaryimage"},"image":{"@id":"https:\/\/chemsxpress.com\/product\/buy-amt-succinate\/#primaryimage"},"thumbnailUrl":"https:\/\/chemsxpress.com\/wp-content\/uploads\/2024\/04\/AMT-succinate.jpg","datePublished":"2024-04-29T13:19:58+00:00","dateModified":"2024-05-02T14:12:03+00:00","description":"Entdecken Sie aMT Succinate bei ChemsXpress. Hochwertige Forschungschemikalien, schneller Versand. Vertrauen Sie unserer Qualit\u00e4tssicherung f\u00fcr Ihren gesamten Forschungsbedarf. Jetzt bestellen","breadcrumb":{"@id":"https:\/\/chemsxpress.com\/product\/buy-amt-succinate\/#breadcrumb"},"inLanguage":"de","potentialAction":[{"@type":"ReadAction","target":["https:\/\/chemsxpress.com\/product\/buy-amt-succinate\/"]}]},{"@type":"ImageObject","inLanguage":"de","@id":"https:\/\/chemsxpress.com\/product\/buy-amt-succinate\/#primaryimage","url":"https:\/\/chemsxpress.com\/wp-content\/uploads\/2024\/04\/AMT-succinate.jpg","contentUrl":"https:\/\/chemsxpress.com\/wp-content\/uploads\/2024\/04\/AMT-succinate.jpg","width":600,"height":600,"caption":"Buy aMT Succinate"},{"@type":"BreadcrumbList","@id":"https:\/\/chemsxpress.com\/product\/buy-amt-succinate\/#breadcrumb","itemListElement":[{"@type":"ListItem","position":1,"name":"Home","item":"https:\/\/chemsxpress.com\/"},{"@type":"ListItem","position":2,"name":"Shop","item":"https:\/\/chemsxpress.com\/shop\/"},{"@type":"ListItem","position":3,"name":"AMT succinate"}]},{"@type":"WebSite","@id":"https:\/\/chemsxpress.com\/#website","url":"https:\/\/chemsxpress.com\/","name":"MDPHP EINKAUFEN","description":"MDPHP freebase von einem zuverl\u00e4ssigen Anbieter kaufen","potentialAction":[{"@type":"SearchAction","target":{"@type":"EntryPoint","urlTemplate":"https:\/\/chemsxpress.com\/?s={search_term_string}"},"query-input":{"@type":"PropertyValueSpecification","valueRequired":true,"valueName":"search_term_string"}}],"inLanguage":"de"}]}},"jetpack_sharing_enabled":true,"_links":{"self":[{"href":"https:\/\/chemsxpress.com\/de\/wp-json\/wp\/v2\/product\/28982","targetHints":{"allow":["GET"]}}],"collection":[{"href":"https:\/\/chemsxpress.com\/de\/wp-json\/wp\/v2\/product"}],"about":[{"href":"https:\/\/chemsxpress.com\/de\/wp-json\/wp\/v2\/types\/product"}],"replies":[{"embeddable":true,"href":"https:\/\/chemsxpress.com\/de\/wp-json\/wp\/v2\/comments?post=28982"}],"version-history":[{"count":3,"href":"https:\/\/chemsxpress.com\/de\/wp-json\/wp\/v2\/product\/28982\/revisions"}],"predecessor-version":[{"id":29609,"href":"https:\/\/chemsxpress.com\/de\/wp-json\/wp\/v2\/product\/28982\/revisions\/29609"}],"wp:featuredmedia":[{"embeddable":true,"href":"https:\/\/chemsxpress.com\/de\/wp-json\/wp\/v2\/media\/29072"}],"wp:attachment":[{"href":"https:\/\/chemsxpress.com\/de\/wp-json\/wp\/v2\/media?parent=28982"}],"wp:term":[{"taxonomy":"product_brand","embeddable":true,"href":"https:\/\/chemsxpress.com\/de\/wp-json\/wp\/v2\/product_brand?post=28982"},{"taxonomy":"product_cat","embeddable":true,"href":"https:\/\/chemsxpress.com\/de\/wp-json\/wp\/v2\/product_cat?post=28982"},{"taxonomy":"product_tag","embeddable":true,"href":"https:\/\/chemsxpress.com\/de\/wp-json\/wp\/v2\/product_tag?post=28982"}],"curies":[{"name":"wp","href":"https:\/\/api.w.org\/{rel}","templated":true}]}}