{"id":29009,"date":"2024-04-29T13:20:19","date_gmt":"2024-04-29T13:20:19","guid":{"rendered":"https:\/\/chemsxpress.com\/?post_type=product&#038;p=29009"},"modified":"2025-05-23T13:00:36","modified_gmt":"2025-05-23T13:00:36","slug":"5-meo-dalt-kaufen","status":"publish","type":"product","link":"https:\/\/chemsxpress.com\/de\/produkt\/5-meo-dalt-kaufen\/","title":{"rendered":"5-MeO-DALT"},"content":{"rendered":"<h2><strong>5-MEO-DALT KAUFEN<\/strong><\/h2>\n<p>Buy 5-MeO-DALT, auch bekannt als N, N-Diallyl-5-Methoxytryptamin oder umgangssprachlich als Foxtrot, ist ein weniger bekanntes Psychedelikum aus der Klasse der Tryptamine.  Alexander Theodore Shulgin war ein amerikanischer Chemiker, Biochemiker, organischer Chemiker, Pharmakologe, Psychopharmakologe und Autor.  Ihm wird die Einf\u00fchrung von MDMA zugeschrieben, weshalb er als \"Godfather of Psychedelics\" gilt. Im Mai 2004 leitete Shulgin seine Forschungsergebnisse an einen wissenschaftlichen Mitarbeiter namens Murple weiter, woraufhin sie sich schnell verbreiteten. Bald nach seiner Entdeckung erschien 5-MeO-DALT auf der <a href=\"https:\/\/chemsxpress.com\/de\/produktkategorie\/forschungschemikalien\/\">Forschungschemikalien<\/a> auf den Markt, nachdem es von kommerziellen Labors in China synthetisiert wurde. Erowid ver\u00f6ffentlichte offiziell die Synthese und die Ergebnisse von 5-MeO-DALT. Berichte \u00fcber den Nachweis von 5-MeO-DALT durch Forscher begannen 2007 aufzutauchen.<\/p>\n<h2><strong>WIE WIRD 5-MEO-DALT-PULVER VERWENDET?<\/strong><\/h2>\n<p>Kaufen Sie 5-MeO-DALT Forschungschemikalien online in der h\u00f6chsten Qualit\u00e4t in Pulverform. Geliefert von Realchems in den Mengen 0,25gr, 0,5gr, 1gr, 2gr und 5gr. Achten Sie darauf, das 5-MeO-DALT Pulver an einem trockenen und k\u00fchlen Ort zu lagern, um eine maximale Haltbarkeit zu gew\u00e4hrleisten. Achten Sie beim Umgang mit Forschungschemikalien darauf, dass Sie im Labor immer die entsprechenden Vorsichtsma\u00dfnahmen treffen, wie das Abwischen von Oberfl\u00e4chen und das Tragen von Handschuhen, einer Maske und Schutzkleidung.<\/p>\n<p>&nbsp;<\/p>\n<h2><strong>DEFINITION 5-MEO-DALT<\/strong><\/h2>\n<p>Die Definition von 5-MeO-DALT ist offiziell als N, N-Diallyl-5-Methoxytryptamin oder umgangssprachlich als Foxtrot bekannt, ein psychedelisches Mittel, das strukturell mit Tryptaminen wie 5-MeO-DiPT und DALT verwandt ist.<\/p>\n<p>&nbsp;<\/p>\n<h2><strong>CHEMIE HINTERGRUNDINFORMATIONEN 5-MEO-DALT<\/strong><\/h2>\n<p>N, N-Diallyl-5-Methoxytryptamin ist nach der chemischen Struktur 5-MethOxy-DiALlyl-Tryptamin benannt und besteht aus zwei Allylgruppen, die an die Aminogruppe gebunden sind, und einer 5-Methoxygruppe, die an den Indolring des Tryptamins gebunden ist. 5-Meo-DALT ist strukturell mit DALT und 5-MeO-DiPT verwandt und kommt h\u00e4ufig als cremefarbenes Pulver vor.<\/p>\n<p>Theoretisch wirkt 5-MeO-DALT als partieller 5-HT2A-Agonist. Es wird angenommen, dass die psychedelischen Wirkungen auf seine Wirksamkeit an den 5-HT2A-Rezeptoren zur\u00fcckzuf\u00fchren sind. Die Forschungsergebnisse sind jedoch noch Gegenstand laufender wissenschaftlicher Untersuchungen. 5-MeO-DALT hat eine sehr kurze Geschichte. Es wird daher dringend empfohlen, bei der Erforschung dieser Substanz Praktiken zur Schadensbegrenzung anzuwenden.<\/p>\n<p>&nbsp;<\/p>\n<h2><strong>WO KANN MAN 5-MEO-DALT KAUFEN?<\/strong><\/h2>\n<p>5-MeO-DALT k\u00f6nnen Sie hier auf der<a href=\"https:\/\/chemsxpress.com\/de\/\"> ChemsXpress<\/a> Website. Wir verkaufen 5-MeO-DALT in erstklassiger Qualit\u00e4t, normalerweise als Pulver. Wir haben jedoch oft auch andere Substanzformen verf\u00fcgbar, also z\u00f6gern Sie nicht, uns zu kontaktieren, um zu sehen, ob wir Ihre bevorzugte Substanzform auf Lager haben. Sie m\u00fcssen mindestens 18 Jahre alt sein, um 5-MeO-DALT bei uns zu kaufen.<\/p>","protected":false},"excerpt":{"rendered":"<p><strong>IUPAC-Name: <\/strong>N-allyl-N-[2-(5-methoxy-1H-indol-3-yl)ethyl] prop-2-en-1- amine<\/p>\n<p><strong>CAS # <\/strong>928822-98-4<\/p>\n<p><strong>Other name: <\/strong>N,N-di allyl-5-methoxy tryptamine<\/p>\n<p><strong>Form: <\/strong>hcl<\/p>\n<p><strong>NMR Analysis: <\/strong>C17H22N2O<\/p>\n","protected":false},"featured_media":29076,"comment_status":"open","ping_status":"closed","template":"","meta":[],"product_brand":[],"product_cat":[92],"product_tag":[],"class_list":{"0":"post-29009","1":"product","2":"type-product","3":"status-publish","4":"has-post-thumbnail","6":"product_cat-tryptamines","8":"first","9":"instock","10":"shipping-taxable","11":"purchasable","12":"product-type-variable"},"yoast_head":"<!-- This site is optimized with the Yoast SEO Premium plugin v24.1 (Yoast SEO v27.3) - https:\/\/yoast.com\/product\/yoast-seo-premium-wordpress\/ -->\n<title>Buy 5-MEO-DALT Online: Premium Quality RC&#039;s | ChemsXpress<\/title>\n<meta name=\"description\" content=\"Discover 5-MEO-DALT at ChemsXpress. Premium research chemicals, fast shipping. Trust our quality assurance for all your research needs. Order now\" \/>\n<meta name=\"robots\" content=\"index, follow, max-snippet:-1, max-image-preview:large, max-video-preview:-1\" \/>\n<link rel=\"canonical\" href=\"https:\/\/chemsxpress.com\/de\/produkt\/5-meo-dalt-kaufen\/\" \/>\n<meta property=\"og:locale\" content=\"de_DE\" \/>\n<meta property=\"og:type\" content=\"article\" \/>\n<meta property=\"og:title\" content=\"5-MeO-DALT\" \/>\n<meta property=\"og:description\" content=\"Discover 5-MEO-DALT at ChemsXpress. Premium research chemicals, fast shipping. Trust our quality assurance for all your research needs. Order now\" \/>\n<meta property=\"og:url\" content=\"https:\/\/chemsxpress.com\/de\/produkt\/5-meo-dalt-kaufen\/\" \/>\n<meta property=\"og:site_name\" content=\"SHOP MDPHP\" \/>\n<meta property=\"article:modified_time\" content=\"2025-05-23T13:00:36+00:00\" \/>\n<meta property=\"og:image\" content=\"https:\/\/chemsxpress.com\/wp-content\/uploads\/2024\/04\/5-MeO-DALT.jpg\" \/>\n\t<meta property=\"og:image:width\" content=\"600\" \/>\n\t<meta property=\"og:image:height\" content=\"600\" \/>\n\t<meta property=\"og:image:type\" content=\"image\/jpeg\" \/>\n<meta name=\"twitter:card\" content=\"summary_large_image\" \/>\n<meta name=\"twitter:label1\" content=\"Gesch\u00e4tzte Lesezeit\" \/>\n\t<meta name=\"twitter:data1\" content=\"2\u00a0Minuten\" \/>\n<script type=\"application\/ld+json\" class=\"yoast-schema-graph\">{\"@context\":\"https:\\\/\\\/schema.org\",\"@graph\":[{\"@type\":\"WebPage\",\"@id\":\"https:\\\/\\\/chemsxpress.com\\\/product\\\/buy-5-meo-dalt\\\/\",\"url\":\"https:\\\/\\\/chemsxpress.com\\\/product\\\/buy-5-meo-dalt\\\/\",\"name\":\"Buy 5-MEO-DALT Online: Premium Quality RC's | ChemsXpress\",\"isPartOf\":{\"@id\":\"https:\\\/\\\/chemsxpress.com\\\/#website\"},\"primaryImageOfPage\":{\"@id\":\"https:\\\/\\\/chemsxpress.com\\\/product\\\/buy-5-meo-dalt\\\/#primaryimage\"},\"image\":{\"@id\":\"https:\\\/\\\/chemsxpress.com\\\/product\\\/buy-5-meo-dalt\\\/#primaryimage\"},\"thumbnailUrl\":\"https:\\\/\\\/chemsxpress.com\\\/wp-content\\\/uploads\\\/2024\\\/04\\\/5-MeO-DALT.jpg\",\"datePublished\":\"2024-04-29T13:20:19+00:00\",\"dateModified\":\"2025-05-23T13:00:36+00:00\",\"description\":\"Discover 5-MEO-DALT at ChemsXpress. Premium research chemicals, fast shipping. Trust our quality assurance for all your research needs. Order now\",\"breadcrumb\":{\"@id\":\"https:\\\/\\\/chemsxpress.com\\\/product\\\/buy-5-meo-dalt\\\/#breadcrumb\"},\"inLanguage\":\"de\",\"potentialAction\":[{\"@type\":\"ReadAction\",\"target\":[\"https:\\\/\\\/chemsxpress.com\\\/product\\\/buy-5-meo-dalt\\\/\"]}]},{\"@type\":\"ImageObject\",\"inLanguage\":\"de\",\"@id\":\"https:\\\/\\\/chemsxpress.com\\\/product\\\/buy-5-meo-dalt\\\/#primaryimage\",\"url\":\"https:\\\/\\\/chemsxpress.com\\\/wp-content\\\/uploads\\\/2024\\\/04\\\/5-MeO-DALT.jpg\",\"contentUrl\":\"https:\\\/\\\/chemsxpress.com\\\/wp-content\\\/uploads\\\/2024\\\/04\\\/5-MeO-DALT.jpg\",\"width\":600,\"height\":600,\"caption\":\"BUY 5-MEO-DALT\"},{\"@type\":\"BreadcrumbList\",\"@id\":\"https:\\\/\\\/chemsxpress.com\\\/product\\\/buy-5-meo-dalt\\\/#breadcrumb\",\"itemListElement\":[{\"@type\":\"ListItem\",\"position\":1,\"name\":\"Home\",\"item\":\"https:\\\/\\\/chemsxpress.com\\\/\"},{\"@type\":\"ListItem\",\"position\":2,\"name\":\"Shop\",\"item\":\"https:\\\/\\\/chemsxpress.com\\\/shop\\\/\"},{\"@type\":\"ListItem\",\"position\":3,\"name\":\"5-MeO-DALT\"}]},{\"@type\":\"WebSite\",\"@id\":\"https:\\\/\\\/chemsxpress.com\\\/#website\",\"url\":\"https:\\\/\\\/chemsxpress.com\\\/\",\"name\":\"SHOP MDPHP\",\"description\":\"Buy MDPHP freebase from reliable supplier\",\"potentialAction\":[{\"@type\":\"SearchAction\",\"target\":{\"@type\":\"EntryPoint\",\"urlTemplate\":\"https:\\\/\\\/chemsxpress.com\\\/?s={search_term_string}\"},\"query-input\":{\"@type\":\"PropertyValueSpecification\",\"valueRequired\":true,\"valueName\":\"search_term_string\"}}],\"inLanguage\":\"de\"}]}<\/script>\n<!-- \/ Yoast SEO Premium plugin. -->","yoast_head_json":{"title":"5-MEO-DALT online kaufen: Premium Qualit\u00e4t RC's | ChemsXpress","description":"Entdecken Sie 5-MEO-DALT bei ChemsXpress. Hochwertige Forschungschemikalien, schneller Versand. Vertrauen Sie unserer Qualit\u00e4tssicherung f\u00fcr Ihren gesamten Forschungsbedarf. Jetzt bestellen","robots":{"index":"index","follow":"follow","max-snippet":"max-snippet:-1","max-image-preview":"max-image-preview:large","max-video-preview":"max-video-preview:-1"},"canonical":"https:\/\/chemsxpress.com\/de\/produkt\/5-meo-dalt-kaufen\/","og_locale":"de_DE","og_type":"article","og_title":"5-MeO-DALT","og_description":"Discover 5-MEO-DALT at ChemsXpress. Premium research chemicals, fast shipping. Trust our quality assurance for all your research needs. Order now","og_url":"https:\/\/chemsxpress.com\/de\/produkt\/5-meo-dalt-kaufen\/","og_site_name":"SHOP MDPHP","article_modified_time":"2025-05-23T13:00:36+00:00","og_image":[{"width":600,"height":600,"url":"https:\/\/chemsxpress.com\/wp-content\/uploads\/2024\/04\/5-MeO-DALT.jpg","type":"image\/jpeg"}],"twitter_card":"summary_large_image","twitter_misc":{"Gesch\u00e4tzte Lesezeit":"2\u00a0Minuten"},"schema":{"@context":"https:\/\/schema.org","@graph":[{"@type":"WebPage","@id":"https:\/\/chemsxpress.com\/product\/buy-5-meo-dalt\/","url":"https:\/\/chemsxpress.com\/product\/buy-5-meo-dalt\/","name":"5-MEO-DALT online kaufen: Premium Qualit\u00e4t RC's | ChemsXpress","isPartOf":{"@id":"https:\/\/chemsxpress.com\/#website"},"primaryImageOfPage":{"@id":"https:\/\/chemsxpress.com\/product\/buy-5-meo-dalt\/#primaryimage"},"image":{"@id":"https:\/\/chemsxpress.com\/product\/buy-5-meo-dalt\/#primaryimage"},"thumbnailUrl":"https:\/\/chemsxpress.com\/wp-content\/uploads\/2024\/04\/5-MeO-DALT.jpg","datePublished":"2024-04-29T13:20:19+00:00","dateModified":"2025-05-23T13:00:36+00:00","description":"Entdecken Sie 5-MEO-DALT bei ChemsXpress. Hochwertige Forschungschemikalien, schneller Versand. Vertrauen Sie unserer Qualit\u00e4tssicherung f\u00fcr Ihren gesamten Forschungsbedarf. Jetzt bestellen","breadcrumb":{"@id":"https:\/\/chemsxpress.com\/product\/buy-5-meo-dalt\/#breadcrumb"},"inLanguage":"de","potentialAction":[{"@type":"ReadAction","target":["https:\/\/chemsxpress.com\/product\/buy-5-meo-dalt\/"]}]},{"@type":"ImageObject","inLanguage":"de","@id":"https:\/\/chemsxpress.com\/product\/buy-5-meo-dalt\/#primaryimage","url":"https:\/\/chemsxpress.com\/wp-content\/uploads\/2024\/04\/5-MeO-DALT.jpg","contentUrl":"https:\/\/chemsxpress.com\/wp-content\/uploads\/2024\/04\/5-MeO-DALT.jpg","width":600,"height":600,"caption":"BUY 5-MEO-DALT"},{"@type":"BreadcrumbList","@id":"https:\/\/chemsxpress.com\/product\/buy-5-meo-dalt\/#breadcrumb","itemListElement":[{"@type":"ListItem","position":1,"name":"Home","item":"https:\/\/chemsxpress.com\/"},{"@type":"ListItem","position":2,"name":"Shop","item":"https:\/\/chemsxpress.com\/shop\/"},{"@type":"ListItem","position":3,"name":"5-MeO-DALT"}]},{"@type":"WebSite","@id":"https:\/\/chemsxpress.com\/#website","url":"https:\/\/chemsxpress.com\/","name":"MDPHP EINKAUFEN","description":"MDPHP freebase von einem zuverl\u00e4ssigen Anbieter kaufen","potentialAction":[{"@type":"SearchAction","target":{"@type":"EntryPoint","urlTemplate":"https:\/\/chemsxpress.com\/?s={search_term_string}"},"query-input":{"@type":"PropertyValueSpecification","valueRequired":true,"valueName":"search_term_string"}}],"inLanguage":"de"}]}},"jetpack_sharing_enabled":true,"_links":{"self":[{"href":"https:\/\/chemsxpress.com\/de\/wp-json\/wp\/v2\/product\/29009","targetHints":{"allow":["GET"]}}],"collection":[{"href":"https:\/\/chemsxpress.com\/de\/wp-json\/wp\/v2\/product"}],"about":[{"href":"https:\/\/chemsxpress.com\/de\/wp-json\/wp\/v2\/types\/product"}],"replies":[{"embeddable":true,"href":"https:\/\/chemsxpress.com\/de\/wp-json\/wp\/v2\/comments?post=29009"}],"version-history":[{"count":4,"href":"https:\/\/chemsxpress.com\/de\/wp-json\/wp\/v2\/product\/29009\/revisions"}],"predecessor-version":[{"id":30000,"href":"https:\/\/chemsxpress.com\/de\/wp-json\/wp\/v2\/product\/29009\/revisions\/30000"}],"wp:featuredmedia":[{"embeddable":true,"href":"https:\/\/chemsxpress.com\/de\/wp-json\/wp\/v2\/media\/29076"}],"wp:attachment":[{"href":"https:\/\/chemsxpress.com\/de\/wp-json\/wp\/v2\/media?parent=29009"}],"wp:term":[{"taxonomy":"product_brand","embeddable":true,"href":"https:\/\/chemsxpress.com\/de\/wp-json\/wp\/v2\/product_brand?post=29009"},{"taxonomy":"product_cat","embeddable":true,"href":"https:\/\/chemsxpress.com\/de\/wp-json\/wp\/v2\/product_cat?post=29009"},{"taxonomy":"product_tag","embeddable":true,"href":"https:\/\/chemsxpress.com\/de\/wp-json\/wp\/v2\/product_tag?post=29009"}],"curies":[{"name":"wp","href":"https:\/\/api.w.org\/{rel}","templated":true}]}}