{"id":29010,"date":"2024-04-29T13:20:19","date_gmt":"2024-04-29T13:20:19","guid":{"rendered":"https:\/\/chemsxpress.com\/?post_type=product&#038;p=29010"},"modified":"2024-07-04T22:02:16","modified_gmt":"2024-07-04T22:02:16","slug":"5-meo-dmt-freebase-kaufen","status":"publish","type":"product","link":"https:\/\/chemsxpress.com\/de\/produkt\/5-meo-dmt-freebase-kaufen\/","title":{"rendered":"5-MeO-DMT freebase"},"content":{"rendered":"<h2><strong>Allgemeine Informationen zu 5-MeO-DMT freebase kaufen<\/strong><\/h2>\n<p>5-Meo-DMT freebase kaufen ist ein chemisches Forschungspsychedelikum der Tryptaminklasse, das vier- bis mehrfach eindrucksvoller ist als sein besser bekannter Cousin DMT (N,N-Dimethyltryptamin).<\/p>\n<p>Es scheint in einer Vielzahl von B\u00e4umen und Str\u00e4uchern aufgesp\u00fcrt zu werden, h\u00e4ufig in der N\u00e4he von DMT und Bufotenin (5-HO-DMT), sowie einer Froschart. 5-Meo-DMT freebase kann ebenfalls synthetisch hergestellt werden.<\/p>\n<p>In Mittel- und S\u00fcdamerika wird 5-MeO-DMT freebase am h\u00e4ufigsten aus Anadenanthera peregrine und Virola theiodora gewonnen, die beide im Allgemeinen zur Herstellung von psychoaktivem Schnupftabak gesammelt werden.<\/p>\n<p>Es findet sich auch in dem glatten wei\u00dfen Gift des Sonoran-W\u00fcstenfrosches, der im S\u00fcdwesten der USA und im Nordwesten Mexikos heimisch ist. Die Ernte des Giftes hat die Population dieser von Natur aus empfindlichen Art unter Druck gesetzt. Sie ist jetzt in einigen US-Bundesstaaten als gef\u00e4hrdet oder lokal gef\u00e4hrdet eingestuft. Es wird empfohlen, nach anderen Quellen f\u00fcr 5-MeO DMT zu suchen, z. B. nach synthetischen oder aus Pflanzen gewonnenen Versionen.<\/p>\n<h3><strong>Chemische Zusammensetzung von 5-MeO-DMT freebase<\/strong><\/h3>\n<p>2-(5-Methoxy-1H-indol-3-yl)- N,N-dimethylethanamin (5-Methoxy-N,N-dimethyltryptamin, abgek\u00fcrzt 5-MeO-DMT) ist ein Tryptaminalkaloid, ein s\u00fc\u00dflich riechender Ether und ein terti\u00e4res Amin mit einer subatomaren Masse von 218,298 g\/mol und der chemischen Formel C<sub>13<\/sub>H<sub>18<\/sub>N<sub>2<\/sub>O. Als freie Base ist 5-MeO-DMT ein wei\u00dfer, starker Stoff mit einem Verfl\u00fcssigungspunkt von 69,5 \u00b0C. Seine Wasserl\u00f6slichkeit betr\u00e4gt &gt;32,7 \u03bcg\/ml.<\/p>\n<h3><strong>Pharmakologie 5-MeO-DMT Forschungschemikalie<\/strong><\/h3>\n<p>Wie die anderen Tryptamine hat 5-MeO-DMT freebase kopen eine \u00e4hnliche Grundstruktur wie DMT, besitzt aber ein Methoxyb\u00fcndel in der R5-Position. Es wirkt grunds\u00e4tzlich als Serotonin (5-HT)-Rezeptor-Agonist, mit einer spezifisch einschr\u00e4nkenden Vorliebe f\u00fcr den 5-HT1A-Rezeptor-Subtyp. Es bindet an 5-HT2A und folgt Aminrezeptoren, wobei es m\u00f6glicherweise halluzinogene Wirkungen \u00fcber letztere vermittelt. Die Wiederaufnahmehemmung von Neurotransmittern, z. B. Noradrenalin und Dopamin, wird zus\u00e4tzlich mit der F\u00e4higkeit von 5-MeO-DMT in Verbindung gebracht.<\/p>\n<h3><strong>Hochwertiges 5-MeO-DMT kaufen<\/strong><\/h3>\n<p>TRRCSHOP verf\u00fcgt \u00fcber langj\u00e4hrige Erfahrung in der <a href=\"https:\/\/chemsxpress.com\/de\/produktkategorie\/forschungschemikalien\/\">Forschungschemikalie<\/a> Designerindustrie, so dass wir die h\u00f6chste Qualit\u00e4t dieser Forschungschemikalien gew\u00e4hrleisten k\u00f6nnen. Das Forschungschemie-Team verkauft 5-MeO-DMT freebase kopen. Die Forschungschemikalien, einschlie\u00dflich 5-MeO-DMT freebases, erf\u00fcllen alle Sicherheitsanforderungen. Die Forschungschemikalien werden sorgf\u00e4ltig verteilt und an einem k\u00fchlen, trockenen Ort gelagert.<\/p>\n<p>Alle Produkte werden regelm\u00e4\u00dfig auf Qualit\u00e4t, Reinheit und Sicherheit gepr\u00fcft. Bewahre 5-MeO-DMT freebase immer bei Raumtemperatur und au\u00dferhalb der Reichweite von Kindern und Haustieren auf. Unser 5-MeO-DMT freebase ist nicht f\u00fcr den pers\u00f6nlichen Gebrauch bestimmt. Sie ist nur f\u00fcr Forschungszwecke bestimmt.<\/p>\n<p>Bei der Erforschung dieser Forschungschemikalie darf sie nicht mit Alkohol oder Forschungschemikalien vermischt werden!<\/p>\n<p>Alle unsere Produkte haben einen fairen Preis!<\/p>\n<h3><strong>Im Labor getestete freie 5-MeO-DMT-Base mit Ergebnissen.<\/strong><\/h3>\n<p>Remakes bem\u00fcht sich um die allgemeine Erf\u00fcllung der Kundenw\u00fcnsche. Verschiedene Untersuchungen haben gezeigt, dass Kunden vor dem Kauf von synthetischen Forschungschemikalien so viele Daten wie erwartet anfordern. Dar\u00fcber hinaus ver\u00f6ffentlichen wir alle Laborergebnisse zu jeder Pr\u00fcfsubstanz in einem PDF-Dokument.<\/p>\n<p>Unsere 5-MeO-DMT-Freebase entspricht durchg\u00e4ngig den Wirkstoffen und ist f\u00fcr jedermann ohne Weiteres erkennbar.<\/p>\n<p>Wir verteilen alle Laborergebnisse zu jeder Forschungschemikalie auf einem PDF-Dokument.<\/p>\n<h3><strong>Sicher bestellen bei 5-MeO-DMT freebase.<\/strong><\/h3>\n<p>TRRCSHOP Designer-Forschungschemikalien sind von hervorragender Qualit\u00e4t und haben einen fairen Preis. Wenn Sie also Ihre\u00a0<strong>5-MeO-DMT freebase\u00a0<\/strong>Wir von TRRCSHOP garantieren Ihnen, dass wir Ihre Anfrage schnell und sicher zu Ihnen nach Hause bringen.<\/p>\n<p>Im TRRCSHOP k\u00f6nnen Sie synthetische Forschungssubstanzen ganz einfach mit Bitcoin oder per Bank\u00fcberweisung bestellen.<\/p>\n<p>Wir versenden 5-MeO-DMT freebase noch am selben Werktag, wenn die Zahlung vor 14:00 Uhr MESZ eingegangen ist. Wir versenden normalerweise nicht am Samstag, Sonntag oder an nationalen\/internationalen Feiertagen<strong>.<\/strong><\/p>\n<h3><strong>Diskreter Versand von Forschungschemikalien.<\/strong><\/h3>\n<p>Auch wenn Designer-Forschungschemikalien online legal erh\u00e4ltlich sind, liefern wir von Rchemshop am sichersten und g\u00fcnstigsten. Au\u00dferdem verpacken wir mit perfekter Tarnung, und kein Zeichen von dem, was drin sein k\u00f6nnte, wird auf der Au\u00dfenseite gezeigt werden.<\/p>\n<p>Wir versenden Bestellungen \u00fcber 500 Euro mit Track and Follow, damit Sie Ihr Paket nach und nach verfolgen k\u00f6nnen. Wir versenden Bestellungen \u00fcber 500 Euro mit dem zug\u00e4nglichen Weg.<\/p>\n<p>Wir liefern keine Artikel an Personen unter 18 Jahren!<\/p>\n<h3><strong>Vorsichtsma\u00dfnahmen<\/strong><\/h3>\n<ul>\n<li>Kaufen Sie die 5-MeO-DMT-Forschungschemikalie mit der entsprechenden individuellen Schutzausr\u00fcstung wie Schutzbrille und Handschuhe. Reinigen und pflegen Sie sie angemessen. Befolgen Sie beim Umgang mit Forschungschemikalien sichere Systeme und nehmen Sie keine Abk\u00fcrzungen.<\/li>\n<li>Wenn die Forschungschemikalie mit den Augen in Ber\u00fchrung kommt, sp\u00fclen Sie sie gut aus und entfernen Sie Kontaktlinsen, falls dies notwendig ist.<\/li>\n<li>Versuchen Sie, bei der Verwendung dieser Chemikalien eine Maske zu tragen, damit sie beim Atmen nicht in Ihr Inneres gelangen k\u00f6nnen.<\/li>\n<li>Wie bei den unterst\u00fctzten Methoden angegeben, sind gef\u00e4hrliche Stoffe sicher zu handhaben, zu lagern und zu entsorgen. Sch\u00fctten Sie sie niemals in die Kanalisation oder in Kan\u00e4le.<\/li>\n<li>Lagern Sie Forschungschemikalien entsprechend den Angaben auf ihren Namen. Entflammbare Chemikalien sollten in ausgezeichnetem, trockenem Cannabis gelagert werden, fern von Intensit\u00e4t und Tageslicht. Einige synthetische Stoffe, wie z. B. S\u00e4uren, sollten unabh\u00e4ngig voneinander aufbewahrt werden.<\/li>\n<li><a href=\"https:\/\/chemsxpress.com\/de\/\">ChemsXpres<\/a>Sie werden zu Forschungszwecken angeboten; der Verzehr ist strengstens verboten.<\/li>\n<\/ul>","protected":false},"excerpt":{"rendered":"<p><strong>IUPAC-Name: <\/strong>2-(5-Methoxy-1H-indol-3-yl)-N,N-dimethylethaanamin<\/p>\n<p><strong>CAS # <\/strong>1019-45-0<\/p>\n<p><strong>Anderer Name: <\/strong>5-Methoxy-N,N-dimethyltryptamin<\/p>\n<p><strong>Erscheinungsbild: <\/strong>Pulver<\/p>\n<p><strong>Form: <\/strong>freebase<\/p>\n<p><strong>NMR-Analyse: <\/strong>C13H18N2O<\/p>","protected":false},"featured_media":29078,"comment_status":"open","ping_status":"closed","template":"","meta":[],"product_brand":[],"product_cat":[92],"product_tag":[],"class_list":{"0":"post-29010","1":"product","2":"type-product","3":"status-publish","4":"has-post-thumbnail","6":"product_cat-tryptamines","8":"first","9":"instock","10":"shipping-taxable","11":"purchasable","12":"product-type-variable"},"yoast_head":"<!-- This site is optimized with the Yoast SEO Premium plugin v24.1 (Yoast SEO v27.4) - https:\/\/yoast.com\/product\/yoast-seo-premium-wordpress\/ -->\n<title>Buy 5-MEO-DMT Freebase: Premium Quality RC&#039;s | ChemsXpress<\/title>\n<meta name=\"description\" content=\"Explore 5-MEO-DMT freebase at ChemsXpress. Premium research chemicals, fast shipping. Trust our quality assurance for all your research needs. Order now\" \/>\n<meta name=\"robots\" content=\"index, follow, max-snippet:-1, max-image-preview:large, max-video-preview:-1\" \/>\n<link rel=\"canonical\" href=\"https:\/\/chemsxpress.com\/de\/produkt\/5-meo-dmt-freebase-kaufen\/\" \/>\n<meta property=\"og:locale\" content=\"de_DE\" \/>\n<meta property=\"og:type\" content=\"article\" \/>\n<meta property=\"og:title\" content=\"5-MeO-DMT freebase\" \/>\n<meta property=\"og:description\" content=\"Explore 5-MEO-DMT freebase at ChemsXpress. Premium research chemicals, fast shipping. Trust our quality assurance for all your research needs. Order now\" \/>\n<meta property=\"og:url\" content=\"https:\/\/chemsxpress.com\/de\/produkt\/5-meo-dmt-freebase-kaufen\/\" \/>\n<meta property=\"og:site_name\" content=\"SHOP MDPHP\" \/>\n<meta property=\"article:modified_time\" content=\"2024-07-04T22:02:16+00:00\" \/>\n<meta property=\"og:image\" content=\"https:\/\/chemsxpress.com\/wp-content\/uploads\/2024\/04\/5-MeO-DMT-freebase.jpg\" \/>\n\t<meta property=\"og:image:width\" content=\"600\" \/>\n\t<meta property=\"og:image:height\" content=\"600\" \/>\n\t<meta property=\"og:image:type\" content=\"image\/jpeg\" \/>\n<meta name=\"twitter:card\" content=\"summary_large_image\" \/>\n<meta name=\"twitter:label1\" content=\"Gesch\u00e4tzte Lesezeit\" \/>\n\t<meta name=\"twitter:data1\" content=\"4\u00a0Minuten\" \/>\n<script type=\"application\/ld+json\" class=\"yoast-schema-graph\">{\"@context\":\"https:\\\/\\\/schema.org\",\"@graph\":[{\"@type\":\"WebPage\",\"@id\":\"https:\\\/\\\/chemsxpress.com\\\/product\\\/buy-5-meo-dmt-freebase\\\/\",\"url\":\"https:\\\/\\\/chemsxpress.com\\\/product\\\/buy-5-meo-dmt-freebase\\\/\",\"name\":\"Buy 5-MEO-DMT Freebase: Premium Quality RC's | ChemsXpress\",\"isPartOf\":{\"@id\":\"https:\\\/\\\/chemsxpress.com\\\/#website\"},\"primaryImageOfPage\":{\"@id\":\"https:\\\/\\\/chemsxpress.com\\\/product\\\/buy-5-meo-dmt-freebase\\\/#primaryimage\"},\"image\":{\"@id\":\"https:\\\/\\\/chemsxpress.com\\\/product\\\/buy-5-meo-dmt-freebase\\\/#primaryimage\"},\"thumbnailUrl\":\"https:\\\/\\\/chemsxpress.com\\\/wp-content\\\/uploads\\\/2024\\\/04\\\/5-MeO-DMT-freebase.jpg\",\"datePublished\":\"2024-04-29T13:20:19+00:00\",\"dateModified\":\"2024-07-04T22:02:16+00:00\",\"description\":\"Explore 5-MEO-DMT freebase at ChemsXpress. Premium research chemicals, fast shipping. Trust our quality assurance for all your research needs. Order now\",\"breadcrumb\":{\"@id\":\"https:\\\/\\\/chemsxpress.com\\\/product\\\/buy-5-meo-dmt-freebase\\\/#breadcrumb\"},\"inLanguage\":\"de\",\"potentialAction\":[{\"@type\":\"ReadAction\",\"target\":[\"https:\\\/\\\/chemsxpress.com\\\/product\\\/buy-5-meo-dmt-freebase\\\/\"]}]},{\"@type\":\"ImageObject\",\"inLanguage\":\"de\",\"@id\":\"https:\\\/\\\/chemsxpress.com\\\/product\\\/buy-5-meo-dmt-freebase\\\/#primaryimage\",\"url\":\"https:\\\/\\\/chemsxpress.com\\\/wp-content\\\/uploads\\\/2024\\\/04\\\/5-MeO-DMT-freebase.jpg\",\"contentUrl\":\"https:\\\/\\\/chemsxpress.com\\\/wp-content\\\/uploads\\\/2024\\\/04\\\/5-MeO-DMT-freebase.jpg\",\"width\":600,\"height\":600,\"caption\":\"Buy 5-Meo-DMT freebase\"},{\"@type\":\"BreadcrumbList\",\"@id\":\"https:\\\/\\\/chemsxpress.com\\\/product\\\/buy-5-meo-dmt-freebase\\\/#breadcrumb\",\"itemListElement\":[{\"@type\":\"ListItem\",\"position\":1,\"name\":\"Home\",\"item\":\"https:\\\/\\\/chemsxpress.com\\\/\"},{\"@type\":\"ListItem\",\"position\":2,\"name\":\"Shop\",\"item\":\"https:\\\/\\\/chemsxpress.com\\\/shop\\\/\"},{\"@type\":\"ListItem\",\"position\":3,\"name\":\"5-MeO-DMT freebase\"}]},{\"@type\":\"WebSite\",\"@id\":\"https:\\\/\\\/chemsxpress.com\\\/#website\",\"url\":\"https:\\\/\\\/chemsxpress.com\\\/\",\"name\":\"SHOP MDPHP\",\"description\":\"Buy MDPHP freebase from reliable supplier\",\"potentialAction\":[{\"@type\":\"SearchAction\",\"target\":{\"@type\":\"EntryPoint\",\"urlTemplate\":\"https:\\\/\\\/chemsxpress.com\\\/?s={search_term_string}\"},\"query-input\":{\"@type\":\"PropertyValueSpecification\",\"valueRequired\":true,\"valueName\":\"search_term_string\"}}],\"inLanguage\":\"de\"}]}<\/script>\n<!-- \/ Yoast SEO Premium plugin. -->","yoast_head_json":{"title":"5-MEO-DMT Freebase kaufen: Premium Qualit\u00e4t RC's | ChemsXpress","description":"Entdecken Sie 5-MEO-DMT freebase bei ChemsXpress. Hochwertige Forschungschemikalien, schneller Versand. Vertrauen Sie unserer Qualit\u00e4tssicherung f\u00fcr Ihren gesamten Forschungsbedarf. Jetzt bestellen","robots":{"index":"index","follow":"follow","max-snippet":"max-snippet:-1","max-image-preview":"max-image-preview:large","max-video-preview":"max-video-preview:-1"},"canonical":"https:\/\/chemsxpress.com\/de\/produkt\/5-meo-dmt-freebase-kaufen\/","og_locale":"de_DE","og_type":"article","og_title":"5-MeO-DMT freebase","og_description":"Explore 5-MEO-DMT freebase at ChemsXpress. Premium research chemicals, fast shipping. Trust our quality assurance for all your research needs. Order now","og_url":"https:\/\/chemsxpress.com\/de\/produkt\/5-meo-dmt-freebase-kaufen\/","og_site_name":"SHOP MDPHP","article_modified_time":"2024-07-04T22:02:16+00:00","og_image":[{"width":600,"height":600,"url":"https:\/\/chemsxpress.com\/wp-content\/uploads\/2024\/04\/5-MeO-DMT-freebase.jpg","type":"image\/jpeg"}],"twitter_card":"summary_large_image","twitter_misc":{"Gesch\u00e4tzte Lesezeit":"4\u00a0Minuten"},"schema":{"@context":"https:\/\/schema.org","@graph":[{"@type":"WebPage","@id":"https:\/\/chemsxpress.com\/product\/buy-5-meo-dmt-freebase\/","url":"https:\/\/chemsxpress.com\/product\/buy-5-meo-dmt-freebase\/","name":"5-MEO-DMT Freebase kaufen: Premium Qualit\u00e4t RC's | ChemsXpress","isPartOf":{"@id":"https:\/\/chemsxpress.com\/#website"},"primaryImageOfPage":{"@id":"https:\/\/chemsxpress.com\/product\/buy-5-meo-dmt-freebase\/#primaryimage"},"image":{"@id":"https:\/\/chemsxpress.com\/product\/buy-5-meo-dmt-freebase\/#primaryimage"},"thumbnailUrl":"https:\/\/chemsxpress.com\/wp-content\/uploads\/2024\/04\/5-MeO-DMT-freebase.jpg","datePublished":"2024-04-29T13:20:19+00:00","dateModified":"2024-07-04T22:02:16+00:00","description":"Entdecken Sie 5-MEO-DMT freebase bei ChemsXpress. Hochwertige Forschungschemikalien, schneller Versand. Vertrauen Sie unserer Qualit\u00e4tssicherung f\u00fcr Ihren gesamten Forschungsbedarf. Jetzt bestellen","breadcrumb":{"@id":"https:\/\/chemsxpress.com\/product\/buy-5-meo-dmt-freebase\/#breadcrumb"},"inLanguage":"de","potentialAction":[{"@type":"ReadAction","target":["https:\/\/chemsxpress.com\/product\/buy-5-meo-dmt-freebase\/"]}]},{"@type":"ImageObject","inLanguage":"de","@id":"https:\/\/chemsxpress.com\/product\/buy-5-meo-dmt-freebase\/#primaryimage","url":"https:\/\/chemsxpress.com\/wp-content\/uploads\/2024\/04\/5-MeO-DMT-freebase.jpg","contentUrl":"https:\/\/chemsxpress.com\/wp-content\/uploads\/2024\/04\/5-MeO-DMT-freebase.jpg","width":600,"height":600,"caption":"Buy 5-Meo-DMT freebase"},{"@type":"BreadcrumbList","@id":"https:\/\/chemsxpress.com\/product\/buy-5-meo-dmt-freebase\/#breadcrumb","itemListElement":[{"@type":"ListItem","position":1,"name":"Home","item":"https:\/\/chemsxpress.com\/"},{"@type":"ListItem","position":2,"name":"Shop","item":"https:\/\/chemsxpress.com\/shop\/"},{"@type":"ListItem","position":3,"name":"5-MeO-DMT freebase"}]},{"@type":"WebSite","@id":"https:\/\/chemsxpress.com\/#website","url":"https:\/\/chemsxpress.com\/","name":"MDPHP EINKAUFEN","description":"MDPHP freebase von einem zuverl\u00e4ssigen Anbieter kaufen","potentialAction":[{"@type":"SearchAction","target":{"@type":"EntryPoint","urlTemplate":"https:\/\/chemsxpress.com\/?s={search_term_string}"},"query-input":{"@type":"PropertyValueSpecification","valueRequired":true,"valueName":"search_term_string"}}],"inLanguage":"de"}]}},"jetpack_sharing_enabled":true,"_links":{"self":[{"href":"https:\/\/chemsxpress.com\/de\/wp-json\/wp\/v2\/product\/29010","targetHints":{"allow":["GET"]}}],"collection":[{"href":"https:\/\/chemsxpress.com\/de\/wp-json\/wp\/v2\/product"}],"about":[{"href":"https:\/\/chemsxpress.com\/de\/wp-json\/wp\/v2\/types\/product"}],"replies":[{"embeddable":true,"href":"https:\/\/chemsxpress.com\/de\/wp-json\/wp\/v2\/comments?post=29010"}],"version-history":[{"count":4,"href":"https:\/\/chemsxpress.com\/de\/wp-json\/wp\/v2\/product\/29010\/revisions"}],"predecessor-version":[{"id":30001,"href":"https:\/\/chemsxpress.com\/de\/wp-json\/wp\/v2\/product\/29010\/revisions\/30001"}],"wp:featuredmedia":[{"embeddable":true,"href":"https:\/\/chemsxpress.com\/de\/wp-json\/wp\/v2\/media\/29078"}],"wp:attachment":[{"href":"https:\/\/chemsxpress.com\/de\/wp-json\/wp\/v2\/media?parent=29010"}],"wp:term":[{"taxonomy":"product_brand","embeddable":true,"href":"https:\/\/chemsxpress.com\/de\/wp-json\/wp\/v2\/product_brand?post=29010"},{"taxonomy":"product_cat","embeddable":true,"href":"https:\/\/chemsxpress.com\/de\/wp-json\/wp\/v2\/product_cat?post=29010"},{"taxonomy":"product_tag","embeddable":true,"href":"https:\/\/chemsxpress.com\/de\/wp-json\/wp\/v2\/product_tag?post=29010"}],"curies":[{"name":"wp","href":"https:\/\/api.w.org\/{rel}","templated":true}]}}