{"id":29011,"date":"2024-04-29T13:20:20","date_gmt":"2024-04-29T13:20:20","guid":{"rendered":"https:\/\/chemsxpress.com\/?post_type=product&#038;p=29011"},"modified":"2025-05-26T15:53:16","modified_gmt":"2025-05-26T15:53:16","slug":"ept-online-kaufen-2","status":"publish","type":"product","link":"https:\/\/chemsxpress.com\/de\/produkt\/ept-online-kaufen-2\/","title":{"rendered":"EPT"},"content":{"rendered":"<h1 style=\"font-weight: 500;\"><span data-contrast=\"none\">EPT online kaufen <\/span><span data-ccp-props=\"{}\">\u00a0<\/span><\/h1>\n<p><span data-contrast=\"none\">EPT online kaufen ist die Abk\u00fcrzung f\u00fcr <\/span><span data-contrast=\"auto\">N-Ethyl-N-<\/span><span data-contrast=\"auto\">Propyltryptamin<\/span><span data-contrast=\"auto\">. Es geh\u00f6rt zur Klasse der Tryptamine. EPT ist ein relativ neues und relativ unbekanntes Tryptamin. In der Tat ist das urspr\u00fcngliche Synthesedatum f\u00fcr EPT unbekannt. Es ist jedoch seit 2016 auf dem Forschungsmarkt zum Verkauf erh\u00e4ltlich. Die Forschungsergebnisse von EPT-Laborexperimenten werden in der Regel als weniger intensiv beschrieben als die anderer Tryptamine, wie DMT, DET und DPT. Wenn Sie also nach einer sanfteren Alternative zu DMT, DET oder DPT suchen, dann ist EPT eine solide Option f\u00fcr Sie.\u00a0<\/span><span data-ccp-props=\"{}\">\u00a0<\/span><\/p>\n<p>EPT, oder Ethylpropyltryptamin, ist eine chemische Verbindung, die zur Klasse der Tryptamine geh\u00f6rt. Es ist ein strukturelles Analogon von DMT (N,N-Dimethyltryptamin) und gilt als psychedelische Verbindung. Da es sich jedoch um eine neuartige Substanz handelt, liegen nur wenige Informationen \u00fcber ihre Pharmakologie, ihre Wirkungen und ihr Sicherheitsprofil vor. <a href=\"https:\/\/chemsxpress.com\/de\/produktkategorie\/forschungschemikalien\/\">Forschungschemikalie<\/a>.<\/p>\n<p>Wie bei anderen Forschungschemikalien ist beim Umgang mit EPT und bei der Forschung Vorsicht geboten. Forscher sollten sich an strenge Sicherheitsprotokolle und gesetzliche Vorschriften f\u00fcr den Besitz, die Verwendung und den Vertrieb von EPT halten.<\/p>\n<p>Es ist wichtig zu wissen, dass die Verwendung von EPT f\u00fcr den menschlichen Verzehr von den Aufsichtsbeh\u00f6rden nicht genehmigt ist und dass seine Auswirkungen auf den Menschen nicht gr\u00fcndlich untersucht wurden. Daher sollte jede Forschung mit EPT mit \u00e4u\u00dferster Sorgfalt und nach ethischen Gesichtspunkten durchgef\u00fchrt werden.<\/p>\n<h2 style=\"font-weight: 500;\"><span data-contrast=\"none\">Wo kann man EPT kaufen?\u00a0<\/span><span data-ccp-props=\"{}\">\u00a0<\/span><\/h2>\n<p><span data-contrast=\"none\"><a href=\"https:\/\/chemsxpress.com\/de\/\">ChemsXpress<\/a> ist einer der f\u00fchrenden EPT-Verk\u00e4ufer. Wir verkaufen EPT sowohl in der <\/span><span data-contrast=\"none\">hcl<\/span><span data-contrast=\"none\">\u00a0und Fumarat in Pulverform. Wenn Sie jedoch andere Formen der Chemikalie bevorzugen, k\u00f6nnen Sie sich gerne mit uns in Verbindung setzen, um zu sehen, ob wir sie verf\u00fcgbar haben.\u00a0<\/span><span data-ccp-props=\"{}\">\u00a0<\/span><\/p>\n<p><span data-contrast=\"none\">Um EPT bei ChemsXpress zu kaufen, m\u00fcssen Sie in Ihrem Land legal sein und das 18. Lebensjahr vollendet haben. Unser EPT ist nur f\u00fcr Forschungszwecke bestimmt. Es ist nicht f\u00fcr die Verwendung an Tieren oder Menschen bestimmt. <\/span><span data-ccp-props=\"{}\">\u00a0<\/span><\/p>\n<p><span data-ccp-props=\"{}\">\u00a0<\/span><\/p>\n<h2 style=\"font-weight: 500;\"><span data-contrast=\"none\">EPT-Rechtm\u00e4\u00dfigkeit<\/span><span data-ccp-props=\"{}\">\u00a0<\/span><\/h2>\n<p><span data-contrast=\"none\">EPT ist im Vereinigten K\u00f6nigreich eine Droge der Klasse A. In den Vereinigten Staaten ist sie nicht zugelassen. Es k\u00f6nnte jedoch m\u00f6glicherweise als Analogon von DMT betrachtet werden, das als Droge in Anhang I aufgef\u00fchrt ist.<\/span><\/p>","protected":false},"excerpt":{"rendered":"<p><strong>IUPAC-Name: <\/strong>3-[2-(Ethyl(propyl)amino)ethyl]-1H-indole<\/p>\n<p><strong>Other name: <\/strong>N-Ethyl-N-propyltryptamine<\/p>\n<p><strong>Appearance: <\/strong>powder<\/p>\n<p><strong>Form: <\/strong>fumarate<\/p>\n<p><strong>NMR Analysis: <\/strong>N\/A<\/p>\n","protected":false},"featured_media":29080,"comment_status":"open","ping_status":"closed","template":"","meta":[],"product_brand":[],"product_cat":[92],"product_tag":[],"class_list":{"0":"post-29011","1":"product","2":"type-product","3":"status-publish","4":"has-post-thumbnail","6":"product_cat-tryptamines","8":"first","9":"instock","10":"shipping-taxable","11":"purchasable","12":"product-type-variable"},"yoast_head":"<!-- This site is optimized with the Yoast SEO Premium plugin v24.1 (Yoast SEO v27.5) - https:\/\/yoast.com\/product\/yoast-seo-premium-wordpress\/ -->\n<title>Buy EPT Online:Premium Quality Research Chems| ChemsXpress<\/title>\n<meta name=\"description\" content=\"Explore EPT at ChemsXpress. Premium research chemicals, fast shipping. Trust our quality assurance for all your research needs. Order now!&quot;\" \/>\n<meta name=\"robots\" content=\"index, follow, max-snippet:-1, max-image-preview:large, max-video-preview:-1\" \/>\n<link rel=\"canonical\" href=\"https:\/\/chemsxpress.com\/de\/produkt\/ept-online-kaufen-2\/\" \/>\n<meta property=\"og:locale\" content=\"de_DE\" \/>\n<meta property=\"og:type\" content=\"article\" \/>\n<meta property=\"og:title\" content=\"EPT\" \/>\n<meta property=\"og:description\" content=\"Explore EPT at ChemsXpress. Premium research chemicals, fast shipping. Trust our quality assurance for all your research needs. Order now!&quot;\" \/>\n<meta property=\"og:url\" content=\"https:\/\/chemsxpress.com\/de\/produkt\/ept-online-kaufen-2\/\" \/>\n<meta property=\"og:site_name\" content=\"SHOP MDPHP\" \/>\n<meta property=\"article:modified_time\" content=\"2025-05-26T15:53:16+00:00\" \/>\n<meta property=\"og:image\" content=\"https:\/\/chemsxpress.com\/wp-content\/uploads\/2024\/04\/EPT.jpg\" \/>\n\t<meta property=\"og:image:width\" content=\"600\" \/>\n\t<meta property=\"og:image:height\" content=\"600\" \/>\n\t<meta property=\"og:image:type\" content=\"image\/jpeg\" \/>\n<meta name=\"twitter:card\" content=\"summary_large_image\" \/>\n<meta name=\"twitter:label1\" content=\"Gesch\u00e4tzte Lesezeit\" \/>\n\t<meta name=\"twitter:data1\" content=\"2\u00a0Minuten\" \/>\n<script type=\"application\/ld+json\" class=\"yoast-schema-graph\">{\"@context\":\"https:\\\/\\\/schema.org\",\"@graph\":[{\"@type\":\"WebPage\",\"@id\":\"https:\\\/\\\/chemsxpress.com\\\/product\\\/buy-ept-online\\\/\",\"url\":\"https:\\\/\\\/chemsxpress.com\\\/product\\\/buy-ept-online\\\/\",\"name\":\"Buy EPT Online:Premium Quality Research Chems| ChemsXpress\",\"isPartOf\":{\"@id\":\"https:\\\/\\\/chemsxpress.com\\\/#website\"},\"primaryImageOfPage\":{\"@id\":\"https:\\\/\\\/chemsxpress.com\\\/product\\\/buy-ept-online\\\/#primaryimage\"},\"image\":{\"@id\":\"https:\\\/\\\/chemsxpress.com\\\/product\\\/buy-ept-online\\\/#primaryimage\"},\"thumbnailUrl\":\"https:\\\/\\\/chemsxpress.com\\\/wp-content\\\/uploads\\\/2024\\\/04\\\/EPT.jpg\",\"datePublished\":\"2024-04-29T13:20:20+00:00\",\"dateModified\":\"2025-05-26T15:53:16+00:00\",\"description\":\"Explore EPT at ChemsXpress. Premium research chemicals, fast shipping. Trust our quality assurance for all your research needs. Order now!\\\"\",\"breadcrumb\":{\"@id\":\"https:\\\/\\\/chemsxpress.com\\\/product\\\/buy-ept-online\\\/#breadcrumb\"},\"inLanguage\":\"de\",\"potentialAction\":[{\"@type\":\"ReadAction\",\"target\":[\"https:\\\/\\\/chemsxpress.com\\\/product\\\/buy-ept-online\\\/\"]}]},{\"@type\":\"ImageObject\",\"inLanguage\":\"de\",\"@id\":\"https:\\\/\\\/chemsxpress.com\\\/product\\\/buy-ept-online\\\/#primaryimage\",\"url\":\"https:\\\/\\\/chemsxpress.com\\\/wp-content\\\/uploads\\\/2024\\\/04\\\/EPT.jpg\",\"contentUrl\":\"https:\\\/\\\/chemsxpress.com\\\/wp-content\\\/uploads\\\/2024\\\/04\\\/EPT.jpg\",\"width\":600,\"height\":600,\"caption\":\"Buy EPT online\"},{\"@type\":\"BreadcrumbList\",\"@id\":\"https:\\\/\\\/chemsxpress.com\\\/product\\\/buy-ept-online\\\/#breadcrumb\",\"itemListElement\":[{\"@type\":\"ListItem\",\"position\":1,\"name\":\"Home\",\"item\":\"https:\\\/\\\/chemsxpress.com\\\/\"},{\"@type\":\"ListItem\",\"position\":2,\"name\":\"Shop\",\"item\":\"https:\\\/\\\/chemsxpress.com\\\/shop\\\/\"},{\"@type\":\"ListItem\",\"position\":3,\"name\":\"EPT\"}]},{\"@type\":\"WebSite\",\"@id\":\"https:\\\/\\\/chemsxpress.com\\\/#website\",\"url\":\"https:\\\/\\\/chemsxpress.com\\\/\",\"name\":\"SHOP MDPHP\",\"description\":\"Buy MDPHP freebase from reliable supplier\",\"potentialAction\":[{\"@type\":\"SearchAction\",\"target\":{\"@type\":\"EntryPoint\",\"urlTemplate\":\"https:\\\/\\\/chemsxpress.com\\\/?s={search_term_string}\"},\"query-input\":{\"@type\":\"PropertyValueSpecification\",\"valueRequired\":true,\"valueName\":\"search_term_string\"}}],\"inLanguage\":\"de\"}]}<\/script>\n<!-- \/ Yoast SEO Premium plugin. -->","yoast_head_json":{"title":"EPT online kaufen:Forschungs-Chemikalien in Premium-Qualit\u00e4t| ChemsXpress","description":"Entdecken Sie EPT bei ChemsXpress. Hochwertige Forschungschemikalien, schneller Versand. Vertrauen Sie auf unsere Qualit\u00e4tssicherung f\u00fcr Ihren gesamten Forschungsbedarf. Bestellen Sie jetzt!\"","robots":{"index":"index","follow":"follow","max-snippet":"max-snippet:-1","max-image-preview":"max-image-preview:large","max-video-preview":"max-video-preview:-1"},"canonical":"https:\/\/chemsxpress.com\/de\/produkt\/ept-online-kaufen-2\/","og_locale":"de_DE","og_type":"article","og_title":"EPT","og_description":"Explore EPT at ChemsXpress. Premium research chemicals, fast shipping. Trust our quality assurance for all your research needs. Order now!\"","og_url":"https:\/\/chemsxpress.com\/de\/produkt\/ept-online-kaufen-2\/","og_site_name":"SHOP MDPHP","article_modified_time":"2025-05-26T15:53:16+00:00","og_image":[{"width":600,"height":600,"url":"https:\/\/chemsxpress.com\/wp-content\/uploads\/2024\/04\/EPT.jpg","type":"image\/jpeg"}],"twitter_card":"summary_large_image","twitter_misc":{"Gesch\u00e4tzte Lesezeit":"2\u00a0Minuten"},"schema":{"@context":"https:\/\/schema.org","@graph":[{"@type":"WebPage","@id":"https:\/\/chemsxpress.com\/product\/buy-ept-online\/","url":"https:\/\/chemsxpress.com\/product\/buy-ept-online\/","name":"EPT online kaufen:Forschungs-Chemikalien in Premium-Qualit\u00e4t| ChemsXpress","isPartOf":{"@id":"https:\/\/chemsxpress.com\/#website"},"primaryImageOfPage":{"@id":"https:\/\/chemsxpress.com\/product\/buy-ept-online\/#primaryimage"},"image":{"@id":"https:\/\/chemsxpress.com\/product\/buy-ept-online\/#primaryimage"},"thumbnailUrl":"https:\/\/chemsxpress.com\/wp-content\/uploads\/2024\/04\/EPT.jpg","datePublished":"2024-04-29T13:20:20+00:00","dateModified":"2025-05-26T15:53:16+00:00","description":"Entdecken Sie EPT bei ChemsXpress. Hochwertige Forschungschemikalien, schneller Versand. Vertrauen Sie auf unsere Qualit\u00e4tssicherung f\u00fcr Ihren gesamten Forschungsbedarf. Bestellen Sie jetzt!\"","breadcrumb":{"@id":"https:\/\/chemsxpress.com\/product\/buy-ept-online\/#breadcrumb"},"inLanguage":"de","potentialAction":[{"@type":"ReadAction","target":["https:\/\/chemsxpress.com\/product\/buy-ept-online\/"]}]},{"@type":"ImageObject","inLanguage":"de","@id":"https:\/\/chemsxpress.com\/product\/buy-ept-online\/#primaryimage","url":"https:\/\/chemsxpress.com\/wp-content\/uploads\/2024\/04\/EPT.jpg","contentUrl":"https:\/\/chemsxpress.com\/wp-content\/uploads\/2024\/04\/EPT.jpg","width":600,"height":600,"caption":"Buy EPT online"},{"@type":"BreadcrumbList","@id":"https:\/\/chemsxpress.com\/product\/buy-ept-online\/#breadcrumb","itemListElement":[{"@type":"ListItem","position":1,"name":"Home","item":"https:\/\/chemsxpress.com\/"},{"@type":"ListItem","position":2,"name":"Shop","item":"https:\/\/chemsxpress.com\/shop\/"},{"@type":"ListItem","position":3,"name":"EPT"}]},{"@type":"WebSite","@id":"https:\/\/chemsxpress.com\/#website","url":"https:\/\/chemsxpress.com\/","name":"MDPHP EINKAUFEN","description":"MDPHP freebase von einem zuverl\u00e4ssigen Anbieter kaufen","potentialAction":[{"@type":"SearchAction","target":{"@type":"EntryPoint","urlTemplate":"https:\/\/chemsxpress.com\/?s={search_term_string}"},"query-input":{"@type":"PropertyValueSpecification","valueRequired":true,"valueName":"search_term_string"}}],"inLanguage":"de"}]}},"jetpack_sharing_enabled":true,"_links":{"self":[{"href":"https:\/\/chemsxpress.com\/de\/wp-json\/wp\/v2\/product\/29011","targetHints":{"allow":["GET"]}}],"collection":[{"href":"https:\/\/chemsxpress.com\/de\/wp-json\/wp\/v2\/product"}],"about":[{"href":"https:\/\/chemsxpress.com\/de\/wp-json\/wp\/v2\/types\/product"}],"replies":[{"embeddable":true,"href":"https:\/\/chemsxpress.com\/de\/wp-json\/wp\/v2\/comments?post=29011"}],"version-history":[{"count":4,"href":"https:\/\/chemsxpress.com\/de\/wp-json\/wp\/v2\/product\/29011\/revisions"}],"predecessor-version":[{"id":29998,"href":"https:\/\/chemsxpress.com\/de\/wp-json\/wp\/v2\/product\/29011\/revisions\/29998"}],"wp:featuredmedia":[{"embeddable":true,"href":"https:\/\/chemsxpress.com\/de\/wp-json\/wp\/v2\/media\/29080"}],"wp:attachment":[{"href":"https:\/\/chemsxpress.com\/de\/wp-json\/wp\/v2\/media?parent=29011"}],"wp:term":[{"taxonomy":"product_brand","embeddable":true,"href":"https:\/\/chemsxpress.com\/de\/wp-json\/wp\/v2\/product_brand?post=29011"},{"taxonomy":"product_cat","embeddable":true,"href":"https:\/\/chemsxpress.com\/de\/wp-json\/wp\/v2\/product_cat?post=29011"},{"taxonomy":"product_tag","embeddable":true,"href":"https:\/\/chemsxpress.com\/de\/wp-json\/wp\/v2\/product_tag?post=29011"}],"curies":[{"name":"wp","href":"https:\/\/api.w.org\/{rel}","templated":true}]}}