{"id":29300,"date":"2024-04-29T13:21:21","date_gmt":"2024-04-29T13:21:21","guid":{"rendered":"https:\/\/chemsxpress.com\/?post_type=product&#038;p=29300"},"modified":"2024-07-04T21:55:54","modified_gmt":"2024-07-04T21:55:54","slug":"4-ho-mcpt-kaufen","status":"publish","type":"product","link":"https:\/\/chemsxpress.com\/de\/produkt\/4-ho-mcpt-kaufen\/","title":{"rendered":"4-HO-MCPT"},"content":{"rendered":"<p>Was ist 4-HO-MCPT kaufen?<\/p>\n<p>4-HO-MCPT kaufen ist eine psychedelische Verbindung, die zur Klasse der Tryptamine geh\u00f6rt. Sie ist strukturell mit Psilocin verwandt und wird als ein Derivat des psychedelischen Pilzes angesehen. Da es sich jedoch um eine neuartige Substanz handelt, gibt es nur wenige Informationen \u00fcber ihre Pharmakologie, ihre Wirkungen und ihr Sicherheitsprofil. <a href=\"https:\/\/chemsxpress.com\/de\/produktkategorie\/forschungschemikalien\/\">Forschungschemikalie<\/a>.<\/p>\n<p>Wie bei anderen Forschungschemikalien ist auch beim Umgang mit 4-HO-MCPT und dessen Erforschung Vorsicht geboten. Forscher sollten sich an strenge Sicherheitsprotokolle und gesetzliche Vorschriften bez\u00fcglich des Besitzes, der Verwendung und der Verteilung halten.<\/p>\n<p>Es ist wichtig zu wissen, dass die Verwendung von 4-HO-MCPT f\u00fcr den menschlichen Verzehr von den Aufsichtsbeh\u00f6rden nicht genehmigt ist und dass seine Auswirkungen auf den Menschen nicht gr\u00fcndlich untersucht wurden. Daher sollte jede Forschung mit 4-HO-MCPT mit \u00e4u\u00dferster Sorgfalt und unter Ber\u00fccksichtigung ethischer Gesichtspunkte durchgef\u00fchrt werden.<\/p>\n<h2><strong>Wo kann man 4-HO-MCPT kaufen?<\/strong><\/h2>\n<p>Unter <a href=\"https:\/\/chemsxpress.com\/de\/\">ChemsXpress<\/a>Bei der Verteilung von Forschungschemikalien legen wir gr\u00f6\u00dften Wert auf Sicherheit, Qualit\u00e4t und die Einhaltung der gesetzlichen Vorschriften. Auch wenn 4-HO-MCPT f\u00fcr Forschungszwecke zur Verf\u00fcgung steht, legen wir Wert auf einen verantwortungsvollen Umgang und die Verwendung aller Verbindungen.<\/p>\n<p>Forscher, die an der Untersuchung von Buy 4-HO-MCPT interessiert sind, k\u00f6nnen unsere Auswahl an Forschungschemikalien erkunden, die sorgf\u00e4ltig synthetisierte Verbindungen f\u00fcr wissenschaftliche Untersuchungen umfasst. Unser Engagement f\u00fcr die Qualit\u00e4tssicherung gew\u00e4hrleistet, dass Forscher hochwertige Produkte erhalten, die ihren Forschungsanforderungen entsprechen.<\/p>\n<p>Wir wissen, wie wichtig die Einhaltung gesetzlicher Vorschriften und ethischer Standards in der wissenschaftlichen Forschung ist. Daher k\u00f6nnen Forscher darauf vertrauen, dass ChemsXpress 4-HO-MCPT und andere Forschungschemikalien in \u00dcbereinstimmung mit den geltenden Gesetzen und Vorschriften bereitstellt.<\/p>\n<p>Erkunden Sie unseren Katalog an Forschungschemikalien bei ChemsXpress und entdecken Sie die Werkzeuge, die Sie f\u00fcr Ihre wissenschaftlichen Untersuchungen ben\u00f6tigen. Mit unserem Engagement f\u00fcr Sicherheit, Qualit\u00e4t und Konformit\u00e4t sind wir bestrebt, Ihr zuverl\u00e4ssiger Partner bei der F\u00f6rderung von Forschung und Innovation zu sein.<\/p>\n<p>&nbsp;<\/p>","protected":false},"excerpt":{"rendered":"<p>panaceachems.com bietet Produkte an, die nicht f\u00fcr den menschlichen Verzehr bestimmt sind. Wenn Sie dieses Produkt (unbeabsichtigt) konsumieren, kann dies ernsthafte medizinische Folgen haben.<\/p>","protected":false},"featured_media":29322,"comment_status":"open","ping_status":"closed","template":"","meta":[],"product_brand":[],"product_cat":[92],"product_tag":[],"class_list":{"0":"post-29300","1":"product","2":"type-product","3":"status-publish","4":"has-post-thumbnail","6":"product_cat-tryptamines","8":"first","9":"instock","10":"shipping-taxable","11":"purchasable","12":"product-type-variable"},"yoast_head":"<!-- This site is optimized with the Yoast SEO Premium plugin v24.1 (Yoast SEO v27.3) - https:\/\/yoast.com\/product\/yoast-seo-premium-wordpress\/ -->\n<title>Buy 4-HO-MCPT Online: Premium Quality RC&#039;s | ChemsXpress<\/title>\n<meta name=\"description\" content=\"Buy 4-HO-MCPT at ChemsXpress. Premium research chemicals, fast shipping. Trust our quality assurance for all your research needs. Order now!\" \/>\n<meta name=\"robots\" content=\"index, follow, max-snippet:-1, max-image-preview:large, max-video-preview:-1\" \/>\n<link rel=\"canonical\" href=\"https:\/\/chemsxpress.com\/de\/produkt\/4-ho-mcpt-kaufen\/\" \/>\n<meta property=\"og:locale\" content=\"de_DE\" \/>\n<meta property=\"og:type\" content=\"article\" \/>\n<meta property=\"og:title\" content=\"4-HO-MCPT\" \/>\n<meta property=\"og:description\" content=\"Buy 4-HO-MCPT at ChemsXpress. Premium research chemicals, fast shipping. Trust our quality assurance for all your research needs. Order now!\" \/>\n<meta property=\"og:url\" content=\"https:\/\/chemsxpress.com\/de\/produkt\/4-ho-mcpt-kaufen\/\" \/>\n<meta property=\"og:site_name\" content=\"SHOP MDPHP\" \/>\n<meta property=\"article:modified_time\" content=\"2024-07-04T21:55:54+00:00\" \/>\n<meta property=\"og:image\" content=\"https:\/\/chemsxpress.com\/wp-content\/uploads\/2024\/04\/4-HO-MiPT-1.jpg\" \/>\n\t<meta property=\"og:image:width\" content=\"600\" \/>\n\t<meta property=\"og:image:height\" content=\"600\" \/>\n\t<meta property=\"og:image:type\" content=\"image\/jpeg\" \/>\n<meta name=\"twitter:card\" content=\"summary_large_image\" \/>\n<meta name=\"twitter:label1\" content=\"Gesch\u00e4tzte Lesezeit\" \/>\n\t<meta name=\"twitter:data1\" content=\"2\u00a0Minuten\" \/>\n<script type=\"application\/ld+json\" class=\"yoast-schema-graph\">{\"@context\":\"https:\\\/\\\/schema.org\",\"@graph\":[{\"@type\":\"WebPage\",\"@id\":\"https:\\\/\\\/chemsxpress.com\\\/product\\\/buy-4-ho-mcpt\\\/\",\"url\":\"https:\\\/\\\/chemsxpress.com\\\/product\\\/buy-4-ho-mcpt\\\/\",\"name\":\"Buy 4-HO-MCPT Online: Premium Quality RC's | ChemsXpress\",\"isPartOf\":{\"@id\":\"https:\\\/\\\/chemsxpress.com\\\/#website\"},\"primaryImageOfPage\":{\"@id\":\"https:\\\/\\\/chemsxpress.com\\\/product\\\/buy-4-ho-mcpt\\\/#primaryimage\"},\"image\":{\"@id\":\"https:\\\/\\\/chemsxpress.com\\\/product\\\/buy-4-ho-mcpt\\\/#primaryimage\"},\"thumbnailUrl\":\"https:\\\/\\\/chemsxpress.com\\\/wp-content\\\/uploads\\\/2024\\\/04\\\/4-HO-MiPT-1.jpg\",\"datePublished\":\"2024-04-29T13:21:21+00:00\",\"dateModified\":\"2024-07-04T21:55:54+00:00\",\"description\":\"Buy 4-HO-MCPT at ChemsXpress. Premium research chemicals, fast shipping. Trust our quality assurance for all your research needs. Order now!\",\"breadcrumb\":{\"@id\":\"https:\\\/\\\/chemsxpress.com\\\/product\\\/buy-4-ho-mcpt\\\/#breadcrumb\"},\"inLanguage\":\"de\",\"potentialAction\":[{\"@type\":\"ReadAction\",\"target\":[\"https:\\\/\\\/chemsxpress.com\\\/product\\\/buy-4-ho-mcpt\\\/\"]}]},{\"@type\":\"ImageObject\",\"inLanguage\":\"de\",\"@id\":\"https:\\\/\\\/chemsxpress.com\\\/product\\\/buy-4-ho-mcpt\\\/#primaryimage\",\"url\":\"https:\\\/\\\/chemsxpress.com\\\/wp-content\\\/uploads\\\/2024\\\/04\\\/4-HO-MiPT-1.jpg\",\"contentUrl\":\"https:\\\/\\\/chemsxpress.com\\\/wp-content\\\/uploads\\\/2024\\\/04\\\/4-HO-MiPT-1.jpg\",\"width\":600,\"height\":600,\"caption\":\"Buy 4-HO-MCPT\"},{\"@type\":\"BreadcrumbList\",\"@id\":\"https:\\\/\\\/chemsxpress.com\\\/product\\\/buy-4-ho-mcpt\\\/#breadcrumb\",\"itemListElement\":[{\"@type\":\"ListItem\",\"position\":1,\"name\":\"Home\",\"item\":\"https:\\\/\\\/chemsxpress.com\\\/\"},{\"@type\":\"ListItem\",\"position\":2,\"name\":\"Shop\",\"item\":\"https:\\\/\\\/chemsxpress.com\\\/shop\\\/\"},{\"@type\":\"ListItem\",\"position\":3,\"name\":\"4-HO-MCPT\"}]},{\"@type\":\"WebSite\",\"@id\":\"https:\\\/\\\/chemsxpress.com\\\/#website\",\"url\":\"https:\\\/\\\/chemsxpress.com\\\/\",\"name\":\"SHOP MDPHP\",\"description\":\"Buy MDPHP freebase from reliable supplier\",\"potentialAction\":[{\"@type\":\"SearchAction\",\"target\":{\"@type\":\"EntryPoint\",\"urlTemplate\":\"https:\\\/\\\/chemsxpress.com\\\/?s={search_term_string}\"},\"query-input\":{\"@type\":\"PropertyValueSpecification\",\"valueRequired\":true,\"valueName\":\"search_term_string\"}}],\"inLanguage\":\"de\"}]}<\/script>\n<!-- \/ Yoast SEO Premium plugin. -->","yoast_head_json":{"title":"Kaufen Sie 4-HO-MCPT online: RCs in Premiumqualit\u00e4t | ChemsXpress","description":"Kaufen Sie 2C-D Pellets bei ChemsXpress. Hochwertige Forschungschemikalien, schneller Versand. Vertrauen Sie unserer Qualit\u00e4tssicherung f\u00fcr Ihren gesamten Forschungsbedarf. Jetzt bestellen","robots":{"index":"index","follow":"follow","max-snippet":"max-snippet:-1","max-image-preview":"max-image-preview:large","max-video-preview":"max-video-preview:-1"},"canonical":"https:\/\/chemsxpress.com\/de\/produkt\/4-ho-mcpt-kaufen\/","og_locale":"de_DE","og_type":"article","og_title":"4-HO-MCPT","og_description":"Buy 4-HO-MCPT at ChemsXpress. Premium research chemicals, fast shipping. Trust our quality assurance for all your research needs. Order now!","og_url":"https:\/\/chemsxpress.com\/de\/produkt\/4-ho-mcpt-kaufen\/","og_site_name":"SHOP MDPHP","article_modified_time":"2024-07-04T21:55:54+00:00","og_image":[{"width":600,"height":600,"url":"https:\/\/chemsxpress.com\/wp-content\/uploads\/2024\/04\/4-HO-MiPT-1.jpg","type":"image\/jpeg"}],"twitter_card":"summary_large_image","twitter_misc":{"Gesch\u00e4tzte Lesezeit":"2\u00a0Minuten"},"schema":{"@context":"https:\/\/schema.org","@graph":[{"@type":"WebPage","@id":"https:\/\/chemsxpress.com\/product\/buy-4-ho-mcpt\/","url":"https:\/\/chemsxpress.com\/product\/buy-4-ho-mcpt\/","name":"Kaufen Sie 4-HO-MCPT online: RCs in Premiumqualit\u00e4t | ChemsXpress","isPartOf":{"@id":"https:\/\/chemsxpress.com\/#website"},"primaryImageOfPage":{"@id":"https:\/\/chemsxpress.com\/product\/buy-4-ho-mcpt\/#primaryimage"},"image":{"@id":"https:\/\/chemsxpress.com\/product\/buy-4-ho-mcpt\/#primaryimage"},"thumbnailUrl":"https:\/\/chemsxpress.com\/wp-content\/uploads\/2024\/04\/4-HO-MiPT-1.jpg","datePublished":"2024-04-29T13:21:21+00:00","dateModified":"2024-07-04T21:55:54+00:00","description":"Kaufen Sie 2C-D Pellets bei ChemsXpress. Hochwertige Forschungschemikalien, schneller Versand. Vertrauen Sie unserer Qualit\u00e4tssicherung f\u00fcr Ihren gesamten Forschungsbedarf. Jetzt bestellen","breadcrumb":{"@id":"https:\/\/chemsxpress.com\/product\/buy-4-ho-mcpt\/#breadcrumb"},"inLanguage":"de","potentialAction":[{"@type":"ReadAction","target":["https:\/\/chemsxpress.com\/product\/buy-4-ho-mcpt\/"]}]},{"@type":"ImageObject","inLanguage":"de","@id":"https:\/\/chemsxpress.com\/product\/buy-4-ho-mcpt\/#primaryimage","url":"https:\/\/chemsxpress.com\/wp-content\/uploads\/2024\/04\/4-HO-MiPT-1.jpg","contentUrl":"https:\/\/chemsxpress.com\/wp-content\/uploads\/2024\/04\/4-HO-MiPT-1.jpg","width":600,"height":600,"caption":"Buy 4-HO-MCPT"},{"@type":"BreadcrumbList","@id":"https:\/\/chemsxpress.com\/product\/buy-4-ho-mcpt\/#breadcrumb","itemListElement":[{"@type":"ListItem","position":1,"name":"Home","item":"https:\/\/chemsxpress.com\/"},{"@type":"ListItem","position":2,"name":"Shop","item":"https:\/\/chemsxpress.com\/shop\/"},{"@type":"ListItem","position":3,"name":"4-HO-MCPT"}]},{"@type":"WebSite","@id":"https:\/\/chemsxpress.com\/#website","url":"https:\/\/chemsxpress.com\/","name":"MDPHP EINKAUFEN","description":"MDPHP freebase von einem zuverl\u00e4ssigen Anbieter kaufen","potentialAction":[{"@type":"SearchAction","target":{"@type":"EntryPoint","urlTemplate":"https:\/\/chemsxpress.com\/?s={search_term_string}"},"query-input":{"@type":"PropertyValueSpecification","valueRequired":true,"valueName":"search_term_string"}}],"inLanguage":"de"}]}},"jetpack_sharing_enabled":true,"_links":{"self":[{"href":"https:\/\/chemsxpress.com\/de\/wp-json\/wp\/v2\/product\/29300","targetHints":{"allow":["GET"]}}],"collection":[{"href":"https:\/\/chemsxpress.com\/de\/wp-json\/wp\/v2\/product"}],"about":[{"href":"https:\/\/chemsxpress.com\/de\/wp-json\/wp\/v2\/types\/product"}],"replies":[{"embeddable":true,"href":"https:\/\/chemsxpress.com\/de\/wp-json\/wp\/v2\/comments?post=29300"}],"version-history":[{"count":4,"href":"https:\/\/chemsxpress.com\/de\/wp-json\/wp\/v2\/product\/29300\/revisions"}],"predecessor-version":[{"id":29993,"href":"https:\/\/chemsxpress.com\/de\/wp-json\/wp\/v2\/product\/29300\/revisions\/29993"}],"wp:featuredmedia":[{"embeddable":true,"href":"https:\/\/chemsxpress.com\/de\/wp-json\/wp\/v2\/media\/29322"}],"wp:attachment":[{"href":"https:\/\/chemsxpress.com\/de\/wp-json\/wp\/v2\/media?parent=29300"}],"wp:term":[{"taxonomy":"product_brand","embeddable":true,"href":"https:\/\/chemsxpress.com\/de\/wp-json\/wp\/v2\/product_brand?post=29300"},{"taxonomy":"product_cat","embeddable":true,"href":"https:\/\/chemsxpress.com\/de\/wp-json\/wp\/v2\/product_cat?post=29300"},{"taxonomy":"product_tag","embeddable":true,"href":"https:\/\/chemsxpress.com\/de\/wp-json\/wp\/v2\/product_tag?post=29300"}],"curies":[{"name":"wp","href":"https:\/\/api.w.org\/{rel}","templated":true}]}}