{"id":29301,"date":"2024-04-29T13:21:21","date_gmt":"2024-04-29T13:21:21","guid":{"rendered":"https:\/\/chemsxpress.com\/?post_type=product&#038;p=29301"},"modified":"2025-05-26T19:08:25","modified_gmt":"2025-05-26T19:08:25","slug":"4-ho-malz-kaufen","status":"publish","type":"product","link":"https:\/\/chemsxpress.com\/de\/produkt\/4-ho-malz-kaufen\/","title":{"rendered":"4-ACO-MALT"},"content":{"rendered":"<h2><strong>4-HO-MALT KAUFEN<\/strong><\/h2>\n<p>Kaufen 4-HO-MALT, auch bekannt als 4-Acetoxy-MALT, ist eine relativ seltene Substanz aus der Klasse der Tryptamine und \u00e4hnelt 4-Acetoxy-DMT und 5-MeO-MALT. Die molekulare Struktur und die pharmakologischen Wirkungen von 4-HO-MALT \u00e4hneln in gewisser Weise denen des Tryptamins Psilocin, der prim\u00e4ren psychoaktiven Chemikalie in Magic Mushrooms. Psilocybin-Pilze, besser bekannt als Magic Mushrooms, psychedelische Pilze, Zauberpilze und Shrooms, sind eine Familie psychoaktiver Pilze, die Psilocybin enthalten, eine psychedelische Klasse von Tryptaminen. Psilocin ist eine nat\u00fcrlich vorkommende psychedelische Substanz und der wichtigste psychoaktive Bestandteil in bestimmten Pilzarten. Psilocybin-Pilze kommen auf allen Kontinenten vor und werden in mehr als 200 Arten unterteilt.<\/p>\n<p>&nbsp;<\/p>\n<h2><strong>WIE VERWENDET MAN 4-HO-MALZ-PULVER?<\/strong><\/h2>\n<p>Kaufen Sie 4-HO-MALT und eines der besten psychedelischen Tryptamine online in h\u00f6chster Qualit\u00e4t in Pulverform. 4-HO-MALT ist in den Mengen 0,25gr, 0,5gr, 1gr und 2gr erh\u00e4ltlich. Achten Sie darauf, das 4-HO-MALT Pulver an einem trockenen und k\u00fchlen Ort zu lagern, um eine maximale Haltbarkeit zu gew\u00e4hrleisten. Achten Sie beim Umgang mit Forschungschemikalien darauf, dass Sie im Labor immer die entsprechenden Vorsichtsma\u00dfnahmen treffen, wie das Abwischen von Oberfl\u00e4chen und das Tragen von Handschuhen, einer Maske und Schutzkleidung. Wir raten dringend dazu, bei der Verwendung von Forschungschemikalien Ma\u00dfnahmen zur Schadensbegrenzung zu ergreifen.<\/p>\n<p>&nbsp;<\/p>\n<h2><strong>DEFINITION 4-HO-MALT<\/strong><\/h2>\n<p>Die Definition von 4-HO-MALT ist offiziell als 4-Acetoxy-MALT bekannt und ist eine relativ seltene Substanz aus der Klasse der Tryptamine.<\/p>\n<p>&nbsp;<\/p>\n<h2><strong>CHEMIE HINTERGRUNDINFORMATIONEN 4-HO-MALT<\/strong><\/h2>\n<p>4-HO-MALT ist \u00e4hnlich wie 4-Acetoxy-DMT und 5-MeO-MALT. Die molekulare Struktur und die pharmakologischen Wirkungen von 4-Acetoxy-MALT \u00e4hneln in gewisser Weise denen des Tryptamins Psilocin, der prim\u00e4ren psychoaktiven Chemikalie in Magic Mushrooms. Psilocybin ist chemisch mit der Aminos\u00e4ure Tryptophan verwandt und strukturell mit dem Neurotransmitter Serotonin verwandt. Substanzen aus der Klasse der Tryptamine haben einen gemeinsamen Kern aus einem bicyclischen Indolzyklus.<\/p>\n<p>&nbsp;<\/p>\n<h2><strong>WO MAN 4-HO-MALZ KAUFEN KANN<\/strong><\/h2>\n<p>4-HO-MALT k\u00f6nnen Sie hier auf der<a href=\"https:\/\/chemsxpress.com\/de\/\"> ChemsXpress<\/a> Website. Wir verkaufen 4-HO-MALT in Premium-Qualit\u00e4t, in der Regel in Pulverform. Wir haben jedoch oft auch andere Substanzformen zur Verf\u00fcgung, also z\u00f6gern Sie nicht, uns zu kontaktieren, um zu sehen, ob wir Ihre bevorzugte Substanzform auf Lager haben. Sie m\u00fcssen mindestens 18 Jahre alt sein, um 4-HO-MALT bei uns zu kaufen.<\/p>","protected":false},"excerpt":{"rendered":"<p><strong>IUPAC-Name: <\/strong>3-(2-(Allyl(methyl)amino)ethyl)-1H-indol-4-yl-acetat<\/p>\n<p><strong>Anderer Name: <\/strong>4-Acetoxy-MALT<\/p>\n<p><strong>NMR-Analyse: <\/strong>C16H20N2O2<\/p>","protected":false},"featured_media":29324,"comment_status":"open","ping_status":"closed","template":"","meta":[],"product_brand":[],"product_cat":[92],"product_tag":[],"class_list":{"0":"post-29301","1":"product","2":"type-product","3":"status-publish","4":"has-post-thumbnail","6":"product_cat-tryptamines","8":"first","9":"instock","10":"shipping-taxable","11":"purchasable","12":"product-type-variable"},"yoast_head":"<!-- This site is optimized with the Yoast SEO Premium plugin v24.1 (Yoast SEO v27.4) - https:\/\/yoast.com\/product\/yoast-seo-premium-wordpress\/ -->\n<title>Buy 4-HO-MALT Online: Premium Quality Research Chemicals<\/title>\n<meta name=\"description\" content=\"Buy 4-HO-MALT from ChemsXpress. Explore our premium selection of research chemicals, shipped quickly and discreetly. Best Prices you can get.\" \/>\n<meta name=\"robots\" content=\"index, follow, max-snippet:-1, max-image-preview:large, max-video-preview:-1\" \/>\n<link rel=\"canonical\" href=\"https:\/\/chemsxpress.com\/de\/produkt\/4-ho-malz-kaufen\/\" \/>\n<meta property=\"og:locale\" content=\"de_DE\" \/>\n<meta property=\"og:type\" content=\"article\" \/>\n<meta property=\"og:title\" content=\"4-ACO-MALT\" \/>\n<meta property=\"og:description\" content=\"Buy 4-HO-MALT from ChemsXpress. Explore our premium selection of research chemicals, shipped quickly and discreetly. Best Prices you can get.\" \/>\n<meta property=\"og:url\" content=\"https:\/\/chemsxpress.com\/de\/produkt\/4-ho-malz-kaufen\/\" \/>\n<meta property=\"og:site_name\" content=\"SHOP MDPHP\" \/>\n<meta property=\"article:modified_time\" content=\"2025-05-26T19:08:25+00:00\" \/>\n<meta property=\"og:image\" content=\"https:\/\/chemsxpress.com\/wp-content\/uploads\/2024\/04\/4-ACO-MALT.jpg\" \/>\n\t<meta property=\"og:image:width\" content=\"600\" \/>\n\t<meta property=\"og:image:height\" content=\"600\" \/>\n\t<meta property=\"og:image:type\" content=\"image\/jpeg\" \/>\n<meta name=\"twitter:card\" content=\"summary_large_image\" \/>\n<meta name=\"twitter:label1\" content=\"Gesch\u00e4tzte Lesezeit\" \/>\n\t<meta name=\"twitter:data1\" content=\"2\u00a0Minuten\" \/>\n<script type=\"application\/ld+json\" class=\"yoast-schema-graph\">{\"@context\":\"https:\\\/\\\/schema.org\",\"@graph\":[{\"@type\":\"WebPage\",\"@id\":\"https:\\\/\\\/chemsxpress.com\\\/product\\\/buy-4-ho-malt\\\/\",\"url\":\"https:\\\/\\\/chemsxpress.com\\\/product\\\/buy-4-ho-malt\\\/\",\"name\":\"Buy 4-HO-MALT Online: Premium Quality Research Chemicals\",\"isPartOf\":{\"@id\":\"https:\\\/\\\/chemsxpress.com\\\/#website\"},\"primaryImageOfPage\":{\"@id\":\"https:\\\/\\\/chemsxpress.com\\\/product\\\/buy-4-ho-malt\\\/#primaryimage\"},\"image\":{\"@id\":\"https:\\\/\\\/chemsxpress.com\\\/product\\\/buy-4-ho-malt\\\/#primaryimage\"},\"thumbnailUrl\":\"https:\\\/\\\/chemsxpress.com\\\/wp-content\\\/uploads\\\/2024\\\/04\\\/4-ACO-MALT.jpg\",\"datePublished\":\"2024-04-29T13:21:21+00:00\",\"dateModified\":\"2025-05-26T19:08:25+00:00\",\"description\":\"Buy 4-HO-MALT from ChemsXpress. Explore our premium selection of research chemicals, shipped quickly and discreetly. Best Prices you can get.\",\"breadcrumb\":{\"@id\":\"https:\\\/\\\/chemsxpress.com\\\/product\\\/buy-4-ho-malt\\\/#breadcrumb\"},\"inLanguage\":\"de\",\"potentialAction\":[{\"@type\":\"ReadAction\",\"target\":[\"https:\\\/\\\/chemsxpress.com\\\/product\\\/buy-4-ho-malt\\\/\"]}]},{\"@type\":\"ImageObject\",\"inLanguage\":\"de\",\"@id\":\"https:\\\/\\\/chemsxpress.com\\\/product\\\/buy-4-ho-malt\\\/#primaryimage\",\"url\":\"https:\\\/\\\/chemsxpress.com\\\/wp-content\\\/uploads\\\/2024\\\/04\\\/4-ACO-MALT.jpg\",\"contentUrl\":\"https:\\\/\\\/chemsxpress.com\\\/wp-content\\\/uploads\\\/2024\\\/04\\\/4-ACO-MALT.jpg\",\"width\":600,\"height\":600,\"caption\":\"Buy 4-HO-MALT\"},{\"@type\":\"BreadcrumbList\",\"@id\":\"https:\\\/\\\/chemsxpress.com\\\/product\\\/buy-4-ho-malt\\\/#breadcrumb\",\"itemListElement\":[{\"@type\":\"ListItem\",\"position\":1,\"name\":\"Home\",\"item\":\"https:\\\/\\\/chemsxpress.com\\\/\"},{\"@type\":\"ListItem\",\"position\":2,\"name\":\"Shop\",\"item\":\"https:\\\/\\\/chemsxpress.com\\\/shop\\\/\"},{\"@type\":\"ListItem\",\"position\":3,\"name\":\"4-ACO-MALT\"}]},{\"@type\":\"WebSite\",\"@id\":\"https:\\\/\\\/chemsxpress.com\\\/#website\",\"url\":\"https:\\\/\\\/chemsxpress.com\\\/\",\"name\":\"SHOP MDPHP\",\"description\":\"Buy MDPHP freebase from reliable supplier\",\"potentialAction\":[{\"@type\":\"SearchAction\",\"target\":{\"@type\":\"EntryPoint\",\"urlTemplate\":\"https:\\\/\\\/chemsxpress.com\\\/?s={search_term_string}\"},\"query-input\":{\"@type\":\"PropertyValueSpecification\",\"valueRequired\":true,\"valueName\":\"search_term_string\"}}],\"inLanguage\":\"de\"}]}<\/script>\n<!-- \/ Yoast SEO Premium plugin. -->","yoast_head_json":{"title":"Kaufen Sie 4-HO-MALT online: Hochwertige Forschungschemikalien","description":"Kaufen Sie 4-HO-MALZ bei ChemsXpress. Entdecken Sie unsere erstklassige Auswahl an Forschungschemikalien, die schnell und diskret versendet werden. Die besten Preise, die Sie bekommen k\u00f6nnen.","robots":{"index":"index","follow":"follow","max-snippet":"max-snippet:-1","max-image-preview":"max-image-preview:large","max-video-preview":"max-video-preview:-1"},"canonical":"https:\/\/chemsxpress.com\/de\/produkt\/4-ho-malz-kaufen\/","og_locale":"de_DE","og_type":"article","og_title":"4-ACO-MALT","og_description":"Buy 4-HO-MALT from ChemsXpress. Explore our premium selection of research chemicals, shipped quickly and discreetly. Best Prices you can get.","og_url":"https:\/\/chemsxpress.com\/de\/produkt\/4-ho-malz-kaufen\/","og_site_name":"SHOP MDPHP","article_modified_time":"2025-05-26T19:08:25+00:00","og_image":[{"width":600,"height":600,"url":"https:\/\/chemsxpress.com\/wp-content\/uploads\/2024\/04\/4-ACO-MALT.jpg","type":"image\/jpeg"}],"twitter_card":"summary_large_image","twitter_misc":{"Gesch\u00e4tzte Lesezeit":"2\u00a0Minuten"},"schema":{"@context":"https:\/\/schema.org","@graph":[{"@type":"WebPage","@id":"https:\/\/chemsxpress.com\/product\/buy-4-ho-malt\/","url":"https:\/\/chemsxpress.com\/product\/buy-4-ho-malt\/","name":"Kaufen Sie 4-HO-MALT online: Hochwertige Forschungschemikalien","isPartOf":{"@id":"https:\/\/chemsxpress.com\/#website"},"primaryImageOfPage":{"@id":"https:\/\/chemsxpress.com\/product\/buy-4-ho-malt\/#primaryimage"},"image":{"@id":"https:\/\/chemsxpress.com\/product\/buy-4-ho-malt\/#primaryimage"},"thumbnailUrl":"https:\/\/chemsxpress.com\/wp-content\/uploads\/2024\/04\/4-ACO-MALT.jpg","datePublished":"2024-04-29T13:21:21+00:00","dateModified":"2025-05-26T19:08:25+00:00","description":"Kaufen Sie 4-HO-MALZ bei ChemsXpress. Entdecken Sie unsere erstklassige Auswahl an Forschungschemikalien, die schnell und diskret versendet werden. Die besten Preise, die Sie bekommen k\u00f6nnen.","breadcrumb":{"@id":"https:\/\/chemsxpress.com\/product\/buy-4-ho-malt\/#breadcrumb"},"inLanguage":"de","potentialAction":[{"@type":"ReadAction","target":["https:\/\/chemsxpress.com\/product\/buy-4-ho-malt\/"]}]},{"@type":"ImageObject","inLanguage":"de","@id":"https:\/\/chemsxpress.com\/product\/buy-4-ho-malt\/#primaryimage","url":"https:\/\/chemsxpress.com\/wp-content\/uploads\/2024\/04\/4-ACO-MALT.jpg","contentUrl":"https:\/\/chemsxpress.com\/wp-content\/uploads\/2024\/04\/4-ACO-MALT.jpg","width":600,"height":600,"caption":"Buy 4-HO-MALT"},{"@type":"BreadcrumbList","@id":"https:\/\/chemsxpress.com\/product\/buy-4-ho-malt\/#breadcrumb","itemListElement":[{"@type":"ListItem","position":1,"name":"Home","item":"https:\/\/chemsxpress.com\/"},{"@type":"ListItem","position":2,"name":"Shop","item":"https:\/\/chemsxpress.com\/shop\/"},{"@type":"ListItem","position":3,"name":"4-ACO-MALT"}]},{"@type":"WebSite","@id":"https:\/\/chemsxpress.com\/#website","url":"https:\/\/chemsxpress.com\/","name":"MDPHP EINKAUFEN","description":"MDPHP freebase von einem zuverl\u00e4ssigen Anbieter kaufen","potentialAction":[{"@type":"SearchAction","target":{"@type":"EntryPoint","urlTemplate":"https:\/\/chemsxpress.com\/?s={search_term_string}"},"query-input":{"@type":"PropertyValueSpecification","valueRequired":true,"valueName":"search_term_string"}}],"inLanguage":"de"}]}},"jetpack_sharing_enabled":true,"_links":{"self":[{"href":"https:\/\/chemsxpress.com\/de\/wp-json\/wp\/v2\/product\/29301","targetHints":{"allow":["GET"]}}],"collection":[{"href":"https:\/\/chemsxpress.com\/de\/wp-json\/wp\/v2\/product"}],"about":[{"href":"https:\/\/chemsxpress.com\/de\/wp-json\/wp\/v2\/types\/product"}],"replies":[{"embeddable":true,"href":"https:\/\/chemsxpress.com\/de\/wp-json\/wp\/v2\/comments?post=29301"}],"version-history":[{"count":3,"href":"https:\/\/chemsxpress.com\/de\/wp-json\/wp\/v2\/product\/29301\/revisions"}],"predecessor-version":[{"id":29579,"href":"https:\/\/chemsxpress.com\/de\/wp-json\/wp\/v2\/product\/29301\/revisions\/29579"}],"wp:featuredmedia":[{"embeddable":true,"href":"https:\/\/chemsxpress.com\/de\/wp-json\/wp\/v2\/media\/29324"}],"wp:attachment":[{"href":"https:\/\/chemsxpress.com\/de\/wp-json\/wp\/v2\/media?parent=29301"}],"wp:term":[{"taxonomy":"product_brand","embeddable":true,"href":"https:\/\/chemsxpress.com\/de\/wp-json\/wp\/v2\/product_brand?post=29301"},{"taxonomy":"product_cat","embeddable":true,"href":"https:\/\/chemsxpress.com\/de\/wp-json\/wp\/v2\/product_cat?post=29301"},{"taxonomy":"product_tag","embeddable":true,"href":"https:\/\/chemsxpress.com\/de\/wp-json\/wp\/v2\/product_tag?post=29301"}],"curies":[{"name":"wp","href":"https:\/\/api.w.org\/{rel}","templated":true}]}}