{"id":29302,"date":"2024-04-29T13:21:21","date_gmt":"2024-04-29T13:21:21","guid":{"rendered":"https:\/\/chemsxpress.com\/?post_type=product&#038;p=29302"},"modified":"2024-07-04T21:57:56","modified_gmt":"2024-07-04T21:57:56","slug":"5-meo-mipt-kaufen","status":"publish","type":"product","link":"https:\/\/chemsxpress.com\/de\/produkt\/5-meo-mipt-kaufen\/","title":{"rendered":"5-MeO-MiPT"},"content":{"rendered":"<h1><strong>5-MEO-MIPT KAUFEN<\/strong><\/h1>\n<p>Kaufen Sie 5-MeO-MiPT, auch bekannt als 5-Methoxy-N-Methyl-N-Isopropyltryptamin und Moxy, ist ein weniger bekanntes Psychedelikum aus der Klasse der Tryptamine. 5-MeO-MiPT ist strukturell mit anderen Tryptaminen wie 5-MeO-DMT und 5-MeO-DiPT verwandt.  Im Vergleich zu Lysergs\u00e4urediethylamid und Psilocin ist es ungew\u00f6hnlich, aber es existiert bereits seit einigen Jahrzehnten. 5-MeO-MiPT bewirkt, dass sich das Ehrlich-Reagenz violett f\u00e4rbt und dann zu einem schwachen Blau verblasst. Das Marquis-Reagenz f\u00e4rbt sich gelb bis hin zu schwarz. Man nimmt an, dass die psychoaktiven Forschungsergebnisse von der Aktivit\u00e4t an den Serotoninrezeptoren herr\u00fchren.<\/p>\n<p>Die Synthese von 5-MeO-MiPT wurde erstmals 1985 von David Repke und Alexander Shulgin berichtet und in Shulgins Buch TiHKAL \"Tryptamine, die ich kannte und liebte\" beschrieben.<\/p>\n<p>In Forschungsberichten wird die Wirkung von 5-MeO-MiPT als stark stimulierend und leicht entaktogen beschrieben, wobei die typischen psychedelischen Wirkungen fehlen. \u00dcber 5-MeO-MiPT ist nur sehr wenig bekannt, und es hat eine begrenzte Geschichte auf dem Markt f\u00fcr Forschungschemikalien. Wir empfehlen dringend, bei der Erforschung dieser Substanz Praktiken zur Schadensbegrenzung anzuwenden.<\/p>\n<p>&nbsp;<\/p>\n<h2><strong>WIE VERWENDET MAN 5-MEO-MIPT PULVER UND PELLETS?<\/strong><\/h2>\n<p>Bei Realchems k\u00f6nnen Sie kaufen\u00a0<a href=\"https:\/\/chemsxpress.com\/de\/produktkategorie\/forschungschemikalien\/\">5-MeO-MIPT\u00a0<\/a>online in Form von Pulver und Pellets von h\u00f6chster Qualit\u00e4t. Kaufen Sie 5-MeO-MIPT Pulver in Mengen von 0,25gr, 0,5gr, 1gr, und 2gr oder kaufen Sie 5-MeO-MIPT Pellets in Mengen von 1-25. Bewahren Sie 5-MeO-MIPT-Pulver oder -Granulat an einem trockenen und k\u00fchlen Ort auf, um eine maximale Haltbarkeit zu gew\u00e4hrleisten. Achten Sie beim Umgang mit Forschungschemikalien darauf, dass Sie im Labor immer die richtigen Vorsichtsma\u00dfnahmen treffen, z. B. Oberfl\u00e4chen abwischen und Handschuhe, eine Maske und Schutzkleidung tragen.<\/p>\n<p>&nbsp;<\/p>\n<h2><strong>DEFINITION 5-MEO-MIPT<\/strong><\/h2>\n<p>Die Definition von 5-MeO-MIPT ist offiziell als 5-Methoxy-N-methyl-N-isopropyltryptamin bekannt und wird allgemein als Moxy bezeichnet. Es handelt sich um ein weniger bekanntes Tryptamin, das strukturell mit 5-MeO-DMT und 5-MeO-DiPT verwandt ist.<\/p>\n<p>&nbsp;<\/p>\n<h2><strong>CHEMIE HINTERGRUNDINFORMATIONEN 5-MEO-MIPT<\/strong><\/h2>\n<p>5-MeO-MiPT \u00e4hnelt strukturell der bekannteren Substanz 5-MeO-DiPT, die auch als Foxy-Methoxy bekannt ist, weshalb 5-MeO-MiPT auch unter dem Spitznamen \"Moxy\" bekannt ist. 5-MeO-MiPT wurde erstmals 1985 von David Repke und Alexander Shulgin synthetisiert. Einige Forscher berichten von den typischen Wirkungen von 5-MeO-DiPT, ohne die unerw\u00fcnschten Folgen und viel psychedelischer als 5-MeO-DMT.<\/p>\n<p>Die Forscher gehen davon aus, dass 5-MeO-MiPT in erster Linie aufgrund eines 5-HT2A-Rezeptor-Agonismus wirkt. Es bindet am st\u00e4rksten an 5-HT1A-Rezeptoren; au\u00dferdem weist es eine recht starke Bindungsaffinit\u00e4t f\u00fcr SERT und NET auf und wirkt als m\u00e4\u00dfig starker Serotonin-Norepinephrin-Wiederaufnahmehemmer. \u00dcber 5-MeO-MiPT ist nur sehr wenig bekannt, und es hat eine kurze Geschichte auf dem Markt f\u00fcr Forschungschemikalien. Wir empfehlen dringend, bei der Untersuchung dieser Substanz Praktiken zur Schadensbegrenzung anzuwenden.<\/p>\n<p>&nbsp;<\/p>\n<h2><strong>WO MAN 5-MEO-MIPT KAUFEN KANN<\/strong><\/h2>\n<p>5-MeO-MIPT k\u00f6nnen Sie hier auf der <a href=\"https:\/\/chemsxpress.com\/de\/\">ChemsXpress<\/a>\u00a0Website. Wir verkaufen 5-MeO-MIPT in Premiumqualit\u00e4t, in der Regel als Pulver und Pellets. Wir haben jedoch oft auch andere Substanzformen zur Verf\u00fcgung, also z\u00f6gern Sie nicht, uns zu kontaktieren, um zu sehen, ob wir Ihre bevorzugte Substanzform auf Lager haben. Sie m\u00fcssen mindestens 18 Jahre alt sein, um 5-MeO-MIPT bei uns zu kaufen.<\/p>","protected":false},"excerpt":{"rendered":"<p><strong>IUPAC-Name: <\/strong>N-[2-(5-Methoxy-1H-indol-3-yl)ethyl]-N-methylpropan-2-amine<\/p>\n<p><strong>CAS # <\/strong>96096-55-8<\/p>\n<p><strong>Appearance: <\/strong>powder<\/p>\n<p><strong>Form: <\/strong>HCl<\/p>\n<p><strong>NMR Analysis: <\/strong>C15H22N2O<\/p>\n","protected":false},"featured_media":29326,"comment_status":"open","ping_status":"closed","template":"","meta":[],"product_brand":[],"product_cat":[92],"product_tag":[],"class_list":{"0":"post-29302","1":"product","2":"type-product","3":"status-publish","4":"has-post-thumbnail","6":"product_cat-tryptamines","8":"first","9":"instock","10":"shipping-taxable","11":"purchasable","12":"product-type-variable"},"yoast_head":"<!-- This site is optimized with the Yoast SEO Premium plugin v24.1 (Yoast SEO v27.3) - https:\/\/yoast.com\/product\/yoast-seo-premium-wordpress\/ -->\n<title>Buy 5-MeO-MiPT Online: Premium Quality Research Chemicals<\/title>\n<meta name=\"description\" content=\"Buy 5-MeO-MiPT at ChemsXpress. Premium research chemicals, fast shipping. Trust our quality assurance for all your research needs. Order no\" \/>\n<meta name=\"robots\" content=\"index, follow, max-snippet:-1, max-image-preview:large, max-video-preview:-1\" \/>\n<link rel=\"canonical\" href=\"https:\/\/chemsxpress.com\/de\/produkt\/5-meo-mipt-kaufen\/\" \/>\n<meta property=\"og:locale\" content=\"de_DE\" \/>\n<meta property=\"og:type\" content=\"article\" \/>\n<meta property=\"og:title\" content=\"5-MeO-MiPT\" \/>\n<meta property=\"og:description\" content=\"Buy 5-MeO-MiPT at ChemsXpress. Premium research chemicals, fast shipping. Trust our quality assurance for all your research needs. Order no\" \/>\n<meta property=\"og:url\" content=\"https:\/\/chemsxpress.com\/de\/produkt\/5-meo-mipt-kaufen\/\" \/>\n<meta property=\"og:site_name\" content=\"SHOP MDPHP\" \/>\n<meta property=\"article:modified_time\" content=\"2024-07-04T21:57:56+00:00\" \/>\n<meta property=\"og:image\" content=\"https:\/\/chemsxpress.com\/wp-content\/uploads\/2024\/04\/5-MeO-MiPT.jpg\" \/>\n\t<meta property=\"og:image:width\" content=\"600\" \/>\n\t<meta property=\"og:image:height\" content=\"600\" \/>\n\t<meta property=\"og:image:type\" content=\"image\/jpeg\" \/>\n<meta name=\"twitter:card\" content=\"summary_large_image\" \/>\n<meta name=\"twitter:label1\" content=\"Gesch\u00e4tzte Lesezeit\" \/>\n\t<meta name=\"twitter:data1\" content=\"3\u00a0Minuten\" \/>\n<script type=\"application\/ld+json\" class=\"yoast-schema-graph\">{\"@context\":\"https:\\\/\\\/schema.org\",\"@graph\":[{\"@type\":\"WebPage\",\"@id\":\"https:\\\/\\\/chemsxpress.com\\\/product\\\/buy-5-meo-mipt\\\/\",\"url\":\"https:\\\/\\\/chemsxpress.com\\\/product\\\/buy-5-meo-mipt\\\/\",\"name\":\"Buy 5-MeO-MiPT Online: Premium Quality Research Chemicals\",\"isPartOf\":{\"@id\":\"https:\\\/\\\/chemsxpress.com\\\/#website\"},\"primaryImageOfPage\":{\"@id\":\"https:\\\/\\\/chemsxpress.com\\\/product\\\/buy-5-meo-mipt\\\/#primaryimage\"},\"image\":{\"@id\":\"https:\\\/\\\/chemsxpress.com\\\/product\\\/buy-5-meo-mipt\\\/#primaryimage\"},\"thumbnailUrl\":\"https:\\\/\\\/chemsxpress.com\\\/wp-content\\\/uploads\\\/2024\\\/04\\\/5-MeO-MiPT.jpg\",\"datePublished\":\"2024-04-29T13:21:21+00:00\",\"dateModified\":\"2024-07-04T21:57:56+00:00\",\"description\":\"Buy 5-MeO-MiPT at ChemsXpress. Premium research chemicals, fast shipping. Trust our quality assurance for all your research needs. Order no\",\"breadcrumb\":{\"@id\":\"https:\\\/\\\/chemsxpress.com\\\/product\\\/buy-5-meo-mipt\\\/#breadcrumb\"},\"inLanguage\":\"de\",\"potentialAction\":[{\"@type\":\"ReadAction\",\"target\":[\"https:\\\/\\\/chemsxpress.com\\\/product\\\/buy-5-meo-mipt\\\/\"]}]},{\"@type\":\"ImageObject\",\"inLanguage\":\"de\",\"@id\":\"https:\\\/\\\/chemsxpress.com\\\/product\\\/buy-5-meo-mipt\\\/#primaryimage\",\"url\":\"https:\\\/\\\/chemsxpress.com\\\/wp-content\\\/uploads\\\/2024\\\/04\\\/5-MeO-MiPT.jpg\",\"contentUrl\":\"https:\\\/\\\/chemsxpress.com\\\/wp-content\\\/uploads\\\/2024\\\/04\\\/5-MeO-MiPT.jpg\",\"width\":600,\"height\":600,\"caption\":\"Buy 5-MeO-MiPT\"},{\"@type\":\"BreadcrumbList\",\"@id\":\"https:\\\/\\\/chemsxpress.com\\\/product\\\/buy-5-meo-mipt\\\/#breadcrumb\",\"itemListElement\":[{\"@type\":\"ListItem\",\"position\":1,\"name\":\"Home\",\"item\":\"https:\\\/\\\/chemsxpress.com\\\/\"},{\"@type\":\"ListItem\",\"position\":2,\"name\":\"Shop\",\"item\":\"https:\\\/\\\/chemsxpress.com\\\/shop\\\/\"},{\"@type\":\"ListItem\",\"position\":3,\"name\":\"5-MeO-MiPT\"}]},{\"@type\":\"WebSite\",\"@id\":\"https:\\\/\\\/chemsxpress.com\\\/#website\",\"url\":\"https:\\\/\\\/chemsxpress.com\\\/\",\"name\":\"SHOP MDPHP\",\"description\":\"Buy MDPHP freebase from reliable supplier\",\"potentialAction\":[{\"@type\":\"SearchAction\",\"target\":{\"@type\":\"EntryPoint\",\"urlTemplate\":\"https:\\\/\\\/chemsxpress.com\\\/?s={search_term_string}\"},\"query-input\":{\"@type\":\"PropertyValueSpecification\",\"valueRequired\":true,\"valueName\":\"search_term_string\"}}],\"inLanguage\":\"de\"}]}<\/script>\n<!-- \/ Yoast SEO Premium plugin. -->","yoast_head_json":{"title":"5-MeO-MiPT online kaufen: Premium Qualit\u00e4t Forschungschemikalien","description":"Kaufen Sie 5-MeO-MiPT bei ChemsXpress. Hochwertige Forschungschemikalien, schneller Versand. Vertrauen Sie unserer Qualit\u00e4tssicherung f\u00fcr Ihren gesamten Forschungsbedarf. Bestellung Nr.","robots":{"index":"index","follow":"follow","max-snippet":"max-snippet:-1","max-image-preview":"max-image-preview:large","max-video-preview":"max-video-preview:-1"},"canonical":"https:\/\/chemsxpress.com\/de\/produkt\/5-meo-mipt-kaufen\/","og_locale":"de_DE","og_type":"article","og_title":"5-MeO-MiPT","og_description":"Buy 5-MeO-MiPT at ChemsXpress. Premium research chemicals, fast shipping. Trust our quality assurance for all your research needs. Order no","og_url":"https:\/\/chemsxpress.com\/de\/produkt\/5-meo-mipt-kaufen\/","og_site_name":"SHOP MDPHP","article_modified_time":"2024-07-04T21:57:56+00:00","og_image":[{"width":600,"height":600,"url":"https:\/\/chemsxpress.com\/wp-content\/uploads\/2024\/04\/5-MeO-MiPT.jpg","type":"image\/jpeg"}],"twitter_card":"summary_large_image","twitter_misc":{"Gesch\u00e4tzte Lesezeit":"3\u00a0Minuten"},"schema":{"@context":"https:\/\/schema.org","@graph":[{"@type":"WebPage","@id":"https:\/\/chemsxpress.com\/product\/buy-5-meo-mipt\/","url":"https:\/\/chemsxpress.com\/product\/buy-5-meo-mipt\/","name":"5-MeO-MiPT online kaufen: Premium Qualit\u00e4t Forschungschemikalien","isPartOf":{"@id":"https:\/\/chemsxpress.com\/#website"},"primaryImageOfPage":{"@id":"https:\/\/chemsxpress.com\/product\/buy-5-meo-mipt\/#primaryimage"},"image":{"@id":"https:\/\/chemsxpress.com\/product\/buy-5-meo-mipt\/#primaryimage"},"thumbnailUrl":"https:\/\/chemsxpress.com\/wp-content\/uploads\/2024\/04\/5-MeO-MiPT.jpg","datePublished":"2024-04-29T13:21:21+00:00","dateModified":"2024-07-04T21:57:56+00:00","description":"Kaufen Sie 5-MeO-MiPT bei ChemsXpress. Hochwertige Forschungschemikalien, schneller Versand. Vertrauen Sie unserer Qualit\u00e4tssicherung f\u00fcr Ihren gesamten Forschungsbedarf. Bestellung Nr.","breadcrumb":{"@id":"https:\/\/chemsxpress.com\/product\/buy-5-meo-mipt\/#breadcrumb"},"inLanguage":"de","potentialAction":[{"@type":"ReadAction","target":["https:\/\/chemsxpress.com\/product\/buy-5-meo-mipt\/"]}]},{"@type":"ImageObject","inLanguage":"de","@id":"https:\/\/chemsxpress.com\/product\/buy-5-meo-mipt\/#primaryimage","url":"https:\/\/chemsxpress.com\/wp-content\/uploads\/2024\/04\/5-MeO-MiPT.jpg","contentUrl":"https:\/\/chemsxpress.com\/wp-content\/uploads\/2024\/04\/5-MeO-MiPT.jpg","width":600,"height":600,"caption":"Buy 5-MeO-MiPT"},{"@type":"BreadcrumbList","@id":"https:\/\/chemsxpress.com\/product\/buy-5-meo-mipt\/#breadcrumb","itemListElement":[{"@type":"ListItem","position":1,"name":"Home","item":"https:\/\/chemsxpress.com\/"},{"@type":"ListItem","position":2,"name":"Shop","item":"https:\/\/chemsxpress.com\/shop\/"},{"@type":"ListItem","position":3,"name":"5-MeO-MiPT"}]},{"@type":"WebSite","@id":"https:\/\/chemsxpress.com\/#website","url":"https:\/\/chemsxpress.com\/","name":"MDPHP EINKAUFEN","description":"MDPHP freebase von einem zuverl\u00e4ssigen Anbieter kaufen","potentialAction":[{"@type":"SearchAction","target":{"@type":"EntryPoint","urlTemplate":"https:\/\/chemsxpress.com\/?s={search_term_string}"},"query-input":{"@type":"PropertyValueSpecification","valueRequired":true,"valueName":"search_term_string"}}],"inLanguage":"de"}]}},"jetpack_sharing_enabled":true,"_links":{"self":[{"href":"https:\/\/chemsxpress.com\/de\/wp-json\/wp\/v2\/product\/29302","targetHints":{"allow":["GET"]}}],"collection":[{"href":"https:\/\/chemsxpress.com\/de\/wp-json\/wp\/v2\/product"}],"about":[{"href":"https:\/\/chemsxpress.com\/de\/wp-json\/wp\/v2\/types\/product"}],"replies":[{"embeddable":true,"href":"https:\/\/chemsxpress.com\/de\/wp-json\/wp\/v2\/comments?post=29302"}],"version-history":[{"count":4,"href":"https:\/\/chemsxpress.com\/de\/wp-json\/wp\/v2\/product\/29302\/revisions"}],"predecessor-version":[{"id":29995,"href":"https:\/\/chemsxpress.com\/de\/wp-json\/wp\/v2\/product\/29302\/revisions\/29995"}],"wp:featuredmedia":[{"embeddable":true,"href":"https:\/\/chemsxpress.com\/de\/wp-json\/wp\/v2\/media\/29326"}],"wp:attachment":[{"href":"https:\/\/chemsxpress.com\/de\/wp-json\/wp\/v2\/media?parent=29302"}],"wp:term":[{"taxonomy":"product_brand","embeddable":true,"href":"https:\/\/chemsxpress.com\/de\/wp-json\/wp\/v2\/product_brand?post=29302"},{"taxonomy":"product_cat","embeddable":true,"href":"https:\/\/chemsxpress.com\/de\/wp-json\/wp\/v2\/product_cat?post=29302"},{"taxonomy":"product_tag","embeddable":true,"href":"https:\/\/chemsxpress.com\/de\/wp-json\/wp\/v2\/product_tag?post=29302"}],"curies":[{"name":"wp","href":"https:\/\/api.w.org\/{rel}","templated":true}]}}